{"id":189,"date":"2025-05-17T00:21:19","date_gmt":"2025-05-17T00:21:19","guid":{"rendered":"https:\/\/oddsium.wpenginepowered.com\/co\/?page_id=189"},"modified":"2025-09-14T20:10:23","modified_gmt":"2025-09-14T20:10:23","slug":"futbol","status":"publish","type":"page","link":"https:\/\/oddsium.com\/ar\/apuestas-deportivas\/futbol\/","title":{"rendered":"Apuestas en F\u00fatbol"},"content":{"rendered":"\n<p>El f\u00fatbol es el deporte que mueve a toda Argentina. Desde la esquina del barrio hasta la Bombonera o el Monumental, todos lo viven con pasi\u00f3n. Apostar en f\u00fatbol ac\u00e1 no es solo ver qui\u00e9n gana. Es meterse en un mundo lleno de mercados y estad\u00edsticas que pueden hacerte ganar en serio. Para llevarse la guita, hay que estudiar a los t\u00e9cnicos, analizar a los rivales y ver las formaciones. Tambi\u00e9n hay que tener en cuenta todo lo que pasa dentro y fuera de la cancha. As\u00ed, vas a poder apostar con cabeza y aumentar tus chances.<\/p>\n\n\n\n<p>Con Oddsium vas a tener la data que necesit\u00e1s para entender el f\u00fatbol, comparar cuotas y aprovechar cada partido. <\/p>\n\n\n\n<div id=\"ez-toc-container\" class=\"ez-toc-v2_0_81 counter-hierarchy ez-toc-counter ez-toc-grey ez-toc-container-direction\">\n<div class=\"ez-toc-title-container\">\n<p class=\"ez-toc-title\" style=\"cursor:inherit\">Table of Contents<\/p>\n<span class=\"ez-toc-title-toggle\"><a href=\"#\" class=\"ez-toc-pull-right ez-toc-btn ez-toc-btn-xs ez-toc-btn-default ez-toc-toggle\" aria-label=\"Toggle Table of Content\"><span class=\"ez-toc-js-icon-con\"><span class=\"\"><span class=\"eztoc-hide\" style=\"display:none;\">Toggle<\/span><span class=\"ez-toc-icon-toggle-span\"><svg style=\"fill: #999;color:#999\" xmlns=\"http:\/\/www.w3.org\/2000\/svg\" class=\"list-377408\" width=\"20px\" height=\"20px\" viewBox=\"0 0 24 24\" fill=\"none\"><path d=\"M6 6H4v2h2V6zm14 0H8v2h12V6zM4 11h2v2H4v-2zm16 0H8v2h12v-2zM4 16h2v2H4v-2zm16 0H8v2h12v-2z\" fill=\"currentColor\"><\/path><\/svg><svg style=\"fill: #999;color:#999\" class=\"arrow-unsorted-368013\" xmlns=\"http:\/\/www.w3.org\/2000\/svg\" width=\"10px\" height=\"10px\" viewBox=\"0 0 24 24\" version=\"1.2\" baseProfile=\"tiny\"><path d=\"M18.2 9.3l-6.2-6.3-6.2 6.3c-.2.2-.3.4-.3.7s.1.5.3.7c.2.2.4.3.7.3h11c.3 0 .5-.1.7-.3.2-.2.3-.5.3-.7s-.1-.5-.3-.7zM5.8 14.7l6.2 6.3 6.2-6.3c.2-.2.3-.5.3-.7s-.1-.5-.3-.7c-.2-.2-.4-.3-.7-.3h-11c-.3 0-.5.1-.7.3-.2.2-.3.5-.3.7s.1.5.3.7z\"\/><\/svg><\/span><\/span><\/span><\/a><\/span><\/div>\n<nav><ul class='ez-toc-list ez-toc-list-level-1 ' ><li class='ez-toc-page-1 ez-toc-heading-level-2'><a class=\"ez-toc-link ez-toc-heading-1\" href=\"https:\/\/oddsium.com\/ar\/apuestas-deportivas\/futbol\/#mejores-plataformas-para-apostar-en-futbol-en-argentina\" >Mejores plataformas para apostar en f\u00fatbol en Argentina<\/a><\/li><li class='ez-toc-page-1 ez-toc-heading-level-2'><a class=\"ez-toc-link ez-toc-heading-2\" href=\"https:\/\/oddsium.com\/ar\/apuestas-deportivas\/futbol\/#mercados-para-aprovechar-en-futbol\" >Mercados para aprovechar en f\u00fatbol<\/a><\/li><li class='ez-toc-page-1 ez-toc-heading-level-2'><a class=\"ez-toc-link ez-toc-heading-3\" href=\"https:\/\/oddsium.com\/ar\/apuestas-deportivas\/futbol\/#torneos-que-mas-mueven-apuestas-en-argentina\" >Torneos que m\u00e1s mueven apuestas en Argentina<\/a><\/li><li class='ez-toc-page-1 ez-toc-heading-level-2'><a class=\"ez-toc-link ez-toc-heading-4\" href=\"https:\/\/oddsium.com\/ar\/apuestas-deportivas\/futbol\/#estrategias-para-apostar-en-futbol\" >Estrategias para apostar en f\u00fatbol<\/a><\/li><li class='ez-toc-page-1 ez-toc-heading-level-2'><a class=\"ez-toc-link ez-toc-heading-5\" href=\"https:\/\/oddsium.com\/ar\/apuestas-deportivas\/futbol\/#promos-que-no-podes-dejar-pasar-en-partidos-de-futbol\" >Promos que no pod\u00e9s dejar pasar en partidos de f\u00fatbol<\/a><\/li><li class='ez-toc-page-1 ez-toc-heading-level-2'><a class=\"ez-toc-link ez-toc-heading-6\" href=\"https:\/\/oddsium.com\/ar\/apuestas-deportivas\/futbol\/#oddsium-tu-aliado-en-las-apuestas-de-futbol\" >Oddsium: tu aliado en las apuestas de f\u00fatbol<\/a><\/li><li class='ez-toc-page-1 ez-toc-heading-level-2'><a class=\"ez-toc-link ez-toc-heading-7\" href=\"https:\/\/oddsium.com\/ar\/apuestas-deportivas\/futbol\/#%f0%9f%8e%afconclusion\" >\ud83c\udfafconclusi\u00f3n<\/a><\/li><\/ul><\/nav><\/div>\n<h2 class=\"wp-block-heading\"><span class=\"ez-toc-section\" id=\"mejores-plataformas-para-apostar-en-futbol-en-argentina\"><\/span>Mejores plataformas para apostar en f\u00fatbol en Argentina<span class=\"ez-toc-section-end\"><\/span><\/h2>\n\n\n\n<p>Si quer\u00e9s apostar con confianza y variedad, estas son las casas que m\u00e1s la rompen:<\/p>\n\n\n\n<figure class=\"wp-block-table\"><table class=\"has-fixed-layout\"><thead><tr><th>Plataforma<\/th><th>Lo que las hace destacar<\/th><\/tr><\/thead><tbody><tr><td>Bet365<\/td><td>Promos copadas, cuotas competitivas y streaming en vivo.<\/td><\/tr><tr><td>Betsson<\/td><td>Bono de bienvenida, cashout y un mont\u00f3n de mercados para elegir.<\/td><\/tr><tr><td>BetWarrior<\/td><td>Promos constantes, pagos r\u00e1pidos y m\u00e9todos locales para depositar.<\/td><\/tr><tr><td>Bplay<\/td><td>Gran variedad de mercados y apuestas en vivo, app re f\u00e1cil de usar.<\/td><\/tr><tr><td>Oddsium<\/td><td>Comparador de cuotas en tiempo real para que siempre apuestes mejor.<\/td><\/tr><\/tbody><\/table><\/figure>\n\n\n\n<p><em>\ud83d\udccc Las cuotas y promos cambian todo el tiempo; con Oddsium siempre vas a estar un paso adelante.<\/em><\/p>\n\n\n\n<h2 class=\"wp-block-heading\"><span class=\"ez-toc-section\" id=\"mercados-para-aprovechar-en-futbol\"><\/span>Mercados para aprovechar en f\u00fatbol<span class=\"ez-toc-section-end\"><\/span><\/h2>\n\n\n\n<p>Si quer\u00e9s sacarle jugo a las apuestas, ten\u00e9 en cuenta estos mercados que mueven la aguja:<\/p>\n\n\n\n<p>\ud83c\udfc6&nbsp;<strong>Resultado final (1X2):<\/strong>&nbsp;La apuesta cl\u00e1sica a ganador, empate o derrota.<\/p>\n\n\n\n<p>\u26bd\ufe0f&nbsp;<strong>Goles totales (m\u00e1s\/menos):<\/strong>&nbsp;\u00bfSe van a hacer muchos goles o pocos?<\/p>\n\n\n\n<p>\ud83e\udd45&nbsp;<strong>Marcador exacto:<\/strong>&nbsp;Para los que se animan a predecir el resultado exacto.<\/p>\n\n\n\n<p>\ud83c\udfaf&nbsp;<strong>Apuestas especiales:<\/strong>&nbsp;Tarjetas, c\u00f3rners, penales, pr\u00f3ximo goleador.<\/p>\n\n\n\n<p>\ud83d\udd17&nbsp;<strong>Combinadas o parleys:<\/strong>&nbsp;Un\u00ed varias apuestas y multiplic\u00e1 ganancias.<\/p>\n\n\n\n<p>\u23f1\ufe0f&nbsp;<strong>En vivo:<\/strong>&nbsp;Ajust\u00e1 tu apuesta mientras el partido se juega.<\/p>\n\n\n\n<h2 class=\"wp-block-heading\"><span class=\"ez-toc-section\" id=\"torneos-que-mas-mueven-apuestas-en-argentina\"><\/span>Torneos que m\u00e1s mueven apuestas en Argentina<span class=\"ez-toc-section-end\"><\/span><\/h2>\n\n\n\n<p>Estos son los torneos que m\u00e1s pasi\u00f3n y apuestas generan en el pa\u00eds:<\/p>\n\n\n\n<p>\u2705<strong>Liga Profesional:<\/strong>&nbsp;El torneo local que todos siguen con pasi\u00f3n.<\/p>\n\n\n\n<p>\u2705<strong>Copa Libertadores:<\/strong>&nbsp;La gloria sudamericana que todos quieren.<\/p>\n\n\n\n<p>\u2705<strong>Premier League:<\/strong>&nbsp;Calidad y ritmo europeo que atrae a muchos.<\/p>\n\n\n\n<p>\u2705<strong>La Liga:<\/strong>&nbsp;Donde juegan las estrellas internacionales.<\/p>\n\n\n\n<p>\u2705<strong>Champions League:<\/strong>&nbsp;El torneo europeo m\u00e1s prestigioso.<\/p>\n\n\n\n<p>\u2705<strong>Bundesliga:<\/strong>&nbsp;F\u00fatbol ofensivo y estadios llenos.<\/p>\n\n\n\n<p>\u2705<strong>Serie A:<\/strong>&nbsp;Liga t\u00e1ctica y defensiva.<\/p>\n\n\n\n<p>\u2705<strong>Ligue 1:<\/strong>&nbsp;Cuna de talentos y figuras j\u00f3venes.<\/p>\n\n\n\n<h2 class=\"wp-block-heading\"><span class=\"ez-toc-section\" id=\"estrategias-para-apostar-en-futbol\"><\/span>Estrategias para apostar en f\u00fatbol<span class=\"ez-toc-section-end\"><\/span><\/h2>\n\n\n\n<figure class=\"wp-block-image size-large\"><img loading=\"lazy\" decoding=\"async\" width=\"1024\" height=\"726\" src=\"https:\/\/oddsium.com\/ar\/wp-content\/uploads\/sites\/22\/2025\/09\/atleta-jugando-al-futbol-en-Argentina-1-1024x726.jpg\" alt=\"\" class=\"wp-image-696\" srcset=\"https:\/\/oddsium.com\/ar\/wp-content\/uploads\/sites\/22\/2025\/09\/atleta-jugando-al-futbol-en-Argentina-1-1024x726.jpg 1024w, https:\/\/oddsium.com\/ar\/wp-content\/uploads\/sites\/22\/2025\/09\/atleta-jugando-al-futbol-en-Argentina-1-300x213.jpg 300w, https:\/\/oddsium.com\/ar\/wp-content\/uploads\/sites\/22\/2025\/09\/atleta-jugando-al-futbol-en-Argentina-1-768x545.jpg 768w, https:\/\/oddsium.com\/ar\/wp-content\/uploads\/sites\/22\/2025\/09\/atleta-jugando-al-futbol-en-Argentina-1-1536x1090.jpg 1536w, https:\/\/oddsium.com\/ar\/wp-content\/uploads\/sites\/22\/2025\/09\/atleta-jugando-al-futbol-en-Argentina-1.jpg 1748w\" sizes=\"auto, (max-width: 1024px) 100vw, 1024px\" \/><\/figure>\n\n\n\n<ul class=\"wp-block-list\">\n<li>Consult\u00e1 datos clave como goles, resultados recientes, rendimiento de local o visitante.<\/li>\n\n\n\n<li>Fijate en lesionados y sancionados, que pueden cambiar el partido.<\/li>\n\n\n\n<li>Revis\u00e1 las formaciones y posibles cambios t\u00e1cticos.<\/li>\n\n\n\n<li>Consider\u00e1 el clima, el estado del campo y hasta el \u00e1rbitro.<\/li>\n<\/ul>\n\n\n\n<p>Estos detalles te ayudan a evitar apuestas impulsivas y a apostar con criterio.<\/p>\n\n\n\n<h2 class=\"wp-block-heading\"><span class=\"ez-toc-section\" id=\"promos-que-no-podes-dejar-pasar-en-partidos-de-futbol\"><\/span>Promos que no pod\u00e9s dejar pasar en partidos de f\u00fatbol<span class=\"ez-toc-section-end\"><\/span><\/h2>\n\n\n\n<p>Las casas de apuestas tiran promos que pod\u00e9s aprovechar para jugar mejor:<\/p>\n\n\n\n<p>\ud83d\udd38&nbsp;<strong>Bonos de bienvenida:<\/strong>&nbsp;Para arrancar sin miedo.<\/p>\n\n\n\n<p>\ud83d\udd38<strong>Apuestas gratis:<\/strong>&nbsp;Para probar sin arriesgar.<\/p>\n\n\n\n<p>\ud83d\udd38<strong>Cuotas mejoradas:<\/strong>&nbsp;Para ganar m\u00e1s guita.<\/p>\n\n\n\n<p>\ud83d\udd38<strong>Cashout:<\/strong>&nbsp;Para retirar antes y asegurar ganancias o evitar p\u00e9rdidas.<\/p>\n\n\n\n<p>\ud83d\udd38<strong>Devoluci\u00f3n:<\/strong>&nbsp;Si el partido termina en empate.<\/p>\n\n\n\n<h2 class=\"wp-block-heading\"><span class=\"ez-toc-section\" id=\"oddsium-tu-aliado-en-las-apuestas-de-futbol\"><\/span>Oddsium: tu aliado en las apuestas de f\u00fatbol<span class=\"ez-toc-section-end\"><\/span><\/h2>\n\n\n\n<p>Con Oddsium ten\u00e9s todo lo que necesit\u00e1s para apostar como un experto:<\/p>\n\n\n\n<p>\ud83d\udcca Comparaci\u00f3n en tiempo real de cuotas entre las mejores casas.<\/p>\n\n\n\n<p>\ud83d\udd14 Alertas y notificaciones de promociones para que no te pierdas nada.<\/p>\n\n\n\n<p>\ud83d\udcc8 An\u00e1lisis y <a href=\"https:\/\/oddsium.com\/ar\/betting-predictions\/\" title=\"\">pron\u00f3sticos de apuestas en Argentina<\/a> actualizados para apostar con data.<\/p>\n\n\n\n<p>\ud83d\udcbb Interfaz amigable para apostar desde el celu o la compu.<\/p>\n\n\n\n<h2 class=\"wp-block-heading\"><span class=\"ez-toc-section\" id=\"%f0%9f%8e%afconclusion\"><\/span>\ud83c\udfafconclusi\u00f3n<span class=\"ez-toc-section-end\"><\/span><\/h2>\n\n\n\n<p>Las apuestas en f\u00fatbol est\u00e1n m\u00e1s vivas que nunca. Con Oddsium ten\u00e9s la mejor herramienta para sacar ventaja: desde elegir la plataforma ideal, conocer mercados y torneos, hasta hacer una <a href=\"https:\/\/oddsium.com\/ar\/cuotas\/comparacion-de-las-mejores-cuotas-de-futbol\/\" title=\"\">comparaci\u00f3n de las mejores cuotas de f\u00fatbol&nbsp;en Argentina<\/a> todo al alcance de tu mano. Pensamos en ti, para que vivas el f\u00fatbol con m\u00e1s emoci\u00f3n y, claro, con m\u00e1s ganancias. <br><\/p>\n","protected":false},"excerpt":{"rendered":"<p>El f\u00fatbol es el deporte que mueve a toda Argentina. Desde la esquina del barrio hasta la Bombonera o el Monumental, todos lo viven con pasi\u00f3n. Apostar en f\u00fatbol ac\u00e1 no es solo ver qui\u00e9n gana. Es meterse en un mundo lleno de mercados y estad\u00edsticas que pueden hacerte ganar en serio. Para llevarse la [&hellip;]<\/p>\n","protected":false},"author":8,"featured_media":451,"parent":88,"menu_order":0,"comment_status":"closed","ping_status":"closed","template":"sports.php","meta":{"_acf_changed":false,"om_disable_all_campaigns":false,"footnotes":""},"class_list":["post-189","page","type-page","status-publish","has-post-thumbnail","hentry"],"acf":[],"aioseo_notices":[],"_links":{"self":[{"href":"https:\/\/oddsium.com\/ar\/wp-json\/wp\/v2\/pages\/189","targetHints":{"allow":["GET"]}}],"collection":[{"href":"https:\/\/oddsium.com\/ar\/wp-json\/wp\/v2\/pages"}],"about":[{"href":"https:\/\/oddsium.com\/ar\/wp-json\/wp\/v2\/types\/page"}],"author":[{"embeddable":true,"href":"https:\/\/oddsium.com\/ar\/wp-json\/wp\/v2\/users\/8"}],"replies":[{"embeddable":true,"href":"https:\/\/oddsium.com\/ar\/wp-json\/wp\/v2\/comments?post=189"}],"version-history":[{"count":0,"href":"https:\/\/oddsium.com\/ar\/wp-json\/wp\/v2\/pages\/189\/revisions"}],"up":[{"embeddable":true,"href":"https:\/\/oddsium.com\/ar\/wp-json\/wp\/v2\/pages\/88"}],"wp:featuredmedia":[{"embeddable":true,"href":"https:\/\/oddsium.com\/ar\/wp-json\/wp\/v2\/media\/451"}],"wp:attachment":[{"href":"https:\/\/oddsium.com\/ar\/wp-json\/wp\/v2\/media?parent=189"}],"curies":[{"name":"wp","href":"https:\/\/api.w.org\/{rel}","templated":true}]}}