{"id":225,"date":"2025-05-22T08:32:37","date_gmt":"2025-05-22T08:32:37","guid":{"rendered":"https:\/\/oddsium.wpenginepowered.com\/co\/?page_id=225"},"modified":"2025-09-14T19:58:24","modified_gmt":"2025-09-14T19:58:24","slug":"mejores-sitios-de-apuestas-con-app-movil-en-argentina","status":"publish","type":"page","link":"https:\/\/oddsium.com\/ar\/casas-de-apuestas\/mejores-sitios-de-apuestas-con-app-movil-en-argentina\/","title":{"rendered":"Mejores sitios de apuestas con app m\u00f3vil en Argentina"},"content":{"rendered":"\n<p>La tecnolog\u00eda nos cambi\u00f3 la forma de apostar y las apps para el celular son las protagonistas de esta revoluci\u00f3n. Hoy apostar desde apps es lo m\u00e1s pr\u00e1ctico y copado que hay, porque pod\u00e9s hacerlo desde donde quieras y sin perder tiempo. Estas aplicaciones no solo te permiten meter guita en cualquier momento y lugar, sino que adem\u00e1s son re f\u00e1ciles de usar. Y eso sin contar todas las funciones que traen como apuestas en vivo, streaming y m\u00e1s, que hacen que la experiencia sea mucho m\u00e1s entretenida.<\/p>\n\n\n\n<p>En esta gu\u00eda de Oddsium te mostramos las mejores apps para apostar en Argentina con seguridad, promos y funciones en vivo.<\/p>\n\n\n\n<div id=\"ez-toc-container\" class=\"ez-toc-v2_0_81 counter-hierarchy ez-toc-counter ez-toc-grey ez-toc-container-direction\">\n<div class=\"ez-toc-title-container\">\n<p class=\"ez-toc-title\" style=\"cursor:inherit\">Table of Contents<\/p>\n<span class=\"ez-toc-title-toggle\"><a href=\"#\" class=\"ez-toc-pull-right ez-toc-btn ez-toc-btn-xs ez-toc-btn-default ez-toc-toggle\" aria-label=\"Toggle Table of Content\"><span class=\"ez-toc-js-icon-con\"><span class=\"\"><span class=\"eztoc-hide\" style=\"display:none;\">Toggle<\/span><span class=\"ez-toc-icon-toggle-span\"><svg style=\"fill: #999;color:#999\" xmlns=\"http:\/\/www.w3.org\/2000\/svg\" class=\"list-377408\" width=\"20px\" height=\"20px\" viewBox=\"0 0 24 24\" fill=\"none\"><path d=\"M6 6H4v2h2V6zm14 0H8v2h12V6zM4 11h2v2H4v-2zm16 0H8v2h12v-2zM4 16h2v2H4v-2zm16 0H8v2h12v-2z\" fill=\"currentColor\"><\/path><\/svg><svg style=\"fill: #999;color:#999\" class=\"arrow-unsorted-368013\" xmlns=\"http:\/\/www.w3.org\/2000\/svg\" width=\"10px\" height=\"10px\" viewBox=\"0 0 24 24\" version=\"1.2\" baseProfile=\"tiny\"><path d=\"M18.2 9.3l-6.2-6.3-6.2 6.3c-.2.2-.3.4-.3.7s.1.5.3.7c.2.2.4.3.7.3h11c.3 0 .5-.1.7-.3.2-.2.3-.5.3-.7s-.1-.5-.3-.7zM5.8 14.7l6.2 6.3 6.2-6.3c.2-.2.3-.5.3-.7s-.1-.5-.3-.7c-.2-.2-.4-.3-.7-.3h-11c-.3 0-.5.1-.7.3-.2.2-.3.5-.3.7s.1.5.3.7z\"\/><\/svg><\/span><\/span><\/span><\/a><\/span><\/div>\n<nav><ul class='ez-toc-list ez-toc-list-level-1 ' ><li class='ez-toc-page-1 ez-toc-heading-level-2'><a class=\"ez-toc-link ez-toc-heading-1\" href=\"https:\/\/oddsium.com\/ar\/casas-de-apuestas\/mejores-sitios-de-apuestas-con-app-movil-en-argentina\/#%c2%bfpor-que-usar-apps-de-apuestas-es-la-mejor-opcion\" >\u00bfPor qu\u00e9 usar apps de apuestas es la mejor opci\u00f3n?<\/a><\/li><li class='ez-toc-page-1 ez-toc-heading-level-2'><a class=\"ez-toc-link ez-toc-heading-2\" href=\"https:\/\/oddsium.com\/ar\/casas-de-apuestas\/mejores-sitios-de-apuestas-con-app-movil-en-argentina\/#estas-son-las-mejores-apps-de-apuestas-para-usar-en-argentina\" >estas son las mejores apps de apuestas para usar en Argentina<\/a><\/li><li class='ez-toc-page-1 ez-toc-heading-level-2'><a class=\"ez-toc-link ez-toc-heading-3\" href=\"https:\/\/oddsium.com\/ar\/casas-de-apuestas\/mejores-sitios-de-apuestas-con-app-movil-en-argentina\/#%c2%bfque-tenes-que-buscar-en-una-app-de-apuestas\" >\u00bfQu\u00e9 ten\u00e9s que buscar en una app de apuestas?<\/a><\/li><li class='ez-toc-page-1 ez-toc-heading-level-2'><a class=\"ez-toc-link ez-toc-heading-4\" href=\"https:\/\/oddsium.com\/ar\/casas-de-apuestas\/mejores-sitios-de-apuestas-con-app-movil-en-argentina\/#consejos-para-apostar-desde-apps-de-apuestas\" >Consejos para apostar desde apps de apuestas<\/a><\/li><li class='ez-toc-page-1 ez-toc-heading-level-2'><a class=\"ez-toc-link ez-toc-heading-5\" href=\"https:\/\/oddsium.com\/ar\/casas-de-apuestas\/mejores-sitios-de-apuestas-con-app-movil-en-argentina\/#%f0%9f%8e%afcomo-te-ayuda-oddsium\" >\ud83c\udfafC\u00f3mo te ayuda Oddsium<\/a><\/li><li class='ez-toc-page-1 ez-toc-heading-level-2'><a class=\"ez-toc-link ez-toc-heading-6\" href=\"https:\/\/oddsium.com\/ar\/casas-de-apuestas\/mejores-sitios-de-apuestas-con-app-movil-en-argentina\/#conclusion-apostar-desde-el-celu-nunca-fue-tan-facil\" >Conclusi\u00f3n: apostar desde el celu nunca fue tan f\u00e1cil<\/a><\/li><\/ul><\/nav><\/div>\n<h2 class=\"wp-block-heading\" id=\"por-qu-usar-apps-de-apuestas-en-el-celu\"><span class=\"ez-toc-section\" id=\"%c2%bfpor-que-usar-apps-de-apuestas-es-la-mejor-opcion\"><\/span>\u00bfPor qu\u00e9 usar apps de apuestas es la mejor opci\u00f3n?<span class=\"ez-toc-section-end\"><\/span><\/h2>\n\n\n\n<p>Apostar desde apps te da la libertad de jugar cuando quieras donde est\u00e9s. Las apps est\u00e1n hechas para que la experiencia sea sencilla, r\u00e1pida y segura. Aunque est\u00e9s arrancando en esto de las apuestas, vas a ver que son re f\u00e1ciles de usar. Adem\u00e1s, te llegan notificaciones, promos exclusivas y pod\u00e9s aprovechar funciones como apuestas en vivo y retiros r\u00e1pidos, todo en la palma de tu mano.<\/p>\n\n\n\n<h2 class=\"wp-block-heading\" id=\"las-mejores-apps-de-apuestas-para-el-celu-en-argen\"><span class=\"ez-toc-section\" id=\"estas-son-las-mejores-apps-de-apuestas-para-usar-en-argentina\"><\/span>estas son las mejores apps de apuestas para usar en Argentina<span class=\"ez-toc-section-end\"><\/span><\/h2>\n\n\n\n<p>Ya no hay vuelta atr\u00e1s: apostar desde el celular es lo que m\u00e1s se usa en Argentina. Las apps te ofrecen rapidez y, sobre todo, la comodidad de jugar donde quieras. Pod\u00e9s apostar desde casa, en la calle o donde gustes. Ac\u00e1 te dejamos las mejores apps para que uses si est\u00e1s en Argentina.<\/p>\n\n\n\n<figure class=\"wp-block-table\"><table class=\"has-fixed-layout\"><thead><tr><th>Casa de Apuestas con App m\u00f3vil<\/th><th>Provincias donde opera<\/th><th>Funciones Destacadas<\/th><\/tr><\/thead><tbody><tr><td><strong>Betsson<\/strong><\/td><td>Buenos Aires, CABA, C\u00f3rdoba<\/td><td>&#8211; Streaming en vivo con alta calidad <br>&#8211; Funci\u00f3n cashout para cerrar apuestas<br>&#8211; Apuestas en vivo con actualizaci\u00f3n r\u00e1pida de cuotas<\/td><\/tr><tr><td><strong>Bet365<\/strong><\/td><td>Buenos Aires, CABA<\/td><td>&#8211; Streaming en vivo disponible en la app y web<br>&#8211; Opci\u00f3n cashout para gestionar tus apuestas en tiempo real<br>&#8211; Amplia variedad de mercados para apuestas en vivo<\/td><\/tr><tr><td><strong>MelBet<\/strong><\/td><td>Buenos Aires<\/td><td>&#8211; Streaming en vivo para eventos destacados<br>&#8211; Apuestas en vivo con m\u00faltiples opciones<br>&#8211; Gran variedad de mercados internacionales y locales<\/td><\/tr><tr><td><strong>Betano<\/strong><\/td><td>Buenos Aires, CABA, C\u00f3rdoba<\/td><td>&#8211; Streaming en vivo con excelente calidad<br>&#8211; Funci\u00f3n cashout para cerrar apuestas anticipadamente<br>&#8211; Apuestas en vivo con m\u00faltiples opciones y datos actualizados<\/td><\/tr><tr><td><strong>Codere<\/strong><\/td><td>Buenos Aires<\/td><td>&#8211; Streaming estable para seguir tus eventos favoritos<br>&#8211; Funci\u00f3n cashout disponible para mayor control<br>&#8211; Apuestas en vivo con variedad de deportes<\/td><\/tr><tr><td><strong>Bplay<\/strong><\/td><td>Buenos Aires, C\u00f3rdoba<\/td><td>&#8211; Streaming de eventos locales y mundiales<br>&#8211; Apuestas en vivo con cuotas actualizadas al instante<br>&#8211; Promociones exclusivas para usuarios locales<\/td><\/tr><\/tbody><\/table><\/figure>\n\n\n\n<h2 class=\"wp-block-heading\" id=\"qu-tens-que-buscar-en-una-app-de-apuestas-para-el\"><span class=\"ez-toc-section\" id=\"%c2%bfque-tenes-que-buscar-en-una-app-de-apuestas\"><\/span>\u00bfQu\u00e9 ten\u00e9s que buscar en una app de apuestas?<span class=\"ez-toc-section-end\"><\/span><\/h2>\n\n\n\n<ul class=\"wp-block-list\">\n<li>Que la navegaci\u00f3n sea r\u00e1pida y sin vueltas.<\/li>\n\n\n\n<li>Interfaz simple y amigable.<\/li>\n\n\n\n<li>Licencia oficial para que tu guita y datos est\u00e9n seguros.<\/li>\n\n\n\n<li>M\u00e9todos de pago locales confiables, como MercadoPago, Rapipago o transferencias bancarias.<\/li>\n\n\n\n<li>Bonos y promos para sacarle m\u00e1s jugo a tu plata.<\/li>\n\n\n\n<li>Funciones como apuestas en vivo y retiros r\u00e1pidos para tener m\u00e1s control.<\/li>\n\n\n\n<li>Soporte que te atienda r\u00e1pido y sin vueltas.<\/li>\n<\/ul>\n\n\n\n<h2 class=\"wp-block-heading\" id=\"consejos-para-apostar-desde-el-celu\"><span class=\"ez-toc-section\" id=\"consejos-para-apostar-desde-apps-de-apuestas\"><\/span>Consejos para apostar desde apps de apuestas<span class=\"ez-toc-section-end\"><\/span><\/h2>\n\n\n\n<figure class=\"wp-block-image size-large\"><img loading=\"lazy\" decoding=\"async\" width=\"1024\" height=\"726\" src=\"https:\/\/oddsium.com\/ar\/wp-content\/uploads\/sites\/22\/2025\/09\/persona-apostando-por-app-movil-de-apuestas-1024x726.jpg\" alt=\"\" class=\"wp-image-674\" srcset=\"https:\/\/oddsium.com\/ar\/wp-content\/uploads\/sites\/22\/2025\/09\/persona-apostando-por-app-movil-de-apuestas-1024x726.jpg 1024w, https:\/\/oddsium.com\/ar\/wp-content\/uploads\/sites\/22\/2025\/09\/persona-apostando-por-app-movil-de-apuestas-300x213.jpg 300w, https:\/\/oddsium.com\/ar\/wp-content\/uploads\/sites\/22\/2025\/09\/persona-apostando-por-app-movil-de-apuestas-768x545.jpg 768w, https:\/\/oddsium.com\/ar\/wp-content\/uploads\/sites\/22\/2025\/09\/persona-apostando-por-app-movil-de-apuestas-1536x1090.jpg 1536w, https:\/\/oddsium.com\/ar\/wp-content\/uploads\/sites\/22\/2025\/09\/persona-apostando-por-app-movil-de-apuestas.jpg 1748w\" sizes=\"auto, (max-width: 1024px) 100vw, 1024px\" \/><\/figure>\n\n\n\n<ul class=\"wp-block-list\">\n<li>Bajate las apps solo de fuentes oficiales para no tener quilombos.<\/li>\n\n\n\n<li>Us\u00e1 conexiones seguras para cuidar tu info personal.<\/li>\n\n\n\n<li>Aprovech\u00e1 los <a href=\"https:\/\/oddsium.com\/ar\/casas-de-apuestas\/mejores-bonos-de-apuestas-online-en-argentina\/\" title=\"\">mejores bonos de apuestas online en Argentina<\/a> para ganar m\u00e1s.<\/li>\n\n\n\n<li>Control\u00e1 tu presupuesto y apost\u00e1 con cabeza.<\/li>\n\n\n\n<li>Mantenete pilas con las cuotas y resultados en tiempo real para tomar buenas decisiones.<\/li>\n<\/ul>\n\n\n\n<h2 class=\"wp-block-heading\" id=\"cmo-te-ayuda-oddsium\"><span class=\"ez-toc-section\" id=\"%f0%9f%8e%afcomo-te-ayuda-oddsium\"><\/span><strong>\ud83c\udfaf<\/strong>C\u00f3mo te ayuda Oddsium<span class=\"ez-toc-section-end\"><\/span><\/h2>\n\n\n\n<p>En Oddsium te damos gu\u00edas claras, el<a href=\"https:\/\/oddsium.com\/ar\/cuotas\/\" title=\"\"> mejor comparador de cuotas de Argentina<\/a> y comparaciones de las mejores apps legales en Argentina. As\u00ed pod\u00e9s elegir la que m\u00e1s te sirva y apostar seguro desde tu celular, con toda la data que necesit\u00e1s para ganar.<\/p>\n\n\n\n<h2 class=\"wp-block-heading\" id=\"conclusin-apostar-desde-el-celu-nunca-fue-tan-fcil\"><span class=\"ez-toc-section\" id=\"conclusion-apostar-desde-el-celu-nunca-fue-tan-facil\"><\/span>Conclusi\u00f3n: apostar desde el celu nunca fue tan f\u00e1cil<span class=\"ez-toc-section-end\"><\/span><\/h2>\n\n\n\n<p>Apostar desde el celular es lo mejor: es r\u00e1pido, c\u00f3modo y te da todo lo que necesit\u00e1s para estar al d\u00eda con el partido. Desde streaming en vivo hasta la chance de cerrar la apuesta cuando quieras. Lo clave es elegir apps con licencia y buena reputaci\u00f3n, as\u00ed jug\u00e1s tranquilo y seguro, sin dramas. <\/p>\n\n\n\n<p><strong>\ud83c\udfaf<\/strong><em>Con estas plataformas que te mostramos en Oddsium, apostar en Argentina es un golazo de media cancha: lo hac\u00e9s donde y cuando se te antoje. <\/em><\/p>\n","protected":false},"excerpt":{"rendered":"<p>La tecnolog\u00eda nos cambi\u00f3 la forma de apostar y las apps para el celular son las protagonistas de esta revoluci\u00f3n. Hoy apostar desde apps es lo m\u00e1s pr\u00e1ctico y copado que hay, porque pod\u00e9s hacerlo desde donde quieras y sin perder tiempo. Estas aplicaciones no solo te permiten meter guita en cualquier momento y lugar, [&hellip;]<\/p>\n","protected":false},"author":3,"featured_media":394,"parent":89,"menu_order":0,"comment_status":"closed","ping_status":"closed","template":"betting.php","meta":{"_acf_changed":false,"om_disable_all_campaigns":false,"footnotes":""},"class_list":["post-225","page","type-page","status-publish","has-post-thumbnail","hentry"],"acf":[],"aioseo_notices":[],"_links":{"self":[{"href":"https:\/\/oddsium.com\/ar\/wp-json\/wp\/v2\/pages\/225","targetHints":{"allow":["GET"]}}],"collection":[{"href":"https:\/\/oddsium.com\/ar\/wp-json\/wp\/v2\/pages"}],"about":[{"href":"https:\/\/oddsium.com\/ar\/wp-json\/wp\/v2\/types\/page"}],"author":[{"embeddable":true,"href":"https:\/\/oddsium.com\/ar\/wp-json\/wp\/v2\/users\/3"}],"replies":[{"embeddable":true,"href":"https:\/\/oddsium.com\/ar\/wp-json\/wp\/v2\/comments?post=225"}],"version-history":[{"count":0,"href":"https:\/\/oddsium.com\/ar\/wp-json\/wp\/v2\/pages\/225\/revisions"}],"up":[{"embeddable":true,"href":"https:\/\/oddsium.com\/ar\/wp-json\/wp\/v2\/pages\/89"}],"wp:featuredmedia":[{"embeddable":true,"href":"https:\/\/oddsium.com\/ar\/wp-json\/wp\/v2\/media\/394"}],"wp:attachment":[{"href":"https:\/\/oddsium.com\/ar\/wp-json\/wp\/v2\/media?parent=225"}],"curies":[{"name":"wp","href":"https:\/\/api.w.org\/{rel}","templated":true}]}}