{"id":230,"date":"2025-05-22T08:34:17","date_gmt":"2025-05-22T08:34:17","guid":{"rendered":"https:\/\/oddsium.wpenginepowered.com\/co\/?page_id=230"},"modified":"2025-08-22T22:18:11","modified_gmt":"2025-08-22T22:18:11","slug":"mejores-sitios-de-apuestas-con-cuotas-mejoradas-en-argentina","status":"publish","type":"page","link":"https:\/\/oddsium.com\/ar\/casas-de-apuestas\/mejores-sitios-de-apuestas-con-cuotas-mejoradas-en-argentina\/","title":{"rendered":"Mejores sitios de apuestas con cuotas mejoradas en Argentina"},"content":{"rendered":"\n<p>Si quer\u00e9s sacarle m\u00e1s jugo a tus ganancias apostando, est\u00e1s en el lugar indicado. Apostar con cuotas mejoradas es una opci\u00f3n que no pod\u00e9s dejar pasar, porque te da m\u00e1s valor por cada peso que pongas. Ac\u00e1 vas a aprender c\u00f3mo aumentar tus posibles ganancias en eventos deportivos seleccionados.<\/p>\n\n\n\n<p>En esta gu\u00eda de Oddsium, te mostramos cu\u00e1les son los mejores sitios de apuestas legales en Argentina con cuotas mejoradas. Adem\u00e1s, te contamos c\u00f3mo funcionan y qu\u00e9 ten\u00e9s que tener en cuenta para aprovecharlas.<\/p>\n\n\n\n<div id=\"ez-toc-container\" class=\"ez-toc-v2_0_81 counter-hierarchy ez-toc-counter ez-toc-grey ez-toc-container-direction\">\n<div class=\"ez-toc-title-container\">\n<p class=\"ez-toc-title\" style=\"cursor:inherit\">Table of Contents<\/p>\n<span class=\"ez-toc-title-toggle\"><a href=\"#\" class=\"ez-toc-pull-right ez-toc-btn ez-toc-btn-xs ez-toc-btn-default ez-toc-toggle\" aria-label=\"Toggle Table of Content\"><span class=\"ez-toc-js-icon-con\"><span class=\"\"><span class=\"eztoc-hide\" style=\"display:none;\">Toggle<\/span><span class=\"ez-toc-icon-toggle-span\"><svg style=\"fill: #999;color:#999\" xmlns=\"http:\/\/www.w3.org\/2000\/svg\" class=\"list-377408\" width=\"20px\" height=\"20px\" viewBox=\"0 0 24 24\" fill=\"none\"><path d=\"M6 6H4v2h2V6zm14 0H8v2h12V6zM4 11h2v2H4v-2zm16 0H8v2h12v-2zM4 16h2v2H4v-2zm16 0H8v2h12v-2z\" fill=\"currentColor\"><\/path><\/svg><svg style=\"fill: #999;color:#999\" class=\"arrow-unsorted-368013\" xmlns=\"http:\/\/www.w3.org\/2000\/svg\" width=\"10px\" height=\"10px\" viewBox=\"0 0 24 24\" version=\"1.2\" baseProfile=\"tiny\"><path d=\"M18.2 9.3l-6.2-6.3-6.2 6.3c-.2.2-.3.4-.3.7s.1.5.3.7c.2.2.4.3.7.3h11c.3 0 .5-.1.7-.3.2-.2.3-.5.3-.7s-.1-.5-.3-.7zM5.8 14.7l6.2 6.3 6.2-6.3c.2-.2.3-.5.3-.7s-.1-.5-.3-.7c-.2-.2-.4-.3-.7-.3h-11c-.3 0-.5.1-.7.3-.2.2-.3.5-.3.7s.1.5.3.7z\"\/><\/svg><\/span><\/span><\/span><\/a><\/span><\/div>\n<nav><ul class='ez-toc-list ez-toc-list-level-1 ' ><li class='ez-toc-page-1 ez-toc-heading-level-2'><a class=\"ez-toc-link ez-toc-heading-1\" href=\"https:\/\/oddsium.com\/ar\/casas-de-apuestas\/mejores-sitios-de-apuestas-con-cuotas-mejoradas-en-argentina\/#cuotas-mejoradas-en-apuestas-deportivas-multiplica-tus-ganancias\" >Cuotas mejoradas en apuestas deportivas: Multiplic\u00e1 tus ganancias<\/a><\/li><li class='ez-toc-page-1 ez-toc-heading-level-2'><a class=\"ez-toc-link ez-toc-heading-2\" href=\"https:\/\/oddsium.com\/ar\/casas-de-apuestas\/mejores-sitios-de-apuestas-con-cuotas-mejoradas-en-argentina\/#como-elegir-los-mejores-sitios-con-cuotas-mejoradas-en-argentina\" >C\u00f3mo elegir los mejores sitios con cuotas mejoradas en Argentina<\/a><\/li><li class='ez-toc-page-1 ez-toc-heading-level-2'><a class=\"ez-toc-link ez-toc-heading-3\" href=\"https:\/\/oddsium.com\/ar\/casas-de-apuestas\/mejores-sitios-de-apuestas-con-cuotas-mejoradas-en-argentina\/#promos-vigentes-de-cuotas-mejoradas-en-argentina\" >Promos vigentes de cuotas mejoradas en Argentina<\/a><ul class='ez-toc-list-level-3' ><li class='ez-toc-heading-level-3'><a class=\"ez-toc-link ez-toc-heading-4\" href=\"https:\/\/oddsium.com\/ar\/casas-de-apuestas\/mejores-sitios-de-apuestas-con-cuotas-mejoradas-en-argentina\/#1%ef%b8%8f%e2%83%a3betano-liga-profesional-argentina-2025\" >1\ufe0f\u20e3Betano: Liga Profesional Argentina 2025<\/a><\/li><li class='ez-toc-page-1 ez-toc-heading-level-3'><a class=\"ez-toc-link ez-toc-heading-5\" href=\"https:\/\/oddsium.com\/ar\/casas-de-apuestas\/mejores-sitios-de-apuestas-con-cuotas-mejoradas-en-argentina\/#2%ef%b8%8f%e2%83%a3betsson-liga-profesional-argentina-2025\" >2\ufe0f\u20e3Betsson: Liga Profesional Argentina 2025<\/a><\/li><li class='ez-toc-page-1 ez-toc-heading-level-3'><a class=\"ez-toc-link ez-toc-heading-6\" href=\"https:\/\/oddsium.com\/ar\/casas-de-apuestas\/mejores-sitios-de-apuestas-con-cuotas-mejoradas-en-argentina\/#3%ef%b8%8f%e2%83%a3-bet365-liga-profesional-argentina-2025\" >3\ufe0f\u20e3&nbsp;Bet365: Liga Profesional Argentina 2025<\/a><\/li><\/ul><\/li><li class='ez-toc-page-1 ez-toc-heading-level-2'><a class=\"ez-toc-link ez-toc-heading-7\" href=\"https:\/\/oddsium.com\/ar\/casas-de-apuestas\/mejores-sitios-de-apuestas-con-cuotas-mejoradas-en-argentina\/#mejores-sitios-de-apuestas-con-cuotas-mejoradas-en-argentina\" >Mejores sitios de apuestas con cuotas mejoradas en Argentina<\/a><\/li><li class='ez-toc-page-1 ez-toc-heading-level-2'><a class=\"ez-toc-link ez-toc-heading-8\" href=\"https:\/\/oddsium.com\/ar\/casas-de-apuestas\/mejores-sitios-de-apuestas-con-cuotas-mejoradas-en-argentina\/#como-usar-las-cuotas-mejoradas-siendo-nuevo-en-las-apuestas\" >C\u00f3mo usar las cuotas mejoradas siendo nuevo en las apuestas<\/a><\/li><li class='ez-toc-page-1 ez-toc-heading-level-2'><a class=\"ez-toc-link ez-toc-heading-9\" href=\"https:\/\/oddsium.com\/ar\/casas-de-apuestas\/mejores-sitios-de-apuestas-con-cuotas-mejoradas-en-argentina\/#%f0%9f%8e%afcomo-te-ayuda-oddsium-a-encontrar-cuotas-mejoradas-en-argentina\" >\ud83c\udfafC\u00f3mo te ayuda Oddsium a encontrar cuotas mejoradas en Argentina<\/a><\/li><\/ul><\/nav><\/div>\n<h2 class=\"wp-block-heading\"><span class=\"ez-toc-section\" id=\"cuotas-mejoradas-en-apuestas-deportivas-multiplica-tus-ganancias\"><\/span>Cuotas mejoradas en apuestas deportivas: Multiplic\u00e1 tus ganancias<span class=\"ez-toc-section-end\"><\/span><\/h2>\n\n\n\n<p>Las cuotas mejoradas est\u00e1n disponibles en un mont\u00f3n de deportes. Mir\u00e1 estas opciones para que te hagas una idea:<\/p>\n\n\n\n<figure class=\"wp-block-table\"><table class=\"has-fixed-layout\"><thead><tr><th>Deporte<\/th><th>Ejemplos de eventos y mercados con cuotas mejoradas<\/th><\/tr><\/thead><tbody><tr><td>\u26bd F\u00fatbol<\/td><td>Liga Profesional Argentina, Copa Am\u00e9rica, Copa Libertadores, Champions League, Premier League y m\u00e1s.<\/td><\/tr><tr><td>\ud83c\udfc0 B\u00e1squet<\/td><td>LNB Argentina, NBA, Euroliga: puntos anotados, triples, totales de partido.<\/td><\/tr><tr><td>\ud83c\udfbe Tenis<\/td><td>Torneos Grand Slam y ATP, especialmente en apuestas a ganador sin perder sets o en n\u00famero de aces.<\/td><\/tr><tr><td>\ud83e\udd4a UFC\/MMA<\/td><td>UFC Fight Night y eventos grosos: m\u00e9todo de victoria, ronda exacta, n\u00famero de asaltos.<\/td><\/tr><tr><td>\ud83c\udfc8 F\u00fatbol americano<\/td><td>Temporada regular, playoffs y Super Bowl: cuotas mejoradas en partidos clave y combinados.<\/td><\/tr><tr><td>\ud83c\udfce\ufe0f F\u00f3rmula 1<\/td><td>Grandes premios como M\u00f3naco, Silverstone, Monza y Abu Dhabi: ganador, podio y vuelta r\u00e1pida.<\/td><\/tr><\/tbody><\/table><\/figure>\n\n\n\n<p><em>\ud83d\udccc Si apost\u00e1s con estas cuotas mejoradas, tus ganancias potenciales van a ser mucho m\u00e1s grandes que con apuestas normales.<\/em><\/p>\n\n\n\n<h2 class=\"wp-block-heading\"><span class=\"ez-toc-section\" id=\"como-elegir-los-mejores-sitios-con-cuotas-mejoradas-en-argentina\"><\/span>C\u00f3mo elegir los mejores sitios con cuotas mejoradas en Argentina<span class=\"ez-toc-section-end\"><\/span><\/h2>\n\n\n\n<p>Las cuotas mejoradas var\u00edan seg\u00fan la casa, por eso es clave comparar para ver cu\u00e1l te da mejor chance de ganar. Ac\u00e1 te tiramos unos consejos para que elij\u00e1s bien:<\/p>\n\n\n\n<p>\ud83d\udd38&nbsp;<strong>Promos frecuentes<\/strong><br>Busc\u00e1 casas que lancen cuotas mejoradas todos los d\u00edas o en fechas importantes. Seg\u00fan cu\u00e1nto apost\u00e1s, eleg\u00ed la que m\u00e1s te sirva.<\/p>\n\n\n\n<p>\ud83d\udd38&nbsp;<strong>Que las cuotas mejoradas sean f\u00e1ciles de encontrar<\/strong><br>Las mejores casas ponen etiquetas visibles para que no te pierdas las ofertas.<\/p>\n\n\n\n<p>\ud83d\udd38&nbsp;<strong>App m\u00f3vil, r\u00e1pida y sin trabas<\/strong><br>Si apost\u00e1s desde el celu, la app tiene que ser r\u00e1pida y estable para que accedas f\u00e1cil a las cuotas mejoradas.<\/p>\n\n\n\n<p>\ud83d\udd38&nbsp;<strong>M\u00e9todos de pago locales y confiables<\/strong><br>Eleg\u00ed casas que acepten formas populares en Argentina como Mercado Pago, tarjetas o transferencias, para que hacer dep\u00f3sitos y retiros sea un tr\u00e1mite.<\/p>\n\n\n\n<p>\ud83d\udd38&nbsp;<strong>Retiros r\u00e1pidos<\/strong><br>Las mejores plataformas procesan retiros en pocas horas, para que no tengas que esperar y juegues tranqui.<\/p>\n\n\n\n<p><em>\ud83d\udccc En Oddsium, investigamos por vos cu\u00e1les casas legales en Argentina cumplen con todo esto.<\/em><\/p>\n\n\n\n<h2 class=\"wp-block-heading\"><span class=\"ez-toc-section\" id=\"promos-vigentes-de-cuotas-mejoradas-en-argentina\"><\/span>Promos vigentes de cuotas mejoradas en Argentina<span class=\"ez-toc-section-end\"><\/span><\/h2>\n\n\n\n<p>Ac\u00e1 te dejamos algunas ofertas activas en apuestas de f\u00fatbol:<\/p>\n\n\n\n<h3 class=\"wp-block-heading\"><span class=\"ez-toc-section\" id=\"1%ef%b8%8f%e2%83%a3betano-liga-profesional-argentina-2025\"><\/span><strong>1\ufe0f\u20e3Betano: Liga Profesional Argentina 2025<\/strong><span class=\"ez-toc-section-end\"><\/span><\/h3>\n\n\n\n<p><strong>Cuotas mejoradas<\/strong> de 2.10<br>Banfield vs. Defensa y Justicia<br><strong>Victoria de Banfield<\/strong><\/p>\n\n\n\n<h3 class=\"wp-block-heading\"><span class=\"ez-toc-section\" id=\"2%ef%b8%8f%e2%83%a3betsson-liga-profesional-argentina-2025\"><\/span><strong>2\ufe0f\u20e3Betsson: Liga Profesional Argentina 2025<\/strong><span class=\"ez-toc-section-end\"><\/span><\/h3>\n\n\n\n<p><strong>Cuotas mejoradas<\/strong> de 2.75<br>V\u00e9lez Sarsfield vs. Tigre<br><strong>M\u00e1s de 2.5 goles<\/strong><\/p>\n\n\n\n<h3 class=\"wp-block-heading\"><span class=\"ez-toc-section\" id=\"3%ef%b8%8f%e2%83%a3-bet365-liga-profesional-argentina-2025\"><\/span><strong>3\ufe0f\u20e3&nbsp;Bet365: Liga Profesional Argentina 2025<\/strong><span class=\"ez-toc-section-end\"><\/span><\/h3>\n\n\n\n<p><strong>Cuotas mejoradas <\/strong>de 2.10<br>Talleres vs. San Lorenzo<br><strong>Victoria de Talleres<br><\/strong><em>\u26a0\ufe0f Estas ofertas pueden cambiar. Oddsium actualiza seguido para que est\u00e9s al d\u00eda.<\/em><\/p>\n\n\n\n<h2 class=\"wp-block-heading\"><span class=\"ez-toc-section\" id=\"mejores-sitios-de-apuestas-con-cuotas-mejoradas-en-argentina\"><\/span>Mejores sitios de apuestas con cuotas mejoradas en Argentina<span class=\"ez-toc-section-end\"><\/span><\/h2>\n\n\n\n<p>En Argentina es clave apostar en plataformas legales para que tu guita y datos est\u00e9n seguros. Estas casas tienen licencia oficial y ofrecen buenas cuotas mejoradas:<\/p>\n\n\n\n<figure class=\"wp-block-table\"><table class=\"has-fixed-layout\"><thead><tr><th>Casa de Apuestas<\/th><th>Caracter\u00edsticas principales<\/th><\/tr><\/thead><tbody><tr><td><strong>Betano<\/strong><\/td><td>Cuotas mejoradas, app m\u00f3vil, m\u00e9todos de pago locales, buena cobertura en f\u00fatbol argentino.<\/td><\/tr><tr><td><strong>Betsson<\/strong><\/td><td>Cuotas frecuentes, variedad de mercados y deportes, atenci\u00f3n en espa\u00f1ol.<\/td><\/tr><tr><td><strong>Bet365<\/strong><\/td><td>Amplia oferta deportiva, cuotas mejoradas, apuestas en vivo y streaming.<\/td><\/tr><tr><td><strong>Melbet<\/strong><\/td><td>Cuotas mejoradas en f\u00fatbol y eSports, promociones frecuentes, buena cobertura local.<\/td><\/tr><\/tbody><\/table><\/figure>\n\n\n\n<p><em>\ud83d\udce2 Todas estas casas est\u00e1n reguladas por organismos provinciales y cuentan con licencias vigentes para operar legalmente en Argentina.<\/em><\/p>\n\n\n\n<h2 class=\"wp-block-heading\"><span class=\"ez-toc-section\" id=\"como-usar-las-cuotas-mejoradas-siendo-nuevo-en-las-apuestas\"><\/span>C\u00f3mo usar las cuotas mejoradas siendo nuevo en las apuestas<span class=\"ez-toc-section-end\"><\/span><\/h2>\n\n\n\n<p>1\ufe0f\u20e3 Registr\u00e1te en una casa legal que ofrezca cuotas mejoradas (ac\u00e1 ten\u00e9s opciones).<\/p>\n\n\n\n<p>2\ufe0f\u20e3 Busc\u00e1 la secci\u00f3n \u201cCuotas Mejoradas\u201d o \u201cSupercuotas\u201d.<\/p>\n\n\n\n<p>3\ufe0f\u20e3 Eleg\u00ed la apuesta con cuota mejorada que te guste y agregala a tu boleto.<\/p>\n\n\n\n<p>4\ufe0f\u20e3 Pon\u00e9 el monto que quer\u00e9s apostar y confirm\u00e1.<\/p>\n\n\n\n<p>5\ufe0f\u20e3 Si gan\u00e1s, te pagan seg\u00fan la cuota aumentada.<\/p>\n\n\n\n<p><em>\u26a0\ufe0fSiempre le\u00e9 los t\u00e9rminos y condiciones, porque algunos sitios tienen l\u00edmites o requisitos especiales.<\/em><\/p>\n\n\n\n<h2 class=\"wp-block-heading\"><span class=\"ez-toc-section\" id=\"%f0%9f%8e%afcomo-te-ayuda-oddsium-a-encontrar-cuotas-mejoradas-en-argentina\"><\/span>\ud83c\udfafC\u00f3mo te ayuda Oddsium a encontrar cuotas mejoradas en Argentina<span class=\"ez-toc-section-end\"><\/span><\/h2>\n\n\n\n<p>En Oddsium analiz\u00e1s y compar\u00e1s las casas de apuestas m\u00e1s copadas para que tengas acceso a los <a href=\"https:\/\/oddsium.com\/ar\/casas-de-apuestas\/mejores-bonos-de-apuestas-online-en-argentina\/\" title=\"\">mejores bonos de apuestas online en Argentina<\/a> y cuotas m\u00e1s altas. Con nosotros vas a tener:<\/p>\n\n\n\n<p>\ud83d\udd0d Recomendaciones de expertos que prueban cada casa a fondo.<br>\ud83d\udee1\ufe0f Seguridad y transparencia para que apost\u00e9s con la cabeza.<br>\ud83d\udcc8 Cuotas mejoradas y ofertas que se actualizan todo el tiempo.<br>\u2696\ufe0f Comparativas claras para que ap\u00f3stes seguro.<\/p>\n\n\n\n<p><em>Guard\u00e1te esta p\u00e1gina y consult\u00e1la antes de apostar, as\u00ed siempre est\u00e1s un paso adelante de otros apostadores.<\/em><\/p>\n\n\n\n<p><\/p>\n","protected":false},"excerpt":{"rendered":"<p>Si quer\u00e9s sacarle m\u00e1s jugo a tus ganancias apostando, est\u00e1s en el lugar indicado. Apostar con cuotas mejoradas es una opci\u00f3n que no pod\u00e9s dejar pasar, porque te da m\u00e1s valor por cada peso que pongas. Ac\u00e1 vas a aprender c\u00f3mo aumentar tus posibles ganancias en eventos deportivos seleccionados. En esta gu\u00eda de Oddsium, te [&hellip;]<\/p>\n","protected":false},"author":3,"featured_media":398,"parent":89,"menu_order":0,"comment_status":"closed","ping_status":"closed","template":"betting.php","meta":{"_acf_changed":false,"om_disable_all_campaigns":false,"footnotes":""},"class_list":["post-230","page","type-page","status-publish","has-post-thumbnail","hentry"],"acf":[],"aioseo_notices":[],"_links":{"self":[{"href":"https:\/\/oddsium.com\/ar\/wp-json\/wp\/v2\/pages\/230","targetHints":{"allow":["GET"]}}],"collection":[{"href":"https:\/\/oddsium.com\/ar\/wp-json\/wp\/v2\/pages"}],"about":[{"href":"https:\/\/oddsium.com\/ar\/wp-json\/wp\/v2\/types\/page"}],"author":[{"embeddable":true,"href":"https:\/\/oddsium.com\/ar\/wp-json\/wp\/v2\/users\/3"}],"replies":[{"embeddable":true,"href":"https:\/\/oddsium.com\/ar\/wp-json\/wp\/v2\/comments?post=230"}],"version-history":[{"count":0,"href":"https:\/\/oddsium.com\/ar\/wp-json\/wp\/v2\/pages\/230\/revisions"}],"up":[{"embeddable":true,"href":"https:\/\/oddsium.com\/ar\/wp-json\/wp\/v2\/pages\/89"}],"wp:featuredmedia":[{"embeddable":true,"href":"https:\/\/oddsium.com\/ar\/wp-json\/wp\/v2\/media\/398"}],"wp:attachment":[{"href":"https:\/\/oddsium.com\/ar\/wp-json\/wp\/v2\/media?parent=230"}],"curies":[{"name":"wp","href":"https:\/\/api.w.org\/{rel}","templated":true}]}}