{"id":231,"date":"2025-05-22T08:34:35","date_gmt":"2025-05-22T08:34:35","guid":{"rendered":"https:\/\/oddsium.wpenginepowered.com\/co\/?page_id=231"},"modified":"2025-08-22T22:31:16","modified_gmt":"2025-08-22T22:31:16","slug":"mejores-bonos-de-apuestas-online-en-argentina","status":"publish","type":"page","link":"https:\/\/oddsium.com\/ar\/casas-de-apuestas\/mejores-bonos-de-apuestas-online-en-argentina\/","title":{"rendered":"Mejores bonos de apuestas online en Argentina"},"content":{"rendered":"\n<p>Si quer\u00e9s apostar online y sacar el m\u00e1ximo provecho a tu inversi\u00f3n, lo fundamental es que vos aproveches los&nbsp;bonos&nbsp;que ofrecen las casas de apuestas. Estos bonos son la herramienta clave para que aument\u00e9s tu capital inicial y mejores tus chances de ganar. En Argentina, las plataformas legales cuentan con promociones dise\u00f1adas para acompa\u00f1arte desde el primer momento, ya sea con bonos de bienvenida, apuestas gratis o recargas especiales.<\/p>\n\n\n\n<p>En Oddsium, te damos toda la informaci\u00f3n que necesit\u00e1s para que conozcas cu\u00e1les son los bonos m\u00e1s convenientes y c\u00f3mo pod\u00e9s aprovecharlos al m\u00e1ximo. Adem\u00e1s, pod\u00e9s aprender a usarlos correctamente, sin sorpresas ni condiciones ocultas.&nbsp;<\/p>\n\n\n\n<div id=\"ez-toc-container\" class=\"ez-toc-v2_0_81 counter-hierarchy ez-toc-counter ez-toc-grey ez-toc-container-direction\">\n<div class=\"ez-toc-title-container\">\n<p class=\"ez-toc-title\" style=\"cursor:inherit\">Table of Contents<\/p>\n<span class=\"ez-toc-title-toggle\"><a href=\"#\" class=\"ez-toc-pull-right ez-toc-btn ez-toc-btn-xs ez-toc-btn-default ez-toc-toggle\" aria-label=\"Toggle Table of Content\"><span class=\"ez-toc-js-icon-con\"><span class=\"\"><span class=\"eztoc-hide\" style=\"display:none;\">Toggle<\/span><span class=\"ez-toc-icon-toggle-span\"><svg style=\"fill: #999;color:#999\" xmlns=\"http:\/\/www.w3.org\/2000\/svg\" class=\"list-377408\" width=\"20px\" height=\"20px\" viewBox=\"0 0 24 24\" fill=\"none\"><path d=\"M6 6H4v2h2V6zm14 0H8v2h12V6zM4 11h2v2H4v-2zm16 0H8v2h12v-2zM4 16h2v2H4v-2zm16 0H8v2h12v-2z\" fill=\"currentColor\"><\/path><\/svg><svg style=\"fill: #999;color:#999\" class=\"arrow-unsorted-368013\" xmlns=\"http:\/\/www.w3.org\/2000\/svg\" width=\"10px\" height=\"10px\" viewBox=\"0 0 24 24\" version=\"1.2\" baseProfile=\"tiny\"><path d=\"M18.2 9.3l-6.2-6.3-6.2 6.3c-.2.2-.3.4-.3.7s.1.5.3.7c.2.2.4.3.7.3h11c.3 0 .5-.1.7-.3.2-.2.3-.5.3-.7s-.1-.5-.3-.7zM5.8 14.7l6.2 6.3 6.2-6.3c.2-.2.3-.5.3-.7s-.1-.5-.3-.7c-.2-.2-.4-.3-.7-.3h-11c-.3 0-.5.1-.7.3-.2.2-.3.5-.3.7s.1.5.3.7z\"\/><\/svg><\/span><\/span><\/span><\/a><\/span><\/div>\n<nav><ul class='ez-toc-list ez-toc-list-level-1 ' ><li class='ez-toc-page-1 ez-toc-heading-level-2'><a class=\"ez-toc-link ez-toc-heading-1\" href=\"https:\/\/oddsium.com\/ar\/casas-de-apuestas\/mejores-bonos-de-apuestas-online-en-argentina\/#elegi-casas-de-apuestas-con-bonos-copados\" >Eleg\u00ed casas de apuestas con bonos copados<\/a><\/li><li class='ez-toc-page-1 ez-toc-heading-level-2'><a class=\"ez-toc-link ez-toc-heading-2\" href=\"https:\/\/oddsium.com\/ar\/casas-de-apuestas\/mejores-bonos-de-apuestas-online-en-argentina\/#tipos-de-bonos-que-vas-a-encontrar-en-argentina\" >Tipos de bonos que vas a encontrar en Argentina<\/a><ul class='ez-toc-list-level-3' ><li class='ez-toc-heading-level-3'><a class=\"ez-toc-link ez-toc-heading-3\" href=\"https:\/\/oddsium.com\/ar\/casas-de-apuestas\/mejores-bonos-de-apuestas-online-en-argentina\/#%e2%9c%85-bonos-con-primer-deposito\" >\u2705&nbsp;Bonos con primer dep\u00f3sito<\/a><\/li><li class='ez-toc-page-1 ez-toc-heading-level-3'><a class=\"ez-toc-link ez-toc-heading-4\" href=\"https:\/\/oddsium.com\/ar\/casas-de-apuestas\/mejores-bonos-de-apuestas-online-en-argentina\/#%e2%9c%85-apuestas-gratis-freebets\" >\u2705&nbsp;Apuestas gratis (freebets)<\/a><\/li><li class='ez-toc-page-1 ez-toc-heading-level-3'><a class=\"ez-toc-link ez-toc-heading-5\" href=\"https:\/\/oddsium.com\/ar\/casas-de-apuestas\/mejores-bonos-de-apuestas-online-en-argentina\/#%e2%9c%85-bonos-sin-deposito\" >\u2705&nbsp;Bonos sin dep\u00f3sito<\/a><\/li><li class='ez-toc-page-1 ez-toc-heading-level-3'><a class=\"ez-toc-link ez-toc-heading-6\" href=\"https:\/\/oddsium.com\/ar\/casas-de-apuestas\/mejores-bonos-de-apuestas-online-en-argentina\/#%e2%9c%85-bonos-sin-riesgo-cashback\" >\u2705&nbsp;Bonos sin riesgo (cashback)<\/a><\/li><li class='ez-toc-page-1 ez-toc-heading-level-3'><a class=\"ez-toc-link ez-toc-heading-7\" href=\"https:\/\/oddsium.com\/ar\/casas-de-apuestas\/mejores-bonos-de-apuestas-online-en-argentina\/#%e2%9c%85-bonos-de-recarga\" >\u2705&nbsp;Bonos de recarga<\/a><\/li><li class='ez-toc-page-1 ez-toc-heading-level-3'><a class=\"ez-toc-link ez-toc-heading-8\" href=\"https:\/\/oddsium.com\/ar\/casas-de-apuestas\/mejores-bonos-de-apuestas-online-en-argentina\/#%e2%9c%85-cuotas-mejoradas\" >\u2705&nbsp;Cuotas mejoradas<\/a><\/li><\/ul><\/li><li class='ez-toc-page-1 ez-toc-heading-level-2'><a class=\"ez-toc-link ez-toc-heading-9\" href=\"https:\/\/oddsium.com\/ar\/casas-de-apuestas\/mejores-bonos-de-apuestas-online-en-argentina\/#bonos-especiales-por-deporte-o-evento\" >Bonos especiales por deporte o evento<\/a><\/li><li class='ez-toc-page-1 ez-toc-heading-level-2'><a class=\"ez-toc-link ez-toc-heading-10\" href=\"https:\/\/oddsium.com\/ar\/casas-de-apuestas\/mejores-bonos-de-apuestas-online-en-argentina\/#que-revisar-antes-de-tomar-un-bono\" >Qu\u00e9 revisar antes de tomar un bono<\/a><ul class='ez-toc-list-level-3' ><li class='ez-toc-heading-level-3'><a class=\"ez-toc-link ez-toc-heading-11\" href=\"https:\/\/oddsium.com\/ar\/casas-de-apuestas\/mejores-bonos-de-apuestas-online-en-argentina\/#requisitos-de-apuesta-rollover\" >Requisitos de apuesta (rollover)<\/a><\/li><li class='ez-toc-page-1 ez-toc-heading-level-3'><a class=\"ez-toc-link ez-toc-heading-12\" href=\"https:\/\/oddsium.com\/ar\/casas-de-apuestas\/mejores-bonos-de-apuestas-online-en-argentina\/#cuotas-minimas\" >Cuotas m\u00ednimas<\/a><\/li><li class='ez-toc-page-1 ez-toc-heading-level-3'><a class=\"ez-toc-link ez-toc-heading-13\" href=\"https:\/\/oddsium.com\/ar\/casas-de-apuestas\/mejores-bonos-de-apuestas-online-en-argentina\/#deportes-o-mercados-validos\" >Deportes o mercados v\u00e1lidos<\/a><\/li><li class='ez-toc-page-1 ez-toc-heading-level-3'><a class=\"ez-toc-link ez-toc-heading-14\" href=\"https:\/\/oddsium.com\/ar\/casas-de-apuestas\/mejores-bonos-de-apuestas-online-en-argentina\/#plazo-para-usar-el-bono\" >Plazo para usar el bono<\/a><\/li><li class='ez-toc-page-1 ez-toc-heading-level-3'><a class=\"ez-toc-link ez-toc-heading-15\" href=\"https:\/\/oddsium.com\/ar\/casas-de-apuestas\/mejores-bonos-de-apuestas-online-en-argentina\/#metodos-de-pago-aceptados\" >M\u00e9todos de pago aceptados<\/a><\/li><\/ul><\/li><li class='ez-toc-page-1 ez-toc-heading-level-2'><a class=\"ez-toc-link ez-toc-heading-16\" href=\"https:\/\/oddsium.com\/ar\/casas-de-apuestas\/mejores-bonos-de-apuestas-online-en-argentina\/#mejores-bonos-disponibles-en-argentina\" >Mejores bonos disponibles en Argentina<\/a><\/li><li class='ez-toc-page-1 ez-toc-heading-level-2'><a class=\"ez-toc-link ez-toc-heading-17\" href=\"https:\/\/oddsium.com\/ar\/casas-de-apuestas\/mejores-bonos-de-apuestas-online-en-argentina\/#como-activar-un-bono-sin-tanto-lio\" >C\u00f3mo activar un bono sin tanto l\u00edo<\/a><\/li><li class='ez-toc-page-1 ez-toc-heading-level-2'><a class=\"ez-toc-link ez-toc-heading-18\" href=\"https:\/\/oddsium.com\/ar\/casas-de-apuestas\/mejores-bonos-de-apuestas-online-en-argentina\/#%c2%bfpor-que-confiar-en-oddsium-para-elegir-los-mejores-bonos\" >\u00bfPor qu\u00e9 confiar en Oddsium para elegir los mejores bonos?<\/a><\/li><\/ul><\/nav><\/div>\n<h2 class=\"wp-block-heading\"><span class=\"ez-toc-section\" id=\"elegi-casas-de-apuestas-con-bonos-copados\"><\/span>Eleg\u00ed casas de apuestas con bonos copados<span class=\"ez-toc-section-end\"><\/span><\/h2>\n\n\n\n<p>No todas las casas de apuestas son iguales, sobre todo cuando hablamos de bonos. Ac\u00e1 en Argentina vos pod\u00e9s encontrar de todo: bonos de bienvenida, apuestas gratis, bonos sin dep\u00f3sito y un mont\u00f3n m\u00e1s. Pero ojo, cada casa tiene sus propias reglas, as\u00ed que siempre ten\u00e9s que leer bien los t\u00e9rminos y condiciones para que no te comas ninguna sorpresa.<\/p>\n\n\n\n<p>Antes de registrarte, fijate bien en las cuotas que ofrecen y asegurate de que los requisitos est\u00e9n claros. Si eleg\u00eds plataformas con promociones copadas, vas a poder sacar mejor provecho y jugar m\u00e1s tranquilo.<\/p>\n\n\n\n<p>En Oddsium revisamos todos los d\u00edas las <a href=\"https:\/\/oddsium.com\/ar\/{\" title=\"\">casas de apuestas m\u00e1s confiables de Argentina<\/a> y solo te recomendamos las que realmente te dan valor.<\/p>\n\n\n\n<h2 class=\"wp-block-heading\"><span class=\"ez-toc-section\" id=\"tipos-de-bonos-que-vas-a-encontrar-en-argentina\"><\/span>Tipos de bonos que vas a encontrar en Argentina<span class=\"ez-toc-section-end\"><\/span><\/h2>\n\n\n\n<h3 class=\"wp-block-heading\"><span class=\"ez-toc-section\" id=\"%e2%9c%85-bonos-con-primer-deposito\"><\/span>\u2705&nbsp;<strong>Bonos con primer dep\u00f3sito<\/strong><span class=\"ez-toc-section-end\"><\/span><\/h3>\n\n\n\n<p>Te suman un porcentaje extra sobre lo que pongas la primera vez. Ojo que a veces hay condiciones seg\u00fan el m\u00e9todo de pago o monto m\u00ednimo.<\/p>\n\n\n\n<h3 class=\"wp-block-heading\"><span class=\"ez-toc-section\" id=\"%e2%9c%85-apuestas-gratis-freebets\"><\/span>\u2705&nbsp;<strong>Apuestas gratis (freebets)<\/strong><span class=\"ez-toc-section-end\"><\/span><\/h3>\n\n\n\n<p>Pod\u00e9s hacer una apuesta sin poner plata en eventos espec\u00edficos. Si gan\u00e1s, te llev\u00e1s solo la ganancia neta, no el monto apostado.<\/p>\n\n\n\n<h3 class=\"wp-block-heading\"><span class=\"ez-toc-section\" id=\"%e2%9c%85-bonos-sin-deposito\"><\/span>\u2705&nbsp;<strong>Bonos sin dep\u00f3sito<\/strong><span class=\"ez-toc-section-end\"><\/span><\/h3>\n\n\n\n<p>Al registrarte, te dan saldo para apostar sin poner un peso. Ideal para probar la plataforma sin arriesgar guita.<\/p>\n\n\n\n<h3 class=\"wp-block-heading\"><span class=\"ez-toc-section\" id=\"%e2%9c%85-bonos-sin-riesgo-cashback\"><\/span>\u2705&nbsp;<strong>Bonos sin riesgo (cashback)<\/strong><span class=\"ez-toc-section-end\"><\/span><\/h3>\n\n\n\n<p>&nbsp;Si perd\u00e9s tu primera apuesta, te devuelven la plata o parte en bono para que sigas jugando.<\/p>\n\n\n\n<h3 class=\"wp-block-heading\"><span class=\"ez-toc-section\" id=\"%e2%9c%85-bonos-de-recarga\"><\/span>\u2705&nbsp;<strong>Bonos de recarga<\/strong><span class=\"ez-toc-section-end\"><\/span><\/h3>\n\n\n\n<p>Cuando hac\u00e9s m\u00e1s dep\u00f3sitos, pod\u00e9s recibir bonos extra, perfectos para los que juegan seguido.<\/p>\n\n\n\n<h3 class=\"wp-block-heading\"><span class=\"ez-toc-section\" id=\"%e2%9c%85-cuotas-mejoradas\"><\/span>\u2705&nbsp;<strong>Cuotas mejoradas<\/strong><span class=\"ez-toc-section-end\"><\/span><\/h3>\n\n\n\n<p>&nbsp;Te suben las cuotas en eventos especiales para que gan\u00e9s m\u00e1s.<\/p>\n\n\n\n<h2 class=\"wp-block-heading\"><span class=\"ez-toc-section\" id=\"bonos-especiales-por-deporte-o-evento\"><\/span>Bonos especiales por deporte o evento<span class=\"ez-toc-section-end\"><\/span><\/h2>\n\n\n\n<figure class=\"wp-block-table\"><table class=\"has-fixed-layout\"><thead><tr><th>Deporte<\/th><th>Bonos y promociones<\/th><\/tr><\/thead><tbody><tr><td>\u26bd F\u00fatbol<\/td><td>Promos para la Liga Profesional, Copa Argentina y partidos cl\u00e1sicos.<\/td><\/tr><tr><td>\ud83c\udfc0 B\u00e1squet<\/td><td>Bonos en la Liga Nacional y torneos internacionales.<\/td><\/tr><tr><td>\ud83c\udfbe Tenis<\/td><td>Apuestas gratis y cuotas mejoradas en torneos ATP y Grand Slam.<\/td><\/tr><tr><td>\ud83c\udfce\ufe0f Automovilismo<\/td><td>Incentivos por podios o vueltas r\u00e1pidas.<\/td><\/tr><tr><td>\ud83c\udfae Esports<\/td><td>Apuestas gratis y reembolsos en competencias de LoL, CS:GO y m\u00e1s.<\/td><\/tr><\/tbody><\/table><\/figure>\n\n\n\n<h2 class=\"wp-block-heading\"><span class=\"ez-toc-section\" id=\"que-revisar-antes-de-tomar-un-bono\"><\/span>Qu\u00e9 revisar antes de tomar un bono<span class=\"ez-toc-section-end\"><\/span><\/h2>\n\n\n\n<h3 class=\"wp-block-heading\"><span class=\"ez-toc-section\" id=\"requisitos-de-apuesta-rollover\"><\/span>Requisitos de apuesta (rollover)<span class=\"ez-toc-section-end\"><\/span><\/h3>\n\n\n\n<p>\u2705 Menos vueltas para apostar = m\u00e1s f\u00e1cil es sacar la plata.<br>\u274c Muchas vueltas complican liberar el bono.<\/p>\n\n\n\n<h3 class=\"wp-block-heading\"><span class=\"ez-toc-section\" id=\"cuotas-minimas\"><\/span>Cuotas m\u00ednimas<span class=\"ez-toc-section-end\"><\/span><\/h3>\n\n\n\n<p>\u2705 Cuotas altas garantizan apuestas con valor.<br>\u274c Cuotas bajas limitan opciones y dificultan cumplir condiciones.<\/p>\n\n\n\n<h3 class=\"wp-block-heading\"><span class=\"ez-toc-section\" id=\"deportes-o-mercados-validos\"><\/span>Deportes o mercados v\u00e1lidos<span class=\"ez-toc-section-end\"><\/span><\/h3>\n\n\n\n<p>\u2705 Bonos que cubran tus deportes favoritos.<br>\u274c Restricciones que limiten d\u00f3nde usar el bono.<\/p>\n\n\n\n<h3 class=\"wp-block-heading\"><span class=\"ez-toc-section\" id=\"plazo-para-usar-el-bono\"><\/span>Plazo para usar el bono<span class=\"ez-toc-section-end\"><\/span><\/h3>\n\n\n\n<p>\u2705 Plazos amplios para jugar tranquilo.<br>\u274c Plazos cortos te presionan a apostar r\u00e1pido.<\/p>\n\n\n\n<h3 class=\"wp-block-heading\"><span class=\"ez-toc-section\" id=\"metodos-de-pago-aceptados\"><\/span>M\u00e9todos de pago aceptados<span class=\"ez-toc-section-end\"><\/span><\/h3>\n\n\n\n<p>\u2705 Que acepten Mercado Pago, tarjetas y transferencias locales.<br>\u274c Que excluyan m\u00e9todos puede complicar activar el bono.<\/p>\n\n\n\n<p><em>\ud83d\udccc Oddsium revisa todo esto para recomendarte solo lo que vale la pena.<\/em><\/p>\n\n\n\n<h2 class=\"wp-block-heading\"><span class=\"ez-toc-section\" id=\"mejores-bonos-disponibles-en-argentina\"><\/span>Mejores bonos disponibles en Argentina<span class=\"ez-toc-section-end\"><\/span><\/h2>\n\n\n\n<figure class=\"wp-block-table\"><table class=\"has-fixed-layout\"><thead><tr><th>Casa de apuestas<\/th><th>Condiciones principales<\/th><\/tr><\/thead><tbody><tr><td>Betsson<\/td><td>Bono de 100% hasta $350.000 ARS por primer dep\u00f3sito. Dep\u00f3sito m\u00ednimo $500 ARS y cuotas desde 1,80 en adelante.<\/td><\/tr><tr><td>Codere<\/td><td>Bono 100% hasta $200.000 ARS. Dep\u00f3sito m\u00ednimo $1.000 ARS con cuotas m\u00ednimas de 2,50.<\/td><\/tr><tr><td>Bet365<\/td><td>Bono hasta $7.500 ARS con c\u00f3digo. Dep\u00f3sito m\u00ednimo $500 ARS con cuotas m\u00ednimas de 1,20.<\/td><\/tr><tr><td>Betano<\/td><td>Bono 100% hasta $300.000 ARS. Dep\u00f3sito m\u00ednimo $1.000 ARS con Cuotas m\u00ednimas de 1.75.<\/td><\/tr><\/tbody><\/table><\/figure>\n\n\n\n<p><em>\u26a0\ufe0f Los bonos pueden cambiar, en Oddsium actualizamos la info para que est\u00e9s siempre al d\u00eda.<\/em><\/p>\n\n\n\n<h2 class=\"wp-block-heading\"><span class=\"ez-toc-section\" id=\"como-activar-un-bono-sin-tanto-lio\"><\/span>C\u00f3mo activar un bono sin tanto l\u00edo<span class=\"ez-toc-section-end\"><\/span><\/h2>\n\n\n\n<ol class=\"wp-block-list\">\n<li>Eleg\u00ed la casa con el bono que m\u00e1s te guste.<\/li>\n\n\n\n<li>Registr\u00e1te y verific\u00e1 tu cuenta.<\/li>\n\n\n\n<li>Ingres\u00e1 el c\u00f3digo si lo pide, si no, segu\u00ed normal.<\/li>\n\n\n\n<li>Hac\u00e9 el dep\u00f3sito m\u00ednimo.<\/li>\n\n\n\n<li>Ped\u00ed el bono o acept\u00e1 los t\u00e9rminos al registrarte.<\/li>\n<\/ol>\n\n\n\n<p><em>\ud83d\udccc<\/em> <em>Record\u00e1 cumplir los requisitos antes de retirar la plata.<\/em><\/p>\n\n\n\n<h2 class=\"wp-block-heading\"><span class=\"ez-toc-section\" id=\"%c2%bfpor-que-confiar-en-oddsium-para-elegir-los-mejores-bonos\"><\/span>\u00bfPor qu\u00e9 confiar en Oddsium para elegir los mejores bonos?<span class=\"ez-toc-section-end\"><\/span><\/h2>\n\n\n\n<p>En Oddsium, te bancamos para que apost\u00e9s con toda la data y sin vueltas. Probamos las plataformas, chequeamos las mejores promos, y te ofrecemos el <a href=\"https:\/\/oddsium.com\/ar\/cuotas\/\" title=\"\">mejor comparador de cuotas de Argentina<\/a> para que no te compliques al buscar la mejor opci\u00f3n. Si quer\u00e9s conocer los bonos m\u00e1s copados en Argentina, cont\u00e1 con nosotros.<\/p>\n","protected":false},"excerpt":{"rendered":"<p>Si quer\u00e9s apostar online y sacar el m\u00e1ximo provecho a tu inversi\u00f3n, lo fundamental es que vos aproveches los&nbsp;bonos&nbsp;que ofrecen las casas de apuestas. Estos bonos son la herramienta clave para que aument\u00e9s tu capital inicial y mejores tus chances de ganar. En Argentina, las plataformas legales cuentan con promociones dise\u00f1adas para acompa\u00f1arte desde el [&hellip;]<\/p>\n","protected":false},"author":3,"featured_media":401,"parent":89,"menu_order":0,"comment_status":"closed","ping_status":"closed","template":"betting.php","meta":{"_acf_changed":false,"om_disable_all_campaigns":false,"footnotes":""},"class_list":["post-231","page","type-page","status-publish","has-post-thumbnail","hentry"],"acf":[],"aioseo_notices":[],"_links":{"self":[{"href":"https:\/\/oddsium.com\/ar\/wp-json\/wp\/v2\/pages\/231","targetHints":{"allow":["GET"]}}],"collection":[{"href":"https:\/\/oddsium.com\/ar\/wp-json\/wp\/v2\/pages"}],"about":[{"href":"https:\/\/oddsium.com\/ar\/wp-json\/wp\/v2\/types\/page"}],"author":[{"embeddable":true,"href":"https:\/\/oddsium.com\/ar\/wp-json\/wp\/v2\/users\/3"}],"replies":[{"embeddable":true,"href":"https:\/\/oddsium.com\/ar\/wp-json\/wp\/v2\/comments?post=231"}],"version-history":[{"count":0,"href":"https:\/\/oddsium.com\/ar\/wp-json\/wp\/v2\/pages\/231\/revisions"}],"up":[{"embeddable":true,"href":"https:\/\/oddsium.com\/ar\/wp-json\/wp\/v2\/pages\/89"}],"wp:featuredmedia":[{"embeddable":true,"href":"https:\/\/oddsium.com\/ar\/wp-json\/wp\/v2\/media\/401"}],"wp:attachment":[{"href":"https:\/\/oddsium.com\/ar\/wp-json\/wp\/v2\/media?parent=231"}],"curies":[{"name":"wp","href":"https:\/\/api.w.org\/{rel}","templated":true}]}}