{"id":234,"date":"2025-05-22T08:35:29","date_gmt":"2025-05-22T08:35:29","guid":{"rendered":"https:\/\/oddsium.wpenginepowered.com\/co\/?page_id=234"},"modified":"2025-08-22T22:41:14","modified_gmt":"2025-08-22T22:41:14","slug":"mejores-codigos-promocionales-en-apuestas-online-en-argentina","status":"publish","type":"page","link":"https:\/\/oddsium.com\/ar\/casas-de-apuestas\/mejores-codigos-promocionales-en-apuestas-online-en-argentina\/","title":{"rendered":"Mejores c\u00f3digos promocionales en apuestas online en Argentina"},"content":{"rendered":"\n<p>Apostar online en Argentina es mucho m\u00e1s rentable cuando aprovech\u00e1s los c\u00f3digos promocionales que ofrecen las casas de apuestas. Estos c\u00f3digos te permiten acceder a bonos exclusivos, apuestas gratis y duplicar tu primer dep\u00f3sito, d\u00e1ndote m\u00e1s chances para jugar y ganar desde el primer momento. Usar estos beneficios es fundamental para maximizar tu inversi\u00f3n y mejorar tu experiencia de juego.<\/p>\n\n\n\n<p>Para vos que apost\u00e1s en Argentina, los c\u00f3digos promocionales son como un as bajo la manga. Estos pueden transformar tus <a href=\"https:\/\/oddsium.com\/ar\/apuestas-deportivas\/\" title=\"\">apuestas deportivas en Argentina<\/a> en jugadas exitosas.<\/p>\n\n\n\n<p>En Oddsium, te guiamos paso a paso para que domines los c\u00f3digos promocionales y aproveches las cuotas m\u00e1s tentadoras. Segu\u00ed leyendo.<\/p>\n\n\n\n<div id=\"ez-toc-container\" class=\"ez-toc-v2_0_81 counter-hierarchy ez-toc-counter ez-toc-grey ez-toc-container-direction\">\n<div class=\"ez-toc-title-container\">\n<p class=\"ez-toc-title\" style=\"cursor:inherit\">Table of Contents<\/p>\n<span class=\"ez-toc-title-toggle\"><a href=\"#\" class=\"ez-toc-pull-right ez-toc-btn ez-toc-btn-xs ez-toc-btn-default ez-toc-toggle\" aria-label=\"Toggle Table of Content\"><span class=\"ez-toc-js-icon-con\"><span class=\"\"><span class=\"eztoc-hide\" style=\"display:none;\">Toggle<\/span><span class=\"ez-toc-icon-toggle-span\"><svg style=\"fill: #999;color:#999\" xmlns=\"http:\/\/www.w3.org\/2000\/svg\" class=\"list-377408\" width=\"20px\" height=\"20px\" viewBox=\"0 0 24 24\" fill=\"none\"><path d=\"M6 6H4v2h2V6zm14 0H8v2h12V6zM4 11h2v2H4v-2zm16 0H8v2h12v-2zM4 16h2v2H4v-2zm16 0H8v2h12v-2z\" fill=\"currentColor\"><\/path><\/svg><svg style=\"fill: #999;color:#999\" class=\"arrow-unsorted-368013\" xmlns=\"http:\/\/www.w3.org\/2000\/svg\" width=\"10px\" height=\"10px\" viewBox=\"0 0 24 24\" version=\"1.2\" baseProfile=\"tiny\"><path d=\"M18.2 9.3l-6.2-6.3-6.2 6.3c-.2.2-.3.4-.3.7s.1.5.3.7c.2.2.4.3.7.3h11c.3 0 .5-.1.7-.3.2-.2.3-.5.3-.7s-.1-.5-.3-.7zM5.8 14.7l6.2 6.3 6.2-6.3c.2-.2.3-.5.3-.7s-.1-.5-.3-.7c-.2-.2-.4-.3-.7-.3h-11c-.3 0-.5.1-.7.3-.2.2-.3.5-.3.7s.1.5.3.7z\"\/><\/svg><\/span><\/span><\/span><\/a><\/span><\/div>\n<nav><ul class='ez-toc-list ez-toc-list-level-1 ' ><li class='ez-toc-page-1 ez-toc-heading-level-2'><a class=\"ez-toc-link ez-toc-heading-1\" href=\"https:\/\/oddsium.com\/ar\/casas-de-apuestas\/mejores-codigos-promocionales-en-apuestas-online-en-argentina\/#%c2%bfcomo-funciona-un-codigo-promocional\" >\u00bfC\u00f3mo funciona un c\u00f3digo promocional?<\/a><\/li><li class='ez-toc-page-1 ez-toc-heading-level-2'><a class=\"ez-toc-link ez-toc-heading-2\" href=\"https:\/\/oddsium.com\/ar\/casas-de-apuestas\/mejores-codigos-promocionales-en-apuestas-online-en-argentina\/#tipos-de-ofertas-que-activas-con-un-codigo-promocional\" >Tipos de ofertas que activ\u00e1s con un c\u00f3digo promocional<\/a><\/li><li class='ez-toc-page-1 ez-toc-heading-level-2'><a class=\"ez-toc-link ez-toc-heading-3\" href=\"https:\/\/oddsium.com\/ar\/casas-de-apuestas\/mejores-codigos-promocionales-en-apuestas-online-en-argentina\/#sitios-de-apuestas-en-argentina-que-ofrecen-codigos-promocionales\" >Sitios de apuestas en argentina que ofrecen c\u00f3digos promocionales<\/a><\/li><li class='ez-toc-page-1 ez-toc-heading-level-2'><a class=\"ez-toc-link ez-toc-heading-4\" href=\"https:\/\/oddsium.com\/ar\/casas-de-apuestas\/mejores-codigos-promocionales-en-apuestas-online-en-argentina\/#%c2%bfcomo-usar-un-codigo-promocional-sin-enredos\" >\u00bfC\u00f3mo usar un c\u00f3digo promocional sin enredos?<\/a><\/li><li class='ez-toc-page-1 ez-toc-heading-level-2'><a class=\"ez-toc-link ez-toc-heading-5\" href=\"https:\/\/oddsium.com\/ar\/casas-de-apuestas\/mejores-codigos-promocionales-en-apuestas-online-en-argentina\/#preguntas-frecuentes\" >Preguntas frecuentes<\/a><ul class='ez-toc-list-level-3' ><li class='ez-toc-heading-level-3'><a class=\"ez-toc-link ez-toc-heading-6\" href=\"https:\/\/oddsium.com\/ar\/casas-de-apuestas\/mejores-codigos-promocionales-en-apuestas-online-en-argentina\/#%c2%bfpuedo-usar-mas-de-un-codigo-promocional\" >\u00bfPuedo usar m\u00e1s de un c\u00f3digo promocional?<\/a><\/li><li class='ez-toc-page-1 ez-toc-heading-level-3'><a class=\"ez-toc-link ez-toc-heading-7\" href=\"https:\/\/oddsium.com\/ar\/casas-de-apuestas\/mejores-codigos-promocionales-en-apuestas-online-en-argentina\/#%c2%bfy-si-no-meto-el-codigo-al-registrarme\" >\u00bfY si no meto el c\u00f3digo al registrarme?<\/a><\/li><li class='ez-toc-page-1 ez-toc-heading-level-3'><a class=\"ez-toc-link ez-toc-heading-8\" href=\"https:\/\/oddsium.com\/ar\/casas-de-apuestas\/mejores-codigos-promocionales-en-apuestas-online-en-argentina\/#%c2%bflos-codigos-tienen-fecha-de-vencimiento\" >\u00bfLos c\u00f3digos tienen fecha de vencimiento?<\/a><\/li><li class='ez-toc-page-1 ez-toc-heading-level-3'><a class=\"ez-toc-link ez-toc-heading-9\" href=\"https:\/\/oddsium.com\/ar\/casas-de-apuestas\/mejores-codigos-promocionales-en-apuestas-online-en-argentina\/#%c2%bfpuedo-retirar-el-bono-de-una-vez\" >\u00bfPuedo retirar el bono de una vez?<\/a><\/li><\/ul><\/li><li class='ez-toc-page-1 ez-toc-heading-level-2'><a class=\"ez-toc-link ez-toc-heading-10\" href=\"https:\/\/oddsium.com\/ar\/casas-de-apuestas\/mejores-codigos-promocionales-en-apuestas-online-en-argentina\/#%f0%9f%8e%af%c2%bfpor-que-confiar-en-oddsium-para-conseguir-los-mejores-codigos\" >\ud83c\udfaf\u00bfPor qu\u00e9 confiar en Oddsium para conseguir los mejores c\u00f3digos?<\/a><ul class='ez-toc-list-level-3' ><li class='ez-toc-heading-level-3'><a class=\"ez-toc-link ez-toc-heading-11\" href=\"https:\/\/oddsium.com\/ar\/casas-de-apuestas\/mejores-codigos-promocionales-en-apuestas-online-en-argentina\/#%f0%9f%93%8c-consejo-final\" >\ud83d\udccc&nbsp;Consejo final<\/a><\/li><\/ul><\/li><\/ul><\/nav><\/div>\n<h2 class=\"wp-block-heading\" id=\"cmo-funciona-un-cdigo-promocional\"><span class=\"ez-toc-section\" id=\"%c2%bfcomo-funciona-un-codigo-promocional\"><\/span>\u00bfC\u00f3mo funciona un c\u00f3digo promocional?<span class=\"ez-toc-section-end\"><\/span><\/h2>\n\n\n\n<p>Un c\u00f3digo promocional es una combinaci\u00f3n de letras y n\u00fameros que ingres\u00e1s cuando te registr\u00e1s o hac\u00e9s un dep\u00f3sito en una casa de apuestas. Al activarlo, desbloque\u00e1s beneficios exclusivos como bonos en guita, apuestas gratis o cuotas mejoradas.<\/p>\n\n\n\n<p><strong>Ejemplo<\/strong>:&nbsp;ODDSIUM100<\/p>\n\n\n\n<p>Estos c\u00f3digos son un incentivo para que arranques con m\u00e1s guita o mejores condiciones, aumentando las chances de ganar sin arriesgar tanto tu bolsillo.<\/p>\n\n\n\n<h2 class=\"wp-block-heading\" id=\"tipos-de-ofertas-que-activs-con-un-cdigo-promocion\"><span class=\"ez-toc-section\" id=\"tipos-de-ofertas-que-activas-con-un-codigo-promocional\"><\/span>Tipos de ofertas que activ\u00e1s con un c\u00f3digo promocional<span class=\"ez-toc-section-end\"><\/span><\/h2>\n\n\n\n<p>En Argentina, los c\u00f3digos promocionales suelen activar varios tipos de bonos, los m\u00e1s comunes son:<\/p>\n\n\n\n<p>\ud83d\udfe1<strong>Bonos de bienvenida:<\/strong>&nbsp;Plata extra para apostar despu\u00e9s de tu primer dep\u00f3sito, que puede llegar hasta varios cientos de miles de pesos argentinos.<br>\ud83d\udfe1<strong>Apuestas gratis:<\/strong>&nbsp;Cr\u00e9ditos para jugar sin poner un peso de tu bolsillo.<br>\ud83d\udfe1<strong>Cuotas mejoradas:<\/strong>&nbsp;Suben temporalmente las cuotas en ciertos eventos para que la ganancia sea m\u00e1s jugosa.<br>\ud83d\udfe1<strong>Bonos sin dep\u00f3sito:<\/strong>&nbsp;Premios que no requieren que metas plata para activarlos.<br>\ud83d\udfe1<strong>Promos especiales:<\/strong>&nbsp;Bonos exclusivos para eventos locales como la Liga Profesional o la selecci\u00f3n argentina, con cuotas hechas a medida.<\/p>\n\n\n\n<p><em>\ud83d\udccc Cada oferta tiene sus t\u00e9rminos y condiciones, pero todas buscan darte ese plus para que le saques el jugo a las cuotas y mercados.<\/em><\/p>\n\n\n\n<h2 class=\"wp-block-heading\" id=\"casas-de-apuestas-en-argentina-con-cdigos-promocio\"><span class=\"ez-toc-section\" id=\"sitios-de-apuestas-en-argentina-que-ofrecen-codigos-promocionales\"><\/span>Sitios de apuestas en argentina que ofrecen c\u00f3digos promocionales<span class=\"ez-toc-section-end\"><\/span><\/h2>\n\n\n\n<p>Estas son las casas que en 2025 tienen los mejores bonos y cuotas para que le saques todo el provecho a tus apuestas. Todas con licencia vigente y funciones increibles: <\/p>\n\n\n\n<p>\u2714\ufe0f<strong>Betano<\/strong><br>Bono de bienvenida del 100% hasta $300.000 ARS + apuesta gratis de $15.000 ARS con el c\u00f3digo promocional.<\/p>\n\n\n\n<p>\u2714\ufe0f<strong>Betsson<\/strong><br>Bono de bienvenida del 100% hasta $200.000 ARS con el c\u00f3digo promocional.<\/p>\n\n\n\n<p>\u2714\ufe0f<strong>Codere<\/strong><br>Bono de bienvenida del 100% hasta $200.000 ARS con c\u00f3digo promocional.<\/p>\n\n\n\n<p><em>\u26a0\ufe0f Los c\u00f3digos promocionales cambian seguido, pero en Oddsium siempre ten\u00e9s la data al d\u00eda para que no te pierdas ninguna promo.<\/em><\/p>\n\n\n\n<h2 class=\"wp-block-heading\" id=\"cmo-usar-un-cdigo-promocional-sin-enredos\"><span class=\"ez-toc-section\" id=\"%c2%bfcomo-usar-un-codigo-promocional-sin-enredos\"><\/span>\u00bfC\u00f3mo usar un c\u00f3digo promocional sin enredos?<span class=\"ez-toc-section-end\"><\/span><\/h2>\n\n\n\n<p>1\ufe0f\u20e3Eleg\u00ed una casa de apuestas legal con licencia vigente.<br>2\ufe0f\u20e3Registrate y busc\u00e1 d\u00f3nde meter el c\u00f3digo promocional.<br>3\ufe0f\u20e3Ingres\u00e1 el c\u00f3digo tal cual, sin errores ni espacios.<br>4\ufe0f\u20e3Hac\u00e9 el primer dep\u00f3sito si la promo lo pide.<br>5\ufe0f\u20e3Activ\u00e1 el bono si no se aplica solo.<br>6\ufe0f\u20e3Le\u00e9 bien los t\u00e9rminos para entender requisitos y vigencia.<br>7\ufe0f\u20e3Aprovech\u00e1 las cuotas mejoradas y bonos para sacarle el m\u00e1ximo a tus ganancias.<\/p>\n\n\n\n<h2 class=\"wp-block-heading\" id=\"preguntas-frecuentes\"><span class=\"ez-toc-section\" id=\"preguntas-frecuentes\"><\/span>Preguntas frecuentes<span class=\"ez-toc-section-end\"><\/span><\/h2>\n\n\n\n<h3 class=\"wp-block-heading\"><span class=\"ez-toc-section\" id=\"%c2%bfpuedo-usar-mas-de-un-codigo-promocional\"><\/span><strong>\u00bfPuedo usar m\u00e1s de un c\u00f3digo promocional?<\/strong><span class=\"ez-toc-section-end\"><\/span><\/h3>\n\n\n\n<p>No, las casas legales solo permiten uno por usuario para evitar que se aprovechen.<\/p>\n\n\n\n<h3 class=\"wp-block-heading\"><span class=\"ez-toc-section\" id=\"%c2%bfy-si-no-meto-el-codigo-al-registrarme\"><\/span><strong>\u00bfY si no meto el c\u00f3digo al registrarme?<\/strong><span class=\"ez-toc-section-end\"><\/span><\/h3>\n\n\n\n<p>No vas a poder acceder a la promo que viene con ese c\u00f3digo, as\u00ed que ojo con eso.<\/p>\n\n\n\n<h3 class=\"wp-block-heading\"><span class=\"ez-toc-section\" id=\"%c2%bflos-codigos-tienen-fecha-de-vencimiento\"><\/span><strong>\u00bfLos c\u00f3digos tienen fecha de vencimiento?<\/strong><span class=\"ez-toc-section-end\"><\/span><\/h3>\n\n\n\n<p>S\u00ed, casi siempre tienen tiempo limitado, as\u00ed que usalos r\u00e1pido antes que se caigan.<\/p>\n\n\n\n<h3 class=\"wp-block-heading\"><span class=\"ez-toc-section\" id=\"%c2%bfpuedo-retirar-el-bono-de-una-vez\"><\/span><strong>\u00bfPuedo retirar el bono de una vez?<\/strong><span class=\"ez-toc-section-end\"><\/span><\/h3>\n\n\n\n<p>No, primero ten\u00e9s que cumplir con los requisitos de apuesta, que suelen ser apostar cierta cantidad con cuotas m\u00ednimas.<\/p>\n\n\n\n<h2 class=\"wp-block-heading\"><span class=\"ez-toc-section\" id=\"%f0%9f%8e%af%c2%bfpor-que-confiar-en-oddsium-para-conseguir-los-mejores-codigos\"><\/span>\ud83c\udfaf<strong>\u00bfPor qu\u00e9 confiar en Oddsium para conseguir los mejores c\u00f3digos?<\/strong><span class=\"ez-toc-section-end\"><\/span><\/h2>\n\n\n\n<p>En Oddsium estamos al d\u00eda revisando que los c\u00f3digos est\u00e9n vigentes, sean seguros y tengan buenas condiciones. Adem\u00e1s, hacemos una <a href=\"https:\/\/oddsium.com\/ar\/cuotas\/\" title=\"\">comparaci\u00f3n de cuotas en Argentina<\/a> para que elijas lo mejor seg\u00fan tu estilo y deportes favoritos. Con nosotros, evit\u00e1s fraudes y solo acced\u00e9s a promos que realmente valen la pena.<\/p>\n\n\n\n<h3 class=\"wp-block-heading\"><span class=\"ez-toc-section\" id=\"%f0%9f%93%8c-consejo-final\"><\/span>\ud83d\udccc&nbsp;<strong>Consejo final<\/strong><span class=\"ez-toc-section-end\"><\/span><\/h3>\n\n\n\n<p>Si quer\u00e9s sacarle todo el jugo a tus apuestas online, us\u00e1 solo c\u00f3digos promocionales de casas legales en Argentina. Le\u00e9 bien los t\u00e9rminos, apost\u00e1 con cabeza y aprovech\u00e1 las cuotas mejoradas para que tus ganancias suban como la espuma. \u00a1\u00c9xitos y a meterle!<\/p>\n","protected":false},"excerpt":{"rendered":"<p>Apostar online en Argentina es mucho m\u00e1s rentable cuando aprovech\u00e1s los c\u00f3digos promocionales que ofrecen las casas de apuestas. Estos c\u00f3digos te permiten acceder a bonos exclusivos, apuestas gratis y duplicar tu primer dep\u00f3sito, d\u00e1ndote m\u00e1s chances para jugar y ganar desde el primer momento. Usar estos beneficios es fundamental para maximizar tu inversi\u00f3n y [&hellip;]<\/p>\n","protected":false},"author":3,"featured_media":404,"parent":89,"menu_order":0,"comment_status":"closed","ping_status":"closed","template":"betting.php","meta":{"_acf_changed":false,"om_disable_all_campaigns":false,"footnotes":""},"class_list":["post-234","page","type-page","status-publish","has-post-thumbnail","hentry"],"acf":[],"aioseo_notices":[],"_links":{"self":[{"href":"https:\/\/oddsium.com\/ar\/wp-json\/wp\/v2\/pages\/234","targetHints":{"allow":["GET"]}}],"collection":[{"href":"https:\/\/oddsium.com\/ar\/wp-json\/wp\/v2\/pages"}],"about":[{"href":"https:\/\/oddsium.com\/ar\/wp-json\/wp\/v2\/types\/page"}],"author":[{"embeddable":true,"href":"https:\/\/oddsium.com\/ar\/wp-json\/wp\/v2\/users\/3"}],"replies":[{"embeddable":true,"href":"https:\/\/oddsium.com\/ar\/wp-json\/wp\/v2\/comments?post=234"}],"version-history":[{"count":0,"href":"https:\/\/oddsium.com\/ar\/wp-json\/wp\/v2\/pages\/234\/revisions"}],"up":[{"embeddable":true,"href":"https:\/\/oddsium.com\/ar\/wp-json\/wp\/v2\/pages\/89"}],"wp:featuredmedia":[{"embeddable":true,"href":"https:\/\/oddsium.com\/ar\/wp-json\/wp\/v2\/media\/404"}],"wp:attachment":[{"href":"https:\/\/oddsium.com\/ar\/wp-json\/wp\/v2\/media?parent=234"}],"curies":[{"name":"wp","href":"https:\/\/api.w.org\/{rel}","templated":true}]}}