{"id":236,"date":"2025-05-22T08:38:50","date_gmt":"2025-05-22T08:38:50","guid":{"rendered":"https:\/\/oddsium.wpenginepowered.com\/co\/?page_id=236"},"modified":"2025-09-14T19:50:08","modified_gmt":"2025-09-14T19:50:08","slug":"comparacion-de-las-mejores-cuotas-de-futbol","status":"publish","type":"page","link":"https:\/\/oddsium.com\/ar\/cuotas\/comparacion-de-las-mejores-cuotas-de-futbol\/","title":{"rendered":"Comparaci\u00f3n de las mejores cuotas de f\u00fatbol\u00a0"},"content":{"rendered":"\n<p>Si sos un experto en el f\u00fatbol y te gusta apostar, sab\u00e9s que no alcanza con elegir al equipo de siempre. Comparar cuotas de f\u00fatbol es la posta para que tus apuestas rindan y no se queden en simples ilusiones. Ac\u00e1 en Argentina, las cuotas pueden variar bastante entre casas, tener la data al d\u00eda es clave para que tu guita no se te escape.<\/p>\n\n\n\n<p>En Oddsium te damos la herramienta para que encontr\u00e9s las cuotas m\u00e1s altas y las mejores oportunidades en cada partido. Ac\u00e1 te contamos qu\u00e9 hacer para que tus <a href=\"https:\/\/oddsium.com\/ar\/apuestas-deportivas\/futbol\/\" title=\"\">apuestas en f\u00fatbol desde Argentina<\/a> tengan mejor rendimiento y tu bolsillo lo sienta.<\/p>\n\n\n\n<div id=\"ez-toc-container\" class=\"ez-toc-v2_0_81 counter-hierarchy ez-toc-counter ez-toc-grey ez-toc-container-direction\">\n<div class=\"ez-toc-title-container\">\n<p class=\"ez-toc-title\" style=\"cursor:inherit\">Table of Contents<\/p>\n<span class=\"ez-toc-title-toggle\"><a href=\"#\" class=\"ez-toc-pull-right ez-toc-btn ez-toc-btn-xs ez-toc-btn-default ez-toc-toggle\" aria-label=\"Toggle Table of Content\"><span class=\"ez-toc-js-icon-con\"><span class=\"\"><span class=\"eztoc-hide\" style=\"display:none;\">Toggle<\/span><span class=\"ez-toc-icon-toggle-span\"><svg style=\"fill: #999;color:#999\" xmlns=\"http:\/\/www.w3.org\/2000\/svg\" class=\"list-377408\" width=\"20px\" height=\"20px\" viewBox=\"0 0 24 24\" fill=\"none\"><path d=\"M6 6H4v2h2V6zm14 0H8v2h12V6zM4 11h2v2H4v-2zm16 0H8v2h12v-2zM4 16h2v2H4v-2zm16 0H8v2h12v-2z\" fill=\"currentColor\"><\/path><\/svg><svg style=\"fill: #999;color:#999\" class=\"arrow-unsorted-368013\" xmlns=\"http:\/\/www.w3.org\/2000\/svg\" width=\"10px\" height=\"10px\" viewBox=\"0 0 24 24\" version=\"1.2\" baseProfile=\"tiny\"><path d=\"M18.2 9.3l-6.2-6.3-6.2 6.3c-.2.2-.3.4-.3.7s.1.5.3.7c.2.2.4.3.7.3h11c.3 0 .5-.1.7-.3.2-.2.3-.5.3-.7s-.1-.5-.3-.7zM5.8 14.7l6.2 6.3 6.2-6.3c.2-.2.3-.5.3-.7s-.1-.5-.3-.7c-.2-.2-.4-.3-.7-.3h-11c-.3 0-.5.1-.7.3-.2.2-.3.5-.3.7s.1.5.3.7z\"\/><\/svg><\/span><\/span><\/span><\/a><\/span><\/div>\n<nav><ul class='ez-toc-list ez-toc-list-level-1 ' ><li class='ez-toc-page-1 ez-toc-heading-level-2'><a class=\"ez-toc-link ez-toc-heading-1\" href=\"https:\/\/oddsium.com\/ar\/cuotas\/comparacion-de-las-mejores-cuotas-de-futbol\/#%c2%bfpor-que-es-clave-comparar-cuotas-antes-de-apostar-en-futbol\" >\u00bfPor qu\u00e9 es clave comparar cuotas antes de apostar en f\u00fatbol?<\/a><\/li><li class='ez-toc-page-1 ez-toc-heading-level-2'><a class=\"ez-toc-link ez-toc-heading-2\" href=\"https:\/\/oddsium.com\/ar\/cuotas\/comparacion-de-las-mejores-cuotas-de-futbol\/#mercados-que-no-podes-dejar-pasar-al-comparar-cuotas-en-futbol\" >Mercados que no pod\u00e9s dejar pasar al comparar cuotas en f\u00fatbol<\/a><\/li><li class='ez-toc-page-1 ez-toc-heading-level-2'><a class=\"ez-toc-link ez-toc-heading-3\" href=\"https:\/\/oddsium.com\/ar\/cuotas\/comparacion-de-las-mejores-cuotas-de-futbol\/#preguntas-frecuentes\" >Preguntas frecuentes<\/a><ul class='ez-toc-list-level-3' ><li class='ez-toc-heading-level-3'><a class=\"ez-toc-link ez-toc-heading-4\" href=\"https:\/\/oddsium.com\/ar\/cuotas\/comparacion-de-las-mejores-cuotas-de-futbol\/#%c2%bfes-seguro-apostar-en-las-casas-recomendadas-por-oddsium\" >\u00bfEs seguro apostar en las casas recomendadas por Oddsium?<\/a><\/li><li class='ez-toc-page-1 ez-toc-heading-level-3'><a class=\"ez-toc-link ez-toc-heading-5\" href=\"https:\/\/oddsium.com\/ar\/cuotas\/comparacion-de-las-mejores-cuotas-de-futbol\/#%c2%bfque-consejos-me-dan-para-apostar-mejor-en-futbol\" >\u00bfQu\u00e9 consejos me dan para apostar mejor en f\u00fatbol?<\/a><\/li><li class='ez-toc-page-1 ez-toc-heading-level-3'><a class=\"ez-toc-link ez-toc-heading-6\" href=\"https:\/\/oddsium.com\/ar\/cuotas\/comparacion-de-las-mejores-cuotas-de-futbol\/#%c2%bfcomo-se-cual-es-la-mejor-cuota-para-un-partido\" >\u00bfC\u00f3mo s\u00e9 cu\u00e1l es la mejor cuota para un partido?<\/a><\/li><\/ul><\/li><li class='ez-toc-page-1 ez-toc-heading-level-2'><a class=\"ez-toc-link ez-toc-heading-7\" href=\"https:\/\/oddsium.com\/ar\/cuotas\/comparacion-de-las-mejores-cuotas-de-futbol\/#%c2%bfcomo-me-facilita-oddsium-la-comparacion-de-cuotas-de-futbol-en-argentina\" >\u00bfC\u00f3mo me facilita Oddsium la comparaci\u00f3n de cuotas de f\u00fatbol en Argentina?<\/a><\/li><\/ul><\/nav><\/div>\n<h2 class=\"wp-block-heading\"><span class=\"ez-toc-section\" id=\"%c2%bfpor-que-es-clave-comparar-cuotas-antes-de-apostar-en-futbol\"><\/span>\u00bfPor qu\u00e9 es clave comparar cuotas antes de apostar en f\u00fatbol? <span class=\"ez-toc-section-end\"><\/span><\/h2>\n\n\n\n<figure class=\"wp-block-image size-large\"><img loading=\"lazy\" decoding=\"async\" width=\"1024\" height=\"726\" src=\"https:\/\/oddsium.com\/ar\/wp-content\/uploads\/sites\/22\/2025\/09\/atleta-jugando-al-futbol-en-Argentina-1024x726.jpg\" alt=\"\" class=\"wp-image-670\" srcset=\"https:\/\/oddsium.com\/ar\/wp-content\/uploads\/sites\/22\/2025\/09\/atleta-jugando-al-futbol-en-Argentina-1024x726.jpg 1024w, https:\/\/oddsium.com\/ar\/wp-content\/uploads\/sites\/22\/2025\/09\/atleta-jugando-al-futbol-en-Argentina-300x213.jpg 300w, https:\/\/oddsium.com\/ar\/wp-content\/uploads\/sites\/22\/2025\/09\/atleta-jugando-al-futbol-en-Argentina-768x545.jpg 768w, https:\/\/oddsium.com\/ar\/wp-content\/uploads\/sites\/22\/2025\/09\/atleta-jugando-al-futbol-en-Argentina-1536x1090.jpg 1536w, https:\/\/oddsium.com\/ar\/wp-content\/uploads\/sites\/22\/2025\/09\/atleta-jugando-al-futbol-en-Argentina.jpg 1748w\" sizes=\"auto, (max-width: 1024px) 100vw, 1024px\" \/><\/figure>\n\n\n\n<p>El f\u00fatbol mueve pasiones y tambi\u00e9n guita. Pero ojo, no todas las casas de apuestas ofrecen buenas cuotas para los partidos m\u00e1s picantes. A veces, una diferencia m\u00ednima puede hacer que tu premio suba o baje un mont\u00f3n. Apostar sin comparar es como jugar sin camiseta: te expon\u00e9s y perd\u00e9s chances. Estas son ventajas de comparar cuotas antes de apostar: <\/p>\n\n\n\n<p>\u2705Pod\u00e9s multiplicar tus ganancias sin poner m\u00e1s plata.<\/p>\n\n\n\n<p>\u2705Evit\u00e1s perder guita apostando en casas con cuotas bajas.<\/p>\n\n\n\n<p>\u2705Arm\u00e1s una estrategia de juego basada en la cuota.<\/p>\n\n\n\n<p>\u2705Aprovech\u00e1s los <a href=\"https:\/\/oddsium.com\/ar\/casas-de-apuestas\/mejores-bonos-de-apuestas-online-en-argentina\/\" title=\"\">mejores bonos de apuestas online en Argentina<\/a> para ganar m\u00e1s.<\/p>\n\n\n\n<p><em>\ud83c\udfaf Con Oddsium ten\u00e9s un aliado que te muestra al toque d\u00f3nde est\u00e1n las cuotas m\u00e1s jugosas.<\/em><\/p>\n\n\n\n<h2 class=\"wp-block-heading\"><span class=\"ez-toc-section\" id=\"mercados-que-no-podes-dejar-pasar-al-comparar-cuotas-en-futbol\"><\/span>Mercados que no pod\u00e9s dejar pasar al comparar cuotas en f\u00fatbol <span class=\"ez-toc-section-end\"><\/span><\/h2>\n\n\n\n<p>\ud83d\udd38&nbsp;<strong>Resultado final (1X2)<\/strong><br>El mercado m\u00e1s com\u00fan donde apost\u00e1s por el ganador o empate. Aunque parezca b\u00e1sico, la diferencia en cuotas puede ser la que te haga ganar m\u00e1s.<\/p>\n\n\n\n<p>\ud83d\udd38&nbsp;<strong>Ambos equipos anotan y M\u00e1s\/Menos goles<\/strong><br>\u00bfCre\u00e9s que los dos equipos van a meter gol? \u00bfO que habr\u00e1 m\u00e1s o menos goles en total? Este mercado es para los que saben leer el partido y quieren apostar con data.<\/p>\n\n\n\n<p>\ud83d\udd38&nbsp;<strong>Goleador (primero o cualquiera)<\/strong><br>Apostar por qui\u00e9n va a marcar primero o qui\u00e9n ser\u00e1 el goleador puede ser muy rentable, pero solo si eleg\u00eds la casa con la mejor cuota.<\/p>\n\n\n\n<p>\ud83d\udd38&nbsp;<strong>Parley<\/strong><br>Juntar resultados o mercados de varios partidos multiplica las cuotas, pero tambi\u00e9n el riesgo. Por eso, comparar es clave para sacar el m\u00e1ximo provecho.<\/p>\n\n\n\n<p>\ud83d\udd38&nbsp;<strong>H\u00e1ndicap asi\u00e1tico y minutos de gol<\/strong><br>Mercados m\u00e1s avanzados que ofrecen opciones para apostar con m\u00e1s precisi\u00f3n. Ac\u00e1, una buena comparaci\u00f3n puede marcar la diferencia entre ganar o perder.<\/p>\n\n\n\n<p><em>\ud83d\udccc Una diferencia chiquita en la cuota puede transformar una apuesta combinada en una ganancia mucho m\u00e1s grande.<\/em><\/p>\n\n\n\n<h2 class=\"wp-block-heading\"><span class=\"ez-toc-section\" id=\"preguntas-frecuentes\"><\/span>Preguntas frecuentes <span class=\"ez-toc-section-end\"><\/span><\/h2>\n\n\n\n<h3 class=\"wp-block-heading\"><span class=\"ez-toc-section\" id=\"%c2%bfes-seguro-apostar-en-las-casas-recomendadas-por-oddsium\"><\/span><strong>\u00bfEs seguro apostar en las casas recomendadas por Oddsium?<\/strong><span class=\"ez-toc-section-end\"><\/span><\/h3>\n\n\n\n<p>S\u00ed, todas est\u00e1n reguladas y tienen m\u00e9todos de pago seguros, adem\u00e1s de atenci\u00f3n al cliente confiable para apostadores en Argentina.<\/p>\n\n\n\n<h3 class=\"wp-block-heading\"><span class=\"ez-toc-section\" id=\"%c2%bfque-consejos-me-dan-para-apostar-mejor-en-futbol\"><\/span><strong>\u00bfQu\u00e9 consejos me dan para apostar mejor en f\u00fatbol?<\/strong><span class=\"ez-toc-section-end\"><\/span><\/h3>\n\n\n\n<p>Estudi\u00e1 el rendimiento de equipos y jugadores, compar\u00e1 siempre las cuotas, aprovech\u00e1 bonos y promociones, us\u00e1 Oddsium para encontrar el mejor valor y apost\u00e1 con responsabilidad.<\/p>\n\n\n\n<h3 class=\"wp-block-heading\"><span class=\"ez-toc-section\" id=\"%c2%bfcomo-se-cual-es-la-mejor-cuota-para-un-partido\"><\/span><strong>\u00bfC\u00f3mo s\u00e9 cu\u00e1l es la mejor cuota para un partido?<\/strong><span class=\"ez-toc-section-end\"><\/span><\/h3>\n\n\n\n<p>Usando plataformas como Oddsium, que actualizan en tiempo real las cuotas de varias casas y te muestran cu\u00e1l es la mejor opci\u00f3n para cada mercado.<\/p>\n\n\n\n<h2 class=\"wp-block-heading\"><span class=\"ez-toc-section\" id=\"%c2%bfcomo-me-facilita-oddsium-la-comparacion-de-cuotas-de-futbol-en-argentina\"><\/span><strong>\u00bfC\u00f3mo me facilita Oddsium la comparaci\u00f3n de cuotas de f\u00fatbol en Argentina?<\/strong><span class=\"ez-toc-section-end\"><\/span><\/h2>\n\n\n\n<p>Oddsium es una plataforma confiable que te ayuda a identificar r\u00e1pido las mejores oportunidades de apuestas. As\u00ed pod\u00e9s:<\/p>\n\n\n\n<p>\u2714\ufe0fVer cuotas en tiempo real de los partidos.<br>\u2714\ufe0fSaber de un solo vistazo qu\u00e9 casa tiene el mejor valor para cada apuesta.<br>\u2714\ufe0fApostar en el momento justo y en la plataforma correcta.<\/p>\n\n\n\n<p>\ud83c\udfaf Oddsium te da an\u00e1lisis detallados y los <a href=\"https:\/\/oddsium.com\/ar\/betting-predictions\/\" title=\"\">mejores pron\u00f3sticos de apuestas de Argentina<\/a> para que tus jugadas sean m\u00e1s certeras. <\/p>\n","protected":false},"excerpt":{"rendered":"<p>Si sos un experto en el f\u00fatbol y te gusta apostar, sab\u00e9s que no alcanza con elegir al equipo de siempre. Comparar cuotas de f\u00fatbol es la posta para que tus apuestas rindan y no se queden en simples ilusiones. Ac\u00e1 en Argentina, las cuotas pueden variar bastante entre casas, tener la data al d\u00eda [&hellip;]<\/p>\n","protected":false},"author":3,"featured_media":487,"parent":90,"menu_order":0,"comment_status":"closed","ping_status":"closed","template":"sports.php","meta":{"_acf_changed":false,"om_disable_all_campaigns":false,"footnotes":""},"class_list":["post-236","page","type-page","status-publish","has-post-thumbnail","hentry"],"acf":[],"aioseo_notices":[],"_links":{"self":[{"href":"https:\/\/oddsium.com\/ar\/wp-json\/wp\/v2\/pages\/236","targetHints":{"allow":["GET"]}}],"collection":[{"href":"https:\/\/oddsium.com\/ar\/wp-json\/wp\/v2\/pages"}],"about":[{"href":"https:\/\/oddsium.com\/ar\/wp-json\/wp\/v2\/types\/page"}],"author":[{"embeddable":true,"href":"https:\/\/oddsium.com\/ar\/wp-json\/wp\/v2\/users\/3"}],"replies":[{"embeddable":true,"href":"https:\/\/oddsium.com\/ar\/wp-json\/wp\/v2\/comments?post=236"}],"version-history":[{"count":0,"href":"https:\/\/oddsium.com\/ar\/wp-json\/wp\/v2\/pages\/236\/revisions"}],"up":[{"embeddable":true,"href":"https:\/\/oddsium.com\/ar\/wp-json\/wp\/v2\/pages\/90"}],"wp:featuredmedia":[{"embeddable":true,"href":"https:\/\/oddsium.com\/ar\/wp-json\/wp\/v2\/media\/487"}],"wp:attachment":[{"href":"https:\/\/oddsium.com\/ar\/wp-json\/wp\/v2\/media?parent=236"}],"curies":[{"name":"wp","href":"https:\/\/api.w.org\/{rel}","templated":true}]}}