{"id":238,"date":"2025-05-22T08:39:47","date_gmt":"2025-05-22T08:39:47","guid":{"rendered":"https:\/\/oddsium.wpenginepowered.com\/co\/?page_id=238"},"modified":"2025-09-14T19:48:50","modified_gmt":"2025-09-14T19:48:50","slug":"comparacion-de-las-mejores-cuotas-de-basquet","status":"publish","type":"page","link":"https:\/\/oddsium.com\/ar\/cuotas\/comparacion-de-las-mejores-cuotas-de-basquet\/","title":{"rendered":"Comparaci\u00f3n de las mejores cuotas de b\u00e1squet"},"content":{"rendered":"\n<p>Si sos de los que se prende al ver un partidazo de b\u00e1squet, este es el lugar correcto para vos. La Liga Nacional no para de crecer, los pibes la rompen y la NBA sigue siendo un espect\u00e1culo que nos tiene a todos pegados al tele. Por eso, apostar en b\u00e1squet se volvi\u00f3 una movida que cada vez copa m\u00e1s, porque no solo es pasi\u00f3n, sino que tambi\u00e9n pod\u00e9s hacer guita si jug\u00e1s con cabeza.<\/p>\n\n\n\n<p>Pero, no alcanza con elegir al equipo que m\u00e1s te gusta o con tirar la apuesta al boleo. Para que la cosa te rinda posta, ten\u00e9s que comparar bien las cuotas y elegir d\u00f3nde te pagan mejor. Ah\u00ed es donde Oddsium te da una mano, mostr\u00e1ndote en tiempo real d\u00f3nde est\u00e1n las cuotas m\u00e1s jugosas para que apost\u00e9s como corresponde y no pierdas guita al pedo.<\/p>\n\n\n\n<div id=\"ez-toc-container\" class=\"ez-toc-v2_0_81 counter-hierarchy ez-toc-counter ez-toc-grey ez-toc-container-direction\">\n<div class=\"ez-toc-title-container\">\n<p class=\"ez-toc-title\" style=\"cursor:inherit\">Table of Contents<\/p>\n<span class=\"ez-toc-title-toggle\"><a href=\"#\" class=\"ez-toc-pull-right ez-toc-btn ez-toc-btn-xs ez-toc-btn-default ez-toc-toggle\" aria-label=\"Toggle Table of Content\"><span class=\"ez-toc-js-icon-con\"><span class=\"\"><span class=\"eztoc-hide\" style=\"display:none;\">Toggle<\/span><span class=\"ez-toc-icon-toggle-span\"><svg style=\"fill: #999;color:#999\" xmlns=\"http:\/\/www.w3.org\/2000\/svg\" class=\"list-377408\" width=\"20px\" height=\"20px\" viewBox=\"0 0 24 24\" fill=\"none\"><path d=\"M6 6H4v2h2V6zm14 0H8v2h12V6zM4 11h2v2H4v-2zm16 0H8v2h12v-2zM4 16h2v2H4v-2zm16 0H8v2h12v-2z\" fill=\"currentColor\"><\/path><\/svg><svg style=\"fill: #999;color:#999\" class=\"arrow-unsorted-368013\" xmlns=\"http:\/\/www.w3.org\/2000\/svg\" width=\"10px\" height=\"10px\" viewBox=\"0 0 24 24\" version=\"1.2\" baseProfile=\"tiny\"><path d=\"M18.2 9.3l-6.2-6.3-6.2 6.3c-.2.2-.3.4-.3.7s.1.5.3.7c.2.2.4.3.7.3h11c.3 0 .5-.1.7-.3.2-.2.3-.5.3-.7s-.1-.5-.3-.7zM5.8 14.7l6.2 6.3 6.2-6.3c.2-.2.3-.5.3-.7s-.1-.5-.3-.7c-.2-.2-.4-.3-.7-.3h-11c-.3 0-.5.1-.7.3-.2.2-.3.5-.3.7s.1.5.3.7z\"\/><\/svg><\/span><\/span><\/span><\/a><\/span><\/div>\n<nav><ul class='ez-toc-list ez-toc-list-level-1 ' ><li class='ez-toc-page-1 ez-toc-heading-level-2'><a class=\"ez-toc-link ez-toc-heading-1\" href=\"https:\/\/oddsium.com\/ar\/cuotas\/comparacion-de-las-mejores-cuotas-de-basquet\/#%c2%bfpor-que-tenes-que-comparar-cuotas-en-basquet-para-ganar-de-verdad\" >\u00bfPor qu\u00e9 ten\u00e9s que comparar cuotas en b\u00e1squet para ganar de verdad?<\/a><\/li><li class='ez-toc-page-1 ez-toc-heading-level-2'><a class=\"ez-toc-link ez-toc-heading-2\" href=\"https:\/\/oddsium.com\/ar\/cuotas\/comparacion-de-las-mejores-cuotas-de-basquet\/#los-mercados-en-basquet-que-mas-se-mueven-en-argentina\" >Los mercados en b\u00e1squet que m\u00e1s se mueven en Argentina<\/a><\/li><li class='ez-toc-page-1 ez-toc-heading-level-2'><a class=\"ez-toc-link ez-toc-heading-3\" href=\"https:\/\/oddsium.com\/ar\/cuotas\/comparacion-de-las-mejores-cuotas-de-basquet\/#%c2%bfcomo-te-hace-la-vida-mas-facil-oddsium\" >\u00bfC\u00f3mo te hace la vida m\u00e1s f\u00e1cil Oddsium?<\/a><\/li><\/ul><\/nav><\/div>\n<h2 class=\"wp-block-heading\"><span class=\"ez-toc-section\" id=\"%c2%bfpor-que-tenes-que-comparar-cuotas-en-basquet-para-ganar-de-verdad\"><\/span>\u00bfPor qu\u00e9 ten\u00e9s que comparar cuotas en b\u00e1squet para ganar de verdad?<span class=\"ez-toc-section-end\"><\/span><\/h2>\n\n\n\n<figure class=\"wp-block-image size-large\"><img loading=\"lazy\" decoding=\"async\" width=\"1024\" height=\"726\" src=\"https:\/\/oddsium.com\/ar\/wp-content\/uploads\/sites\/22\/2025\/09\/manos-sosteniendo-una-pelota-de-basquet-1024x726.jpg\" alt=\"\" class=\"wp-image-668\" srcset=\"https:\/\/oddsium.com\/ar\/wp-content\/uploads\/sites\/22\/2025\/09\/manos-sosteniendo-una-pelota-de-basquet-1024x726.jpg 1024w, https:\/\/oddsium.com\/ar\/wp-content\/uploads\/sites\/22\/2025\/09\/manos-sosteniendo-una-pelota-de-basquet-300x213.jpg 300w, https:\/\/oddsium.com\/ar\/wp-content\/uploads\/sites\/22\/2025\/09\/manos-sosteniendo-una-pelota-de-basquet-768x545.jpg 768w, https:\/\/oddsium.com\/ar\/wp-content\/uploads\/sites\/22\/2025\/09\/manos-sosteniendo-una-pelota-de-basquet-1536x1090.jpg 1536w, https:\/\/oddsium.com\/ar\/wp-content\/uploads\/sites\/22\/2025\/09\/manos-sosteniendo-una-pelota-de-basquet.jpg 1748w\" sizes=\"auto, (max-width: 1024px) 100vw, 1024px\" \/><\/figure>\n\n\n\n<p>Mir\u00e1, apostar siempre tiene su cuota de riesgo. Pero si le peg\u00e1s, hacerlo con las mejores cuotas es lo que te va a hacer ganar m\u00e1s guita y no quedarte con las ganas. Cada casa de apuestas calcula las cuotas a su manera, por eso las diferencias pueden ser grandes y eso puede hacer que tu premio sea mucho m\u00e1s gordo o m\u00e1s flaco.<\/p>\n\n\n\n<p>Si compar\u00e1s cuotas antes de apostar, pod\u00e9s:<\/p>\n\n\n\n<p>\u2714\ufe0fSacarle el jugo a cada peso que jug\u00e1s.<br>\u2714\ufe0fNo apostar a lo loco por cualquier equipo.<br>\u2714\ufe0fMejorar tus chances de ganar a largo plazo.<br>\u2714\ufe0fTomar decisiones m\u00e1s acertadas y con fundamento.<\/p>\n\n\n\n<h2 class=\"wp-block-heading\"><span class=\"ez-toc-section\" id=\"los-mercados-en-basquet-que-mas-se-mueven-en-argentina\"><\/span>Los mercados en b\u00e1squet que m\u00e1s se mueven en Argentina<span class=\"ez-toc-section-end\"><\/span><\/h2>\n\n\n\n<figure class=\"wp-block-table\"><table class=\"has-fixed-layout\"><thead><tr><th>Mercado<\/th><th>\u00bfQu\u00e9 significa?<\/th><\/tr><\/thead><tbody><tr><td>Ganador del partido<\/td><td>La apuesta m\u00e1s cl\u00e1sica; incluye resultados con o sin suplementario.<\/td><\/tr><tr><td>H\u00e1ndicap (spread)<\/td><td>Muy usado en la NBA y la Liga Nacional para nivelar la cancha y hacer la cosa m\u00e1s pareja.<\/td><\/tr><tr><td>Puntos Over\/Under<\/td><td>Apost\u00e1s a si el total de puntos va a ser m\u00e1s o menos que un n\u00famero que te tiran.<\/td><\/tr><tr><td>Puntos de jugador<\/td><td>Por ejemplo, si un jugador va a meter m\u00e1s de 12.5 puntos en el partido.<\/td><\/tr><tr><td>Apuestas especiales<\/td><td>Incluyen triples, rebotes, asistencias y otras estad\u00edsticas para ponerle m\u00e1s onda a la apuesta.<\/td><\/tr><\/tbody><\/table><\/figure>\n\n\n\n<h2 class=\"wp-block-heading\"><span class=\"ez-toc-section\" id=\"%c2%bfcomo-te-hace-la-vida-mas-facil-oddsium\"><\/span>\u00bfC\u00f3mo te hace la vida m\u00e1s f\u00e1cil Oddsium?<span class=\"ez-toc-section-end\"><\/span><\/h2>\n\n\n\n<p>Oddsium, siempre sabe d\u00f3nde est\u00e1n las mejores cuotas y te las muestra al toque. No ten\u00e9s que andar buscando en mil p\u00e1ginas, porque ac\u00e1 ten\u00e9s todo actualizado en tiempo real. As\u00ed pod\u00e9s:<\/p>\n\n\n\n<p>\ud83d\udd0d Ver una <a href=\"https:\/\/oddsium.com\/ar\/cuotas\/comparacion-de-las-mejores-cuotas-de-basquet\/\" title=\"\">comparaci\u00f3n de las mejores cuotas de B\u00e1squet en Argentina <\/a>r\u00e1pido y sin problemas.<br>\ud83c\udfaf Saber r\u00e1pido d\u00f3nde te pagan mejor para apostar sin vueltas.<br>\ud83d\udcc8 Apostar con cabeza y aprovechar cada oportunidad para ganar m\u00e1s.<br>\u26a1 Estar al d\u00eda con la NBA, la Liga Nacional y hasta las ligas europeas.<br>\ud83d\udcf2 Usar la plataforma desde el celu o la compu, sin complicaciones.<\/p>\n\n\n\n<p>No te dejes llevar solo por la camiseta o la pasi\u00f3n. Mir\u00e1 las estad\u00edsticas, fijate c\u00f3mo vienen los equipos y jugadores, y us\u00e1 las <a href=\"https:\/\/oddsium.com\/ar\/betting-predictions\/\" title=\"\">mejores predicciones de apuestas de argentina<\/a> que te ofrece Oddsium para tener m\u00e1s chances.<\/p>\n","protected":false},"excerpt":{"rendered":"<p>Si sos de los que se prende al ver un partidazo de b\u00e1squet, este es el lugar correcto para vos. La Liga Nacional no para de crecer, los pibes la rompen y la NBA sigue siendo un espect\u00e1culo que nos tiene a todos pegados al tele. Por eso, apostar en b\u00e1squet se volvi\u00f3 una movida [&hellip;]<\/p>\n","protected":false},"author":3,"featured_media":485,"parent":90,"menu_order":0,"comment_status":"closed","ping_status":"closed","template":"sports.php","meta":{"_acf_changed":false,"om_disable_all_campaigns":false,"footnotes":""},"class_list":["post-238","page","type-page","status-publish","has-post-thumbnail","hentry"],"acf":[],"aioseo_notices":[],"_links":{"self":[{"href":"https:\/\/oddsium.com\/ar\/wp-json\/wp\/v2\/pages\/238","targetHints":{"allow":["GET"]}}],"collection":[{"href":"https:\/\/oddsium.com\/ar\/wp-json\/wp\/v2\/pages"}],"about":[{"href":"https:\/\/oddsium.com\/ar\/wp-json\/wp\/v2\/types\/page"}],"author":[{"embeddable":true,"href":"https:\/\/oddsium.com\/ar\/wp-json\/wp\/v2\/users\/3"}],"replies":[{"embeddable":true,"href":"https:\/\/oddsium.com\/ar\/wp-json\/wp\/v2\/comments?post=238"}],"version-history":[{"count":0,"href":"https:\/\/oddsium.com\/ar\/wp-json\/wp\/v2\/pages\/238\/revisions"}],"up":[{"embeddable":true,"href":"https:\/\/oddsium.com\/ar\/wp-json\/wp\/v2\/pages\/90"}],"wp:featuredmedia":[{"embeddable":true,"href":"https:\/\/oddsium.com\/ar\/wp-json\/wp\/v2\/media\/485"}],"wp:attachment":[{"href":"https:\/\/oddsium.com\/ar\/wp-json\/wp\/v2\/media?parent=238"}],"curies":[{"name":"wp","href":"https:\/\/api.w.org\/{rel}","templated":true}]}}