{"id":216,"date":"2025-05-21T14:20:52","date_gmt":"2025-05-21T14:20:52","guid":{"rendered":"https:\/\/oddsium.wpenginepowered.com\/cl\/?page_id=216"},"modified":"2025-09-13T20:21:15","modified_gmt":"2025-09-13T20:21:15","slug":"formula-1","status":"publish","type":"page","link":"https:\/\/oddsium.com\/cl\/sports\/formula-1\/","title":{"rendered":"Apuestas en F\u00f3rmula 1"},"content":{"rendered":"\n<p>La F\u00f3rmula 1 no solo atrae a fan\u00e1ticos del automovilismo, sino tambi\u00e9n a quienes disfrutan apostar con an\u00e1lisis y estrategia. Pilotos como Verstappen, Hamilton, Leclerc y Alonso, junto a escuder\u00edas legendarias como Red Bull, Ferrari y Mercedes, generan un espect\u00e1culo lleno de adrenalina que ofrece m\u00faltiples oportunidades de apuesta m\u00e1s all\u00e1 de simplemente pronosticar qui\u00e9n gana.<\/p>\n\n\n\n<p>Apostar en F1 requiere entender c\u00f3mo factores como el clima, las paradas en boxes y cualquier incidente pueden cambiar el curso de la carrera r\u00e1pidamente. Para quienes empiezan, una buena base es la&nbsp;<a href=\"https:\/\/oddsium.com\/cl\/guides\/guia-de-apuestas-de-f1-para-principiantes-todo-lo-que-debes-saber\/\" title=\"\">Gu\u00eda de apuestas de F1 para principiantes<\/a>, y para los m\u00e1s experimentados, este articulo es la clave. Sigue leyendo. <\/p>\n\n\n\n<div id=\"ez-toc-container\" class=\"ez-toc-v2_0_81 counter-hierarchy ez-toc-counter ez-toc-grey ez-toc-container-direction\">\n<div class=\"ez-toc-title-container\">\n<p class=\"ez-toc-title\" style=\"cursor:inherit\">Table of Contents<\/p>\n<span class=\"ez-toc-title-toggle\"><a href=\"#\" class=\"ez-toc-pull-right ez-toc-btn ez-toc-btn-xs ez-toc-btn-default ez-toc-toggle\" aria-label=\"Toggle Table of Content\"><span class=\"ez-toc-js-icon-con\"><span class=\"\"><span class=\"eztoc-hide\" style=\"display:none;\">Toggle<\/span><span class=\"ez-toc-icon-toggle-span\"><svg style=\"fill: #999;color:#999\" xmlns=\"http:\/\/www.w3.org\/2000\/svg\" class=\"list-377408\" width=\"20px\" height=\"20px\" viewBox=\"0 0 24 24\" fill=\"none\"><path d=\"M6 6H4v2h2V6zm14 0H8v2h12V6zM4 11h2v2H4v-2zm16 0H8v2h12v-2zM4 16h2v2H4v-2zm16 0H8v2h12v-2z\" fill=\"currentColor\"><\/path><\/svg><svg style=\"fill: #999;color:#999\" class=\"arrow-unsorted-368013\" xmlns=\"http:\/\/www.w3.org\/2000\/svg\" width=\"10px\" height=\"10px\" viewBox=\"0 0 24 24\" version=\"1.2\" baseProfile=\"tiny\"><path d=\"M18.2 9.3l-6.2-6.3-6.2 6.3c-.2.2-.3.4-.3.7s.1.5.3.7c.2.2.4.3.7.3h11c.3 0 .5-.1.7-.3.2-.2.3-.5.3-.7s-.1-.5-.3-.7zM5.8 14.7l6.2 6.3 6.2-6.3c.2-.2.3-.5.3-.7s-.1-.5-.3-.7c-.2-.2-.4-.3-.7-.3h-11c-.3 0-.5.1-.7.3-.2.2-.3.5-.3.7s.1.5.3.7z\"\/><\/svg><\/span><\/span><\/span><\/a><\/span><\/div>\n<nav><ul class='ez-toc-list ez-toc-list-level-1 ' ><li class='ez-toc-page-1 ez-toc-heading-level-2'><a class=\"ez-toc-link ez-toc-heading-1\" href=\"https:\/\/oddsium.com\/cl\/sports\/formula-1\/#donde-apostar-a-la-formula-1-casas-top-en-chile\" >D\u00f3nde apostar a la F\u00f3rmula 1: Casas top en Chile<\/a><\/li><li class='ez-toc-page-1 ez-toc-heading-level-2'><a class=\"ez-toc-link ez-toc-heading-2\" href=\"https:\/\/oddsium.com\/cl\/sports\/formula-1\/#formula-1-la-competencia-donde-el-tiempo-es-el-recurso-mas-valioso\" >F\u00f3rmula 1: la competencia donde el tiempo es el recurso m\u00e1s valioso.<\/a><\/li><li class='ez-toc-page-1 ez-toc-heading-level-2'><a class=\"ez-toc-link ez-toc-heading-3\" href=\"https:\/\/oddsium.com\/cl\/sports\/formula-1\/#como-empezar-a-apostar-en-formula-1-desde-chile\" >C\u00f3mo empezar a apostar en F\u00f3rmula 1 desde Chile<\/a><\/li><li class='ez-toc-page-1 ez-toc-heading-level-2'><a class=\"ez-toc-link ez-toc-heading-4\" href=\"https:\/\/oddsium.com\/cl\/sports\/formula-1\/#mercados-populares-para-apostar-en-formula-1\" >Mercados populares para apostar en F\u00f3rmula 1<\/a><\/li><li class='ez-toc-page-1 ez-toc-heading-level-2'><a class=\"ez-toc-link ez-toc-heading-5\" href=\"https:\/\/oddsium.com\/cl\/sports\/formula-1\/#promos-y-bonos-que-no-te-puedes-perder-en-f1\" >Promos y bonos que no te puedes perder en F1<\/a><\/li><li class='ez-toc-page-1 ez-toc-heading-level-2'><a class=\"ez-toc-link ez-toc-heading-6\" href=\"https:\/\/oddsium.com\/cl\/sports\/formula-1\/#estrategias-para-apostar-con-cabeza-fria\" >Estrategias para apostar con cabeza fr\u00eda<\/a><\/li><li class='ez-toc-page-1 ez-toc-heading-level-2'><a class=\"ez-toc-link ez-toc-heading-7\" href=\"https:\/\/oddsium.com\/cl\/sports\/formula-1\/#oddsium-tu-mejor-aliado-para-apostar-en-formula-1\" >Oddsium: tu mejor aliado para apostar en F\u00f3rmula 1<\/a><\/li><li class='ez-toc-page-1 ez-toc-heading-level-2'><a class=\"ez-toc-link ez-toc-heading-8\" href=\"https:\/\/oddsium.com\/cl\/sports\/formula-1\/#conclusion\" >Conclusi\u00f3n<\/a><\/li><\/ul><\/nav><\/div>\n<h2 class=\"wp-block-heading\"><span class=\"ez-toc-section\" id=\"donde-apostar-a-la-formula-1-casas-top-en-chile\"><\/span>D\u00f3nde apostar a la F\u00f3rmula 1: Casas top en Chile<span class=\"ez-toc-section-end\"><\/span><\/h2>\n\n\n\n<p>Aqu\u00ed te dejamos una lista variada con las casas de apuestas adecuadas para apostar en F\u00f3rmula 1 en Chile. Todas con una buena oferta de mercados:<\/p>\n\n\n\n<figure class=\"wp-block-table\"><table class=\"has-fixed-layout\"><tbody><tr><td><strong>Plataforma<\/strong><\/td><td><strong>Lo que la hace destacar<\/strong><\/td><\/tr><tr><td>Betano<\/td><td>Interfaz clara y amigable, supercuotas en f\u00fatbol y buena variedad en F1.<\/td><\/tr><tr><td>Melbet<\/td><td>Gran variedad de mercados (+70), plataforma f\u00e1cil de usar y apuestas en vivo.<\/td><\/tr><tr><td>JugaBet<\/td><td>Variedad de deportes, bonos escalonados y buena experiencia m\u00f3vil.<\/td><\/tr><tr><td>Oddsium<\/td><td>Mejor comparador de cuotas para que puedas elegir el mejor para ti.&nbsp;<\/td><\/tr><\/tbody><\/table><\/figure>\n\n\n\n<p>\ud83d\udccc Con Oddsium, puedes comparar cuotas al instante y elegir siempre la m\u00e1s alta. As\u00ed, no te quedas con las manos vac\u00edas.&nbsp;<\/p>\n\n\n\n<h2 class=\"wp-block-heading\"><span class=\"ez-toc-section\" id=\"formula-1-la-competencia-donde-el-tiempo-es-el-recurso-mas-valioso\"><\/span>F\u00f3rmula 1: la competencia donde el tiempo es el recurso m\u00e1s valioso.<span class=\"ez-toc-section-end\"><\/span><\/h2>\n\n\n\n<p>La F1 es un deporte donde no hay tiempo para perder. Cada detalle puede cambiarlo todo. Para los que apuestan en Chile, esto trae muchas ventajas:<\/p>\n\n\n\n<p><strong>\ud83d\udd38Cada vuelta es una sorpresa:<\/strong> las estrategias, los neum\u00e1ticos y el clima cambian todo el tiempo. Por eso, cada apuesta es una emoci\u00f3n.<\/p>\n\n\n\n<p><strong>\ud83d\udd38Hay mercados para todos los gustos:<\/strong> desde qui\u00e9n gana hasta qui\u00e9n har\u00e1 el pr\u00f3ximo adelantamiento.<\/p>\n\n\n\n<p><strong>\ud83d\udd38Apuestas en vivo:<\/strong> puedes mover tus fichas en tiempo real y aprovechar cada chance durante la carrera.<\/p>\n\n\n\n<p>Para optimizar tus apuestas, usa <a href=\"https:\/\/oddsium.com\/cl\/guides\/mejores-sitios-de-apuestas-para-ver-la-formula-1-en-streaming\/\" title=\"\">sitios de apuestas para ver la F1 en streaming en Chile<\/a> as\u00ed checas cada detalle al instante. La pasi\u00f3n por el automovilismo en Chile est\u00e1 creciendo a grandes pasos. As\u00ed que, las casas de apuestas est\u00e1n orientadas a ofrecer lo mejor en este deporte.<\/p>\n\n\n\n<h2 class=\"wp-block-heading\"><span class=\"ez-toc-section\" id=\"como-empezar-a-apostar-en-formula-1-desde-chile\"><\/span>C\u00f3mo empezar a apostar en F\u00f3rmula 1 desde Chile<span class=\"ez-toc-section-end\"><\/span><\/h2>\n\n\n\n<p>1\ufe0f\u20e3 Escoge una plataforma confiable donde jugar sin l\u00edos.<br>2\ufe0f\u20e3 Reg\u00edstrate r\u00e1pido y abre la puerta a todas las apuestas.<br>3\ufe0f\u20e3 Aprende sobre los mercados y apuesta con cabeza.<br>4\ufe0f\u20e3 Aprovecha los bonos y promociones para darle m\u00e1s fuerza a tus jugadas.<br>5\ufe0f\u20e3 Sigue la carrera en vivo y ajusta tus apuestas al momento.<\/p>\n\n\n\n<h2 class=\"wp-block-heading\"><span class=\"ez-toc-section\" id=\"mercados-populares-para-apostar-en-formula-1\"><\/span>Mercados populares para apostar en F\u00f3rmula 1<span class=\"ez-toc-section-end\"><\/span><\/h2>\n\n\n\n<figure class=\"wp-block-table\"><table class=\"has-fixed-layout\"><tbody><tr><td><strong>Tipo de apuesta<\/strong><\/td><td><strong>Qu\u00e9 es lo que hay que saber<\/strong><\/td><\/tr><tr><td>\ud83c\udfc6Ganador de la carrera<\/td><td>El piloto que llegue primero a la meta.<\/td><\/tr><tr><td>\ud83e\udd47Pole position<\/td><td>El piloto que se lleva la mejor posici\u00f3n en la clasificaci\u00f3n previa.<\/td><\/tr><tr><td>\u26a1Vuelta m\u00e1s r\u00e1pida<\/td><td>El piloto que marque la vuelta m\u00e1s r\u00e1pida durante la carrera.<\/td><\/tr><tr><td>\u274cAbandono (DNF)<\/td><td>El piloto que no termine la carrera por accidente o falla t\u00e9cnica.<\/td><\/tr><tr><td>\ud83e\udd1c\ud83e\udd1bH2H (piloto vs. piloto)<\/td><td>Duelo directo entre dos pilotos para ver qui\u00e9n rinde mejor.<\/td><\/tr><tr><td>\ud83d\udea8Coche de seguridad<\/td><td>Predicci\u00f3n de si habr\u00e1 y cu\u00e1ntas veces saldr\u00e1 el coche de seguridad.<\/td><\/tr><tr><td>\ud83e\udd49Podio<\/td><td>Los tres pilotos que quedan en las primeras posiciones al final.<\/td><\/tr><tr><td>\ud83d\udc65Escuder\u00eda ganadora<\/td><td>El equipo que gane la carrera, sumando los puntos de sus dos pilotos.<\/td><\/tr><tr><td>\ud83d\udd1f\u00bfFinal por puntos<\/td><td>Piloto que termine dentro del top 10, que son los que suman puntos.<\/td><\/tr><tr><td>\u2197\ufe0fAdelantamiento<\/td><td>Qui\u00e9n har\u00e1 un adelantamiento espec\u00edfico durante la carrera.<\/td><\/tr><\/tbody><\/table><\/figure>\n\n\n\n<p>\ud83d\udccc Estos mercados variados te ayudan a diversificar tus apuestas aprovechando todas las oportunidades en cada Gran Premio.<\/p>\n\n\n\n<h2 class=\"wp-block-heading\"><span class=\"ez-toc-section\" id=\"promos-y-bonos-que-no-te-puedes-perder-en-f1\"><\/span>Promos y bonos que no te puedes perder en F1<span class=\"ez-toc-section-end\"><\/span><\/h2>\n\n\n\n<p>Las casas de apuestas en Chile suelen lanzar ofertas especiales para las carreras m\u00e1s importantes. Estas son algunas de ellas:&nbsp;<\/p>\n\n\n\n<p>\ud83c\udf81Bonos para los nuevos que se registran.<br>\ud83d\udd1dCuotas mejoradas en apuestas seleccionadas.<br>\ud83d\udcb8Devoluci\u00f3n si tu piloto favorito abandona temprano.<br>\ud83d\uded1Promos exclusivas para apuestas en vivo durante la carrera.<\/p>\n\n\n\n<p><em>\ud83d\udcccAprovechar estas promos puede hacer la diferencia entre una apuesta cualquiera y una jugada estupenda.<\/em><\/p>\n\n\n\n<h2 class=\"wp-block-heading\"><span class=\"ez-toc-section\" id=\"estrategias-para-apostar-con-cabeza-fria\"><\/span>Estrategias para apostar con cabeza fr\u00eda<span class=\"ez-toc-section-end\"><\/span><\/h2>\n\n\n\n<figure class=\"wp-block-image size-large\"><img loading=\"lazy\" decoding=\"async\" width=\"1024\" height=\"682\" src=\"https:\/\/oddsium.com\/cl\/wp-content\/uploads\/sites\/14\/2025\/09\/ferrari-en-carrera-de-formula-1-1024x682.jpg\" alt=\"\" class=\"wp-image-560\" srcset=\"https:\/\/oddsium.com\/cl\/wp-content\/uploads\/sites\/14\/2025\/09\/ferrari-en-carrera-de-formula-1-1024x682.jpg 1024w, https:\/\/oddsium.com\/cl\/wp-content\/uploads\/sites\/14\/2025\/09\/ferrari-en-carrera-de-formula-1-300x200.jpg 300w, https:\/\/oddsium.com\/cl\/wp-content\/uploads\/sites\/14\/2025\/09\/ferrari-en-carrera-de-formula-1-768x512.jpg 768w, https:\/\/oddsium.com\/cl\/wp-content\/uploads\/sites\/14\/2025\/09\/ferrari-en-carrera-de-formula-1.jpg 1280w\" sizes=\"auto, (max-width: 1024px) 100vw, 1024px\" \/><\/figure>\n\n\n\n<p>\u2705Estudia c\u00f3mo les va a los pilotos en cada circuito, porque algunos se lucen m\u00e1s en ciertas pistas.<\/p>\n\n\n\n<p>\u2705Chequea el pron\u00f3stico del clima, que la lluvia o el calor pueden cambiar la carrera en un pesta\u00f1azo.<\/p>\n\n\n\n<p>\u2705F\u00edjate en las mejoras t\u00e9cnicas de los carros, que un auto con cositas nuevas puede dejar atr\u00e1s a los dem\u00e1s.<\/p>\n\n\n\n<p>\u2705Analiza las estrategias de las llantas, que las paradas y cambios pueden definir la carrera.<\/p>\n\n\n\n<p>\u2705Usa funciones como el cashout para asegurar ganancias o evitar p\u00e9rdidas grandes.<\/p>\n\n\n\n<h2 class=\"wp-block-heading\"><span class=\"ez-toc-section\" id=\"oddsium-tu-mejor-aliado-para-apostar-en-formula-1\"><\/span>Oddsium: tu mejor aliado para apostar en F\u00f3rmula 1<span class=\"ez-toc-section-end\"><\/span><\/h2>\n\n\n\n<p>Oddsium es la herramienta que todo apostador chileno debe tener para:<\/p>\n\n\n\n<p>\ud83d\udcc8Comparar cuotas en tiempo real entre las mejores casas de apuestas.<br>\ud83d\udccbAcceder a estad\u00edsticas detalladas de pilotos, equipos y circuitos, porque la info es poder.<br>\ud83d\udd14Ver las promos exclusivas para cada Gran Premio, para que no te pierdas ninguna.<\/p>\n\n\n\n<p><em>Con Oddsium, tus apuestas dejan de ser corazonadas y se vuelven jugadas inteligentes con chance real de ganar.<\/em><\/p>\n\n\n\n<h2 class=\"wp-block-heading\"><span class=\"ez-toc-section\" id=\"conclusion\"><\/span>Conclusi\u00f3n<span class=\"ez-toc-section-end\"><\/span><\/h2>\n\n\n\n<p>Las apuestas en F\u00f3rmula 1 desde Chile crecen r\u00e1pido gracias a la pasi\u00f3n y variedad de opciones. Con pilotos como Leclerc y Hamilton, y mercados que van m\u00e1s all\u00e1 del ganador, cada detalle importa: clima, estrategia y rendimiento influyen en las predicciones. <\/p>\n\n\n\n<p>Usar Oddsium es clave para comparar cuotas en tiempo real y acceder a <a href=\"https:\/\/oddsium.com\/cl\/betting-predictions\/\" title=\"\">predicciones de apuestas en Chile <\/a>confiables, mientras sigues la carrera en vivo. As\u00ed maximizas tus ganancias apostando con informaci\u00f3n y en el mejor momento.<\/p>\n","protected":false},"excerpt":{"rendered":"<p>La F\u00f3rmula 1 no solo atrae a fan\u00e1ticos del automovilismo, sino tambi\u00e9n a quienes disfrutan apostar con an\u00e1lisis y estrategia. Pilotos como Verstappen, Hamilton, Leclerc y Alonso, junto a escuder\u00edas legendarias como Red Bull, Ferrari y Mercedes, generan un espect\u00e1culo lleno de adrenalina que ofrece m\u00faltiples oportunidades de apuesta m\u00e1s all\u00e1 de simplemente pronosticar qui\u00e9n [&hellip;]<\/p>\n","protected":false},"author":8,"featured_media":382,"parent":88,"menu_order":0,"comment_status":"closed","ping_status":"closed","template":"sports.php","meta":{"_acf_changed":false,"om_disable_all_campaigns":false,"footnotes":""},"class_list":["post-216","page","type-page","status-publish","has-post-thumbnail","hentry"],"acf":[],"aioseo_notices":[],"_links":{"self":[{"href":"https:\/\/oddsium.com\/cl\/wp-json\/wp\/v2\/pages\/216","targetHints":{"allow":["GET"]}}],"collection":[{"href":"https:\/\/oddsium.com\/cl\/wp-json\/wp\/v2\/pages"}],"about":[{"href":"https:\/\/oddsium.com\/cl\/wp-json\/wp\/v2\/types\/page"}],"author":[{"embeddable":true,"href":"https:\/\/oddsium.com\/cl\/wp-json\/wp\/v2\/users\/8"}],"replies":[{"embeddable":true,"href":"https:\/\/oddsium.com\/cl\/wp-json\/wp\/v2\/comments?post=216"}],"version-history":[{"count":0,"href":"https:\/\/oddsium.com\/cl\/wp-json\/wp\/v2\/pages\/216\/revisions"}],"up":[{"embeddable":true,"href":"https:\/\/oddsium.com\/cl\/wp-json\/wp\/v2\/pages\/88"}],"wp:featuredmedia":[{"embeddable":true,"href":"https:\/\/oddsium.com\/cl\/wp-json\/wp\/v2\/media\/382"}],"wp:attachment":[{"href":"https:\/\/oddsium.com\/cl\/wp-json\/wp\/v2\/media?parent=216"}],"curies":[{"name":"wp","href":"https:\/\/api.w.org\/{rel}","templated":true}]}}