{"id":223,"date":"2025-05-22T08:31:50","date_gmt":"2025-05-22T08:31:50","guid":{"rendered":"https:\/\/oddsium.wpenginepowered.com\/cl\/?page_id=223"},"modified":"2025-08-08T04:15:54","modified_gmt":"2025-08-08T04:15:54","slug":"los-mejores-sitios-de-apuestas-con-streaming-en-vivo","status":"publish","type":"page","link":"https:\/\/oddsium.com\/cl\/betting\/los-mejores-sitios-de-apuestas-con-streaming-en-vivo\/","title":{"rendered":"Mejores sitios de apuestas con streaming en vivo"},"content":{"rendered":"\n<p>Para nadie es un secreto que apostar en l\u00ednea es ahora mucho m\u00e1s emocionante gracias al streaming en vivo. En Chile, algunos sitios de apuestas ofrecen esta funci\u00f3n en su plataforma para que veas el partido mientras haces tus jugadas. As\u00ed, est\u00e1s completamente metido en la experiencia y puedes monitorear tus pron\u00f3sticos al instante. Sin embargo, debes tener presente que no todos los sitios de apuestas ofrecen esta ventaja, por eso nosotros te ayudamos.<\/p>\n\n\n\n<p>En esta gu\u00eda de Oddsium, te contamos cu\u00e1les son los mejores sitios de apuestas con streaming en vivo en Chile. Adem\u00e1s, te contamos que ventajas ofrecen y cu\u00e1les funcionan mejor.<\/p>\n\n\n\n<div id=\"ez-toc-container\" class=\"ez-toc-v2_0_81 counter-hierarchy ez-toc-counter ez-toc-grey ez-toc-container-direction\">\n<div class=\"ez-toc-title-container\">\n<p class=\"ez-toc-title\" style=\"cursor:inherit\">Table of Contents<\/p>\n<span class=\"ez-toc-title-toggle\"><a href=\"#\" class=\"ez-toc-pull-right ez-toc-btn ez-toc-btn-xs ez-toc-btn-default ez-toc-toggle\" aria-label=\"Toggle Table of Content\"><span class=\"ez-toc-js-icon-con\"><span class=\"\"><span class=\"eztoc-hide\" style=\"display:none;\">Toggle<\/span><span class=\"ez-toc-icon-toggle-span\"><svg style=\"fill: #999;color:#999\" xmlns=\"http:\/\/www.w3.org\/2000\/svg\" class=\"list-377408\" width=\"20px\" height=\"20px\" viewBox=\"0 0 24 24\" fill=\"none\"><path d=\"M6 6H4v2h2V6zm14 0H8v2h12V6zM4 11h2v2H4v-2zm16 0H8v2h12v-2zM4 16h2v2H4v-2zm16 0H8v2h12v-2z\" fill=\"currentColor\"><\/path><\/svg><svg style=\"fill: #999;color:#999\" class=\"arrow-unsorted-368013\" xmlns=\"http:\/\/www.w3.org\/2000\/svg\" width=\"10px\" height=\"10px\" viewBox=\"0 0 24 24\" version=\"1.2\" baseProfile=\"tiny\"><path d=\"M18.2 9.3l-6.2-6.3-6.2 6.3c-.2.2-.3.4-.3.7s.1.5.3.7c.2.2.4.3.7.3h11c.3 0 .5-.1.7-.3.2-.2.3-.5.3-.7s-.1-.5-.3-.7zM5.8 14.7l6.2 6.3 6.2-6.3c.2-.2.3-.5.3-.7s-.1-.5-.3-.7c-.2-.2-.4-.3-.7-.3h-11c-.3 0-.5.1-.7.3-.2.2-.3.5-.3.7s.1.5.3.7z\"\/><\/svg><\/span><\/span><\/span><\/a><\/span><\/div>\n<nav><ul class='ez-toc-list ez-toc-list-level-1 ' ><li class='ez-toc-page-1 ez-toc-heading-level-2'><a class=\"ez-toc-link ez-toc-heading-1\" href=\"https:\/\/oddsium.com\/cl\/betting\/los-mejores-sitios-de-apuestas-con-streaming-en-vivo\/#las-mejores-opciones-de-apuestas-con-streaming-en-vivo-en-chile\" >Las mejores opciones de apuestas con streaming en vivo en Chile<\/a><ul class='ez-toc-list-level-3' ><li class='ez-toc-heading-level-3'><a class=\"ez-toc-link ez-toc-heading-2\" href=\"https:\/\/oddsium.com\/cl\/betting\/los-mejores-sitios-de-apuestas-con-streaming-en-vivo\/#%e2%9c%85melbet-streaming-en-vivo-estable-y-variedad-en-mercados\" >\u2705MelBet: streaming en vivo estable y variedad en mercados<\/a><\/li><li class='ez-toc-page-1 ez-toc-heading-level-3'><a class=\"ez-toc-link ez-toc-heading-3\" href=\"https:\/\/oddsium.com\/cl\/betting\/los-mejores-sitios-de-apuestas-con-streaming-en-vivo\/#%e2%9c%85betano-streaming-en-vivo-estable-y-funciones-interactivas\" >\u2705Betano: streaming en vivo estable y funciones interactivas<\/a><\/li><li class='ez-toc-page-1 ez-toc-heading-level-3'><a class=\"ez-toc-link ez-toc-heading-4\" href=\"https:\/\/oddsium.com\/cl\/betting\/los-mejores-sitios-de-apuestas-con-streaming-en-vivo\/#%e2%9c%85tonybet-calidad-y-variedad-en-streaming-en-vivo\" >\u2705TonyBet: calidad y variedad en streaming en vivo<\/a><\/li><li class='ez-toc-page-1 ez-toc-heading-level-3'><a class=\"ez-toc-link ez-toc-heading-5\" href=\"https:\/\/oddsium.com\/cl\/betting\/los-mejores-sitios-de-apuestas-con-streaming-en-vivo\/#%e2%9c%85bet365-lider-mundial-con-excelente-streaming-en-vivo\" >\u2705Bet365: l\u00edder mundial con excelente streaming en vivo<\/a><\/li><\/ul><\/li><li class='ez-toc-page-1 ez-toc-heading-level-2'><a class=\"ez-toc-link ez-toc-heading-6\" href=\"https:\/\/oddsium.com\/cl\/betting\/los-mejores-sitios-de-apuestas-con-streaming-en-vivo\/#datos-a-considerar-sobre-los-sitios-con-streaming-en-vivo\" >Datos a considerar sobre los sitios con streaming en vivo<\/a><\/li><li class='ez-toc-page-1 ez-toc-heading-level-2'><a class=\"ez-toc-link ez-toc-heading-7\" href=\"https:\/\/oddsium.com\/cl\/betting\/los-mejores-sitios-de-apuestas-con-streaming-en-vivo\/#razones-para-elegir-oddsium-como-tu-aliado-en-streaming-en-vivo\" >Razones para elegir Oddsium como tu aliado en streaming en vivo<\/a><\/li><li class='ez-toc-page-1 ez-toc-heading-level-2'><a class=\"ez-toc-link ez-toc-heading-8\" href=\"https:\/\/oddsium.com\/cl\/betting\/los-mejores-sitios-de-apuestas-con-streaming-en-vivo\/#conclusion-disfruta-de-tus-apuestas-con-streaming-en-vivo\" >Conclusi\u00f3n: disfruta de tus apuestas con streaming en vivo<\/a><\/li><\/ul><\/nav><\/div>\n<h2 class=\"wp-block-heading\"><span class=\"ez-toc-section\" id=\"las-mejores-opciones-de-apuestas-con-streaming-en-vivo-en-chile\"><\/span>Las mejores opciones de apuestas con streaming en vivo en Chile<span class=\"ez-toc-section-end\"><\/span><\/h2>\n\n\n\n<p>Para los apostadores chilenos, seguir los partidos en vivo es clave tanto por la adrenalina como para apostar al instante. Por eso, hoy d\u00eda la mayor\u00eda de los sitios de apuestas ofrecen streaming en vivo de los eventos deportivos.&nbsp;<\/p>\n\n\n\n<p>A continuaci\u00f3n, las mejores opciones para disfrutar de tus jugadas en tiempo real:&nbsp;<\/p>\n\n\n\n<h3 class=\"wp-block-heading\"><span class=\"ez-toc-section\" id=\"%e2%9c%85melbet-streaming-en-vivo-estable-y-variedad-en-mercados\"><\/span>\u2705MelBet: streaming en vivo estable y variedad en mercados<span class=\"ez-toc-section-end\"><\/span><\/h3>\n\n\n\n<p>MelBet es una casa muy popular en Chile que ofrece streaming en vivo para varios deportes, incluyendo f\u00fatbol, tenis y F\u00f3rmula 1. Su plataforma es amigable y f\u00e1cil de usar. Entre sus ventajas est\u00e1n:<\/p>\n\n\n\n<ul class=\"wp-block-list\">\n<li>Streaming en vivo de alta calidad y sin interrupciones.<\/li>\n\n\n\n<li>Amplia variedad de mercados para apostar en vivo.<\/li>\n\n\n\n<li>Aplicaci\u00f3n m\u00f3vil compatible con iOS y Android.<\/li>\n\n\n\n<li>Cuotas competitivas y actualizaciones en tiempo real.<\/li>\n\n\n\n<li>Funci\u00f3n cashout para cerrar apuestas anticipadamente.<\/li>\n<\/ul>\n\n\n\n<h3 class=\"wp-block-heading\"><span class=\"ez-toc-section\" id=\"%e2%9c%85betano-streaming-en-vivo-estable-y-funciones-interactivas\"><\/span>\u2705Betano: streaming en vivo estable y funciones interactivas<span class=\"ez-toc-section-end\"><\/span><\/h3>\n\n\n\n<p>Betano se ha consolidado en Chile como una plataforma que ofrece streaming en vivo de alta calidad. Es ideal para quienes disfrutan apostar mientras ven el partido. Tiene un bot\u00f3n de \u201cEn vivo\u201d donde te permite acceder a incontables eventos deportivos sin fallas. Entre sus ventajas destacan:<\/p>\n\n\n\n<ul class=\"wp-block-list\">\n<li>Estad\u00edsticas y narraci\u00f3n en directo que complementan la transmisi\u00f3n.<\/li>\n\n\n\n<li>Actualizaci\u00f3n constante de cuotas en tiempo real.<\/li>\n\n\n\n<li>Funci\u00f3n cashout activa para cerrar apuestas de forma anticipada.<\/li>\n\n\n\n<li>Aplicaci\u00f3n m\u00f3vil optimizada para iOS y Android, con interfaz agradable y estable.<\/li>\n\n\n\n<li>Promociones espec\u00edficas para apuestas en vivo.<\/li>\n<\/ul>\n\n\n\n<h3 class=\"wp-block-heading\"><span class=\"ez-toc-section\" id=\"%e2%9c%85tonybet-calidad-y-variedad-en-streaming-en-vivo\"><\/span>\u2705TonyBet: calidad y variedad en streaming en vivo<span class=\"ez-toc-section-end\"><\/span><\/h3>\n\n\n\n<p>TonyBet ofrece streaming en vivo para m\u00faltiples deportes y eventos destacados. Su plataforma es sencilla y estable, con buena cobertura para apuestas en directo. Destaca por:<\/p>\n\n\n\n<ul class=\"wp-block-list\">\n<li>Streaming en vivo fluido y sin cortes.<\/li>\n\n\n\n<li>Amplia variedad de mercados en vivo.<\/li>\n\n\n\n<li>Aplicaci\u00f3n m\u00f3vil para iOS y Android.<\/li>\n\n\n\n<li>Promociones para apuestas en directo.<\/li>\n<\/ul>\n\n\n\n<h3 class=\"wp-block-heading\"><span class=\"ez-toc-section\" id=\"%e2%9c%85bet365-lider-mundial-con-excelente-streaming-en-vivo\"><\/span>\u2705Bet365: l\u00edder mundial con excelente streaming en vivo<span class=\"ez-toc-section-end\"><\/span><\/h3>\n\n\n\n<p>Bet365 es uno de los sitios de apuestas m\u00e1s reconocidos a nivel global y en Chile tambi\u00e9n tiene gran prestigio. Su plataforma ofrece:<\/p>\n\n\n\n<ul class=\"wp-block-list\">\n<li>Streaming en vivo de varios deportes en buena resoluci\u00f3n y sin fallas.<\/li>\n\n\n\n<li>Estad\u00edsticas en tiempo real con gr\u00e1ficos interactivos.<\/li>\n\n\n\n<li>Funciones como cashout para cerrar apuestas anticipadamente.<\/li>\n\n\n\n<li>Aplicaci\u00f3n m\u00f3vil r\u00e1pida y f\u00e1cil de usar, optimizada para Android e iOS.<\/li>\n<\/ul>\n\n\n\n<h2 class=\"wp-block-heading\"><span class=\"ez-toc-section\" id=\"datos-a-considerar-sobre-los-sitios-con-streaming-en-vivo\"><\/span>Datos a considerar sobre los sitios con streaming en vivo<span class=\"ez-toc-section-end\"><\/span><\/h2>\n\n\n\n<p>Algunos sitios de apuestas con streaming en vivo exigen registro obligatorio para acceder al servicio. Otros tambi\u00e9n requieren saldo o una apuesta reciente para disfrutar del streaming en vivo. Esto busca asegurar que el streaming sea para usuarios activos, limitando el acceso a apostadores ocasionales.<\/p>\n\n\n\n<h2 class=\"wp-block-heading\"><span class=\"ez-toc-section\" id=\"razones-para-elegir-oddsium-como-tu-aliado-en-streaming-en-vivo\"><\/span>Razones para elegir Oddsium como tu aliado en streaming en vivo<span class=\"ez-toc-section-end\"><\/span><\/h2>\n\n\n\n<p><strong>\u2714\ufe0fAn\u00e1lisis cr\u00edtico y transparente<\/strong>: En cuanto a funciones clave, cuotas competitivas, actualizaciones en tiempo real y herramientas interactivas que potencian tus apuestas.<\/p>\n\n\n\n<p><strong>\u2714\ufe0fPromociones exclusivas<\/strong>: te mantenemos al d\u00eda con los <a href=\"https:\/\/oddsium.com\/cl\/betting\/mejores-bonos-de-apuestas-online-en-chile\/\" title=\"\">mejores bonos de apuestas online en Chile<\/a> y ofertas para apuestas en vivo.<\/p>\n\n\n\n<p><strong>\u2714\ufe0fInformaci\u00f3n completa y actualizada:<\/strong> adem\u00e1s de streaming, te ofrecemos datos precisos sobre cuotas, mercados y estad\u00edsticas para que tomes decisiones informadas.<\/p>\n\n\n\n<h2 class=\"wp-block-heading\"><span class=\"ez-toc-section\" id=\"conclusion-disfruta-de-tus-apuestas-con-streaming-en-vivo\"><\/span>Conclusi\u00f3n: disfruta de tus apuestas con streaming en vivo<span class=\"ez-toc-section-end\"><\/span><\/h2>\n\n\n\n<p>En Oddsium, tu satisfacci\u00f3n es lo primero. Por eso, te guiamos hacia plataformas que combinan tecnolog\u00eda, variedad y buen soporte. Apostar con streaming en vivo es la mejor forma de vivir el deporte en Chile.<\/p>\n\n\n\n<p>Adem\u00e1s, te ayudamos a elegir el sitio de apuestas que m\u00e1s te calza para que disfrutes cada jugada a full. No olvides aprovechar las <a href=\"https:\/\/oddsium.com\/cl\/betting-predictions\/\" title=\"\">predicciones de apuestas<\/a> de Oddsium para sacar ventaja.<\/p>\n","protected":false},"excerpt":{"rendered":"<p>Para nadie es un secreto que apostar en l\u00ednea es ahora mucho m\u00e1s emocionante gracias al streaming en vivo. En Chile, algunos sitios de apuestas ofrecen esta funci\u00f3n en su plataforma para que veas el partido mientras haces tus jugadas. As\u00ed, est\u00e1s completamente metido en la experiencia y puedes monitorear tus pron\u00f3sticos al instante. Sin [&hellip;]<\/p>\n","protected":false},"author":3,"featured_media":425,"parent":89,"menu_order":0,"comment_status":"closed","ping_status":"closed","template":"betting.php","meta":{"_acf_changed":false,"om_disable_all_campaigns":false,"footnotes":""},"class_list":["post-223","page","type-page","status-publish","has-post-thumbnail","hentry"],"acf":[],"aioseo_notices":[],"_links":{"self":[{"href":"https:\/\/oddsium.com\/cl\/wp-json\/wp\/v2\/pages\/223","targetHints":{"allow":["GET"]}}],"collection":[{"href":"https:\/\/oddsium.com\/cl\/wp-json\/wp\/v2\/pages"}],"about":[{"href":"https:\/\/oddsium.com\/cl\/wp-json\/wp\/v2\/types\/page"}],"author":[{"embeddable":true,"href":"https:\/\/oddsium.com\/cl\/wp-json\/wp\/v2\/users\/3"}],"replies":[{"embeddable":true,"href":"https:\/\/oddsium.com\/cl\/wp-json\/wp\/v2\/comments?post=223"}],"version-history":[{"count":0,"href":"https:\/\/oddsium.com\/cl\/wp-json\/wp\/v2\/pages\/223\/revisions"}],"up":[{"embeddable":true,"href":"https:\/\/oddsium.com\/cl\/wp-json\/wp\/v2\/pages\/89"}],"wp:featuredmedia":[{"embeddable":true,"href":"https:\/\/oddsium.com\/cl\/wp-json\/wp\/v2\/media\/425"}],"wp:attachment":[{"href":"https:\/\/oddsium.com\/cl\/wp-json\/wp\/v2\/media?parent=223"}],"curies":[{"name":"wp","href":"https:\/\/api.w.org\/{rel}","templated":true}]}}