{"id":224,"date":"2025-05-22T08:32:17","date_gmt":"2025-05-22T08:32:17","guid":{"rendered":"https:\/\/oddsium.wpenginepowered.com\/cl\/?page_id=224"},"modified":"2025-08-08T03:59:10","modified_gmt":"2025-08-08T03:59:10","slug":"mejores-sitios-de-apuestas-con-cashout-en-chile","status":"publish","type":"page","link":"https:\/\/oddsium.com\/cl\/betting\/mejores-sitios-de-apuestas-con-cashout-en-chile\/","title":{"rendered":"Mejores sitios de apuestas con cashout en Chile"},"content":{"rendered":"\n<p>Sabemos que lo m\u00e1s importante en los sitios de apuestas es que tengan funciones que realmente te sirvan. El cashout es una de esas funciones clave, porque te permite cerrar una apuesta antes de que termine el evento. As\u00ed, tienes m\u00e1s control sobre tu plata, ya sea para asegurar ganancias o para evitar p\u00e9rdidas grandes.<\/p>\n\n\n\n<p>Por eso, en esta gu\u00eda de Oddsium te mostramos los<a href=\"https:\/\/oddsium.com\/cl\/\" title=\"\"> sitios de apuestas legales en Chile <\/a>que ofrecen cashout. As\u00ed podr\u00e1s cerrar tus apuestas en el momento justo, minimizando las p\u00e9rdidas. \u00a1No te quedes pegado esperando el pitazo final!\u00a0<\/p>\n\n\n\n<div id=\"ez-toc-container\" class=\"ez-toc-v2_0_81 counter-hierarchy ez-toc-counter ez-toc-grey ez-toc-container-direction\">\n<div class=\"ez-toc-title-container\">\n<p class=\"ez-toc-title\" style=\"cursor:inherit\">Table of Contents<\/p>\n<span class=\"ez-toc-title-toggle\"><a href=\"#\" class=\"ez-toc-pull-right ez-toc-btn ez-toc-btn-xs ez-toc-btn-default ez-toc-toggle\" aria-label=\"Toggle Table of Content\"><span class=\"ez-toc-js-icon-con\"><span class=\"\"><span class=\"eztoc-hide\" style=\"display:none;\">Toggle<\/span><span class=\"ez-toc-icon-toggle-span\"><svg style=\"fill: #999;color:#999\" xmlns=\"http:\/\/www.w3.org\/2000\/svg\" class=\"list-377408\" width=\"20px\" height=\"20px\" viewBox=\"0 0 24 24\" fill=\"none\"><path d=\"M6 6H4v2h2V6zm14 0H8v2h12V6zM4 11h2v2H4v-2zm16 0H8v2h12v-2zM4 16h2v2H4v-2zm16 0H8v2h12v-2z\" fill=\"currentColor\"><\/path><\/svg><svg style=\"fill: #999;color:#999\" class=\"arrow-unsorted-368013\" xmlns=\"http:\/\/www.w3.org\/2000\/svg\" width=\"10px\" height=\"10px\" viewBox=\"0 0 24 24\" version=\"1.2\" baseProfile=\"tiny\"><path d=\"M18.2 9.3l-6.2-6.3-6.2 6.3c-.2.2-.3.4-.3.7s.1.5.3.7c.2.2.4.3.7.3h11c.3 0 .5-.1.7-.3.2-.2.3-.5.3-.7s-.1-.5-.3-.7zM5.8 14.7l6.2 6.3 6.2-6.3c.2-.2.3-.5.3-.7s-.1-.5-.3-.7c-.2-.2-.4-.3-.7-.3h-11c-.3 0-.5.1-.7.3-.2.2-.3.5-.3.7s.1.5.3.7z\"\/><\/svg><\/span><\/span><\/span><\/a><\/span><\/div>\n<nav><ul class='ez-toc-list ez-toc-list-level-1 ' ><li class='ez-toc-page-1 ez-toc-heading-level-2'><a class=\"ez-toc-link ez-toc-heading-1\" href=\"https:\/\/oddsium.com\/cl\/betting\/mejores-sitios-de-apuestas-con-cashout-en-chile\/#%c2%bfque-es-el-cashout\" >\u00bfQu\u00e9 es el cashout?&nbsp;<\/a><\/li><li class='ez-toc-page-1 ez-toc-heading-level-2'><a class=\"ez-toc-link ez-toc-heading-2\" href=\"https:\/\/oddsium.com\/cl\/betting\/mejores-sitios-de-apuestas-con-cashout-en-chile\/#%c2%bfpor-que-elegir-sitios-con-cashout\" >\u00bfPor qu\u00e9 elegir sitios con cashout?<\/a><\/li><li class='ez-toc-page-1 ez-toc-heading-level-2'><a class=\"ez-toc-link ez-toc-heading-3\" href=\"https:\/\/oddsium.com\/cl\/betting\/mejores-sitios-de-apuestas-con-cashout-en-chile\/#los-mejores-sitios-con-cashout-en-chile\" >Los mejores sitios con cashout en Chile<\/a><\/li><li class='ez-toc-page-1 ez-toc-heading-level-2'><a class=\"ez-toc-link ez-toc-heading-4\" href=\"https:\/\/oddsium.com\/cl\/betting\/mejores-sitios-de-apuestas-con-cashout-en-chile\/#como-podemos-ayudarte-en-oddsium-con-el-cashout\" >C\u00f3mo podemos ayudarte en Oddsium con el cashout&nbsp;<\/a><\/li><li class='ez-toc-page-1 ez-toc-heading-level-2'><a class=\"ez-toc-link ez-toc-heading-5\" href=\"https:\/\/oddsium.com\/cl\/betting\/mejores-sitios-de-apuestas-con-cashout-en-chile\/#conclusion\" >Conclusi\u00f3n&nbsp;<\/a><\/li><\/ul><\/nav><\/div>\n<h2 class=\"wp-block-heading\"><span class=\"ez-toc-section\" id=\"%c2%bfque-es-el-cashout\"><\/span>\u00bfQu\u00e9 es el cashout?&nbsp;<span class=\"ez-toc-section-end\"><\/span><\/h2>\n\n\n\n<p>El cashout es la funci\u00f3n que algunas plataformas ofrecen para liquidar una apuesta antes de que termine el partido o evento. Esto es s\u00faper \u00fatil, sobre todo si est\u00e1s empezando en las apuestas.<\/p>\n\n\n\n<p>En buen chileno, es un chance que te da el sitio para sacar tu plata, sea toda o solo una parte. No tienes que esperar hasta el final para recuperar tu dinero.<\/p>\n\n\n\n<p>Por ejemplo, si ves que tu equipo va ganando y no quieres jug\u00e1rtela a que se d\u00e9 vuelta el marcador, puedes cerrar la apuesta y cobrarla. Pero ojo, tambi\u00e9n sirve si la cosa pinta mal: puedes retirar parte de tu plata para no quedar con las manos vac\u00edas. En resumen, es como tener un seguro para tu jugada.<\/p>\n\n\n\n<h2 class=\"wp-block-heading\"><span class=\"ez-toc-section\" id=\"%c2%bfpor-que-elegir-sitios-con-cashout\"><\/span>\u00bfPor qu\u00e9 elegir sitios con cashout?<span class=\"ez-toc-section-end\"><\/span><\/h2>\n\n\n\n<p>Elegir sitios de apuestas cashout es clave para disfrutar de una experiencia mucho m\u00e1s confiable. Aqu\u00ed te contamos las principales razones por las que esta funci\u00f3n deber\u00eda ser una prioridad para ti:<\/p>\n\n\n\n<p>\u2705Te da mucho m\u00e1s control sobre tus ganancias o, sobre todo, tus posibles p\u00e9rdidas.<\/p>\n\n\n\n<p>\u2705Puedes sacar tu plata sin tanto rollo ni tr\u00e1mites complicados.<\/p>\n\n\n\n<p>\u2705Te da la sensaci\u00f3n de estar apostando en una casa profesional.<\/p>\n\n\n\n<p>\u2705Los sitios que ofrecen esta funci\u00f3n muestran transparencia y compromiso con los usuarios.<\/p>\n\n\n\n<p>\u2705Disfrutas de una experiencia completa y sin sorpresas.<\/p>\n\n\n\n<h2 class=\"wp-block-heading\"><span class=\"ez-toc-section\" id=\"los-mejores-sitios-con-cashout-en-chile\"><\/span>Los mejores sitios con cashout en Chile<span class=\"ez-toc-section-end\"><\/span><\/h2>\n\n\n\n<p>\u00bfQuieres tener el control total sobre tu apuesta en l\u00ednea? Aqu\u00ed te dejo los mejores sitios con cashout en Chile y sus caracter\u00edsticas para que elijas el que m\u00e1s te acomode.<\/p>\n\n\n\n<figure class=\"wp-block-table\"><table class=\"has-fixed-layout\"><tbody><tr><td><strong>Casa de Apuestas<\/strong><\/td><td><strong>Experiencia General Destacada<\/strong><\/td><\/tr><tr><td>MelBet<\/td><td>Amplia variedad de mercados y cuotas competitivas. Con streaming en vivo, estad\u00edsticas detalladas, interfaz funcional y app m\u00f3vil accesible.&nbsp;<\/td><\/tr><tr><td>Awintura<\/td><td>Enfoque en live streaming y app m\u00f3vil nativa. Con promociones y programas VIP que mejoran la fidelidad del usuario.&nbsp;<\/td><\/tr><tr><td>Betano<\/td><td>Excelente experiencia de usuario con tecnolog\u00eda avanzada, apuestas gratis, match center con estad\u00edsticas en vivo.&nbsp; Adem\u00e1s, buena cobertura de deportes populares.<\/td><\/tr><tr><td>JugaBet<\/td><td>Plataforma sencilla con freebets y desaf\u00edos que incentivan la participaci\u00f3n activa. Ideal para usuarios que buscan interacci\u00f3n y promociones frecuentes.<\/td><\/tr><\/tbody><\/table><\/figure>\n\n\n\n<h2 class=\"wp-block-heading\"><span class=\"ez-toc-section\" id=\"como-podemos-ayudarte-en-oddsium-con-el-cashout\"><\/span>C\u00f3mo podemos ayudarte en Oddsium con el cashout&nbsp;<span class=\"ez-toc-section-end\"><\/span><\/h2>\n\n\n\n<p>En Oddsium te damos consejos pr\u00e1cticos y actualizados para que aproveches al m\u00e1ximo el cashout en tus apuestas en l\u00ednea. Tambi\u00e9n te entregamos gu\u00edas f\u00e1ciles de entender, la <a href=\"https:\/\/oddsium.com\/cl\/odds\/\" title=\"\">mejor comparaci\u00f3n de cuotas en Chile<\/a> y comparaciones detalladas de los mejores sitios en Chile.<\/p>\n\n\n\n<p><em>\ud83d\udcccOfrecemos todo lo necesario para que elijas la plataforma que m\u00e1s te convenga.<\/em><\/p>\n\n\n\n<h2 class=\"wp-block-heading\"><span class=\"ez-toc-section\" id=\"conclusion\"><\/span>Conclusi\u00f3n&nbsp;<span class=\"ez-toc-section-end\"><\/span><\/h2>\n\n\n\n<p>Los sitios de apuestas en Chile que ofrecen cashout te dan m\u00e1s control. Adem\u00e1s, te ayudan a reducir p\u00e9rdidas. Plataformas como las que te hemos mencionado destacan por esta funci\u00f3n. Por eso, mejoran la experiencia del usuario completamente. Sin duda, ofrecen transparencia y flexibilidad.<\/p>\n\n\n\n<p>En Oddsium, te asesoramos para usar el cashout de forma inteligente y segura. As\u00ed, puedes apostar desde cualquier parte de Chile con confianza.<\/p>\n","protected":false},"excerpt":{"rendered":"<p>Sabemos que lo m\u00e1s importante en los sitios de apuestas es que tengan funciones que realmente te sirvan. El cashout es una de esas funciones clave, porque te permite cerrar una apuesta antes de que termine el evento. As\u00ed, tienes m\u00e1s control sobre tu plata, ya sea para asegurar ganancias o para evitar p\u00e9rdidas grandes. [&hellip;]<\/p>\n","protected":false},"author":3,"featured_media":430,"parent":89,"menu_order":0,"comment_status":"closed","ping_status":"closed","template":"betting.php","meta":{"_acf_changed":false,"om_disable_all_campaigns":false,"footnotes":""},"class_list":["post-224","page","type-page","status-publish","has-post-thumbnail","hentry"],"acf":[],"aioseo_notices":[],"_links":{"self":[{"href":"https:\/\/oddsium.com\/cl\/wp-json\/wp\/v2\/pages\/224","targetHints":{"allow":["GET"]}}],"collection":[{"href":"https:\/\/oddsium.com\/cl\/wp-json\/wp\/v2\/pages"}],"about":[{"href":"https:\/\/oddsium.com\/cl\/wp-json\/wp\/v2\/types\/page"}],"author":[{"embeddable":true,"href":"https:\/\/oddsium.com\/cl\/wp-json\/wp\/v2\/users\/3"}],"replies":[{"embeddable":true,"href":"https:\/\/oddsium.com\/cl\/wp-json\/wp\/v2\/comments?post=224"}],"version-history":[{"count":0,"href":"https:\/\/oddsium.com\/cl\/wp-json\/wp\/v2\/pages\/224\/revisions"}],"up":[{"embeddable":true,"href":"https:\/\/oddsium.com\/cl\/wp-json\/wp\/v2\/pages\/89"}],"wp:featuredmedia":[{"embeddable":true,"href":"https:\/\/oddsium.com\/cl\/wp-json\/wp\/v2\/media\/430"}],"wp:attachment":[{"href":"https:\/\/oddsium.com\/cl\/wp-json\/wp\/v2\/media?parent=224"}],"curies":[{"name":"wp","href":"https:\/\/api.w.org\/{rel}","templated":true}]}}