{"id":226,"date":"2025-05-22T08:32:57","date_gmt":"2025-05-22T08:32:57","guid":{"rendered":"https:\/\/oddsium.wpenginepowered.com\/cl\/?page_id=226"},"modified":"2025-09-13T19:51:09","modified_gmt":"2025-09-13T19:51:09","slug":"nuevos-sitios-de-apuestas-en-chile","status":"publish","type":"page","link":"https:\/\/oddsium.com\/cl\/betting\/nuevos-sitios-de-apuestas-en-chile\/","title":{"rendered":"Nuevos sitios de apuestas en Chile"},"content":{"rendered":"\n<p>Hoy en d\u00eda, los nuevos sitios de apuestas en Chile est\u00e1n ganando terreno a la velocidad de la luz. Vienen con promos buenas y experiencias seguras para los jugadores m\u00e1s exigentes. Estas plataformas usan tecnolog\u00eda moderna, como apps m\u00f3viles y streaming, para que la experiencia sea completa. Adem\u00e1s, se preocupan de ofrecer beneficios a la medida para los fan\u00e1ticos de las <a href=\"https:\/\/oddsium.com\/cl\/sports\/\" title=\"\">apuestas deportivas en Chile<\/a> y los juegos de casino.<\/p>\n\n\n\n<p>En Oddsium, sabemos que encontrar el sitio ideal puede ser un verdadero enredo. Por eso, armamos esta gu\u00eda para que caches todo sobre los nuevos sitios de apuestas en Chile.&nbsp;<\/p>\n\n\n\n<div id=\"ez-toc-container\" class=\"ez-toc-v2_0_81 counter-hierarchy ez-toc-counter ez-toc-grey ez-toc-container-direction\">\n<div class=\"ez-toc-title-container\">\n<p class=\"ez-toc-title\" style=\"cursor:inherit\">Table of Contents<\/p>\n<span class=\"ez-toc-title-toggle\"><a href=\"#\" class=\"ez-toc-pull-right ez-toc-btn ez-toc-btn-xs ez-toc-btn-default ez-toc-toggle\" aria-label=\"Toggle Table of Content\"><span class=\"ez-toc-js-icon-con\"><span class=\"\"><span class=\"eztoc-hide\" style=\"display:none;\">Toggle<\/span><span class=\"ez-toc-icon-toggle-span\"><svg style=\"fill: #999;color:#999\" xmlns=\"http:\/\/www.w3.org\/2000\/svg\" class=\"list-377408\" width=\"20px\" height=\"20px\" viewBox=\"0 0 24 24\" fill=\"none\"><path d=\"M6 6H4v2h2V6zm14 0H8v2h12V6zM4 11h2v2H4v-2zm16 0H8v2h12v-2zM4 16h2v2H4v-2zm16 0H8v2h12v-2z\" fill=\"currentColor\"><\/path><\/svg><svg style=\"fill: #999;color:#999\" class=\"arrow-unsorted-368013\" xmlns=\"http:\/\/www.w3.org\/2000\/svg\" width=\"10px\" height=\"10px\" viewBox=\"0 0 24 24\" version=\"1.2\" baseProfile=\"tiny\"><path d=\"M18.2 9.3l-6.2-6.3-6.2 6.3c-.2.2-.3.4-.3.7s.1.5.3.7c.2.2.4.3.7.3h11c.3 0 .5-.1.7-.3.2-.2.3-.5.3-.7s-.1-.5-.3-.7zM5.8 14.7l6.2 6.3 6.2-6.3c.2-.2.3-.5.3-.7s-.1-.5-.3-.7c-.2-.2-.4-.3-.7-.3h-11c-.3 0-.5.1-.7.3-.2.2-.3.5-.3.7s.1.5.3.7z\"\/><\/svg><\/span><\/span><\/span><\/a><\/span><\/div>\n<nav><ul class='ez-toc-list ez-toc-list-level-1 ' ><li class='ez-toc-page-1 ez-toc-heading-level-2'><a class=\"ez-toc-link ez-toc-heading-1\" href=\"https:\/\/oddsium.com\/cl\/betting\/nuevos-sitios-de-apuestas-en-chile\/#%c2%bfpor-que-darle-una-oportunidad-a-los-nuevos-sitios-de-apuestas-en-chile\" >\u00bfPor qu\u00e9 darle una oportunidad a los nuevos sitios de apuestas en Chile?<\/a><\/li><li class='ez-toc-page-1 ez-toc-heading-level-2'><a class=\"ez-toc-link ez-toc-heading-2\" href=\"https:\/\/oddsium.com\/cl\/betting\/nuevos-sitios-de-apuestas-en-chile\/#tips-para-ver-si-un-nuevo-sitio-de-apuestas-es-bueno\" >Tips para ver si un nuevo sitio de apuestas es bueno<\/a><ul class='ez-toc-list-level-3' ><li class='ez-toc-heading-level-3'><a class=\"ez-toc-link ez-toc-heading-3\" href=\"https:\/\/oddsium.com\/cl\/betting\/nuevos-sitios-de-apuestas-en-chile\/#%e2%9c%85chequea-la-licencia\" >\u2705Chequea la licencia<\/a><\/li><li class='ez-toc-page-1 ez-toc-heading-level-3'><a class=\"ez-toc-link ez-toc-heading-4\" href=\"https:\/\/oddsium.com\/cl\/betting\/nuevos-sitios-de-apuestas-en-chile\/#%e2%9c%85seguridad-ante-todo\" >\u2705Seguridad ante todo<\/a><\/li><li class='ez-toc-page-1 ez-toc-heading-level-3'><a class=\"ez-toc-link ez-toc-heading-5\" href=\"https:\/\/oddsium.com\/cl\/betting\/nuevos-sitios-de-apuestas-en-chile\/#%e2%9c%85que-tenga-variedad\" >\u2705Que tenga variedad<\/a><\/li><li class='ez-toc-page-1 ez-toc-heading-level-3'><a class=\"ez-toc-link ez-toc-heading-6\" href=\"https:\/\/oddsium.com\/cl\/betting\/nuevos-sitios-de-apuestas-en-chile\/#%e2%9c%85metodos-de-pago-locales\" >\u2705M\u00e9todos de pago locales<\/a><\/li><li class='ez-toc-page-1 ez-toc-heading-level-3'><a class=\"ez-toc-link ez-toc-heading-7\" href=\"https:\/\/oddsium.com\/cl\/betting\/nuevos-sitios-de-apuestas-en-chile\/#%e2%9c%85atencion-al-cliente\" >\u2705Atenci\u00f3n al cliente&nbsp;<\/a><\/li><\/ul><\/li><li class='ez-toc-page-1 ez-toc-heading-level-2'><a class=\"ez-toc-link ez-toc-heading-8\" href=\"https:\/\/oddsium.com\/cl\/betting\/nuevos-sitios-de-apuestas-en-chile\/#pros-y-contras-de-los-nuevos-sitios-de-apuestas\" >Pros y contras de los nuevos sitios de apuestas<\/a><\/li><li class='ez-toc-page-1 ez-toc-heading-level-2'><a class=\"ez-toc-link ez-toc-heading-9\" href=\"https:\/\/oddsium.com\/cl\/betting\/nuevos-sitios-de-apuestas-en-chile\/#nuevas-casas-de-apuestas-mas-destacadas-en-chile\" >Nuevas casas de apuestas m\u00e1s destacadas en Chile&nbsp;<\/a><\/li><li class='ez-toc-page-1 ez-toc-heading-level-2'><a class=\"ez-toc-link ez-toc-heading-10\" href=\"https:\/\/oddsium.com\/cl\/betting\/nuevos-sitios-de-apuestas-en-chile\/#paso-a-paso-para-apostar-en-un-nuevo-sitio-de-apuestas-en-chile\" >Paso a paso para apostar en un nuevo sitio de apuestas en Chile<\/a><\/li><li class='ez-toc-page-1 ez-toc-heading-level-2'><a class=\"ez-toc-link ez-toc-heading-11\" href=\"https:\/\/oddsium.com\/cl\/betting\/nuevos-sitios-de-apuestas-en-chile\/#%c2%bfpor-que-confiar-en-oddsium-para-conocer-nuevos-sitios-de-apuestas\" >\u00bfPor qu\u00e9 confiar en Oddsium para conocer nuevos sitios de apuestas?<\/a><\/li><\/ul><\/nav><\/div>\n<h2 class=\"wp-block-heading\"><span class=\"ez-toc-section\" id=\"%c2%bfpor-que-darle-una-oportunidad-a-los-nuevos-sitios-de-apuestas-en-chile\"><\/span>\u00bfPor qu\u00e9 darle una oportunidad a los nuevos sitios de apuestas en Chile?<span class=\"ez-toc-section-end\"><\/span><\/h2>\n\n\n\n<p>Apostar en l\u00ednea est\u00e1 cada vez m\u00e1s de moda, as\u00ed que no es raro que surjan nuevas casas de apuestas en el mercado. Estos nuevos sitios de apuestas en Chile traen varias ventajas que no puedes dejar pasar. Echa un vistazo. <\/p>\n\n\n\n<p><strong>\ud83d\udd38M\u00e1s promos: <\/strong>Los nuevos sitios suelen tirar los <a href=\"https:\/\/oddsium.com\/cl\/betting\/mejores-bonos-de-apuestas-online-en-chile\/\" title=\"\">mejores bonos de apuestas online en Chile<\/a> para atraer a la gente.<\/p>\n\n\n\n<p><strong>\ud83d\udd38Tecnolog\u00eda al d\u00eda: <\/strong>Plataformas r\u00e1pidas y f\u00e1ciles de usar, tanto en compu como en el celu.<\/p>\n\n\n\n<p><strong>\ud83d\udd38Variedad de mercados:<\/strong> Puedes apostar en f\u00fatbol chileno, tenis, b\u00e1squet y hasta en eSports y eventos especiales.<\/p>\n\n\n\n<p><strong>\ud83d\udd38Mejor experiencia:<\/strong> Probar un sitio nuevo puede darte cuotas m\u00e1s jugosas y servicios m\u00e1s personalizados.<\/p>\n\n\n\n<h2 class=\"wp-block-heading\"><span class=\"ez-toc-section\" id=\"tips-para-ver-si-un-nuevo-sitio-de-apuestas-es-bueno\"><\/span>Tips para ver si un nuevo sitio de apuestas es bueno<span class=\"ez-toc-section-end\"><\/span><\/h2>\n\n\n\n<p>Con tantas opciones, elegir puede ser un poco dif\u00edcil. Pero si sigues estos consejos, lo har\u00e1s r\u00e1pido y sin complicaciones:<\/p>\n\n\n\n<h3 class=\"wp-block-heading\"><span class=\"ez-toc-section\" id=\"%e2%9c%85chequea-la-licencia\"><\/span>\u2705Chequea la licencia<span class=\"ez-toc-section-end\"><\/span><\/h3>\n\n\n\n<p>Aseg\u00farate que el sitio tenga licencia internacional confiable (Chile aun o posee licencia propia vigente).<\/p>\n\n\n\n<h3 class=\"wp-block-heading\"><span class=\"ez-toc-section\" id=\"%e2%9c%85seguridad-ante-todo\"><\/span>\u2705Seguridad ante todo<span class=\"ez-toc-section-end\"><\/span><\/h3>\n\n\n\n<p>Prefiere plataformas con certificados SSL y pol\u00edticas claras para cuidar tus datos.<\/p>\n\n\n\n<h3 class=\"wp-block-heading\"><span class=\"ez-toc-section\" id=\"%e2%9c%85que-tenga-variedad\"><\/span>\u2705Que tenga variedad<span class=\"ez-toc-section-end\"><\/span><\/h3>\n\n\n\n<p>Busca sitios con apuestas en los deportes que m\u00e1s te gustan, como la liga chilena, tenis o b\u00e1squet.<\/p>\n\n\n\n<h3 class=\"wp-block-heading\"><span class=\"ez-toc-section\" id=\"%e2%9c%85metodos-de-pago-locales\"><\/span>\u2705M\u00e9todos de pago locales<span class=\"ez-toc-section-end\"><\/span><\/h3>\n\n\n\n<p>Que acepten formas de pago conocidas y retiros r\u00e1pidos, sin letras chicas.<\/p>\n\n\n\n<h3 class=\"wp-block-heading\"><span class=\"ez-toc-section\" id=\"%e2%9c%85atencion-al-cliente\"><\/span>\u2705Atenci\u00f3n al cliente&nbsp;<span class=\"ez-toc-section-end\"><\/span><\/h3>\n\n\n\n<p>Que tengan soporte en espa\u00f1ol y que respondan r\u00e1pido por chat, mail o tel\u00e9fono.<\/p>\n\n\n\n<h2 class=\"wp-block-heading\"><span class=\"ez-toc-section\" id=\"pros-y-contras-de-los-nuevos-sitios-de-apuestas\"><\/span>Pros y contras de los nuevos sitios de apuestas <span class=\"ez-toc-section-end\"><\/span><\/h2>\n\n\n\n<figure class=\"wp-block-image size-large\"><img loading=\"lazy\" decoding=\"async\" width=\"1024\" height=\"819\" src=\"https:\/\/oddsium.com\/cl\/wp-content\/uploads\/sites\/14\/2025\/09\/Pros-y-contras-de-apostar-en-nuevos-sitios-de-apuestas-en-chile-1024x819.jpg\" alt=\"\" class=\"wp-image-536\" srcset=\"https:\/\/oddsium.com\/cl\/wp-content\/uploads\/sites\/14\/2025\/09\/Pros-y-contras-de-apostar-en-nuevos-sitios-de-apuestas-en-chile-1024x819.jpg 1024w, https:\/\/oddsium.com\/cl\/wp-content\/uploads\/sites\/14\/2025\/09\/Pros-y-contras-de-apostar-en-nuevos-sitios-de-apuestas-en-chile-300x240.jpg 300w, https:\/\/oddsium.com\/cl\/wp-content\/uploads\/sites\/14\/2025\/09\/Pros-y-contras-de-apostar-en-nuevos-sitios-de-apuestas-en-chile-768x614.jpg 768w, https:\/\/oddsium.com\/cl\/wp-content\/uploads\/sites\/14\/2025\/09\/Pros-y-contras-de-apostar-en-nuevos-sitios-de-apuestas-en-chile-1536x1229.jpg 1536w, https:\/\/oddsium.com\/cl\/wp-content\/uploads\/sites\/14\/2025\/09\/Pros-y-contras-de-apostar-en-nuevos-sitios-de-apuestas-en-chile-2048x1638.jpg 2048w\" sizes=\"auto, (max-width: 1024px) 100vw, 1024px\" \/><\/figure>\n\n\n\n<figure class=\"wp-block-table\"><table class=\"has-fixed-layout\"><tbody><tr><td class=\"has-text-align-left\" data-align=\"left\"><strong>Pros<\/strong><\/td><td class=\"has-text-align-center\" data-align=\"center\"><strong>Contras<\/strong><\/td><\/tr><tr><td class=\"has-text-align-left\" data-align=\"left\">\u2705M\u00e1s competencia=mejores bonos exclusivos.<\/td><td class=\"has-text-align-center\" data-align=\"center\">\u274cAlgunos bonos tienen condiciones dif\u00edciles.<\/td><\/tr><tr><td class=\"has-text-align-left\" data-align=\"left\">\u2705Plataformas r\u00e1pidas y apps m\u00f3viles.<\/td><td class=\"has-text-align-center\" data-align=\"center\">\u274cPoca opini\u00f3n de usuarios por ser nuevos.<\/td><\/tr><tr><td class=\"has-text-align-left\" data-align=\"left\">\u2705M\u00e9todos de pago adaptados al mercado local.<\/td><td class=\"has-text-align-center\" data-align=\"center\">\u274cAlgunas funciones pueden estar en desarrollo.<\/td><\/tr><tr><td class=\"has-text-align-left\" data-align=\"left\">\u2705Experiencia personalizada.<\/td><td class=\"has-text-align-center\" data-align=\"center\">\u274cEvita sitios sin licencia para no exponerte.<\/td><\/tr><\/tbody><\/table><\/figure>\n\n\n\n<h2 class=\"wp-block-heading\"><span class=\"ez-toc-section\" id=\"nuevas-casas-de-apuestas-mas-destacadas-en-chile\"><\/span>Nuevas casas de apuestas m\u00e1s destacadas en Chile&nbsp;<span class=\"ez-toc-section-end\"><\/span><\/h2>\n\n\n\n<figure class=\"wp-block-table\"><table class=\"has-fixed-layout\"><tbody><tr><td><strong>Sitio de apuesta<\/strong><\/td><td><strong>A\u00f1o de lanzamiento \/ licencia<\/strong><\/td><td><strong>Caracter\u00edsticas principales<\/strong><\/td><\/tr><tr><td>JugaBet<\/td><td>2021<\/td><td>\ud83d\udd38Plataforma chilena con bonos atractivos.<br>\ud83d\udd38Variedad en deportes y mercados.<br>\ud83d\udd38Soporte en espa\u00f1ol.<\/td><\/tr><tr><td>Awintura<\/td><td>2023<\/td><td>\ud83d\udd38Bonos de bienvenida generosos.<br>\ud83d\udd38M\u00e9todos de pago locales como WebPay y RedCompra.<br>\ud83d\udd38Atenci\u00f3n r\u00e1pida.<\/td><\/tr><tr><td>TonyBet<\/td><td>2022<\/td><td>\ud83d\udd38Promociones constantes.<br>\ud83d\udd38Apuestas deportivas y casino.<br>\ud83d\udd38Retiro r\u00e1pido.<\/td><\/tr><\/tbody><\/table><\/figure>\n\n\n\n<h2 class=\"wp-block-heading\"><span class=\"ez-toc-section\" id=\"paso-a-paso-para-apostar-en-un-nuevo-sitio-de-apuestas-en-chile\"><\/span>Paso a paso para apostar en un nuevo sitio de apuestas en Chile<span class=\"ez-toc-section-end\"><\/span><\/h2>\n\n\n\n<p>1\ufe0f\u20e3Elige el sitio de tu preferencia y entra a su p\u00e1gina oficial.<br>2\ufe0f\u20e3Reg\u00edstrate con tus datos personales y verifica tu cuenta al toque.<br>3\ufe0f\u20e3Haz tu primer dep\u00f3sito con el m\u00e9todo que m\u00e1s te acomode.<br>4\ufe0f\u20e3Pide el bono de bienvenida (si quieres) y lee bien los t\u00e9rminos.<br>5\ufe0f\u20e3Revisa los deportes y mercados antes de apostar.<br>6\ufe0f\u20e3\u00a1Listo! Juega con inteligencia y responsabilidad.<\/p>\n\n\n\n<h2 class=\"wp-block-heading\"><span class=\"ez-toc-section\" id=\"%c2%bfpor-que-confiar-en-oddsium-para-conocer-nuevos-sitios-de-apuestas\"><\/span>\u00bfPor qu\u00e9 confiar en Oddsium para conocer nuevos sitios de apuestas?<span class=\"ez-toc-section-end\"><\/span><\/h2>\n\n\n\n<p>Oddsium es tu partner ideal para cachar los sitios de apuestas deportivas m\u00e1s seguros en Chile. Comparamos y actualizamos a diario cada plataforma para asegurarnos de ofrecerte informaci\u00f3n confiable y \u00fatil. Adem\u00e1s, con nuestras&nbsp;<a href=\"https:\/\/oddsium.com\/cl\/betting-predictions\/\" title=\"\">predicciones de apuestas<\/a>&nbsp;podr\u00e1s apostar con m\u00e1s conocimientos y aprovechar al m\u00e1ximo todas las ventajas que ofrecen las mejores casas de apuestas.&nbsp;<\/p>\n","protected":false},"excerpt":{"rendered":"<p>Hoy en d\u00eda, los nuevos sitios de apuestas en Chile est\u00e1n ganando terreno a la velocidad de la luz. Vienen con promos buenas y experiencias seguras para los jugadores m\u00e1s exigentes. Estas plataformas usan tecnolog\u00eda moderna, como apps m\u00f3viles y streaming, para que la experiencia sea completa. Adem\u00e1s, se preocupan de ofrecer beneficios a la [&hellip;]<\/p>\n","protected":false},"author":3,"featured_media":437,"parent":89,"menu_order":0,"comment_status":"closed","ping_status":"closed","template":"betting.php","meta":{"_acf_changed":false,"om_disable_all_campaigns":false,"footnotes":""},"class_list":["post-226","page","type-page","status-publish","has-post-thumbnail","hentry"],"acf":[],"aioseo_notices":[],"_links":{"self":[{"href":"https:\/\/oddsium.com\/cl\/wp-json\/wp\/v2\/pages\/226","targetHints":{"allow":["GET"]}}],"collection":[{"href":"https:\/\/oddsium.com\/cl\/wp-json\/wp\/v2\/pages"}],"about":[{"href":"https:\/\/oddsium.com\/cl\/wp-json\/wp\/v2\/types\/page"}],"author":[{"embeddable":true,"href":"https:\/\/oddsium.com\/cl\/wp-json\/wp\/v2\/users\/3"}],"replies":[{"embeddable":true,"href":"https:\/\/oddsium.com\/cl\/wp-json\/wp\/v2\/comments?post=226"}],"version-history":[{"count":0,"href":"https:\/\/oddsium.com\/cl\/wp-json\/wp\/v2\/pages\/226\/revisions"}],"up":[{"embeddable":true,"href":"https:\/\/oddsium.com\/cl\/wp-json\/wp\/v2\/pages\/89"}],"wp:featuredmedia":[{"embeddable":true,"href":"https:\/\/oddsium.com\/cl\/wp-json\/wp\/v2\/media\/437"}],"wp:attachment":[{"href":"https:\/\/oddsium.com\/cl\/wp-json\/wp\/v2\/media?parent=226"}],"curies":[{"name":"wp","href":"https:\/\/api.w.org\/{rel}","templated":true}]}}