{"id":229,"date":"2025-05-22T08:33:55","date_gmt":"2025-05-22T08:33:55","guid":{"rendered":"https:\/\/oddsium.wpenginepowered.com\/cl\/?page_id=229"},"modified":"2025-08-08T02:41:03","modified_gmt":"2025-08-08T02:41:03","slug":"mejores-sitios-de-apuestas-con-paysafecard","status":"publish","type":"page","link":"https:\/\/oddsium.com\/cl\/betting\/mejores-sitios-de-apuestas-con-paysafecard\/","title":{"rendered":"Mejores sitios de apuestas con PaysafeCard"},"content":{"rendered":"\n<p>La seguridad es clave al elegir un m\u00e9todo de pago para apostar online. Por eso, Paysafecard&nbsp; es una gran opci\u00f3n, ya que ofrece gran protecci\u00f3n y privacidad. Usando esta tarjeta, evitas compartir datos bancarios o personales, lo que reduce los riesgos de fraude o robo de identidad.<\/p>\n\n\n\n<p>En esta gu\u00eda de Oddsium, te contamos cu\u00e1les son los mejores sitios de apuestas que aceptan Paysafecard en Chile.<\/p>\n\n\n\n<div id=\"ez-toc-container\" class=\"ez-toc-v2_0_81 counter-hierarchy ez-toc-counter ez-toc-grey ez-toc-container-direction\">\n<div class=\"ez-toc-title-container\">\n<p class=\"ez-toc-title\" style=\"cursor:inherit\">Table of Contents<\/p>\n<span class=\"ez-toc-title-toggle\"><a href=\"#\" class=\"ez-toc-pull-right ez-toc-btn ez-toc-btn-xs ez-toc-btn-default ez-toc-toggle\" aria-label=\"Toggle Table of Content\"><span class=\"ez-toc-js-icon-con\"><span class=\"\"><span class=\"eztoc-hide\" style=\"display:none;\">Toggle<\/span><span class=\"ez-toc-icon-toggle-span\"><svg style=\"fill: #999;color:#999\" xmlns=\"http:\/\/www.w3.org\/2000\/svg\" class=\"list-377408\" width=\"20px\" height=\"20px\" viewBox=\"0 0 24 24\" fill=\"none\"><path d=\"M6 6H4v2h2V6zm14 0H8v2h12V6zM4 11h2v2H4v-2zm16 0H8v2h12v-2zM4 16h2v2H4v-2zm16 0H8v2h12v-2z\" fill=\"currentColor\"><\/path><\/svg><svg style=\"fill: #999;color:#999\" class=\"arrow-unsorted-368013\" xmlns=\"http:\/\/www.w3.org\/2000\/svg\" width=\"10px\" height=\"10px\" viewBox=\"0 0 24 24\" version=\"1.2\" baseProfile=\"tiny\"><path d=\"M18.2 9.3l-6.2-6.3-6.2 6.3c-.2.2-.3.4-.3.7s.1.5.3.7c.2.2.4.3.7.3h11c.3 0 .5-.1.7-.3.2-.2.3-.5.3-.7s-.1-.5-.3-.7zM5.8 14.7l6.2 6.3 6.2-6.3c.2-.2.3-.5.3-.7s-.1-.5-.3-.7c-.2-.2-.4-.3-.7-.3h-11c-.3 0-.5.1-.7.3-.2.2-.3.5-.3.7s.1.5.3.7z\"\/><\/svg><\/span><\/span><\/span><\/a><\/span><\/div>\n<nav><ul class='ez-toc-list ez-toc-list-level-1 ' ><li class='ez-toc-page-1 ez-toc-heading-level-2'><a class=\"ez-toc-link ez-toc-heading-1\" href=\"https:\/\/oddsium.com\/cl\/betting\/mejores-sitios-de-apuestas-con-paysafecard\/#%c2%bfque-es-paysafecard\" >\u00bfQu\u00e9 es Paysafecard?<\/a><\/li><li class='ez-toc-page-1 ez-toc-heading-level-2'><a class=\"ez-toc-link ez-toc-heading-2\" href=\"https:\/\/oddsium.com\/cl\/betting\/mejores-sitios-de-apuestas-con-paysafecard\/#%c2%bfcomo-funciona-paysafecard-en-las-apuestas\" >\u00bfC\u00f3mo funciona Paysafecard en las apuestas?<\/a><\/li><li class='ez-toc-page-1 ez-toc-heading-level-2'><a class=\"ez-toc-link ez-toc-heading-3\" href=\"https:\/\/oddsium.com\/cl\/betting\/mejores-sitios-de-apuestas-con-paysafecard\/#pros-y-contras-de-usar-paysafecard\" >Pros y contras de usar Paysafecard<\/a><\/li><li class='ez-toc-page-1 ez-toc-heading-level-2'><a class=\"ez-toc-link ez-toc-heading-4\" href=\"https:\/\/oddsium.com\/cl\/betting\/mejores-sitios-de-apuestas-con-paysafecard\/#los-mejores-sitios-de-apuestas-que-aceptan-paysafecard-en-chile\" >Los mejores sitios de apuestas que aceptan Paysafecard en Chile<\/a><\/li><li class='ez-toc-page-1 ez-toc-heading-level-2'><a class=\"ez-toc-link ez-toc-heading-5\" href=\"https:\/\/oddsium.com\/cl\/betting\/mejores-sitios-de-apuestas-con-paysafecard\/#como-empezar-a-usar-paysafecard-en-los-sitios-de-apuestas\" >C\u00f3mo empezar a usar Paysafecard en los sitios de apuestas<\/a><\/li><li class='ez-toc-page-1 ez-toc-heading-level-2'><a class=\"ez-toc-link ez-toc-heading-6\" href=\"https:\/\/oddsium.com\/cl\/betting\/mejores-sitios-de-apuestas-con-paysafecard\/#paysafecard-y-los-bonos-de-bienvenida-%c2%bffunciona\" >Paysafecard y los bonos de bienvenida: \u00bffunciona?<\/a><\/li><li class='ez-toc-page-1 ez-toc-heading-level-2'><a class=\"ez-toc-link ez-toc-heading-7\" href=\"https:\/\/oddsium.com\/cl\/betting\/mejores-sitios-de-apuestas-con-paysafecard\/#%c2%bfpor-que-confiar-en-oddsium-elegir-sitios-con-paysafecard\" >\u00bfPor qu\u00e9 confiar en Oddsium elegir sitios con Paysafecard?<\/a><\/li><\/ul><\/nav><\/div>\n<h2 class=\"wp-block-heading\"><span class=\"ez-toc-section\" id=\"%c2%bfque-es-paysafecard\"><\/span>\u00bfQu\u00e9 es Paysafecard?<span class=\"ez-toc-section-end\"><\/span><\/h2>\n\n\n\n<p>Paysafecard es una tarjeta prepaga que funciona con un c\u00f3digo de 16 n\u00fameros. Puedes comprarla en tiendas f\u00edsicas o por internet con montos fijos, desde 10 hasta 100 euros o su equivalente en pesos chilenos (CLP).<\/p>\n\n\n\n<p>Lo bueno es que no necesitas dar datos de tu banco ni tarjeta de cr\u00e9dito para usarla. De esta manera, mantienes tu informaci\u00f3n 100% segura y privada. Solo debes usar el c\u00f3digo para pagar en las p\u00e1ginas de apuestas o tiendas online de tu preferencia. Incluso, esta modalidad te ayuda a controlar cu\u00e1nto gastas sin sorpresas.<\/p>\n\n\n\n<p>Adem\u00e1s, est\u00e1 regulada por normas europeas que protegen cada pago que haces, d\u00e1ndote m\u00e1s confianza y tranquilidad al usarla. Pero, \u00bfPara qui\u00e9n es ideal Paysafecard?<\/p>\n\n\n\n<p><strong>\ud83d\udccc Paysafecard es la opci\u00f3n perfecta para quienes quieren:<\/strong><\/p>\n\n\n\n<ul class=\"wp-block-list\">\n<li>No vincular la tarjeta o cuenta bancaria al apostar.<\/li>\n\n\n\n<li>Tener un control claro y sencillo sobre sus gastos en apuestas.<\/li>\n\n\n\n<li>Resguardar mucho m\u00e1s la seguridad y privacidad de cada usuario.<\/li>\n<\/ul>\n\n\n\n<h2 class=\"wp-block-heading\"><span class=\"ez-toc-section\" id=\"%c2%bfcomo-funciona-paysafecard-en-las-apuestas\"><\/span>\u00bfC\u00f3mo funciona Paysafecard en las apuestas?<span class=\"ez-toc-section-end\"><\/span><\/h2>\n\n\n\n<p>Para apostar usando Paysafecard, solo debes ingresar el c\u00f3digo PIN en la secci\u00f3n de dep\u00f3sitos del sitio elegido. El saldo se acredita al instante, permiti\u00e9ndote jugar sin esperas.<\/p>\n\n\n\n<p>Eso s\u00ed, con este m\u00e9todo solo puedes depositar. Para retirar tus ganancias necesitar\u00e1s usar otros m\u00e9todos como transferencias bancarias o monederos electr\u00f3nicos.<\/p>\n\n\n\n<p><em>\ud83d\udd0dCon MyPaysafe puedes guardar varios c\u00f3digos y pagar f\u00e1cilmente con tu usuario y contrase\u00f1a. Esto sin ingresar cada PIN manualmente, agilizando tus pagos y d\u00e1ndote mayor comodidad.<\/em><\/p>\n\n\n\n<h2 class=\"wp-block-heading\"><span class=\"ez-toc-section\" id=\"pros-y-contras-de-usar-paysafecard\"><\/span>Pros y contras de usar Paysafecard<span class=\"ez-toc-section-end\"><\/span><\/h2>\n\n\n\n<figure class=\"wp-block-table\"><table class=\"has-fixed-layout\"><tbody><tr><td><strong>\u2705Ventajas<\/strong><\/td><td><strong>\u274cDesventajas<\/strong><\/td><\/tr><tr><td>Transacciones an\u00f3nimas sin compartir datos bancarios.<\/td><td>No permite retiros directos, debes usar otros m\u00e9todos para cobrar.<\/td><\/tr><tr><td>Solo usas el saldo prepagado, d\u00e1ndote m\u00e1s control.<\/td><td>Algunas plataformas no lo aceptan como m\u00e9todo de pago.<\/td><\/tr><tr><td>Dep\u00f3sitos instant\u00e1neos sin tiempos de espera.<\/td><td>Requiere comprar la tarjeta en puntos f\u00edsicos o en l\u00ednea, lo que puede ser menos c\u00f3modo para algunos usuarios.<\/td><\/tr><tr><td>Alta seguridad con c\u00f3digo PIN \u00fanico y cifrado avanzado.<\/td><td>Algunos bonos excluyen pagos por Paysafecard.<\/td><\/tr><tr><td>Suele aceptarse en muchos sitios de apuestas legales.<\/td><td>Tiene un l\u00edmite por transacci\u00f3n equivalente a 250 euros, lo que en pesos chilenos ronda aproximadamente los 270.000 CLP (al cambio del d\u00eda).<\/td><\/tr><\/tbody><\/table><\/figure>\n\n\n\n<h2 class=\"wp-block-heading\"><span class=\"ez-toc-section\" id=\"los-mejores-sitios-de-apuestas-que-aceptan-paysafecard-en-chile\"><\/span>Los mejores sitios de apuestas que aceptan Paysafecard en Chile<span class=\"ez-toc-section-end\"><\/span><\/h2>\n\n\n\n<p>En Chile, encontrar\u00e1s muchos sitios de apuesta para hacer tus jugadas. Sin embargo, no todos ofrecen a Paysafecard como m\u00e9todo de dep\u00f3sito. Estos son algunos de los que s\u00ed lo admiten:&nbsp;<\/p>\n\n\n\n<figure class=\"wp-block-table\"><table class=\"has-fixed-layout\"><tbody><tr><td><strong>Casa de apuestas<\/strong><\/td><td><strong>Dep\u00f3sito m\u00ednimo en pesos chilenos (CLP)<\/strong><\/td><\/tr><tr><td>MarathonBet<\/td><td>8.000 CLP&nbsp;<\/td><\/tr><tr><td>Coolbet<\/td><td>8.000 CLP&nbsp;<\/td><\/tr><tr><td>Melbet<\/td><td>5.000 CLP&nbsp;<\/td><\/tr><\/tbody><\/table><\/figure>\n\n\n\n<h2 class=\"wp-block-heading\"><span class=\"ez-toc-section\" id=\"como-empezar-a-usar-paysafecard-en-los-sitios-de-apuestas\"><\/span>C\u00f3mo empezar a usar Paysafecard en los sitios de apuestas<span class=\"ez-toc-section-end\"><\/span><\/h2>\n\n\n\n<p>1\ufe0f\u20e3Compra una tarjeta Paysafecard en un punto de venta f\u00edsico o en l\u00ednea.<br>2\ufe0f\u20e3Reg\u00edstrate en la casa de apuestas de tu preferencia y verifica tu cuenta si es necesario.<br>3\ufe0f\u20e3En la secci\u00f3n de dep\u00f3sitos, selecciona Paysafecard como m\u00e9todo de pago.<br>4\ufe0f\u20e3Ingresa el c\u00f3digo PIN de 16 d\u00edgitos y confirma el importe a depositar.<br>5\ufe0f\u20e3Recibe el saldo acreditado al instante.<\/p>\n\n\n\n<p><em>\ud83d\udccc Recuerda que para retirar ganancias debes usar otro m\u00e9todo disponible en tu sitio de apuestas.<\/em><\/p>\n\n\n\n<h2 class=\"wp-block-heading\"><span class=\"ez-toc-section\" id=\"paysafecard-y-los-bonos-de-bienvenida-%c2%bffunciona\"><\/span>Paysafecard y los bonos de bienvenida: \u00bffunciona?<span class=\"ez-toc-section-end\"><\/span><\/h2>\n\n\n\n<p>Los bonos de bienvenida son unos de los <a href=\"https:\/\/oddsium.com\/cl\/betting\/mejores-bonos-de-apuestas-online-en-chile\/\" title=\"\">mejores bonos de apuestas online en Chile<\/a> y se ofrecen a nuevos usuarios para que puedan vivir una mejor experiencia. Sin embargo, algunos sitios no aceptan pagos con Paysafecard para activar estos bonos o incluso, otros tipos de promos.<\/p>\n\n\n\n<p>Por eso, es fundamental revisar bien los t\u00e9rminos y condiciones antes de hacer cualquier operaci\u00f3n. Siempre verifica que el bono que te ofrecen sea compatible con Paysafecard para evitar inconvenientes y aprovechar al m\u00e1ximo las ofertas.<\/p>\n\n\n\n<p>Si eres nuevo en las apuestas, busca una casa que acepte Paysafecard. Luego, verifica\u00a0que te permita disfrutar de todos los beneficios habituales con este m\u00e9todo. En Oddsium te asesoramos para que tomes la mejor decisi\u00f3n.<\/p>\n\n\n\n<h2 class=\"wp-block-heading\"><span class=\"ez-toc-section\" id=\"%c2%bfpor-que-confiar-en-oddsium-elegir-sitios-con-paysafecard\"><\/span>\u00bfPor qu\u00e9 confiar en Oddsium elegir sitios con Paysafecard?<span class=\"ez-toc-section-end\"><\/span><\/h2>\n\n\n\n<p>En Oddsium, somos expertos en analizar y comparar m\u00e9todos de pago para apuestas online. Nuestra experiencia y rigor nos permiten recomendar solo <a href=\"https:\/\/oddsium.com\/cl\/betting\/\" title=\"\">casas de apuestas seguras y confiables<\/a> que acepten Paysafecard. Te ayudamos a elegir la mejor opci\u00f3n considerando:<\/p>\n\n\n\n<p>\u2705La rapidez en el abono del cr\u00e9dito.<br>\u2705Compatibilidad con promociones y ofertas.<br>\u2705Uso sencillo desde dispositivos m\u00f3viles.<br>\u2705Costos totales, incluyendo comisiones o tarifas.<\/p>\n\n\n\n<p><em>\ud83c\udfafEn Oddsium, te damos la gu\u00eda actualizada sobre plataformas confiables para aprovechar al m\u00e1ximo Paysafecard como m\u00e9todo de pago.<\/em><\/p>\n","protected":false},"excerpt":{"rendered":"<p>La seguridad es clave al elegir un m\u00e9todo de pago para apostar online. Por eso, Paysafecard&nbsp; es una gran opci\u00f3n, ya que ofrece gran protecci\u00f3n y privacidad. Usando esta tarjeta, evitas compartir datos bancarios o personales, lo que reduce los riesgos de fraude o robo de identidad. En esta gu\u00eda de Oddsium, te contamos cu\u00e1les [&hellip;]<\/p>\n","protected":false},"author":3,"featured_media":434,"parent":89,"menu_order":0,"comment_status":"closed","ping_status":"closed","template":"betting.php","meta":{"_acf_changed":false,"om_disable_all_campaigns":false,"footnotes":""},"class_list":["post-229","page","type-page","status-publish","has-post-thumbnail","hentry"],"acf":[],"aioseo_notices":[],"_links":{"self":[{"href":"https:\/\/oddsium.com\/cl\/wp-json\/wp\/v2\/pages\/229","targetHints":{"allow":["GET"]}}],"collection":[{"href":"https:\/\/oddsium.com\/cl\/wp-json\/wp\/v2\/pages"}],"about":[{"href":"https:\/\/oddsium.com\/cl\/wp-json\/wp\/v2\/types\/page"}],"author":[{"embeddable":true,"href":"https:\/\/oddsium.com\/cl\/wp-json\/wp\/v2\/users\/3"}],"replies":[{"embeddable":true,"href":"https:\/\/oddsium.com\/cl\/wp-json\/wp\/v2\/comments?post=229"}],"version-history":[{"count":0,"href":"https:\/\/oddsium.com\/cl\/wp-json\/wp\/v2\/pages\/229\/revisions"}],"up":[{"embeddable":true,"href":"https:\/\/oddsium.com\/cl\/wp-json\/wp\/v2\/pages\/89"}],"wp:featuredmedia":[{"embeddable":true,"href":"https:\/\/oddsium.com\/cl\/wp-json\/wp\/v2\/media\/434"}],"wp:attachment":[{"href":"https:\/\/oddsium.com\/cl\/wp-json\/wp\/v2\/media?parent=229"}],"curies":[{"name":"wp","href":"https:\/\/api.w.org\/{rel}","templated":true}]}}