{"id":233,"date":"2025-05-22T08:35:11","date_gmt":"2025-05-22T08:35:11","guid":{"rendered":"https:\/\/oddsium.wpenginepowered.com\/cl\/?page_id=233"},"modified":"2025-08-08T01:41:27","modified_gmt":"2025-08-08T01:41:27","slug":"sitios-de-apuestas-con-bet-builder-en-chile","status":"publish","type":"page","link":"https:\/\/oddsium.com\/cl\/betting\/sitios-de-apuestas-con-bet-builder-en-chile\/","title":{"rendered":"Mejores sitios de apuestas con Bet Builder en Chile"},"content":{"rendered":"\n<p>El Bet Builder o creador de apuestas se ha convertido en una funci\u00f3n s\u00faper popular entre los apostadores chilenos que quieren armar sus apuestas a su pinta. Gracias a esta herramienta, muchos logran ganancias que superan sus expectativas.&nbsp;<\/p>\n\n\n\n<p>En Oddsium, te contamos qu\u00e9 es el Bet Builder, c\u00f3mo funciona y cu\u00e1les son los mejores sitios de apuestas con esta funci\u00f3n en Chile.<\/p>\n\n\n\n<div id=\"ez-toc-container\" class=\"ez-toc-v2_0_81 counter-hierarchy ez-toc-counter ez-toc-grey ez-toc-container-direction\">\n<div class=\"ez-toc-title-container\">\n<p class=\"ez-toc-title\" style=\"cursor:inherit\">Table of Contents<\/p>\n<span class=\"ez-toc-title-toggle\"><a href=\"#\" class=\"ez-toc-pull-right ez-toc-btn ez-toc-btn-xs ez-toc-btn-default ez-toc-toggle\" aria-label=\"Toggle Table of Content\"><span class=\"ez-toc-js-icon-con\"><span class=\"\"><span class=\"eztoc-hide\" style=\"display:none;\">Toggle<\/span><span class=\"ez-toc-icon-toggle-span\"><svg style=\"fill: #999;color:#999\" xmlns=\"http:\/\/www.w3.org\/2000\/svg\" class=\"list-377408\" width=\"20px\" height=\"20px\" viewBox=\"0 0 24 24\" fill=\"none\"><path d=\"M6 6H4v2h2V6zm14 0H8v2h12V6zM4 11h2v2H4v-2zm16 0H8v2h12v-2zM4 16h2v2H4v-2zm16 0H8v2h12v-2z\" fill=\"currentColor\"><\/path><\/svg><svg style=\"fill: #999;color:#999\" class=\"arrow-unsorted-368013\" xmlns=\"http:\/\/www.w3.org\/2000\/svg\" width=\"10px\" height=\"10px\" viewBox=\"0 0 24 24\" version=\"1.2\" baseProfile=\"tiny\"><path d=\"M18.2 9.3l-6.2-6.3-6.2 6.3c-.2.2-.3.4-.3.7s.1.5.3.7c.2.2.4.3.7.3h11c.3 0 .5-.1.7-.3.2-.2.3-.5.3-.7s-.1-.5-.3-.7zM5.8 14.7l6.2 6.3 6.2-6.3c.2-.2.3-.5.3-.7s-.1-.5-.3-.7c-.2-.2-.4-.3-.7-.3h-11c-.3 0-.5.1-.7.3-.2.2-.3.5-.3.7s.1.5.3.7z\"\/><\/svg><\/span><\/span><\/span><\/a><\/span><\/div>\n<nav><ul class='ez-toc-list ez-toc-list-level-1 ' ><li class='ez-toc-page-1 ez-toc-heading-level-2'><a class=\"ez-toc-link ez-toc-heading-1\" href=\"https:\/\/oddsium.com\/cl\/betting\/sitios-de-apuestas-con-bet-builder-en-chile\/#%c2%bfque-es-el-bet-builder\" >\u00bfQu\u00e9 es el Bet Builder?<\/a><\/li><li class='ez-toc-page-1 ez-toc-heading-level-2'><a class=\"ez-toc-link ez-toc-heading-2\" href=\"https:\/\/oddsium.com\/cl\/betting\/sitios-de-apuestas-con-bet-builder-en-chile\/#%c2%bfpor-que-es-tan-buscado-el-bet-builder-en-chile\" >\u00bfPor qu\u00e9 es tan buscado el Bet Builder en Chile?<\/a><ul class='ez-toc-list-level-3' ><li class='ez-toc-heading-level-3'><a class=\"ez-toc-link ez-toc-heading-3\" href=\"https:\/\/oddsium.com\/cl\/betting\/sitios-de-apuestas-con-bet-builder-en-chile\/#%f0%9f%94%b8personalizacion-total\" >\ud83d\udd38Personalizaci\u00f3n total<\/a><\/li><li class='ez-toc-page-1 ez-toc-heading-level-3'><a class=\"ez-toc-link ez-toc-heading-4\" href=\"https:\/\/oddsium.com\/cl\/betting\/sitios-de-apuestas-con-bet-builder-en-chile\/#%f0%9f%94%b8mejores-cuotas\" >\ud83d\udd38Mejores cuotas<\/a><\/li><li class='ez-toc-page-1 ez-toc-heading-level-3'><a class=\"ez-toc-link ez-toc-heading-5\" href=\"https:\/\/oddsium.com\/cl\/betting\/sitios-de-apuestas-con-bet-builder-en-chile\/#%f0%9f%94%b8mayor-control\" >\ud83d\udd38Mayor control<\/a><\/li><li class='ez-toc-page-1 ez-toc-heading-level-3'><a class=\"ez-toc-link ez-toc-heading-6\" href=\"https:\/\/oddsium.com\/cl\/betting\/sitios-de-apuestas-con-bet-builder-en-chile\/#%f0%9f%94%b8mas-diversion\" >\ud83d\udd38M\u00e1s diversi\u00f3n<\/a><\/li><\/ul><\/li><li class='ez-toc-page-1 ez-toc-heading-level-2'><a class=\"ez-toc-link ez-toc-heading-7\" href=\"https:\/\/oddsium.com\/cl\/betting\/sitios-de-apuestas-con-bet-builder-en-chile\/#top-4-sitios-de-apuestas-con-bet-builder-en-chile\" >Top 4: Sitios de apuestas con Bet Builder en Chile<\/a><\/li><li class='ez-toc-page-1 ez-toc-heading-level-2'><a class=\"ez-toc-link ez-toc-heading-8\" href=\"https:\/\/oddsium.com\/cl\/betting\/sitios-de-apuestas-con-bet-builder-en-chile\/#consideraciones-clave-al-usar-bet-builder\" >Consideraciones clave al usar Bet Builder<\/a><\/li><li class='ez-toc-page-1 ez-toc-heading-level-2'><a class=\"ez-toc-link ez-toc-heading-9\" href=\"https:\/\/oddsium.com\/cl\/betting\/sitios-de-apuestas-con-bet-builder-en-chile\/#como-crear-tu-apuesta-en-linea-con-bet-builder\" >C\u00f3mo crear tu apuesta en l\u00ednea con Bet Builder<\/a><\/li><li class='ez-toc-page-1 ez-toc-heading-level-2'><a class=\"ez-toc-link ez-toc-heading-10\" href=\"https:\/\/oddsium.com\/cl\/betting\/sitios-de-apuestas-con-bet-builder-en-chile\/#%c2%bfpor-que-confiar-en-oddsium-para-elegir-el-mejor-bet-builder\" >\u00bfPor qu\u00e9 confiar en Oddsium para elegir el mejor Bet Builder?<\/a><\/li><\/ul><\/nav><\/div>\n<h2 class=\"wp-block-heading\"><span class=\"ez-toc-section\" id=\"%c2%bfque-es-el-bet-builder\"><\/span>\u00bfQu\u00e9 es el Bet Builder?<span class=\"ez-toc-section-end\"><\/span><\/h2>\n\n\n\n<p>El Bet Builder tambi\u00e9n conocido como creador de apuestas, te permite combinar distintos mercados de un mismo partido en una sola apuesta personalizada. Esto significa que puedes dise\u00f1ar un pron\u00f3stico a tu medida, y para ganar debes acertar todas las selecciones que armes.<\/p>\n\n\n\n<p><strong>\ud83d\udcccPor ejemplo: <\/strong>En un partido de f\u00fatbol del Campeonato Nacional puedes apostar al resultado final, el n\u00famero de goles y qui\u00e9n anotar\u00e1, todo en un solo ticket.<\/p>\n\n\n\n<p>Esta funci\u00f3n no solo es f\u00e1cil de usar, sino que tambi\u00e9n sube las cuotas. Puedes encontrarla en las <a href=\"https:\/\/oddsium.com\/cl\/\" title=\"\">mejores casas de apuestas de Chile <\/a>haciendo la experiencia m\u00e1s entretenida y estrat\u00e9gica.<\/p>\n\n\n\n<h2 class=\"wp-block-heading\"><span class=\"ez-toc-section\" id=\"%c2%bfpor-que-es-tan-buscado-el-bet-builder-en-chile\"><\/span>\u00bfPor qu\u00e9 es tan buscado el Bet Builder en Chile?<span class=\"ez-toc-section-end\"><\/span><\/h2>\n\n\n\n<p>Los sitios con Bet Builder han ganado terreno porque ofrecen:<\/p>\n\n\n\n<h3 class=\"wp-block-heading\"><span class=\"ez-toc-section\" id=\"%f0%9f%94%b8personalizacion-total\"><\/span>\ud83d\udd38Personalizaci\u00f3n total<span class=\"ez-toc-section-end\"><\/span><\/h3>\n\n\n\n<p>Combinas mercados que te interesan para crear apuestas a tu medida.<\/p>\n\n\n\n<h3 class=\"wp-block-heading\"><span class=\"ez-toc-section\" id=\"%f0%9f%94%b8mejores-cuotas\"><\/span>\ud83d\udd38Mejores cuotas<span class=\"ez-toc-section-end\"><\/span><\/h3>\n\n\n\n<p>Las cuotas se multiplican, aumentando el posible retorno.<\/p>\n\n\n\n<h3 class=\"wp-block-heading\"><span class=\"ez-toc-section\" id=\"%f0%9f%94%b8mayor-control\"><\/span>\ud83d\udd38Mayor control<span class=\"ez-toc-section-end\"><\/span><\/h3>\n\n\n\n<p>No dependes solo de apuestas predefinidas, aplicas tus propias estrategias.<\/p>\n\n\n\n<h3 class=\"wp-block-heading\"><span class=\"ez-toc-section\" id=\"%f0%9f%94%b8mas-diversion\"><\/span>\ud83d\udd38M\u00e1s diversi\u00f3n<span class=\"ez-toc-section-end\"><\/span><\/h3>\n\n\n\n<p>Apostar con Bet Builder hace que seguir el partido sea m\u00e1s entretenido.<\/p>\n\n\n\n<h2 class=\"wp-block-heading\"><span class=\"ez-toc-section\" id=\"top-4-sitios-de-apuestas-con-bet-builder-en-chile\"><\/span>Top 4: Sitios de apuestas con Bet Builder en Chile<span class=\"ez-toc-section-end\"><\/span><\/h2>\n\n\n\n<p>Estos son los sitios de apuestas con Bet Builder m\u00e1s destacados en Chile:<\/p>\n\n\n\n<figure class=\"wp-block-table\"><table class=\"has-fixed-layout\"><tbody><tr><td><strong>Casa de Apuestas<\/strong><\/td><td><strong>Caracter\u00edsticas de Bet Builder<\/strong><\/td><td><strong>Deportes con Bet Builder<\/strong><\/td><\/tr><tr><td>MelBet<\/td><td>F\u00e1cil uso y amplia variedad de mercados para combinar m\u00faltiples selecciones.<\/td><td>\u26bd F\u00fatbol<br>\ud83c\udfbeTenis<br>\ud83c\udfc0Baloncesto<br>\ud83c\udfce\ufe0f Motor y m\u00e1s.<\/td><\/tr><tr><td>1xBet<\/td><td>App nativa, variedad extensa de mercados para m\u00faltiples selecciones con Bet Builder.<\/td><td>\u26bdF\u00fatbol<br>\ud83c\udfc1Deportes motor<br>\ud83c\udfaeeSports y m\u00e1s<\/td><\/tr><tr><td>Novibet<\/td><td>Interfaz intuitiva, hasta 6 selecciones combinables; amplia oferta de mercados deportivos.<\/td><td>\u26bdF\u00fatbol<br>\ud83c\udfc0Baloncesto<br>\ud83c\udfbeTenis y m\u00e1s.<\/td><\/tr><tr><td>Coolbet<\/td><td>L\u00edder en variedad de mercados; permite combinar varias selecciones con cuotas recalculadas.<\/td><td>\u26bdF\u00fatbol<br>\ud83c\udfbeTenis<br>\ud83c\udfc0Baloncesto y m\u00e1s.<\/td><\/tr><\/tbody><\/table><\/figure>\n\n\n\n<p><em>\ud83c\udfafTambi\u00e9n ofrecen herramientas como estad\u00edsticas, cashout y transmisiones en vivo para complementar tu experiencia.<\/em><\/p>\n\n\n\n<h2 class=\"wp-block-heading\"><span class=\"ez-toc-section\" id=\"consideraciones-clave-al-usar-bet-builder\"><\/span>Consideraciones clave al usar Bet Builder<span class=\"ez-toc-section-end\"><\/span><\/h2>\n\n\n\n<p><strong>\u2611\ufe0fN\u00famero m\u00e1ximo de selecciones:<\/strong> Generalmente, puedes combinar entre 2 y 6 mercados por apuesta.<\/p>\n\n\n\n<p><strong>\u2611\ufe0fCuotas m\u00ednimas y m\u00e1ximas:<\/strong> Algunas casas establecen l\u00edmites para validar la apuesta.<\/p>\n\n\n\n<p><strong>\u2611\ufe0fRestricciones en mercados:<\/strong> No todos los mercados est\u00e1n disponibles para combinar, revisa las condiciones.<\/p>\n\n\n\n<p><strong>\u2611\ufe0fDisponibilidad en vivo<\/strong>: No todas permiten usar Bet Builder durante partidos en vivo.<\/p>\n\n\n\n<p><strong>\u2611\ufe0fCondiciones de retiro: <\/strong>Verifica si las ganancias tienen requisitos de apuesta o l\u00edmites especiales.<\/p>\n\n\n\n<p><em>Conocer estas condiciones te ayudar\u00e1 a optimizar tus apuestas y evitar sorpresas.<\/em><\/p>\n\n\n\n<h2 class=\"wp-block-heading\"><span class=\"ez-toc-section\" id=\"como-crear-tu-apuesta-en-linea-con-bet-builder\"><\/span>C\u00f3mo crear tu apuesta en l\u00ednea con Bet Builder<span class=\"ez-toc-section-end\"><\/span><\/h2>\n\n\n\n<p>1\ufe0f\u20e3 Inicia sesi\u00f3n en tu casa de apuestas favorita y busca el evento que quieres apostar.<\/p>\n\n\n\n<p>2\ufe0f\u20e3 Activa la funci\u00f3n Bet Builder, normalmente visible en la secci\u00f3n de mercados.<\/p>\n\n\n\n<p>3\ufe0f\u20e3 Selecciona los mercados que quieres combinar (resultado, goles, tarjetas, etc.).<\/p>\n\n\n\n<p>4\ufe0f\u20e3 Aseg\u00farate que las selecciones no se contradigan y revisa la cuota total.<\/p>\n\n\n\n<p>5\ufe0f\u20e3 Ingresa el monto que quieres apostar y confirma tu jugada.<\/p>\n\n\n\n<p>6\ufe0f\u20e3 \u00a1Listo! Disfruta de tu apuesta personalizada.<\/p>\n\n\n\n<h2 class=\"wp-block-heading\"><span class=\"ez-toc-section\" id=\"%c2%bfpor-que-confiar-en-oddsium-para-elegir-el-mejor-bet-builder\"><\/span>\u00bfPor qu\u00e9 confiar en Oddsium para elegir el mejor Bet Builder?<span class=\"ez-toc-section-end\"><\/span><\/h2>\n\n\n\n<p>En Oddsium verificamos que los sitios ofrezcan esta funci\u00f3n y los evaluamos seg\u00fan:<\/p>\n\n\n\n<p>\ud83c\udfaf Cu\u00e1ntas opciones puedes combinar para armar tu apuesta personalizada.<\/p>\n\n\n\n<p>\u26a1 Rapidez y estabilidad durante el uso.<\/p>\n\n\n\n<p>\ud83d\udcf1 Disponibilidad en vivo y desde el celular.<\/p>\n\n\n\n<p>\ud83d\udcb8 Facilidad para retirar ganancias y aprovechar promociones.<\/p>\n\n\n\n<p><em>\ud83d\udcccCon Oddsium, apuestas con conocimiento y confianza. S\u00e1cale el m\u00e1ximo provecho a todas las herramientas disponibles.<\/em><\/p>\n","protected":false},"excerpt":{"rendered":"<p>El Bet Builder o creador de apuestas se ha convertido en una funci\u00f3n s\u00faper popular entre los apostadores chilenos que quieren armar sus apuestas a su pinta. Gracias a esta herramienta, muchos logran ganancias que superan sus expectativas.&nbsp; En Oddsium, te contamos qu\u00e9 es el Bet Builder, c\u00f3mo funciona y cu\u00e1les son los mejores sitios [&hellip;]<\/p>\n","protected":false},"author":3,"featured_media":442,"parent":89,"menu_order":0,"comment_status":"closed","ping_status":"closed","template":"betting.php","meta":{"_acf_changed":false,"om_disable_all_campaigns":false,"footnotes":""},"class_list":["post-233","page","type-page","status-publish","has-post-thumbnail","hentry"],"acf":[],"aioseo_notices":[],"_links":{"self":[{"href":"https:\/\/oddsium.com\/cl\/wp-json\/wp\/v2\/pages\/233","targetHints":{"allow":["GET"]}}],"collection":[{"href":"https:\/\/oddsium.com\/cl\/wp-json\/wp\/v2\/pages"}],"about":[{"href":"https:\/\/oddsium.com\/cl\/wp-json\/wp\/v2\/types\/page"}],"author":[{"embeddable":true,"href":"https:\/\/oddsium.com\/cl\/wp-json\/wp\/v2\/users\/3"}],"replies":[{"embeddable":true,"href":"https:\/\/oddsium.com\/cl\/wp-json\/wp\/v2\/comments?post=233"}],"version-history":[{"count":0,"href":"https:\/\/oddsium.com\/cl\/wp-json\/wp\/v2\/pages\/233\/revisions"}],"up":[{"embeddable":true,"href":"https:\/\/oddsium.com\/cl\/wp-json\/wp\/v2\/pages\/89"}],"wp:featuredmedia":[{"embeddable":true,"href":"https:\/\/oddsium.com\/cl\/wp-json\/wp\/v2\/media\/442"}],"wp:attachment":[{"href":"https:\/\/oddsium.com\/cl\/wp-json\/wp\/v2\/media?parent=233"}],"curies":[{"name":"wp","href":"https:\/\/api.w.org\/{rel}","templated":true}]}}