{"id":236,"date":"2025-05-22T08:38:50","date_gmt":"2025-05-22T08:38:50","guid":{"rendered":"https:\/\/oddsium.wpenginepowered.com\/cl\/?page_id=236"},"modified":"2025-09-13T19:47:34","modified_gmt":"2025-09-13T19:47:34","slug":"comparacion-de-las-mejores-cuotas-de-futbol","status":"publish","type":"page","link":"https:\/\/oddsium.com\/cl\/odds\/comparacion-de-las-mejores-cuotas-de-futbol\/","title":{"rendered":"Comparaci\u00f3n de las mejores cuotas de f\u00fatbol\u00a0"},"content":{"rendered":"\n<p>Si eres un hincha chileno apasionado por los deportes, es un hecho que disfrutas apostar en f\u00fatbol. Por lo tanto, sabes que no basta con escoger solo a tu equipo favorito para ganar. Comparar cuotas de f\u00fatbol es la clave para que tus apuestas rindan y no se queden en simples ilusiones. Sobre todo en Chile, donde las cuotas en los sitios de apuestas suelen ser muy vol\u00e1tiles.<\/p>\n\n\n\n<p>En Oddsium, te damos la herramienta para que pilles tanto las cuotas m\u00e1s altas, como los <a href=\"https:\/\/oddsium.com\/cl\/sports\/futbol\/\" title=\"\">mejores sitios de apuestas de f\u00fatbol<\/a> para que tus apuestas rindan m\u00e1s y tu bolsillo lo note.<\/p>\n\n\n\n<div id=\"ez-toc-container\" class=\"ez-toc-v2_0_81 counter-hierarchy ez-toc-counter ez-toc-grey ez-toc-container-direction\">\n<div class=\"ez-toc-title-container\">\n<p class=\"ez-toc-title\" style=\"cursor:inherit\">Table of Contents<\/p>\n<span class=\"ez-toc-title-toggle\"><a href=\"#\" class=\"ez-toc-pull-right ez-toc-btn ez-toc-btn-xs ez-toc-btn-default ez-toc-toggle\" aria-label=\"Toggle Table of Content\"><span class=\"ez-toc-js-icon-con\"><span class=\"\"><span class=\"eztoc-hide\" style=\"display:none;\">Toggle<\/span><span class=\"ez-toc-icon-toggle-span\"><svg style=\"fill: #999;color:#999\" xmlns=\"http:\/\/www.w3.org\/2000\/svg\" class=\"list-377408\" width=\"20px\" height=\"20px\" viewBox=\"0 0 24 24\" fill=\"none\"><path d=\"M6 6H4v2h2V6zm14 0H8v2h12V6zM4 11h2v2H4v-2zm16 0H8v2h12v-2zM4 16h2v2H4v-2zm16 0H8v2h12v-2z\" fill=\"currentColor\"><\/path><\/svg><svg style=\"fill: #999;color:#999\" class=\"arrow-unsorted-368013\" xmlns=\"http:\/\/www.w3.org\/2000\/svg\" width=\"10px\" height=\"10px\" viewBox=\"0 0 24 24\" version=\"1.2\" baseProfile=\"tiny\"><path d=\"M18.2 9.3l-6.2-6.3-6.2 6.3c-.2.2-.3.4-.3.7s.1.5.3.7c.2.2.4.3.7.3h11c.3 0 .5-.1.7-.3.2-.2.3-.5.3-.7s-.1-.5-.3-.7zM5.8 14.7l6.2 6.3 6.2-6.3c.2-.2.3-.5.3-.7s-.1-.5-.3-.7c-.2-.2-.4-.3-.7-.3h-11c-.3 0-.5.1-.7.3-.2.2-.3.5-.3.7s.1.5.3.7z\"\/><\/svg><\/span><\/span><\/span><\/a><\/span><\/div>\n<nav><ul class='ez-toc-list ez-toc-list-level-1 ' ><li class='ez-toc-page-1 ez-toc-heading-level-2'><a class=\"ez-toc-link ez-toc-heading-1\" href=\"https:\/\/oddsium.com\/cl\/odds\/comparacion-de-las-mejores-cuotas-de-futbol\/#%c2%bfpor-que-es-crucial-comparar-cuotas-antes-de-apostar-en-futbol\" >\u00bfPor qu\u00e9 es crucial comparar cuotas antes de apostar en f\u00fatbol?<\/a><\/li><li class='ez-toc-page-1 ez-toc-heading-level-2'><a class=\"ez-toc-link ez-toc-heading-2\" href=\"https:\/\/oddsium.com\/cl\/odds\/comparacion-de-las-mejores-cuotas-de-futbol\/#mercados-que-no-puedes-dejar-pasar-para-comparar-cuotas-en-futbol\" >mercados que no puedes dejar pasar para comparar cuotas en f\u00fatbol<\/a><ul class='ez-toc-list-level-3' ><li class='ez-toc-heading-level-3'><a class=\"ez-toc-link ez-toc-heading-3\" href=\"https:\/\/oddsium.com\/cl\/odds\/comparacion-de-las-mejores-cuotas-de-futbol\/#%f0%9f%94%b8resultado-final-1x2\" >\ud83d\udd38Resultado final (1X2)<\/a><\/li><li class='ez-toc-page-1 ez-toc-heading-level-3'><a class=\"ez-toc-link ez-toc-heading-4\" href=\"https:\/\/oddsium.com\/cl\/odds\/comparacion-de-las-mejores-cuotas-de-futbol\/#%f0%9f%94%b8ambos-equipos-anotan-y-masmenos-goles\" >\ud83d\udd38Ambos equipos anotan y M\u00e1s\/Menos goles<\/a><\/li><li class='ez-toc-page-1 ez-toc-heading-level-3'><a class=\"ez-toc-link ez-toc-heading-5\" href=\"https:\/\/oddsium.com\/cl\/odds\/comparacion-de-las-mejores-cuotas-de-futbol\/#%f0%9f%94%b8goleador-primero-o-cualquiera\" >\ud83d\udd38Goleador (primero o cualquiera)<\/a><\/li><li class='ez-toc-page-1 ez-toc-heading-level-3'><a class=\"ez-toc-link ez-toc-heading-6\" href=\"https:\/\/oddsium.com\/cl\/odds\/comparacion-de-las-mejores-cuotas-de-futbol\/#%f0%9f%94%b8apuestas-combinadas-o-parley\" >\ud83d\udd38Apuestas combinadas o Parley<\/a><\/li><li class='ez-toc-page-1 ez-toc-heading-level-3'><a class=\"ez-toc-link ez-toc-heading-7\" href=\"https:\/\/oddsium.com\/cl\/odds\/comparacion-de-las-mejores-cuotas-de-futbol\/#%f0%9f%94%b8handicap-asiatico-y-minutos-de-gol\" >\ud83d\udd38H\u00e1ndicap asi\u00e1tico y minutos de gol<\/a><\/li><\/ul><\/li><li class='ez-toc-page-1 ez-toc-heading-level-2'><a class=\"ez-toc-link ez-toc-heading-8\" href=\"https:\/\/oddsium.com\/cl\/odds\/comparacion-de-las-mejores-cuotas-de-futbol\/#preguntas-frecuentes\" >Preguntas frecuentes<\/a><ul class='ez-toc-list-level-3' ><li class='ez-toc-heading-level-3'><a class=\"ez-toc-link ez-toc-heading-9\" href=\"https:\/\/oddsium.com\/cl\/odds\/comparacion-de-las-mejores-cuotas-de-futbol\/#%c2%bfes-seguro-apostar-en-las-casas-recomendadas-por-oddsium\" >\u00bfEs seguro apostar en las casas recomendadas por Oddsium?<\/a><\/li><li class='ez-toc-page-1 ez-toc-heading-level-3'><a class=\"ez-toc-link ez-toc-heading-10\" href=\"https:\/\/oddsium.com\/cl\/odds\/comparacion-de-las-mejores-cuotas-de-futbol\/#%c2%bfque-consejos-me-dan-para-apostar-mejor-en-futbol\" >\u00bfQu\u00e9 consejos me dan para apostar mejor en f\u00fatbol?<\/a><\/li><li class='ez-toc-page-1 ez-toc-heading-level-3'><a class=\"ez-toc-link ez-toc-heading-11\" href=\"https:\/\/oddsium.com\/cl\/odds\/comparacion-de-las-mejores-cuotas-de-futbol\/#%c2%bfcomo-puedo-saber-cual-es-la-mejor-cuota-para-un-partido\" >\u00bfC\u00f3mo puedo saber cu\u00e1l es la mejor cuota para un partido?<\/a><\/li><\/ul><\/li><li class='ez-toc-page-1 ez-toc-heading-level-2'><a class=\"ez-toc-link ez-toc-heading-12\" href=\"https:\/\/oddsium.com\/cl\/odds\/comparacion-de-las-mejores-cuotas-de-futbol\/#%c2%bfcomo-te-facilita-oddsium-la-comparacion-de-cuotas-de-futbol-en-chile\" >\u00bfC\u00f3mo te facilita Oddsium la comparaci\u00f3n de cuotas de f\u00fatbol en Chile?<\/a><\/li><\/ul><\/nav><\/div>\n<h2 class=\"wp-block-heading\"><span class=\"ez-toc-section\" id=\"%c2%bfpor-que-es-crucial-comparar-cuotas-antes-de-apostar-en-futbol\"><\/span>\u00bfPor qu\u00e9 es crucial comparar cuotas antes de apostar en f\u00fatbol?<span class=\"ez-toc-section-end\"><\/span><\/h2>\n\n\n\n<p>El f\u00fatbol mueve pasiones y tambi\u00e9n grandes apuestas. Sin embargo, no todos los sitios de apuestas ofrecen buenas cuotas para los eventos m\u00e1s populares. A veces, una diferencia m\u00ednima puede hacer que tu premio suba o baje bastante. Apostar sin comparar es un tiro al aire, te la juegas sin respaldo y pierdes chances.<\/p>\n\n\n\n<p><strong>Ventajas de comparar cuotas antes de apostar:&nbsp;<\/strong><\/p>\n\n\n\n<p>\u2705Puedes multiplicar tus posibles ganancias sin aumentar tu inversi\u00f3n.<br>\u2705Evitas perder plata apostando en casas con cuotas bajas.<br>\u2705Defines una estrategia de juego basada en la cuota.<br>\u2705Aprovechas promociones y bonos exclusivos.<\/p>\n\n\n\n<p><em>\ud83c\udfafCon Oddsium, tienes un aliado que te muestra al instante d\u00f3nde est\u00e1n las cuotas m\u00e1s llamativas.<\/em><\/p>\n\n\n\n<h2 class=\"wp-block-heading\"><span class=\"ez-toc-section\" id=\"mercados-que-no-puedes-dejar-pasar-para-comparar-cuotas-en-futbol\"><\/span>mercados que no puedes dejar pasar para comparar cuotas en f\u00fatbol<span class=\"ez-toc-section-end\"><\/span><\/h2>\n\n\n\n<figure class=\"wp-block-image size-large\"><img loading=\"lazy\" decoding=\"async\" width=\"1024\" height=\"726\" src=\"https:\/\/oddsium.com\/cl\/wp-content\/uploads\/sites\/14\/2025\/09\/atleta-jugando-al-futbol-en-chile-1024x726.jpg\" alt=\"\" class=\"wp-image-532\" srcset=\"https:\/\/oddsium.com\/cl\/wp-content\/uploads\/sites\/14\/2025\/09\/atleta-jugando-al-futbol-en-chile-1024x726.jpg 1024w, https:\/\/oddsium.com\/cl\/wp-content\/uploads\/sites\/14\/2025\/09\/atleta-jugando-al-futbol-en-chile-300x213.jpg 300w, https:\/\/oddsium.com\/cl\/wp-content\/uploads\/sites\/14\/2025\/09\/atleta-jugando-al-futbol-en-chile-768x545.jpg 768w, https:\/\/oddsium.com\/cl\/wp-content\/uploads\/sites\/14\/2025\/09\/atleta-jugando-al-futbol-en-chile-1536x1090.jpg 1536w, https:\/\/oddsium.com\/cl\/wp-content\/uploads\/sites\/14\/2025\/09\/atleta-jugando-al-futbol-en-chile.jpg 1748w\" sizes=\"auto, (max-width: 1024px) 100vw, 1024px\" \/><\/figure>\n\n\n\n<p>Para que tu comparaci\u00f3n sea efectiva, primero debes conocer los mercados con m\u00e1s movimiento y mejores cuotas. A continuaci\u00f3n algunos de ellos:&nbsp;<\/p>\n\n\n\n<h3 class=\"wp-block-heading\"><span class=\"ez-toc-section\" id=\"%f0%9f%94%b8resultado-final-1x2\"><\/span>\ud83d\udd38Resultado final (1X2)<span class=\"ez-toc-section-end\"><\/span><\/h3>\n\n\n\n<p>El mercado com\u00fan donde apuestas por ganador o empate. Aunque parezca b\u00e1sico, aqu\u00ed la diferencia en cuotas puede hacer que ganes m\u00e1s.<\/p>\n\n\n\n<h3 class=\"wp-block-heading\"><span class=\"ez-toc-section\" id=\"%f0%9f%94%b8ambos-equipos-anotan-y-masmenos-goles\"><\/span>\ud83d\udd38Ambos equipos anotan y M\u00e1s\/Menos goles<span class=\"ez-toc-section-end\"><\/span><\/h3>\n\n\n\n<p>\u00bfCrees que ambos equipos anotar\u00e1n? \u00bfO qu\u00e9 habr\u00e1 m\u00e1s o menos goles? Este mercado es para quienes saben leer el partido y quieren apostar con datos.<\/p>\n\n\n\n<h3 class=\"wp-block-heading\"><span class=\"ez-toc-section\" id=\"%f0%9f%94%b8goleador-primero-o-cualquiera\"><\/span>\ud83d\udd38Goleador (primero o cualquiera)<span class=\"ez-toc-section-end\"><\/span><\/h3>\n\n\n\n<p>Apostar por qui\u00e9n marcar\u00e1 primero o ser\u00e1 goleador puede ser rentable, pero solo si eliges la casa con la mejor cuota.<\/p>\n\n\n\n<h3 class=\"wp-block-heading\"><span class=\"ez-toc-section\" id=\"%f0%9f%94%b8apuestas-combinadas-o-parley\"><\/span>\ud83d\udd38Apuestas combinadas o Parley<span class=\"ez-toc-section-end\"><\/span><\/h3>\n\n\n\n<p>Combinar resultados o mercados multiplica las cuotas, pero tambi\u00e9n el riesgo. Por eso, comparar es fundamental para sacar el m\u00e1ximo provecho.<\/p>\n\n\n\n<h3 class=\"wp-block-heading\"><span class=\"ez-toc-section\" id=\"%f0%9f%94%b8handicap-asiatico-y-minutos-de-gol\"><\/span>\ud83d\udd38H\u00e1ndicap asi\u00e1tico y minutos de gol<span class=\"ez-toc-section-end\"><\/span><\/h3>\n\n\n\n<p>Mercados avanzados que ofrecen opciones para apostar con m\u00e1s precisi\u00f3n. Aqu\u00ed, una buena comparaci\u00f3n puede marcar la diferencia entre ganar o perder.<\/p>\n\n\n\n<p><em>\ud83d\udcccUna peque\u00f1a diferencia en la cuota puede transformar tu apuesta en una gran jugada.<\/em> <\/p>\n\n\n\n<h2 class=\"wp-block-heading\"><span class=\"ez-toc-section\" id=\"preguntas-frecuentes\"><\/span>Preguntas frecuentes<span class=\"ez-toc-section-end\"><\/span><\/h2>\n\n\n\n<h3 class=\"wp-block-heading\"><span class=\"ez-toc-section\" id=\"%c2%bfes-seguro-apostar-en-las-casas-recomendadas-por-oddsium\"><\/span>\u00bfEs seguro apostar en las casas recomendadas por Oddsium?<span class=\"ez-toc-section-end\"><\/span><\/h3>\n\n\n\n<p>S\u00ed, las casas de apuestas recomendadas son previamente revisadas. Todas cuentan con m\u00e9todos de pago seguros. Adem\u00e1s, brindan atenci\u00f3n confiable para apostadores en Chile.<\/p>\n\n\n\n<h3 class=\"wp-block-heading\"><span class=\"ez-toc-section\" id=\"%c2%bfque-consejos-me-dan-para-apostar-mejor-en-futbol\"><\/span>\u00bfQu\u00e9 consejos me dan para apostar mejor en f\u00fatbol?<span class=\"ez-toc-section-end\"><\/span><\/h3>\n\n\n\n<p>Estudia el rendimiento de equipos y jugadores. Compara siempre las cuotas. Aprovecha bonos y promociones. Usa Oddsium para encontrar el mejor valor y apuesta con responsabilidad.<\/p>\n\n\n\n<h3 class=\"wp-block-heading\"><span class=\"ez-toc-section\" id=\"%c2%bfcomo-puedo-saber-cual-es-la-mejor-cuota-para-un-partido\"><\/span>\u00bfC\u00f3mo puedo saber cu\u00e1l es la mejor cuota para un partido?<span class=\"ez-toc-section-end\"><\/span><\/h3>\n\n\n\n<p>Usa plataformas como Oddsium, que actualizan en tiempo real las cuotas de varias casas y te muestran la mejor opci\u00f3n para cada mercado.<\/p>\n\n\n\n<h2 class=\"wp-block-heading\"><span class=\"ez-toc-section\" id=\"%c2%bfcomo-te-facilita-oddsium-la-comparacion-de-cuotas-de-futbol-en-chile\"><\/span>\u00bfC\u00f3mo te facilita Oddsium la comparaci\u00f3n de cuotas de f\u00fatbol en Chile?<span class=\"ez-toc-section-end\"><\/span><\/h2>\n\n\n\n<p>Oddsium es una plataforma confiable que te gu\u00eda para identificar de forma eficiente las mejores oportunidades en el mercado. Por lo tanto, te ayuda:<\/p>\n\n\n\n<p>\u2714\ufe0fMostrando cuotas en tiempo real de los partidos.<br>\u2714\ufe0fPermiti\u00e9ndote ver de un solo vistazo qu\u00e9 casa ofrece el mejor valor para cada apuesta.<br>\u2714\ufe0fGui\u00e1ndote para apostar en el momento justo y en la plataforma correcta.<\/p>\n\n\n\n<p>Adem\u00e1s, Oddsium te brinda an\u00e1lisis detallados y <a href=\"https:\/\/oddsium.com\/cl\/betting-predictions\/\" title=\"\">predicciones de apuestas en f\u00fatbol<\/a> para que tus jugadas sean m\u00e1s certeras.<\/p>\n","protected":false},"excerpt":{"rendered":"<p>Si eres un hincha chileno apasionado por los deportes, es un hecho que disfrutas apostar en f\u00fatbol. Por lo tanto, sabes que no basta con escoger solo a tu equipo favorito para ganar. Comparar cuotas de f\u00fatbol es la clave para que tus apuestas rindan y no se queden en simples ilusiones. Sobre todo en [&hellip;]<\/p>\n","protected":false},"author":3,"featured_media":412,"parent":90,"menu_order":0,"comment_status":"closed","ping_status":"closed","template":"sports.php","meta":{"_acf_changed":false,"om_disable_all_campaigns":false,"footnotes":""},"class_list":["post-236","page","type-page","status-publish","has-post-thumbnail","hentry"],"acf":[],"aioseo_notices":[],"_links":{"self":[{"href":"https:\/\/oddsium.com\/cl\/wp-json\/wp\/v2\/pages\/236","targetHints":{"allow":["GET"]}}],"collection":[{"href":"https:\/\/oddsium.com\/cl\/wp-json\/wp\/v2\/pages"}],"about":[{"href":"https:\/\/oddsium.com\/cl\/wp-json\/wp\/v2\/types\/page"}],"author":[{"embeddable":true,"href":"https:\/\/oddsium.com\/cl\/wp-json\/wp\/v2\/users\/3"}],"replies":[{"embeddable":true,"href":"https:\/\/oddsium.com\/cl\/wp-json\/wp\/v2\/comments?post=236"}],"version-history":[{"count":0,"href":"https:\/\/oddsium.com\/cl\/wp-json\/wp\/v2\/pages\/236\/revisions"}],"up":[{"embeddable":true,"href":"https:\/\/oddsium.com\/cl\/wp-json\/wp\/v2\/pages\/90"}],"wp:featuredmedia":[{"embeddable":true,"href":"https:\/\/oddsium.com\/cl\/wp-json\/wp\/v2\/media\/412"}],"wp:attachment":[{"href":"https:\/\/oddsium.com\/cl\/wp-json\/wp\/v2\/media?parent=236"}],"curies":[{"name":"wp","href":"https:\/\/api.w.org\/{rel}","templated":true}]}}