{"id":237,"date":"2025-05-22T08:39:20","date_gmt":"2025-05-22T08:39:20","guid":{"rendered":"https:\/\/oddsium.wpenginepowered.com\/cl\/?page_id=237"},"modified":"2025-09-13T19:48:14","modified_gmt":"2025-09-13T19:48:14","slug":"comparacion-de-las-mejores-cuotas-de-beisbol","status":"publish","type":"page","link":"https:\/\/oddsium.com\/cl\/odds\/comparacion-de-las-mejores-cuotas-de-beisbol\/","title":{"rendered":"Comparaci\u00f3n de las mejores cuotas de b\u00e9isbol"},"content":{"rendered":"\n<p>Las apuestas en b\u00e9isbol son un mundo lleno de oportunidades. As\u00ed que, para quienes saben cu\u00e1ndo y d\u00f3nde apostar, es una mina de oro. Cada semana hay decenas de partidos en ligas como la MLB, KBO y la japonesa. Por lo tanto, encontrar las mejores cuotas es clave para aprovechar mejor cada inning. Sin duda, eso puede cambiar por completo el resultado de tu apuesta.<\/p>\n\n\n\n<p>Por eso, en Oddsium comparamos las mejores cuotas de b\u00e9isbol en tiempo real. As\u00ed, te aseguramos que siempre juegues con la mejor ventaja.<\/p>\n\n\n\n<div id=\"ez-toc-container\" class=\"ez-toc-v2_0_81 counter-hierarchy ez-toc-counter ez-toc-grey ez-toc-container-direction\">\n<div class=\"ez-toc-title-container\">\n<p class=\"ez-toc-title\" style=\"cursor:inherit\">Table of Contents<\/p>\n<span class=\"ez-toc-title-toggle\"><a href=\"#\" class=\"ez-toc-pull-right ez-toc-btn ez-toc-btn-xs ez-toc-btn-default ez-toc-toggle\" aria-label=\"Toggle Table of Content\"><span class=\"ez-toc-js-icon-con\"><span class=\"\"><span class=\"eztoc-hide\" style=\"display:none;\">Toggle<\/span><span class=\"ez-toc-icon-toggle-span\"><svg style=\"fill: #999;color:#999\" xmlns=\"http:\/\/www.w3.org\/2000\/svg\" class=\"list-377408\" width=\"20px\" height=\"20px\" viewBox=\"0 0 24 24\" fill=\"none\"><path d=\"M6 6H4v2h2V6zm14 0H8v2h12V6zM4 11h2v2H4v-2zm16 0H8v2h12v-2zM4 16h2v2H4v-2zm16 0H8v2h12v-2z\" fill=\"currentColor\"><\/path><\/svg><svg style=\"fill: #999;color:#999\" class=\"arrow-unsorted-368013\" xmlns=\"http:\/\/www.w3.org\/2000\/svg\" width=\"10px\" height=\"10px\" viewBox=\"0 0 24 24\" version=\"1.2\" baseProfile=\"tiny\"><path d=\"M18.2 9.3l-6.2-6.3-6.2 6.3c-.2.2-.3.4-.3.7s.1.5.3.7c.2.2.4.3.7.3h11c.3 0 .5-.1.7-.3.2-.2.3-.5.3-.7s-.1-.5-.3-.7zM5.8 14.7l6.2 6.3 6.2-6.3c.2-.2.3-.5.3-.7s-.1-.5-.3-.7c-.2-.2-.4-.3-.7-.3h-11c-.3 0-.5.1-.7.3-.2.2-.3.5-.3.7s.1.5.3.7z\"\/><\/svg><\/span><\/span><\/span><\/a><\/span><\/div>\n<nav><ul class='ez-toc-list ez-toc-list-level-1 ' ><li class='ez-toc-page-1 ez-toc-heading-level-2'><a class=\"ez-toc-link ez-toc-heading-1\" href=\"https:\/\/oddsium.com\/cl\/odds\/comparacion-de-las-mejores-cuotas-de-beisbol\/#%c2%bfpor-que-comparar-cuotas-en-beisbol-es-el-primer-paso-para-ganar-mas\" >\u00bfPor qu\u00e9 comparar cuotas en b\u00e9isbol es el primer paso para ganar m\u00e1s?<\/a><ul class='ez-toc-list-level-3' ><li class='ez-toc-heading-level-3'><a class=\"ez-toc-link ez-toc-heading-2\" href=\"https:\/\/oddsium.com\/cl\/odds\/comparacion-de-las-mejores-cuotas-de-beisbol\/#%e2%9c%94%ef%b8%8fdiferencias-entre-las-cuotas-de-casas-de-apuestas\" >\u2714\ufe0fDiferencias entre las cuotas de casas de apuestas<\/a><\/li><li class='ez-toc-page-1 ez-toc-heading-level-3'><a class=\"ez-toc-link ez-toc-heading-3\" href=\"https:\/\/oddsium.com\/cl\/odds\/comparacion-de-las-mejores-cuotas-de-beisbol\/#%e2%9c%94%ef%b8%8fenfrentamientos\" >\u2714\ufe0fEnfrentamientos<\/a><\/li><li class='ez-toc-page-1 ez-toc-heading-level-3'><a class=\"ez-toc-link ez-toc-heading-4\" href=\"https:\/\/oddsium.com\/cl\/odds\/comparacion-de-las-mejores-cuotas-de-beisbol\/#%e2%9c%94%ef%b8%8f-mercados\" >\u2714\ufe0f Mercados&nbsp;<\/a><\/li><\/ul><\/li><li class='ez-toc-page-1 ez-toc-heading-level-2'><a class=\"ez-toc-link ez-toc-heading-5\" href=\"https:\/\/oddsium.com\/cl\/odds\/comparacion-de-las-mejores-cuotas-de-beisbol\/#mercados-de-apuestas-de-beisbol-que-debes-conocer\" >Mercados de apuestas de b\u00e9isbol que debes conocer&nbsp;<\/a><\/li><li class='ez-toc-page-1 ez-toc-heading-level-2'><a class=\"ez-toc-link ez-toc-heading-6\" href=\"https:\/\/oddsium.com\/cl\/odds\/comparacion-de-las-mejores-cuotas-de-beisbol\/#como-usar-oddsium-para-sacar-el-maximo-provecho-en-beisbol\" >C\u00f3mo usar Oddsium para sacar el m\u00e1ximo provecho en b\u00e9isbol<\/a><\/li><li class='ez-toc-page-1 ez-toc-heading-level-2'><a class=\"ez-toc-link ez-toc-heading-7\" href=\"https:\/\/oddsium.com\/cl\/odds\/comparacion-de-las-mejores-cuotas-de-beisbol\/#%c2%bfpor-que-oddsium-es-tu-mejor-companero-para-apostar-en-beisbol\" >\u00bfPor qu\u00e9 Oddsium es tu mejor compa\u00f1ero para apostar en b\u00e9isbol?<\/a><\/li><\/ul><\/nav><\/div>\n<h2 class=\"wp-block-heading\"><span class=\"ez-toc-section\" id=\"%c2%bfpor-que-comparar-cuotas-en-beisbol-es-el-primer-paso-para-ganar-mas\"><\/span>\u00bfPor qu\u00e9 comparar cuotas en b\u00e9isbol es el primer paso para ganar m\u00e1s?<span class=\"ez-toc-section-end\"><\/span><\/h2>\n\n\n\n<p>El b\u00e9isbol es un juego de detalles, cada lanzamiento, cada bateo y cada estrategia cuentan. Lo mismo pasa con las cuotas, no todas son iguales. As\u00ed que, una peque\u00f1a diferencia puede ser el punto clave entre un premio grande y uno peque\u00f1o. Estas son algunas razones por las que debes comparar cuotas de beisbol:<\/p>\n\n\n\n<h3 class=\"wp-block-heading\"><span class=\"ez-toc-section\" id=\"%e2%9c%94%ef%b8%8fdiferencias-entre-las-cuotas-de-casas-de-apuestas\"><\/span>\u2714\ufe0fDiferencias entre las cuotas de casas de apuestas<span class=\"ez-toc-section-end\"><\/span><\/h3>\n\n\n\n<p>Pueden alcanzar hasta un 10% de margen. Por ejemplo, si una casa ofrece cuota 1.50 y otra 1.65 para el mismo equipo, la segunda es un 10% m\u00e1s alta. Apostando $100 pesos chilenos (CLP), ganar\u00edas $50 CLP con la primera y $65 CLP con la segunda. Es decir, $15 CLP m\u00e1s solo por elegir mejor cuota.<\/p>\n\n\n\n<h3 class=\"wp-block-heading\"><span class=\"ez-toc-section\" id=\"%e2%9c%94%ef%b8%8fenfrentamientos\"><\/span>\u2714\ufe0fEnfrentamientos<span class=\"ez-toc-section-end\"><\/span><\/h3>\n\n\n\n<p>En b\u00e9isbol, las cuotas suelen estar muy influenciadas por el enfrentamiento entre lanzadores. Como cada lanzador tiene un impacto clave, cualquier cambio en su rendimiento puede mover las cuotas y ofrecer m\u00e1s valor.<\/p>\n\n\n\n<h3 class=\"wp-block-heading\"><span class=\"ez-toc-section\" id=\"%e2%9c%94%ef%b8%8f-mercados\"><\/span>\u2714\ufe0f Mercados&nbsp;<span class=\"ez-toc-section-end\"><\/span><\/h3>\n\n\n\n<p>En los mercados moneyline (ganador del partido), over\/under (m\u00e1s o menos carreras) y h\u00e1ndicap, una mejora peque\u00f1a en la cuota puede traducirse en beneficios importantes. Especialmente, si apuestas seguido o en combinadas. Puedes usar los <a href=\"https:\/\/oddsium.com\/cl\/betting\/sitios-de-apuestas-con-bet-builder-en-chile\/\" title=\"\">mejores sitios de apuestas con Bet Builder en Chile<\/a> para crear tu boleto personalizado en base a tu an\u00e1lisis. <\/p>\n\n\n\n<p><em>\ud83d\udcccSi no comparas, podr\u00edas estar perdiendo plata potencial cada vez que ganas, solo porque no elegiste la cuota m\u00e1s alta.<\/em><\/p>\n\n\n\n<h2 class=\"wp-block-heading\"><span class=\"ez-toc-section\" id=\"mercados-de-apuestas-de-beisbol-que-debes-conocer\"><\/span>Mercados de apuestas de b\u00e9isbol que debes conocer&nbsp;<span class=\"ez-toc-section-end\"><\/span><\/h2>\n\n\n\n<figure class=\"wp-block-image size-large\"><img loading=\"lazy\" decoding=\"async\" width=\"1024\" height=\"726\" src=\"https:\/\/oddsium.com\/cl\/wp-content\/uploads\/sites\/14\/2025\/09\/guante-de-beisbol-con-pelota-1024x726.jpg\" alt=\"\" class=\"wp-image-533\" srcset=\"https:\/\/oddsium.com\/cl\/wp-content\/uploads\/sites\/14\/2025\/09\/guante-de-beisbol-con-pelota-1024x726.jpg 1024w, https:\/\/oddsium.com\/cl\/wp-content\/uploads\/sites\/14\/2025\/09\/guante-de-beisbol-con-pelota-300x213.jpg 300w, https:\/\/oddsium.com\/cl\/wp-content\/uploads\/sites\/14\/2025\/09\/guante-de-beisbol-con-pelota-768x545.jpg 768w, https:\/\/oddsium.com\/cl\/wp-content\/uploads\/sites\/14\/2025\/09\/guante-de-beisbol-con-pelota-1536x1090.jpg 1536w, https:\/\/oddsium.com\/cl\/wp-content\/uploads\/sites\/14\/2025\/09\/guante-de-beisbol-con-pelota.jpg 1748w\" sizes=\"auto, (max-width: 1024px) 100vw, 1024px\" \/><\/figure>\n\n\n\n<p>Las apuestas en beisbol ofrecen mercados interesantes a los que se le puede sacar mucha ganancia. Estos son algunos de ellos:&nbsp;<\/p>\n\n\n\n<figure class=\"wp-block-table\"><table class=\"has-fixed-layout\"><tbody><tr><td><strong>Mercado<\/strong><\/td><td><strong>\u00bfQu\u00e9 implica?<\/strong><\/td><\/tr><tr><td>L\u00ednea de dinero (Monyline)<\/td><td>Apostar por qui\u00e9n ganar\u00e1 el partido. Ideal para la MLB.<\/td><\/tr><tr><td>M\u00e1s\/Menos carreras<\/td><td>Apostar si el total de carreras ser\u00e1 mayor o menor a un n\u00famero establecido.<\/td><\/tr><tr><td>H\u00e1ndicap de carreras<\/td><td>Mercado estrat\u00e9gico que da ventaja o desventaja en carreras. Oro puro para combinadas.<\/td><\/tr><tr><td>Primeras 5 entradas<\/td><td>Apuesta basada en el desempe\u00f1o del lanzador abridor durante las primeras cinco entradas.<\/td><\/tr><tr><td>Apuestas especiales<\/td><td>Desde qui\u00e9n har\u00e1 el primer hit hasta cu\u00e1ntos jonrones habr\u00e1. Cuotas altas y mucha variedad.<\/td><\/tr><\/tbody><\/table><\/figure>\n\n\n\n<p><em>\ud83d\udccc Es clave comparar cuotas para no perder grandes oportunidades, especialmente en apuestas combinadas o parleys.<\/em><\/p>\n\n\n\n<h2 class=\"wp-block-heading\"><span class=\"ez-toc-section\" id=\"como-usar-oddsium-para-sacar-el-maximo-provecho-en-beisbol\"><\/span>C\u00f3mo usar Oddsium para sacar el m\u00e1ximo provecho en b\u00e9isbol<span class=\"ez-toc-section-end\"><\/span><\/h2>\n\n\n\n<p>\u00bfQuieres apostar en Beisbol con m\u00e1s ventaja? Sigue estos pasos:<\/p>\n\n\n\n<p>1\ufe0f\u20e3Entra a Oddsium y ve a la secci\u00f3n de b\u00e9isbol.<br>2\ufe0f\u20e3Escoge el partido que te interesa, por ejemplo: Yankees vs Red Sox.<br>3\ufe0f\u20e3Consulta la tabla comparativa con cuotas actualizadas de las casas m\u00e1s confiables.<br>4\ufe0f\u20e3Haz clic en la casa que ofrece la mejor cuota y apuesta con el m\u00e1ximo valor.<\/p>\n\n\n\n<p><strong>\ud83d\udca1 Tip profesional: <\/strong>Si te apasiona la MLB o las ligas asi\u00e1ticas, mant\u00e9n Oddsium siempre a mano en tus favoritos para estar al d\u00eda con las mejores cuotas.<\/p>\n\n\n\n<h2 class=\"wp-block-heading\"><span class=\"ez-toc-section\" id=\"%c2%bfpor-que-oddsium-es-tu-mejor-companero-para-apostar-en-beisbol\"><\/span>\u00bfPor qu\u00e9 Oddsium es tu mejor compa\u00f1ero para apostar en b\u00e9isbol?<span class=\"ez-toc-section-end\"><\/span><\/h2>\n\n\n\n<p>Oddsium, es una plataforma integral que te permite comparar cuotas en tiempo real para hacer apuestas m\u00e1s acertadas. Con nosotros puedes:&nbsp;<\/p>\n\n\n\n<p>\u2705Actualizar las cuotas en tiempo real para que no pierdas ni un segundo.<br>\u2705Conseguir las <a href=\"https:\/\/oddsium.com\/cl\/\" title=\"\">casas de apuestas m\u00e1s confiables en Chile<\/a> para apostar con ventaja.<br>\u2705Conocer sobre funciones extra como Bet Builders, Cashout y transmisiones en vivo.<br>\u2705 Plataforma intuitiva, ideal para principiantes y expertos.<\/p>\n\n\n\n<p><em>\ud83c\udfaf No permitas que una mala cuota te saque del juego. Usa Oddsium y juega siempre para ganar.<\/em><\/p>\n","protected":false},"excerpt":{"rendered":"<p>Las apuestas en b\u00e9isbol son un mundo lleno de oportunidades. As\u00ed que, para quienes saben cu\u00e1ndo y d\u00f3nde apostar, es una mina de oro. Cada semana hay decenas de partidos en ligas como la MLB, KBO y la japonesa. Por lo tanto, encontrar las mejores cuotas es clave para aprovechar mejor cada inning. Sin duda, [&hellip;]<\/p>\n","protected":false},"author":3,"featured_media":414,"parent":90,"menu_order":0,"comment_status":"closed","ping_status":"closed","template":"sports.php","meta":{"_acf_changed":false,"om_disable_all_campaigns":false,"footnotes":""},"class_list":["post-237","page","type-page","status-publish","has-post-thumbnail","hentry"],"acf":[],"aioseo_notices":[],"_links":{"self":[{"href":"https:\/\/oddsium.com\/cl\/wp-json\/wp\/v2\/pages\/237","targetHints":{"allow":["GET"]}}],"collection":[{"href":"https:\/\/oddsium.com\/cl\/wp-json\/wp\/v2\/pages"}],"about":[{"href":"https:\/\/oddsium.com\/cl\/wp-json\/wp\/v2\/types\/page"}],"author":[{"embeddable":true,"href":"https:\/\/oddsium.com\/cl\/wp-json\/wp\/v2\/users\/3"}],"replies":[{"embeddable":true,"href":"https:\/\/oddsium.com\/cl\/wp-json\/wp\/v2\/comments?post=237"}],"version-history":[{"count":0,"href":"https:\/\/oddsium.com\/cl\/wp-json\/wp\/v2\/pages\/237\/revisions"}],"up":[{"embeddable":true,"href":"https:\/\/oddsium.com\/cl\/wp-json\/wp\/v2\/pages\/90"}],"wp:featuredmedia":[{"embeddable":true,"href":"https:\/\/oddsium.com\/cl\/wp-json\/wp\/v2\/media\/414"}],"wp:attachment":[{"href":"https:\/\/oddsium.com\/cl\/wp-json\/wp\/v2\/media?parent=237"}],"curies":[{"name":"wp","href":"https:\/\/api.w.org\/{rel}","templated":true}]}}