{"id":245,"date":"2025-05-22T08:53:24","date_gmt":"2025-05-22T08:53:24","guid":{"rendered":"https:\/\/oddsium.wpenginepowered.com\/co\/?page_id=245"},"modified":"2025-06-04T00:10:23","modified_gmt":"2025-06-04T00:10:23","slug":"about-oddsium","status":"publish","type":"page","link":"https:\/\/oddsium.com\/co\/about-oddsium\/","title":{"rendered":"Acerca de Oddsium"},"content":{"rendered":"\n<p>Oddsium es una plataforma enfocada en la <strong>comparaci\u00f3n de apuestas en l\u00ednea<\/strong>. Ayudamos a usuarios de Colombia y las dem\u00e1s regiones a comparar casas de apuestas, pron\u00f3sticos, ofertas y rentabilidades para que tomen decisiones bien informadas.<\/p>\n\n\n\n<p>Nuestra misi\u00f3n es sencilla: queremos hacer que apostar en l\u00ednea sea m\u00e1s f\u00e1cil y claro. Desde la selecci\u00f3n de la casa de apuestas ideal hasta encontrar la oferta que m\u00e1s te conviene y la jugada que realmente vale la pena.<\/p>\n\n\n\n<p>Y lo mejor de todo: <strong>\u00a1Oddsium es 100% gratis!<\/strong><\/p>\n","protected":false},"excerpt":{"rendered":"<p>Oddsium es una plataforma enfocada en la comparaci\u00f3n de apuestas en l\u00ednea. Ayudamos a usuarios de Colombia y las dem\u00e1s regiones a comparar casas de apuestas, pron\u00f3sticos, ofertas y rentabilidades para que tomen decisiones bien informadas. Nuestra misi\u00f3n es sencilla: queremos hacer que apostar en l\u00ednea sea m\u00e1s f\u00e1cil y claro. Desde la selecci\u00f3n de [&hellip;]<\/p>\n","protected":false},"author":3,"featured_media":246,"parent":0,"menu_order":0,"comment_status":"closed","ping_status":"closed","template":"","meta":{"_acf_changed":false,"om_disable_all_campaigns":false,"footnotes":""},"class_list":["post-245","page","type-page","status-publish","has-post-thumbnail","hentry"],"acf":[],"aioseo_notices":[],"_links":{"self":[{"href":"https:\/\/oddsium.com\/co\/wp-json\/wp\/v2\/pages\/245","targetHints":{"allow":["GET"]}}],"collection":[{"href":"https:\/\/oddsium.com\/co\/wp-json\/wp\/v2\/pages"}],"about":[{"href":"https:\/\/oddsium.com\/co\/wp-json\/wp\/v2\/types\/page"}],"author":[{"embeddable":true,"href":"https:\/\/oddsium.com\/co\/wp-json\/wp\/v2\/users\/3"}],"replies":[{"embeddable":true,"href":"https:\/\/oddsium.com\/co\/wp-json\/wp\/v2\/comments?post=245"}],"version-history":[{"count":0,"href":"https:\/\/oddsium.com\/co\/wp-json\/wp\/v2\/pages\/245\/revisions"}],"wp:featuredmedia":[{"embeddable":true,"href":"https:\/\/oddsium.com\/co\/wp-json\/wp\/v2\/media\/246"}],"wp:attachment":[{"href":"https:\/\/oddsium.com\/co\/wp-json\/wp\/v2\/media?parent=245"}],"curies":[{"name":"wp","href":"https:\/\/api.w.org\/{rel}","templated":true}]}}