{"id":249,"date":"2025-05-22T08:54:57","date_gmt":"2025-05-22T08:54:57","guid":{"rendered":"https:\/\/oddsium.wpenginepowered.com\/co\/?page_id=249"},"modified":"2025-06-04T00:15:56","modified_gmt":"2025-06-04T00:15:56","slug":"advertising","status":"publish","type":"page","link":"https:\/\/oddsium.com\/co\/advertising\/","title":{"rendered":"Publicidad"},"content":{"rendered":"\n<p>\u00bfQuieres que tu empresa forme parte de Oddsium o te interesa anunciarte con nosotros?<\/p>\n\n\n\n<p><br>Aprovecha la oportunidad de aumentar tu visibilidad, llegar a una audiencia global y potenciar tus resultados junto a una plataforma l\u00edder en comparaci\u00f3n de apuestas. Descubre c\u00f3mo podemos ayudarte a crecer y destacar en el mercado.<\/p>\n\n\n\n<p><br>Para m\u00e1s informaci\u00f3n, contacte con:\u00a0<a href=\"mailto:teemu@oddsiumgroup.com\">Teemu Lehtinen<\/a>, <strong>\u00a0<\/strong>Representante de Pa\u00eds en Colombia.<\/p>\n\n\n\n<p><\/p>\n","protected":false},"excerpt":{"rendered":"<p>\u00bfQuieres que tu empresa forme parte de Oddsium o te interesa anunciarte con nosotros? Aprovecha la oportunidad de aumentar tu visibilidad, llegar a una audiencia global y potenciar tus resultados junto a una plataforma l\u00edder en comparaci\u00f3n de apuestas. Descubre c\u00f3mo podemos ayudarte a crecer y destacar en el mercado. Para m\u00e1s informaci\u00f3n, contacte con:\u00a0Teemu [&hellip;]<\/p>\n","protected":false},"author":3,"featured_media":246,"parent":0,"menu_order":0,"comment_status":"closed","ping_status":"closed","template":"","meta":{"_acf_changed":false,"om_disable_all_campaigns":false,"footnotes":""},"class_list":["post-249","page","type-page","status-publish","has-post-thumbnail","hentry"],"acf":[],"aioseo_notices":[],"_links":{"self":[{"href":"https:\/\/oddsium.com\/co\/wp-json\/wp\/v2\/pages\/249","targetHints":{"allow":["GET"]}}],"collection":[{"href":"https:\/\/oddsium.com\/co\/wp-json\/wp\/v2\/pages"}],"about":[{"href":"https:\/\/oddsium.com\/co\/wp-json\/wp\/v2\/types\/page"}],"author":[{"embeddable":true,"href":"https:\/\/oddsium.com\/co\/wp-json\/wp\/v2\/users\/3"}],"replies":[{"embeddable":true,"href":"https:\/\/oddsium.com\/co\/wp-json\/wp\/v2\/comments?post=249"}],"version-history":[{"count":0,"href":"https:\/\/oddsium.com\/co\/wp-json\/wp\/v2\/pages\/249\/revisions"}],"wp:featuredmedia":[{"embeddable":true,"href":"https:\/\/oddsium.com\/co\/wp-json\/wp\/v2\/media\/246"}],"wp:attachment":[{"href":"https:\/\/oddsium.com\/co\/wp-json\/wp\/v2\/media?parent=249"}],"curies":[{"name":"wp","href":"https:\/\/api.w.org\/{rel}","templated":true}]}}