{"id":90,"date":"2025-05-05T10:33:38","date_gmt":"2025-05-05T10:33:38","guid":{"rendered":"https:\/\/oddsium.wpenginepowered.com\/co\/?page_id=90"},"modified":"2025-09-10T03:59:25","modified_gmt":"2025-09-10T03:59:25","slug":"odds","status":"publish","type":"page","link":"https:\/\/oddsium.com\/co\/odds\/","title":{"rendered":"Comparaci\u00f3n de cuotas"},"content":{"rendered":"\n<p>Actualmente, apostar no es cuesti\u00f3n de suerte, sino una actividad mucho m\u00e1s pilosa y basada en conocimiento. Si quieres sacarle el jugo de verdad a tus <a href=\"https:\/\/oddsium.com\/co\/apuestas-deportivas\/\" title=\"\">apuestas deportivas en Colombia<\/a>, necesitas hacer la mejor comparaci\u00f3n de cuotas. Aqu\u00ed no se trata solo de elegir un equipo o un resultado, sino de encontrar d\u00f3nde tu apuesta vale m\u00e1s, donde cada peso apostado puede multiplicarse mejor.<\/p>\n\n\n\n<p>Oddsium, es esa herramienta que te pone en el asiento del conductor, mostr\u00e1ndote en tiempo real d\u00f3nde est\u00e1n las cuotas m\u00e1s jugosas para que apuestes con cabeza y no con el coraz\u00f3n.<\/p>\n\n\n\n<div id=\"ez-toc-container\" class=\"ez-toc-v2_0_81 counter-hierarchy ez-toc-counter ez-toc-grey ez-toc-container-direction\">\n<div class=\"ez-toc-title-container\">\n<p class=\"ez-toc-title\" style=\"cursor:inherit\">Table of Contents<\/p>\n<span class=\"ez-toc-title-toggle\"><a href=\"#\" class=\"ez-toc-pull-right ez-toc-btn ez-toc-btn-xs ez-toc-btn-default ez-toc-toggle\" aria-label=\"Toggle Table of Content\"><span class=\"ez-toc-js-icon-con\"><span class=\"\"><span class=\"eztoc-hide\" style=\"display:none;\">Toggle<\/span><span class=\"ez-toc-icon-toggle-span\"><svg style=\"fill: #999;color:#999\" xmlns=\"http:\/\/www.w3.org\/2000\/svg\" class=\"list-377408\" width=\"20px\" height=\"20px\" viewBox=\"0 0 24 24\" fill=\"none\"><path d=\"M6 6H4v2h2V6zm14 0H8v2h12V6zM4 11h2v2H4v-2zm16 0H8v2h12v-2zM4 16h2v2H4v-2zm16 0H8v2h12v-2z\" fill=\"currentColor\"><\/path><\/svg><svg style=\"fill: #999;color:#999\" class=\"arrow-unsorted-368013\" xmlns=\"http:\/\/www.w3.org\/2000\/svg\" width=\"10px\" height=\"10px\" viewBox=\"0 0 24 24\" version=\"1.2\" baseProfile=\"tiny\"><path d=\"M18.2 9.3l-6.2-6.3-6.2 6.3c-.2.2-.3.4-.3.7s.1.5.3.7c.2.2.4.3.7.3h11c.3 0 .5-.1.7-.3.2-.2.3-.5.3-.7s-.1-.5-.3-.7zM5.8 14.7l6.2 6.3 6.2-6.3c.2-.2.3-.5.3-.7s-.1-.5-.3-.7c-.2-.2-.4-.3-.7-.3h-11c-.3 0-.5.1-.7.3-.2.2-.3.5-.3.7s.1.5.3.7z\"\/><\/svg><\/span><\/span><\/span><\/a><\/span><\/div>\n<nav><ul class='ez-toc-list ez-toc-list-level-1 ' ><li class='ez-toc-page-1 ez-toc-heading-level-2'><a class=\"ez-toc-link ez-toc-heading-1\" href=\"https:\/\/oddsium.com\/co\/odds\/#%c2%bfcomparar-cuotas-le-da-mejor-uso-a-tu-plata\" >\u00bfComparar cuotas le da mejor uso a tu plata?<\/a><\/li><li class='ez-toc-page-1 ez-toc-heading-level-2'><a class=\"ez-toc-link ez-toc-heading-2\" href=\"https:\/\/oddsium.com\/co\/odds\/#%c2%bfpor-que-es-importante-comparar-cuotas-en-colombia\" >\u00bfPor qu\u00e9 es importante comparar cuotas en Colombia?<\/a><\/li><li class='ez-toc-page-1 ez-toc-heading-level-2'><a class=\"ez-toc-link ez-toc-heading-3\" href=\"https:\/\/oddsium.com\/co\/odds\/#mercados-ideales-para-comparar-cuotas\" >mercados ideales para comparar cuotas<\/a><\/li><li class='ez-toc-page-1 ez-toc-heading-level-2'><a class=\"ez-toc-link ez-toc-heading-4\" href=\"https:\/\/oddsium.com\/co\/odds\/#oddsium-la-mejor-plataforma-para-comparar-cuotas-en-colombia\" >Oddsium: la mejor plataforma para comparar cuotas en Colombia<\/a><\/li><li class='ez-toc-page-1 ez-toc-heading-level-2'><a class=\"ez-toc-link ez-toc-heading-5\" href=\"https:\/\/oddsium.com\/co\/odds\/#%c2%bfvale-la-pena-invertir-tiempo-en-comparar-cuotas\" >\u00bfVale la pena invertir tiempo en comparar cuotas?<\/a><\/li><\/ul><\/nav><\/div>\n<h2 class=\"wp-block-heading\"><span class=\"ez-toc-section\" id=\"%c2%bfcomparar-cuotas-le-da-mejor-uso-a-tu-plata\"><\/span><strong>\u00bfComparar cuotas le da mejor uso a tu plata?<\/strong><span class=\"ez-toc-section-end\"><\/span><\/h2>\n\n\n\n<p>Piensa en las cuotas como si fueran los precios de un mismo producto en diferentes tiendas. El partido y el resultado son iguales, pero las ganancias que te ofrecen var\u00edan. En las apuestas, las cuotas definen cu\u00e1nto dinero puedes ganar si le atinas. Eso s\u00ed, no todas las casas de apuestas ofrecen las mismas oportunidades.<\/p>\n\n\n\n<p><em>\ud83d\udccc <\/em><strong><em>Ejemplo<\/em><\/strong><em>:<\/em><\/p>\n\n\n\n<ul class=\"wp-block-list\">\n<li>Betsson: 1.75 \u2192 $17.500 COP (ganancia de $7.500 COP si apuestas $10.000)<\/li>\n\n\n\n<li>Rushbet: 1.85 \u2192 $18.500 COP (ganancia de $8.500 COP con la misma apuesta)<\/li>\n<\/ul>\n\n\n\n<p>Como ves, tienes un margen extra de $1.000 pesos que puede parecer poco, pero si apuestas seguido o haces varios parleys, ese extra se vuelve oro puro.<\/p>\n\n\n\n<h2 class=\"wp-block-heading\"><span class=\"ez-toc-section\" id=\"%c2%bfpor-que-es-importante-comparar-cuotas-en-colombia\"><\/span><strong>\u00bfPor qu\u00e9 es importante comparar cuotas en Colombia?<\/strong><span class=\"ez-toc-section-end\"><\/span><\/h2>\n\n\n\n<p>El mercado de apuestas en Colombia est\u00e1 creciendo y con \u00e9l la cantidad de casas que hay en la web. Cada empresa tiene su propio algoritmo y forma de calcular las cuotas que ofrece a sus usuarios. Por eso, comparar cuotas te permite:<\/p>\n\n\n\n<p>\ud83d\udcb8 Sacarle el m\u00e1ximo a cada peso que invertido.<br>\ud83c\udfaf Evitar apostar en plataformas que ofrecen cuotas bajas y te bajan las ganancias.<br>\ud83d\udcc8 Mejorar tus resultados a largo plazo con apuestas inteligentes.<br>\ud83d\udd04 Aprovechar las diferencias en apuestas combinadas, donde cada d\u00e9cima cuenta.<\/p>\n\n\n\n<h2 class=\"wp-block-heading\"><span class=\"ez-toc-section\" id=\"mercados-ideales-para-comparar-cuotas\"><\/span><strong>mercados ideales para comparar cuotas<\/strong><span class=\"ez-toc-section-end\"><\/span><\/h2>\n\n\n\n<p>El mercado depende del deporte que elijas, cada uno tiene su encanto y diferentes cuotas. Mira estas opciones para que te hagas una idea:<\/p>\n\n\n\n<figure class=\"wp-block-table\"><table class=\"has-fixed-layout\"><tbody><tr><td><strong>Deporte<\/strong><\/td><td><strong>Mercado<\/strong><\/td><td><strong>Ejemplo de apuesta<\/strong><\/td><\/tr><tr><td>\u26bd F\u00fatbol<\/td><td>Resultado 1X2, m\u00e1s\/menos goles<\/td><td>Ganador, total de goles<\/td><\/tr><tr><td>\ud83c\udfc0 Baloncesto<\/td><td>H\u00e1ndicap, puntos totales<\/td><td>Ganador, puntos, estad\u00edsticas<\/td><\/tr><tr><td>\ud83c\udfbe Tenis<\/td><td>Ganador, n\u00famero de sets<\/td><td>Resultado del partido, total de juegos<\/td><\/tr><tr><td>\u26be B\u00e9isbol<\/td><td>Ganador, apuestas especiales<\/td><td>Resultado, estad\u00edsticas espec\u00edficas<\/td><\/tr><tr><td>\ud83d\udcbb En vivo<\/td><td>Cuotas que cambian minuto a minuto<\/td><td>Apostar durante el juego<\/td><\/tr><\/tbody><\/table><\/figure>\n\n\n\n<p><em>\u26a0\ufe0f La variedad de deportes y mercados es mucho m\u00e1s amplia. Solo entra a Oddsium, busca tu deporte favorito y consegu\u00ed la mejor comparaci\u00f3n de cuotas en Colombia.<\/em><\/p>\n\n\n\n<h2 class=\"wp-block-heading\"><span class=\"ez-toc-section\" id=\"oddsium-la-mejor-plataforma-para-comparar-cuotas-en-colombia\"><\/span><strong>Oddsium: la mejor plataforma para comparar cuotas en Colombia<\/strong><span class=\"ez-toc-section-end\"><\/span><\/h2>\n\n\n\n<figure class=\"wp-block-image size-large\"><img loading=\"lazy\" decoding=\"async\" width=\"1024\" height=\"726\" src=\"https:\/\/oddsium.com\/co\/wp-content\/uploads\/sites\/12\/2025\/09\/dos-personas-estrechando-manos-1024x726.jpg\" alt=\"\" class=\"wp-image-631\" srcset=\"https:\/\/oddsium.com\/co\/wp-content\/uploads\/sites\/12\/2025\/09\/dos-personas-estrechando-manos-1024x726.jpg 1024w, https:\/\/oddsium.com\/co\/wp-content\/uploads\/sites\/12\/2025\/09\/dos-personas-estrechando-manos-300x213.jpg 300w, https:\/\/oddsium.com\/co\/wp-content\/uploads\/sites\/12\/2025\/09\/dos-personas-estrechando-manos-768x545.jpg 768w, https:\/\/oddsium.com\/co\/wp-content\/uploads\/sites\/12\/2025\/09\/dos-personas-estrechando-manos-1536x1090.jpg 1536w, https:\/\/oddsium.com\/co\/wp-content\/uploads\/sites\/12\/2025\/09\/dos-personas-estrechando-manos.jpg 1748w\" sizes=\"auto, (max-width: 1024px) 100vw, 1024px\" \/><\/figure>\n\n\n\n<p>Buscar la mejor cuota puede ser un enredo, pero ah\u00ed es donde Oddsium se luce. Esta plataforma compara en tiempo real las cuotas de los sitios de apuestas con <a href=\"https:\/\/www.coljuegos.gov.co\/publicaciones\/301721\" title=\"\">licencia de Coljuegos<\/a> en Colombia. As\u00ed puedes:<\/p>\n\n\n\n<p>\ud83d\udc40 Identificar r\u00e1pido cu\u00e1l es la cuota m\u00e1s bacana.<br>\u26a1 Entrar directo a la casa de apuestas para apostar r\u00e1pido y seguro.<br>\ud83d\udcf2 Ver detalles sobre promociones, m\u00e9todos de pago y facilidad de uso.<br>\ud83c\udf0e Encontrar <a href=\"https:\/\/oddsium.com\/co\/betting-predictions\/\" title=\"\">predicciones de apuestas<\/a> desde la liga local hasta los torneos internacionales m\u00e1s top.<\/p>\n\n\n\n<h2 class=\"wp-block-heading\"><span class=\"ez-toc-section\" id=\"%c2%bfvale-la-pena-invertir-tiempo-en-comparar-cuotas\"><\/span><strong>\u00bfVale la pena invertir tiempo en comparar cuotas?<\/strong><span class=\"ez-toc-section-end\"><\/span><\/h2>\n\n\n\n<p>Si quieres ganar de verdad, comparar cuotas es tu mejor jugada. Ese detalle chiquito es lo que convierte una apuesta cualquiera en una decisi\u00f3n inteligente. En Colombia, donde cada peso cuenta, hacer esto puede marcar la diferencia entre un mes normal y uno con plata en el bolsillo. <\/p>\n\n\n\n<p>Para profundizar en c\u00f3mo sacar ventaja y apostar con estrategia, te recomiendo revisar esta gu\u00eda sobre&nbsp;<a href=\"https:\/\/oddsium.com\/co\/guides\/guia-de-apuestas-como-apostar-en-deportes-en-linea\/\" title=\"\">c\u00f3mo apostar en deportes en l\u00ednea<\/a>, que te explica paso a paso c\u00f3mo hacerlo bien desde Colombia.<\/p>\n","protected":false},"excerpt":{"rendered":"<p>Actualmente, apostar no es cuesti\u00f3n de suerte, sino una actividad mucho m\u00e1s pilosa y basada en conocimiento. Si quieres sacarle el jugo de verdad a tus apuestas deportivas en Colombia, necesitas hacer la mejor comparaci\u00f3n de cuotas. Aqu\u00ed no se trata solo de elegir un equipo o un resultado, sino de encontrar d\u00f3nde tu apuesta [&hellip;]<\/p>\n","protected":false},"author":3,"featured_media":0,"parent":0,"menu_order":0,"comment_status":"closed","ping_status":"closed","template":"sports.php","meta":{"_acf_changed":false,"om_disable_all_campaigns":false,"footnotes":""},"class_list":["post-90","page","type-page","status-publish","hentry"],"acf":[],"aioseo_notices":[],"_links":{"self":[{"href":"https:\/\/oddsium.com\/co\/wp-json\/wp\/v2\/pages\/90","targetHints":{"allow":["GET"]}}],"collection":[{"href":"https:\/\/oddsium.com\/co\/wp-json\/wp\/v2\/pages"}],"about":[{"href":"https:\/\/oddsium.com\/co\/wp-json\/wp\/v2\/types\/page"}],"author":[{"embeddable":true,"href":"https:\/\/oddsium.com\/co\/wp-json\/wp\/v2\/users\/3"}],"replies":[{"embeddable":true,"href":"https:\/\/oddsium.com\/co\/wp-json\/wp\/v2\/comments?post=90"}],"version-history":[{"count":0,"href":"https:\/\/oddsium.com\/co\/wp-json\/wp\/v2\/pages\/90\/revisions"}],"wp:attachment":[{"href":"https:\/\/oddsium.com\/co\/wp-json\/wp\/v2\/media?parent=90"}],"curies":[{"name":"wp","href":"https:\/\/api.w.org\/{rel}","templated":true}]}}