{"id":194,"date":"2025-05-19T16:13:03","date_gmt":"2025-05-19T16:13:03","guid":{"rendered":"https:\/\/oddsium.wpenginepowered.com\/ec\/?page_id=194"},"modified":"2025-09-14T19:23:24","modified_gmt":"2025-09-14T19:23:24","slug":"baloncesto","status":"publish","type":"page","link":"https:\/\/oddsium.com\/ec\/sports\/baloncesto\/","title":{"rendered":"Apuestas en Baloncesto"},"content":{"rendered":"\n<p>El baloncesto es un deporte donde los equipos intentan encestar la pelota en la canasta durante cuatro cuartos. Cada equipo busca generar oportunidades para lanzar y defender su zona. Por eso, los partidos suelen ser intensos y con muchas anotaciones. En Ecuador, la Liga B\u00e1squetPro re\u00fane a los mejores equipos del pa\u00eds y ha crecido r\u00e1pidamente desde su inicio en 2022.<\/p>\n\n\n\n<p>Equipos de distintas provincias se disputan la gloria en torneos nacionales que avivan la pasi\u00f3n por el baloncesto en Ecuador. Para apostar con fundamento, Oddsium ofrece an\u00e1lisis detallados y una <a href=\"https:\/\/oddsium.com\/ec\/odds\/comparacion-de-las-mejores-cuotas-de-basquet\/\" title=\"\">comparaci\u00f3n de las mejores cuotas de baloncesto<\/a> en Ecuador, facilitando que tomes decisiones inteligentes basadas en datos confiables.<\/p>\n\n\n\n<div id=\"ez-toc-container\" class=\"ez-toc-v2_0_81 counter-hierarchy ez-toc-counter ez-toc-grey ez-toc-container-direction\">\n<div class=\"ez-toc-title-container\">\n<p class=\"ez-toc-title\" style=\"cursor:inherit\">Table of Contents<\/p>\n<span class=\"ez-toc-title-toggle\"><a href=\"#\" class=\"ez-toc-pull-right ez-toc-btn ez-toc-btn-xs ez-toc-btn-default ez-toc-toggle\" aria-label=\"Toggle Table of Content\"><span class=\"ez-toc-js-icon-con\"><span class=\"\"><span class=\"eztoc-hide\" style=\"display:none;\">Toggle<\/span><span class=\"ez-toc-icon-toggle-span\"><svg style=\"fill: #999;color:#999\" xmlns=\"http:\/\/www.w3.org\/2000\/svg\" class=\"list-377408\" width=\"20px\" height=\"20px\" viewBox=\"0 0 24 24\" fill=\"none\"><path d=\"M6 6H4v2h2V6zm14 0H8v2h12V6zM4 11h2v2H4v-2zm16 0H8v2h12v-2zM4 16h2v2H4v-2zm16 0H8v2h12v-2z\" fill=\"currentColor\"><\/path><\/svg><svg style=\"fill: #999;color:#999\" class=\"arrow-unsorted-368013\" xmlns=\"http:\/\/www.w3.org\/2000\/svg\" width=\"10px\" height=\"10px\" viewBox=\"0 0 24 24\" version=\"1.2\" baseProfile=\"tiny\"><path d=\"M18.2 9.3l-6.2-6.3-6.2 6.3c-.2.2-.3.4-.3.7s.1.5.3.7c.2.2.4.3.7.3h11c.3 0 .5-.1.7-.3.2-.2.3-.5.3-.7s-.1-.5-.3-.7zM5.8 14.7l6.2 6.3 6.2-6.3c.2-.2.3-.5.3-.7s-.1-.5-.3-.7c-.2-.2-.4-.3-.7-.3h-11c-.3 0-.5.1-.7.3-.2.2-.3.5-.3.7s.1.5.3.7z\"\/><\/svg><\/span><\/span><\/span><\/a><\/span><\/div>\n<nav><ul class='ez-toc-list ez-toc-list-level-1 ' ><li class='ez-toc-page-1 ez-toc-heading-level-2'><a class=\"ez-toc-link ez-toc-heading-1\" href=\"https:\/\/oddsium.com\/ec\/sports\/baloncesto\/#torneos-en-los-que-puedes-apostar-sin-problemas\" >Torneos en los que puedes apostar sin problemas<\/a><\/li><li class='ez-toc-page-1 ez-toc-heading-level-2'><a class=\"ez-toc-link ez-toc-heading-2\" href=\"https:\/\/oddsium.com\/ec\/sports\/baloncesto\/#mercados-populares-para-apostar-en-baloncesto\" >Mercados populares para apostar en baloncesto&nbsp;<\/a><\/li><li class='ez-toc-page-1 ez-toc-heading-level-2'><a class=\"ez-toc-link ez-toc-heading-3\" href=\"https:\/\/oddsium.com\/ec\/sports\/baloncesto\/#%c2%bfdonde-centrar-la-atencion-en-el-baloncesto\" >\u00bfD\u00f3nde centrar la atenci\u00f3n en el baloncesto?&nbsp;<\/a><\/li><li class='ez-toc-page-1 ez-toc-heading-level-2'><a class=\"ez-toc-link ez-toc-heading-4\" href=\"https:\/\/oddsium.com\/ec\/sports\/baloncesto\/#plataformas-legales-para-apostar-en-baloncesto-en-ecuador\" >Plataformas legales para apostar en baloncesto en Ecuador&nbsp;<\/a><\/li><li class='ez-toc-page-1 ez-toc-heading-level-2'><a class=\"ez-toc-link ez-toc-heading-5\" href=\"https:\/\/oddsium.com\/ec\/sports\/baloncesto\/#que-tener-presente-antes-de-apostarle-al-baloncesto\" >Qu\u00e9 tener presente antes de apostarle al baloncesto<\/a><\/li><li class='ez-toc-page-1 ez-toc-heading-level-2'><a class=\"ez-toc-link ez-toc-heading-6\" href=\"https:\/\/oddsium.com\/ec\/sports\/baloncesto\/#en-conclusion\" >En conclusi\u00f3n&nbsp;<\/a><\/li><\/ul><\/nav><\/div>\n<h2 class=\"wp-block-heading\"><span class=\"ez-toc-section\" id=\"torneos-en-los-que-puedes-apostar-sin-problemas\"><\/span>Torneos en los que puedes apostar sin problemas<span class=\"ez-toc-section-end\"><\/span><\/h2>\n\n\n\n<figure class=\"wp-block-table\"><table class=\"has-fixed-layout\"><tbody><tr><td><strong>Torneo \/ Evento<\/strong><\/td><td><strong>\u00bfQu\u00e9 hay que saber?<\/strong><\/td><\/tr><tr><td>NBA<\/td><td>La m\u00e1s seguida en el mundo y Colombia. M\u00e1s de 1,200 partidos entre temporada regular y playoffs.<\/td><\/tr><tr><td>Euroliga<\/td><td>Torneo europeo con 18 equipos, fase regular, playoffs y Final Four.<\/td><\/tr><tr><td>Liga ACB (Espa\u00f1a)<\/td><td>Liga espa\u00f1ola con 18 equipos en temporada regular y playoffs.<\/td><\/tr><tr><td>Nacional de Ecuador (B\u00e1squetPro)<\/td><td>Con 10 a 12 equipos de diferentes provincias, es la liga profesional m\u00e1s importante de Ecuador, temporada anual y cobertura en Gamavisi\u00f3n.<\/td><\/tr><tr><td>Torneos Internacionales<\/td><td>Juegos Ol\u00edmpicos y Mundiales con las mejores selecciones del planeta, que tambi\u00e9n atraen apuestas globales.<\/td><\/tr><\/tbody><\/table><\/figure>\n\n\n\n<h2 class=\"wp-block-heading\"><span class=\"ez-toc-section\" id=\"mercados-populares-para-apostar-en-baloncesto\"><\/span>Mercados populares para apostar en baloncesto&nbsp;<span class=\"ez-toc-section-end\"><\/span><\/h2>\n\n\n\n<figure class=\"wp-block-table\"><table class=\"has-fixed-layout\"><tbody><tr><td><strong>Mercado<\/strong><\/td><td><strong>Descripci\u00f3n<\/strong><\/td><\/tr><tr><td>\ud83c\udfc6 Ganador del partido<\/td><td>Apuestas por qui\u00e9n gana el partido, sin empate.<\/td><\/tr><tr><td>\u2696\ufe0f H\u00e1ndicap de puntos<\/td><td>Dar o recibir puntos para nivelar las chances entre equipos.<\/td><\/tr><tr><td>\ud83d\udcc8 Total de puntos<\/td><td>Apuestas si el total combinado ser\u00e1 m\u00e1s (Over) o menos (Under) que un n\u00famero.<\/td><\/tr><tr><td>\ud83d\udd52 Ganador por cuartos<\/td><td>Eleg\u00eds qui\u00e9n gana un cuarto o mitad del partido, sin importar el resultado final.<\/td><\/tr><tr><td>\ud83d\udc64 Actuaciones individuales<\/td><td>Apuestas por puntos, rebotes, asistencias u otras estad\u00edsticas de jugadores.<\/td><\/tr><tr><td>\u2795 Margen de victoria<\/td><td>Apuestas por la diferencia exacta o rango de puntos con que ganar\u00e1 un equipo.<\/td><\/tr><tr><td>\ud83c\udfc0 Primer equipo en anotar<\/td><td>Apuestas qui\u00e9n mete el primer punto del partido.<\/td><\/tr><tr><td>\ud83d\udcca Total de puntos por equipo<\/td><td>Apuestas si un equipo anotar\u00e1 m\u00e1s o menos que un n\u00famero determinado.<\/td><\/tr><\/tbody><\/table><\/figure>\n\n\n\n<h2 class=\"wp-block-heading\"><span class=\"ez-toc-section\" id=\"%c2%bfdonde-centrar-la-atencion-en-el-baloncesto\"><\/span>\u00bfD\u00f3nde centrar la atenci\u00f3n en el baloncesto?&nbsp;<span class=\"ez-toc-section-end\"><\/span><\/h2>\n\n\n\n<p><strong>\ud83c\udfc0Jugador con m\u00e1s puntos: <\/strong>Apostar por el m\u00e1ximo anotador puede cambiar la jugada, aunque su equipo pierda.<\/p>\n\n\n\n<p><strong>\u26f9\ufe0fSeries de partidos:<\/strong> Analizar c\u00f3mo rinde un equipo en varias fechas seguidas para apostar a largo plazo.<\/p>\n\n\n\n<p><strong>\u23f3Apuestas a largo plazo: <\/strong>Paciencia para pronosticar campeones o MVP y sacar buena tajada.<\/p>\n\n\n\n<p><strong>\ud83c\udfafApuestas en vivo:<\/strong> Reaccionar a los cambios r\u00e1pidos del juego, sobre todo en el \u00faltimo cuarto, donde todo puede pasar.<\/p>\n\n\n\n<h2 class=\"wp-block-heading\"><span class=\"ez-toc-section\" id=\"plataformas-legales-para-apostar-en-baloncesto-en-ecuador\"><\/span>Plataformas legales para apostar en baloncesto en Ecuador&nbsp;<span class=\"ez-toc-section-end\"><\/span><\/h2>\n\n\n\n<figure class=\"wp-block-table\"><table class=\"has-fixed-layout\"><tbody><tr><td><strong>Plataforma<\/strong><\/td><td><strong>\u00bfPor qu\u00e9 son ideales para apostar?<\/strong><\/td><\/tr><tr><td>Sportbet<\/td><td>Plataforma con licencia LOPD, buena variedad de mercados y m\u00e9todos de pago locales. Ideal para apostar seguro y legal.<\/td><\/tr><tr><td>Betano<\/td><td>Operador autorizado con licencia, ofrece promociones ch\u00e9veres y cobertura de eventos nacionales e internacionales.<\/td><\/tr><tr><td>Novibet<\/td><td>Casa con licencia vigente, estad\u00edsticas en vivo y soporte local para apuestas informadas.<\/td><\/tr><tr><td>Betcompany<\/td><td>Licenciada para operar en Ecuador, mercados variados y promociones atractivas para el p\u00fablico local.<\/td><\/tr><tr><td>Oddsium<\/td><td>Comparador que te ayuda a encontrar las mejores cuotas y maximizar ganancias en todas las plataformas legales.<\/td><\/tr><\/tbody><\/table><\/figure>\n\n\n\n<h2 class=\"wp-block-heading\"><span class=\"ez-toc-section\" id=\"que-tener-presente-antes-de-apostarle-al-baloncesto\"><\/span>Qu\u00e9 tener presente antes de apostarle al baloncesto<span class=\"ez-toc-section-end\"><\/span><\/h2>\n\n\n\n<figure class=\"wp-block-image size-large\"><img loading=\"lazy\" decoding=\"async\" width=\"1024\" height=\"726\" src=\"https:\/\/oddsium.com\/ec\/wp-content\/uploads\/sites\/15\/2025\/09\/manos-sosteniendo-una-pelota-de-basquet-1024x726.jpg\" alt=\"\" class=\"wp-image-468\" srcset=\"https:\/\/oddsium.com\/ec\/wp-content\/uploads\/sites\/15\/2025\/09\/manos-sosteniendo-una-pelota-de-basquet-1024x726.jpg 1024w, https:\/\/oddsium.com\/ec\/wp-content\/uploads\/sites\/15\/2025\/09\/manos-sosteniendo-una-pelota-de-basquet-300x213.jpg 300w, https:\/\/oddsium.com\/ec\/wp-content\/uploads\/sites\/15\/2025\/09\/manos-sosteniendo-una-pelota-de-basquet-768x545.jpg 768w, https:\/\/oddsium.com\/ec\/wp-content\/uploads\/sites\/15\/2025\/09\/manos-sosteniendo-una-pelota-de-basquet-1536x1090.jpg 1536w, https:\/\/oddsium.com\/ec\/wp-content\/uploads\/sites\/15\/2025\/09\/manos-sosteniendo-una-pelota-de-basquet.jpg 1748w\" sizes=\"auto, (max-width: 1024px) 100vw, 1024px\" \/><\/figure>\n\n\n\n<ul class=\"wp-block-list\">\n<li><strong>Estado f\u00edsico y mental de los jugadores:<\/strong> Si un jugador est\u00e1 lesionado, eso puede cambiar el partido de un momento a otro. \u00a1No se te puede escapar esa!<\/li>\n\n\n\n<li><strong>Historial de enfrentamientos<\/strong>: Algunos equipos se tienen la medida tomada, ya se saben todos los trucos.<\/li>\n\n\n\n<li><strong>Factor de la local\u00eda: <\/strong>Jugar en casa siempre da ventaja, la hinchada mete presi\u00f3n y eso influye en el resultado. \u00a1Ojo con eso!<\/li>\n\n\n\n<li><strong>Info al pelo en tiempo real: <\/strong>Lesiones de \u00faltima hora o cambios inesperados pueden mover las cuotas.<\/li>\n<\/ul>\n\n\n\n<p><em>\ud83d\udccc Si te gusta este deporte, no te va a quedar grande seguir las estad\u00edsticas de los equipos y los partidos.<\/em><\/p>\n\n\n\n<h2 class=\"wp-block-heading\"><span class=\"ez-toc-section\" id=\"en-conclusion\"><\/span>En conclusi\u00f3n&nbsp;<span class=\"ez-toc-section-end\"><\/span><\/h2>\n\n\n\n<p>Apostarle al baloncesto en Ecuador puede ser rentable si le metes an\u00e1lisis a las estad\u00edsticas y sabes manejar el riesgo de tus apuestas. En Oddsium, te recomendamos aprovechar las apuestas en vivo para ajustar la estrategia seg\u00fan c\u00f3mo se mueva el partido y las tendencias. <\/p>\n\n\n\n<p>Aprovecha las <a href=\"https:\/\/oddsium.com\/ec\/betting-predictions\/\" title=\"\">predicciones de apuestas<\/a> que ofrece Oddsium para tomar decisiones m\u00e1s informadas y aumentar tus probabilidades de \u00e9xito.<\/p>\n\n\n\n<p><\/p>\n","protected":false},"excerpt":{"rendered":"<p>El baloncesto es un deporte donde los equipos intentan encestar la pelota en la canasta durante cuatro cuartos. Cada equipo busca generar oportunidades para lanzar y defender su zona. Por eso, los partidos suelen ser intensos y con muchas anotaciones. En Ecuador, la Liga B\u00e1squetPro re\u00fane a los mejores equipos del pa\u00eds y ha crecido [&hellip;]<\/p>\n","protected":false},"author":8,"featured_media":0,"parent":88,"menu_order":0,"comment_status":"closed","ping_status":"closed","template":"sports.php","meta":{"_acf_changed":false,"om_disable_all_campaigns":false,"footnotes":""},"class_list":["post-194","page","type-page","status-publish","hentry"],"acf":[],"aioseo_notices":[],"_links":{"self":[{"href":"https:\/\/oddsium.com\/ec\/wp-json\/wp\/v2\/pages\/194","targetHints":{"allow":["GET"]}}],"collection":[{"href":"https:\/\/oddsium.com\/ec\/wp-json\/wp\/v2\/pages"}],"about":[{"href":"https:\/\/oddsium.com\/ec\/wp-json\/wp\/v2\/types\/page"}],"author":[{"embeddable":true,"href":"https:\/\/oddsium.com\/ec\/wp-json\/wp\/v2\/users\/8"}],"replies":[{"embeddable":true,"href":"https:\/\/oddsium.com\/ec\/wp-json\/wp\/v2\/comments?post=194"}],"version-history":[{"count":0,"href":"https:\/\/oddsium.com\/ec\/wp-json\/wp\/v2\/pages\/194\/revisions"}],"up":[{"embeddable":true,"href":"https:\/\/oddsium.com\/ec\/wp-json\/wp\/v2\/pages\/88"}],"wp:attachment":[{"href":"https:\/\/oddsium.com\/ec\/wp-json\/wp\/v2\/media?parent=194"}],"curies":[{"name":"wp","href":"https:\/\/api.w.org\/{rel}","templated":true}]}}