{"id":216,"date":"2025-05-21T14:20:52","date_gmt":"2025-05-21T14:20:52","guid":{"rendered":"https:\/\/oddsium.wpenginepowered.com\/ec\/?page_id=216"},"modified":"2025-09-14T19:29:24","modified_gmt":"2025-09-14T19:29:24","slug":"formula-1","status":"publish","type":"page","link":"https:\/\/oddsium.com\/ec\/sports\/formula-1\/","title":{"rendered":"Apuestas en F\u00f3rmula 1"},"content":{"rendered":"\n<p>La F\u00f3rmula 1 no solo prende a los fan\u00e1ticos del automovilismo, sino tambi\u00e9n a los que les gusta meterle ficha a las apuestas deportivas. Pilotos como Verstappen, Hamilton, Leclerc y Alonso tienen su combo de seguidores, y escuder\u00edas legendarias como Red Bull, Ferrari y Mercedes se la juegan en un show donde la adrenalina se siente en cada curva.<\/p>\n\n\n\n<p>Pero ojo, apostar en la F1 no es solo decir \u201cqui\u00e9n gana\u201d, sino entender c\u00f3mo el clima, las paradas en boxes y cualquier l\u00edo pueden cambiar la carrera en un pesta\u00f1azo. Por eso, aunque no es f\u00e1cil, los que le meten ganas y an\u00e1lisis tienen la chance de convertir ese conocimiento en plata de verdad.<\/p>\n\n\n\n<div id=\"ez-toc-container\" class=\"ez-toc-v2_0_81 counter-hierarchy ez-toc-counter ez-toc-grey ez-toc-container-direction\">\n<div class=\"ez-toc-title-container\">\n<p class=\"ez-toc-title\" style=\"cursor:inherit\">Table of Contents<\/p>\n<span class=\"ez-toc-title-toggle\"><a href=\"#\" class=\"ez-toc-pull-right ez-toc-btn ez-toc-btn-xs ez-toc-btn-default ez-toc-toggle\" aria-label=\"Toggle Table of Content\"><span class=\"ez-toc-js-icon-con\"><span class=\"\"><span class=\"eztoc-hide\" style=\"display:none;\">Toggle<\/span><span class=\"ez-toc-icon-toggle-span\"><svg style=\"fill: #999;color:#999\" xmlns=\"http:\/\/www.w3.org\/2000\/svg\" class=\"list-377408\" width=\"20px\" height=\"20px\" viewBox=\"0 0 24 24\" fill=\"none\"><path d=\"M6 6H4v2h2V6zm14 0H8v2h12V6zM4 11h2v2H4v-2zm16 0H8v2h12v-2zM4 16h2v2H4v-2zm16 0H8v2h12v-2z\" fill=\"currentColor\"><\/path><\/svg><svg style=\"fill: #999;color:#999\" class=\"arrow-unsorted-368013\" xmlns=\"http:\/\/www.w3.org\/2000\/svg\" width=\"10px\" height=\"10px\" viewBox=\"0 0 24 24\" version=\"1.2\" baseProfile=\"tiny\"><path d=\"M18.2 9.3l-6.2-6.3-6.2 6.3c-.2.2-.3.4-.3.7s.1.5.3.7c.2.2.4.3.7.3h11c.3 0 .5-.1.7-.3.2-.2.3-.5.3-.7s-.1-.5-.3-.7zM5.8 14.7l6.2 6.3 6.2-6.3c.2-.2.3-.5.3-.7s-.1-.5-.3-.7c-.2-.2-.4-.3-.7-.3h-11c-.3 0-.5.1-.7.3-.2.2-.3.5-.3.7s.1.5.3.7z\"\/><\/svg><\/span><\/span><\/span><\/a><\/span><\/div>\n<nav><ul class='ez-toc-list ez-toc-list-level-1 ' ><li class='ez-toc-page-1 ez-toc-heading-level-2'><a class=\"ez-toc-link ez-toc-heading-1\" href=\"https:\/\/oddsium.com\/ec\/sports\/formula-1\/#%c2%bfdonde-apostar-a-la-formula-1-en-ecuador-casas-legales-y-confiables\" >\u00bfD\u00f3nde apostar a la F\u00f3rmula 1 en Ecuador? Casas legales y confiables<\/a><\/li><li class='ez-toc-page-1 ez-toc-heading-level-2'><a class=\"ez-toc-link ez-toc-heading-2\" href=\"https:\/\/oddsium.com\/ec\/sports\/formula-1\/#formula-1-la-pista-donde-cada-segundo-vale-oro\" >F\u00f3rmula 1: La pista donde cada segundo vale oro<\/a><\/li><li class='ez-toc-page-1 ez-toc-heading-level-2'><a class=\"ez-toc-link ez-toc-heading-3\" href=\"https:\/\/oddsium.com\/ec\/sports\/formula-1\/#como-arrancar-a-apostar-en-formula-1-desde-ecuador\" >C\u00f3mo arrancar a apostar en F\u00f3rmula 1 desde Ecuador<\/a><\/li><li class='ez-toc-page-1 ez-toc-heading-level-2'><a class=\"ez-toc-link ez-toc-heading-4\" href=\"https:\/\/oddsium.com\/ec\/sports\/formula-1\/#mercados-populares-para-apostar-en-f1\" >Mercados populares para apostar en F1&nbsp;<\/a><\/li><li class='ez-toc-page-1 ez-toc-heading-level-2'><a class=\"ez-toc-link ez-toc-heading-5\" href=\"https:\/\/oddsium.com\/ec\/sports\/formula-1\/#promos-y-bonos-que-no-te-puedes-perder-en-f1\" >Promos y bonos que no te puedes perder en F1<\/a><\/li><li class='ez-toc-page-1 ez-toc-heading-level-2'><a class=\"ez-toc-link ez-toc-heading-6\" href=\"https:\/\/oddsium.com\/ec\/sports\/formula-1\/#estrategias-para-apostar-con-cabeza-fria\" >Estrategias para apostar con cabeza fr\u00eda<\/a><\/li><li class='ez-toc-page-1 ez-toc-heading-level-2'><a class=\"ez-toc-link ez-toc-heading-7\" href=\"https:\/\/oddsium.com\/ec\/sports\/formula-1\/#oddsium-tu-mejor-aliado-para-apostar-mejor-en-formula-1\" >Oddsium: tu mejor aliado para apostar mejor en F\u00f3rmula 1<\/a><\/li><li class='ez-toc-page-1 ez-toc-heading-level-2'><a class=\"ez-toc-link ez-toc-heading-8\" href=\"https:\/\/oddsium.com\/ec\/sports\/formula-1\/#en-conclusion\" >En conclusi\u00f3n<\/a><\/li><\/ul><\/nav><\/div>\n<h2 class=\"wp-block-heading\"><span class=\"ez-toc-section\" id=\"%c2%bfdonde-apostar-a-la-formula-1-en-ecuador-casas-legales-y-confiables\"><\/span>\u00bfD\u00f3nde apostar a la F\u00f3rmula 1 en Ecuador? Casas legales y confiables<span class=\"ez-toc-section-end\"><\/span><\/h2>\n\n\n\n<p>En Ecuador, las <a href=\"https:\/\/oddsium.com\/ec\/sports\/\" title=\"\">apuestas deportivas<\/a> est\u00e1n reguladas y se debe apostar solo en plataformas con licencia (LOPD) otorgada por el Ministerio del Deporte. Las casas m\u00e1s ch\u00e9veres y legales para apostar en F\u00f3rmula 1 son:<\/p>\n\n\n\n<figure class=\"wp-block-table\"><table class=\"has-fixed-layout\"><tbody><tr><td><strong>Plataforma<\/strong><\/td><td><strong>Lo que la hace destacar<\/strong><\/td><td><strong>Bono de bienvenida<\/strong><\/td><\/tr><tr><td>Sportbet<\/td><td>Plataforma intuitiva, variedad de mercados y apuestas en vivo<\/td><td>Bono de bienvenida atractivo<\/td><\/tr><tr><td>Betano<\/td><td>Cuotas competitivas, promociones frecuentes y cashout<\/td><td>Bono exclusivo para nuevos usuarios<\/td><\/tr><tr><td>Novibet<\/td><td>Amplia cobertura de eventos, interfaz amigable<\/td><td>Bonos especiales en deportes populares<\/td><\/tr><tr><td>Betcompany<\/td><td>Variedad en mercados y buen soporte<\/td><td>Promociones constantes<\/td><\/tr><tr><td>Betcore<\/td><td>Plataforma segura y r\u00e1pida, con apuestas en vivo<\/td><td>Bonos para nuevos apostadores<\/td><\/tr><tr><td>Forbet<\/td><td>F\u00e1cil navegaci\u00f3n y buenas cuotas en F1<\/td><td>Bonos de bienvenida<\/td><\/tr><\/tbody><\/table><\/figure>\n\n\n\n<p><em>\ud83d\udccc Recuerda que apostar en casas con licencia te garantiza seguridad y respaldo legal.<\/em><\/p>\n\n\n\n<h2 class=\"wp-block-heading\"><span class=\"ez-toc-section\" id=\"formula-1-la-pista-donde-cada-segundo-vale-oro\"><\/span>F\u00f3rmula 1: La pista donde cada segundo vale oro<span class=\"ez-toc-section-end\"><\/span><\/h2>\n\n\n\n<p>La F1 es un deporte donde no hay tiempo para perder y cada detalle puede cambiarlo todo. Para los que apuestan desde Ecuador, esto trae muchas ventajas:<\/p>\n\n\n\n<ul class=\"wp-block-list\">\n<li><strong>Cada vuelta es una sorpresa:<\/strong> las estrategias, los neum\u00e1ticos y el clima cambian todo el tiempo, haciendo que cada apuesta sea una emoci\u00f3n.<\/li>\n\n\n\n<li><strong>Hay mercados para todos los gustos:<\/strong> desde qui\u00e9n gana hasta qui\u00e9n va a hacer el pr\u00f3ximo adelantamiento.<\/li>\n\n\n\n<li><strong>Apuestas en vivo:<\/strong>  Aprovecha cada chance durante la carrera. Puedes ayudarte viendo las carreras en vivo, usa los <a href=\"https:\/\/oddsium.com\/ec\/guides\/mejores-sitios-de-apuestas-para-ver-la-formula-1-en-streaming\/\" title=\"\">mejores sitios de apuestas para ver la F\u00f3rmula 1 en streaming<\/a> para estar al d\u00eda y poder mover tus fichas en tiempo real.<br><\/li>\n<\/ul>\n\n\n\n<h2 class=\"wp-block-heading\"><span class=\"ez-toc-section\" id=\"como-arrancar-a-apostar-en-formula-1-desde-ecuador\"><\/span>C\u00f3mo arrancar a apostar en F\u00f3rmula 1 desde Ecuador<span class=\"ez-toc-section-end\"><\/span><\/h2>\n\n\n\n<p>1\ufe0f\u20e3Escoge una plataforma confiable y legal para jugar sin l\u00edos.<\/p>\n\n\n\n<p>2\ufe0f\u20e3Reg\u00edstrate r\u00e1pido y abre la puerta a todas las apuestas.<\/p>\n\n\n\n<p>3\ufe0f\u20e3Aprende sobre los mercados y apuesta con cabeza.<\/p>\n\n\n\n<p>4\ufe0f\u20e3Aprovecha los bonos y promociones para darle m\u00e1s fuerza a tus jugadas.<\/p>\n\n\n\n<p>5\ufe0f\u20e3Sigue la carrera en vivo y ajusta tus apuestas al momento.<\/p>\n\n\n\n<h2 class=\"wp-block-heading\"><span class=\"ez-toc-section\" id=\"mercados-populares-para-apostar-en-f1\"><\/span>Mercados populares para apostar en F1&nbsp;<span class=\"ez-toc-section-end\"><\/span><\/h2>\n\n\n\n<figure class=\"wp-block-table\"><table class=\"has-fixed-layout\"><tbody><tr><td><strong>Tipo de Apuesta<\/strong><\/td><td><strong>Qu\u00e9 es lo que hay que saber<\/strong><\/td><\/tr><tr><td>\ud83c\udfc6 Ganador de la carrera<\/td><td>El piloto que llegue primero a la meta.<\/td><\/tr><tr><td>\ud83c\udfc1 Pole position<\/td><td>El piloto que se lleva la mejor posici\u00f3n en la clasificaci\u00f3n previa.<\/td><\/tr><tr><td>\u23f1\ufe0f Vuelta m\u00e1s r\u00e1pida<\/td><td>El piloto que marque la vuelta m\u00e1s r\u00e1pida durante la carrera.<\/td><\/tr><tr><td>\u274c Abandono (DNF)<\/td><td>El piloto que no termine la carrera por accidente o falla t\u00e9cnica.<\/td><\/tr><tr><td>\ud83e\udd1c\ud83e\udd1b H2H (piloto vs. piloto)<\/td><td>Duelo directo entre dos pilotos para ver qui\u00e9n rinde mejor en la carrera.<\/td><\/tr><tr><td>\ud83d\udea8 Coche de seguridad<\/td><td>Predicci\u00f3n de si habr\u00e1 y cu\u00e1ntas veces saldr\u00e1 el coche de seguridad durante la carrera.<\/td><\/tr><tr><td>\ud83e\udd49Podio<\/td><td>Los tres pilotos que quedan en las primeras posiciones al final.<\/td><\/tr><tr><td>\ud83c\udfce\ufe0f Escuder\u00eda ganadora<\/td><td>El equipo que gane la carrera, sumando los puntos de sus dos pilotos.<\/td><\/tr><tr><td>\ud83d\udd1f Final por puntos<\/td><td>Piloto que termine dentro del top 10, que son los que suman puntos.<\/td><\/tr><tr><td>\u2197\ufe0f Adelantamiento<\/td><td>Qui\u00e9n har\u00e1 un adelantamiento espec\u00edfico durante la carrera.<\/td><\/tr><tr><td>\u26a0\ufe0f Penalizaci\u00f3n<\/td><td>Si un piloto recibir\u00e1 una sanci\u00f3n durante la carrera.<\/td><\/tr><\/tbody><\/table><\/figure>\n\n\n\n<p><em>\ud83d\udccc Estos mercados te ayudan a diversificar tus apuestas y a sacarle jugo a cada Gran Premio.<\/em><\/p>\n\n\n\n<h2 class=\"wp-block-heading\"><span class=\"ez-toc-section\" id=\"promos-y-bonos-que-no-te-puedes-perder-en-f1\"><\/span>Promos y bonos que no te puedes perder en F1<span class=\"ez-toc-section-end\"><\/span><\/h2>\n\n\n\n<p>Las casas de apuestas en Ecuador suelen lanzar ofertas especiales para las carreras m\u00e1s importantes:<\/p>\n\n\n\n<p>\ud83c\udf81Bonos para los nuevos que se registran.<\/p>\n\n\n\n<p>\ud83d\udd1dCuotas mejoradas en apuestas seleccionadas.<\/p>\n\n\n\n<p>\ud83d\udcb8Devoluci\u00f3n si tu piloto favorito abandona temprano.<\/p>\n\n\n\n<p>\ud83d\uded1Promos exclusivas para apuestas en vivo durante la carrera.<\/p>\n\n\n\n<p><em>\ud83d\udccc Aprovechar estas promos puede ser la diferencia entre una apuesta cualquiera y una jugada ganadora.<\/em><\/p>\n\n\n\n<h2 class=\"wp-block-heading\"><span class=\"ez-toc-section\" id=\"estrategias-para-apostar-con-cabeza-fria\"><\/span>Estrategias para apostar con cabeza fr\u00eda<span class=\"ez-toc-section-end\"><\/span><\/h2>\n\n\n\n<figure class=\"wp-block-image size-large\"><img loading=\"lazy\" decoding=\"async\" width=\"1024\" height=\"682\" src=\"https:\/\/oddsium.com\/ec\/wp-content\/uploads\/sites\/15\/2025\/09\/ferrari-en-carrera-de-formula-1-1024x682.jpg\" alt=\"\" class=\"wp-image-478\" srcset=\"https:\/\/oddsium.com\/ec\/wp-content\/uploads\/sites\/15\/2025\/09\/ferrari-en-carrera-de-formula-1-1024x682.jpg 1024w, https:\/\/oddsium.com\/ec\/wp-content\/uploads\/sites\/15\/2025\/09\/ferrari-en-carrera-de-formula-1-300x200.jpg 300w, https:\/\/oddsium.com\/ec\/wp-content\/uploads\/sites\/15\/2025\/09\/ferrari-en-carrera-de-formula-1-768x512.jpg 768w, https:\/\/oddsium.com\/ec\/wp-content\/uploads\/sites\/15\/2025\/09\/ferrari-en-carrera-de-formula-1.jpg 1280w\" sizes=\"auto, (max-width: 1024px) 100vw, 1024px\" \/><\/figure>\n\n\n\n<ul class=\"wp-block-list\">\n<li>Estudia c\u00f3mo les va a los pilotos en cada circuito, porque algunos se lucen m\u00e1s en ciertas pistas.<\/li>\n\n\n\n<li>Chequea el pron\u00f3stico del clima, que la lluvia o el calor pueden cambiar la carrera en un pesta\u00f1azo.<\/li>\n\n\n\n<li>F\u00edjate en las mejoras t\u00e9cnicas de los carros, que un carro con cositas nuevas puede dejar atr\u00e1s a los dem\u00e1s.<\/li>\n\n\n\n<li>Analiza las estrategias de las llantas, que las paradas y cambios pueden definir la carrera.<\/li>\n\n\n\n<li>Usa funciones como el cashout para asegurar ganancias o evitar p\u00e9rdidas grandes.<\/li>\n<\/ul>\n\n\n\n<h2 class=\"wp-block-heading\"><span class=\"ez-toc-section\" id=\"oddsium-tu-mejor-aliado-para-apostar-mejor-en-formula-1\"><\/span>Oddsium: tu mejor aliado para apostar mejor en F\u00f3rmula 1<span class=\"ez-toc-section-end\"><\/span><\/h2>\n\n\n\n<p>Oddsium es la herramienta que todo apostador ecuatoriano debe tener. Esta te ayuda a:&nbsp;<\/p>\n\n\n\n<p>\ud83d\udcc8Comparar cuotas en tiempo real entre las mejores casas de apuestas, para que siempre ganes m\u00e1s.<\/p>\n\n\n\n<p>\ud83d\udccb Acceder a estad\u00edsticas detalladas y <a href=\"https:\/\/oddsium.com\/ec\/betting-predictions\/\" title=\"\">predicciones de apuestas<\/a>, porque la informaci\u00f3n es poder.<\/p>\n\n\n\n<p>\ud83d\udd14 Te avisa de las promos exclusivas para cada Gran Premio, para que no te pierdas ninguna.<\/p>\n\n\n\n<p>Con Oddsium, tus apuestas dejan de ser corazonadas y se vuelven jugadas con cabeza y m\u00e1s chance de ganar.<\/p>\n\n\n\n<h2 class=\"wp-block-heading\"><span class=\"ez-toc-section\" id=\"en-conclusion\"><\/span>En conclusi\u00f3n<span class=\"ez-toc-section-end\"><\/span><\/h2>\n\n\n\n<p>Las apuestas en F\u00f3rmula 1 en Ecuador est\u00e1n prendiendo a full gracias a la pasi\u00f3n que le mete la gente y a las opciones legales que hay para jugar tranquilo. Con pilotos de primera, carreras que prenden la mecha y un mont\u00f3n de mercados para elegir, este deporte es la combinaci\u00f3n perfecta entre adrenalina y an\u00e1lisis. Aprovecha herramientas como Oddsium, pilas con cada carrera y as\u00ed vas con toda la confianza para ganar esa plata.<\/p>\n\n\n\n<p>Si eres nuevo en esto, esta <a href=\"https:\/\/oddsium.com\/ec\/guides\/guia-de-apuestas-de-f1-para-principiantes-todo-lo-que-debes-saber\/\" title=\"\">Gu\u00eda de apuestas de F1 para principiantes<\/a> que ofrece Oddsium es justo lo que necesitas. Te ayudar\u00e1 a entender los diferentes mercados y a aumentar tus probabilidades de \u00e9xito con estrategias basadas en datos actualizados.<\/p>\n","protected":false},"excerpt":{"rendered":"<p>La F\u00f3rmula 1 no solo prende a los fan\u00e1ticos del automovilismo, sino tambi\u00e9n a los que les gusta meterle ficha a las apuestas deportivas. Pilotos como Verstappen, Hamilton, Leclerc y Alonso tienen su combo de seguidores, y escuder\u00edas legendarias como Red Bull, Ferrari y Mercedes se la juegan en un show donde la adrenalina se [&hellip;]<\/p>\n","protected":false},"author":8,"featured_media":0,"parent":88,"menu_order":0,"comment_status":"closed","ping_status":"closed","template":"sports.php","meta":{"_acf_changed":false,"om_disable_all_campaigns":false,"footnotes":""},"class_list":["post-216","page","type-page","status-publish","hentry"],"acf":[],"aioseo_notices":[],"_links":{"self":[{"href":"https:\/\/oddsium.com\/ec\/wp-json\/wp\/v2\/pages\/216","targetHints":{"allow":["GET"]}}],"collection":[{"href":"https:\/\/oddsium.com\/ec\/wp-json\/wp\/v2\/pages"}],"about":[{"href":"https:\/\/oddsium.com\/ec\/wp-json\/wp\/v2\/types\/page"}],"author":[{"embeddable":true,"href":"https:\/\/oddsium.com\/ec\/wp-json\/wp\/v2\/users\/8"}],"replies":[{"embeddable":true,"href":"https:\/\/oddsium.com\/ec\/wp-json\/wp\/v2\/comments?post=216"}],"version-history":[{"count":0,"href":"https:\/\/oddsium.com\/ec\/wp-json\/wp\/v2\/pages\/216\/revisions"}],"up":[{"embeddable":true,"href":"https:\/\/oddsium.com\/ec\/wp-json\/wp\/v2\/pages\/88"}],"wp:attachment":[{"href":"https:\/\/oddsium.com\/ec\/wp-json\/wp\/v2\/media?parent=216"}],"curies":[{"name":"wp","href":"https:\/\/api.w.org\/{rel}","templated":true}]}}