{"id":223,"date":"2025-05-22T08:31:50","date_gmt":"2025-05-22T08:31:50","guid":{"rendered":"https:\/\/oddsium.wpenginepowered.com\/ec\/?page_id=223"},"modified":"2025-08-11T01:55:50","modified_gmt":"2025-08-11T01:55:50","slug":"mejores-sitios-de-apuestas-con-streaming-en-vivo","status":"publish","type":"page","link":"https:\/\/oddsium.com\/ec\/betting\/mejores-sitios-de-apuestas-con-streaming-en-vivo\/","title":{"rendered":"Mejores sitios de apuestas con streaming en vivo"},"content":{"rendered":"\n<p>Apostar en l\u00ednea se ha vuelto mucho m\u00e1s emocionante con la llegada del streaming en vivo. Ahora puedes ver el partido en tiempo real mientras haces tu apuesta. Sin duda, esto a\u00f1ade un toque especial a la experiencia. En Ecuador, varias casas ya ofrecen este servicio para que no te pierdas ni un gol ni una jugada de \u00faltimo minuto. Pero ojo, no todas las plataformas funcionan igual, por eso aqu\u00ed te ayudamos a apostar donde realmente vale la pena.<\/p>\n\n\n\n<p>En esta gu\u00eda de Oddsium, te vamos a contar cu\u00e1les son las mejores casas de apuestas con streaming en vivo en Ecuador. Te diremos las ventajas y cu\u00e1les est\u00e1n de poca para que disfrutes tus apuestas al m\u00e1ximo.<\/p>\n\n\n\n<div id=\"ez-toc-container\" class=\"ez-toc-v2_0_81 counter-hierarchy ez-toc-counter ez-toc-grey ez-toc-container-direction\">\n<div class=\"ez-toc-title-container\">\n<p class=\"ez-toc-title\" style=\"cursor:inherit\">Table of Contents<\/p>\n<span class=\"ez-toc-title-toggle\"><a href=\"#\" class=\"ez-toc-pull-right ez-toc-btn ez-toc-btn-xs ez-toc-btn-default ez-toc-toggle\" aria-label=\"Toggle Table of Content\"><span class=\"ez-toc-js-icon-con\"><span class=\"\"><span class=\"eztoc-hide\" style=\"display:none;\">Toggle<\/span><span class=\"ez-toc-icon-toggle-span\"><svg style=\"fill: #999;color:#999\" xmlns=\"http:\/\/www.w3.org\/2000\/svg\" class=\"list-377408\" width=\"20px\" height=\"20px\" viewBox=\"0 0 24 24\" fill=\"none\"><path d=\"M6 6H4v2h2V6zm14 0H8v2h12V6zM4 11h2v2H4v-2zm16 0H8v2h12v-2zM4 16h2v2H4v-2zm16 0H8v2h12v-2z\" fill=\"currentColor\"><\/path><\/svg><svg style=\"fill: #999;color:#999\" class=\"arrow-unsorted-368013\" xmlns=\"http:\/\/www.w3.org\/2000\/svg\" width=\"10px\" height=\"10px\" viewBox=\"0 0 24 24\" version=\"1.2\" baseProfile=\"tiny\"><path d=\"M18.2 9.3l-6.2-6.3-6.2 6.3c-.2.2-.3.4-.3.7s.1.5.3.7c.2.2.4.3.7.3h11c.3 0 .5-.1.7-.3.2-.2.3-.5.3-.7s-.1-.5-.3-.7zM5.8 14.7l6.2 6.3 6.2-6.3c.2-.2.3-.5.3-.7s-.1-.5-.3-.7c-.2-.2-.4-.3-.7-.3h-11c-.3 0-.5.1-.7.3-.2.2-.3.5-.3.7s.1.5.3.7z\"\/><\/svg><\/span><\/span><\/span><\/a><\/span><\/div>\n<nav><ul class='ez-toc-list ez-toc-list-level-1 ' ><li class='ez-toc-page-1 ez-toc-heading-level-2'><a class=\"ez-toc-link ez-toc-heading-1\" href=\"https:\/\/oddsium.com\/ec\/betting\/mejores-sitios-de-apuestas-con-streaming-en-vivo\/#top-4-mejores-casas-de-apuestas-con-streaming-en-vivo-en-ecuador\" >Top 4: Mejores casas de apuestas con streaming en vivo en Ecuador<\/a><\/li><li class='ez-toc-page-1 ez-toc-heading-level-2'><a class=\"ez-toc-link ez-toc-heading-2\" href=\"https:\/\/oddsium.com\/ec\/betting\/mejores-sitios-de-apuestas-con-streaming-en-vivo\/#datos-a-considerar-sobre-el-streaming-en-vivo-en-casas-de-apuestas\" >Datos a considerar sobre el streaming en vivo en casas de apuestas<\/a><\/li><li class='ez-toc-page-1 ez-toc-heading-level-2'><a class=\"ez-toc-link ez-toc-heading-3\" href=\"https:\/\/oddsium.com\/ec\/betting\/mejores-sitios-de-apuestas-con-streaming-en-vivo\/#oddsium-tu-aliado-en-recomendaciones-de-streaming-en-vivo\" >Oddsium: tu aliado en recomendaciones de streaming en vivo<\/a><\/li><li class='ez-toc-page-1 ez-toc-heading-level-2'><a class=\"ez-toc-link ez-toc-heading-4\" href=\"https:\/\/oddsium.com\/ec\/betting\/mejores-sitios-de-apuestas-con-streaming-en-vivo\/#conclusion-%c2%a1disfruta-tus-apuestas-con-streaming-en-la-mejor-resolucion\" >Conclusi\u00f3n: \u00a1Disfruta tus apuestas con streaming en la mejor resoluci\u00f3n!<\/a><\/li><\/ul><\/nav><\/div>\n<h2 class=\"wp-block-heading\"><span class=\"ez-toc-section\" id=\"top-4-mejores-casas-de-apuestas-con-streaming-en-vivo-en-ecuador\"><\/span>Top 4: Mejores casas de apuestas con streaming en vivo en Ecuador<span class=\"ez-toc-section-end\"><\/span><\/h2>\n\n\n\n<p>Para los apostadores ecuatorianos, ver los partidos en vivo mientras se apuesta es la nueva vuelta. Sin duda, la adrenalina se siente a tope, adem\u00e1s de que puedes meter plata al instante. Por eso, la mayor\u00eda de los sitios de apuestas ya traen streaming de los eventos deportivos m\u00e1s populares. Aqu\u00ed te van las mejores opciones para que no te quedes fuera de la jugada:<\/p>\n\n\n\n<figure class=\"wp-block-table\"><table class=\"has-fixed-layout\"><tbody><tr><td><strong>Casa de Apuestas<\/strong><\/td><td><strong>Streaming en Vivo<\/strong><\/td><td><strong>Detalles clave<\/strong><\/td><\/tr><tr><td>Sportbet<\/td><td>S\u00ed<\/td><td>Plataforma con streaming para eventos nacionales e internacionales, app m\u00f3vil activa y soporte en espa\u00f1ol.<\/td><\/tr><tr><td>Betano<\/td><td>S\u00ed<\/td><td>Streaming disponible para varios deportes, app m\u00f3vil estable y promociones exclusivas para usuarios ecuatorianos.<\/td><\/tr><tr><td>Novibet<\/td><td>S\u00ed<\/td><td>Ofrece streaming en eventos internacionales y algunos locales, app m\u00f3vil optimizada y soporte en espa\u00f1ol.<\/td><\/tr><tr><td>Forbet<\/td><td>S\u00ed<\/td><td>Cuenta con app m\u00f3vil para Android e iOS, ofrece streaming en alta calidad, apuestas en vivo y gesti\u00f3n completa de cuenta.<\/td><\/tr><\/tbody><\/table><\/figure>\n\n\n\n<h2 class=\"wp-block-heading\"><span class=\"ez-toc-section\" id=\"datos-a-considerar-sobre-el-streaming-en-vivo-en-casas-de-apuestas\"><\/span>Datos a considerar sobre el streaming en vivo en casas de apuestas<span class=\"ez-toc-section-end\"><\/span><\/h2>\n\n\n\n<p>Algunos sitios de apuestas piden registro obligatorio para poder acceder al streaming en directo. Otros tambi\u00e9n exigen que tengas saldo en tu cuenta o que hayas hecho una apuesta reciente para disfrutar del servicio. Esto es para asegurar que el streaming sea para usuarios activos y no solo para curiosos.<\/p>\n\n\n\n<h2 class=\"wp-block-heading\"><span class=\"ez-toc-section\" id=\"oddsium-tu-aliado-en-recomendaciones-de-streaming-en-vivo\"><\/span>Oddsium: tu aliado en recomendaciones de streaming en vivo<span class=\"ez-toc-section-end\"><\/span><\/h2>\n\n\n\n<p>Oddsium es una plataforma de comparaci\u00f3n de apuestas integral que te ofrece m\u00faltiples beneficios, entre ellos est\u00e1n:&nbsp;<\/p>\n\n\n\n<p>\u26a1<strong>An\u00e1lisis cr\u00edtico y transparente<\/strong>: funciones clave, cuotas competitivas, actualizaciones en tiempo real y herramientas interactivas que le ponen toda la energ\u00eda a tus apuestas.<br>\ud83c\udfaf<strong>Promociones exclusivas<\/strong>: mejores bonos, ofertas y promociones especiales para apuestas en vivo, para que le saques el m\u00e1ximo provecho a tu plata.<br><strong>\ud83d\udccaInformaci\u00f3n completa y actualizada: <\/strong>te damos la <a href=\"https:\/\/oddsium.com\/ec\/odds\/\" title=\"\">mejor comparaci\u00f3n de cuotas en Ecuador<\/a>, mercados, estad\u00edsticas y tendencias para que tomes decisiones acertadas.<\/p>\n\n\n\n<h2 class=\"wp-block-heading\"><span class=\"ez-toc-section\" id=\"conclusion-%c2%a1disfruta-tus-apuestas-con-streaming-en-la-mejor-resolucion\"><\/span>Conclusi\u00f3n: \u00a1Disfruta tus apuestas con streaming en la mejor resoluci\u00f3n!<span class=\"ez-toc-section-end\"><\/span><\/h2>\n\n\n\n<p>En Oddsium, tu satisfacci\u00f3n es lo primero. Por eso, te guiamos hacia plataformas que combinan tecnolog\u00eda de punta, variedad para todos los gustos y un soporte que responde al instante. Apostar viendo el streaming en vivo es la mejor forma de vivir el deporte en Ecuador, sintiendo toda la emoci\u00f3n como si estuvieras en la cancha.&nbsp;<\/p>\n\n\n\n<p>Te ayudamos a elegir el sitio de apuestas ideal para que disfrutes de cada jugada a tope, sin perderte ni un segundo. Y ojo, no se te olvide aprovechar nuestros <a href=\"https:\/\/oddsium.com\/ec\/betting-predictions\/\" title=\"\">pr\u00f3nosticos de apuestas <\/a>para que le saques todo el jugo a tu plata.<\/p>\n","protected":false},"excerpt":{"rendered":"<p>Apostar en l\u00ednea se ha vuelto mucho m\u00e1s emocionante con la llegada del streaming en vivo. Ahora puedes ver el partido en tiempo real mientras haces tu apuesta. Sin duda, esto a\u00f1ade un toque especial a la experiencia. En Ecuador, varias casas ya ofrecen este servicio para que no te pierdas ni un gol ni [&hellip;]<\/p>\n","protected":false},"author":3,"featured_media":0,"parent":89,"menu_order":0,"comment_status":"closed","ping_status":"closed","template":"betting.php","meta":{"_acf_changed":false,"om_disable_all_campaigns":false,"footnotes":""},"class_list":["post-223","page","type-page","status-publish","hentry"],"acf":[],"aioseo_notices":[],"_links":{"self":[{"href":"https:\/\/oddsium.com\/ec\/wp-json\/wp\/v2\/pages\/223","targetHints":{"allow":["GET"]}}],"collection":[{"href":"https:\/\/oddsium.com\/ec\/wp-json\/wp\/v2\/pages"}],"about":[{"href":"https:\/\/oddsium.com\/ec\/wp-json\/wp\/v2\/types\/page"}],"author":[{"embeddable":true,"href":"https:\/\/oddsium.com\/ec\/wp-json\/wp\/v2\/users\/3"}],"replies":[{"embeddable":true,"href":"https:\/\/oddsium.com\/ec\/wp-json\/wp\/v2\/comments?post=223"}],"version-history":[{"count":0,"href":"https:\/\/oddsium.com\/ec\/wp-json\/wp\/v2\/pages\/223\/revisions"}],"up":[{"embeddable":true,"href":"https:\/\/oddsium.com\/ec\/wp-json\/wp\/v2\/pages\/89"}],"wp:attachment":[{"href":"https:\/\/oddsium.com\/ec\/wp-json\/wp\/v2\/media?parent=223"}],"curies":[{"name":"wp","href":"https:\/\/api.w.org\/{rel}","templated":true}]}}