{"id":224,"date":"2025-05-22T08:32:17","date_gmt":"2025-05-22T08:32:17","guid":{"rendered":"https:\/\/oddsium.wpenginepowered.com\/ec\/?page_id=224"},"modified":"2025-08-11T01:42:44","modified_gmt":"2025-08-11T01:42:44","slug":"mejores-sitios-de-apuestas-con-cashout-en-ecuador","status":"publish","type":"page","link":"https:\/\/oddsium.com\/ec\/betting\/mejores-sitios-de-apuestas-con-cashout-en-ecuador\/","title":{"rendered":"Mejores sitios de apuestas con cashout en Ecuador"},"content":{"rendered":"\n<p>Todos sabemos que lo m\u00e1s importante de los sitios de apuestas es que tengan funciones que realmente valgan la pena. El cashout es una de estas, pues te permite recuperar parte de tu plata antes de que termine el evento. Esto, obvio, te da m\u00e1s control sobre tu dinero, ya sea para asegurar ganancias o para no quedarte en ceros.<\/p>\n\n\n\n<p>Por eso, en esta gu\u00eda de Oddsium te mostramos los mejores sitios de apuestas en Ecuador que tienen esta opci\u00f3n.  As\u00ed podr\u00e1s cerrar tus apuestas en el momento justo o aminorar las p\u00e9rdidas.<\/p>\n\n\n\n<div id=\"ez-toc-container\" class=\"ez-toc-v2_0_81 counter-hierarchy ez-toc-counter ez-toc-grey ez-toc-container-direction\">\n<div class=\"ez-toc-title-container\">\n<p class=\"ez-toc-title\" style=\"cursor:inherit\">Table of Contents<\/p>\n<span class=\"ez-toc-title-toggle\"><a href=\"#\" class=\"ez-toc-pull-right ez-toc-btn ez-toc-btn-xs ez-toc-btn-default ez-toc-toggle\" aria-label=\"Toggle Table of Content\"><span class=\"ez-toc-js-icon-con\"><span class=\"\"><span class=\"eztoc-hide\" style=\"display:none;\">Toggle<\/span><span class=\"ez-toc-icon-toggle-span\"><svg style=\"fill: #999;color:#999\" xmlns=\"http:\/\/www.w3.org\/2000\/svg\" class=\"list-377408\" width=\"20px\" height=\"20px\" viewBox=\"0 0 24 24\" fill=\"none\"><path d=\"M6 6H4v2h2V6zm14 0H8v2h12V6zM4 11h2v2H4v-2zm16 0H8v2h12v-2zM4 16h2v2H4v-2zm16 0H8v2h12v-2z\" fill=\"currentColor\"><\/path><\/svg><svg style=\"fill: #999;color:#999\" class=\"arrow-unsorted-368013\" xmlns=\"http:\/\/www.w3.org\/2000\/svg\" width=\"10px\" height=\"10px\" viewBox=\"0 0 24 24\" version=\"1.2\" baseProfile=\"tiny\"><path d=\"M18.2 9.3l-6.2-6.3-6.2 6.3c-.2.2-.3.4-.3.7s.1.5.3.7c.2.2.4.3.7.3h11c.3 0 .5-.1.7-.3.2-.2.3-.5.3-.7s-.1-.5-.3-.7zM5.8 14.7l6.2 6.3 6.2-6.3c.2-.2.3-.5.3-.7s-.1-.5-.3-.7c-.2-.2-.4-.3-.7-.3h-11c-.3 0-.5.1-.7.3-.2.2-.3.5-.3.7s.1.5.3.7z\"\/><\/svg><\/span><\/span><\/span><\/a><\/span><\/div>\n<nav><ul class='ez-toc-list ez-toc-list-level-1 ' ><li class='ez-toc-page-1 ez-toc-heading-level-2'><a class=\"ez-toc-link ez-toc-heading-1\" href=\"https:\/\/oddsium.com\/ec\/betting\/mejores-sitios-de-apuestas-con-cashout-en-ecuador\/#%c2%bfque-es-el-cashout\" >\u00bfQu\u00e9 es el cashout?<\/a><\/li><li class='ez-toc-page-1 ez-toc-heading-level-2'><a class=\"ez-toc-link ez-toc-heading-2\" href=\"https:\/\/oddsium.com\/ec\/betting\/mejores-sitios-de-apuestas-con-cashout-en-ecuador\/#%c2%bfpor-que-elegir-sitios-de-apuestas-con-cashout\" >\u00bfPor qu\u00e9 elegir sitios de apuestas con cashout?<\/a><\/li><li class='ez-toc-page-1 ez-toc-heading-level-2'><a class=\"ez-toc-link ez-toc-heading-3\" href=\"https:\/\/oddsium.com\/ec\/betting\/mejores-sitios-de-apuestas-con-cashout-en-ecuador\/#estos-son-los-sitios-de-apuestas-con-cashout-en-ecuador\" >Estos son los sitios de apuestas con cashout en Ecuador<\/a><ul class='ez-toc-list-level-3' ><li class='ez-toc-heading-level-3'><a class=\"ez-toc-link ez-toc-heading-4\" href=\"https:\/\/oddsium.com\/ec\/betting\/mejores-sitios-de-apuestas-con-cashout-en-ecuador\/#%e2%9c%85-novibet\" >\u2705 Novibet<\/a><\/li><li class='ez-toc-page-1 ez-toc-heading-level-3'><a class=\"ez-toc-link ez-toc-heading-5\" href=\"https:\/\/oddsium.com\/ec\/betting\/mejores-sitios-de-apuestas-con-cashout-en-ecuador\/#%e2%9c%85-betano\" >\u2705 Betano<\/a><\/li><li class='ez-toc-page-1 ez-toc-heading-level-3'><a class=\"ez-toc-link ez-toc-heading-6\" href=\"https:\/\/oddsium.com\/ec\/betting\/mejores-sitios-de-apuestas-con-cashout-en-ecuador\/#%e2%9c%85-betcore-ec\" >\u2705 Betcore EC<\/a><\/li><li class='ez-toc-page-1 ez-toc-heading-level-3'><a class=\"ez-toc-link ez-toc-heading-7\" href=\"https:\/\/oddsium.com\/ec\/betting\/mejores-sitios-de-apuestas-con-cashout-en-ecuador\/#%e2%9c%85-sportbet\" >\u2705 Sportbet<\/a><\/li><\/ul><\/li><li class='ez-toc-page-1 ez-toc-heading-level-2'><a class=\"ez-toc-link ez-toc-heading-8\" href=\"https:\/\/oddsium.com\/ec\/betting\/mejores-sitios-de-apuestas-con-cashout-en-ecuador\/#%f0%9f%8e%afcomo-te-ayudamos-en-oddsium-con-el-cashout\" >\ud83c\udfafC\u00f3mo te ayudamos en Oddsium con el cashout<\/a><\/li><li class='ez-toc-page-1 ez-toc-heading-level-2'><a class=\"ez-toc-link ez-toc-heading-9\" href=\"https:\/\/oddsium.com\/ec\/betting\/mejores-sitios-de-apuestas-con-cashout-en-ecuador\/#conclusion-apuesta-con-confianza-gracias-al-cashout\" >Conclusi\u00f3n: apuesta con confianza gracias al cashout<\/a><\/li><\/ul><\/nav><\/div>\n<h2 class=\"wp-block-heading\"><span class=\"ez-toc-section\" id=\"%c2%bfque-es-el-cashout\"><\/span>\u00bfQu\u00e9 es el cashout?<span class=\"ez-toc-section-end\"><\/span><\/h2>\n\n\n\n<p>El cashout o retiro, es la opci\u00f3n que te dan algunas casas para cerrar una apuesta antes de que acabe el juego. Esto est\u00e1 bien ch\u00e9vere, sobre todo si est\u00e1s empezando en el rollo de las apuestas.<\/p>\n\n\n\n<p>Es como una chance que te da la casa de apuestas para que puedas sacar tu plata y seguir jugando. El retiro puede ser total o fraccionado. Lo mejor de todo, es que no tienes que esperar hasta el final para saber si ganaste o no. Por ejemplo, si ves que tu equipo va ganando y no quieres arriesgarte a que le den la vuelta, puedes cerrar la apuesta y cobrar.<\/p>\n\n\n\n<p>Pero tambi\u00e9n sirve cuando la cosa no pinta bien: puedes recuperar algo de tu plata para no quedarte sin nada. En resumen, es como un seguro para tu jugada.<\/p>\n\n\n\n<h2 class=\"wp-block-heading\"><span class=\"ez-toc-section\" id=\"%c2%bfpor-que-elegir-sitios-de-apuestas-con-cashout\"><\/span>\u00bfPor qu\u00e9 elegir sitios de apuestas con cashout?<span class=\"ez-toc-section-end\"><\/span><\/h2>\n\n\n\n<p>Elegir casas de apuestas con cashout es clave para apostar con m\u00e1s seguridad. Aqu\u00ed te decimos por qu\u00e9 esta funci\u00f3n deber\u00eda ser prioridad:<\/p>\n\n\n\n<p>\u2714\ufe0fTe da m\u00e1s control sobre lo que ganas o pierdes, pero sobre todo para evitar p\u00e9rdidas fuertes.<br>\u2714\ufe0fPuedes recuperar tu plata sin rollos ni tr\u00e1mites complicados.<br>\u2714\ufe0fTe da la confianza de estar en una casa seria y profesional.<br>\u2714\ufe0fLas casas que tienen esta funci\u00f3n muestran transparencia y compromiso con sus usuarios.<br>\u2714\ufe0fLa experiencia de apostar es m\u00e1s completa y confiable.<\/p>\n\n\n\n<h2 class=\"wp-block-heading\"><span class=\"ez-toc-section\" id=\"estos-son-los-sitios-de-apuestas-con-cashout-en-ecuador\"><\/span>Estos son los sitios de apuestas con cashout en Ecuador<span class=\"ez-toc-section-end\"><\/span><\/h2>\n\n\n\n<p>Si eres de los que quieren tener el control total de sus apuestas, tranquilo, no eres el \u00fanico. Aqu\u00ed te dejamos algunas casas de apuestas con licencia oficial (LOPD) para operar en Ecuador. Estas ofrecen cashout para que cierres tus apuestas cuando quieras.<\/p>\n\n\n\n<h3 class=\"wp-block-heading\"><span class=\"ez-toc-section\" id=\"%e2%9c%85-novibet\"><\/span>\u2705 Novibet<span class=\"ez-toc-section-end\"><\/span><\/h3>\n\n\n\n<p>Novibet opera legalmente en Ecuador con la licencia (LOPD). Su plataforma es bastante completa, ofreciendo una amplia gama de deportes y mercados para apostar. Lo que la hace destacar es su funci\u00f3n de cashout, que te permite cerrar tus apuestas antes de que termine el evento. Adem\u00e1s, cuenta con promociones atractivas y una app m\u00f3vil disponible para que apuestes desde donde est\u00e9s.&nbsp;<\/p>\n\n\n\n<h3 class=\"wp-block-heading\"><span class=\"ez-toc-section\" id=\"%e2%9c%85-betano\"><\/span>\u2705 Betano<span class=\"ez-toc-section-end\"><\/span><\/h3>\n\n\n\n<p>Betano es otra de las casas de apuestas m\u00e1s conocidas con licencia (LOPD) para Ecuador. Esta plataforma internacionalmente reconocida ofrece una experiencia de apuestas s\u00f3lida, con una interfaz amigable y una amplia variedad de deportes. Su funci\u00f3n de cashout est\u00e1 disponible para m\u00faltiples eventos, permiti\u00e9ndote cerrar tus apuestas en vivo y manejar mejor tu plata. Cuenta con promociones exclusivas y m\u00e9todos de pago seguros, adaptados a Ecuador. Es una opci\u00f3n atractiva para apostadores que buscan confianza y variedad.<\/p>\n\n\n\n<h3 class=\"wp-block-heading\"><span class=\"ez-toc-section\" id=\"%e2%9c%85-betcore-ec\"><\/span>\u2705 Betcore EC<span class=\"ez-toc-section-end\"><\/span><\/h3>\n\n\n\n<p>Betcore EC es una plataforma ecuatoriana que cuenta con licencia (LOPD) est\u00e1 muy enfocada en el mercado local. Ofrece cashout en varios eventos deportivos, especialmente en competencias nacionales, lo que la hace ideal para quienes siguen de cerca la Liga Pro y otros torneos ecuatorianos. Adem\u00e1s, Betcore EC presenta una amplia variedad de deportes y mercados para apostar, con m\u00e9todos de pago adaptados a las necesidades locales. Su compromiso con la legalidad y la seguridad brinda tranquilidad a los usuarios.<\/p>\n\n\n\n<h3 class=\"wp-block-heading\"><span class=\"ez-toc-section\" id=\"%e2%9c%85-sportbet\"><\/span>\u2705 Sportbet<span class=\"ez-toc-section-end\"><\/span><\/h3>\n\n\n\n<p>Sportbet es otra casa con esta licencia vigente en Ecuador. Ofrece una plataforma moderna y funcional. Destaca por su funci\u00f3n de cashout disponible para una amplia cobertura de deportes. As\u00ed que, permite cerrar sus jugadas en el momento que se considere m\u00e1s conveniente. Sportbet tambi\u00e9n ofrece promociones exclusivas para usuarios ecuatorianos y m\u00e9todos de pago adaptados al mercado nacional.&nbsp;<\/p>\n\n\n\n<h2 class=\"wp-block-heading\"><span class=\"ez-toc-section\" id=\"%f0%9f%8e%afcomo-te-ayudamos-en-oddsium-con-el-cashout\"><\/span>\ud83c\udfafC\u00f3mo te ayudamos en Oddsium con el cashout<span class=\"ez-toc-section-end\"><\/span><\/h2>\n\n\n\n<p>En Oddsium, te damos la mano con consejos frescos y al d\u00eda para que le saques todo el jugo al cashout en tus apuestas. Tambi\u00e9n te soltamos gu\u00edas f\u00e1ciles de entender, <a href=\"https:\/\/oddsium.com\/ec\/betting-predictions\/\" title=\"\">predicciones de apuestas<\/a>, cuotas siempre actualizadas y comparaciones de los mejores sitios de apuestas en Ecuador. Todo para que elijas la que m\u00e1s te cuadre y te ayude a ganar.<\/p>\n\n\n\n<h2 class=\"wp-block-heading\"><span class=\"ez-toc-section\" id=\"conclusion-apuesta-con-confianza-gracias-al-cashout\"><\/span>Conclusi\u00f3n: apuesta con confianza gracias al cashout<span class=\"ez-toc-section-end\"><\/span><\/h2>\n\n\n\n<p>Las casas de apuestas en Ecuador que tienen cashout dan el chance de cuidar la plata y manejar mejor el billete. Plataformas como las que hemos mencionado antes tienen esta funci\u00f3n que no solo hace que la experiencia de apostar sea mucho m\u00e1s bac\u00e1n, sino que tambi\u00e9n genera confianza, transparencia y legalidad.<\/p>\n\n\n\n<p>En Oddsium, te echamos la mano para que uses el cashout pilas, sin perder ni un dolar. Por lo que, podr\u00e1s jugar con cabeza, sin importar en qu\u00e9 rinc\u00f3n del pa\u00eds est\u00e9s.<\/p>\n","protected":false},"excerpt":{"rendered":"<p>Todos sabemos que lo m\u00e1s importante de los sitios de apuestas es que tengan funciones que realmente valgan la pena. El cashout es una de estas, pues te permite recuperar parte de tu plata antes de que termine el evento. Esto, obvio, te da m\u00e1s control sobre tu dinero, ya sea para asegurar ganancias o [&hellip;]<\/p>\n","protected":false},"author":3,"featured_media":0,"parent":89,"menu_order":0,"comment_status":"closed","ping_status":"closed","template":"betting.php","meta":{"_acf_changed":false,"om_disable_all_campaigns":false,"footnotes":""},"class_list":["post-224","page","type-page","status-publish","hentry"],"acf":[],"aioseo_notices":[],"_links":{"self":[{"href":"https:\/\/oddsium.com\/ec\/wp-json\/wp\/v2\/pages\/224","targetHints":{"allow":["GET"]}}],"collection":[{"href":"https:\/\/oddsium.com\/ec\/wp-json\/wp\/v2\/pages"}],"about":[{"href":"https:\/\/oddsium.com\/ec\/wp-json\/wp\/v2\/types\/page"}],"author":[{"embeddable":true,"href":"https:\/\/oddsium.com\/ec\/wp-json\/wp\/v2\/users\/3"}],"replies":[{"embeddable":true,"href":"https:\/\/oddsium.com\/ec\/wp-json\/wp\/v2\/comments?post=224"}],"version-history":[{"count":0,"href":"https:\/\/oddsium.com\/ec\/wp-json\/wp\/v2\/pages\/224\/revisions"}],"up":[{"embeddable":true,"href":"https:\/\/oddsium.com\/ec\/wp-json\/wp\/v2\/pages\/89"}],"wp:attachment":[{"href":"https:\/\/oddsium.com\/ec\/wp-json\/wp\/v2\/media?parent=224"}],"curies":[{"name":"wp","href":"https:\/\/api.w.org\/{rel}","templated":true}]}}