{"id":225,"date":"2025-05-22T08:32:37","date_gmt":"2025-05-22T08:32:37","guid":{"rendered":"https:\/\/oddsium.wpenginepowered.com\/ec\/?page_id=225"},"modified":"2025-09-14T18:22:21","modified_gmt":"2025-09-14T18:22:21","slug":"mejores-sitios-de-apuestas-con-app-movil-en-ecuador","status":"publish","type":"page","link":"https:\/\/oddsium.com\/ec\/betting\/mejores-sitios-de-apuestas-con-app-movil-en-ecuador\/","title":{"rendered":"Mejores sitios de apuestas con app m\u00f3vil\u00a0en Ecuador"},"content":{"rendered":"\n<p>La tecnolog\u00eda revolucion\u00f3 la forma de apostar, y las apps para celular son la opci\u00f3n m\u00e1s pr\u00e1ctica y conveniente hoy en d\u00eda. Puedes apostar desde donde quieras, r\u00e1pido y f\u00e1cil. Estas aplicaciones permiten dep\u00f3sitos inmediatos, apuestas en vivo, streaming en directo, notificaciones personalizadas y mucho m\u00e1s.<\/p>\n\n\n\n<p>En Oddsium te ayudamos a elegir las mejores apps legales en Ecuador para que apuestes con tranquilidad y total confianza desde tu celular.<\/p>\n\n\n\n<div id=\"ez-toc-container\" class=\"ez-toc-v2_0_81 counter-hierarchy ez-toc-counter ez-toc-grey ez-toc-container-direction\">\n<div class=\"ez-toc-title-container\">\n<p class=\"ez-toc-title\" style=\"cursor:inherit\">Table of Contents<\/p>\n<span class=\"ez-toc-title-toggle\"><a href=\"#\" class=\"ez-toc-pull-right ez-toc-btn ez-toc-btn-xs ez-toc-btn-default ez-toc-toggle\" aria-label=\"Toggle Table of Content\"><span class=\"ez-toc-js-icon-con\"><span class=\"\"><span class=\"eztoc-hide\" style=\"display:none;\">Toggle<\/span><span class=\"ez-toc-icon-toggle-span\"><svg style=\"fill: #999;color:#999\" xmlns=\"http:\/\/www.w3.org\/2000\/svg\" class=\"list-377408\" width=\"20px\" height=\"20px\" viewBox=\"0 0 24 24\" fill=\"none\"><path d=\"M6 6H4v2h2V6zm14 0H8v2h12V6zM4 11h2v2H4v-2zm16 0H8v2h12v-2zM4 16h2v2H4v-2zm16 0H8v2h12v-2z\" fill=\"currentColor\"><\/path><\/svg><svg style=\"fill: #999;color:#999\" class=\"arrow-unsorted-368013\" xmlns=\"http:\/\/www.w3.org\/2000\/svg\" width=\"10px\" height=\"10px\" viewBox=\"0 0 24 24\" version=\"1.2\" baseProfile=\"tiny\"><path d=\"M18.2 9.3l-6.2-6.3-6.2 6.3c-.2.2-.3.4-.3.7s.1.5.3.7c.2.2.4.3.7.3h11c.3 0 .5-.1.7-.3.2-.2.3-.5.3-.7s-.1-.5-.3-.7zM5.8 14.7l6.2 6.3 6.2-6.3c.2-.2.3-.5.3-.7s-.1-.5-.3-.7c-.2-.2-.4-.3-.7-.3h-11c-.3 0-.5.1-.7.3-.2.2-.3.5-.3.7s.1.5.3.7z\"\/><\/svg><\/span><\/span><\/span><\/a><\/span><\/div>\n<nav><ul class='ez-toc-list ez-toc-list-level-1 ' ><li class='ez-toc-page-1 ez-toc-heading-level-2'><a class=\"ez-toc-link ez-toc-heading-1\" href=\"https:\/\/oddsium.com\/ec\/betting\/mejores-sitios-de-apuestas-con-app-movil-en-ecuador\/#%c2%bfpor-que-usar-apps-de-apuestas-en-el-celular\" >\u00bfPor qu\u00e9 usar apps de apuestas en el celular?<\/a><\/li><li class='ez-toc-page-1 ez-toc-heading-level-2'><a class=\"ez-toc-link ez-toc-heading-2\" href=\"https:\/\/oddsium.com\/ec\/betting\/mejores-sitios-de-apuestas-con-app-movil-en-ecuador\/#las-mejores-apps-de-apuestas-para-el-celular-en-ecuador\" >Las mejores apps de apuestas para el celular en Ecuador<\/a><\/li><li class='ez-toc-page-1 ez-toc-heading-level-2'><a class=\"ez-toc-link ez-toc-heading-3\" href=\"https:\/\/oddsium.com\/ec\/betting\/mejores-sitios-de-apuestas-con-app-movil-en-ecuador\/#%c2%bfque-hay-que-buscar-en-una-app-de-apuestas-para-el-celular\" >\u00bfQu\u00e9 hay que buscar en una app de apuestas para el celular?<\/a><\/li><li class='ez-toc-page-1 ez-toc-heading-level-2'><a class=\"ez-toc-link ez-toc-heading-4\" href=\"https:\/\/oddsium.com\/ec\/betting\/mejores-sitios-de-apuestas-con-app-movil-en-ecuador\/#consejos-para-apostar-desde-el-celular\" >Consejos para apostar desde el celular<\/a><\/li><li class='ez-toc-page-1 ez-toc-heading-level-2'><a class=\"ez-toc-link ez-toc-heading-5\" href=\"https:\/\/oddsium.com\/ec\/betting\/mejores-sitios-de-apuestas-con-app-movil-en-ecuador\/#%f0%9f%8e%af-como-te-ayuda-oddsium\" >\ud83c\udfaf C\u00f3mo te ayuda Oddsium<\/a><\/li><\/ul><\/nav><\/div>\n<h2 class=\"wp-block-heading\"><span class=\"ez-toc-section\" id=\"%c2%bfpor-que-usar-apps-de-apuestas-en-el-celular\"><\/span>\u00bfPor qu\u00e9 usar apps de apuestas en el celular?<span class=\"ez-toc-section-end\"><\/span><\/h2>\n\n\n\n<p>Apostar desde el celular te da la libertad de jugar cuando quieras y donde est\u00e9s. Las apps est\u00e1n dise\u00f1adas para que la experiencia sea sencilla, r\u00e1pida y segura. Incluso, si estas empezando en esto de las apuestas.&nbsp;<\/p>\n\n\n\n<p>Adem\u00e1s, te llegan notificaciones de promos exclusivas que puedes aprovechar. Disfrutar\u00e1s de funciones como apuestas en vivo, streaming en directo y retiros r\u00e1pidos, todo en la palma de tu mano.<\/p>\n\n\n\n<h2 class=\"wp-block-heading\"><span class=\"ez-toc-section\" id=\"las-mejores-apps-de-apuestas-para-el-celular-en-ecuador\"><\/span>Las mejores apps de apuestas para el celular en Ecuador<span class=\"ez-toc-section-end\"><\/span><\/h2>\n\n\n\n<p>Aqu\u00ed te dejamos las casas de apuestas con licencia oficial (<strong>LOPD<\/strong>), que tienen apps y ofrecen una experiencia m\u00f3vil completa y segura.<\/p>\n\n\n\n<figure class=\"wp-block-table\"><table class=\"has-fixed-layout\"><tbody><tr><td><strong>Casa de Apuestas<\/strong><\/td><td><strong>App M\u00f3vil<\/strong><\/td><td><strong>Plataformas<\/strong><\/td><td><strong>Funciones destacadas<\/strong><\/td><\/tr><tr><td>Betano<\/td><td>S\u00ed<\/td><td>Android, iOS<\/td><td>Apuestas en vivo, streaming, notificaciones en tiempo real, interfaz estable y f\u00e1cil de usar<\/td><\/tr><tr><td>Novibet<\/td><td>S\u00ed<\/td><td>Android, iOS<\/td><td>Apuestas en vivo, streaming, notificaciones personalizadas, dise\u00f1o intuitivo<\/td><\/tr><tr><td>Betcore EC<\/td><td>S\u00ed&nbsp;<\/td><td>Android, web m\u00f3vil<\/td><td>Amplia variedad de deportes y mercados, apuestas en vivo, soporte en espa\u00f1ol<\/td><\/tr><tr><td>Sportbet<\/td><td>S\u00ed<\/td><td>Android, iOS&nbsp;<\/td><td>Streaming, apuestas en vivo, notificaciones, amplia gama de deportes incluyendo f\u00fatbol local<\/td><\/tr><tr><td>Forbet<\/td><td>S\u00ed<\/td><td>Android, iOS<\/td><td>Apuestas pre-partido y en vivo, casino y casino en vivo, notificaciones, transmisiones en alta calidad, gestor de estad\u00edsticas<\/td><\/tr><\/tbody><\/table><\/figure>\n\n\n\n<h2 class=\"wp-block-heading\"><span class=\"ez-toc-section\" id=\"%c2%bfque-hay-que-buscar-en-una-app-de-apuestas-para-el-celular\"><\/span>\u00bfQu\u00e9 hay que buscar en una app de apuestas para el celular?<span class=\"ez-toc-section-end\"><\/span><\/h2>\n\n\n\n<p>\u2714\ufe0fNavegaci\u00f3n r\u00e1pida y sin interferencias.<br>\u2714\ufe0fInterfaz sencilla y amigable.<br>\u2714\ufe0fQue tenga licencia (LOPD) para que tu plata y datos est\u00e9n seguros.<br>\u2714\ufe0fM\u00e9todos de pago locales confiables, adaptados a Ecuador.<br>\u2714\ufe0fBonos y promociones que te ayuden a sacarle m\u00e1s jugo a tu plata.<br>\u2714\ufe0fFunciones como apuestas en vivo, streaming y notificaciones para estar siempre al d\u00eda.<br>\u2714\ufe0fSoporte al cliente que responda r\u00e1pido y sin vueltas.<\/p>\n\n\n\n<h2 class=\"wp-block-heading\"><span class=\"ez-toc-section\" id=\"consejos-para-apostar-desde-el-celular\"><\/span>Consejos para apostar desde el celular<span class=\"ez-toc-section-end\"><\/span><\/h2>\n\n\n\n<figure class=\"wp-block-image size-large\"><img loading=\"lazy\" decoding=\"async\" width=\"1024\" height=\"726\" src=\"https:\/\/oddsium.com\/ec\/wp-content\/uploads\/sites\/15\/2025\/09\/persona-apostando-por-app-movil-de-apuestas-1024x726.jpg\" alt=\"\" class=\"wp-image-464\" srcset=\"https:\/\/oddsium.com\/ec\/wp-content\/uploads\/sites\/15\/2025\/09\/persona-apostando-por-app-movil-de-apuestas-1024x726.jpg 1024w, https:\/\/oddsium.com\/ec\/wp-content\/uploads\/sites\/15\/2025\/09\/persona-apostando-por-app-movil-de-apuestas-300x213.jpg 300w, https:\/\/oddsium.com\/ec\/wp-content\/uploads\/sites\/15\/2025\/09\/persona-apostando-por-app-movil-de-apuestas-768x545.jpg 768w, https:\/\/oddsium.com\/ec\/wp-content\/uploads\/sites\/15\/2025\/09\/persona-apostando-por-app-movil-de-apuestas-1536x1090.jpg 1536w, https:\/\/oddsium.com\/ec\/wp-content\/uploads\/sites\/15\/2025\/09\/persona-apostando-por-app-movil-de-apuestas.jpg 1748w\" sizes=\"auto, (max-width: 1024px) 100vw, 1024px\" \/><\/figure>\n\n\n\n<p>\u2705Descarga las apps solo de fuentes oficiales para evitar rollos.<br>\u2705Usa conexiones seguras para proteger tu info personal.<br>\u2705Aprovecha los bonos de bienvenida para aumentar tu saldo.<br>\u2705Controla tu presupuesto, haz una buena <a href=\"https:\/\/oddsium.com\/ec\/guides\/gestion-del-bankroll-juega-con-inteligencia\/\" title=\"\">Gesti\u00f3n del Bankroll <\/a>y juega con inteligencia<br>\u2705Mantente pilas con las cuotas y resultados en tiempo real para tomar buenas decisiones.<\/p>\n\n\n\n<h2 class=\"wp-block-heading\"><span class=\"ez-toc-section\" id=\"%f0%9f%8e%af-como-te-ayuda-oddsium\"><\/span>\ud83c\udfaf C\u00f3mo te ayuda Oddsium<span class=\"ez-toc-section-end\"><\/span><\/h2>\n\n\n\n<p>En Oddsium te damos gu\u00edas claras y comparaciones de las mejores apps legales en Ecuador. As\u00ed puedes elegir la que m\u00e1s te sirva y apostar seguro desde tu celular.<\/p>\n\n\n\n<p>Adem\u00e1s, en Oddsium te ofrecemos el&nbsp;<a href=\"https:\/\/oddsium.com\/ec\/odds\/\" title=\"\">mejor comparador de cuotas en Ecuador<\/a>&nbsp;para que compares las mejores opciones antes de apostar en la app que hayas seleccionado. As\u00ed, podr\u00e1s elegir la plataforma con las cuotas m\u00e1s competitivas,&nbsp;<\/p>\n\n\n\n<p><em>\ud83d\udcccCon Oddisum, todo es mucho m\u00e1s f\u00e1cil al momento de apostar. <\/em><\/p>\n","protected":false},"excerpt":{"rendered":"<p>La tecnolog\u00eda revolucion\u00f3 la forma de apostar, y las apps para celular son la opci\u00f3n m\u00e1s pr\u00e1ctica y conveniente hoy en d\u00eda. Puedes apostar desde donde quieras, r\u00e1pido y f\u00e1cil. Estas aplicaciones permiten dep\u00f3sitos inmediatos, apuestas en vivo, streaming en directo, notificaciones personalizadas y mucho m\u00e1s. En Oddsium te ayudamos a elegir las mejores apps [&hellip;]<\/p>\n","protected":false},"author":3,"featured_media":0,"parent":89,"menu_order":0,"comment_status":"closed","ping_status":"closed","template":"betting.php","meta":{"_acf_changed":false,"om_disable_all_campaigns":false,"footnotes":""},"class_list":["post-225","page","type-page","status-publish","hentry"],"acf":[],"aioseo_notices":[],"_links":{"self":[{"href":"https:\/\/oddsium.com\/ec\/wp-json\/wp\/v2\/pages\/225","targetHints":{"allow":["GET"]}}],"collection":[{"href":"https:\/\/oddsium.com\/ec\/wp-json\/wp\/v2\/pages"}],"about":[{"href":"https:\/\/oddsium.com\/ec\/wp-json\/wp\/v2\/types\/page"}],"author":[{"embeddable":true,"href":"https:\/\/oddsium.com\/ec\/wp-json\/wp\/v2\/users\/3"}],"replies":[{"embeddable":true,"href":"https:\/\/oddsium.com\/ec\/wp-json\/wp\/v2\/comments?post=225"}],"version-history":[{"count":0,"href":"https:\/\/oddsium.com\/ec\/wp-json\/wp\/v2\/pages\/225\/revisions"}],"up":[{"embeddable":true,"href":"https:\/\/oddsium.com\/ec\/wp-json\/wp\/v2\/pages\/89"}],"wp:attachment":[{"href":"https:\/\/oddsium.com\/ec\/wp-json\/wp\/v2\/media?parent=225"}],"curies":[{"name":"wp","href":"https:\/\/api.w.org\/{rel}","templated":true}]}}