{"id":251,"date":"2025-05-22T08:59:42","date_gmt":"2025-05-22T08:59:42","guid":{"rendered":"https:\/\/oddsium.wpenginepowered.com\/ec\/?page_id=251"},"modified":"2025-06-03T23:17:10","modified_gmt":"2025-06-03T23:17:10","slug":"cookie-policy","status":"publish","type":"page","link":"https:\/\/oddsium.com\/ec\/cookie-policy\/","title":{"rendered":"Pol\u00edtica de cookies"},"content":{"rendered":"\n<p>Fecha de vigencia: 25\/04\/2025<\/p>\n\n\n\n<p>Esta Pol\u00edtica de Cookies explica c\u00f3mo Oddsium Ltd. (\u00abnosotros\u00bb, \u00abnos\u00bb o \u00abnuestro\u00bb) utiliza cookies y tecnolog\u00edas similares cuando visitas nuestro sitio web. Esta pol\u00edtica est\u00e1 dirigida a los visitantes de la Uni\u00f3n Europea y cumple con el Reglamento General de Protecci\u00f3n de Datos (RGPD).<\/p>\n\n\n\n<div id=\"ez-toc-container\" class=\"ez-toc-v2_0_81 counter-hierarchy ez-toc-counter ez-toc-grey ez-toc-container-direction\">\n<div class=\"ez-toc-title-container\">\n<p class=\"ez-toc-title\" style=\"cursor:inherit\">Table of Contents<\/p>\n<span class=\"ez-toc-title-toggle\"><a href=\"#\" class=\"ez-toc-pull-right ez-toc-btn ez-toc-btn-xs ez-toc-btn-default ez-toc-toggle\" aria-label=\"Toggle Table of Content\"><span class=\"ez-toc-js-icon-con\"><span class=\"\"><span class=\"eztoc-hide\" style=\"display:none;\">Toggle<\/span><span class=\"ez-toc-icon-toggle-span\"><svg style=\"fill: #999;color:#999\" xmlns=\"http:\/\/www.w3.org\/2000\/svg\" class=\"list-377408\" width=\"20px\" height=\"20px\" viewBox=\"0 0 24 24\" fill=\"none\"><path d=\"M6 6H4v2h2V6zm14 0H8v2h12V6zM4 11h2v2H4v-2zm16 0H8v2h12v-2zM4 16h2v2H4v-2zm16 0H8v2h12v-2z\" fill=\"currentColor\"><\/path><\/svg><svg style=\"fill: #999;color:#999\" class=\"arrow-unsorted-368013\" xmlns=\"http:\/\/www.w3.org\/2000\/svg\" width=\"10px\" height=\"10px\" viewBox=\"0 0 24 24\" version=\"1.2\" baseProfile=\"tiny\"><path d=\"M18.2 9.3l-6.2-6.3-6.2 6.3c-.2.2-.3.4-.3.7s.1.5.3.7c.2.2.4.3.7.3h11c.3 0 .5-.1.7-.3.2-.2.3-.5.3-.7s-.1-.5-.3-.7zM5.8 14.7l6.2 6.3 6.2-6.3c.2-.2.3-.5.3-.7s-.1-.5-.3-.7c-.2-.2-.4-.3-.7-.3h-11c-.3 0-.5.1-.7.3-.2.2-.3.5-.3.7s.1.5.3.7z\"\/><\/svg><\/span><\/span><\/span><\/a><\/span><\/div>\n<nav><ul class='ez-toc-list ez-toc-list-level-1 ' ><li class='ez-toc-page-1 ez-toc-heading-level-2'><a class=\"ez-toc-link ez-toc-heading-1\" href=\"https:\/\/oddsium.com\/ec\/cookie-policy\/#%c2%bfque-son-las-cookies\" >\u00bfQu\u00e9 son las cookies?<\/a><\/li><li class='ez-toc-page-1 ez-toc-heading-level-2'><a class=\"ez-toc-link ez-toc-heading-2\" href=\"https:\/\/oddsium.com\/ec\/cookie-policy\/#tipos-de-cookies-que-utilizamos\" >Tipos de cookies que utilizamos<\/a><ul class='ez-toc-list-level-3' ><li class='ez-toc-heading-level-3'><a class=\"ez-toc-link ez-toc-heading-3\" href=\"https:\/\/oddsium.com\/ec\/cookie-policy\/#cookies-necesarias\" >Cookies necesarias<\/a><\/li><li class='ez-toc-page-1 ez-toc-heading-level-3'><a class=\"ez-toc-link ez-toc-heading-4\" href=\"https:\/\/oddsium.com\/ec\/cookie-policy\/#cookies-de-analisis\" >Cookies de an\u00e1lisis<\/a><\/li><li class='ez-toc-page-1 ez-toc-heading-level-3'><a class=\"ez-toc-link ez-toc-heading-5\" href=\"https:\/\/oddsium.com\/ec\/cookie-policy\/#cookies-publicitarias-y-de-retargeting\" >Cookies publicitarias y de retargeting<\/a><\/li><\/ul><\/li><li class='ez-toc-page-1 ez-toc-heading-level-2'><a class=\"ez-toc-link ez-toc-heading-6\" href=\"https:\/\/oddsium.com\/ec\/cookie-policy\/#control-de-cookies\" >Control de cookies<\/a><\/li><li class='ez-toc-page-1 ez-toc-heading-level-2'><a class=\"ez-toc-link ez-toc-heading-7\" href=\"https:\/\/oddsium.com\/ec\/cookie-policy\/#cookies-de-terceros\" >Cookies de terceros<\/a><\/li><li class='ez-toc-page-1 ez-toc-heading-level-2'><a class=\"ez-toc-link ez-toc-heading-8\" href=\"https:\/\/oddsium.com\/ec\/cookie-policy\/#retencion-de-datos\" >Retenci\u00f3n de datos<\/a><\/li><li class='ez-toc-page-1 ez-toc-heading-level-2'><a class=\"ez-toc-link ez-toc-heading-9\" href=\"https:\/\/oddsium.com\/ec\/cookie-policy\/#actualizaciones-de-politicas\" >Actualizaciones de pol\u00edticas<\/a><\/li><li class='ez-toc-page-1 ez-toc-heading-level-2'><a class=\"ez-toc-link ez-toc-heading-10\" href=\"https:\/\/oddsium.com\/ec\/cookie-policy\/#contacto\" >Contacto<\/a><\/li><\/ul><\/nav><\/div>\n<h2 class=\"wp-block-heading\"><span class=\"ez-toc-section\" id=\"%c2%bfque-son-las-cookies\"><\/span>\u00bfQu\u00e9 son las cookies?<span class=\"ez-toc-section-end\"><\/span><\/h2>\n\n\n\n<p>Las cookies son peque\u00f1os archivos de texto que se almacenan en tu dispositivo cuando visitas un sitio web. Nos ayudan a mejorar tu experiencia, analizar el tr\u00e1fico y mostrarte anuncios relevantes.<\/p>\n\n\n\n<h2 class=\"wp-block-heading\"><span class=\"ez-toc-section\" id=\"tipos-de-cookies-que-utilizamos\"><\/span>Tipos de cookies que utilizamos<span class=\"ez-toc-section-end\"><\/span><\/h2>\n\n\n\n<h3 class=\"wp-block-heading\"><span class=\"ez-toc-section\" id=\"cookies-necesarias\"><\/span>Cookies necesarias<span class=\"ez-toc-section-end\"><\/span><\/h3>\n\n\n\n<p>Son esenciales para el funcionamiento b\u00e1sico del sitio web, como guardar la configuraci\u00f3n de idioma. No se pueden desactivar desde el administrador de cookies.<\/p>\n\n\n\n<h3 class=\"wp-block-heading\"><span class=\"ez-toc-section\" id=\"cookies-de-analisis\"><\/span>Cookies de an\u00e1lisis<span class=\"ez-toc-section-end\"><\/span><\/h3>\n\n\n\n<p>Utilizamos Google Analytics para recopilar datos an\u00f3nimos y agregados sobre el uso del sitio (por ejemplo, p\u00e1ginas visitadas o tiempo de permanencia). Estas cookies nos permiten entender c\u00f3mo interact\u00faas con nuestra web y mejorarla.<\/p>\n\n\n\n<h3 class=\"wp-block-heading\"><span class=\"ez-toc-section\" id=\"cookies-publicitarias-y-de-retargeting\"><\/span>Cookies publicitarias y de retargeting<span class=\"ez-toc-section-end\"><\/span><\/h3>\n\n\n\n<p>Empleamos cookies de plataformas como&nbsp;<\/p>\n\n\n\n<ul class=\"wp-block-list\">\n<li>Meta (Facebook)<\/li>\n\n\n\n<li>Anuncios de Google<\/li>\n\n\n\n<li>Publicidad de Microsoft<\/li>\n\n\n\n<li>Anuncios personalizados\u00a0<\/li>\n<\/ul>\n\n\n\n<p>Estas cookies pueden rastrear tu comportamiento en varios sitios para ofrecerte publicidad relevante.<\/p>\n\n\n\n<h2 class=\"wp-block-heading\"><span class=\"ez-toc-section\" id=\"control-de-cookies\"><\/span>Control de cookies<span class=\"ez-toc-section-end\"><\/span><\/h2>\n\n\n\n<p>Puedes gestionar tus preferencias en cualquier momento haciendo clic en el \u00edcono de cookies que aparece en la parte inferior izquierda de la pantalla. Desde ah\u00ed puedes activar o desactivar las cookies no esenciales.<\/p>\n\n\n\n<p>Tambi\u00e9n puedes controlar las cookies desde la configuraci\u00f3n de tu navegador, aunque desactivar algunas puede afectar la funcionalidad del sitio.<\/p>\n\n\n\n<h2 class=\"wp-block-heading\"><span class=\"ez-toc-section\" id=\"cookies-de-terceros\"><\/span>Cookies de terceros<span class=\"ez-toc-section-end\"><\/span><\/h2>\n\n\n\n<p>Algunas cookies son instaladas por proveedores externos presentes en nuestras p\u00e1ginas. Estos terceros administran sus propias cookies y est\u00e1n sujetos a sus propias pol\u00edticas de privacidad.<\/p>\n\n\n\n<h2 class=\"wp-block-heading\"><span class=\"ez-toc-section\" id=\"retencion-de-datos\"><\/span>Retenci\u00f3n de datos<span class=\"ez-toc-section-end\"><\/span><\/h2>\n\n\n\n<p>Las cookies se almacenan en tu dispositivo por diferentes per\u00edodos seg\u00fan su funci\u00f3n. Algunas son temporales (cookies de sesi\u00f3n) y otras permanecen m\u00e1s tiempo, salvo que las elimines manualmente.<\/p>\n\n\n\n<h2 class=\"wp-block-heading\"><span class=\"ez-toc-section\" id=\"actualizaciones-de-politicas\"><\/span>Actualizaciones de pol\u00edticas<span class=\"ez-toc-section-end\"><\/span><\/h2>\n\n\n\n<p>Podemos actualizar esta Pol\u00edtica de Cookies para reflejar cambios tecnol\u00f3gicos o legales. Los cambios se publicar\u00e1n en esta p\u00e1gina con la fecha de vigencia actualizada.<\/p>\n\n\n\n<h2 class=\"wp-block-heading\"><span class=\"ez-toc-section\" id=\"contacto\"><\/span>Contacto<span class=\"ez-toc-section-end\"><\/span><\/h2>\n\n\n\n<p>Si tienes preguntas sobre esta Pol\u00edtica de Cookies o el manejo de tus datos personales, escr\u00edbenos a:<br><strong>Correo<\/strong>: info@oddsium.com<br><strong>Direcci\u00f3n<\/strong>: Oddsium Ltd, Makariou III, 34 Hadjiyianni Building, 3065 Limassol, Chipre<\/p>\n","protected":false},"excerpt":{"rendered":"<p>Fecha de vigencia: 25\/04\/2025 Esta Pol\u00edtica de Cookies explica c\u00f3mo Oddsium Ltd. (\u00abnosotros\u00bb, \u00abnos\u00bb o \u00abnuestro\u00bb) utiliza cookies y tecnolog\u00edas similares cuando visitas nuestro sitio web. Esta pol\u00edtica est\u00e1 dirigida a los visitantes de la Uni\u00f3n Europea y cumple con el Reglamento General de Protecci\u00f3n de Datos (RGPD). \u00bfQu\u00e9 son las cookies? Las cookies son [&hellip;]<\/p>\n","protected":false},"author":3,"featured_media":246,"parent":0,"menu_order":0,"comment_status":"closed","ping_status":"closed","template":"","meta":{"_acf_changed":true,"om_disable_all_campaigns":false,"footnotes":""},"class_list":["post-251","page","type-page","status-publish","has-post-thumbnail","hentry"],"acf":[],"aioseo_notices":[],"_links":{"self":[{"href":"https:\/\/oddsium.com\/ec\/wp-json\/wp\/v2\/pages\/251","targetHints":{"allow":["GET"]}}],"collection":[{"href":"https:\/\/oddsium.com\/ec\/wp-json\/wp\/v2\/pages"}],"about":[{"href":"https:\/\/oddsium.com\/ec\/wp-json\/wp\/v2\/types\/page"}],"author":[{"embeddable":true,"href":"https:\/\/oddsium.com\/ec\/wp-json\/wp\/v2\/users\/3"}],"replies":[{"embeddable":true,"href":"https:\/\/oddsium.com\/ec\/wp-json\/wp\/v2\/comments?post=251"}],"version-history":[{"count":0,"href":"https:\/\/oddsium.com\/ec\/wp-json\/wp\/v2\/pages\/251\/revisions"}],"wp:featuredmedia":[{"embeddable":true,"href":"https:\/\/oddsium.com\/ec\/wp-json\/wp\/v2\/media\/246"}],"wp:attachment":[{"href":"https:\/\/oddsium.com\/ec\/wp-json\/wp\/v2\/media?parent=251"}],"curies":[{"name":"wp","href":"https:\/\/api.w.org\/{rel}","templated":true}]}}