{"id":90,"date":"2025-05-05T10:33:38","date_gmt":"2025-05-05T10:33:38","guid":{"rendered":"https:\/\/oddsium.wpenginepowered.com\/ec\/?page_id=90"},"modified":"2025-09-14T18:09:21","modified_gmt":"2025-09-14T18:09:21","slug":"odds","status":"publish","type":"page","link":"https:\/\/oddsium.com\/ec\/odds\/","title":{"rendered":"Comparaci\u00f3n de cuotas"},"content":{"rendered":"\n<div id=\"ez-toc-container\" class=\"ez-toc-v2_0_81 counter-hierarchy ez-toc-counter ez-toc-grey ez-toc-container-direction\">\n<div class=\"ez-toc-title-container\">\n<p class=\"ez-toc-title\" style=\"cursor:inherit\">Table of Contents<\/p>\n<span class=\"ez-toc-title-toggle\"><a href=\"#\" class=\"ez-toc-pull-right ez-toc-btn ez-toc-btn-xs ez-toc-btn-default ez-toc-toggle\" aria-label=\"Toggle Table of Content\"><span class=\"ez-toc-js-icon-con\"><span class=\"\"><span class=\"eztoc-hide\" style=\"display:none;\">Toggle<\/span><span class=\"ez-toc-icon-toggle-span\"><svg style=\"fill: #999;color:#999\" xmlns=\"http:\/\/www.w3.org\/2000\/svg\" class=\"list-377408\" width=\"20px\" height=\"20px\" viewBox=\"0 0 24 24\" fill=\"none\"><path d=\"M6 6H4v2h2V6zm14 0H8v2h12V6zM4 11h2v2H4v-2zm16 0H8v2h12v-2zM4 16h2v2H4v-2zm16 0H8v2h12v-2z\" fill=\"currentColor\"><\/path><\/svg><svg style=\"fill: #999;color:#999\" class=\"arrow-unsorted-368013\" xmlns=\"http:\/\/www.w3.org\/2000\/svg\" width=\"10px\" height=\"10px\" viewBox=\"0 0 24 24\" version=\"1.2\" baseProfile=\"tiny\"><path d=\"M18.2 9.3l-6.2-6.3-6.2 6.3c-.2.2-.3.4-.3.7s.1.5.3.7c.2.2.4.3.7.3h11c.3 0 .5-.1.7-.3.2-.2.3-.5.3-.7s-.1-.5-.3-.7zM5.8 14.7l6.2 6.3 6.2-6.3c.2-.2.3-.5.3-.7s-.1-.5-.3-.7c-.2-.2-.4-.3-.7-.3h-11c-.3 0-.5.1-.7.3-.2.2-.3.5-.3.7s.1.5.3.7z\"\/><\/svg><\/span><\/span><\/span><\/a><\/span><\/div>\n<nav><ul class='ez-toc-list ez-toc-list-level-1 ' ><li class='ez-toc-page-1 ez-toc-heading-level-2'><a class=\"ez-toc-link ez-toc-heading-1\" href=\"https:\/\/oddsium.com\/ec\/odds\/#mejor-comparacion-de-cuotas-en-ecuador\" >Mejor comparaci\u00f3n de cuotas en Ecuador<\/a><\/li><li class='ez-toc-page-1 ez-toc-heading-level-2'><a class=\"ez-toc-link ez-toc-heading-2\" href=\"https:\/\/oddsium.com\/ec\/odds\/#%c2%bfcomparar-cuotas-te-hace-aprovechar-mejor-tu-plata\" >\u00bfComparar cuotas te hace aprovechar mejor tu plata?<\/a><\/li><li class='ez-toc-page-1 ez-toc-heading-level-2'><a class=\"ez-toc-link ez-toc-heading-3\" href=\"https:\/\/oddsium.com\/ec\/odds\/#%c2%bfpor-que-es-clave-comparar-cuotas-en-ecuador\" >\u00bfPor qu\u00e9 es clave comparar cuotas en Ecuador?<\/a><\/li><li class='ez-toc-page-1 ez-toc-heading-level-2'><a class=\"ez-toc-link ez-toc-heading-4\" href=\"https:\/\/oddsium.com\/ec\/odds\/#mercados-ideales-para-comparar-cuotas\" >mercados ideales para comparar cuotas<\/a><\/li><li class='ez-toc-page-1 ez-toc-heading-level-2'><a class=\"ez-toc-link ez-toc-heading-5\" href=\"https:\/\/oddsium.com\/ec\/odds\/#oddsium-te-ayuda-con-la-comparacion-de-cuotas-en-ecuador\" >Oddsium te ayuda con la comparaci\u00f3n de cuotas en Ecuador<\/a><\/li><li class='ez-toc-page-1 ez-toc-heading-level-2'><a class=\"ez-toc-link ez-toc-heading-6\" href=\"https:\/\/oddsium.com\/ec\/odds\/#%c2%bfvale-la-pena-invertir-tiempo-y-esfuerzo-en-comparar-cuotas\" >\u00bfVale la pena invertir tiempo y esfuerzo en comparar cuotas?<\/a><\/li><\/ul><\/nav><\/div>\n<h2 class=\"wp-block-heading\"><span class=\"ez-toc-section\" id=\"mejor-comparacion-de-cuotas-en-ecuador\"><\/span>Mejor comparaci\u00f3n de cuotas en Ecuador<span class=\"ez-toc-section-end\"><\/span><\/h2>\n\n\n\n<p>Si hoy en d\u00eda quieres apostar, ya no basta con tener suerte y ya. Ahora la cosa es estar pilas y usar la cabeza para hacer apuestas inteligentes. Si quieres sacarle el jugo a tus <a href=\"https:\/\/oddsium.com\/ec\/sports\/\" title=\"\">apuestas deportivas en Ecuador<\/a>, tienes que saber d\u00f3nde est\u00e1n las mejores cuotas y en qu\u00e9 casas de apuestas. Ya no es solo elegir un equipo o resultado; es encontrar d\u00f3nde su apuesta vale m\u00e1s. Donde cada d\u00f3lar que juegas se puede multiplicar mejor.<\/p>\n\n\n\n<p>Por eso, Oddsium es la herramienta perfecta para ti. Esta te muestra en tiempo real d\u00f3nde est\u00e1n las cuotas m\u00e1s tentadoras para que apuestes con la mente y no bas\u00e1ndote en intuici\u00f3n.<\/p>\n\n\n\n<h2 class=\"wp-block-heading\"><span class=\"ez-toc-section\" id=\"%c2%bfcomparar-cuotas-te-hace-aprovechar-mejor-tu-plata\"><\/span>\u00bfComparar cuotas te hace aprovechar mejor tu plata?<span class=\"ez-toc-section-end\"><\/span><\/h2>\n\n\n\n<p>Debes pensar en las cuotas como si fueran precios del mismo producto en distintas tiendas. El partido y el resultado son iguales, pero las ganancias que le ofrecen cambian. En las apuestas, las cuotas indican cu\u00e1nto puedes ganar si aciertas. Pero ojo, no todas las casas pagan igual.<\/p>\n\n\n\n<p><strong><em>\ud83d\udccc Por ejemplo:<\/em><\/strong><\/p>\n\n\n\n<p><strong>Betsson:<\/strong> 1.75 \u2192 $175 USD (ganancia de $75)<br><strong>Latribet:<\/strong> 1.85 \u2192 $185 USD (ganancia de $85)<\/p>\n\n\n\n<p>\u00bfVes? Tienes $10 USD m\u00e1s en una opci\u00f3n. Puede parecer poco, pero si apuestas seguido o haces varios parleys, ese extra suma mucho.<\/p>\n\n\n\n<h2 class=\"wp-block-heading\"><span class=\"ez-toc-section\" id=\"%c2%bfpor-que-es-clave-comparar-cuotas-en-ecuador\"><\/span>\u00bfPor qu\u00e9 es clave comparar cuotas en Ecuador?<span class=\"ez-toc-section-end\"><\/span><\/h2>\n\n\n\n<p>Primero, el mercado de apuestas en Ecuador est\u00e1 creciendo a full. Por eso, hay cada vez m\u00e1s casas de apuestas online. Adem\u00e1s, cada una tiene su propia f\u00f3rmula para calcular las cuotas. Por eso mismo, comparar cuotas le ayuda a:<br>\ud83d\udcb8Sacar el jugo a cada d\u00f3lar que se juega.<br>\ud83c\udfafEvitar apostar en sitios que pagan poco y le bajan las ganancias.<br>\ud83d\udcc8Mejorar sus resultados con apuestas m\u00e1s inteligentes.<br>\ud83d\udd04Aprovechar las diferencias en apuestas combinadas, donde cada d\u00e9cima cuenta.<\/p>\n\n\n\n<p><em>En resumen, comparar cuotas es la clave para apostar con mucha m\u00e1s ventaja hoy d\u00eda. \u00a1No te quedes atr\u00e1s!<\/em><\/p>\n\n\n\n<h2 class=\"wp-block-heading\"><span class=\"ez-toc-section\" id=\"mercados-ideales-para-comparar-cuotas\"><\/span>mercados ideales para comparar cuotas<span class=\"ez-toc-section-end\"><\/span><\/h2>\n\n\n\n<p>Depende del deporte que en el que te guste apostar, porque todos tienen su gracia y diferentes cuotas. Aqu\u00ed le dejo unos ejemplos claros:<\/p>\n\n\n\n<figure class=\"wp-block-table\"><table class=\"has-fixed-layout\"><tbody><tr><td><strong>Deporte<\/strong><\/td><td><strong>Mercado<\/strong><\/td><td><strong>Apuesta<\/strong><\/td><\/tr><tr><td>\u26bd F\u00fatbol<\/td><td>Resultado 1X2, m\u00e1s\/menos goles<\/td><td>Ganador, total de goles<\/td><\/tr><tr><td>\ud83c\udfc0 B\u00e1squet<\/td><td>H\u00e1ndicap, puntos totales<\/td><td>Ganador, puntos, estad\u00edsticas de jugador<\/td><\/tr><tr><td>\ud83c\udfbe Tenis<\/td><td>Ganador, n\u00famero de sets<\/td><td>Resultado del partido, total de juegos<\/td><\/tr><tr><td>\u26be B\u00e9isbol<\/td><td>Ganador, apuestas especiales<\/td><td>Resultado, estad\u00edsticas espec\u00edficas<\/td><\/tr><tr><td>\ud83d\udcbb Apuestas en vivo<\/td><td>Cuotas que cambian minuto a minuto<\/td><td>Apostar mientras juega el partido<\/td><\/tr><\/tbody><\/table><\/figure>\n\n\n\n<p><em>\ud83d\udccc Existen muchos m\u00e1s deportes y mercados para apostar en Ecuador. Solo entra a Oddsium, busca tu favorito y encuentra la mejor comparaci\u00f3n de cuotas en diferentes casas.<\/em><\/p>\n\n\n\n<h2 class=\"wp-block-heading\"><span class=\"ez-toc-section\" id=\"oddsium-te-ayuda-con-la-comparacion-de-cuotas-en-ecuador\"><\/span>Oddsium te ayuda con la comparaci\u00f3n de cuotas en Ecuador<span class=\"ez-toc-section-end\"><\/span><\/h2>\n\n\n\n<figure class=\"wp-block-image size-large\"><img loading=\"lazy\" decoding=\"async\" width=\"1024\" height=\"726\" src=\"https:\/\/oddsium.com\/ec\/wp-content\/uploads\/sites\/15\/2025\/09\/dos-personas-estrechando-manos-1024x726.jpg\" alt=\"\" class=\"wp-image-455\" srcset=\"https:\/\/oddsium.com\/ec\/wp-content\/uploads\/sites\/15\/2025\/09\/dos-personas-estrechando-manos-1024x726.jpg 1024w, https:\/\/oddsium.com\/ec\/wp-content\/uploads\/sites\/15\/2025\/09\/dos-personas-estrechando-manos-300x213.jpg 300w, https:\/\/oddsium.com\/ec\/wp-content\/uploads\/sites\/15\/2025\/09\/dos-personas-estrechando-manos-768x545.jpg 768w, https:\/\/oddsium.com\/ec\/wp-content\/uploads\/sites\/15\/2025\/09\/dos-personas-estrechando-manos-1536x1090.jpg 1536w, https:\/\/oddsium.com\/ec\/wp-content\/uploads\/sites\/15\/2025\/09\/dos-personas-estrechando-manos.jpg 1748w\" sizes=\"auto, (max-width: 1024px) 100vw, 1024px\" \/><\/figure>\n\n\n\n<p>Buscar la mejor cuota puede ser un enredo. Pero ah\u00ed es donde Oddsium es un verdadero apoyo. Esta plataforma compara en tiempo real las cuotas de las casas m\u00e1s confiables en Ecuador. As\u00ed, usted puede:<br>\ud83d\udc40Ver r\u00e1pido cu\u00e1l cuota es la mejor.<br>\u26a1Entrar directo a la casa de apuestas y apostar r\u00e1pido y seguro.<br>\ud83d\udcf2Conocer promos, m\u00e9todos de pago y qu\u00e9 tan f\u00e1cil es usar la p\u00e1gina.<br>\ud83c\udf0eApostar desde la liga local hasta los torneos internacionales m\u00e1s top.<\/p>\n\n\n\n<p><em>En pocas palabras, Oddsium hace la tarea de checar cada opci\u00f3n por ti para que no pierdas tiempo.&nbsp;<\/em><\/p>\n\n\n\n<h2 class=\"wp-block-heading\"><span class=\"ez-toc-section\" id=\"%c2%bfvale-la-pena-invertir-tiempo-y-esfuerzo-en-comparar-cuotas\"><\/span>\u00bfVale la pena invertir tiempo y esfuerzo en comparar cuotas?<span class=\"ez-toc-section-end\"><\/span><\/h2>\n\n\n\n<p>Si quieres ganar, comparar cuotas es lo mejor que puedes hacer. Ese peque\u00f1o detalle puede convertir una apuesta cualquiera en una apuesta bac\u00e1n. En Ecuador, cada d\u00f3lar invertido en apuestas online cuenta, y hacerlo bien puede marcar la diferencia entre un mes sin plata y uno con buenas ganancias. Si quieres aprender&nbsp;<a href=\"https:\/\/oddsium.com\/ec\/guides\/guia-de-apuestas-como-apostar-en-deportes-en-linea\/\" title=\"\">c\u00f3mo apostar en deportes en l\u00ednea desde Ecuador<\/a>, aqu\u00ed tienes una gu\u00eda simple para empezar a apostar de forma segura.<\/p>\n\n\n\n<p>\ud83c\udfaf<em>No pierdas m\u00e1s tiempo y compara antes de apostar con nuestra ayuda. \u00a1Tu bolsillo te lo va a agradecer!<\/em><\/p>\n","protected":false},"excerpt":{"rendered":"<p>Mejor comparaci\u00f3n de cuotas en Ecuador Si hoy en d\u00eda quieres apostar, ya no basta con tener suerte y ya. Ahora la cosa es estar pilas y usar la cabeza para hacer apuestas inteligentes. Si quieres sacarle el jugo a tus apuestas deportivas en Ecuador, tienes que saber d\u00f3nde est\u00e1n las mejores cuotas y en [&hellip;]<\/p>\n","protected":false},"author":3,"featured_media":0,"parent":0,"menu_order":0,"comment_status":"closed","ping_status":"closed","template":"sports.php","meta":{"_acf_changed":false,"om_disable_all_campaigns":false,"footnotes":""},"class_list":["post-90","page","type-page","status-publish","hentry"],"acf":[],"aioseo_notices":[],"_links":{"self":[{"href":"https:\/\/oddsium.com\/ec\/wp-json\/wp\/v2\/pages\/90","targetHints":{"allow":["GET"]}}],"collection":[{"href":"https:\/\/oddsium.com\/ec\/wp-json\/wp\/v2\/pages"}],"about":[{"href":"https:\/\/oddsium.com\/ec\/wp-json\/wp\/v2\/types\/page"}],"author":[{"embeddable":true,"href":"https:\/\/oddsium.com\/ec\/wp-json\/wp\/v2\/users\/3"}],"replies":[{"embeddable":true,"href":"https:\/\/oddsium.com\/ec\/wp-json\/wp\/v2\/comments?post=90"}],"version-history":[{"count":0,"href":"https:\/\/oddsium.com\/ec\/wp-json\/wp\/v2\/pages\/90\/revisions"}],"wp:attachment":[{"href":"https:\/\/oddsium.com\/ec\/wp-json\/wp\/v2\/media?parent=90"}],"curies":[{"name":"wp","href":"https:\/\/api.w.org\/{rel}","templated":true}]}}