{"id":194,"date":"2025-05-19T16:13:03","date_gmt":"2025-05-19T16:13:03","guid":{"rendered":"https:\/\/oddsium.wpenginepowered.com\/es\/?page_id=194"},"modified":"2025-09-15T01:58:40","modified_gmt":"2025-09-15T01:58:40","slug":"baloncesto","status":"publish","type":"page","link":"https:\/\/oddsium.com\/es\/sports\/baloncesto\/","title":{"rendered":"Apuestas en Baloncesto"},"content":{"rendered":"\n<p>Si pregunt\u00e1is qu\u00e9 deporte est\u00e1 pet\u00e1ndolo en Espa\u00f1a aparte del f\u00fatbol, el baloncesto es, sin duda, uno de los que m\u00e1s gusta. No es solo cosa de unos pocos, cada vez sois m\u00e1s los que os enganch\u00e1is a la ACB. Una liga que tiene equipos de la talla del Real Madrid, el Bar\u00e7a o el Baskonia, y que levantan la grada y hacen que el pabell\u00f3n se venga arriba.<\/p>\n\n\n\n<p>Y no os olvid\u00e9is de la NBA y la Euroliga, que aqu\u00ed tambi\u00e9n tienen un mont\u00f3n de fans que no se pierden ni un partido. El baloncesto es un no parar de emoci\u00f3n, con cuatro cuartos donde cada equipo se deja la piel en cada tiro y defendiendo a full. Los puntos caen a saco y los partidos suelen estar muy apretados, as\u00ed que la tensi\u00f3n est\u00e1 asegurada.<\/p>\n\n\n\n<p>Si quer\u00e9is apostar y no ir a lo loco, en Oddsium os traemos toda la info y los mejores trucos para que apost\u00e9is con cabeza.<\/p>\n\n\n\n<div id=\"ez-toc-container\" class=\"ez-toc-v2_0_81 counter-hierarchy ez-toc-counter ez-toc-grey ez-toc-container-direction\">\n<div class=\"ez-toc-title-container\">\n<p class=\"ez-toc-title\" style=\"cursor:inherit\">Table of Contents<\/p>\n<span class=\"ez-toc-title-toggle\"><a href=\"#\" class=\"ez-toc-pull-right ez-toc-btn ez-toc-btn-xs ez-toc-btn-default ez-toc-toggle\" aria-label=\"Toggle Table of Content\"><span class=\"ez-toc-js-icon-con\"><span class=\"\"><span class=\"eztoc-hide\" style=\"display:none;\">Toggle<\/span><span class=\"ez-toc-icon-toggle-span\"><svg style=\"fill: #999;color:#999\" xmlns=\"http:\/\/www.w3.org\/2000\/svg\" class=\"list-377408\" width=\"20px\" height=\"20px\" viewBox=\"0 0 24 24\" fill=\"none\"><path d=\"M6 6H4v2h2V6zm14 0H8v2h12V6zM4 11h2v2H4v-2zm16 0H8v2h12v-2zM4 16h2v2H4v-2zm16 0H8v2h12v-2z\" fill=\"currentColor\"><\/path><\/svg><svg style=\"fill: #999;color:#999\" class=\"arrow-unsorted-368013\" xmlns=\"http:\/\/www.w3.org\/2000\/svg\" width=\"10px\" height=\"10px\" viewBox=\"0 0 24 24\" version=\"1.2\" baseProfile=\"tiny\"><path d=\"M18.2 9.3l-6.2-6.3-6.2 6.3c-.2.2-.3.4-.3.7s.1.5.3.7c.2.2.4.3.7.3h11c.3 0 .5-.1.7-.3.2-.2.3-.5.3-.7s-.1-.5-.3-.7zM5.8 14.7l6.2 6.3 6.2-6.3c.2-.2.3-.5.3-.7s-.1-.5-.3-.7c-.2-.2-.4-.3-.7-.3h-11c-.3 0-.5.1-.7.3-.2.2-.3.5-.3.7s.1.5.3.7z\"\/><\/svg><\/span><\/span><\/span><\/a><\/span><\/div>\n<nav><ul class='ez-toc-list ez-toc-list-level-1 ' ><li class='ez-toc-page-1 ez-toc-heading-level-2'><a class=\"ez-toc-link ez-toc-heading-1\" href=\"https:\/\/oddsium.com\/es\/sports\/baloncesto\/#los-torneos-que-mas-molan-para-apostar-en-baloncesto\" >Los torneos que m\u00e1s molan para apostar en baloncesto<\/a><\/li><li class='ez-toc-page-1 ez-toc-heading-level-2'><a class=\"ez-toc-link ez-toc-heading-2\" href=\"https:\/\/oddsium.com\/es\/sports\/baloncesto\/#mercados-populares-para-apostar-en-baloncesto\" >Mercados populares para apostar en baloncesto<\/a><\/li><li class='ez-toc-page-1 ez-toc-heading-level-2'><a class=\"ez-toc-link ez-toc-heading-3\" href=\"https:\/\/oddsium.com\/es\/sports\/baloncesto\/#%c2%bfdonde-centrar-la-atencion-en-el-baloncesto\" >\u00bfD\u00f3nde centrar la atenci\u00f3n en el baloncesto?<\/a><ul class='ez-toc-list-level-3' ><li class='ez-toc-heading-level-3'><a class=\"ez-toc-link ez-toc-heading-4\" href=\"https:\/\/oddsium.com\/es\/sports\/baloncesto\/#%f0%9f%8f%80-jugador-con-mas-puntos\" >\ud83c\udfc0 Jugador con m\u00e1s puntos<\/a><\/li><li class='ez-toc-page-1 ez-toc-heading-level-3'><a class=\"ez-toc-link ez-toc-heading-5\" href=\"https:\/\/oddsium.com\/es\/sports\/baloncesto\/#%e2%9b%b9%ef%b8%8f-series-de-partidos\" >\u26f9\ufe0f Series de partidos<\/a><\/li><li class='ez-toc-page-1 ez-toc-heading-level-3'><a class=\"ez-toc-link ez-toc-heading-6\" href=\"https:\/\/oddsium.com\/es\/sports\/baloncesto\/#%e2%8f%b3-apuestas-a-largo-plazo\" >\u23f3 Apuestas a largo plazo<\/a><\/li><li class='ez-toc-page-1 ez-toc-heading-level-3'><a class=\"ez-toc-link ez-toc-heading-7\" href=\"https:\/\/oddsium.com\/es\/sports\/baloncesto\/#%f0%9f%8e%af-apuestas-en-vivo\" >\ud83c\udfaf Apuestas en vivo<\/a><\/li><\/ul><\/li><li class='ez-toc-page-1 ez-toc-heading-level-2'><a class=\"ez-toc-link ez-toc-heading-8\" href=\"https:\/\/oddsium.com\/es\/sports\/baloncesto\/#%c2%bfdonde-apostar-en-baloncesto-desde-espana\" >\u00bfD\u00f3nde apostar en baloncesto desde Espa\u00f1a?<\/a><\/li><li class='ez-toc-page-1 ez-toc-heading-level-2'><a class=\"ez-toc-link ez-toc-heading-9\" href=\"https:\/\/oddsium.com\/es\/sports\/baloncesto\/#consejos-para-que-aposteis-mejor-en-baloncesto\" >Consejos para que apost\u00e9is mejor en baloncesto<\/a><\/li><li class='ez-toc-page-1 ez-toc-heading-level-2'><a class=\"ez-toc-link ez-toc-heading-10\" href=\"https:\/\/oddsium.com\/es\/sports\/baloncesto\/#%f0%9f%8e%afconclusion\" >\ud83c\udfafConclusi\u00f3n<\/a><\/li><\/ul><\/nav><\/div>\n<h2 class=\"wp-block-heading\"><span class=\"ez-toc-section\" id=\"los-torneos-que-mas-molan-para-apostar-en-baloncesto\"><\/span><strong>Los torneos que m\u00e1s molan para apostar en baloncesto<\/strong><span class=\"ez-toc-section-end\"><\/span><\/h2>\n\n\n\n<p>Aqu\u00ed ten\u00e9is los campeonatos que m\u00e1s mueven la cosa y donde pod\u00e9is pillar las mejores oportunidades para apostar:<\/p>\n\n\n\n<figure class=\"wp-block-table\"><table class=\"has-fixed-layout\"><tbody><tr><td><strong>Torneo \/ Evento<\/strong><\/td><td><strong>Qu\u00e9 ten\u00e9is que saber<\/strong><\/td><\/tr><tr><td>\ud83c\udfc0 NBA<\/td><td>La liga m\u00e1s seguida del mundo, con m\u00e1s de 1.200 partidos al a\u00f1o.<\/td><\/tr><tr><td>\ud83c\udf0d Euroliga<\/td><td>Torneo europeo con 18 equipos top, fase regular, playoffs y Final Four.<\/td><\/tr><tr><td>\ud83e\udd47Liga ACB (Espa\u00f1a)<\/td><td>La liga espa\u00f1ola con 18 equipos, temporada regular y playoffs a tope.<\/td><\/tr><tr><td>\ud83c\udf10 Campeonatos internacionales<\/td><td>Juegos Ol\u00edmpicos y Mundiales, con las mejores selecciones del mundo.<\/td><\/tr><\/tbody><\/table><\/figure>\n\n\n\n<p><em>\ud83d\udccc En Espa\u00f1a, estas competiciones son las que m\u00e1s mueven la pasta en apuestas de baloncesto.<\/em><\/p>\n\n\n\n<h2 class=\"wp-block-heading\"><span class=\"ez-toc-section\" id=\"mercados-populares-para-apostar-en-baloncesto\"><\/span><strong>Mercados populares para apostar en baloncesto<\/strong><span class=\"ez-toc-section-end\"><\/span><\/h2>\n\n\n\n<p>Si est\u00e1is empezando, estos son los mercados que m\u00e1s se mueven y que ten\u00e9is que conocer:<\/p>\n\n\n\n<figure class=\"wp-block-table\"><table class=\"has-fixed-layout\"><tbody><tr><td><strong>Mercado<\/strong><\/td><td><strong>Qu\u00e9 es y cu\u00e1ndo os interesa<\/strong><\/td><\/tr><tr><td>\ud83c\udfc6 Ganador del partido<\/td><td>Apostad por qui\u00e9n cre\u00e9is que gana, sin empates.<\/td><\/tr><tr><td>\u2795\u2796 H\u00e1ndicap de puntos<\/td><td>Se dan o quitan puntos para equilibrar las apuestas entre equipos.<\/td><\/tr><tr><td>\ud83d\udd22 Total de puntos<\/td><td>Apostad si la suma total ser\u00e1 m\u00e1s (Over) o menos (Under) que un n\u00famero.<\/td><\/tr><tr><td>\ud83d\udd52 Ganador por cuartos<\/td><td>Elegid qui\u00e9n gana un cuarto o mitad, sin importar el resultado final.<\/td><\/tr><tr><td>\ud83d\udc64 Actuaciones individuales<\/td><td>Apostad por puntos, rebotes, asistencias de jugadores.<\/td><\/tr><tr><td>\ud83d\udccf Margen de victoria<\/td><td>Pronosticad la diferencia exacta o rango de puntos con que ganar\u00e1 un equipo.<\/td><\/tr><tr><td>\ud83e\udd47 Primer equipo en anotar<\/td><td>Apostad qui\u00e9n meter\u00e1 la primera canasta.<\/td><\/tr><tr><td>\ud83d\udcca Total de puntos por equipo<\/td><td>Apostad si un equipo anotar\u00e1 m\u00e1s o menos que un n\u00famero dado.<\/td><\/tr><\/tbody><\/table><\/figure>\n\n\n\n<h2 class=\"wp-block-heading\"><span class=\"ez-toc-section\" id=\"%c2%bfdonde-centrar-la-atencion-en-el-baloncesto\"><\/span><strong>\u00bfD\u00f3nde centrar la atenci\u00f3n en el baloncesto?<\/strong><span class=\"ez-toc-section-end\"><\/span><\/h2>\n\n\n\n<p>Cuando vais a apostar en baloncesto, no todo es cuesti\u00f3n de suerte. Hay ciertos puntos clave en los que deb\u00e9is fijaros para aumentar vuestras opciones de ganar:<\/p>\n\n\n\n<h3 class=\"wp-block-heading\"><span class=\"ez-toc-section\" id=\"%f0%9f%8f%80-jugador-con-mas-puntos\"><\/span>\ud83c\udfc0 Jugador con m\u00e1s puntos<span class=\"ez-toc-section-end\"><\/span><\/h3>\n\n\n\n<p>Fijaros en qui\u00e9n va a ser el m\u00e1ximo anotador puede marcar la diferencia. A veces, aunque su equipo pierda, ese jugador puede dar mucho juego y hacer que vuestra apuesta salga bien.<\/p>\n\n\n\n<h3 class=\"wp-block-heading\"><span class=\"ez-toc-section\" id=\"%e2%9b%b9%ef%b8%8f-series-de-partidos\"><\/span>\u26f9\ufe0f Series de partidos<span class=\"ez-toc-section-end\"><\/span><\/h3>\n\n\n\n<p>No mir\u00e9is solo un partido suelto. Analizad c\u00f3mo rinde un equipo en varias fechas seguidas. As\u00ed pod\u00e9is apostar a largo plazo con m\u00e1s cabeza y no dejaros llevar por un solo resultado.<\/p>\n\n\n\n<h3 class=\"wp-block-heading\"><span class=\"ez-toc-section\" id=\"%e2%8f%b3-apuestas-a-largo-plazo\"><\/span>\u23f3 Apuestas a largo plazo<span class=\"ez-toc-section-end\"><\/span><\/h3>\n\n\n\n<p>Aqu\u00ed toca tener paciencia. Apostar por qui\u00e9n ser\u00e1 campe\u00f3n o MVP puede tardar en dar frutos, pero si acert\u00e1is, la recompensa suele ser buena.<\/p>\n\n\n\n<h3 class=\"wp-block-heading\"><span class=\"ez-toc-section\" id=\"%f0%9f%8e%af-apuestas-en-vivo\"><\/span>\ud83c\udfaf Apuestas en vivo<span class=\"ez-toc-section-end\"><\/span><\/h3>\n\n\n\n<p>El baloncesto es r\u00e1pido y el partido puede cambiar en un abrir y cerrar de ojos, sobre todo en el \u00faltimo cuarto. Si est\u00e1is atentos y sab\u00e9is leer el juego, pod\u00e9is reaccionar r\u00e1pido y sacar ventaja con apuestas en directo.<\/p>\n\n\n\n<h2 class=\"wp-block-heading\"><span class=\"ez-toc-section\" id=\"%c2%bfdonde-apostar-en-baloncesto-desde-espana\"><\/span><strong>\u00bfD\u00f3nde apostar en baloncesto desde Espa\u00f1a?<\/strong><span class=\"ez-toc-section-end\"><\/span><\/h2>\n\n\n\n<p>Estas casas de apuestas tienen <a href=\"https:\/\/www.ordenacionjuego.es\/operadores-juego\/operadores-licencia\/operadores\" title=\"\">licencia <strong>DGOJ <\/strong><\/a>y son las que m\u00e1s confianza os pueden dar para apostar sin l\u00edos:<\/p>\n\n\n\n<figure class=\"wp-block-table\"><table class=\"has-fixed-layout\"><tbody><tr><td><strong>Casa de Apuestas<\/strong><\/td><td><strong>Ventajas y bonos destacados<\/strong><\/td><\/tr><tr><td>William Hill<\/td><td>Marca hist\u00f3rica, con apuestas en directo y promociones frecuentes.<\/td><\/tr><tr><td>Codere<\/td><td>Casa espa\u00f1ola con buena oferta, bonos hasta 200\u202f\u20ac y app muy intuitiva.<\/td><\/tr><tr><td>Bet365<\/td><td>Amplia oferta, apuestas en vivo con estad\u00edsticas y bono hasta 100\u202f\u20ac.<\/td><\/tr><tr><td>Oddsium<\/td><td>Comparador de cuotas y an\u00e1lisis para que gan\u00e9is m\u00e1s.<\/td><\/tr><\/tbody><\/table><\/figure>\n\n\n\n<p><em>\ud83d\udccc Estas casas son seguras, tienen licencia DGOJ y ofrecen una experiencia fiable y completa para que pod\u00e1is apostar tranquilos.<\/em><\/p>\n\n\n\n<h2 class=\"wp-block-heading\"><span class=\"ez-toc-section\" id=\"consejos-para-que-aposteis-mejor-en-baloncesto\"><\/span><strong>Consejos para que apost\u00e9is mejor en baloncesto<\/strong><span class=\"ez-toc-section-end\"><\/span><\/h2>\n\n\n\n<figure class=\"wp-block-image size-large\"><img loading=\"lazy\" decoding=\"async\" width=\"1024\" height=\"726\" src=\"https:\/\/oddsium.com\/es\/wp-content\/uploads\/sites\/11\/2025\/09\/balon-profesional-para-jugar-basquet-1-1024x726.jpg\" alt=\"\" class=\"wp-image-474\" srcset=\"https:\/\/oddsium.com\/es\/wp-content\/uploads\/sites\/11\/2025\/09\/balon-profesional-para-jugar-basquet-1-1024x726.jpg 1024w, https:\/\/oddsium.com\/es\/wp-content\/uploads\/sites\/11\/2025\/09\/balon-profesional-para-jugar-basquet-1-300x213.jpg 300w, https:\/\/oddsium.com\/es\/wp-content\/uploads\/sites\/11\/2025\/09\/balon-profesional-para-jugar-basquet-1-768x545.jpg 768w, https:\/\/oddsium.com\/es\/wp-content\/uploads\/sites\/11\/2025\/09\/balon-profesional-para-jugar-basquet-1-1536x1090.jpg 1536w, https:\/\/oddsium.com\/es\/wp-content\/uploads\/sites\/11\/2025\/09\/balon-profesional-para-jugar-basquet-1.jpg 1748w\" sizes=\"auto, (max-width: 1024px) 100vw, 1024px\" \/><\/figure>\n\n\n\n<p><strong>\ud83d\udcaa Fijaos en el estado f\u00edsico y mental de los jugadores:<\/strong> un lesionado o cansado puede cambiar el partido.<\/p>\n\n\n\n<p><strong>\ud83d\udd04 Mirad el historial de enfrentamientos:<\/strong> algunos equipos tienen ventaja psicol\u00f3gica o t\u00e1ctica.<\/p>\n\n\n\n<p><strong>\ud83c\udfdf\ufe0f No subestim\u00e9is la local\u00eda<\/strong>: jugar en casa suele ser un plus importante.<\/p>\n\n\n\n<p><strong>\u23f0 Estad atentos a la info en tiempo real<\/strong>: lesiones o cambios de \u00faltima hora pueden modificar las cuotas en vivo.<\/p>\n\n\n\n<p><em>\ud83d\udccc Si sois fans del baloncesto, seguir las estad\u00edsticas os dar\u00e1 el poder para hacer apuestas ganadoras.<\/em><\/p>\n\n\n\n<h2 class=\"wp-block-heading\"><span class=\"ez-toc-section\" id=\"%f0%9f%8e%afconclusion\"><\/span><strong>\ud83c\udfafConclusi\u00f3n<\/strong><span class=\"ez-toc-section-end\"><\/span><\/h2>\n\n\n\n<p>Apostar en baloncesto puede ser un fil\u00f3n si us\u00e1is un buen an\u00e1lisis y gestion\u00e1is bien el riesgo. En Oddsium os recomendamos aprovechar las apuestas en vivo para ajustar vuestras jugadas seg\u00fan c\u00f3mo vaya el partido. <\/p>\n\n\n\n<p>Adem\u00e1s, es fundamental hacer una <a href=\"https:\/\/oddsium.com\/es\/odds\/\" title=\"\">comparaci\u00f3n de las mejores cuotas en Espa\u00f1a<\/a> para sacar el m\u00e1ximo partido a cada apuesta y aumentar vuestras ganancias potenciales.&nbsp;<\/p>\n","protected":false},"excerpt":{"rendered":"<p>Si pregunt\u00e1is qu\u00e9 deporte est\u00e1 pet\u00e1ndolo en Espa\u00f1a aparte del f\u00fatbol, el baloncesto es, sin duda, uno de los que m\u00e1s gusta. No es solo cosa de unos pocos, cada vez sois m\u00e1s los que os enganch\u00e1is a la ACB. Una liga que tiene equipos de la talla del Real Madrid, el Bar\u00e7a o el [&hellip;]<\/p>\n","protected":false},"author":8,"featured_media":0,"parent":88,"menu_order":0,"comment_status":"closed","ping_status":"closed","template":"sports.php","meta":{"_acf_changed":false,"om_disable_all_campaigns":false,"footnotes":""},"class_list":["post-194","page","type-page","status-publish","hentry"],"acf":[],"aioseo_notices":[],"_links":{"self":[{"href":"https:\/\/oddsium.com\/es\/wp-json\/wp\/v2\/pages\/194","targetHints":{"allow":["GET"]}}],"collection":[{"href":"https:\/\/oddsium.com\/es\/wp-json\/wp\/v2\/pages"}],"about":[{"href":"https:\/\/oddsium.com\/es\/wp-json\/wp\/v2\/types\/page"}],"author":[{"embeddable":true,"href":"https:\/\/oddsium.com\/es\/wp-json\/wp\/v2\/users\/8"}],"replies":[{"embeddable":true,"href":"https:\/\/oddsium.com\/es\/wp-json\/wp\/v2\/comments?post=194"}],"version-history":[{"count":0,"href":"https:\/\/oddsium.com\/es\/wp-json\/wp\/v2\/pages\/194\/revisions"}],"up":[{"embeddable":true,"href":"https:\/\/oddsium.com\/es\/wp-json\/wp\/v2\/pages\/88"}],"wp:attachment":[{"href":"https:\/\/oddsium.com\/es\/wp-json\/wp\/v2\/media?parent=194"}],"curies":[{"name":"wp","href":"https:\/\/api.w.org\/{rel}","templated":true}]}}