{"id":203,"date":"2025-05-20T07:55:25","date_gmt":"2025-05-20T07:55:25","guid":{"rendered":"https:\/\/oddsium.wpenginepowered.com\/es\/?page_id=203"},"modified":"2025-06-30T18:42:32","modified_gmt":"2025-06-30T18:42:32","slug":"sitemap","status":"publish","type":"page","link":"https:\/\/oddsium.com\/es\/sitemap\/","title":{"rendered":"Mapa de sitio"},"content":{"rendered":"\n<div class=\"wsp-container\"><div id=\"ez-toc-container\" class=\"ez-toc-v2_0_81 counter-hierarchy ez-toc-counter ez-toc-grey ez-toc-container-direction\">\n<div class=\"ez-toc-title-container\">\n<p class=\"ez-toc-title\" style=\"cursor:inherit\">Table of Contents<\/p>\n<span class=\"ez-toc-title-toggle\"><a href=\"#\" class=\"ez-toc-pull-right ez-toc-btn ez-toc-btn-xs ez-toc-btn-default ez-toc-toggle\" aria-label=\"Toggle Table of Content\"><span class=\"ez-toc-js-icon-con\"><span class=\"\"><span class=\"eztoc-hide\" style=\"display:none;\">Toggle<\/span><span class=\"ez-toc-icon-toggle-span\"><svg style=\"fill: #999;color:#999\" xmlns=\"http:\/\/www.w3.org\/2000\/svg\" class=\"list-377408\" width=\"20px\" height=\"20px\" viewBox=\"0 0 24 24\" fill=\"none\"><path d=\"M6 6H4v2h2V6zm14 0H8v2h12V6zM4 11h2v2H4v-2zm16 0H8v2h12v-2zM4 16h2v2H4v-2zm16 0H8v2h12v-2z\" fill=\"currentColor\"><\/path><\/svg><svg style=\"fill: #999;color:#999\" class=\"arrow-unsorted-368013\" xmlns=\"http:\/\/www.w3.org\/2000\/svg\" width=\"10px\" height=\"10px\" viewBox=\"0 0 24 24\" version=\"1.2\" baseProfile=\"tiny\"><path d=\"M18.2 9.3l-6.2-6.3-6.2 6.3c-.2.2-.3.4-.3.7s.1.5.3.7c.2.2.4.3.7.3h11c.3 0 .5-.1.7-.3.2-.2.3-.5.3-.7s-.1-.5-.3-.7zM5.8 14.7l6.2 6.3 6.2-6.3c.2-.2.3-.5.3-.7s-.1-.5-.3-.7c-.2-.2-.4-.3-.7-.3h-11c-.3 0-.5.1-.7.3-.2.2-.3.5-.3.7s.1.5.3.7z\"\/><\/svg><\/span><\/span><\/span><\/a><\/span><\/div>\n<nav><ul class='ez-toc-list ez-toc-list-level-1 ' ><li class='ez-toc-page-1 ez-toc-heading-level-2'><a class=\"ez-toc-link ez-toc-heading-1\" href=\"https:\/\/oddsium.com\/es\/sitemap\/#pages\" >Pages<\/a><\/li><li class='ez-toc-page-1 ez-toc-heading-level-2'><a class=\"ez-toc-link ez-toc-heading-2\" href=\"https:\/\/oddsium.com\/es\/sitemap\/#operators\" >Operators<\/a><\/li><li class='ez-toc-page-1 ez-toc-heading-level-2'><a class=\"ez-toc-link ez-toc-heading-3\" href=\"https:\/\/oddsium.com\/es\/sitemap\/#guides\" >Guides<\/a><\/li><\/ul><\/nav><\/div>\n<h2 class=\"wsp-pages-title\"><span class=\"ez-toc-section\" id=\"pages\"><\/span>Pages<span class=\"ez-toc-section-end\"><\/span><\/h2>\n<ul class=\"wsp-pages-list\">\n<li class=\"page_item page-item-245\"><a href=\"https:\/\/oddsium.com\/es\/about-oddsium\/\">Acerca de Oddsium<\/a><\/li>\n<li class=\"page_item page-item-88 page_item_has_children\"><a href=\"https:\/\/oddsium.com\/es\/sports\/\">Apuestas Deportivas\u00a0<\/a>\n<ul class='children'>\n\t<li class=\"page_item page-item-205\"><a href=\"https:\/\/oddsium.com\/es\/sports\/futbol-americano\/\">Apuestas de F\u00fatbol Americano<\/a><\/li>\n\t<li class=\"page_item page-item-195\"><a href=\"https:\/\/oddsium.com\/es\/sports\/badminton\/\">Apuestas en B\u00e1dminton<\/a><\/li>\n\t<li class=\"page_item page-item-194\"><a href=\"https:\/\/oddsium.com\/es\/sports\/baloncesto\/\">Apuestas en Baloncesto<\/a><\/li>\n\t<li class=\"page_item page-item-180\"><a href=\"https:\/\/oddsium.com\/es\/sports\/balonmano\/\">Apuestas en Balonmano<\/a><\/li>\n\t<li class=\"page_item page-item-191\"><a href=\"https:\/\/oddsium.com\/es\/sports\/beisbol\/\">Apuestas en B\u00e9isbol<\/a><\/li>\n\t<li class=\"page_item page-item-186\"><a href=\"https:\/\/oddsium.com\/es\/sports\/boxeo\/\">Apuestas en Boxeo<\/a><\/li>\n\t<li class=\"page_item page-item-207\"><a href=\"https:\/\/oddsium.com\/es\/sports\/carreras-de-caballos\/\">Apuestas en Carreras de caballos<\/a><\/li>\n\t<li class=\"page_item page-item-190\"><a href=\"https:\/\/oddsium.com\/es\/sports\/ciclismo\/\">Apuestas en Ciclismo<\/a><\/li>\n\t<li class=\"page_item page-item-212\"><a href=\"https:\/\/oddsium.com\/es\/sports\/criquet\/\">Apuestas en Cr\u00edquet<\/a><\/li>\n\t<li class=\"page_item page-item-211\"><a href=\"https:\/\/oddsium.com\/es\/sports\/dardos\/\">Apuestas en Dardos<\/a><\/li>\n\t<li class=\"page_item page-item-197\"><a href=\"https:\/\/oddsium.com\/es\/sports\/deportes-de-motor\/\">Apuestas en Deportes de motor<\/a><\/li>\n\t<li class=\"page_item page-item-217\"><a href=\"https:\/\/oddsium.com\/es\/sports\/esport\/\">Apuestas en eSport<\/a><\/li>\n\t<li class=\"page_item page-item-216\"><a href=\"https:\/\/oddsium.com\/es\/sports\/formula-1\/\">Apuestas en F\u00f3rmula 1<\/a><\/li>\n\t<li class=\"page_item page-item-189\"><a href=\"https:\/\/oddsium.com\/es\/sports\/futbol\/\">Apuestas en F\u00fatbol<\/a><\/li>\n\t<li class=\"page_item page-item-208\"><a href=\"https:\/\/oddsium.com\/es\/sports\/golf\/\">Apuestas en Golf<\/a><\/li>\n\t<li class=\"page_item page-item-178\"><a href=\"https:\/\/oddsium.com\/es\/sports\/hockey-sobre-hielo\/\">Apuestas en Hockey sobre hielo<\/a><\/li>\n\t<li class=\"page_item page-item-215\"><a href=\"https:\/\/oddsium.com\/es\/sports\/mma\/\">Apuestas en MMA<\/a><\/li>\n\t<li class=\"page_item page-item-214\"><a href=\"https:\/\/oddsium.com\/es\/sports\/motogp\/\">Apuestas en MotoGP<\/a><\/li>\n\t<li class=\"page_item page-item-184\"><a href=\"https:\/\/oddsium.com\/es\/sports\/rally\/\">Apuestas en Rally<\/a><\/li>\n\t<li class=\"page_item page-item-185\"><a href=\"https:\/\/oddsium.com\/es\/sports\/rugby\/\">Apuestas en Rugby<\/a><\/li>\n\t<li class=\"page_item page-item-182\"><a href=\"https:\/\/oddsium.com\/es\/sports\/snooker\/\">Apuestas en Snooker<\/a><\/li>\n\t<li class=\"page_item page-item-181\"><a href=\"https:\/\/oddsium.com\/es\/sports\/tenis\/\">Apuestas en Tenis<\/a><\/li>\n\t<li class=\"page_item page-item-196\"><a href=\"https:\/\/oddsium.com\/es\/sports\/tenis-de-mesa\/\">Apuestas en Tenis de mesa<\/a><\/li>\n\t<li class=\"page_item page-item-198\"><a href=\"https:\/\/oddsium.com\/es\/sports\/ufc\/\">Apuestas en UFC<\/a><\/li>\n\t<li class=\"page_item page-item-210\"><a href=\"https:\/\/oddsium.com\/es\/sports\/voleibol\/\">Apuestas en Voleibol<\/a><\/li>\n\t<li class=\"page_item page-item-187\"><a href=\"https:\/\/oddsium.com\/es\/sports\/waterpolo\/\">Apuestas en Waterpolo<\/a><\/li>\n<\/ul>\n<\/li>\n<li class=\"page_item page-item-89 page_item_has_children\"><a href=\"https:\/\/oddsium.com\/es\/betting\/\">Casas de Apuestas<\/a>\n<ul class='children'>\n\t<li class=\"page_item page-item-231\"><a href=\"https:\/\/oddsium.com\/es\/betting\/mejores-bonos-de-apuestas-online-en-espana\/\">Mejores bonos de apuestas online en Espa\u00f1a<\/a><\/li>\n\t<li class=\"page_item page-item-234\"><a href=\"https:\/\/oddsium.com\/es\/betting\/mejores-codigos-promocionales-en-apuestas-online-en-espana\/\">Mejores c\u00f3digos promocionales en apuestas online en Espa\u00f1a<\/a><\/li>\n\t<li class=\"page_item page-item-232\"><a href=\"https:\/\/oddsium.com\/es\/betting\/mejores-sitios-con-apuestas-gratuitas-en-espana\/\">Mejores sitios con apuestas gratuitas en Espa\u00f1a<\/a><\/li>\n\t<li class=\"page_item page-item-225\"><a href=\"https:\/\/oddsium.com\/es\/betting\/mejores-sitios-de-apuestas-con-app-movil-en-espana\/\">Mejores sitios de apuestas con app m\u00f3vil en Espa\u00f1a<\/a><\/li>\n\t<li class=\"page_item page-item-233\"><a href=\"https:\/\/oddsium.com\/es\/betting\/mejores-sitios-de-apuestas-con-bet-builder-en-espana\/\">Mejores sitios de apuestas con Bet Builder en Espa\u00f1a<\/a><\/li>\n\t<li class=\"page_item page-item-228\"><a href=\"https:\/\/oddsium.com\/es\/betting\/mejores-sitios-de-apuestas-con-cashback-en-espana\/\">Mejores sitios de apuestas con cashback en Espa\u00f1a<\/a><\/li>\n\t<li class=\"page_item page-item-224\"><a href=\"https:\/\/oddsium.com\/es\/betting\/mejores-sitios-de-apuestas-con-cashout-en-espana\/\">Mejores sitios de apuestas con Cashout en Espa\u00f1a<\/a><\/li>\n\t<li class=\"page_item page-item-230\"><a href=\"https:\/\/oddsium.com\/es\/betting\/mejores-sitios-de-apuestas-con-cuotas-mejoradas-en-espana\/\">Mejores sitios de apuestas con cuotas mejoradas en Espa\u00f1a<\/a><\/li>\n\t<li class=\"page_item page-item-229\"><a href=\"https:\/\/oddsium.com\/es\/betting\/mejores-sitios-de-apuestas-con-paysafecard\/\">Mejores sitios de apuestas con PaysafeCard<\/a><\/li>\n\t<li class=\"page_item page-item-223\"><a href=\"https:\/\/oddsium.com\/es\/betting\/mejores-sitios-de-apuestas-con-streaming\/\">Mejores sitios de apuestas con streaming en vivo<\/a><\/li>\n\t<li class=\"page_item page-item-227\"><a href=\"https:\/\/oddsium.com\/es\/betting\/mejores-sitios-para-apuestas-en-vivo-en-espana\/\">Mejores sitios para apuestas en vivo en Espa\u00f1a<\/a><\/li>\n\t<li class=\"page_item page-item-226\"><a href=\"https:\/\/oddsium.com\/es\/betting\/nuevos-sitios-de-apuestas-en-espana\/\">Nuevos sitios de apuestas en Espa\u00f1a<\/a><\/li>\n<\/ul>\n<\/li>\n<li class=\"page_item page-item-90 page_item_has_children\"><a href=\"https:\/\/oddsium.com\/es\/odds\/\">Comparaci\u00f3n de cuotas<\/a>\n<ul class='children'>\n\t<li class=\"page_item page-item-238\"><a href=\"https:\/\/oddsium.com\/es\/odds\/comparacion-de-las-mejores-cuotas-de-baloncesto\/\">Comparaci\u00f3n de las mejores cuotas de baloncesto<\/a><\/li>\n\t<li class=\"page_item page-item-237\"><a href=\"https:\/\/oddsium.com\/es\/odds\/comparacion-de-las-mejores-cuotas-de-beisbol\/\">Comparaci\u00f3n de las mejores cuotas de b\u00e9isbol<\/a><\/li>\n\t<li class=\"page_item page-item-236\"><a href=\"https:\/\/oddsium.com\/es\/odds\/comparacion-de-las-mejores-cuotas-de-futbol\/\">Comparaci\u00f3n de las mejores cuotas de f\u00fatbol\u00a0<\/a><\/li>\n\t<li class=\"page_item page-item-235\"><a href=\"https:\/\/oddsium.com\/es\/odds\/comparacion-de-las-mejores-cuotas-de-tenis\/\">Comparaci\u00f3n de las mejores cuotas de tenis<\/a><\/li>\n<\/ul>\n<\/li>\n<li class=\"page_item page-item-247\"><a href=\"https:\/\/oddsium.com\/es\/contact\/\">Contacto<\/a><\/li>\n<li class=\"page_item page-item-248\"><a href=\"https:\/\/oddsium.com\/es\/jobs\/\">Empleos<\/a><\/li>\n<li class=\"page_item page-item-203\"><a href=\"https:\/\/oddsium.com\/es\/sitemap\/\">Mapa de sitio<\/a><\/li>\n<li class=\"page_item page-item-91\"><a href=\"https:\/\/oddsium.com\/es\/casino\/\">Mejores Casino Online 2025<\/a><\/li>\n<li class=\"page_item page-item-7\"><a href=\"https:\/\/oddsium.com\/es\/\">Oddsium compara las apuestas online en Espa\u00f1a<\/a><\/li>\n<li class=\"page_item page-item-251\"><a href=\"https:\/\/oddsium.com\/es\/cookie-policy\/\">Pol\u00edtica de cookies<\/a><\/li>\n<li class=\"page_item page-item-250\"><a href=\"https:\/\/oddsium.com\/es\/privacy-policy\/\">Pol\u00edtica\u00a0de privacidad<\/a><\/li>\n<li class=\"page_item page-item-92\"><a href=\"https:\/\/oddsium.com\/es\/betting-predictions\/\">Pron\u00f3sticos<\/a><\/li>\n<li class=\"page_item page-item-280\"><a href=\"https:\/\/oddsium.com\/es\/coming-soon\/\">Proximamente<\/a><\/li>\n<li class=\"page_item page-item-249\"><a href=\"https:\/\/oddsium.com\/es\/advertising\/\">Publicidad<\/a><\/li>\n<\/ul>\n<h2 class=\"wsp-operatorss-title\"><span class=\"ez-toc-section\" id=\"operators\"><\/span>Operators<span class=\"ez-toc-section-end\"><\/span><\/h2>\n<ul class=\"wsp-operatorss-list\">\n<li><a href=\"https:\/\/oddsium.com\/es\/operators\/betsafe\/\">Betsafe<\/a><\/li>\n<li><a href=\"https:\/\/oddsium.com\/es\/operators\/betano\/\">Betano<\/a><\/li>\n<li><a href=\"https:\/\/oddsium.com\/es\/operators\/betsson\/\">Betsson<\/a><\/li>\n<\/ul>\n<h2 class=\"wsp-guidess-title\"><span class=\"ez-toc-section\" id=\"guides\"><\/span>Guides<span class=\"ez-toc-section-end\"><\/span><\/h2>\n<ul class=\"wsp-guidess-list\">\n<li><a href=\"https:\/\/oddsium.com\/es\/guides\/mejores-sitios-de-apuestas-para-ver-la-formula-1-en-streaming\/\">Mejores sitios de apuestas para ver la F\u00f3rmula 1 en streaming<\/a><\/li>\n<li><a href=\"https:\/\/oddsium.com\/es\/guides\/guia-de-apuestas-como-apostar-en-deportes-en-linea\/\">Gu\u00eda de apuestas: C\u00f3mo apostar en deportes en l\u00ednea<\/a><\/li>\n<li><a href=\"https:\/\/oddsium.com\/es\/guides\/guia-de-apuestas-de-f1-para-principiantes-todo-lo-que-debes-saber\/\">Gu\u00eda de apuestas de F1 para principiantes<\/a><\/li>\n<li><a href=\"https:\/\/oddsium.com\/es\/guides\/gestion-del-bankroll-juega-con-inteligencia\/\">Gesti\u00f3n del Bankroll: juega con inteligencia<\/a><\/li>\n<li><a href=\"https:\/\/oddsium.com\/es\/guides\/diccionario-de-apuestas-guia-definitiva-para-apostar-en-linea\/\">Diccionario de apuestas: Gu\u00eda definitiva para apostar en l\u00ednea<\/a><\/li>\n<li><a href=\"https:\/\/oddsium.com\/es\/guides\/como-hacer-apuestas-con-betsson\/\">C\u00f3mo hacer apuestas con Betsson<\/a><\/li>\n<li><a href=\"https:\/\/oddsium.com\/es\/guides\/guia-de-apuestas-de-tenis-para-principiantes\/\">Gu\u00eda de apuestas en tenis para principiantes<\/a><\/li>\n<\/ul>\n<\/div>\n","protected":false},"excerpt":{"rendered":"","protected":false},"author":3,"featured_media":0,"parent":0,"menu_order":0,"comment_status":"closed","ping_status":"closed","template":"","meta":{"_acf_changed":false,"om_disable_all_campaigns":false,"footnotes":""},"class_list":["post-203","page","type-page","status-publish","hentry"],"acf":[],"aioseo_notices":[],"_links":{"self":[{"href":"https:\/\/oddsium.com\/es\/wp-json\/wp\/v2\/pages\/203","targetHints":{"allow":["GET"]}}],"collection":[{"href":"https:\/\/oddsium.com\/es\/wp-json\/wp\/v2\/pages"}],"about":[{"href":"https:\/\/oddsium.com\/es\/wp-json\/wp\/v2\/types\/page"}],"author":[{"embeddable":true,"href":"https:\/\/oddsium.com\/es\/wp-json\/wp\/v2\/users\/3"}],"replies":[{"embeddable":true,"href":"https:\/\/oddsium.com\/es\/wp-json\/wp\/v2\/comments?post=203"}],"version-history":[{"count":0,"href":"https:\/\/oddsium.com\/es\/wp-json\/wp\/v2\/pages\/203\/revisions"}],"wp:attachment":[{"href":"https:\/\/oddsium.com\/es\/wp-json\/wp\/v2\/media?parent=203"}],"curies":[{"name":"wp","href":"https:\/\/api.w.org\/{rel}","templated":true}]}}