{"id":90,"date":"2025-05-05T10:33:38","date_gmt":"2025-05-05T10:33:38","guid":{"rendered":"https:\/\/oddsium.wpenginepowered.com\/es\/?page_id=90"},"modified":"2025-09-15T00:14:39","modified_gmt":"2025-09-15T00:14:39","slug":"odds","status":"publish","type":"page","link":"https:\/\/oddsium.com\/es\/odds\/","title":{"rendered":"Comparaci\u00f3n de cuotas"},"content":{"rendered":"\n<p>Apostar hoy en d\u00eda no es solo cuesti\u00f3n de suerte, sino de hacerlo con cabeza y conocimiento. Por eso, comparar cuotas es fundamental, ya que no todas las casas de apuestas os ofrecen lo mismo. Si busc\u00e1is la mejor cuota, pod\u00e9is multiplicar m\u00e1s vuestro dinero y mejorar vuestras ganancias a largo plazo. Por ejemplo, una diferencia peque\u00f1a en la cuota puede parecer insignificante, pero si apost\u00e1is con frecuencia o en combinadas, ese extra suma mucha pasta.&nbsp;<\/p>\n\n\n\n<p>Adem\u00e1s, con Oddsium pod\u00e9is ver en tiempo real d\u00f3nde est\u00e1n las cuotas m\u00e1s altas y toda la informaci\u00f3n que necesit\u00e1is para apostar con seguridad y estrategia. As\u00ed, a cada euro pod\u00e9is sacarle el m\u00e1ximo provecho.<\/p>\n\n\n\n<div id=\"ez-toc-container\" class=\"ez-toc-v2_0_81 counter-hierarchy ez-toc-counter ez-toc-grey ez-toc-container-direction\">\n<div class=\"ez-toc-title-container\">\n<p class=\"ez-toc-title\" style=\"cursor:inherit\">Table of Contents<\/p>\n<span class=\"ez-toc-title-toggle\"><a href=\"#\" class=\"ez-toc-pull-right ez-toc-btn ez-toc-btn-xs ez-toc-btn-default ez-toc-toggle\" aria-label=\"Toggle Table of Content\"><span class=\"ez-toc-js-icon-con\"><span class=\"\"><span class=\"eztoc-hide\" style=\"display:none;\">Toggle<\/span><span class=\"ez-toc-icon-toggle-span\"><svg style=\"fill: #999;color:#999\" xmlns=\"http:\/\/www.w3.org\/2000\/svg\" class=\"list-377408\" width=\"20px\" height=\"20px\" viewBox=\"0 0 24 24\" fill=\"none\"><path d=\"M6 6H4v2h2V6zm14 0H8v2h12V6zM4 11h2v2H4v-2zm16 0H8v2h12v-2zM4 16h2v2H4v-2zm16 0H8v2h12v-2z\" fill=\"currentColor\"><\/path><\/svg><svg style=\"fill: #999;color:#999\" class=\"arrow-unsorted-368013\" xmlns=\"http:\/\/www.w3.org\/2000\/svg\" width=\"10px\" height=\"10px\" viewBox=\"0 0 24 24\" version=\"1.2\" baseProfile=\"tiny\"><path d=\"M18.2 9.3l-6.2-6.3-6.2 6.3c-.2.2-.3.4-.3.7s.1.5.3.7c.2.2.4.3.7.3h11c.3 0 .5-.1.7-.3.2-.2.3-.5.3-.7s-.1-.5-.3-.7zM5.8 14.7l6.2 6.3 6.2-6.3c.2-.2.3-.5.3-.7s-.1-.5-.3-.7c-.2-.2-.4-.3-.7-.3h-11c-.3 0-.5.1-.7.3-.2.2-.3.5-.3.7s.1.5.3.7z\"\/><\/svg><\/span><\/span><\/span><\/a><\/span><\/div>\n<nav><ul class='ez-toc-list ez-toc-list-level-1 ' ><li class='ez-toc-page-1 ez-toc-heading-level-2'><a class=\"ez-toc-link ez-toc-heading-1\" href=\"https:\/\/oddsium.com\/es\/odds\/#%c2%bfcomparar-cuotas-os-ayuda-a-sacar-mas-partido-a-vuestro-dinero\" >\u00bfComparar cuotas os ayuda a sacar m\u00e1s partido a vuestro dinero?<\/a><\/li><li class='ez-toc-page-1 ez-toc-heading-level-2'><a class=\"ez-toc-link ez-toc-heading-2\" href=\"https:\/\/oddsium.com\/es\/odds\/#%c2%bfpor-que-es-vital-comparar-cuotas-en-espana\" >\u00bfPor qu\u00e9 es vital comparar cuotas en Espa\u00f1a?<\/a><\/li><li class='ez-toc-page-1 ez-toc-heading-level-2'><a class=\"ez-toc-link ez-toc-heading-3\" href=\"https:\/\/oddsium.com\/es\/odds\/#%c2%bfque-mercados-deberiais-tener-en-cuenta\" >\u00bfQu\u00e9 mercados deber\u00edais tener en cuenta?<\/a><\/li><li class='ez-toc-page-1 ez-toc-heading-level-2'><a class=\"ez-toc-link ez-toc-heading-4\" href=\"https:\/\/oddsium.com\/es\/odds\/#oddsium-la-plataforma-que-revoluciona-la-comparacion-de-cuotas-en-espana\" >Oddsium: la plataforma que revoluciona la comparaci\u00f3n de cuotas en Espa\u00f1a<\/a><\/li><li class='ez-toc-page-1 ez-toc-heading-level-2'><a class=\"ez-toc-link ez-toc-heading-5\" href=\"https:\/\/oddsium.com\/es\/odds\/#%c2%bfvale-la-pena-invertir-tiempo-en-comparar-cuotas\" >\u00bfVale la pena invertir tiempo en comparar cuotas?<\/a><\/li><\/ul><\/nav><\/div>\n<h2 class=\"wp-block-heading\"><span class=\"ez-toc-section\" id=\"%c2%bfcomparar-cuotas-os-ayuda-a-sacar-mas-partido-a-vuestro-dinero\"><\/span>\u00bfComparar cuotas os ayuda a sacar m\u00e1s partido a vuestro dinero?<span class=\"ez-toc-section-end\"><\/span><\/h2>\n\n\n\n<p>Pensad en las cuotas como si fueran los precios de un mismo producto en diferentes tiendas. El partido y el resultado son iguales, pero las ganancias que os ofrecen var\u00edan. En las apuestas, las cuotas definen cu\u00e1nto pod\u00e9is ganar si acert\u00e1is. Eso s\u00ed, no todas las casas de apuestas ofrecen las mismas oportunidades.<\/p>\n\n\n\n<p><strong>\ud83d\udccc Ejemplo:<\/strong><\/p>\n\n\n\n<p><strong>\u2705Betsson<\/strong>: cuota 1,75 \u2192 ganancia de 7,50 \u20ac si apost\u00e1is 10 \u20ac<\/p>\n\n\n\n<p><strong>\u2705Betway<\/strong>: cuota 1,85 \u2192 ganancia de 8,50 \u20ac con la misma apuesta<\/p>\n\n\n\n<p>Como veis, hay un margen extra de <strong>1 \u20ac <\/strong>que puede parecer poco, pero si apost\u00e1is seguido o hac\u00e9is varias combinadas, ese extra se convierte en mucho dinero. Usar las casas de apuestas con <a href=\"https:\/\/www.ordenacionjuego.es\/operadores-juego\/operadores-licencia\/operadores\" title=\"\">licencia DGOJ <\/a>es clave para que gan\u00e9is con seguridad y sin movidas raras.\u00a0<\/p>\n\n\n\n<h2 class=\"wp-block-heading\"><span class=\"ez-toc-section\" id=\"%c2%bfpor-que-es-vital-comparar-cuotas-en-espana\"><\/span>\u00bfPor qu\u00e9 es vital comparar cuotas en Espa\u00f1a?<span class=\"ez-toc-section-end\"><\/span><\/h2>\n\n\n\n<p>El mercado de <a href=\"https:\/\/oddsium.com\/es\/sports\/\" title=\"\">apuestas deportivas en Espa\u00f1a<\/a> est\u00e1 en auge y hay muchos sitios de apuestas disponibles en la web hoy d\u00eda. Cada empresa tiene su propio algoritmo para calcular las cuotas. Por eso, comparar cuotas os permite:<\/p>\n\n\n\n<p>\ud83d\udcb8 Sacar el m\u00e1ximo partido a cada euro invertido.<\/p>\n\n\n\n<p>\ud83c\udfaf Evitar apostar en plataformas que ofrecen cuotas bajas y reducen vuestras ganancias.<\/p>\n\n\n\n<p>\ud83d\udcc8 Mejorar resultados a largo plazo con apuestas inteligentes.<\/p>\n\n\n\n<p>\ud83d\udd04 Aprovechar las diferencias en apuestas combinadas, donde cada d\u00e9cima cuenta.<\/p>\n\n\n\n<h2 class=\"wp-block-heading\"><span class=\"ez-toc-section\" id=\"%c2%bfque-mercados-deberiais-tener-en-cuenta\"><\/span>\u00bfQu\u00e9 mercados deber\u00edais tener en cuenta?<span class=\"ez-toc-section-end\"><\/span><\/h2>\n\n\n\n<p>Depende del deporte que elij\u00e1is, cada uno tiene su encanto y cuotas distintas. Por ejemplo:<\/p>\n\n\n\n<figure class=\"wp-block-table\"><table class=\"has-fixed-layout\"><tbody><tr><td><strong>Deporte<\/strong><\/td><td><strong>Mercado<\/strong><\/td><td><strong>Ejemplo de apuesta<\/strong><\/td><\/tr><tr><td>\u26bd F\u00fatbol<\/td><td>Resultado 1X2, m\u00e1s\/menos goles<\/td><td>Ganador, total de goles<\/td><\/tr><tr><td>\ud83c\udfc0 Baloncesto<\/td><td>H\u00e1ndicap, puntos totales<\/td><td>Ganador, puntos, estad\u00edsticas<\/td><\/tr><tr><td>\ud83c\udfbe Tenis<\/td><td>Ganador, n\u00famero de sets<\/td><td>Resultado del partido, total de juegos<\/td><\/tr><tr><td>\u26be B\u00e9isbol<\/td><td>Ganador, apuestas especiales<\/td><td>Resultado, estad\u00edsticas espec\u00edficas<\/td><\/tr><tr><td>\ud83d\udcbb En vivo<\/td><td>Cuotas que cambian minuto a minuto<\/td><td>Apostar durante el juego<\/td><\/tr><\/tbody><\/table><\/figure>\n\n\n\n<p><em>\ud83d\udccc La variedad de deportes y mercados es mucho m\u00e1s amplia. Solo entrad en Oddsium, buscad vuestro deporte favorito y encontrad la mejor comparaci\u00f3n de cuotas en Espa\u00f1a.<\/em><\/p>\n\n\n\n<h2 class=\"wp-block-heading\"><span class=\"ez-toc-section\" id=\"oddsium-la-plataforma-que-revoluciona-la-comparacion-de-cuotas-en-espana\"><\/span>Oddsium: la plataforma que revoluciona la comparaci\u00f3n de cuotas en Espa\u00f1a<span class=\"ez-toc-section-end\"><\/span><\/h2>\n\n\n\n<figure class=\"wp-block-image size-large\"><img loading=\"lazy\" decoding=\"async\" width=\"1024\" height=\"726\" src=\"https:\/\/oddsium.com\/es\/wp-content\/uploads\/sites\/11\/2025\/09\/dos-personas-estrechando-manos-1024x726.jpg\" alt=\"\" class=\"wp-image-461\" srcset=\"https:\/\/oddsium.com\/es\/wp-content\/uploads\/sites\/11\/2025\/09\/dos-personas-estrechando-manos-1024x726.jpg 1024w, https:\/\/oddsium.com\/es\/wp-content\/uploads\/sites\/11\/2025\/09\/dos-personas-estrechando-manos-300x213.jpg 300w, https:\/\/oddsium.com\/es\/wp-content\/uploads\/sites\/11\/2025\/09\/dos-personas-estrechando-manos-768x545.jpg 768w, https:\/\/oddsium.com\/es\/wp-content\/uploads\/sites\/11\/2025\/09\/dos-personas-estrechando-manos-1536x1090.jpg 1536w, https:\/\/oddsium.com\/es\/wp-content\/uploads\/sites\/11\/2025\/09\/dos-personas-estrechando-manos.jpg 1748w\" sizes=\"auto, (max-width: 1024px) 100vw, 1024px\" \/><\/figure>\n\n\n\n<p>Buscar la mejor cuota puede ser un l\u00edo, pero aqu\u00ed es donde Oddsium destaca. Esta plataforma compara en tiempo real las cuotas de los sitios m\u00e1s fiables en Espa\u00f1a. As\u00ed pod\u00e9is:<\/p>\n\n\n\n<p>\ud83d\udc40 Identificar r\u00e1pido cu\u00e1l es la cuota m\u00e1s alta.<\/p>\n\n\n\n<p>\u26a1 Entrar directo a la casa de apuestas para apostar r\u00e1pido y seguro.<\/p>\n\n\n\n<p>\ud83d\udcf2 Ver detalles sobre promociones, m\u00e9todos de pago y facilidad de uso.<\/p>\n\n\n\n<p>\ud83c\udf0e Cubrir desde la liga local hasta los torneos internacionales m\u00e1s importantes.<\/p>\n\n\n\n<h2 class=\"wp-block-heading\"><span class=\"ez-toc-section\" id=\"%c2%bfvale-la-pena-invertir-tiempo-en-comparar-cuotas\"><\/span>\u00bfVale la pena invertir tiempo en comparar cuotas?<span class=\"ez-toc-section-end\"><\/span><\/h2>\n\n\n\n<p>Si quer\u00e9is ganar de verdad, comparar cuotas es vuestra mejor jugada. Ese peque\u00f1o detalle convierte una apuesta cualquiera en una decisi\u00f3n inteligente.<\/p>\n\n\n\n<p>En Espa\u00f1a, donde cada euro cuenta, hacer esto puede marcar la diferencia entre un mes normal y uno con mucha pasta.<\/p>\n","protected":false},"excerpt":{"rendered":"<p>Apostar hoy en d\u00eda no es solo cuesti\u00f3n de suerte, sino de hacerlo con cabeza y conocimiento. Por eso, comparar cuotas es fundamental, ya que no todas las casas de apuestas os ofrecen lo mismo. Si busc\u00e1is la mejor cuota, pod\u00e9is multiplicar m\u00e1s vuestro dinero y mejorar vuestras ganancias a largo plazo. Por ejemplo, una [&hellip;]<\/p>\n","protected":false},"author":3,"featured_media":0,"parent":0,"menu_order":0,"comment_status":"closed","ping_status":"closed","template":"sports.php","meta":{"_acf_changed":false,"om_disable_all_campaigns":false,"footnotes":""},"class_list":["post-90","page","type-page","status-publish","hentry"],"acf":[],"aioseo_notices":[],"_links":{"self":[{"href":"https:\/\/oddsium.com\/es\/wp-json\/wp\/v2\/pages\/90","targetHints":{"allow":["GET"]}}],"collection":[{"href":"https:\/\/oddsium.com\/es\/wp-json\/wp\/v2\/pages"}],"about":[{"href":"https:\/\/oddsium.com\/es\/wp-json\/wp\/v2\/types\/page"}],"author":[{"embeddable":true,"href":"https:\/\/oddsium.com\/es\/wp-json\/wp\/v2\/users\/3"}],"replies":[{"embeddable":true,"href":"https:\/\/oddsium.com\/es\/wp-json\/wp\/v2\/comments?post=90"}],"version-history":[{"count":0,"href":"https:\/\/oddsium.com\/es\/wp-json\/wp\/v2\/pages\/90\/revisions"}],"wp:attachment":[{"href":"https:\/\/oddsium.com\/es\/wp-json\/wp\/v2\/media?parent=90"}],"curies":[{"name":"wp","href":"https:\/\/api.w.org\/{rel}","templated":true}]}}