{"id":181,"date":"2025-05-16T02:43:31","date_gmt":"2025-05-16T02:43:31","guid":{"rendered":"https:\/\/oddsium.wpenginepowered.com\/mx\/?page_id=181"},"modified":"2025-09-11T19:10:37","modified_gmt":"2025-09-11T19:10:37","slug":"tenis","status":"publish","type":"page","link":"https:\/\/oddsium.com\/mx\/apuestas-deportivas\/tenis\/","title":{"rendered":"Apuestas en Tenis"},"content":{"rendered":"\n<p>El tenis no es solo darle duro a la bola con la raqueta; es un deporte que exige una estrategia bien rifada en cada movimiento. Aqu\u00ed no se trata solo de fuerza o velocidad, sino de aventarse el tiro de anticipar jugadas, aguantar la presi\u00f3n y controlar el ritmo del partido.&nbsp;<\/p>\n\n\n\n<p>En la cancha, un saque potente puede ser la clave para dominar, pero tambi\u00e9n es bien importante tener la paciencia para atacar en el momento justo. Apostar en tenis es como leer entre l\u00edneas, si aun no estas muy pr\u00e1ctico en este deporte, esta <a href=\"https:\/\/oddsium.com\/mx\/guides\/guia-de-apuestas-de-tenis-para-principiantes\/\" title=\"\">Gu\u00eda de apuestas en tenis para principiantes<\/a> te ayudar\u00e1 mucho.<\/p>\n\n\n\n<p>En Oddsium, sabemos que el que mejor entiende el juego es el que se lleva la chamba, y queremos que t\u00fa seas uno de esos.<\/p>\n\n\n\n<div id=\"ez-toc-container\" class=\"ez-toc-v2_0_81 counter-hierarchy ez-toc-counter ez-toc-grey ez-toc-container-direction\">\n<div class=\"ez-toc-title-container\">\n<p class=\"ez-toc-title\" style=\"cursor:inherit\">Table of Contents<\/p>\n<span class=\"ez-toc-title-toggle\"><a href=\"#\" class=\"ez-toc-pull-right ez-toc-btn ez-toc-btn-xs ez-toc-btn-default ez-toc-toggle\" aria-label=\"Toggle Table of Content\"><span class=\"ez-toc-js-icon-con\"><span class=\"\"><span class=\"eztoc-hide\" style=\"display:none;\">Toggle<\/span><span class=\"ez-toc-icon-toggle-span\"><svg style=\"fill: #999;color:#999\" xmlns=\"http:\/\/www.w3.org\/2000\/svg\" class=\"list-377408\" width=\"20px\" height=\"20px\" viewBox=\"0 0 24 24\" fill=\"none\"><path d=\"M6 6H4v2h2V6zm14 0H8v2h12V6zM4 11h2v2H4v-2zm16 0H8v2h12v-2zM4 16h2v2H4v-2zm16 0H8v2h12v-2z\" fill=\"currentColor\"><\/path><\/svg><svg style=\"fill: #999;color:#999\" class=\"arrow-unsorted-368013\" xmlns=\"http:\/\/www.w3.org\/2000\/svg\" width=\"10px\" height=\"10px\" viewBox=\"0 0 24 24\" version=\"1.2\" baseProfile=\"tiny\"><path d=\"M18.2 9.3l-6.2-6.3-6.2 6.3c-.2.2-.3.4-.3.7s.1.5.3.7c.2.2.4.3.7.3h11c.3 0 .5-.1.7-.3.2-.2.3-.5.3-.7s-.1-.5-.3-.7zM5.8 14.7l6.2 6.3 6.2-6.3c.2-.2.3-.5.3-.7s-.1-.5-.3-.7c-.2-.2-.4-.3-.7-.3h-11c-.3 0-.5.1-.7.3-.2.2-.3.5-.3.7s.1.5.3.7z\"\/><\/svg><\/span><\/span><\/span><\/a><\/span><\/div>\n<nav><ul class='ez-toc-list ez-toc-list-level-1 ' ><li class='ez-toc-page-1 ez-toc-heading-level-2'><a class=\"ez-toc-link ez-toc-heading-1\" href=\"https:\/\/oddsium.com\/mx\/apuestas-deportivas\/tenis\/#tenis-la-precision-en-los-detalles-que-definen-partidos\" >Tenis: la precisi\u00f3n en los detalles que definen partidos<\/a><\/li><li class='ez-toc-page-1 ez-toc-heading-level-2'><a class=\"ez-toc-link ez-toc-heading-2\" href=\"https:\/\/oddsium.com\/mx\/apuestas-deportivas\/tenis\/#eventos-clave-para-apostar-en-tenis\" >Eventos clave para apostar en tenis<\/a><\/li><li class='ez-toc-page-1 ez-toc-heading-level-2'><a class=\"ez-toc-link ez-toc-heading-3\" href=\"https:\/\/oddsium.com\/mx\/apuestas-deportivas\/tenis\/#mercados-populares-en-apuestas-de-tenis\" >Mercados populares en apuestas de tenis<\/a><\/li><li class='ez-toc-page-1 ez-toc-heading-level-2'><a class=\"ez-toc-link ez-toc-heading-4\" href=\"https:\/\/oddsium.com\/mx\/apuestas-deportivas\/tenis\/#jugadores-que-mueven-el-mercado-en-mexico\" >Jugadores que mueven el mercado en M\u00e9xico<\/a><\/li><li class='ez-toc-page-1 ez-toc-heading-level-2'><a class=\"ez-toc-link ez-toc-heading-5\" href=\"https:\/\/oddsium.com\/mx\/apuestas-deportivas\/tenis\/#plataformas-para-apostar-en-tenis-en-mexico\" >Plataformas para apostar en tenis en M\u00e9xico<\/a><\/li><li class='ez-toc-page-1 ez-toc-heading-level-2'><a class=\"ez-toc-link ez-toc-heading-6\" href=\"https:\/\/oddsium.com\/mx\/apuestas-deportivas\/tenis\/#consejos-para-apostar-en-tenis-desde-mexico\" >Consejos para apostar en tenis desde M\u00e9xico<\/a><\/li><li class='ez-toc-page-1 ez-toc-heading-level-2'><a class=\"ez-toc-link ez-toc-heading-7\" href=\"https:\/\/oddsium.com\/mx\/apuestas-deportivas\/tenis\/#conclusion\" >Conclusi\u00f3n<\/a><\/li><\/ul><\/nav><\/div>\n<h2 class=\"wp-block-heading\"><span class=\"ez-toc-section\" id=\"tenis-la-precision-en-los-detalles-que-definen-partidos\"><\/span>Tenis: la precisi\u00f3n en los detalles que definen partidos<span class=\"ez-toc-section-end\"><\/span><\/h2>\n\n\n\n<figure class=\"wp-block-image size-large\"><img loading=\"lazy\" decoding=\"async\" width=\"1024\" height=\"684\" src=\"https:\/\/oddsium.com\/mx\/wp-content\/uploads\/sites\/13\/2025\/09\/persona-jugando-tenis-1024x684.jpg\" alt=\"\" class=\"wp-image-569\" srcset=\"https:\/\/oddsium.com\/mx\/wp-content\/uploads\/sites\/13\/2025\/09\/persona-jugando-tenis-1024x684.jpg 1024w, https:\/\/oddsium.com\/mx\/wp-content\/uploads\/sites\/13\/2025\/09\/persona-jugando-tenis-300x200.jpg 300w, https:\/\/oddsium.com\/mx\/wp-content\/uploads\/sites\/13\/2025\/09\/persona-jugando-tenis-768x513.jpg 768w, https:\/\/oddsium.com\/mx\/wp-content\/uploads\/sites\/13\/2025\/09\/persona-jugando-tenis.jpg 1280w\" sizes=\"auto, (max-width: 1024px) 100vw, 1024px\" \/><\/figure>\n\n\n\n<p>Un partido se divide en sets, y cada set tiene varios juegos. Para ganar un set, un jugador debe sacar seis juegos, siempre con una diferencia m\u00ednima de dos sobre el rival. En los torneos m\u00e1s pesados, los partidos pueden durar hasta cinco sets, aunque en la mayor\u00eda se juegan menos.<\/p>\n\n\n\n<p>Lo chido del tenis es la mezcla entre t\u00e9cnica y t\u00e1ctica. No solo importa la fuerza del saque, sino la precisi\u00f3n y la capacidad para cambiar la velocidad de la bola. Adem\u00e1s, la superficie (tierra batida, cancha dura o c\u00e9sped) influye un buen en el estilo de juego y las chances de cada jugador.<\/p>\n\n\n\n<h2 class=\"wp-block-heading\"><span class=\"ez-toc-section\" id=\"eventos-clave-para-apostar-en-tenis\"><\/span>Eventos clave para apostar en tenis<span class=\"ez-toc-section-end\"><\/span><\/h2>\n\n\n\n<figure class=\"wp-block-table\"><table class=\"has-fixed-layout\"><tbody><tr><td><strong>Categor\u00eda<\/strong><\/td><td><strong>Ejemplos<\/strong><\/td><td><strong>Caracter\u00edsticas<\/strong><\/td><\/tr><tr><td>Grand Slams<\/td><td>Roland Garros, Wimbledon, Abierto de Australia, Abierto de Estados Unidos<\/td><td>\u2714\ufe0fTorneos m\u00e1s prestigiosos.&nbsp;<br>\u2714\ufe0fMayor cobertura.&nbsp;<br>\u2714\ufe0fPartidos largos (hasta 5 sets en masculino).&nbsp;<br>\u2714\ufe0fGrandes premios y puntos.<\/td><\/tr><tr><td>Torneos ATP y WTA Masters 1000 y 500<\/td><td>Indian Wells, Miami, Roma<\/td><td>\u2714\ufe0fVariedad de superficies y estilos.&nbsp;<br>\u2714\ufe0fPartidos impredecibles.&nbsp;<br>\u2714\ufe0fCambios r\u00e1pidos en cuotas seg\u00fan rendimiento.<\/td><\/tr><tr><td>Juegos Ol\u00edmpicos y Copa Davis<\/td><td>Competencias por pa\u00edses<\/td><td>\u2714\ufe0fFormato \u00fanico con presi\u00f3n extra.&nbsp;<br>\u2714\ufe0fPartidos intensos y cargados de emoci\u00f3n.<\/td><\/tr><tr><td>Circuitos Challenger e ITF<\/td><td>Torneos menores<\/td><td>\u2714\ufe0fMenores premios y ranking.&nbsp;<br>\u2714\ufe0fMuchos jugadores emergentes.<\/td><\/tr><\/tbody><\/table><\/figure>\n\n\n\n<h2 class=\"wp-block-heading\"><span class=\"ez-toc-section\" id=\"mercados-populares-en-apuestas-de-tenis\"><\/span>Mercados populares en apuestas de tenis<span class=\"ez-toc-section-end\"><\/span><\/h2>\n\n\n\n<p>\ud83d\udd38Ganador del partido: cl\u00e1sico y directo.<\/p>\n\n\n\n<p>\ud83d\udd38Total de juegos: over\/under en la suma de juegos disputados.<\/p>\n\n\n\n<p>\ud83d\udd38Ganador de set: predicci\u00f3n de qui\u00e9n gana cada set.<\/p>\n\n\n\n<p>\ud83d\udd38Marcador exacto: predecir el resultado en sets.<\/p>\n\n\n\n<p>\ud83d\udd38H\u00e1ndicap en juegos o sets: para emparejar partidos desiguales.<\/p>\n\n\n\n<p>\ud83d\udd38Apuestas en vivo: aprovechar cambios r\u00e1pidos en ritmo y marcador.<\/p>\n\n\n\n<p>\ud83d\udd38Combinadas: mezclar resultados y totales para aumentar ganancias.<\/p>\n\n\n\n<p><em>\ud83d\udcccApostar en vivo es la neta, porque los sets pueden cambiar de volada y eso te da chance de sacar buena lana.<\/em><\/p>\n\n\n\n<h2 class=\"wp-block-heading\"><span class=\"ez-toc-section\" id=\"jugadores-que-mueven-el-mercado-en-mexico\"><\/span>Jugadores que mueven el mercado en M\u00e9xico<span class=\"ez-toc-section-end\"><\/span><\/h2>\n\n\n\n<ul class=\"wp-block-list\">\n<li><strong>Rodrigo Pacheco:<\/strong> La esperanza mexicana que est\u00e1 dando la batalla en torneos ITF y Challenger. Recibi\u00f3 wild card para el Abierto Mexicano de Tenis 2025 en Acapulco, donde buscar\u00e1 rifarse contra los mejores del mundo.<\/li>\n\n\n\n<li><strong>Tomas Machac: <\/strong>Checo que rompi\u00f3 la banca ganando el Abierto Mexicano 2025 y se meti\u00f3 al Top 20 del ranking ATP, con un nivel que est\u00e1 dando de qu\u00e9 hablar.<\/li>\n\n\n\n<li><strong>Alexander Zverev:<\/strong> Alem\u00e1n n\u00famero 2 del mundo, uno de los favoritos para llevarse el t\u00edtulo en Acapulco y otros torneos grandes.<\/li>\n\n\n\n<li><strong>Taylor Fritz:<\/strong> Estadounidense top 5, con mucha experiencia y buen juego en canchas duras, regresa con todo al torneo mexicano.<\/li>\n\n\n\n<li><strong>Casper Ruud:<\/strong> Noruego top 5, conocido por su consistencia y por ser finalista en Acapulco 2024.<\/li>\n\n\n\n<li><strong>Ben Shelton:<\/strong> Joven estadounidense que est\u00e1 pegando fuerte en el circuito y es uno de los que hay que seguir.<\/li>\n\n\n\n<li><strong>Novak Djokovic: <\/strong>El maestro serbio, con m\u00faltiples Grand Slams y un estilo que lo hace imparable.<\/li>\n\n\n\n<li><strong>Carlos Alcaraz:<\/strong> Espa\u00f1ol explosivo, favorito en apuestas en vivo por su juego din\u00e1mico y agresivo.<\/li>\n\n\n\n<li><strong>Lorenzo Musetti:<\/strong> Italiano con buen nivel y movilidad, tambi\u00e9n presente en torneos importantes.<\/li>\n\n\n\n<li><strong>Holger Rune<\/strong>: Dan\u00e9s joven y talentoso, con gran proyecci\u00f3n y ya entre los mejores del mundo.<\/li>\n<\/ul>\n\n\n\n<h2 class=\"wp-block-heading\"><span class=\"ez-toc-section\" id=\"plataformas-para-apostar-en-tenis-en-mexico\"><\/span>Plataformas para apostar en tenis en M\u00e9xico<span class=\"ez-toc-section-end\"><\/span><\/h2>\n\n\n\n<p>Estos son los sitios de apuestas con <a href=\"http:\/\/www.juegosysorteos.gob.mx\/es\/Juegos_y_Sorteos\/Permisionario\" title=\"\">licencia SEGOB <\/a>en los que puedes apostar si estas en M\u00e9xico.<\/p>\n\n\n\n<figure class=\"wp-block-table\"><table class=\"has-fixed-layout\"><tbody><tr><td>Bet365<\/td><td>Variedad de mercados, streaming en vivo y pagos con OXXO y SPEI.<\/td><\/tr><tr><td>Codere<\/td><td>Promos constantes, apuestas en vivo y retiros r\u00e1pidos.<\/td><\/tr><tr><td>Caliente.mx<\/td><td>Promos chidas, app f\u00e1cil y momios competitivos.<\/td><\/tr><tr><td>Betway<\/td><td>Streaming, variedad de mercados y momios atractivos.<\/td><\/tr><tr><td>Oddsium<\/td><td>Comparador experto para agarrar las mejores cuotas y ganar m\u00e1s.<\/td><\/tr><\/tbody><\/table><\/figure>\n\n\n\n<h2 class=\"wp-block-heading\"><span class=\"ez-toc-section\" id=\"consejos-para-apostar-en-tenis-desde-mexico\"><\/span>Consejos para apostar en tenis desde M\u00e9xico<span class=\"ez-toc-section-end\"><\/span><\/h2>\n\n\n\n<p>\u2714\ufe0fEstudia c\u00f3mo cada jugador se adapta a la superficie.<\/p>\n\n\n\n<p>\u2714\ufe0fCheca estad\u00edsticas clave como porcentaje de primer servicio, quiebres salvados, errores no forzados.<\/p>\n\n\n\n<p>\u2714\ufe0fTen en cuenta el calendario y la condici\u00f3n f\u00edsica para no llevarte sorpresas.<\/p>\n\n\n\n<p>\u2714\ufe0fRevisa el historial cara a cara para cachar patrones.<\/p>\n\n\n\n<h2 class=\"wp-block-heading\"><span class=\"ez-toc-section\" id=\"conclusion\"><\/span>Conclusi\u00f3n<span class=\"ez-toc-section-end\"><\/span><\/h2>\n\n\n\n<p>Apostar en tenis es un juego de paciencia, an\u00e1lisis y estrategia. Para nosotros en M\u00e9xico, este deporte es pura emoci\u00f3n y chance de ganar lana donde cada punto vale oro.&nbsp;<\/p>\n\n\n\n<p>En Oddsium, te damos la mano con las mejores recomendaciones y <a href=\"https:\/\/oddsium.com\/mx\/odds\/comparacion-de-las-mejores-cuotas-de-tenis\/\" title=\"\">comparaci\u00f3n de cuotas en Tenis <\/a>de M\u00e9xico para que conviertas cada partido en una oportunidad para rifarte.<\/p>\n","protected":false},"excerpt":{"rendered":"<p>El tenis no es solo darle duro a la bola con la raqueta; es un deporte que exige una estrategia bien rifada en cada movimiento. Aqu\u00ed no se trata solo de fuerza o velocidad, sino de aventarse el tiro de anticipar jugadas, aguantar la presi\u00f3n y controlar el ritmo del partido.&nbsp; En la cancha, un [&hellip;]<\/p>\n","protected":false},"author":8,"featured_media":394,"parent":88,"menu_order":0,"comment_status":"closed","ping_status":"closed","template":"sports.php","meta":{"_acf_changed":false,"om_disable_all_campaigns":false,"footnotes":""},"class_list":["post-181","page","type-page","status-publish","has-post-thumbnail","hentry"],"acf":[],"aioseo_notices":[],"_links":{"self":[{"href":"https:\/\/oddsium.com\/mx\/wp-json\/wp\/v2\/pages\/181","targetHints":{"allow":["GET"]}}],"collection":[{"href":"https:\/\/oddsium.com\/mx\/wp-json\/wp\/v2\/pages"}],"about":[{"href":"https:\/\/oddsium.com\/mx\/wp-json\/wp\/v2\/types\/page"}],"author":[{"embeddable":true,"href":"https:\/\/oddsium.com\/mx\/wp-json\/wp\/v2\/users\/8"}],"replies":[{"embeddable":true,"href":"https:\/\/oddsium.com\/mx\/wp-json\/wp\/v2\/comments?post=181"}],"version-history":[{"count":0,"href":"https:\/\/oddsium.com\/mx\/wp-json\/wp\/v2\/pages\/181\/revisions"}],"up":[{"embeddable":true,"href":"https:\/\/oddsium.com\/mx\/wp-json\/wp\/v2\/pages\/88"}],"wp:featuredmedia":[{"embeddable":true,"href":"https:\/\/oddsium.com\/mx\/wp-json\/wp\/v2\/media\/394"}],"wp:attachment":[{"href":"https:\/\/oddsium.com\/mx\/wp-json\/wp\/v2\/media?parent=181"}],"curies":[{"name":"wp","href":"https:\/\/api.w.org\/{rel}","templated":true}]}}