{"id":185,"date":"2025-05-16T03:11:38","date_gmt":"2025-05-16T03:11:38","guid":{"rendered":"https:\/\/oddsium.wpenginepowered.com\/mx\/?page_id=185"},"modified":"2025-09-11T19:06:59","modified_gmt":"2025-09-11T19:06:59","slug":"rugby","status":"publish","type":"page","link":"https:\/\/oddsium.com\/mx\/apuestas-deportivas\/rugby\/","title":{"rendered":"Apuestas en Rugby"},"content":{"rendered":"\n<p>El rugby es un deporte donde dos equipos compiten en un campo para avanzar con el bal\u00f3n. Pero este juego tiene la particularidad de que solo se puede pasar hacia los costados o hacia atr\u00e1s. Esta regla obliga a que el juego se base en la combinaci\u00f3n de movimientos colectivos; fuerza en el contacto y una constante b\u00fasqueda de espacios para avanzar. Cada fase, ya sea un scrum, un lineout o un ruck, representa una batalla que puede cambiar el partido.&nbsp;<\/p>\n\n\n\n<p>En Oddsium, puedes hacer una comparaci\u00f3n de cuotas para ver que casas de apuestas con <a href=\"http:\/\/www.juegosysorteos.gob.mx\/es\/Juegos_y_Sorteos\/Permisionario\" title=\"\">licencia SEGOB<\/a> te ofrecen las mejores oportunidades.<\/p>\n\n\n\n<div id=\"ez-toc-container\" class=\"ez-toc-v2_0_81 counter-hierarchy ez-toc-counter ez-toc-grey ez-toc-container-direction\">\n<div class=\"ez-toc-title-container\">\n<p class=\"ez-toc-title\" style=\"cursor:inherit\">Table of Contents<\/p>\n<span class=\"ez-toc-title-toggle\"><a href=\"#\" class=\"ez-toc-pull-right ez-toc-btn ez-toc-btn-xs ez-toc-btn-default ez-toc-toggle\" aria-label=\"Toggle Table of Content\"><span class=\"ez-toc-js-icon-con\"><span class=\"\"><span class=\"eztoc-hide\" style=\"display:none;\">Toggle<\/span><span class=\"ez-toc-icon-toggle-span\"><svg style=\"fill: #999;color:#999\" xmlns=\"http:\/\/www.w3.org\/2000\/svg\" class=\"list-377408\" width=\"20px\" height=\"20px\" viewBox=\"0 0 24 24\" fill=\"none\"><path d=\"M6 6H4v2h2V6zm14 0H8v2h12V6zM4 11h2v2H4v-2zm16 0H8v2h12v-2zM4 16h2v2H4v-2zm16 0H8v2h12v-2z\" fill=\"currentColor\"><\/path><\/svg><svg style=\"fill: #999;color:#999\" class=\"arrow-unsorted-368013\" xmlns=\"http:\/\/www.w3.org\/2000\/svg\" width=\"10px\" height=\"10px\" viewBox=\"0 0 24 24\" version=\"1.2\" baseProfile=\"tiny\"><path d=\"M18.2 9.3l-6.2-6.3-6.2 6.3c-.2.2-.3.4-.3.7s.1.5.3.7c.2.2.4.3.7.3h11c.3 0 .5-.1.7-.3.2-.2.3-.5.3-.7s-.1-.5-.3-.7zM5.8 14.7l6.2 6.3 6.2-6.3c.2-.2.3-.5.3-.7s-.1-.5-.3-.7c-.2-.2-.4-.3-.7-.3h-11c-.3 0-.5.1-.7.3-.2.2-.3.5-.3.7s.1.5.3.7z\"\/><\/svg><\/span><\/span><\/span><\/a><\/span><\/div>\n<nav><ul class='ez-toc-list ez-toc-list-level-1 ' ><li class='ez-toc-page-1 ez-toc-heading-level-2'><a class=\"ez-toc-link ez-toc-heading-1\" href=\"https:\/\/oddsium.com\/mx\/apuestas-deportivas\/rugby\/#los-torneos-emblematicos-del-rugby-mundial\" >Los torneos emblem\u00e1ticos del rugby mundial<\/a><ul class='ez-toc-list-level-3' ><li class='ez-toc-heading-level-3'><a class=\"ez-toc-link ez-toc-heading-2\" href=\"https:\/\/oddsium.com\/mx\/apuestas-deportivas\/rugby\/#%f0%9f%8f%86torneo-seis-naciones-el-pulso-del-rugby-europeo\" >\ud83c\udfc6Torneo seis naciones: el pulso del rugby europeo<\/a><\/li><li class='ez-toc-page-1 ez-toc-heading-level-3'><a class=\"ez-toc-link ez-toc-heading-3\" href=\"https:\/\/oddsium.com\/mx\/apuestas-deportivas\/rugby\/#%f0%9f%8f%86la-copa-mundial-de-rugby-donde-se-forjan-leyendas\" >\ud83c\udfc6La copa mundial de rugby: donde se forjan leyendas<\/a><\/li><\/ul><\/li><li class='ez-toc-page-1 ez-toc-heading-level-2'><a class=\"ez-toc-link ez-toc-heading-4\" href=\"https:\/\/oddsium.com\/mx\/apuestas-deportivas\/rugby\/#mercados-de-apuestas-para-hacer-en-apuestas-en-rugby\" >mercados de apuestas para hacer en apuestas en rugby<\/a><\/li><li class='ez-toc-page-1 ez-toc-heading-level-2'><a class=\"ez-toc-link ez-toc-heading-5\" href=\"https:\/\/oddsium.com\/mx\/apuestas-deportivas\/rugby\/#elementos-clave-para-predecir-el-triunfo-en-un-encuentro-de-rugby\" >Elementos clave para predecir el triunfo en un encuentro de rugby<\/a><\/li><li class='ez-toc-page-1 ez-toc-heading-level-2'><a class=\"ez-toc-link ez-toc-heading-6\" href=\"https:\/\/oddsium.com\/mx\/apuestas-deportivas\/rugby\/#momentos-inolvidables-que-hicieron-historia-en-el-rugby\" >Momentos inolvidables que hicieron historia en el Rugby<\/a><\/li><li class='ez-toc-page-1 ez-toc-heading-level-2'><a class=\"ez-toc-link ez-toc-heading-7\" href=\"https:\/\/oddsium.com\/mx\/apuestas-deportivas\/rugby\/#plataformas-recomendadas-para-apostar-en-rugby-en-mexico\" >Plataformas recomendadas para apostar en rugby en M\u00e9xico<\/a><\/li><li class='ez-toc-page-1 ez-toc-heading-level-2'><a class=\"ez-toc-link ez-toc-heading-8\" href=\"https:\/\/oddsium.com\/mx\/apuestas-deportivas\/rugby\/#conclusion\" >Conclusi\u00f3n<\/a><\/li><\/ul><\/nav><\/div>\n<h2 class=\"wp-block-heading\"><span class=\"ez-toc-section\" id=\"los-torneos-emblematicos-del-rugby-mundial\"><\/span><strong>Los torneos emblem\u00e1ticos del rugby mundial<\/strong><span class=\"ez-toc-section-end\"><\/span><\/h2>\n\n\n\n<p>Entre los torneos m\u00e1s emblem\u00e1ticos del mundo destacan dos grandes citas que se re\u00fanen a las mejores selecciones y despiertan pasiones en millones de aficionados. Ambos eventos no solo definen campeones, sino que tambi\u00e9n ofrecen un espect\u00e1culo lleno de oportunidades para quienes apuestan con conocimiento.<\/p>\n\n\n\n<h3 class=\"wp-block-heading\"><span class=\"ez-toc-section\" id=\"%f0%9f%8f%86torneo-seis-naciones-el-pulso-del-rugby-europeo\"><\/span>\ud83c\udfc6<strong>Torneo seis naciones: el pulso del rugby europeo<\/strong><span class=\"ez-toc-section-end\"><\/span><\/h3>\n\n\n\n<p>Este se convierte en el centro de atenci\u00f3n en Inglaterra, Irlanda, Gales, Escocia, Francia e Italia, donde dichos pa\u00edses se enfrentan. Este torneo tiene caracter\u00edsticas muy particulares:&nbsp;<\/p>\n\n\n\n<ul class=\"wp-block-list\">\n<li><strong>Peso hist\u00f3rico:<\/strong> Este campeonato data de 1883, lo que lo convierte en uno de los torneos internacionales m\u00e1s antiguos y prestigiosos.<\/li>\n\n\n\n<li><strong>Rivalidades legendarias<\/strong>: Partidos como Inglaterra vs. Escocia o Francia vs. Gales son cl\u00e1sicos que paralizan todo y generan a sus pa\u00edses y generan gran expectativa mundial.<\/li>\n\n\n\n<li><strong>Grand Slam y Triple Corona:<\/strong> El Grand Slam se logra cuando un equipo gana todos sus partidos, mientras que la Triple Corona es un honor exclusivo para las naciones brit\u00e1nicas que vencen a las otras tres.<\/li>\n<\/ul>\n\n\n\n<p>Este torneo es ideal para apostadores que buscan partidos con alta intensidad, donde la historia y la presi\u00f3n pueden generar resultados inesperados y cuotas atractivas.<\/p>\n\n\n\n<h3 class=\"wp-block-heading\"><span class=\"ez-toc-section\" id=\"%f0%9f%8f%86la-copa-mundial-de-rugby-donde-se-forjan-leyendas\"><\/span>\ud83c\udfc6<strong>La copa mundial de rugby: donde se forjan leyendas<\/strong><span class=\"ez-toc-section-end\"><\/span><\/h3>\n\n\n\n<p>Esta copa re\u00fane a las mejores selecciones del planeta en un torneo que es la m\u00e1xima expresi\u00f3n del deporte. Este evento es una verdadera fiesta global del rugby, estas son caracter\u00edsticas que diferencia ente evento de otros:&nbsp;<\/p>\n\n\n\n<ul class=\"wp-block-list\">\n<li><strong>Peso hist\u00f3rico: <\/strong>Cada partido tiene rivalidades entre selecciones que influyen en el rendimiento de los jugadores.<\/li>\n\n\n\n<li><strong>Diversidad<\/strong>: Los estilos de juego y condiciones clim\u00e1ticas en las sedes a\u00f1ade un nivel extra de imprevisibilidad.<\/li>\n\n\n\n<li><strong>Din\u00e1mica de torneo intenso<\/strong>: La estructura de fases de grupos seguidas por eliminatorias directas genera un ritmo de competencia donde cada partido puede ser decisivo, aumentando la tensi\u00f3n.<\/li>\n<\/ul>\n\n\n\n<p><em>\ud83d\udccc El rugby combina historia y pasi\u00f3n, ofreciendo mercados de apuestas variados bastante atractivos para apostadores.&nbsp;<\/em><\/p>\n\n\n\n<h2 class=\"wp-block-heading\"><span class=\"ez-toc-section\" id=\"mercados-de-apuestas-para-hacer-en-apuestas-en-rugby\"><\/span><strong>mercados de apuestas para hacer en apuestas en rugby<\/strong><span class=\"ez-toc-section-end\"><\/span><\/h2>\n\n\n\n<figure class=\"wp-block-table\"><table class=\"has-fixed-layout\"><tbody><tr><td><strong>Mercado&nbsp;<\/strong><\/td><td><strong>\u00bfQu\u00e9 significa?<\/strong><\/td><\/tr><tr><td><strong>Ganador del partido (1X2)<\/strong><\/td><td>Apostar por el equipo ganador o empate, una opci\u00f3n com\u00fan en rugby que incluye la posibilidad de igualdad en el marcador.<\/td><\/tr><tr><td><strong>Handicap<\/strong><\/td><td>Permite nivelar el campo de juego, por ejemplo, apostar a un equipo que debe ganar por m\u00e1s de 10,5 puntos, equilibrando las diferencias entre equipos.<\/td><\/tr><tr><td><strong>Total de puntos (M\u00e1s\/Menos)<\/strong><\/td><td>Apostar si el total combinado de puntos ser\u00e1 superior o inferior a un n\u00famero establecido, influenciado por el estilo de juego y las condiciones clim\u00e1ticas.<\/td><\/tr><tr><td><strong>Primer anotador de try<\/strong><\/td><td>Apostar por el jugador que marcar\u00e1 el primer intento del partido, ideal para jugadores veloces y habilidosos.<\/td><\/tr><tr><td><strong>Margen de victoria<\/strong><\/td><td>Apuesta precisa sobre la diferencia final en el marcador, permitiendo apostar por el rango exacto de puntos con que ganar\u00e1 un equipo.<\/td><\/tr><tr><td><strong>Ganador del partido (1X2)<\/strong><\/td><td>Apostar por el equipo ganador o empate, una opci\u00f3n com\u00fan en rugby que incluye la posibilidad de igualdad en el marcador.<\/td><\/tr><\/tbody><\/table><\/figure>\n\n\n\n<h2 class=\"wp-block-heading\"><span class=\"ez-toc-section\" id=\"elementos-clave-para-predecir-el-triunfo-en-un-encuentro-de-rugby\"><\/span><strong>Elementos clave para predecir el triunfo en un encuentro de rugby<\/strong><span class=\"ez-toc-section-end\"><\/span><\/h2>\n\n\n\n<figure class=\"wp-block-table\"><table class=\"has-fixed-layout\"><tbody><tr><td><strong>Elementos claves<\/strong><\/td><td><strong>Descripci\u00f3n<\/strong><\/td><\/tr><tr><td>\u2705 <strong>Clima<\/strong><\/td><td>Las condiciones meteorol\u00f3gicas, como lluvia o sol, afectan el estilo y ritmo del partido.<\/td><\/tr><tr><td>\u2705 <strong>Disciplina<\/strong><\/td><td>Una tarjeta amarilla deja al equipo con un jugador menos durante 10 minutos, debilitando su rendimiento.<\/td><\/tr><tr><td><strong>\u2705 Fases est\u00e1ticas<\/strong><\/td><td>Dominar scrums y line-outs asegura la posesi\u00f3n del bal\u00f3n, clave para anotar.<\/td><\/tr><tr><td><strong>\u2705 Entrenador<\/strong><\/td><td>Equipos como Irlanda preparan estrategias espec\u00edficas para cada rival, maximizando sus posibilidades.<\/td><\/tr><\/tbody><\/table><\/figure>\n\n\n\n<h2 class=\"wp-block-heading\"><span class=\"ez-toc-section\" id=\"momentos-inolvidables-que-hicieron-historia-en-el-rugby\"><\/span><strong>Momentos inolvidables que hicieron historia en el Rugby<\/strong><span class=\"ez-toc-section-end\"><\/span><\/h2>\n\n\n\n<figure class=\"wp-block-image size-large\"><img loading=\"lazy\" decoding=\"async\" width=\"1024\" height=\"683\" src=\"https:\/\/oddsium.com\/mx\/wp-content\/uploads\/sites\/13\/2025\/09\/pelotas-de-rugby-en-campo-1024x683.jpg\" alt=\"\" class=\"wp-image-565\" srcset=\"https:\/\/oddsium.com\/mx\/wp-content\/uploads\/sites\/13\/2025\/09\/pelotas-de-rugby-en-campo-1024x683.jpg 1024w, https:\/\/oddsium.com\/mx\/wp-content\/uploads\/sites\/13\/2025\/09\/pelotas-de-rugby-en-campo-300x200.jpg 300w, https:\/\/oddsium.com\/mx\/wp-content\/uploads\/sites\/13\/2025\/09\/pelotas-de-rugby-en-campo-768x512.jpg 768w, https:\/\/oddsium.com\/mx\/wp-content\/uploads\/sites\/13\/2025\/09\/pelotas-de-rugby-en-campo.jpg 1280w\" sizes=\"auto, (max-width: 1024px) 100vw, 1024px\" \/><\/figure>\n\n\n\n<p>\ud83d\udd38<strong>Jonah Lomu contra Inglaterra (Mundial 1995):<\/strong> Con 19 a\u00f1os, Lomu corri\u00f3 r\u00e1pido y fuerte, marcando cuatro intentos y dejando una marca para siempre.<\/p>\n\n\n\n<p>\ud83d\udd38<strong>El drop de Jonny Wilkinson (Mundial 2003):<\/strong> En la final, Wilkinson pate\u00f3 justo en el \u00faltimo minuto y le dio a Inglaterra su primer t\u00edtulo mundial.<\/p>\n\n\n\n<p>\ud83d\udd38<strong>Jap\u00f3n gana a Sud\u00e1frica (Mundial 2015): <\/strong>Jap\u00f3n sorprendi\u00f3 a todos al vencer a Sud\u00e1frica 34-32, uno de los mayores golpes de la historia del rugby.<\/p>\n\n\n\n<h2 class=\"wp-block-heading\"><span class=\"ez-toc-section\" id=\"plataformas-recomendadas-para-apostar-en-rugby-en-mexico\"><\/span><strong>Plataformas recomendadas para apostar en rugby en M\u00e9xico<\/strong><span class=\"ez-toc-section-end\"><\/span><\/h2>\n\n\n\n<figure class=\"wp-block-table\"><table class=\"has-fixed-layout\"><tbody><tr><td><strong>Plataforma<\/strong><\/td><td><strong>Beneficios para el rugby<\/strong><\/td><\/tr><tr><td><strong>Betsson<\/strong><\/td><td>Cuotas competitivas y buena atenci\u00f3n.<\/td><\/tr><tr><td><strong>Sportium <\/strong><\/td><td>Gran cobertura y apuestas en tiempo real.<\/td><\/tr><tr><td><strong>Caliente.mx<\/strong><\/td><td>F\u00e1cil de usar y buenas promociones.<\/td><\/tr><tr><td><strong>Oddsium<\/strong><\/td><td>Ideal para comparar las cuotas m\u00e1s atractivas.<\/td><\/tr><\/tbody><\/table><\/figure>\n\n\n\n<h2 class=\"wp-block-heading\"><span class=\"ez-toc-section\" id=\"conclusion\"><\/span><strong>Conclusi\u00f3n<\/strong><span class=\"ez-toc-section-end\"><\/span><\/h2>\n\n\n\n<p>El rugby es un deporte din\u00e1mico con una estructura de juego clara: fases est\u00e1ticas como scrums y line-outs, y fases abiertas donde la velocidad y la estrategia marcan la diferencia. Entender c\u00f3mo se desarrolla cada etapa es clave para apostar con \u00e9xito en M\u00e9xico. <\/p>\n\n\n\n<p>Para apoyarte en tus jugadas, consulta nuestras <a href=\"https:\/\/oddsium.com\/mx\/betting-predictions\/\" title=\"\">predicciones de apuesta<\/a>, donde encontrar\u00e1s an\u00e1lisis detallados de expertos que te ayudar\u00e1n a tomar decisiones m\u00e1s informadas.<\/p>\n\n\n\n<p><\/p>\n","protected":false},"excerpt":{"rendered":"<p>El rugby es un deporte donde dos equipos compiten en un campo para avanzar con el bal\u00f3n. Pero este juego tiene la particularidad de que solo se puede pasar hacia los costados o hacia atr\u00e1s. Esta regla obliga a que el juego se base en la combinaci\u00f3n de movimientos colectivos; fuerza en el contacto y [&hellip;]<\/p>\n","protected":false},"author":8,"featured_media":400,"parent":88,"menu_order":0,"comment_status":"closed","ping_status":"closed","template":"sports.php","meta":{"_acf_changed":false,"om_disable_all_campaigns":false,"footnotes":""},"class_list":["post-185","page","type-page","status-publish","has-post-thumbnail","hentry"],"acf":[],"aioseo_notices":[],"_links":{"self":[{"href":"https:\/\/oddsium.com\/mx\/wp-json\/wp\/v2\/pages\/185","targetHints":{"allow":["GET"]}}],"collection":[{"href":"https:\/\/oddsium.com\/mx\/wp-json\/wp\/v2\/pages"}],"about":[{"href":"https:\/\/oddsium.com\/mx\/wp-json\/wp\/v2\/types\/page"}],"author":[{"embeddable":true,"href":"https:\/\/oddsium.com\/mx\/wp-json\/wp\/v2\/users\/8"}],"replies":[{"embeddable":true,"href":"https:\/\/oddsium.com\/mx\/wp-json\/wp\/v2\/comments?post=185"}],"version-history":[{"count":0,"href":"https:\/\/oddsium.com\/mx\/wp-json\/wp\/v2\/pages\/185\/revisions"}],"up":[{"embeddable":true,"href":"https:\/\/oddsium.com\/mx\/wp-json\/wp\/v2\/pages\/88"}],"wp:featuredmedia":[{"embeddable":true,"href":"https:\/\/oddsium.com\/mx\/wp-json\/wp\/v2\/media\/400"}],"wp:attachment":[{"href":"https:\/\/oddsium.com\/mx\/wp-json\/wp\/v2\/media?parent=185"}],"curies":[{"name":"wp","href":"https:\/\/api.w.org\/{rel}","templated":true}]}}