{"id":189,"date":"2025-05-17T00:21:19","date_gmt":"2025-05-17T00:21:19","guid":{"rendered":"https:\/\/oddsium.wpenginepowered.com\/mx\/?page_id=189"},"modified":"2025-09-11T18:52:18","modified_gmt":"2025-09-11T18:52:18","slug":"futbol","status":"publish","type":"page","link":"https:\/\/oddsium.com\/mx\/apuestas-deportivas\/futbol\/","title":{"rendered":"Apuestas en F\u00fatbol"},"content":{"rendered":"\n<p>El f\u00fatbol tiene esa magia que une a todos, desde la esquina del barrio hasta los grandes estadios, sin importar qui\u00e9n seas. En M\u00e9xico, las apuestas en f\u00fatbol est\u00e1n creciendo un buen, porque cada partido se vive con m\u00e1s emoci\u00f3n. No solo se apuesta a qui\u00e9n gana, sino a un chorro de mercados especiales y estad\u00edsticas que te ayudan a sacar ventaja. Para ganar, hay que estudiar a los entrenadores, analizar rivales, alineaciones y condiciones del partido.<\/p>\n\n\n\n<p>Con Oddsium, tendr\u00e1s todas las herramientas, tanto para hacer una buena <a href=\"https:\/\/oddsium.com\/mx\/odds\/comparacion-de-las-mejores-cuotas-de-futbol\/\" title=\"\">comparaci\u00f3n de las mejores cuotas de f\u00fatbol<\/a> como para aprovechar an\u00e1lisis de cada encuentro. <\/p>\n\n\n\n<div id=\"ez-toc-container\" class=\"ez-toc-v2_0_81 counter-hierarchy ez-toc-counter ez-toc-grey ez-toc-container-direction\">\n<div class=\"ez-toc-title-container\">\n<p class=\"ez-toc-title\" style=\"cursor:inherit\">Table of Contents<\/p>\n<span class=\"ez-toc-title-toggle\"><a href=\"#\" class=\"ez-toc-pull-right ez-toc-btn ez-toc-btn-xs ez-toc-btn-default ez-toc-toggle\" aria-label=\"Toggle Table of Content\"><span class=\"ez-toc-js-icon-con\"><span class=\"\"><span class=\"eztoc-hide\" style=\"display:none;\">Toggle<\/span><span class=\"ez-toc-icon-toggle-span\"><svg style=\"fill: #999;color:#999\" xmlns=\"http:\/\/www.w3.org\/2000\/svg\" class=\"list-377408\" width=\"20px\" height=\"20px\" viewBox=\"0 0 24 24\" fill=\"none\"><path d=\"M6 6H4v2h2V6zm14 0H8v2h12V6zM4 11h2v2H4v-2zm16 0H8v2h12v-2zM4 16h2v2H4v-2zm16 0H8v2h12v-2z\" fill=\"currentColor\"><\/path><\/svg><svg style=\"fill: #999;color:#999\" class=\"arrow-unsorted-368013\" xmlns=\"http:\/\/www.w3.org\/2000\/svg\" width=\"10px\" height=\"10px\" viewBox=\"0 0 24 24\" version=\"1.2\" baseProfile=\"tiny\"><path d=\"M18.2 9.3l-6.2-6.3-6.2 6.3c-.2.2-.3.4-.3.7s.1.5.3.7c.2.2.4.3.7.3h11c.3 0 .5-.1.7-.3.2-.2.3-.5.3-.7s-.1-.5-.3-.7zM5.8 14.7l6.2 6.3 6.2-6.3c.2-.2.3-.5.3-.7s-.1-.5-.3-.7c-.2-.2-.4-.3-.7-.3h-11c-.3 0-.5.1-.7.3-.2.2-.3.5-.3.7s.1.5.3.7z\"\/><\/svg><\/span><\/span><\/span><\/a><\/span><\/div>\n<nav><ul class='ez-toc-list ez-toc-list-level-1 ' ><li class='ez-toc-page-1 ez-toc-heading-level-2'><a class=\"ez-toc-link ez-toc-heading-1\" href=\"https:\/\/oddsium.com\/mx\/apuestas-deportivas\/futbol\/#mejores-plataformas-para-apostar-en-futbol-en-mexico\" >Mejores plataformas para apostar en f\u00fatbol en M\u00e9xico<\/a><\/li><li class='ez-toc-page-1 ez-toc-heading-level-2'><a class=\"ez-toc-link ez-toc-heading-2\" href=\"https:\/\/oddsium.com\/mx\/apuestas-deportivas\/futbol\/#mercados-para-aprovechar-en-futbol\" >Mercados para aprovechar en f\u00fatbol<\/a><ul class='ez-toc-list-level-3' ><li class='ez-toc-heading-level-3'><a class=\"ez-toc-link ez-toc-heading-3\" href=\"https:\/\/oddsium.com\/mx\/apuestas-deportivas\/futbol\/#%f0%9f%8f%86resultado-final-1x2\" >\ud83c\udfc6Resultado final (1X2)<\/a><\/li><li class='ez-toc-page-1 ez-toc-heading-level-3'><a class=\"ez-toc-link ez-toc-heading-4\" href=\"https:\/\/oddsium.com\/mx\/apuestas-deportivas\/futbol\/#%e2%9a%bd%ef%b8%8fgoles-totales-masmenos\" >\u26bd\ufe0fGoles totales (m\u00e1s\/menos)<\/a><\/li><li class='ez-toc-page-1 ez-toc-heading-level-3'><a class=\"ez-toc-link ez-toc-heading-5\" href=\"https:\/\/oddsium.com\/mx\/apuestas-deportivas\/futbol\/#%f0%9f%a5%85marcador-exacto\" >\ud83e\udd45Marcador exacto<\/a><\/li><li class='ez-toc-page-1 ez-toc-heading-level-3'><a class=\"ez-toc-link ez-toc-heading-6\" href=\"https:\/\/oddsium.com\/mx\/apuestas-deportivas\/futbol\/#%f0%9f%8e%afapuestas-especiales\" >\ud83c\udfafApuestas especiales<\/a><\/li><li class='ez-toc-page-1 ez-toc-heading-level-3'><a class=\"ez-toc-link ez-toc-heading-7\" href=\"https:\/\/oddsium.com\/mx\/apuestas-deportivas\/futbol\/#%f0%9f%94%97combinadas-o-parleys\" >\ud83d\udd17Combinadas o parleys<\/a><\/li><li class='ez-toc-page-1 ez-toc-heading-level-3'><a class=\"ez-toc-link ez-toc-heading-8\" href=\"https:\/\/oddsium.com\/mx\/apuestas-deportivas\/futbol\/#%e2%8f%b1%ef%b8%8fen-vivo\" >\u23f1\ufe0fEn vivo<\/a><\/li><\/ul><\/li><li class='ez-toc-page-1 ez-toc-heading-level-2'><a class=\"ez-toc-link ez-toc-heading-9\" href=\"https:\/\/oddsium.com\/mx\/apuestas-deportivas\/futbol\/#torneos-que-mas-mueven-apuestas-en-mexico\" >Torneos que m\u00e1s mueven apuestas en M\u00e9xico<\/a><\/li><li class='ez-toc-page-1 ez-toc-heading-level-2'><a class=\"ez-toc-link ez-toc-heading-10\" href=\"https:\/\/oddsium.com\/mx\/apuestas-deportivas\/futbol\/#estrategias-para-apostar-con-cabeza-en-futbol\" >Estrategias para apostar con cabeza en f\u00fatbol<\/a><\/li><li class='ez-toc-page-1 ez-toc-heading-level-2'><a class=\"ez-toc-link ez-toc-heading-11\" href=\"https:\/\/oddsium.com\/mx\/apuestas-deportivas\/futbol\/#promos-que-no-puedes-dejar-pasar-en-partidos-de-futbol\" >Promos que no puedes dejar pasar en partidos de f\u00fatbol<\/a><\/li><li class='ez-toc-page-1 ez-toc-heading-level-2'><a class=\"ez-toc-link ez-toc-heading-12\" href=\"https:\/\/oddsium.com\/mx\/apuestas-deportivas\/futbol\/#oddsium-tu-aliado-en-las-apuestas-de-futbol\" >Oddsium: Tu aliado en las apuestas de f\u00fatbol<\/a><\/li><li class='ez-toc-page-1 ez-toc-heading-level-2'><a class=\"ez-toc-link ez-toc-heading-13\" href=\"https:\/\/oddsium.com\/mx\/apuestas-deportivas\/futbol\/#conclusion\" >Conclusi\u00f3n<\/a><\/li><\/ul><\/nav><\/div>\n<h2 class=\"wp-block-heading\"><span class=\"ez-toc-section\" id=\"mejores-plataformas-para-apostar-en-futbol-en-mexico\"><\/span>Mejores plataformas para apostar en f\u00fatbol en M\u00e9xico<span class=\"ez-toc-section-end\"><\/span><\/h2>\n\n\n\n<figure class=\"wp-block-table\"><table class=\"has-fixed-layout\"><tbody><tr><td><strong>Plataforma<\/strong><\/td><td><strong>Oferta<\/strong><\/td><td><strong>Ventajas principales<\/strong><\/td><\/tr><tr><td>Betway<\/td><td>Promociones para Liga MX y cl\u00e1sicos<\/td><td>Momios competitivos, cashout, streaming en vivo, app f\u00e1cil de usar.<\/td><\/tr><tr><td>Bet365<\/td><td>Bono de bienvenida y cuotas top<\/td><td>Gran variedad de mercados, creador de apuestas personalizadas, m\u00e9todos de pago locales como OXXO.<\/td><\/tr><tr><td>Sportiumbet<\/td><td>Promos constantes y pagos r\u00e1pidos<\/td><td>Momios top, app intuitiva, buena oferta de mercados en vivo y prepartido.<\/td><\/tr><tr><td>Oddsium<\/td><td>Comparador de cuotas<\/td><td>Comparaci\u00f3n en tiempo real para que siempre agarres la mejor cuota y maximices ganancias.<\/td><\/tr><\/tbody><\/table><\/figure>\n\n\n\n<p><em>\ud83d\udcccLas cuotas y promociones cambian todo el tiempo; con Oddsium siempre estar\u00e1s un paso adelante.<\/em><\/p>\n\n\n\n<h2 class=\"wp-block-heading\"><span class=\"ez-toc-section\" id=\"mercados-para-aprovechar-en-futbol\"><\/span>Mercados para aprovechar en f\u00fatbol<span class=\"ez-toc-section-end\"><\/span><\/h2>\n\n\n\n<h3 class=\"wp-block-heading\"><span class=\"ez-toc-section\" id=\"%f0%9f%8f%86resultado-final-1x2\"><\/span><strong>\ud83c\udfc6Resultado final (1X2)<\/strong><span class=\"ez-toc-section-end\"><\/span><\/h3>\n\n\n\n<p> La apuesta cl\u00e1sica a ganador o empate. Es una opci\u00f3n ideal si eres novato.<\/p>\n\n\n\n<h3 class=\"wp-block-heading\"><span class=\"ez-toc-section\" id=\"%e2%9a%bd%ef%b8%8fgoles-totales-masmenos\"><\/span><strong>\u26bd\ufe0fGoles totales (m\u00e1s\/menos)<\/strong><span class=\"ez-toc-section-end\"><\/span><\/h3>\n\n\n\n<p> \u00bfHabr\u00e1 muchos goles o pocos? Este es tu momento de intuir e investigar.<\/p>\n\n\n\n<h3 class=\"wp-block-heading\"><span class=\"ez-toc-section\" id=\"%f0%9f%a5%85marcador-exacto\"><\/span><strong>\ud83e\udd45Marcador exacto<\/strong><span class=\"ez-toc-section-end\"><\/span><\/h3>\n\n\n\n<p> Para los que se animan a predecir el resultado exacto. Es riesgoso, pero si lo logr\u00e1s acertar ganar\u00e1s mucho.<\/p>\n\n\n\n<h3 class=\"wp-block-heading\"><span class=\"ez-toc-section\" id=\"%f0%9f%8e%afapuestas-especiales\"><\/span><strong>\ud83c\udfafApuestas especiales<\/strong><span class=\"ez-toc-section-end\"><\/span><\/h3>\n\n\n\n<p> Tarjetas, c\u00f3rners, penales, pr\u00f3ximo goleador. Las estadisticas ayudan mucho en este mercado.<\/p>\n\n\n\n<h3 class=\"wp-block-heading\"><span class=\"ez-toc-section\" id=\"%f0%9f%94%97combinadas-o-parleys\"><\/span><strong>\ud83d\udd17Combinadas o parleys<\/strong><span class=\"ez-toc-section-end\"><\/span><\/h3>\n\n\n\n<p>Une varias opciones en un mismo boleto y multiplica ganancias. Pero, para ganar debes acertar todo.<\/p>\n\n\n\n<h3 class=\"wp-block-heading\"><span class=\"ez-toc-section\" id=\"%e2%8f%b1%ef%b8%8fen-vivo\"><\/span><strong>\u23f1\ufe0fEn vivo<\/strong><span class=\"ez-toc-section-end\"><\/span><\/h3>\n\n\n\n<p><strong> <\/strong>Ajusta tu apuesta mientras el partido esta en desarrollo. As\u00ed, puedes ir viendo los movimientos y cambiando tu estrategia. <\/p>\n\n\n\n<h2 class=\"wp-block-heading\"><span class=\"ez-toc-section\" id=\"torneos-que-mas-mueven-apuestas-en-mexico\"><\/span>Torneos que m\u00e1s mueven apuestas en M\u00e9xico<span class=\"ez-toc-section-end\"><\/span><\/h2>\n\n\n\n<p>\u2705Liga MX: El torneo m\u00e1s apasionante y seguido en M\u00e9xico.<\/p>\n\n\n\n<p>\u2705Copa MX: Torneo nacional con equipos de primera y segunda divisi\u00f3n.<\/p>\n\n\n\n<p>\u2705Liga de Campeones CONCACAF: La m\u00e1xima competencia regional.<\/p>\n\n\n\n<p>\u2705Premier League (Inglaterra): Ritmo y calidad mundial.<\/p>\n\n\n\n<p>\u2705La Liga (Espa\u00f1a): Cl\u00e1sicos y estrellas internacionales.<\/p>\n\n\n\n<p>\u2705Champions League: El torneo europeo m\u00e1s prestigioso.<\/p>\n\n\n\n<p>\u2705Bundesliga (Alemania), Serie A (Italia), Ligue 1 (Francia): Ligas top con gran seguimiento.<\/p>\n\n\n\n<h2 class=\"wp-block-heading\"><span class=\"ez-toc-section\" id=\"estrategias-para-apostar-con-cabeza-en-futbol\"><\/span>Estrategias para apostar con cabeza en f\u00fatbol<span class=\"ez-toc-section-end\"><\/span><\/h2>\n\n\n\n<figure class=\"wp-block-image size-large\"><img loading=\"lazy\" decoding=\"async\" width=\"1024\" height=\"726\" src=\"https:\/\/oddsium.com\/mx\/wp-content\/uploads\/sites\/13\/2025\/09\/atleta-jugando-al-futbol-en-mexico-1024x726.jpg\" alt=\"\" class=\"wp-image-554\" srcset=\"https:\/\/oddsium.com\/mx\/wp-content\/uploads\/sites\/13\/2025\/09\/atleta-jugando-al-futbol-en-mexico-1024x726.jpg 1024w, https:\/\/oddsium.com\/mx\/wp-content\/uploads\/sites\/13\/2025\/09\/atleta-jugando-al-futbol-en-mexico-300x213.jpg 300w, https:\/\/oddsium.com\/mx\/wp-content\/uploads\/sites\/13\/2025\/09\/atleta-jugando-al-futbol-en-mexico-768x545.jpg 768w, https:\/\/oddsium.com\/mx\/wp-content\/uploads\/sites\/13\/2025\/09\/atleta-jugando-al-futbol-en-mexico-1536x1090.jpg 1536w, https:\/\/oddsium.com\/mx\/wp-content\/uploads\/sites\/13\/2025\/09\/atleta-jugando-al-futbol-en-mexico.jpg 1748w\" sizes=\"auto, (max-width: 1024px) 100vw, 1024px\" \/><\/figure>\n\n\n\n<ul class=\"wp-block-list\">\n<li>Consulta datos clave: goles, resultados recientes, rendimiento local o visitante.<\/li>\n\n\n\n<li>F\u00edjate en lesionados y sancionados para evaluar el impacto.<\/li>\n\n\n\n<li>Revisa formaciones y posibles cambios t\u00e1cticos.<\/li>\n\n\n\n<li>Considera clima, estado del campo y \u00e1rbitro.<\/li>\n<\/ul>\n\n\n\n<p>Estos detalles te ayudan a evitar apuestas impulsivas. Por otra parte, una estrategia adicional es checar constantemente los <a href=\"https:\/\/oddsium.com\/mx\/casas-de-apuestas\/mejores-bonos-de-apuestas-online-en-mexico\/{\" title=\"\">mejores bonos de apuestas online en M\u00e9xico<\/a> para potenciar tus apuestas online en f\u00fatbol y ganar un poco m\u00e1s de lana. <\/p>\n\n\n\n<h2 class=\"wp-block-heading\"><span class=\"ez-toc-section\" id=\"promos-que-no-puedes-dejar-pasar-en-partidos-de-futbol\"><\/span>Promos que no puedes dejar pasar en partidos de f\u00fatbol<span class=\"ez-toc-section-end\"><\/span><\/h2>\n\n\n\n<p>\ud83d\udd38Bonos de bienvenida para empezar sin miedo.<\/p>\n\n\n\n<p>\ud83d\udd38Apuestas gratis para probar sin arriesgar.<\/p>\n\n\n\n<p>\ud83d\udd38Cuotas mejoradas para aumentar ganancias.<\/p>\n\n\n\n<p>\ud83d\udd38Cashout para retirar antes y asegurar ganancias o reducir p\u00e9rdidas.<\/p>\n\n\n\n<p>\ud83d\udd38Devoluci\u00f3n si el partido termina en empate.<\/p>\n\n\n\n<h2 class=\"wp-block-heading\"><span class=\"ez-toc-section\" id=\"oddsium-tu-aliado-en-las-apuestas-de-futbol\"><\/span>Oddsium: Tu aliado en las apuestas de f\u00fatbol<span class=\"ez-toc-section-end\"><\/span><\/h2>\n\n\n\n<p>\ud83d\udccaComparaci\u00f3n en tiempo real de cuotas entre las mejores casas de apuestas con <a href=\"http:\/\/www.juegosysorteos.gob.mx\/es\/Juegos_y_Sorteos\/Permisionario\" title=\"\">licencia SEGOB<\/a>.<\/p>\n\n\n\n<p>\ud83d\udd14Alertas y notificaciones de promociones.<\/p>\n\n\n\n<p>\ud83d\udcc8An\u00e1lisis y los <a href=\"https:\/\/oddsium.com\/mx\/betting-predictions\/\" title=\"\">mejores pron\u00f3sticos de apuestas en F\u00fatbol de M\u00e9xico <\/a>hechos por expertos.<\/p>\n\n\n\n<p>\ud83d\udcbbInterfaz amigable para apostar desde el celular o PC.<\/p>\n\n\n\n<h2 class=\"wp-block-heading\"><span class=\"ez-toc-section\" id=\"conclusion\"><\/span>Conclusi\u00f3n<span class=\"ez-toc-section-end\"><\/span><\/h2>\n\n\n\n<p>Las apuestas en f\u00fatbol en M\u00e9xico est\u00e1n m\u00e1s vivas que nunca. Con Oddsium tienes la mejor herramienta para sacar ventaja: desde elegir la plataforma ideal, conocer mercados y torneos, hasta aplicar estrategias y aprovechar promos.<\/p>\n\n\n\n<p><em>Todo al alcance de tu mano para que vivas el f\u00fatbol con m\u00e1s emoci\u00f3n y ganancias.<\/em><\/p>\n","protected":false},"excerpt":{"rendered":"<p>El f\u00fatbol tiene esa magia que une a todos, desde la esquina del barrio hasta los grandes estadios, sin importar qui\u00e9n seas. En M\u00e9xico, las apuestas en f\u00fatbol est\u00e1n creciendo un buen, porque cada partido se vive con m\u00e1s emoci\u00f3n. No solo se apuesta a qui\u00e9n gana, sino a un chorro de mercados especiales y [&hellip;]<\/p>\n","protected":false},"author":8,"featured_media":380,"parent":88,"menu_order":0,"comment_status":"closed","ping_status":"closed","template":"sports.php","meta":{"_acf_changed":false,"om_disable_all_campaigns":false,"footnotes":""},"class_list":["post-189","page","type-page","status-publish","has-post-thumbnail","hentry"],"acf":[],"aioseo_notices":[],"_links":{"self":[{"href":"https:\/\/oddsium.com\/mx\/wp-json\/wp\/v2\/pages\/189","targetHints":{"allow":["GET"]}}],"collection":[{"href":"https:\/\/oddsium.com\/mx\/wp-json\/wp\/v2\/pages"}],"about":[{"href":"https:\/\/oddsium.com\/mx\/wp-json\/wp\/v2\/types\/page"}],"author":[{"embeddable":true,"href":"https:\/\/oddsium.com\/mx\/wp-json\/wp\/v2\/users\/8"}],"replies":[{"embeddable":true,"href":"https:\/\/oddsium.com\/mx\/wp-json\/wp\/v2\/comments?post=189"}],"version-history":[{"count":0,"href":"https:\/\/oddsium.com\/mx\/wp-json\/wp\/v2\/pages\/189\/revisions"}],"up":[{"embeddable":true,"href":"https:\/\/oddsium.com\/mx\/wp-json\/wp\/v2\/pages\/88"}],"wp:featuredmedia":[{"embeddable":true,"href":"https:\/\/oddsium.com\/mx\/wp-json\/wp\/v2\/media\/380"}],"wp:attachment":[{"href":"https:\/\/oddsium.com\/mx\/wp-json\/wp\/v2\/media?parent=189"}],"curies":[{"name":"wp","href":"https:\/\/api.w.org\/{rel}","templated":true}]}}