{"id":212,"date":"2025-05-20T23:42:58","date_gmt":"2025-05-20T23:42:58","guid":{"rendered":"https:\/\/oddsium.wpenginepowered.com\/mx\/?page_id=212"},"modified":"2025-09-11T18:06:35","modified_gmt":"2025-09-11T18:06:35","slug":"criquet","status":"publish","type":"page","link":"https:\/\/oddsium.com\/mx\/apuestas-deportivas\/criquet\/","title":{"rendered":"Apuestas en Cr\u00edquet"},"content":{"rendered":"\n<p>El cr\u00edquet es un deporte que muchos hoy en d\u00eda no conoce bien. Sin embargo, es una joya para quienes buscan nuevas formas de apostar. En este juego, que no es tan popular en M\u00e9xico, dos equipos de once jugadores se enfrentan con un bate y una pelota. Adem\u00e1s, un partido puede durar desde unas cuantas horas hasta varios d\u00edas. \u00a1Imag\u00ednate! En cuanto a los puntos, pueden superar las 700 carreras. Lo m\u00e1s loco es que todo se puede definir en la \u00faltima bola. Suena de locos, pero ah\u00ed est\u00e1 la magia.<\/p>\n\n\n\n<p>En Oddsium, sabemos que el cr\u00edquet puede ser dif\u00edcil al principio, pero con la info adecuada, ser\u00e1 una buena oportunidad para ganar. Aqu\u00ed te mostramos los mejores sitios de apuestas con <a href=\"http:\/\/www.juegosysorteos.gob.mx\/es\/Juegos_y_Sorteos\/Permisionario\" title=\"\">licencia SEGOB en M\u00e9xico<\/a>\u00a0para apostar f\u00e1cil y seguro.<\/p>\n\n\n\n<div id=\"ez-toc-container\" class=\"ez-toc-v2_0_81 counter-hierarchy ez-toc-counter ez-toc-grey ez-toc-container-direction\">\n<div class=\"ez-toc-title-container\">\n<p class=\"ez-toc-title\" style=\"cursor:inherit\">Table of Contents<\/p>\n<span class=\"ez-toc-title-toggle\"><a href=\"#\" class=\"ez-toc-pull-right ez-toc-btn ez-toc-btn-xs ez-toc-btn-default ez-toc-toggle\" aria-label=\"Toggle Table of Content\"><span class=\"ez-toc-js-icon-con\"><span class=\"\"><span class=\"eztoc-hide\" style=\"display:none;\">Toggle<\/span><span class=\"ez-toc-icon-toggle-span\"><svg style=\"fill: #999;color:#999\" xmlns=\"http:\/\/www.w3.org\/2000\/svg\" class=\"list-377408\" width=\"20px\" height=\"20px\" viewBox=\"0 0 24 24\" fill=\"none\"><path d=\"M6 6H4v2h2V6zm14 0H8v2h12V6zM4 11h2v2H4v-2zm16 0H8v2h12v-2zM4 16h2v2H4v-2zm16 0H8v2h12v-2z\" fill=\"currentColor\"><\/path><\/svg><svg style=\"fill: #999;color:#999\" class=\"arrow-unsorted-368013\" xmlns=\"http:\/\/www.w3.org\/2000\/svg\" width=\"10px\" height=\"10px\" viewBox=\"0 0 24 24\" version=\"1.2\" baseProfile=\"tiny\"><path d=\"M18.2 9.3l-6.2-6.3-6.2 6.3c-.2.2-.3.4-.3.7s.1.5.3.7c.2.2.4.3.7.3h11c.3 0 .5-.1.7-.3.2-.2.3-.5.3-.7s-.1-.5-.3-.7zM5.8 14.7l6.2 6.3 6.2-6.3c.2-.2.3-.5.3-.7s-.1-.5-.3-.7c-.2-.2-.4-.3-.7-.3h-11c-.3 0-.5.1-.7.3-.2.2-.3.5-.3.7s.1.5.3.7z\"\/><\/svg><\/span><\/span><\/span><\/a><\/span><\/div>\n<nav><ul class='ez-toc-list ez-toc-list-level-1 ' ><li class='ez-toc-page-1 ez-toc-heading-level-2'><a class=\"ez-toc-link ez-toc-heading-1\" href=\"https:\/\/oddsium.com\/mx\/apuestas-deportivas\/criquet\/#formatos-de-criquet-descubre-cada-tipo-de-partido\" >Formatos de cr\u00edquet: Descubre cada tipo de partido<\/a><\/li><li class='ez-toc-page-1 ez-toc-heading-level-2'><a class=\"ez-toc-link ez-toc-heading-2\" href=\"https:\/\/oddsium.com\/mx\/apuestas-deportivas\/criquet\/#%c2%bfpor-que-apostar-en-criquet-te-puede-dejar-buena-lana\" >\u00bfPor qu\u00e9 apostar en cr\u00edquet te puede dejar buena lana?<\/a><ul class='ez-toc-list-level-3' ><li class='ez-toc-heading-level-3'><a class=\"ez-toc-link ez-toc-heading-3\" href=\"https:\/\/oddsium.com\/mx\/apuestas-deportivas\/criquet\/#%f0%9f%93%8alas-estadisticas-son-la-clave\" >\ud83d\udccaLas estad\u00edsticas son la clave<\/a><\/li><li class='ez-toc-page-1 ez-toc-heading-level-3'><a class=\"ez-toc-link ez-toc-heading-4\" href=\"https:\/\/oddsium.com\/mx\/apuestas-deportivas\/criquet\/#%f0%9f%8c%a6el-clima-cambia-las-reglas\" >\ud83c\udf26El clima cambia las reglas<\/a><\/li><li class='ez-toc-page-1 ez-toc-heading-level-3'><a class=\"ez-toc-link ez-toc-heading-5\" href=\"https:\/\/oddsium.com\/mx\/apuestas-deportivas\/criquet\/#%f0%9f%a7%a0la-tactica-mueve-el-juego\" >\ud83e\udde0La t\u00e1ctica mueve el juego<\/a><\/li><li class='ez-toc-page-1 ez-toc-heading-level-3'><a class=\"ez-toc-link ez-toc-heading-6\" href=\"https:\/\/oddsium.com\/mx\/apuestas-deportivas\/criquet\/#%f0%9f%92%a5cambios-rapidos\" >\ud83d\udca5Cambios r\u00e1pidos<\/a><\/li><li class='ez-toc-page-1 ez-toc-heading-level-3'><a class=\"ez-toc-link ez-toc-heading-7\" href=\"https:\/\/oddsium.com\/mx\/apuestas-deportivas\/criquet\/#%f0%9f%93%89cuotas-que-no-ven-la-realidad\" >\ud83d\udcc9Cuotas que no ven la realidad<\/a><\/li><\/ul><\/li><li class='ez-toc-page-1 ez-toc-heading-level-2'><a class=\"ez-toc-link ez-toc-heading-8\" href=\"https:\/\/oddsium.com\/mx\/apuestas-deportivas\/criquet\/#mercados-populares-para-sacarle-el-jugo-al-criquet\" >Mercados populares para sacarle el jugo al cr\u00edquet<\/a><\/li><li class='ez-toc-page-1 ez-toc-heading-level-2'><a class=\"ez-toc-link ez-toc-heading-9\" href=\"https:\/\/oddsium.com\/mx\/apuestas-deportivas\/criquet\/#puntos-clave-para-no-perder-el-hilo-en-tus-apuestas\" >Puntos clave para no perder el hilo en tus apuestas<\/a><ul class='ez-toc-list-level-3' ><li class='ez-toc-heading-level-3'><a class=\"ez-toc-link ez-toc-heading-10\" href=\"https:\/\/oddsium.com\/mx\/apuestas-deportivas\/criquet\/#%e2%9c%94%ef%b8%8finforme-de-lanzamiento-y-condiciones-del-campo\" >\u2714\ufe0fInforme de lanzamiento y condiciones del campo<\/a><\/li><li class='ez-toc-page-1 ez-toc-heading-level-3'><a class=\"ez-toc-link ez-toc-heading-11\" href=\"https:\/\/oddsium.com\/mx\/apuestas-deportivas\/criquet\/#%e2%9c%94%ef%b8%8fclima\" >\u2714\ufe0fClima<\/a><\/li><li class='ez-toc-page-1 ez-toc-heading-level-3'><a class=\"ez-toc-link ez-toc-heading-12\" href=\"https:\/\/oddsium.com\/mx\/apuestas-deportivas\/criquet\/#%e2%9c%94%ef%b8%8fnoticias-de-alineacion\" >\u2714\ufe0fNoticias de alineaci\u00f3n<\/a><\/li><li class='ez-toc-page-1 ez-toc-heading-level-3'><a class=\"ez-toc-link ez-toc-heading-13\" href=\"https:\/\/oddsium.com\/mx\/apuestas-deportivas\/criquet\/#%e2%9c%94%ef%b8%8fanalisis-del-juego\" >\u2714\ufe0fAn\u00e1lisis del juego<\/a><\/li><li class='ez-toc-page-1 ez-toc-heading-level-3'><a class=\"ez-toc-link ez-toc-heading-14\" href=\"https:\/\/oddsium.com\/mx\/apuestas-deportivas\/criquet\/#%e2%9c%94%ef%b8%8fhistorial\" >\u2714\ufe0fHistorial<\/a><\/li><\/ul><\/li><li class='ez-toc-page-1 ez-toc-heading-level-2'><a class=\"ez-toc-link ez-toc-heading-15\" href=\"https:\/\/oddsium.com\/mx\/apuestas-deportivas\/criquet\/#datos-sorprendentes-que-demuestran-lo-profundo-que-es-el-criquet\" >Datos sorprendentes que demuestran lo profundo que es el cr\u00edquet<\/a><\/li><li class='ez-toc-page-1 ez-toc-heading-level-2'><a class=\"ez-toc-link ez-toc-heading-16\" href=\"https:\/\/oddsium.com\/mx\/apuestas-deportivas\/criquet\/#%c2%bfdonde-apostar-en-criquet-desde-mexico-plataformas-recomendadas\" >\u00bfD\u00f3nde apostar en cr\u00edquet desde M\u00e9xico? Plataformas recomendadas<\/a><\/li><li class='ez-toc-page-1 ez-toc-heading-level-2'><a class=\"ez-toc-link ez-toc-heading-17\" href=\"https:\/\/oddsium.com\/mx\/apuestas-deportivas\/criquet\/#conclusion\" >Conclusi\u00f3n<\/a><\/li><\/ul><\/nav><\/div>\n<h2 class=\"wp-block-heading\"><span class=\"ez-toc-section\" id=\"formatos-de-criquet-descubre-cada-tipo-de-partido\"><\/span>Formatos de cr\u00edquet: Descubre cada tipo de partido <span class=\"ez-toc-section-end\"><\/span><\/h2>\n\n\n\n<figure class=\"wp-block-table\"><table class=\"has-fixed-layout\"><tbody><tr><td><strong>Formato<\/strong><\/td><td><strong>\u00bfQu\u00e9 lo hace \u00fanico?<\/strong><\/td><\/tr><tr><td>Partido de prueba<\/td><td>La marat\u00f3n del cr\u00edquet puede durar hasta 5 d\u00edas de pura paciencia. Por eso, es ideal para apostar a largo plazo. Adem\u00e1s, el clima y las decisiones t\u00e1cticas son la clave para cambiar el destino del partido.<\/td><\/tr><tr><td>One Day Internacional (ODI)<\/td><td>El equilibrio perfecto entre velocidad y t\u00e1ctica, con 50 overs para mostrar qui\u00e9n manda. Este formato te invita a apostar en mercados din\u00e1micos, desde carreras hasta jugadores estrella.<\/td><\/tr><tr><td>T20<\/td><td>20 overs de ritmo fren\u00e9tico y explosiones constantes de puntos. \u00a1Aqu\u00ed las apuestas en vivo son un festival de oportunidades!<\/td><\/tr><tr><td>T10 \/ El Cien<\/td><td>El sprint definitivo del cr\u00edquet: solo 10 overs y acci\u00f3n sin parar. Perfecto para apostadores que buscan emociones r\u00e1pidas y resultados inmediatos.<\/td><\/tr><\/tbody><\/table><\/figure>\n\n\n\n<h2 class=\"wp-block-heading\"><span class=\"ez-toc-section\" id=\"%c2%bfpor-que-apostar-en-criquet-te-puede-dejar-buena-lana\"><\/span>\u00bfPor qu\u00e9 apostar en cr\u00edquet te puede dejar buena lana?<span class=\"ez-toc-section-end\"><\/span><\/h2>\n\n\n\n<h3 class=\"wp-block-heading\"><span class=\"ez-toc-section\" id=\"%f0%9f%93%8alas-estadisticas-son-la-clave\"><\/span>\ud83d\udccaLas estad\u00edsticas son la clave<span class=\"ez-toc-section-end\"><\/span><\/h3>\n\n\n\n<p>Los n\u00fameros importantes son los promedios, la econom\u00eda de los lanzadores y la tasa de bateo. Por ejemplo, si un jugador destaca por su bajo promedio de carreras concedidas, se vuelve favorito para \u00abmejor lanzador\u00bb. \u00a1Conocer estas cifras te ayuda a anticipar qui\u00e9n va a dominar el partido!<\/p>\n\n\n\n<h3 class=\"wp-block-heading\"><span class=\"ez-toc-section\" id=\"%f0%9f%8c%a6el-clima-cambia-las-reglas\"><\/span>\ud83c\udf26El clima cambia las reglas<span class=\"ez-toc-section-end\"><\/span><\/h3>\n\n\n\n<p>La lluvia o la humedad no solo afectan el juego. De hecho, pueden darle ventaja a ciertos jugadores. Por ejemplo, en partidos largos, la humedad ayuda a los lanzadores que giran la bola. As\u00ed, complican la chamba de los bateadores. Prever estas condiciones te da una ventaja extra para apostar.<\/p>\n\n\n\n<h3 class=\"wp-block-heading\"><span class=\"ez-toc-section\" id=\"%f0%9f%a7%a0la-tactica-mueve-el-juego\"><\/span>\ud83e\udde0La t\u00e1ctica mueve el juego<span class=\"ez-toc-section-end\"><\/span><\/h3>\n\n\n\n<p>Decidir qui\u00e9n batea primero o cambiar la alineaci\u00f3n puede cambiar todo. \u00a1Hay capitanes bien pilas que saben usar estas decisiones para controlar el partido, y eso influye en las cuotas!<\/p>\n\n\n\n<h3 class=\"wp-block-heading\"><span class=\"ez-toc-section\" id=\"%f0%9f%92%a5cambios-rapidos\"><\/span>\ud83d\udca5Cambios r\u00e1pidos<span class=\"ez-toc-section-end\"><\/span><\/h3>\n\n\n\n<p>En el cr\u00edquet, un equipo puede perder varios jugadores en un abrir y cerrar de ojos. As\u00ed, puede pasar de dominar a estar en desventaja. Te recomendamos usar<a href=\"https:\/\/oddsium.com\/mx\/casas-de-apuestas\/los-mejores-sitios-de-apuestas-con-streaming-en-vivo\/\" title=\"\"> sitios de apuestas con streaming en vivo en M\u00e9xico<\/a> para detectar estos momentos en vivo y apostar con \u00e9xito.<\/p>\n\n\n\n<h3 class=\"wp-block-heading\"><span class=\"ez-toc-section\" id=\"%f0%9f%93%89cuotas-que-no-ven-la-realidad\"><\/span>\ud83d\udcc9Cuotas que no ven la realidad<span class=\"ez-toc-section-end\"><\/span><\/h3>\n\n\n\n<p>&nbsp;A veces, las casas de apuestas no toman en cuenta cosas como la fatiga o lesiones recientes. Sin duda, esto lo que crea es cuotas mal calculadas que t\u00fa puedes aprovechar.<\/p>\n\n\n\n<h2 class=\"wp-block-heading\"><span class=\"ez-toc-section\" id=\"mercados-populares-para-sacarle-el-jugo-al-criquet\"><\/span>Mercados populares para sacarle el jugo al cr\u00edquet<span class=\"ez-toc-section-end\"><\/span><\/h2>\n\n\n\n<figure class=\"wp-block-table\"><table class=\"has-fixed-layout\"><tbody><tr><td><strong>Mercado<\/strong><\/td><td><strong>\u00bfQu\u00e9 significa y cu\u00e1ndo apostar?<\/strong><\/td><\/tr><tr><td>\ud83c\udfc6Ganador del partido<\/td><td>Apostar al equipo que gana. En los partidos de prueba, el empate no es tan com\u00fan, pero ofrece buenas cuotas. \u00a1Perfecto para apostar antes y durante el partido!<\/td><\/tr><tr><td>\ud83c\udfafMejor bateador\/lanzador<\/td><td>Elegir qui\u00e9n va a anotar m\u00e1s carreras o sacar m\u00e1s jugadores en el partido. \u00a1Se puede apostar antes y durante el juego!<\/td><\/tr><tr><td>\ud83d\udcc8Carreras por equipo (m\u00e1s\/menos)<\/td><td>Predecir si un equipo va a anotar m\u00e1s o menos carreras de lo esperado. \u00a1Ideal para apostar en vivo, siguiendo el ritmo del partido en formatos ODI y T20!<\/td><\/tr><tr><td>\ud83d\udca5Mayor\u00eda de seis\/l\u00edmites<\/td><td>Apostar a qu\u00e9 jugador va a conectar m\u00e1s seis o l\u00edmites, especialmente en partidos T20 donde el juego es rapid\u00edsimo. \u00a1Lo mejor es apostar en vivo!<\/td><\/tr><tr><td>\ud83c\udfadM\u00e9todo de eliminaci\u00f3n<\/td><td>Adivinar c\u00f3mo van a eliminar al pr\u00f3ximo bateador: atrapado, lanzamiento, etc. \u00a1Para los que disfrutan del detalle t\u00e9cnico y prefieren apostar en vivo!<\/td><\/tr><tr><td>\u23f1 Carrera a X carreras<\/td><td>Apostar a qu\u00e9 equipo va a llegar primero a una cifra espec\u00edfica de carreras, como 50 o 100. \u00a1Funciona bien en apuestas combinadas!<\/td><\/tr><\/tbody><\/table><\/figure>\n\n\n\n<h2 class=\"wp-block-heading\"><span class=\"ez-toc-section\" id=\"puntos-clave-para-no-perder-el-hilo-en-tus-apuestas\"><\/span>Puntos clave para no perder el hilo en tus apuestas<span class=\"ez-toc-section-end\"><\/span><\/h2>\n\n\n\n<figure class=\"wp-block-image size-large\"><img loading=\"lazy\" decoding=\"async\" width=\"1024\" height=\"726\" src=\"https:\/\/oddsium.com\/mx\/wp-content\/uploads\/sites\/13\/2025\/09\/persona-jugando-criquet-1024x726.jpg\" alt=\"\" class=\"wp-image-544\" srcset=\"https:\/\/oddsium.com\/mx\/wp-content\/uploads\/sites\/13\/2025\/09\/persona-jugando-criquet-1024x726.jpg 1024w, https:\/\/oddsium.com\/mx\/wp-content\/uploads\/sites\/13\/2025\/09\/persona-jugando-criquet-300x213.jpg 300w, https:\/\/oddsium.com\/mx\/wp-content\/uploads\/sites\/13\/2025\/09\/persona-jugando-criquet-768x545.jpg 768w, https:\/\/oddsium.com\/mx\/wp-content\/uploads\/sites\/13\/2025\/09\/persona-jugando-criquet-1536x1090.jpg 1536w, https:\/\/oddsium.com\/mx\/wp-content\/uploads\/sites\/13\/2025\/09\/persona-jugando-criquet.jpg 1748w\" sizes=\"auto, (max-width: 1024px) 100vw, 1024px\" \/><\/figure>\n\n\n\n<h3 class=\"wp-block-heading\"><span class=\"ez-toc-section\" id=\"%e2%9c%94%ef%b8%8finforme-de-lanzamiento-y-condiciones-del-campo\"><\/span><strong>\u2714\ufe0fInforme de lanzamiento y condiciones del campo<\/strong><span class=\"ez-toc-section-end\"><\/span><\/h3>\n\n\n\n<p>Es clave saber si la bola es lenta, con giro o r\u00e1pida. Adem\u00e1s, es importante entender c\u00f3mo se comporta en el estadio. Por ejemplo, los boleadores lentos lanzan con giro para complicar al bateador. En cambio, los r\u00e1pidos dependen del clima y la superficie.&nbsp;<\/p>\n\n\n\n<h3 class=\"wp-block-heading\"><span class=\"ez-toc-section\" id=\"%e2%9c%94%ef%b8%8fclima\"><\/span><strong>\u2714\ufe0fClima<\/strong><span class=\"ez-toc-section-end\"><\/span><\/h3>\n\n\n\n<p>La lluvia puede detener el juego y activar reglas especiales. Adem\u00e1s, la humedad y el calor afectan el rendimiento de los jugadores. Por eso, es importante considerar estas condiciones al apostar. As\u00ed, podr\u00e1s anticipar cambios y tomar mejores decisiones.<\/p>\n\n\n\n<h3 class=\"wp-block-heading\"><span class=\"ez-toc-section\" id=\"%e2%9c%94%ef%b8%8fnoticias-de-alineacion\"><\/span><strong>\u2714\ufe0fNoticias de alineaci\u00f3n<\/strong><span class=\"ez-toc-section-end\"><\/span><\/h3>\n\n\n\n<p>La falta de un capit\u00e1n o jugador estrella puede cambiar todo. Asi que, estar al tiro con estas noticias es vital para ajustar tus apuestas en l\u00ednea.<\/p>\n\n\n\n<h3 class=\"wp-block-heading\"><span class=\"ez-toc-section\" id=\"%e2%9c%94%ef%b8%8fanalisis-del-juego\"><\/span><strong>\u2714\ufe0fAn\u00e1lisis del juego<\/strong><span class=\"ez-toc-section-end\"><\/span><\/h3>\n\n\n\n<p>Momentos como los powerplays o los \u00faltimos overs en T20 son clave para apostar en vivo. Por lo que, no debes desaprovecharlos.<\/p>\n\n\n\n<h3 class=\"wp-block-heading\"><span class=\"ez-toc-section\" id=\"%e2%9c%94%ef%b8%8fhistorial\"><\/span><strong>\u2714\ufe0fHistorial<\/strong><span class=\"ez-toc-section-end\"><\/span><\/h3>\n\n\n\n<p>Saber c\u00f3mo ciertos lanzadores dominan a bateadores espec\u00edficos es vital.  Asimismo, saber c\u00f3mo reaccionan los jugadores bajo presi\u00f3n te da ventaja para predecir resultados.<\/p>\n\n\n\n<h2 class=\"wp-block-heading\"><span class=\"ez-toc-section\" id=\"datos-sorprendentes-que-demuestran-lo-profundo-que-es-el-criquet\"><\/span>Datos sorprendentes que demuestran lo profundo que es el cr\u00edquet<span class=\"ez-toc-section-end\"><\/span><\/h2>\n\n\n\n<ul class=\"wp-block-list\">\n<li><strong>Pat Cummins (Australia)<\/strong> lanza r\u00e1pido, a 145 km\/h, con lanzamientos dif\u00edciles de predecir que complican a los bateadores.<\/li>\n\n\n\n<li><strong>Steve Smith (Australia) <\/strong>tiene un promedio de bateo en Test superior a 60, uno de los mejores en la historia del cr\u00edquet.<\/li>\n\n\n\n<li><strong>India<\/strong> anot\u00f3 263 carreras en 20 overs en la IPL 2016, mostrando un ritmo explosivo y efectivo en partidos cortos.<\/li>\n<\/ul>\n\n\n\n<h2 class=\"wp-block-heading\"><span class=\"ez-toc-section\" id=\"%c2%bfdonde-apostar-en-criquet-desde-mexico-plataformas-recomendadas\"><\/span>\u00bfD\u00f3nde apostar en cr\u00edquet desde M\u00e9xico? Plataformas recomendadas<span class=\"ez-toc-section-end\"><\/span><\/h2>\n\n\n\n<figure class=\"wp-block-table\"><table class=\"has-fixed-layout\"><tbody><tr><td><strong>Plataforma<\/strong><\/td><td><strong>\u00bfPor qu\u00e9 es ideal esta opci\u00f3n?<\/strong><\/td><\/tr><tr><td>Betsson<\/td><td>Amplia cobertura de partidos internacionales y locales, con buenas cuotas y mercados variados en cr\u00edquet.<\/td><\/tr><tr><td>Sportium<\/td><td>Reconocida mundialmente, ofrece streaming en vivo, variedad de mercados y app m\u00f3vil para apostar desde donde quieras.<\/td><\/tr><tr><td>Caliente.mx<\/td><td>Plataforma segura y con licencia en M\u00e9xico, buena variedad de mercados y promociones para apostar en cr\u00edquet.<\/td><\/tr><tr><td>Oddsium<\/td><td>Te ayuda a comparar cuotas de varios sitios de apuestas para encontrar las mejores opciones y m\u00e1s seguras.<\/td><\/tr><\/tbody><\/table><\/figure>\n\n\n\n<h2 class=\"wp-block-heading\"><span class=\"ez-toc-section\" id=\"conclusion\"><\/span>Conclusi\u00f3n<span class=\"ez-toc-section-end\"><\/span><\/h2>\n\n\n\n<p>Apostar en cr\u00edquet es un reto para mentes anal\u00edticas. Ciertamente, no es un deporte f\u00e1cil de entender. Sin embargo, una vez que le agarras el hilo a la l\u00f3gica y las estrategias, pueden dejarte buena lana.<\/p>\n\n\n\n<p>Como sabr\u00e1s, apostar en este deporte tiene su riesgo, pero tambi\u00e9n puede traer victorias inesperadas. Por eso, an\u00edmate a probar y mejora tus oportunidades con las&nbsp;<a href=\"https:\/\/oddsium.com\/mx\/apuestas-deportivas\/\" title=\"\">mejores apuestas deportivas en M\u00e9xico 2025<\/a>&nbsp;diversificando tus jugadas. \u00a1Con Oddsium tendr\u00e1s toda la informaci\u00f3n y herramientas para que tu experiencia sea chida y segura!<\/p>\n\n\n\n<p><\/p>\n","protected":false},"excerpt":{"rendered":"<p>El cr\u00edquet es un deporte que muchos hoy en d\u00eda no conoce bien. Sin embargo, es una joya para quienes buscan nuevas formas de apostar. En este juego, que no es tan popular en M\u00e9xico, dos equipos de once jugadores se enfrentan con un bate y una pelota. Adem\u00e1s, un partido puede durar desde unas [&hellip;]<\/p>\n","protected":false},"author":8,"featured_media":369,"parent":88,"menu_order":0,"comment_status":"closed","ping_status":"closed","template":"sports.php","meta":{"_acf_changed":false,"om_disable_all_campaigns":false,"footnotes":""},"class_list":["post-212","page","type-page","status-publish","has-post-thumbnail","hentry"],"acf":[],"aioseo_notices":[],"_links":{"self":[{"href":"https:\/\/oddsium.com\/mx\/wp-json\/wp\/v2\/pages\/212","targetHints":{"allow":["GET"]}}],"collection":[{"href":"https:\/\/oddsium.com\/mx\/wp-json\/wp\/v2\/pages"}],"about":[{"href":"https:\/\/oddsium.com\/mx\/wp-json\/wp\/v2\/types\/page"}],"author":[{"embeddable":true,"href":"https:\/\/oddsium.com\/mx\/wp-json\/wp\/v2\/users\/8"}],"replies":[{"embeddable":true,"href":"https:\/\/oddsium.com\/mx\/wp-json\/wp\/v2\/comments?post=212"}],"version-history":[{"count":0,"href":"https:\/\/oddsium.com\/mx\/wp-json\/wp\/v2\/pages\/212\/revisions"}],"up":[{"embeddable":true,"href":"https:\/\/oddsium.com\/mx\/wp-json\/wp\/v2\/pages\/88"}],"wp:featuredmedia":[{"embeddable":true,"href":"https:\/\/oddsium.com\/mx\/wp-json\/wp\/v2\/media\/369"}],"wp:attachment":[{"href":"https:\/\/oddsium.com\/mx\/wp-json\/wp\/v2\/media?parent=212"}],"curies":[{"name":"wp","href":"https:\/\/api.w.org\/{rel}","templated":true}]}}