{"id":216,"date":"2025-05-21T14:20:52","date_gmt":"2025-05-21T14:20:52","guid":{"rendered":"https:\/\/oddsium.wpenginepowered.com\/mx\/?page_id=216"},"modified":"2025-09-11T18:49:02","modified_gmt":"2025-09-11T18:49:02","slug":"formula-1","status":"publish","type":"page","link":"https:\/\/oddsium.com\/mx\/apuestas-deportivas\/formula-1\/","title":{"rendered":"Apuestas en F\u00f3rmula 1"},"content":{"rendered":"\n<p>La F\u00f3rmula 1 no solo mueve a los fan\u00e1ticos del automovilismo, sino tambi\u00e9n a los que les gusta meterle lana a las apuestas. Pilotos como Verstappen, Hamilton, Leclerc y P\u00e9rez tienen su combo de seguidores, y escuder\u00edas legendarias como Red Bull, Ferrari y Mercedes se la rifan en un espect\u00e1culo donde la adrenalina se siente en cada curva.<\/p>\n\n\n\n<p>Pero ojo, apostar en la F1 no es solo decir \u201cqui\u00e9n gana\u201d, sino entender c\u00f3mo el clima, las paradas en boxes y cualquier imprevisto pueden cambiar la carrera en un segundo. Por eso, aunque no es f\u00e1cil, los que juntan pasi\u00f3n con an\u00e1lisis tienen la chance de convertir ese conocimiento en varo de verdad.<\/p>\n\n\n\n<div id=\"ez-toc-container\" class=\"ez-toc-v2_0_81 counter-hierarchy ez-toc-counter ez-toc-grey ez-toc-container-direction\">\n<div class=\"ez-toc-title-container\">\n<p class=\"ez-toc-title\" style=\"cursor:inherit\">Table of Contents<\/p>\n<span class=\"ez-toc-title-toggle\"><a href=\"#\" class=\"ez-toc-pull-right ez-toc-btn ez-toc-btn-xs ez-toc-btn-default ez-toc-toggle\" aria-label=\"Toggle Table of Content\"><span class=\"ez-toc-js-icon-con\"><span class=\"\"><span class=\"eztoc-hide\" style=\"display:none;\">Toggle<\/span><span class=\"ez-toc-icon-toggle-span\"><svg style=\"fill: #999;color:#999\" xmlns=\"http:\/\/www.w3.org\/2000\/svg\" class=\"list-377408\" width=\"20px\" height=\"20px\" viewBox=\"0 0 24 24\" fill=\"none\"><path d=\"M6 6H4v2h2V6zm14 0H8v2h12V6zM4 11h2v2H4v-2zm16 0H8v2h12v-2zM4 16h2v2H4v-2zm16 0H8v2h12v-2z\" fill=\"currentColor\"><\/path><\/svg><svg style=\"fill: #999;color:#999\" class=\"arrow-unsorted-368013\" xmlns=\"http:\/\/www.w3.org\/2000\/svg\" width=\"10px\" height=\"10px\" viewBox=\"0 0 24 24\" version=\"1.2\" baseProfile=\"tiny\"><path d=\"M18.2 9.3l-6.2-6.3-6.2 6.3c-.2.2-.3.4-.3.7s.1.5.3.7c.2.2.4.3.7.3h11c.3 0 .5-.1.7-.3.2-.2.3-.5.3-.7s-.1-.5-.3-.7zM5.8 14.7l6.2 6.3 6.2-6.3c.2-.2.3-.5.3-.7s-.1-.5-.3-.7c-.2-.2-.4-.3-.7-.3h-11c-.3 0-.5.1-.7.3-.2.2-.3.5-.3.7s.1.5.3.7z\"\/><\/svg><\/span><\/span><\/span><\/a><\/span><\/div>\n<nav><ul class='ez-toc-list ez-toc-list-level-1 ' ><li class='ez-toc-page-1 ez-toc-heading-level-2'><a class=\"ez-toc-link ez-toc-heading-1\" href=\"https:\/\/oddsium.com\/mx\/apuestas-deportivas\/formula-1\/#donde-apostar-a-la-formula-1-las-casas-mas-chidas-en-mexico\" >D\u00f3nde apostar a la F\u00f3rmula 1: las casas m\u00e1s chidas en M\u00e9xico<\/a><\/li><li class='ez-toc-page-1 ez-toc-heading-level-2'><a class=\"ez-toc-link ez-toc-heading-2\" href=\"https:\/\/oddsium.com\/mx\/apuestas-deportivas\/formula-1\/#formula-1-el-terreno-donde-cada-segundo-vale-oro\" >F\u00f3rmula 1: el terreno donde cada segundo vale oro<\/a><\/li><li class='ez-toc-page-1 ez-toc-heading-level-2'><a class=\"ez-toc-link ez-toc-heading-3\" href=\"https:\/\/oddsium.com\/mx\/apuestas-deportivas\/formula-1\/#como-arrancar-a-apostar-en-formula-1-desde-mexico\" >C\u00f3mo arrancar a apostar en F\u00f3rmula 1 desde M\u00e9xico<\/a><\/li><li class='ez-toc-page-1 ez-toc-heading-level-2'><a class=\"ez-toc-link ez-toc-heading-4\" href=\"https:\/\/oddsium.com\/mx\/apuestas-deportivas\/formula-1\/#mercados-populares-para-apostar-en-formula-1\" >Mercados populares para apostar en F\u00f3rmula 1<\/a><\/li><li class='ez-toc-page-1 ez-toc-heading-level-2'><a class=\"ez-toc-link ez-toc-heading-5\" href=\"https:\/\/oddsium.com\/mx\/apuestas-deportivas\/formula-1\/#promos-y-bonos-que-no-te-puedes-perder-en-f1\" >Promos y bonos que no te puedes perder en F1<\/a><\/li><li class='ez-toc-page-1 ez-toc-heading-level-2'><a class=\"ez-toc-link ez-toc-heading-6\" href=\"https:\/\/oddsium.com\/mx\/apuestas-deportivas\/formula-1\/#estrategias-para-apostar-con-cabeza-fria\" >Estrategias para apostar con cabeza fr\u00eda<\/a><\/li><li class='ez-toc-page-1 ez-toc-heading-level-2'><a class=\"ez-toc-link ez-toc-heading-7\" href=\"https:\/\/oddsium.com\/mx\/apuestas-deportivas\/formula-1\/#oddsium-tu-mejor-aliado-para-apostar-en-formula-1\" >Oddsium: tu mejor aliado para apostar en F\u00f3rmula 1<\/a><\/li><li class='ez-toc-page-1 ez-toc-heading-level-2'><a class=\"ez-toc-link ez-toc-heading-8\" href=\"https:\/\/oddsium.com\/mx\/apuestas-deportivas\/formula-1\/#en-conclusion\" >En conclusi\u00f3n<\/a><\/li><\/ul><\/nav><\/div>\n<h2 class=\"wp-block-heading\"><span class=\"ez-toc-section\" id=\"donde-apostar-a-la-formula-1-las-casas-mas-chidas-en-mexico\"><\/span>D\u00f3nde apostar a la F\u00f3rmula 1: las casas m\u00e1s chidas en M\u00e9xico<span class=\"ez-toc-section-end\"><\/span><\/h2>\n\n\n\n<figure class=\"wp-block-table\"><table class=\"has-fixed-layout\"><tbody><tr><td><strong>Plataforma<\/strong><\/td><td><strong>Lo que la hace destacar<\/strong><\/td><td><strong>Bono de bienvenida<\/strong><\/td><\/tr><tr><td>Betsson<\/td><td>S\u00faper momios, m\u00e1s de 30 mercados, apuestas en vivo y plataforma f\u00e1cil.<\/td><td>Bono hasta $5,000 MXN.&nbsp;<\/td><\/tr><tr><td>Codere<\/td><td>Cuotas accesibles, m\u00e1s de 50 mercados, soporte v\u00eda WhatsApp.<\/td><td>Bono hasta $5,000 MXN.&nbsp;<\/td><\/tr><tr><td>Betway<\/td><td>Funci\u00f3n cashout, app intuitiva, cuotas competitivas.&nbsp;<\/td><td>Bono hasta $3,000 MXN.&nbsp;<\/td><\/tr><tr><td>Sportiumbet<\/td><td>Bono por registro, mercados notables para F1, retiradas inmediatas con Neteller.&nbsp;<\/td><td>Reembolsa hasta $3,500 de la primera apuesta.&nbsp;<\/td><\/tr><tr><td>10bet<\/td><td>Apuestas especiales variadas, promociones de freebets.&nbsp;<\/td><td>100% hasta $3,000 por tu primer dep\u00f3sito.&nbsp;<\/td><\/tr><tr><td>Oddsium<\/td><td>Comparador de momios en tiempo real para que siempre encuentre la mejor opci\u00f3n y no pierda ni un peso.<\/td><td>Uso gratuito para sus usuarios.<\/td><\/tr><\/tbody><\/table><\/figure>\n\n\n\n<p><em>\ud83d\udccc\u00a1Con Oddsium, puedes comparar cuotas al instante y elegir siempre la mejor, as\u00ed no te dejan con las manos vac\u00edas!<\/em><\/p>\n\n\n\n<h2 class=\"wp-block-heading\"><span class=\"ez-toc-section\" id=\"formula-1-el-terreno-donde-cada-segundo-vale-oro\"><\/span>F\u00f3rmula 1: el terreno donde cada segundo vale oro<span class=\"ez-toc-section-end\"><\/span><\/h2>\n\n\n\n<p>Si eres nuevo en esto y quieres aprender mucho m\u00e1s, nuestra <a href=\"https:\/\/oddsium.com\/mx\/guides\/guia-de-apuestas-de-f1-para-principiantes-todo-lo-que-debes-saber\/\" title=\"\">Gu\u00eda de apuestas de F1 para principiantes <\/a>es para ti. Pero si ya tienes experiencia, sabes que la F1 es un deporte donde cada instante cuenta y cada detalle puede cambiarlo todo. Para los que apuestan en M\u00e9xico, esto trae muchas ventajas:&nbsp;<\/p>\n\n\n\n<ul class=\"wp-block-list\">\n<li><strong>Cada vuelta es una sorpresa:<\/strong> las estrategias, los neum\u00e1ticos y el clima cambian todo el tiempo, haciendo que cada apuesta sea una emoci\u00f3n.<\/li>\n\n\n\n<li><strong>Hay mercados para todos los gustos: <\/strong>desde qui\u00e9n gana hasta qui\u00e9n har\u00e1 el pr\u00f3ximo adelantamiento.<\/li>\n\n\n\n<li><strong>Apuestas en vivo:<\/strong> puedes mover tus fichas en tiempo real y aprovechar cada chance durante la carrera.<\/li>\n<\/ul>\n\n\n\n<p>La pasi\u00f3n por el automovilismo en M\u00e9xico est\u00e1 creciendo, y las casas de apuestas legales est\u00e1n listas para ofrecer lo mejor.<\/p>\n\n\n\n<h2 class=\"wp-block-heading\"><span class=\"ez-toc-section\" id=\"como-arrancar-a-apostar-en-formula-1-desde-mexico\"><\/span>C\u00f3mo arrancar a apostar en F\u00f3rmula 1 desde M\u00e9xico<span class=\"ez-toc-section-end\"><\/span><\/h2>\n\n\n\n<p>1\ufe0f\u20e3Escoge una plataforma confiable donde jugar sin broncas.<br>2\ufe0f\u20e3Reg\u00edstrate r\u00e1pido y abre la puerta a todas las apuestas.<br>3\ufe0f\u20e3Aprende sobre los mercados y apuesta con cabeza.<br>4\ufe0f\u20e3Aprovecha los bonos y promociones para darle m\u00e1s fuerza a tus jugadas.<br>5\ufe0f\u20e3Sigue la carrera en vivo y ajusta tus apuestas al momento.<\/p>\n\n\n\n<h2 class=\"wp-block-heading\"><span class=\"ez-toc-section\" id=\"mercados-populares-para-apostar-en-formula-1\"><\/span>Mercados populares para apostar en F\u00f3rmula 1<span class=\"ez-toc-section-end\"><\/span><\/h2>\n\n\n\n<figure class=\"wp-block-table\"><table class=\"has-fixed-layout\"><tbody><tr><td><strong>Tipo de Apuesta<\/strong><\/td><td><strong>Qu\u00e9 es lo que hay que saber<\/strong><\/td><\/tr><tr><td>Ganador de la carrera<\/td><td>El piloto que llegue primero a la meta.<\/td><\/tr><tr><td>Pole position<\/td><td>El piloto que se lleve la mejor posici\u00f3n en la clasificaci\u00f3n.<\/td><\/tr><tr><td>Vuelta m\u00e1s r\u00e1pida<\/td><td>El piloto que marque la vuelta m\u00e1s r\u00e1pida durante la carrera.<\/td><\/tr><tr><td>Abandono (DNF)<\/td><td>Piloto que no termine la carrera por accidente o falla t\u00e9cnica.<\/td><\/tr><tr><td>H2H (piloto vs. piloto)<\/td><td>Duelo directo entre dos pilotos para ver qui\u00e9n rinde mejor.<\/td><\/tr><tr><td>Coche de seguridad<\/td><td>Predicci\u00f3n de si habr\u00e1 y cu\u00e1ntas veces saldr\u00e1 el coche de seguridad.<\/td><\/tr><tr><td>Podio<\/td><td>Los tres pilotos que quedan en las primeras posiciones al final.<\/td><\/tr><tr><td>Escuder\u00eda ganadora<\/td><td>El equipo que gane la carrera, sumando puntos de sus dos pilotos.<\/td><\/tr><tr><td>Final por puntos<\/td><td>Piloto que termine dentro del top 10, que son los que suman puntos.<\/td><\/tr><tr><td>Adelantamiento<\/td><td>Qui\u00e9n har\u00e1 un adelantamiento espec\u00edfico durante la carrera.<\/td><\/tr><tr><td>Penalizaci\u00f3n<\/td><td>Si un piloto recibir\u00e1 una sanci\u00f3n durante la carrera.<\/td><\/tr><\/tbody><\/table><\/figure>\n\n\n\n<p><em>\ud83d\udcccEstos mercados te ayudan a diversificar tus apuestas y a sacarle jugo a cada Gran Premio.<\/em><\/p>\n\n\n\n<h2 class=\"wp-block-heading\"><span class=\"ez-toc-section\" id=\"promos-y-bonos-que-no-te-puedes-perder-en-f1\"><\/span>Promos y bonos que no te puedes perder en F1<span class=\"ez-toc-section-end\"><\/span><\/h2>\n\n\n\n<p>Las casas de apuestas en M\u00e9xico suelen lanzar ofertas especiales para las carreras m\u00e1s importantes:<\/p>\n\n\n\n<p>\ud83c\udf81Bonos para los nuevos que se registran.<br>\ud83d\udd1dMomios mejorados en apuestas seleccionadas.<br>\ud83d\udcb8Devoluci\u00f3n si tu piloto favorito abandona temprano.<br>\ud83d\uded1Promos exclusivas para apuestas en vivo durante la carrera.<\/p>\n\n\n\n<p><em>\ud83d\udccc\u00a1Aprovechar estas promos puede ser la diferencia entre una apuesta cualquiera y una jugada ganadora!<\/em><\/p>\n\n\n\n<h2 class=\"wp-block-heading\"><span class=\"ez-toc-section\" id=\"estrategias-para-apostar-con-cabeza-fria\"><\/span>Estrategias para apostar con cabeza fr\u00eda<span class=\"ez-toc-section-end\"><\/span><\/h2>\n\n\n\n<figure class=\"wp-block-image size-large\"><img loading=\"lazy\" decoding=\"async\" width=\"1024\" height=\"682\" src=\"https:\/\/oddsium.com\/mx\/wp-content\/uploads\/sites\/13\/2025\/09\/ferrari-en-carrera-de-formula-1-1024x682.jpg\" alt=\"\" class=\"wp-image-551\" srcset=\"https:\/\/oddsium.com\/mx\/wp-content\/uploads\/sites\/13\/2025\/09\/ferrari-en-carrera-de-formula-1-1024x682.jpg 1024w, https:\/\/oddsium.com\/mx\/wp-content\/uploads\/sites\/13\/2025\/09\/ferrari-en-carrera-de-formula-1-300x200.jpg 300w, https:\/\/oddsium.com\/mx\/wp-content\/uploads\/sites\/13\/2025\/09\/ferrari-en-carrera-de-formula-1-768x512.jpg 768w, https:\/\/oddsium.com\/mx\/wp-content\/uploads\/sites\/13\/2025\/09\/ferrari-en-carrera-de-formula-1.jpg 1280w\" sizes=\"auto, (max-width: 1024px) 100vw, 1024px\" \/><\/figure>\n\n\n\n<ul class=\"wp-block-list\">\n<li>Estudia c\u00f3mo les va a los pilotos en cada circuito, porque algunos se lucen m\u00e1s en ciertas pistas. Bucsa <a href=\"https:\/\/oddsium.com\/mx\/guides\/mejores-sitios-de-apuestas-para-ver-la-formula-1-en-streaming\/\" title=\"\">sitios de apuestas para ver la F\u00f3rmula 1 en streaming en M\u00e9xico<\/a> para estar m\u00e1s atento a cada carrera en vivo. <\/li>\n\n\n\n<li>Checa el pron\u00f3stico del clima, que la lluvia o el calor pueden cambiar la carrera en un pesta\u00f1azo.<\/li>\n\n\n\n<li>F\u00edjate en las mejoras t\u00e9cnicas de los carros, que un auto con novedades puede dejar atr\u00e1s a los dem\u00e1s.<\/li>\n\n\n\n<li>Analiza las estrategias de las llantas, que las paradas y cambios pueden definir la carrera.<\/li>\n\n\n\n<li>Usa funciones como el cashout para asegurar ganancias o evitar p\u00e9rdidas grandes.<\/li>\n<\/ul>\n\n\n\n<h2 class=\"wp-block-heading\"><span class=\"ez-toc-section\" id=\"oddsium-tu-mejor-aliado-para-apostar-en-formula-1\"><\/span>Oddsium: tu mejor aliado para apostar en F\u00f3rmula 1<span class=\"ez-toc-section-end\"><\/span><\/h2>\n\n\n\n<p>Oddsium es la herramienta que todo apostador mexicano debe tener:<\/p>\n\n\n\n<p>\ud83d\udcc8Compara momios en tiempo real entre las mejores casas, para que siempre ganes m\u00e1s.<br>\ud83d\udccbAccede a <a href=\"https:\/\/oddsium.com\/mx\/betting-predictions\/\" title=\"\">predicciones de apuestas <\/a>para las carreras m\u00e1s importantes.<br>\ud83d\udd14Te avisa de las promos exclusivas para cada Gran Premio, para que no te pierdas ninguna.<\/p>\n\n\n\n<p>Con Oddsium, tus apuestas dejan de ser corazonadas y se vuelven jugadas con cabeza y m\u00e1s chance de ganar.<\/p>\n\n\n\n<h2 class=\"wp-block-heading\"><span class=\"ez-toc-section\" id=\"en-conclusion\"><\/span>En conclusi\u00f3n<span class=\"ez-toc-section-end\"><\/span><\/h2>\n\n\n\n<p>Las apuestas en F\u00f3rmula 1 en M\u00e9xico est\u00e1n creciendo con todo gracias a la pasi\u00f3n de la gente y las buenas opciones que hay para apostar. Con pilotos de primera, carreras que prenden y muchos mercados para elegir, este deporte es perfecto para combinar adrenalina con an\u00e1lisis.&nbsp;<\/p>\n\n\n\n<p>Usa herramientas como Oddsium, <a href=\"http:\/\/www.juegosysorteos.gob.mx\/es\/Juegos_y_Sorteos\/Permisionario\" title=\"\">sitios de apuestas con licencia SEGOB<\/a> y conoce bien cada carrera, as\u00ed vas con toda a ganar esa lana.<\/p>\n\n\n\n<p><\/p>\n","protected":false},"excerpt":{"rendered":"<p>La F\u00f3rmula 1 no solo mueve a los fan\u00e1ticos del automovilismo, sino tambi\u00e9n a los que les gusta meterle lana a las apuestas. Pilotos como Verstappen, Hamilton, Leclerc y P\u00e9rez tienen su combo de seguidores, y escuder\u00edas legendarias como Red Bull, Ferrari y Mercedes se la rifan en un espect\u00e1culo donde la adrenalina se siente [&hellip;]<\/p>\n","protected":false},"author":8,"featured_media":378,"parent":88,"menu_order":0,"comment_status":"closed","ping_status":"closed","template":"sports.php","meta":{"_acf_changed":false,"om_disable_all_campaigns":false,"footnotes":""},"class_list":["post-216","page","type-page","status-publish","has-post-thumbnail","hentry"],"acf":[],"aioseo_notices":[],"_links":{"self":[{"href":"https:\/\/oddsium.com\/mx\/wp-json\/wp\/v2\/pages\/216","targetHints":{"allow":["GET"]}}],"collection":[{"href":"https:\/\/oddsium.com\/mx\/wp-json\/wp\/v2\/pages"}],"about":[{"href":"https:\/\/oddsium.com\/mx\/wp-json\/wp\/v2\/types\/page"}],"author":[{"embeddable":true,"href":"https:\/\/oddsium.com\/mx\/wp-json\/wp\/v2\/users\/8"}],"replies":[{"embeddable":true,"href":"https:\/\/oddsium.com\/mx\/wp-json\/wp\/v2\/comments?post=216"}],"version-history":[{"count":0,"href":"https:\/\/oddsium.com\/mx\/wp-json\/wp\/v2\/pages\/216\/revisions"}],"up":[{"embeddable":true,"href":"https:\/\/oddsium.com\/mx\/wp-json\/wp\/v2\/pages\/88"}],"wp:featuredmedia":[{"embeddable":true,"href":"https:\/\/oddsium.com\/mx\/wp-json\/wp\/v2\/media\/378"}],"wp:attachment":[{"href":"https:\/\/oddsium.com\/mx\/wp-json\/wp\/v2\/media?parent=216"}],"curies":[{"name":"wp","href":"https:\/\/api.w.org\/{rel}","templated":true}]}}