{"id":217,"date":"2025-05-21T15:22:49","date_gmt":"2025-05-21T15:22:49","guid":{"rendered":"https:\/\/oddsium.wpenginepowered.com\/mx\/?page_id=217"},"modified":"2025-09-11T18:47:23","modified_gmt":"2025-09-11T18:47:23","slug":"esport","status":"publish","type":"page","link":"https:\/\/oddsium.com\/mx\/apuestas-deportivas\/esport\/","title":{"rendered":"Apuestas en eSport"},"content":{"rendered":"\n<p>Las apuestas en eSports han pegado fuerte en los \u00faltimos a\u00f1os, y no es casualidad. Estos deportes electr\u00f3nicos combinan la emoci\u00f3n de los videojuegos competitivos con la estrategia y el an\u00e1lisis que todo apostador piloso busca.&nbsp;<\/p>\n\n\n\n<p>Aqu\u00ed, en M\u00e9xico, la comunidad de eSports est\u00e1 creciendo a toda m\u00e1quina, y con ella, las oportunidades para meterle lana de forma inteligente y rentable. Los eSports no son solo jueguitos: son competencias profesionales con equipos, entrenadores, estad\u00edsticas y torneos que mueven buena lana.<\/p>\n\n\n\n<div id=\"ez-toc-container\" class=\"ez-toc-v2_0_81 counter-hierarchy ez-toc-counter ez-toc-grey ez-toc-container-direction\">\n<div class=\"ez-toc-title-container\">\n<p class=\"ez-toc-title\" style=\"cursor:inherit\">Table of Contents<\/p>\n<span class=\"ez-toc-title-toggle\"><a href=\"#\" class=\"ez-toc-pull-right ez-toc-btn ez-toc-btn-xs ez-toc-btn-default ez-toc-toggle\" aria-label=\"Toggle Table of Content\"><span class=\"ez-toc-js-icon-con\"><span class=\"\"><span class=\"eztoc-hide\" style=\"display:none;\">Toggle<\/span><span class=\"ez-toc-icon-toggle-span\"><svg style=\"fill: #999;color:#999\" xmlns=\"http:\/\/www.w3.org\/2000\/svg\" class=\"list-377408\" width=\"20px\" height=\"20px\" viewBox=\"0 0 24 24\" fill=\"none\"><path d=\"M6 6H4v2h2V6zm14 0H8v2h12V6zM4 11h2v2H4v-2zm16 0H8v2h12v-2zM4 16h2v2H4v-2zm16 0H8v2h12v-2z\" fill=\"currentColor\"><\/path><\/svg><svg style=\"fill: #999;color:#999\" class=\"arrow-unsorted-368013\" xmlns=\"http:\/\/www.w3.org\/2000\/svg\" width=\"10px\" height=\"10px\" viewBox=\"0 0 24 24\" version=\"1.2\" baseProfile=\"tiny\"><path d=\"M18.2 9.3l-6.2-6.3-6.2 6.3c-.2.2-.3.4-.3.7s.1.5.3.7c.2.2.4.3.7.3h11c.3 0 .5-.1.7-.3.2-.2.3-.5.3-.7s-.1-.5-.3-.7zM5.8 14.7l6.2 6.3 6.2-6.3c.2-.2.3-.5.3-.7s-.1-.5-.3-.7c-.2-.2-.4-.3-.7-.3h-11c-.3 0-.5.1-.7.3-.2.2-.3.5-.3.7s.1.5.3.7z\"\/><\/svg><\/span><\/span><\/span><\/a><\/span><\/div>\n<nav><ul class='ez-toc-list ez-toc-list-level-1 ' ><li class='ez-toc-page-1 ez-toc-heading-level-2'><a class=\"ez-toc-link ez-toc-heading-1\" href=\"https:\/\/oddsium.com\/mx\/apuestas-deportivas\/esport\/#razones-para-apostar-en-esports\" >Razones para apostar en eSports<\/a><\/li><li class='ez-toc-page-1 ez-toc-heading-level-2'><a class=\"ez-toc-link ez-toc-heading-2\" href=\"https:\/\/oddsium.com\/mx\/apuestas-deportivas\/esport\/#principales-juegos-y-torneos-en-esports\" >Principales Juegos y Torneos en eSports<\/a><\/li><li class='ez-toc-page-1 ez-toc-heading-level-2'><a class=\"ez-toc-link ez-toc-heading-3\" href=\"https:\/\/oddsium.com\/mx\/apuestas-deportivas\/esport\/#mercados-mas-populares-para-empezar-a-jugar\" >Mercados m\u00e1s populares para empezar a jugar<\/a><\/li><li class='ez-toc-page-1 ez-toc-heading-level-2'><a class=\"ez-toc-link ez-toc-heading-4\" href=\"https:\/\/oddsium.com\/mx\/apuestas-deportivas\/esport\/#mexico-potencia-emergente-en-el-mundo-de-los-esports\" >M\u00e9xico: Potencia emergente en el mundo de los eSports<\/a><ul class='ez-toc-list-level-3' ><li class='ez-toc-heading-level-3'><a class=\"ez-toc-link ez-toc-heading-5\" href=\"https:\/\/oddsium.com\/mx\/apuestas-deportivas\/esport\/#%f0%9f%8e%aeeventos-de-gran-escala\" >\ud83c\udfaeEventos de gran escala<\/a><\/li><li class='ez-toc-page-1 ez-toc-heading-level-3'><a class=\"ez-toc-link ez-toc-heading-6\" href=\"https:\/\/oddsium.com\/mx\/apuestas-deportivas\/esport\/#%f0%9f%8e%aebase-de-jugadores-solida\" >\ud83c\udfaeBase de jugadores s\u00f3lida<\/a><\/li><li class='ez-toc-page-1 ez-toc-heading-level-3'><a class=\"ez-toc-link ez-toc-heading-7\" href=\"https:\/\/oddsium.com\/mx\/apuestas-deportivas\/esport\/#%f0%9f%8e%aeliderazgo-en-latinoamerica\" >\ud83c\udfaeLiderazgo en Latinoam\u00e9rica<\/a><\/li><\/ul><\/li><li class='ez-toc-page-1 ez-toc-heading-level-2'><a class=\"ez-toc-link ez-toc-heading-8\" href=\"https:\/\/oddsium.com\/mx\/apuestas-deportivas\/esport\/#%c2%bfque-plataformas-son-las-mejores-para-apostar-en-los-esports\" >\u00bfQu\u00e9 plataformas son las mejores para apostar en los eSports?<\/a><\/li><li class='ez-toc-page-1 ez-toc-heading-level-2'><a class=\"ez-toc-link ez-toc-heading-9\" href=\"https:\/\/oddsium.com\/mx\/apuestas-deportivas\/esport\/#estrategias-clave-para-apostar-en-esports\" >Estrategias clave para apostar en eSports<\/a><\/li><li class='ez-toc-page-1 ez-toc-heading-level-2'><a class=\"ez-toc-link ez-toc-heading-10\" href=\"https:\/\/oddsium.com\/mx\/apuestas-deportivas\/esport\/#en-conclusion\" >En Conclusi\u00f3n<\/a><\/li><\/ul><\/nav><\/div>\n<h2 class=\"wp-block-heading\"><span class=\"ez-toc-section\" id=\"razones-para-apostar-en-esports\"><\/span>Razones para apostar en eSports<span class=\"ez-toc-section-end\"><\/span><\/h2>\n\n\n\n<p>\ud83c\udfae<strong>Torneos todo el a\u00f1o: <\/strong>Siempre hay eventos para apostar, incluso cuando otros deportes est\u00e1n en pausa.<br>\ud83d\udcc8<strong>Mercados que cambian r\u00e1pido:<\/strong> Las cuotas se mueven volando, abriendo oportunidades que no puedes dejar pasar. Usa Oddsium para hacer la&nbsp;<a href=\"https:\/\/oddsium.com\/mx\/odds\/\" title=\"\">mejor comparaci\u00f3n de cuotas en M\u00e9xico<\/a>&nbsp;en los momentos clave y apuesta con m\u00e1s inteligencia y ventaja.<br><strong>\ud83e\udde0An\u00e1lisis y estrategia:<\/strong> Estar piloso con el meta, las actualizaciones del juego y el desempe\u00f1o de los jugadores es la clave para sacar ventaja.<br><strong>\ud83c\udf0dComunidad global y local<\/strong>: Tanto en M\u00e9xico como en el mundo, los eSports re\u00fanen a los m\u00e1s duros y apasionados, creando un ambiente que invita a apostar con ganas.<\/p>\n\n\n\n<p><em>\ud83d\udcccLos eSports son un escenario digital donde la estrategia, la cabeza fr\u00eda y la concentraci\u00f3n valen tanto como en cualquier deporte tradicional.<\/em><\/p>\n\n\n\n<h2 class=\"wp-block-heading\"><span class=\"ez-toc-section\" id=\"principales-juegos-y-torneos-en-esports\"><\/span>Principales Juegos y Torneos en eSports<span class=\"ez-toc-section-end\"><\/span><\/h2>\n\n\n\n<figure class=\"wp-block-table\"><table class=\"has-fixed-layout\"><tbody><tr><td><strong>Juego<\/strong><\/td><td><strong>Torneos<\/strong><\/td><td><strong>Descripci\u00f3n<\/strong><\/td><\/tr><tr><td>Counter-Strike 2 (antes CS:GO)<\/td><td>IEM Katowice, BLAST, ESL<\/td><td>Shooter t\u00e1ctico en equipos, donde la precisi\u00f3n y la estrategia son la clave para ganar.<\/td><\/tr><tr><td>League of Legends (LoL)<\/td><td>LEC, LCS, LCK, MSI, Mundial<\/td><td>Juego de estrategia en equipo con roles \u00fanicos y objetivos que requieren coordinaci\u00f3n y t\u00e1ctica.<\/td><\/tr><tr><td>Dota 2<\/td><td>The International, ESL, Majors<\/td><td>Estrategia profunda y partidas largas con h\u00e9roes \u00fanicos y mucha t\u00e1ctica.<\/td><\/tr><tr><td>Valorant<\/td><td>VCT Masters, Champions<\/td><td>Shooter t\u00e1ctico que mezcla punter\u00eda con habilidades especiales para dominar el mapa.<\/td><\/tr><tr><td>FIFA \/ EA FC<\/td><td>FIFA eWorld Cup, eNations Cup<\/td><td>Simulaci\u00f3n realista de f\u00fatbol 1vs1 que reproduce toda la emoci\u00f3n del deporte rey.<\/td><\/tr><\/tbody><\/table><\/figure>\n\n\n\n<h2 class=\"wp-block-heading\"><span class=\"ez-toc-section\" id=\"mercados-mas-populares-para-empezar-a-jugar\"><\/span>Mercados m\u00e1s populares para empezar a jugar<span class=\"ez-toc-section-end\"><\/span><\/h2>\n\n\n\n<figure class=\"wp-block-table\"><table class=\"has-fixed-layout\"><thead><tr><th><strong>Tipo de apuesta<\/strong><\/th><th><strong>Juegos recomendados y descripci\u00f3n breve<\/strong><\/th><\/tr><\/thead><tbody><tr><td>\ud83c\udfaf&nbsp;<strong>Ganador del partido<\/strong><\/td><td>Todos los eSports (CS:GO, LoL, Dota 2, Valorant, FIFA). Apostar por qui\u00e9n gana el partido o mapa. Ideal para principiantes.<\/td><\/tr><tr><td>\ud83d\udd22&nbsp;<strong>M\u00e1s\/Menos muertes o rondas<\/strong><\/td><td>CS:GO, LoL, Dota 2. Predecir si habr\u00e1 m\u00e1s o menos muertes o rondas que un n\u00famero dado.<\/td><\/tr><tr><td>\ud83d\udccd&nbsp;<strong>Primera sangre \/ primeras muertes<\/strong><\/td><td>CS:GO, LoL, Valorant. Apostar qui\u00e9n har\u00e1 la primera eliminaci\u00f3n o llegar\u00e1 primero a cierta cantidad de muertes. Juegos r\u00e1pidos y llenos de acci\u00f3n.<\/td><\/tr><tr><td>\ud83d\udcca&nbsp;<strong>H\u00e1ndicap en rondas o mapas<\/strong><\/td><td>CS:GO, Dota 2. Dar ventaja o desventaja para equilibrar la apuesta cuando hay un favorito claro.<\/td><\/tr><tr><td>\ud83e\udde9&nbsp;<strong>Apuestas combinadas<\/strong><\/td><td>LoL, Dota 2. Combinar varias apuestas para ganar m\u00e1s, pero ojo que el riesgo sube. Ideal para los m\u00e1s pilosos.<\/td><\/tr><tr><td>\ud83d\udcf2&nbsp;<strong>Apuestas en vivo con cuotas cambiantes<\/strong><\/td><td>Todos los eSports. Apostar mientras se juega, con cuotas que cambian seg\u00fan c\u00f3mo va la cosa. Requiere estar piloso y r\u00e1pido.<\/td><\/tr><\/tbody><\/table><\/figure>\n\n\n\n<p><em>\ud83d\udccc<\/em><strong><em>Consejo<\/em><\/strong><em>: arranca apostando al ganador en tus juegos favoritos y luego prueba con h\u00e1ndicaps y apuestas en vivo para ir subiendo el nivel.<\/em><\/p>\n\n\n\n<h2 class=\"wp-block-heading\"><span class=\"ez-toc-section\" id=\"mexico-potencia-emergente-en-el-mundo-de-los-esports\"><\/span>M\u00e9xico: Potencia emergente en el mundo de los eSports<span class=\"ez-toc-section-end\"><\/span><\/h2>\n\n\n\n<figure class=\"wp-block-image size-large\"><img loading=\"lazy\" decoding=\"async\" width=\"1024\" height=\"682\" src=\"https:\/\/oddsium.com\/mx\/wp-content\/uploads\/sites\/13\/2025\/09\/persona-jugando-fornite-en-linea-1024x682.jpg\" alt=\"\" class=\"wp-image-549\" srcset=\"https:\/\/oddsium.com\/mx\/wp-content\/uploads\/sites\/13\/2025\/09\/persona-jugando-fornite-en-linea-1024x682.jpg 1024w, https:\/\/oddsium.com\/mx\/wp-content\/uploads\/sites\/13\/2025\/09\/persona-jugando-fornite-en-linea-300x200.jpg 300w, https:\/\/oddsium.com\/mx\/wp-content\/uploads\/sites\/13\/2025\/09\/persona-jugando-fornite-en-linea-768x512.jpg 768w, https:\/\/oddsium.com\/mx\/wp-content\/uploads\/sites\/13\/2025\/09\/persona-jugando-fornite-en-linea.jpg 1280w\" sizes=\"auto, (max-width: 1024px) 100vw, 1024px\" \/><\/figure>\n\n\n\n<p>M\u00e9xico est\u00e1 apostando fuerte por los eSports y se est\u00e1 convirtiendo en un jugador clave dentro de la escena latinoamericana. La profesionalizaci\u00f3n del gaming y la llegada constante de eventos de alto nivel est\u00e1n haciendo que la comunidad crezca cada vez m\u00e1s.<\/p>\n\n\n\n<h3 class=\"wp-block-heading\"><span class=\"ez-toc-section\" id=\"%f0%9f%8e%aeeventos-de-gran-escala\"><\/span>\ud83c\udfae<strong>Eventos de gran escala<\/strong><span class=\"ez-toc-section-end\"><\/span><\/h3>\n\n\n\n<p>Telcel Gamergy M\u00e9xico se apodera de CDMX con eSports, m\u00fasica y toda la cultura gamer, con torneos de videojuegos como League of Legends, Valorant, Free Fire y Clash Royale.<\/p>\n\n\n\n<h3 class=\"wp-block-heading\"><span class=\"ez-toc-section\" id=\"%f0%9f%8e%aebase-de-jugadores-solida\"><\/span><strong>\ud83c\udfaeBase de jugadores s\u00f3lida<\/strong><span class=\"ez-toc-section-end\"><\/span><\/h3>\n\n\n\n<p>M\u00e9xico cuenta con m\u00e1s de 76 millones de jugadores activos, de los cuales el 50.2% son mujeres y el 49.3% son hombres.<\/p>\n\n\n\n<h3 class=\"wp-block-heading\"><span class=\"ez-toc-section\" id=\"%f0%9f%8e%aeliderazgo-en-latinoamerica\"><\/span><strong>\ud83c\udfaeLiderazgo en Latinoam\u00e9rica<\/strong><span class=\"ez-toc-section-end\"><\/span><\/h3>\n\n\n\n<p>El mercado local de videojuegos ocupa el d\u00e9cimo lugar en cuanto a ingresos a nivel mundial, y el n\u00famero uno en Am\u00e9rica Latina.<\/p>\n\n\n\n<p>Con millones de jugadores en M\u00e9xico, esta industria ofrece un nicho valioso para apostar. Encuentra los&nbsp;<a href=\"https:\/\/oddsium.com\/mx\/casas-de-apuestas\/mejores-bonos-de-apuestas-online-en-mexico\/\" title=\"\">mejores bonos de apuestas online en M\u00e9xico<\/a>&nbsp;para aprovechar al m\u00e1ximo los torneos de eSports.<\/p>\n\n\n\n<h2 class=\"wp-block-heading\"><span class=\"ez-toc-section\" id=\"%c2%bfque-plataformas-son-las-mejores-para-apostar-en-los-esports\"><\/span>\u00bfQu\u00e9 plataformas son las mejores para apostar en los eSports?<span class=\"ez-toc-section-end\"><\/span><\/h2>\n\n\n\n<figure class=\"wp-block-table\"><table class=\"has-fixed-layout\"><tbody><tr><td><strong>Plataforma<\/strong><\/td><td><strong>Ventajas <\/strong><\/td><\/tr><tr><td>Caliente.mx<\/td><td>Amplia variedad de mercados en eSports, promociones frecuentes y plataforma f\u00e1cil de usar.<\/td><\/tr><tr><td>Betsson<\/td><td>Gran selecci\u00f3n de juegos, apuestas pre-partido y en vivo, cuotas competitivas y streaming.<\/td><\/tr><tr><td>Betway<\/td><td>Plataforma intuitiva, promociones personalizadas y live streaming de competiciones destacadas.<\/td><\/tr><tr><td>1xbet<\/td><td>Amplia oferta de mercados y opciones de personalizaci\u00f3n en eSports<\/td><\/tr><tr><td>Oddsium<\/td><td>Comparador de momios para que elijas la mejor opci\u00f3n.<\/td><\/tr><\/tbody><\/table><\/figure>\n\n\n\n<p><em>\ud83d\udcccTodas estas casas de apuestas cuentan con <a href=\"http:\/\/www.juegosysorteos.gob.mx\/es\/Juegos_y_Sorteos\/Permisionario\" title=\"\">licencia SEGOB<\/a> para operar legalmente en M\u00e9xico.<\/em><\/p>\n\n\n\n<h2 class=\"wp-block-heading\"><span class=\"ez-toc-section\" id=\"estrategias-clave-para-apostar-en-esports\"><\/span>Estrategias clave para apostar en eSports<span class=\"ez-toc-section-end\"><\/span><\/h2>\n\n\n\n<p><strong>\u2705Meta actual: <\/strong>Pilas con las estrategias y personajes que est\u00e1n dominando la escena.<br><strong>\u2705Parches: <\/strong>Las actualizaciones pueden cambiar el juego, as\u00ed que hay que estar al tanto.<br><strong>\u2705Streaming<\/strong>: Ver a los profesionales en acci\u00f3n te ayuda a entender las t\u00e1cticas.<br><strong>\u2705Latencia<\/strong>: La calidad del servidor puede hacer la diferencia en el rendimiento.<br><strong>\u2705Estado del equipo:<\/strong> La moral y la uni\u00f3n del grupo influyen en los resultados.<br><strong>\u2705Estad\u00edsticas:<\/strong> No olvides revisar el historial y los enfrentamientos previos.<\/p>\n\n\n\n<h2 class=\"wp-block-heading\"><span class=\"ez-toc-section\" id=\"en-conclusion\"><\/span>En Conclusi\u00f3n<span class=\"ez-toc-section-end\"><\/span><\/h2>\n\n\n\n<p>Apostar en eSports no es cuesti\u00f3n de suerte, sino de estrategia, an\u00e1lisis y actualizaci\u00f3n constante. En M\u00e9xico, donde la escena de los deportes electr\u00f3nicos crece aceleradamente, la clave est\u00e1 en conocer bien los juegos, analizar estad\u00edsticas y entender a fondo a equipos y jugadores.<\/p>\n\n\n\n<p>Para estar siempre un paso adelante, aprovecha las herramientas de an\u00e1lisis de Oddsium, especialmente nuestras <a href=\"https:\/\/oddsium.com\/mx\/betting-predictions\/\" title=\"\">predicciones de apuesta<\/a>, que te ofrecen datos precisos y actualizados.&nbsp;<\/p>\n","protected":false},"excerpt":{"rendered":"<p>Las apuestas en eSports han pegado fuerte en los \u00faltimos a\u00f1os, y no es casualidad. Estos deportes electr\u00f3nicos combinan la emoci\u00f3n de los videojuegos competitivos con la estrategia y el an\u00e1lisis que todo apostador piloso busca.&nbsp; Aqu\u00ed, en M\u00e9xico, la comunidad de eSports est\u00e1 creciendo a toda m\u00e1quina, y con ella, las oportunidades para meterle [&hellip;]<\/p>\n","protected":false},"author":8,"featured_media":376,"parent":88,"menu_order":0,"comment_status":"closed","ping_status":"closed","template":"sports.php","meta":{"_acf_changed":false,"om_disable_all_campaigns":false,"footnotes":""},"class_list":["post-217","page","type-page","status-publish","has-post-thumbnail","hentry"],"acf":[],"aioseo_notices":[],"_links":{"self":[{"href":"https:\/\/oddsium.com\/mx\/wp-json\/wp\/v2\/pages\/217","targetHints":{"allow":["GET"]}}],"collection":[{"href":"https:\/\/oddsium.com\/mx\/wp-json\/wp\/v2\/pages"}],"about":[{"href":"https:\/\/oddsium.com\/mx\/wp-json\/wp\/v2\/types\/page"}],"author":[{"embeddable":true,"href":"https:\/\/oddsium.com\/mx\/wp-json\/wp\/v2\/users\/8"}],"replies":[{"embeddable":true,"href":"https:\/\/oddsium.com\/mx\/wp-json\/wp\/v2\/comments?post=217"}],"version-history":[{"count":0,"href":"https:\/\/oddsium.com\/mx\/wp-json\/wp\/v2\/pages\/217\/revisions"}],"up":[{"embeddable":true,"href":"https:\/\/oddsium.com\/mx\/wp-json\/wp\/v2\/pages\/88"}],"wp:featuredmedia":[{"embeddable":true,"href":"https:\/\/oddsium.com\/mx\/wp-json\/wp\/v2\/media\/376"}],"wp:attachment":[{"href":"https:\/\/oddsium.com\/mx\/wp-json\/wp\/v2\/media?parent=217"}],"curies":[{"name":"wp","href":"https:\/\/api.w.org\/{rel}","templated":true}]}}