{"id":231,"date":"2025-05-22T08:34:35","date_gmt":"2025-05-22T08:34:35","guid":{"rendered":"https:\/\/oddsium.wpenginepowered.com\/mx\/?page_id=231"},"modified":"2025-08-06T02:35:08","modified_gmt":"2025-08-06T02:35:08","slug":"mejores-bonos-de-apuestas-online-en-mexico","status":"publish","type":"page","link":"https:\/\/oddsium.com\/mx\/casas-de-apuestas\/mejores-bonos-de-apuestas-online-en-mexico\/","title":{"rendered":"Mejores bonos de apuestas online en M\u00e9xico"},"content":{"rendered":"\n<p>Si est\u00e1s buscando c\u00f3mo sacarle el m\u00e1ximo provecho a tus <a href=\"https:\/\/oddsium.com\/mx\/apuestas-deportivas\/\" title=\"\">apuestas en deportes desde M\u00e9xico<\/a>, una de las mejores formas es aprovechar los bonos que ofrecen las casas de apuestas. En M\u00e9xico, el mercado de apuestas deportivas est\u00e1 creciendo a pasos agigantados, y cada vez m\u00e1s plataformas lanzan promos que pueden darte una ventaja extra para jugar con m\u00e1s lana y menos riesgo.<\/p>\n\n\n\n<p>En Oddsium, comparamos las promos m\u00e1s rifadas del mercado para que le saques todo el jugo sin perder tiempo buscando entre tanta oferta. Aqu\u00ed te contamos todo para que aproveches los bonos como un pro.<\/p>\n\n\n\n<div id=\"ez-toc-container\" class=\"ez-toc-v2_0_81 counter-hierarchy ez-toc-counter ez-toc-grey ez-toc-container-direction\">\n<div class=\"ez-toc-title-container\">\n<p class=\"ez-toc-title\" style=\"cursor:inherit\">Table of Contents<\/p>\n<span class=\"ez-toc-title-toggle\"><a href=\"#\" class=\"ez-toc-pull-right ez-toc-btn ez-toc-btn-xs ez-toc-btn-default ez-toc-toggle\" aria-label=\"Toggle Table of Content\"><span class=\"ez-toc-js-icon-con\"><span class=\"\"><span class=\"eztoc-hide\" style=\"display:none;\">Toggle<\/span><span class=\"ez-toc-icon-toggle-span\"><svg style=\"fill: #999;color:#999\" xmlns=\"http:\/\/www.w3.org\/2000\/svg\" class=\"list-377408\" width=\"20px\" height=\"20px\" viewBox=\"0 0 24 24\" fill=\"none\"><path d=\"M6 6H4v2h2V6zm14 0H8v2h12V6zM4 11h2v2H4v-2zm16 0H8v2h12v-2zM4 16h2v2H4v-2zm16 0H8v2h12v-2z\" fill=\"currentColor\"><\/path><\/svg><svg style=\"fill: #999;color:#999\" class=\"arrow-unsorted-368013\" xmlns=\"http:\/\/www.w3.org\/2000\/svg\" width=\"10px\" height=\"10px\" viewBox=\"0 0 24 24\" version=\"1.2\" baseProfile=\"tiny\"><path d=\"M18.2 9.3l-6.2-6.3-6.2 6.3c-.2.2-.3.4-.3.7s.1.5.3.7c.2.2.4.3.7.3h11c.3 0 .5-.1.7-.3.2-.2.3-.5.3-.7s-.1-.5-.3-.7zM5.8 14.7l6.2 6.3 6.2-6.3c.2-.2.3-.5.3-.7s-.1-.5-.3-.7c-.2-.2-.4-.3-.7-.3h-11c-.3 0-.5.1-.7.3-.2.2-.3.5-.3.7s.1.5.3.7z\"\/><\/svg><\/span><\/span><\/span><\/a><\/span><\/div>\n<nav><ul class='ez-toc-list ez-toc-list-level-1 ' ><li class='ez-toc-page-1 ez-toc-heading-level-2'><a class=\"ez-toc-link ez-toc-heading-1\" href=\"https:\/\/oddsium.com\/mx\/casas-de-apuestas\/mejores-bonos-de-apuestas-online-en-mexico\/#elige-sitios-de-apuestas-con-bonos-que-neta-valgan-la-pena\" >Elige sitios de apuestas con bonos que neta valgan la pena<\/a><\/li><li class='ez-toc-page-1 ez-toc-heading-level-2'><a class=\"ez-toc-link ez-toc-heading-2\" href=\"https:\/\/oddsium.com\/mx\/casas-de-apuestas\/mejores-bonos-de-apuestas-online-en-mexico\/#tipos-de-bonos-que-vas-a-encontrar-en-mexico\" >Tipos de bonos que vas a encontrar en M\u00e9xico<\/a><ul class='ez-toc-list-level-3' ><li class='ez-toc-heading-level-3'><a class=\"ez-toc-link ez-toc-heading-3\" href=\"https:\/\/oddsium.com\/mx\/casas-de-apuestas\/mejores-bonos-de-apuestas-online-en-mexico\/#%e2%9c%94%ef%b8%8fbonos-con-primer-deposito\" >\u2714\ufe0fBonos con primer dep\u00f3sito<\/a><\/li><li class='ez-toc-page-1 ez-toc-heading-level-3'><a class=\"ez-toc-link ez-toc-heading-4\" href=\"https:\/\/oddsium.com\/mx\/casas-de-apuestas\/mejores-bonos-de-apuestas-online-en-mexico\/#%e2%9c%94%ef%b8%8fapuestas-gratis-freebets\" >\u2714\ufe0fApuestas gratis (freebets)<\/a><\/li><li class='ez-toc-page-1 ez-toc-heading-level-3'><a class=\"ez-toc-link ez-toc-heading-5\" href=\"https:\/\/oddsium.com\/mx\/casas-de-apuestas\/mejores-bonos-de-apuestas-online-en-mexico\/#%e2%9c%94%ef%b8%8fbonos-sin-deposito\" >\u2714\ufe0fBonos sin dep\u00f3sito<\/a><\/li><li class='ez-toc-page-1 ez-toc-heading-level-3'><a class=\"ez-toc-link ez-toc-heading-6\" href=\"https:\/\/oddsium.com\/mx\/casas-de-apuestas\/mejores-bonos-de-apuestas-online-en-mexico\/#%e2%9c%94%ef%b8%8fbonos-sin-riesgo-cashback\" >\u2714\ufe0fBonos sin riesgo (cashback)<\/a><\/li><li class='ez-toc-page-1 ez-toc-heading-level-3'><a class=\"ez-toc-link ez-toc-heading-7\" href=\"https:\/\/oddsium.com\/mx\/casas-de-apuestas\/mejores-bonos-de-apuestas-online-en-mexico\/#%e2%9c%94%ef%b8%8fbonos-de-recarga\" >\u2714\ufe0fBonos de recarga<\/a><\/li><li class='ez-toc-page-1 ez-toc-heading-level-3'><a class=\"ez-toc-link ez-toc-heading-8\" href=\"https:\/\/oddsium.com\/mx\/casas-de-apuestas\/mejores-bonos-de-apuestas-online-en-mexico\/#%e2%9c%94%ef%b8%8fcuotas-mejoradas\" >\u2714\ufe0fCuotas mejoradas<\/a><\/li><\/ul><\/li><li class='ez-toc-page-1 ez-toc-heading-level-2'><a class=\"ez-toc-link ez-toc-heading-9\" href=\"https:\/\/oddsium.com\/mx\/casas-de-apuestas\/mejores-bonos-de-apuestas-online-en-mexico\/#bonos-especiales-por-deporte-o-evento\" >Bonos especiales por deporte o evento<\/a><\/li><li class='ez-toc-page-1 ez-toc-heading-level-2'><a class=\"ez-toc-link ez-toc-heading-10\" href=\"https:\/\/oddsium.com\/mx\/casas-de-apuestas\/mejores-bonos-de-apuestas-online-en-mexico\/#que-revisar-antes-de-agarrar-un-bono\" >Qu\u00e9 revisar antes de agarrar un bono<\/a><ul class='ez-toc-list-level-3' ><li class='ez-toc-heading-level-3'><a class=\"ez-toc-link ez-toc-heading-11\" href=\"https:\/\/oddsium.com\/mx\/casas-de-apuestas\/mejores-bonos-de-apuestas-online-en-mexico\/#requisitos-de-apuesta-rollover\" >Requisitos de apuesta (rollover)<\/a><\/li><li class='ez-toc-page-1 ez-toc-heading-level-3'><a class=\"ez-toc-link ez-toc-heading-12\" href=\"https:\/\/oddsium.com\/mx\/casas-de-apuestas\/mejores-bonos-de-apuestas-online-en-mexico\/#cuotas-minimas\" >Cuotas m\u00ednimas<\/a><\/li><li class='ez-toc-page-1 ez-toc-heading-level-3'><a class=\"ez-toc-link ez-toc-heading-13\" href=\"https:\/\/oddsium.com\/mx\/casas-de-apuestas\/mejores-bonos-de-apuestas-online-en-mexico\/#deportes-o-mercados-validos\" >Deportes o mercados v\u00e1lidos<\/a><\/li><li class='ez-toc-page-1 ez-toc-heading-level-3'><a class=\"ez-toc-link ez-toc-heading-14\" href=\"https:\/\/oddsium.com\/mx\/casas-de-apuestas\/mejores-bonos-de-apuestas-online-en-mexico\/#plazo-para-usar-el-bono\" >Plazo para usar el bono<\/a><\/li><li class='ez-toc-page-1 ez-toc-heading-level-3'><a class=\"ez-toc-link ez-toc-heading-15\" href=\"https:\/\/oddsium.com\/mx\/casas-de-apuestas\/mejores-bonos-de-apuestas-online-en-mexico\/#metodos-de-pago-aceptados\" >M\u00e9todos de pago aceptados<\/a><\/li><\/ul><\/li><li class='ez-toc-page-1 ez-toc-heading-level-2'><a class=\"ez-toc-link ez-toc-heading-16\" href=\"https:\/\/oddsium.com\/mx\/casas-de-apuestas\/mejores-bonos-de-apuestas-online-en-mexico\/#los-mejores-bonos-disponibles-en-mexico-2025\" >Los mejores bonos disponibles en M\u00e9xico (2025)<\/a><\/li><li class='ez-toc-page-1 ez-toc-heading-level-2'><a class=\"ez-toc-link ez-toc-heading-17\" href=\"https:\/\/oddsium.com\/mx\/casas-de-apuestas\/mejores-bonos-de-apuestas-online-en-mexico\/#casas-con-los-bonos-mas-rifados-en-mexico\" >Casas con los bonos m\u00e1s rifados en M\u00e9xico<\/a><\/li><li class='ez-toc-page-1 ez-toc-heading-level-2'><a class=\"ez-toc-link ez-toc-heading-18\" href=\"https:\/\/oddsium.com\/mx\/casas-de-apuestas\/mejores-bonos-de-apuestas-online-en-mexico\/#como-activar-un-bono-sin-tantas-trabas\" >C\u00f3mo activar un bono sin tantas trabas<\/a><\/li><li class='ez-toc-page-1 ez-toc-heading-level-2'><a class=\"ez-toc-link ez-toc-heading-19\" href=\"https:\/\/oddsium.com\/mx\/casas-de-apuestas\/mejores-bonos-de-apuestas-online-en-mexico\/#%f0%9f%8e%af%c2%bfpor-que-confiar-en-oddsium-para-elegir-los-mejores-bonos\" >\ud83c\udfaf\u00bfPor qu\u00e9 confiar en Oddsium para elegir los mejores bonos?<\/a><\/li><\/ul><\/nav><\/div>\n<h2 class=\"wp-block-heading\"><span class=\"ez-toc-section\" id=\"elige-sitios-de-apuestas-con-bonos-que-neta-valgan-la-pena\"><\/span>Elige sitios de apuestas con bonos que neta valgan la pena<span class=\"ez-toc-section-end\"><\/span><\/h2>\n\n\n\n<p>No todas las casas de apuestas son iguales, sobre todo cuando hablamos de bonos. En M\u00e9xico hay de todo: bonos de bienvenida, apuestas gratis, bonos sin dep\u00f3sito y m\u00e1s. Cada plataforma tiene sus reglas, as\u00ed que pilas con leer bien los t\u00e9rminos y condiciones para que no te lleves sorpresas.<\/p>\n\n\n\n<p>Cuando est\u00e9s decidiendo d\u00f3nde registrarte, f\u00edjate en las cuotas que ofrecen, puedes usar nuestro <a href=\"https:\/\/oddsium.com\/mx\/odds\/\" title=\"\">comparador de cuotas en M\u00e9xico<\/a> para hacerlo m\u00e1s r\u00e1pido.  Adem\u00e1s, checa que los t\u00e9rminos y condiciones est\u00e9n claros. Escoger plataformas con promos competitivas te ayuda a sacar mejor provecho y a jugar m\u00e1s tranquilo.<\/p>\n\n\n\n<p>En Oddsium, revisamos todos los d\u00edas las mejores casas y solo recomendamos las que de verdad te dan valor.<\/p>\n\n\n\n<h2 class=\"wp-block-heading\"><span class=\"ez-toc-section\" id=\"tipos-de-bonos-que-vas-a-encontrar-en-mexico\"><\/span>Tipos de bonos que vas a encontrar en M\u00e9xico<span class=\"ez-toc-section-end\"><\/span><\/h2>\n\n\n\n<h3 class=\"wp-block-heading\"><span class=\"ez-toc-section\" id=\"%e2%9c%94%ef%b8%8fbonos-con-primer-deposito\"><\/span>\u2714\ufe0fBonos con primer dep\u00f3sito<span class=\"ez-toc-section-end\"><\/span><\/h3>\n\n\n\n<p>Te dan un porcentaje extra sobre tu primer dep\u00f3sito. Ojo que a veces hay condiciones seg\u00fan el m\u00e9todo de pago o monto m\u00ednimo.<\/p>\n\n\n\n<h3 class=\"wp-block-heading\"><span class=\"ez-toc-section\" id=\"%e2%9c%94%ef%b8%8fapuestas-gratis-freebets\"><\/span>\u2714\ufe0fApuestas gratis (freebets)<span class=\"ez-toc-section-end\"><\/span><\/h3>\n\n\n\n<p>Puedes hacer una apuesta sin poner ni un peso en eventos espec\u00edficos. Si ganas, te llevas solo la ganancia neta, no el valor apostado.<\/p>\n\n\n\n<h3 class=\"wp-block-heading\"><span class=\"ez-toc-section\" id=\"%e2%9c%94%ef%b8%8fbonos-sin-deposito\"><\/span>\u2714\ufe0fBonos sin dep\u00f3sito<span class=\"ez-toc-section-end\"><\/span><\/h3>\n\n\n\n<p>Al registrarte, te dan saldo para apostar sin arriesgar nada. Ideal para probar la plataforma sin riesgo.<\/p>\n\n\n\n<h3 class=\"wp-block-heading\"><span class=\"ez-toc-section\" id=\"%e2%9c%94%ef%b8%8fbonos-sin-riesgo-cashback\"><\/span>\u2714\ufe0fBonos sin riesgo (cashback)<span class=\"ez-toc-section-end\"><\/span><\/h3>\n\n\n\n<p>Si pierdes tu primera apuesta, te regresan la lana o parte en bono para que sigas jugando.<\/p>\n\n\n\n<h3 class=\"wp-block-heading\"><span class=\"ez-toc-section\" id=\"%e2%9c%94%ef%b8%8fbonos-de-recarga\"><\/span>\u2714\ufe0fBonos de recarga<span class=\"ez-toc-section-end\"><\/span><\/h3>\n\n\n\n<p>Cuando haces m\u00e1s dep\u00f3sitos, puedes recibir bonos extra, perfectos para los que juegan seguido.<\/p>\n\n\n\n<h3 class=\"wp-block-heading\"><span class=\"ez-toc-section\" id=\"%e2%9c%94%ef%b8%8fcuotas-mejoradas\"><\/span>\u2714\ufe0fCuotas mejoradas<span class=\"ez-toc-section-end\"><\/span><\/h3>\n\n\n\n<p>Te suben las cuotas en eventos especiales para que ganes m\u00e1s.<\/p>\n\n\n\n<p><em>\ud83d\udccc En Oddsium, analizamos todo: condiciones, plazos y cuotas para darte solo lo mejor.<\/em><\/p>\n\n\n\n<h2 class=\"wp-block-heading\"><span class=\"ez-toc-section\" id=\"bonos-especiales-por-deporte-o-evento\"><\/span>Bonos especiales por deporte o evento<span class=\"ez-toc-section-end\"><\/span><\/h2>\n\n\n\n<p>Muchas casas sacan promos para eventos grandes como la Liga MX, Cl\u00e1sicos nacionales o torneos internacionales. Tambi\u00e9n hay bonos para deportes espec\u00edficos, checa:<\/p>\n\n\n\n<p>\ud83d\udd38<strong>F\u00fatbol<\/strong>: Promos para Liga MX, Copa MX y partidos cl\u00e1sicos.<\/p>\n\n\n\n<p>\ud83d\udd38<strong>B\u00e1squet<\/strong>: Bonos en la Liga Nacional y torneos internacionales.<\/p>\n\n\n\n<p>\ud83d\udd38<strong>Tenis<\/strong>: Apuestas gratis y cuotas mejoradas en torneos ATP y Grand Slam.<\/p>\n\n\n\n<p>\ud83d\udd38<strong>Deportes de motor:<\/strong> Incentivos por podios o vueltas r\u00e1pidas en NASCAR y F\u00f3rmula 1.<\/p>\n\n\n\n<p>\ud83d\udd38<strong>Esports<\/strong>: Apuestas gratis y reembolsos en competencias de LoL, CS:GO y m\u00e1s.<\/p>\n\n\n\n<p><em>\ud83d\udccc Recuerda que muchos bonos son por tiempo limitado, as\u00ed que pilas para aprovecharlos.<\/em><\/p>\n\n\n\n<h2 class=\"wp-block-heading\"><span class=\"ez-toc-section\" id=\"que-revisar-antes-de-agarrar-un-bono\"><\/span>Qu\u00e9 revisar antes de agarrar un bono<span class=\"ez-toc-section-end\"><\/span><\/h2>\n\n\n\n<h3 class=\"wp-block-heading\"><span class=\"ez-toc-section\" id=\"requisitos-de-apuesta-rollover\"><\/span>Requisitos de apuesta (rollover)<span class=\"ez-toc-section-end\"><\/span><\/h3>\n\n\n\n<p>\u2705Menos vueltas para apostar = m\u00e1s f\u00e1cil es sacar la lana.<br>\u274cMuchas vueltas complican liberar el bono.<\/p>\n\n\n\n<h3 class=\"wp-block-heading\"><span class=\"ez-toc-section\" id=\"cuotas-minimas\"><\/span>Cuotas m\u00ednimas<span class=\"ez-toc-section-end\"><\/span><\/h3>\n\n\n\n<p>\u2705Cuotas altas garantizan apuestas con valor.<br>\u274cCuotas bajas limitan opciones y dificultan cumplir condiciones.<\/p>\n\n\n\n<h3 class=\"wp-block-heading\"><span class=\"ez-toc-section\" id=\"deportes-o-mercados-validos\"><\/span>Deportes o mercados v\u00e1lidos<span class=\"ez-toc-section-end\"><\/span><\/h3>\n\n\n\n<p>\u2705Bonos que cubran tus deportes favoritos.<br>\u274cRestricciones que limiten d\u00f3nde usar el bono.<\/p>\n\n\n\n<h3 class=\"wp-block-heading\"><span class=\"ez-toc-section\" id=\"plazo-para-usar-el-bono\"><\/span>Plazo para usar el bono<span class=\"ez-toc-section-end\"><\/span><\/h3>\n\n\n\n<p>\u2705Plazos amplios para jugar tranquilo.<br>\u274cPlazos cortos te presionan a apostar r\u00e1pido.<\/p>\n\n\n\n<h3 class=\"wp-block-heading\"><span class=\"ez-toc-section\" id=\"metodos-de-pago-aceptados\"><\/span>M\u00e9todos de pago aceptados<span class=\"ez-toc-section-end\"><\/span><\/h3>\n\n\n\n<p>\u2705Que acepten SPEI, OXXO, tarjetas y billeteras electr\u00f3nicas.<br>\u274cQue excluyan m\u00e9todos puede complicar activar el bono.<\/p>\n\n\n\n<p><em>\ud83d\udccc Oddsium, revisa todo esto para recomendarte solo lo m\u00e1s chido y lo que vale la pena.<\/em><\/p>\n\n\n\n<h2 class=\"wp-block-heading\"><span class=\"ez-toc-section\" id=\"los-mejores-bonos-disponibles-en-mexico-2025\"><\/span>Los mejores bonos disponibles en M\u00e9xico (2025)<span class=\"ez-toc-section-end\"><\/span><\/h2>\n\n\n\n<figure class=\"wp-block-table\"><table class=\"has-fixed-layout\"><tbody><tr><td><strong>Casa de apuesta<\/strong><\/td><td><strong>Condiciones principales<\/strong><\/td><\/tr><tr><td>Betsson<\/td><td>Bono 100% hasta $10,000 MXN por primer dep\u00f3sito. Dep\u00f3sito m\u00ednimo $100 MXN. Rollover 12x en 7 d\u00edas. Cuotas m\u00ednimas 2.00.&nbsp;<\/td><\/tr><tr><td>Bet365<\/td><td>Bono 100% hasta $3,000 MXN + 10 fichas doradas con dep\u00f3sito m\u00ednimo $100 MXN, rollover 1x en 30 d\u00edas.&nbsp;<\/td><\/tr><tr><td>Sportium<\/td><td>Reembolso de hasta $3,500 MXN en modo de freebet, si pierdes tu primera apuesta. Sin rollover. V\u00e1lido para 7 d\u00edas despu\u00e9s del registro.<\/td><\/tr><tr><td>Codere<\/td><td>Bono 100% hasta $7,000 MXN en tres dep\u00f3sitos. Dep\u00f3sito m\u00ednimo $200 MXN. Rollover 3x en 14 d\u00edas. Cuotas m\u00ednimas -200 momio.<\/td><\/tr><tr><td>10bet<\/td><td>Bono 100% hasta $3,000 MXN. Dep\u00f3sito m\u00ednimo $100 MXN. Rollover 5x en 30 d\u00edas.&nbsp;<\/td><\/tr><tr><td>Betway<\/td><td>Reembolso hasta $3,000 MXN por perder en la primera apuesta. Sin rollover. V\u00e1lido 7 d\u00edas.<\/td><\/tr><\/tbody><\/table><\/figure>\n\n\n\n<p><em>\u26a0\ufe0f Los bonos pueden cambiar, en Oddsium actualizamos la info para que est\u00e9s al d\u00eda.<\/em><\/p>\n\n\n\n<h2 class=\"wp-block-heading\"><span class=\"ez-toc-section\" id=\"casas-con-los-bonos-mas-rifados-en-mexico\"><\/span>Casas con los bonos m\u00e1s rifados en M\u00e9xico<span class=\"ez-toc-section-end\"><\/span><\/h2>\n\n\n\n<p><strong>\ud83d\udfe0Betsson<\/strong>: Bono accesible y condiciones claras.<\/p>\n\n\n\n<p><strong>\ud83d\udfe0Bet365<\/strong>: Promos variadas y buena selecci\u00f3n de deportes.<\/p>\n\n\n\n<p><strong>\ud83d\udfe0Sportium:<\/strong> Bonos para nuevos y usuarios frecuentes.<\/p>\n\n\n\n<p><strong>\ud83d\udfe0Codere<\/strong>: Bonos competitivos y plataforma confiable.<\/p>\n\n\n\n<h2 class=\"wp-block-heading\"><span class=\"ez-toc-section\" id=\"como-activar-un-bono-sin-tantas-trabas\"><\/span>C\u00f3mo activar un bono sin tantas trabas<span class=\"ez-toc-section-end\"><\/span><\/h2>\n\n\n\n<p>1\ufe0f\u20e3Elige la casa con el bono que m\u00e1s te guste.<br>2\ufe0f\u20e3Reg\u00edstrate y verifica tu cuenta.<br>3\ufe0f\u20e3Ingresa el c\u00f3digo si lo pide, si no, sigue normal.<br>4\ufe0f\u20e3Haz el dep\u00f3sito m\u00ednimo.<br>5\ufe0f\u20e3Pide el bono o acepta los t\u00e9rminos al registrarte.<\/p>\n\n\n\n<p><em>\ud83d\udcccRecuerda cumplir los requisitos antes de retirar la lana, checa las condiciones exactas antes.<\/em><\/p>\n\n\n\n<h2 class=\"wp-block-heading\"><span class=\"ez-toc-section\" id=\"%f0%9f%8e%af%c2%bfpor-que-confiar-en-oddsium-para-elegir-los-mejores-bonos\"><\/span>\ud83c\udfaf\u00bfPor qu\u00e9 confiar en Oddsium para elegir los mejores bonos?<span class=\"ez-toc-section-end\"><\/span><\/h2>\n\n\n\n<p>En Oddsium, nos la jugamos para que apuestes sin complicaciones. Probamos a fondo las plataformas m\u00e1s confiables, chequeamos las mejores promociones y bonos del mercado. Adicionalmente, te ofrecemos <a href=\"https:\/\/oddsium.com\/mx\/betting-predictions\/\" title=\"\">predicciones de apuestas<\/a> en diferentes deportes con info fresquita para que no te compliques ni pierdas tiempo buscando datos.<\/p>\n\n\n\n<p>Nuestro compromiso es que tengas toda la ventaja para apostar con confianza y aprovechar las mejores oportunidades sin l\u00edos.<\/p>\n\n\n\n<p><em>\ud83d\udccc<\/em> <em>Si quieres conocer los bonos m\u00e1s rifados en M\u00e9xico, aqu\u00ed estamos para ayudarte<\/em>.<\/p>\n","protected":false},"excerpt":{"rendered":"<p>Si est\u00e1s buscando c\u00f3mo sacarle el m\u00e1ximo provecho a tus apuestas en deportes desde M\u00e9xico, una de las mejores formas es aprovechar los bonos que ofrecen las casas de apuestas. En M\u00e9xico, el mercado de apuestas deportivas est\u00e1 creciendo a pasos agigantados, y cada vez m\u00e1s plataformas lanzan promos que pueden darte una ventaja extra [&hellip;]<\/p>\n","protected":false},"author":3,"featured_media":414,"parent":89,"menu_order":0,"comment_status":"closed","ping_status":"closed","template":"betting.php","meta":{"_acf_changed":false,"om_disable_all_campaigns":false,"footnotes":""},"class_list":["post-231","page","type-page","status-publish","has-post-thumbnail","hentry"],"acf":[],"aioseo_notices":[],"_links":{"self":[{"href":"https:\/\/oddsium.com\/mx\/wp-json\/wp\/v2\/pages\/231","targetHints":{"allow":["GET"]}}],"collection":[{"href":"https:\/\/oddsium.com\/mx\/wp-json\/wp\/v2\/pages"}],"about":[{"href":"https:\/\/oddsium.com\/mx\/wp-json\/wp\/v2\/types\/page"}],"author":[{"embeddable":true,"href":"https:\/\/oddsium.com\/mx\/wp-json\/wp\/v2\/users\/3"}],"replies":[{"embeddable":true,"href":"https:\/\/oddsium.com\/mx\/wp-json\/wp\/v2\/comments?post=231"}],"version-history":[{"count":0,"href":"https:\/\/oddsium.com\/mx\/wp-json\/wp\/v2\/pages\/231\/revisions"}],"up":[{"embeddable":true,"href":"https:\/\/oddsium.com\/mx\/wp-json\/wp\/v2\/pages\/89"}],"wp:featuredmedia":[{"embeddable":true,"href":"https:\/\/oddsium.com\/mx\/wp-json\/wp\/v2\/media\/414"}],"wp:attachment":[{"href":"https:\/\/oddsium.com\/mx\/wp-json\/wp\/v2\/media?parent=231"}],"curies":[{"name":"wp","href":"https:\/\/api.w.org\/{rel}","templated":true}]}}