{"id":232,"date":"2025-05-22T08:34:54","date_gmt":"2025-05-22T08:34:54","guid":{"rendered":"https:\/\/oddsium.wpenginepowered.com\/mx\/?page_id=232"},"modified":"2025-08-06T02:15:46","modified_gmt":"2025-08-06T02:15:46","slug":"sitios-de-apuestas-con-apuestas-gratuitas-en-mexico","status":"publish","type":"page","link":"https:\/\/oddsium.com\/mx\/casas-de-apuestas\/sitios-de-apuestas-con-apuestas-gratuitas-en-mexico\/","title":{"rendered":"Mejores sitios con apuestas gratis en M\u00e9xico"},"content":{"rendered":"\n<p>Los sitios de apuestas que ofrecen apuestas gratis o free bets en M\u00e9xico son una joya hoy en d\u00eda. Estas promos te dejan apostar sin arriesgar tu lana, perfectas para quienes van empezando o quieren probar otra plataforma sin broncas. Pero, sabemos que elegir el sitio m\u00e1s confiable puede ser complicado, por eso aqu\u00ed te echamos la mano para que no te hagas bolas.<\/p>\n\n\n\n<p>En Oddsium, nos ponemos las pilas revisando las <a href=\"https:\/\/oddsium.com\/mx\/\" title=\"\">casas de apuestas legales en M\u00e9xico<\/a>, sus bonos y condiciones, para que puedas aprovecharlos al m\u00e1ximo. Si eres nuevo en esto o nom\u00e1s quieres tantearle, esta gu\u00eda es para ti.<\/p>\n\n\n\n<div id=\"ez-toc-container\" class=\"ez-toc-v2_0_81 counter-hierarchy ez-toc-counter ez-toc-grey ez-toc-container-direction\">\n<div class=\"ez-toc-title-container\">\n<p class=\"ez-toc-title\" style=\"cursor:inherit\">Table of Contents<\/p>\n<span class=\"ez-toc-title-toggle\"><a href=\"#\" class=\"ez-toc-pull-right ez-toc-btn ez-toc-btn-xs ez-toc-btn-default ez-toc-toggle\" aria-label=\"Toggle Table of Content\"><span class=\"ez-toc-js-icon-con\"><span class=\"\"><span class=\"eztoc-hide\" style=\"display:none;\">Toggle<\/span><span class=\"ez-toc-icon-toggle-span\"><svg style=\"fill: #999;color:#999\" xmlns=\"http:\/\/www.w3.org\/2000\/svg\" class=\"list-377408\" width=\"20px\" height=\"20px\" viewBox=\"0 0 24 24\" fill=\"none\"><path d=\"M6 6H4v2h2V6zm14 0H8v2h12V6zM4 11h2v2H4v-2zm16 0H8v2h12v-2zM4 16h2v2H4v-2zm16 0H8v2h12v-2z\" fill=\"currentColor\"><\/path><\/svg><svg style=\"fill: #999;color:#999\" class=\"arrow-unsorted-368013\" xmlns=\"http:\/\/www.w3.org\/2000\/svg\" width=\"10px\" height=\"10px\" viewBox=\"0 0 24 24\" version=\"1.2\" baseProfile=\"tiny\"><path d=\"M18.2 9.3l-6.2-6.3-6.2 6.3c-.2.2-.3.4-.3.7s.1.5.3.7c.2.2.4.3.7.3h11c.3 0 .5-.1.7-.3.2-.2.3-.5.3-.7s-.1-.5-.3-.7zM5.8 14.7l6.2 6.3 6.2-6.3c.2-.2.3-.5.3-.7s-.1-.5-.3-.7c-.2-.2-.4-.3-.7-.3h-11c-.3 0-.5.1-.7.3-.2.2-.3.5-.3.7s.1.5.3.7z\"\/><\/svg><\/span><\/span><\/span><\/a><\/span><\/div>\n<nav><ul class='ez-toc-list ez-toc-list-level-1 ' ><li class='ez-toc-page-1 ez-toc-heading-level-2'><a class=\"ez-toc-link ez-toc-heading-1\" href=\"https:\/\/oddsium.com\/mx\/casas-de-apuestas\/sitios-de-apuestas-con-apuestas-gratuitas-en-mexico\/#%c2%bfque-son-las-apuestas-gratis\" >\u00bfQu\u00e9 son las apuestas gratis?<\/a><\/li><li class='ez-toc-page-1 ez-toc-heading-level-2'><a class=\"ez-toc-link ez-toc-heading-2\" href=\"https:\/\/oddsium.com\/mx\/casas-de-apuestas\/sitios-de-apuestas-con-apuestas-gratuitas-en-mexico\/#%c2%bfcuando-suelen-ofrecerse-las-apuestas-gratis\" >\u00bfCu\u00e1ndo suelen ofrecerse las apuestas gratis?<\/a><\/li><li class='ez-toc-page-1 ez-toc-heading-level-2'><a class=\"ez-toc-link ez-toc-heading-3\" href=\"https:\/\/oddsium.com\/mx\/casas-de-apuestas\/sitios-de-apuestas-con-apuestas-gratuitas-en-mexico\/#%c2%bfen-que-deportes-y-mercados-puedes-usar-las-apuestas-gratis\" >\u00bfEn qu\u00e9 deportes y mercados puedes usar las apuestas gratis?<\/a><\/li><li class='ez-toc-page-1 ez-toc-heading-level-2'><a class=\"ez-toc-link ez-toc-heading-4\" href=\"https:\/\/oddsium.com\/mx\/casas-de-apuestas\/sitios-de-apuestas-con-apuestas-gratuitas-en-mexico\/#tips-para-sacarle-el-maximo-a-las-apuestas-gratis\" >Tips para sacarle el m\u00e1ximo a las apuestas gratis<\/a><\/li><li class='ez-toc-page-1 ez-toc-heading-level-2'><a class=\"ez-toc-link ez-toc-heading-5\" href=\"https:\/\/oddsium.com\/mx\/casas-de-apuestas\/sitios-de-apuestas-con-apuestas-gratuitas-en-mexico\/#casas-de-apuestas-legales-en-mexico-con-apuestas-gratis\" >Casas de apuestas legales en M\u00e9xico con apuestas gratis<\/a><\/li><li class='ez-toc-page-1 ez-toc-heading-level-2'><a class=\"ez-toc-link ez-toc-heading-6\" href=\"https:\/\/oddsium.com\/mx\/casas-de-apuestas\/sitios-de-apuestas-con-apuestas-gratuitas-en-mexico\/#%c2%bfcomo-usar-una-apuesta-gratis-paso-a-paso\" >\u00bfC\u00f3mo usar una apuesta gratis paso a paso?<\/a><\/li><li class='ez-toc-page-1 ez-toc-heading-level-2'><a class=\"ez-toc-link ez-toc-heading-7\" href=\"https:\/\/oddsium.com\/mx\/casas-de-apuestas\/sitios-de-apuestas-con-apuestas-gratuitas-en-mexico\/#%c2%bfpor-que-confiar-en-oddsium-para-encontrar-las-mejores-freebets\" >\u00bfPor qu\u00e9 confiar en Oddsium para encontrar las mejores freebets?<\/a><\/li><\/ul><\/nav><\/div>\n<h2 class=\"wp-block-heading\"><span class=\"ez-toc-section\" id=\"%c2%bfque-son-las-apuestas-gratis\"><\/span>\u00bfQu\u00e9 son las apuestas gratis?<span class=\"ez-toc-section-end\"><\/span><\/h2>\n\n\n\n<p>Las apuestas gratis o free bets son promos que las casas te avientan para que juegues sin tanto riesgo. B\u00e1sicamente, te regalan un cr\u00e9dito para apostar y, si ganas, te quedas con la lana sin arriesgar tu saldo.<\/p>\n\n\n\n<p>Esto realmente sirve para probar <a href=\"https:\/\/oddsium.com\/mx\/casas-de-apuestas\/nuevos-sitios-de-apuestas-en-mexico\/\" title=\"\">nuevos sitios de apuestas en M\u00e9xico<\/a> o para los que apenas le est\u00e1n entrando a las apuestas y no quieren arriesgar de m\u00e1s. En M\u00e9xico, estas ofertas est\u00e1n bien chidas y las encuentras en un buen de deportes y eventos.<\/p>\n\n\n\n<p><em>\ud83d\udccc Antes de aceptar una apuesta gratis, l\u00e1nzate a leer los t\u00e9rminos y condiciones para sacarle el m\u00e1ximo provecho y evitarte un oso.<\/em><\/p>\n\n\n\n<h2 class=\"wp-block-heading\"><span class=\"ez-toc-section\" id=\"%c2%bfcuando-suelen-ofrecerse-las-apuestas-gratis\"><\/span>\u00bfCu\u00e1ndo suelen ofrecerse las apuestas gratis?<span class=\"ez-toc-section-end\"><\/span><\/h2>\n\n\n\n<p>Las casas de apuestas en M\u00e9xico seguido sueltan apuestas gratis en varias ocasiones:<\/p>\n\n\n\n<p>\u2714\ufe0fAl registrarte por primera vez, como parte del bono de bienvenida.<\/p>\n\n\n\n<p>\u2714\ufe0fEn promos especiales durante partidos importantes, como cl\u00e1sicos de la Liga MX o torneos internacionales.<\/p>\n\n\n\n<p>\u2714\ufe0fPara premiar a los usuarios que apuestan seguido o son leales.<\/p>\n\n\n\n<p>\u2714\ufe0fComo reembolso por p\u00e9rdidas en apuestas anteriores.<\/p>\n\n\n\n<p><em>\ud83d\udd0dCada sitio de apuesta tiene sus propias reglas y tiempos para activarlas, as\u00ed que siempre checa los detalles.<\/em><\/p>\n\n\n\n<h2 class=\"wp-block-heading\"><span class=\"ez-toc-section\" id=\"%c2%bfen-que-deportes-y-mercados-puedes-usar-las-apuestas-gratis\"><\/span>\u00bfEn qu\u00e9 deportes y mercados puedes usar las apuestas gratis?<span class=\"ez-toc-section-end\"><\/span><\/h2>\n\n\n\n<p>Las apuestas gratis casi siempre aplican en deportes populares como:<\/p>\n\n\n\n<ul class=\"wp-block-list\">\n<li><strong>F\u00fatbol<\/strong>: ganador del partido, marcador exacto o combinadas con cuota m\u00ednima.<\/li>\n\n\n\n<li><strong>Tenis<\/strong>: ganador del set o del partido.<\/li>\n\n\n\n<li><strong>Basquet<\/strong>: margen de victoria o puntos totales.<\/li>\n\n\n\n<li><strong>eSports<\/strong>: ganador del mapa o de la serie.<\/li>\n<\/ul>\n\n\n\n<p><em>\ud83d\udcccPuedes usarlas en apuestas sencillas, combinadas o en vivo, aunque algunas casas ponen sus condiciones. Lo mejor es echarle un ojo a estas antes de aventarte.<\/em><\/p>\n\n\n\n<h2 class=\"wp-block-heading\"><span class=\"ez-toc-section\" id=\"tips-para-sacarle-el-maximo-a-las-apuestas-gratis\"><\/span>Tips para sacarle el m\u00e1ximo a las apuestas gratis<span class=\"ez-toc-section-end\"><\/span><\/h2>\n\n\n\n<p>Antes de usar una freebet o apuesta gratuita, toma en cuenta:<\/p>\n\n\n\n<p>\ud83d\udd38<strong>Activaci\u00f3n<\/strong>: Algunas tienes que activarlas t\u00fa mismo en tu cuenta.<\/p>\n\n\n\n<p>\ud83d\udd38<strong>Vigencia<\/strong>: Tienen fecha de caducidad; si no las usas a tiempo, ya vali\u00f3.<\/p>\n\n\n\n<p>\ud83d\udd38<strong>Cuotas m\u00ednimas<\/strong>: Normalmente, hay un momio m\u00ednimo para que la apuesta sea v\u00e1lida.<\/p>\n\n\n\n<p>\ud83d\udd38<strong>Rollover<\/strong>: Muchas veces tienes que apostar las ganancias varias veces antes de poder retirarlas.<\/p>\n\n\n\n<p>\ud83d\udd38<strong>Restricciones<\/strong>: Puede que solo apliquen para ciertos deportes o mercados.<\/p>\n\n\n\n<p>\ud83d\udd38<strong>Cashout<\/strong>: Si usas cierre anticipado, podr\u00edas perder la apuesta gratis.<\/p>\n\n\n\n<p><em>\ud83d\udccc Si sigues estas reglas, seguro le sacas el m\u00e1ximo provecho a tus apuestas gratis.&nbsp;<\/em><\/p>\n\n\n\n<h2 class=\"wp-block-heading\"><span class=\"ez-toc-section\" id=\"casas-de-apuestas-legales-en-mexico-con-apuestas-gratis\"><\/span>Casas de apuestas legales en M\u00e9xico con apuestas gratis<span class=\"ez-toc-section-end\"><\/span><\/h2>\n\n\n\n<p>Aqu\u00ed te dejamos algunas de las plataformas m\u00e1s confiables y con buenas promos para M\u00e9xico:<\/p>\n\n\n\n<figure class=\"wp-block-table\"><table class=\"has-fixed-layout\"><tbody><tr><td><strong>Casa de apuesta<\/strong><\/td><td><strong>Tipo de bono<\/strong><\/td><td><strong>Beneficio principal<\/strong><\/td><\/tr><tr><td>Bet365 M\u00e9xico<\/td><td>Bono de bienvenida<\/td><td>Apuesta gratis de hasta $3,000 MXN tras dep\u00f3sito m\u00ednimo de $100 MXN.<\/td><\/tr><tr><td>Betway M\u00e9xico<\/td><td>Bono sin dep\u00f3sito (apuesta gratis)<\/td><td>Apuesta gratis de $100 MXN al registrarte, sin rollover. Cuotas m\u00ednimas 1.75, v\u00e1lido 7 d\u00edas.<\/td><\/tr><tr><td>Sportium M\u00e9xico<\/td><td>Bono de reembolso (apuesta sin riesgo)<\/td><td>Reembolso hasta $3,500 MXN en forma de apuesta gratis si pierdes tu primera apuesta.<\/td><\/tr><tr><td>10bet M\u00e9xico<\/td><td>Bono de bienvenida con apuesta gratis<\/td><td>Bono 100% hasta $3,000 MXN, rollover 5x, cuota m\u00ednima 2.00.<\/td><\/tr><tr><td>Betsson M\u00e9xico<\/td><td>Bono de bienvenida<\/td><td>Apuesta gratis y bono del 100% hasta $5,000 MXN con tu primer dep\u00f3sito (m\u00ednimo $100 MXN).<\/td><\/tr><\/tbody><\/table><\/figure>\n\n\n\n<h2 class=\"wp-block-heading\"><span class=\"ez-toc-section\" id=\"%c2%bfcomo-usar-una-apuesta-gratis-paso-a-paso\"><\/span>\u00bfC\u00f3mo usar una apuesta gratis paso a paso?<span class=\"ez-toc-section-end\"><\/span><\/h2>\n\n\n\n<p>1\ufe0f\u20e3Reg\u00edstrate en la casa de apuestas que m\u00e1s te llame la atenci\u00f3n.<\/p>\n\n\n\n<p>2\ufe0f\u20e3Verifica tu cuenta con t\u00fa (INE) o documento oficial de identificaci\u00f3n.<\/p>\n\n\n\n<p>3\ufe0f\u20e3Haz el dep\u00f3sito m\u00ednimo que establece esa casa.<\/p>\n\n\n\n<p>4\ufe0f\u20e3Ingresa el c\u00f3digo promocional si te lo piden, seg\u00fan sea el caso.<\/p>\n\n\n\n<p>5\ufe0f\u20e3Acepta los t\u00e9rminos y condiciones del bono.<\/p>\n\n\n\n<p>6\ufe0f\u20e3Recibe tu apuesta gratis en la cuenta.<\/p>\n\n\n\n<p>7\ufe0f\u20e3L\u00e1nzate a hacer tu apuesta cumpliendo las cuotas y el rollover que te digan en sus condiciones.<\/p>\n\n\n\n<p><em>\ud83d\udccc Antes de aventarte, consulta Oddsium para elegir la plataforma m\u00e1s confiable y con los mejores bonos.<\/em><\/p>\n\n\n\n<h2 class=\"wp-block-heading\"><span class=\"ez-toc-section\" id=\"%c2%bfpor-que-confiar-en-oddsium-para-encontrar-las-mejores-freebets\"><\/span>\u00bfPor qu\u00e9 confiar en Oddsium para encontrar las mejores freebets?<span class=\"ez-toc-section-end\"><\/span><\/h2>\n\n\n\n<p>Oddsium, es la plataforma que necesitas para apostar con cabeza fr\u00eda en M\u00e9xico. Nuestra experiencia y an\u00e1lisis te ofrecen:<\/p>\n\n\n\n<p>\ud83c\udfafLas mejores casas con freebets para que apuestes sin arriesgar tu lana.<\/p>\n\n\n\n<p>\ud83d\udd0dRevisamos los <a href=\"https:\/\/oddsium.com\/mx\/casas-de-apuestas\/mejores-bonos-de-apuestas-online-en-mexico\/\" title=\"\">mejores bonos de apuestas online en M\u00e9xico<\/a> y sus condiciones con total transparencia, para que sepas bien a qu\u00e9 le entras.<\/p>\n\n\n\n<p>\ud83d\udd17Te damos acceso directo a las mejores promos, sin que pierdas tiempo buscando.<\/p>\n\n\n\n<p>\ud83d\udee1\ufe0fSolo recomendamos plataformas seguras y con verdadero valor, para que apuestes tranquilo.<\/p>\n\n\n\n<p>\ud83d\udccc<em>Con Oddsium, apuestas sin sorpresas, ideal para todos los que est\u00e1n empezando o quieren sacarle m\u00e1s jugo a sus apuestas online en M\u00e9xico.<\/em><\/p>\n\n\n\n<p><\/p>\n","protected":false},"excerpt":{"rendered":"<p>Los sitios de apuestas que ofrecen apuestas gratis o free bets en M\u00e9xico son una joya hoy en d\u00eda. Estas promos te dejan apostar sin arriesgar tu lana, perfectas para quienes van empezando o quieren probar otra plataforma sin broncas. Pero, sabemos que elegir el sitio m\u00e1s confiable puede ser complicado, por eso aqu\u00ed te [&hellip;]<\/p>\n","protected":false},"author":3,"featured_media":427,"parent":89,"menu_order":0,"comment_status":"closed","ping_status":"closed","template":"betting.php","meta":{"_acf_changed":false,"om_disable_all_campaigns":false,"footnotes":""},"class_list":["post-232","page","type-page","status-publish","has-post-thumbnail","hentry"],"acf":[],"aioseo_notices":[],"_links":{"self":[{"href":"https:\/\/oddsium.com\/mx\/wp-json\/wp\/v2\/pages\/232","targetHints":{"allow":["GET"]}}],"collection":[{"href":"https:\/\/oddsium.com\/mx\/wp-json\/wp\/v2\/pages"}],"about":[{"href":"https:\/\/oddsium.com\/mx\/wp-json\/wp\/v2\/types\/page"}],"author":[{"embeddable":true,"href":"https:\/\/oddsium.com\/mx\/wp-json\/wp\/v2\/users\/3"}],"replies":[{"embeddable":true,"href":"https:\/\/oddsium.com\/mx\/wp-json\/wp\/v2\/comments?post=232"}],"version-history":[{"count":0,"href":"https:\/\/oddsium.com\/mx\/wp-json\/wp\/v2\/pages\/232\/revisions"}],"up":[{"embeddable":true,"href":"https:\/\/oddsium.com\/mx\/wp-json\/wp\/v2\/pages\/89"}],"wp:featuredmedia":[{"embeddable":true,"href":"https:\/\/oddsium.com\/mx\/wp-json\/wp\/v2\/media\/427"}],"wp:attachment":[{"href":"https:\/\/oddsium.com\/mx\/wp-json\/wp\/v2\/media?parent=232"}],"curies":[{"name":"wp","href":"https:\/\/api.w.org\/{rel}","templated":true}]}}