{"id":233,"date":"2025-05-22T08:35:11","date_gmt":"2025-05-22T08:35:11","guid":{"rendered":"https:\/\/oddsium.wpenginepowered.com\/mx\/?page_id=233"},"modified":"2025-08-05T20:11:17","modified_gmt":"2025-08-05T20:11:17","slug":"sitios-de-apuestas-con-bet-builder-en-mexico","status":"publish","type":"page","link":"https:\/\/oddsium.com\/mx\/casas-de-apuestas\/sitios-de-apuestas-con-bet-builder-en-mexico\/","title":{"rendered":"Mejores sitios de apuestas con Bet Builder en M\u00e9xico"},"content":{"rendered":"\n<p>El Bet Builder se ha vuelto una herramienta bien chida para los que quieren ponerle su propio saz\u00f3n y personalizar al m\u00e1ximo sus apuestas. Gracias a esta funci\u00f3n, muchos se han sacado unas ganancias que ni se imaginaban. Pero, la verdadera pregunta es \u00bfQu\u00e9 es un Bet Builder?<\/p>\n\n\n\n<p>En Oddsium, te traemos esta gu\u00eda para que le entiendas qu\u00e9 es un creador de apuestas, c\u00f3mo jala y cu\u00e1les son los sitios con Bet Builder que est\u00e1n pegando duro en M\u00e9xico.<\/p>\n\n\n\n<div id=\"ez-toc-container\" class=\"ez-toc-v2_0_81 counter-hierarchy ez-toc-counter ez-toc-grey ez-toc-container-direction\">\n<div class=\"ez-toc-title-container\">\n<p class=\"ez-toc-title\" style=\"cursor:inherit\">Table of Contents<\/p>\n<span class=\"ez-toc-title-toggle\"><a href=\"#\" class=\"ez-toc-pull-right ez-toc-btn ez-toc-btn-xs ez-toc-btn-default ez-toc-toggle\" aria-label=\"Toggle Table of Content\"><span class=\"ez-toc-js-icon-con\"><span class=\"\"><span class=\"eztoc-hide\" style=\"display:none;\">Toggle<\/span><span class=\"ez-toc-icon-toggle-span\"><svg style=\"fill: #999;color:#999\" xmlns=\"http:\/\/www.w3.org\/2000\/svg\" class=\"list-377408\" width=\"20px\" height=\"20px\" viewBox=\"0 0 24 24\" fill=\"none\"><path d=\"M6 6H4v2h2V6zm14 0H8v2h12V6zM4 11h2v2H4v-2zm16 0H8v2h12v-2zM4 16h2v2H4v-2zm16 0H8v2h12v-2z\" fill=\"currentColor\"><\/path><\/svg><svg style=\"fill: #999;color:#999\" class=\"arrow-unsorted-368013\" xmlns=\"http:\/\/www.w3.org\/2000\/svg\" width=\"10px\" height=\"10px\" viewBox=\"0 0 24 24\" version=\"1.2\" baseProfile=\"tiny\"><path d=\"M18.2 9.3l-6.2-6.3-6.2 6.3c-.2.2-.3.4-.3.7s.1.5.3.7c.2.2.4.3.7.3h11c.3 0 .5-.1.7-.3.2-.2.3-.5.3-.7s-.1-.5-.3-.7zM5.8 14.7l6.2 6.3 6.2-6.3c.2-.2.3-.5.3-.7s-.1-.5-.3-.7c-.2-.2-.4-.3-.7-.3h-11c-.3 0-.5.1-.7.3-.2.2-.3.5-.3.7s.1.5.3.7z\"\/><\/svg><\/span><\/span><\/span><\/a><\/span><\/div>\n<nav><ul class='ez-toc-list ez-toc-list-level-1 ' ><li class='ez-toc-page-1 ez-toc-heading-level-2'><a class=\"ez-toc-link ez-toc-heading-1\" href=\"https:\/\/oddsium.com\/mx\/casas-de-apuestas\/sitios-de-apuestas-con-bet-builder-en-mexico\/#%c2%bfque-es-esta-onda-del-bet-builder\" >\u00bfQu\u00e9 es esta onda del Bet Builder?<\/a><\/li><li class='ez-toc-page-1 ez-toc-heading-level-2'><a class=\"ez-toc-link ez-toc-heading-2\" href=\"https:\/\/oddsium.com\/mx\/casas-de-apuestas\/sitios-de-apuestas-con-bet-builder-en-mexico\/#%c2%bfpor-que-esta-tan-de-moda-el-bet-builder-en-mexico\" >\u00bfPor qu\u00e9 est\u00e1 tan de moda el Bet Builder en M\u00e9xico?<\/a><\/li><li class='ez-toc-page-1 ez-toc-heading-level-2'><a class=\"ez-toc-link ez-toc-heading-3\" href=\"https:\/\/oddsium.com\/mx\/casas-de-apuestas\/sitios-de-apuestas-con-bet-builder-en-mexico\/#top-5-sitios-con-bet-builder-en-mexico\" >Top 5 sitios con Bet Builder en M\u00e9xico<\/a><\/li><li class='ez-toc-page-1 ez-toc-heading-level-2'><a class=\"ez-toc-link ez-toc-heading-4\" href=\"https:\/\/oddsium.com\/mx\/casas-de-apuestas\/sitios-de-apuestas-con-bet-builder-en-mexico\/#cosas-que-debes-tener-en-cuenta-al-usar-bet-builder\" >Cosas que debes tener en cuenta al usar Bet Builder<\/a><\/li><li class='ez-toc-page-1 ez-toc-heading-level-2'><a class=\"ez-toc-link ez-toc-heading-5\" href=\"https:\/\/oddsium.com\/mx\/casas-de-apuestas\/sitios-de-apuestas-con-bet-builder-en-mexico\/#%c2%bfcomo-armar-tu-apuesta-con-bet-builder\" >\u00bfC\u00f3mo armar tu apuesta con Bet Builder?<\/a><\/li><li class='ez-toc-page-1 ez-toc-heading-level-2'><a class=\"ez-toc-link ez-toc-heading-6\" href=\"https:\/\/oddsium.com\/mx\/casas-de-apuestas\/sitios-de-apuestas-con-bet-builder-en-mexico\/#%f0%9f%8e%af%c2%bfpor-que-confiar-en-oddsium-para-elegir-el-mejor-sitio-con-bet-builder\" >\ud83c\udfaf\u00bfPor qu\u00e9 confiar en Oddsium para elegir el mejor sitio con Bet Builder?<\/a><\/li><\/ul><\/nav><\/div>\n<h2 class=\"wp-block-heading\"><span class=\"ez-toc-section\" id=\"%c2%bfque-es-esta-onda-del-bet-builder\"><\/span>\u00bfQu\u00e9 es esta onda del Bet Builder?<span class=\"ez-toc-section-end\"><\/span><\/h2>\n\n\n\n<p>El Bet Builder es un creador de apuestas, esta es una herramienta que te deja combinar varios mercados de un mismo partido en una sola apuesta hecha a tu gusto, seg\u00fan tu estrategia y lo que te late. B\u00e1sicamente, armas una apuesta a tu medida que tiene que acertar completa para que te lleves la lana.<\/p>\n\n\n\n<p><strong>\ud83d\udccc Por ejemplo:<\/strong> en un partido de f\u00fatbol puedes apostarle al resultado final, al n\u00famero de goles y al goleador en un solo boleto. Eso te da toda la libertad para armar tu pron\u00f3stico con base en lo que sabes, y de paso, los momios suben y la chance de ganar m\u00e1s varo crece.<\/p>\n\n\n\n<p>Esta funci\u00f3n es f\u00e1cil de usar y hace que la experiencia sea m\u00e1s chida y estrat\u00e9gica. En M\u00e9xico, la tienen las casas de apuestas m\u00e1s conocidas, para que apuestes con toda la creatividad.<\/p>\n\n\n\n<h2 class=\"wp-block-heading\"><span class=\"ez-toc-section\" id=\"%c2%bfpor-que-esta-tan-de-moda-el-bet-builder-en-mexico\"><\/span>\u00bfPor qu\u00e9 est\u00e1 tan de moda el Bet Builder en M\u00e9xico?<span class=\"ez-toc-section-end\"><\/span><\/h2>\n\n\n\n<p>Los sitios con Bet Builder se han ganado la confianza porque ofrecen:<\/p>\n\n\n\n<p><strong>\ud83d\udd38Personalizaci\u00f3n total:<\/strong> combinas los mercados que se te antojen y armas apuestas a tu gusto.<\/p>\n\n\n\n<p><strong>\ud83d\udd38Mejores momios<\/strong>: los momios se multiplican y el billete que puedes ganar sube.<\/p>\n\n\n\n<p><strong>\ud83d\udd38M\u00e1s control: <\/strong>no dependes solo de apuestas armadas, t\u00fa pones la estrategia.<\/p>\n\n\n\n<p><strong>\ud83d\udd38M\u00e1s diversi\u00f3n: <\/strong>apostar con Bet Builder hace que el partido se siga con m\u00e1s emoci\u00f3n.<\/p>\n\n\n\n<p>\ud83d\udd0dEsta herramienta es la que m\u00e1s se usa en deportes con un mont\u00f3n de opciones para apostar. Si quieres dominar las apuestas deportivas y apostar con seguridad en M\u00e9xico, consulta nuestra\u00a0<a href=\"https:\/\/oddsium.com\/mx\/guides\/guia-de-apuestas-como-apostar-en-deportes-en-linea\/\" title=\"\">Gu\u00eda de apuestas deportivas en l\u00ednea<\/a>, donde encontrar\u00e1s todo lo que necesitas saber si eres nuevo en esto.<\/p>\n\n\n\n<h2 class=\"wp-block-heading\"><span class=\"ez-toc-section\" id=\"top-5-sitios-con-bet-builder-en-mexico\"><\/span>Top 5 sitios con Bet Builder en M\u00e9xico<span class=\"ez-toc-section-end\"><\/span><\/h2>\n\n\n\n<figure class=\"wp-block-table\"><table class=\"has-fixed-layout\"><tbody><tr><td><strong>Casa de apuesta<\/strong><\/td><td><strong>Caracter\u00edsticas<\/strong><\/td><td><strong>Deportes con Bet Builder<\/strong><\/td><\/tr><tr><td>Bet365 M\u00e9xico<\/td><td>Amplia variedad de mercados, interfaz intuitiva y f\u00e1cil de usar.<\/td><td>\u26bd F\u00fatbol<br>\ud83c\udfc0 Baloncesto&nbsp;<br>\ud83c\udfbe Tenis&nbsp;<br>\ud83c\udfc8 F\u00fatbol Americano&nbsp;<br>\u26be B\u00e9isbol&nbsp;<br>\ud83c\udfd2 Hockey sobre Hielo y m\u00e1s<\/td><\/tr><tr><td>Betsson M\u00e9xico<\/td><td>Plataforma con Bet Builder, buena experiencia de usuario y promociones frecuentes.<\/td><td>\u26bd F\u00fatbol&nbsp;<br>\ud83c\udfc0 Baloncesto<br>\ud83c\udfbe Tenis<br>\u26be B\u00e9isbol&nbsp;<br>\ud83c\udfd2 Hockey sobre Hielo<br>\ud83e\udd4aBoxeo y m\u00e1s<\/td><\/tr><tr><td>Caliente.mx<\/td><td>Sitio de apuestas local con Bet Builder, cashout y estad\u00edsticas en vivo.<\/td><td>\u26bd F\u00fatbol<br>\ud83c\udfc0 Baloncesto<br>\ud83c\udfbe Tenis<br>\u26f3Golf<br>\ud83e\udd4aUFC\/MMA<br>\u26be B\u00e9isbol y m\u00e1s<\/td><\/tr><tr><td>Codere M\u00e9xico<\/td><td>Plataforma con Bet Builder, apuestas en vivo y promociones para usuarios frecuentes.<\/td><td>\u26bd F\u00fatbol&nbsp;<br>\ud83c\udfc0 Baloncesto<br>\ud83c\udfbe Tenis<br>\ud83e\udd4aUFC\/MMA<br>\ud83c\udfc8 F\u00fatbol Americano&nbsp;<br>\u26be B\u00e9isbol&nbsp;<br>\ud83c\udfd2 Hockey sobre Hielo y m\u00e1s<\/td><\/tr><tr><td>Sportium M\u00e9xico<\/td><td>Plataforma con Bet Builder, cashout y m\u00faltiples mercados.<\/td><td>\u26bd F\u00fatbol<br>\ud83c\udfc0 Baloncesto&nbsp;<br>\ud83c\udfbe Tenis<br>\ud83d\udeb4Ciclismo<br>\ud83c\udfc1F1<br>\u26f3Golf y m\u00e1s.<\/td><\/tr><\/tbody><\/table><\/figure>\n\n\n\n<p><em>\ud83c\udfaf Estas casas tienen extras como estad\u00edsticas, cashout y transmisiones en vivo para que la experiencia sea completa.<\/em><\/p>\n\n\n\n<h2 class=\"wp-block-heading\"><span class=\"ez-toc-section\" id=\"cosas-que-debes-tener-en-cuenta-al-usar-bet-builder\"><\/span>Cosas que debes tener en cuenta al usar Bet Builder<span class=\"ez-toc-section-end\"><\/span><\/h2>\n\n\n\n<p><strong>\ud83d\udd38N\u00famero m\u00e1ximo de selecciones: <\/strong>usualmente puedes combinar entre 2 y 6 mercados.<\/p>\n\n\n\n<p><strong>\ud83d\udd38Momios m\u00ednimos y m\u00e1ximos:<\/strong> algunas casas ponen l\u00edmites para que la apuesta sea v\u00e1lida.<\/p>\n\n\n\n<p><strong>\ud83d\udd38Restricciones en mercados: <\/strong>no todos los mercados se pueden mezclar; revisa bien.<\/p>\n\n\n\n<p><strong>\ud83d\udd38Disponibilidad en vivo: <\/strong>no todas dejan usar Bet Builder en partidos en vivo.<\/p>\n\n\n\n<p><strong>\ud83d\udd38Condiciones para retirar:<\/strong> mira si las ganancias tienen rollover o l\u00edmites especiales.<\/p>\n\n\n\n<h2 class=\"wp-block-heading\"><span class=\"ez-toc-section\" id=\"%c2%bfcomo-armar-tu-apuesta-con-bet-builder\"><\/span>\u00bfC\u00f3mo armar tu apuesta con Bet Builder?<span class=\"ez-toc-section-end\"><\/span><\/h2>\n\n\n\n<p>1\ufe0f\u20e3Entra a tu casa de apuestas favorita y busca el partido que quieres.<br>2\ufe0f\u20e3Activa la funci\u00f3n Bet Builder en la secci\u00f3n de mercados.<br>3\ufe0f\u20e3Elige los mercados que quieres combinar (resultado, goles, tarjetas, etc.).<br>4\ufe0f\u20e3Revisa que las selecciones no se peleen y checa el momio total.<br>5\ufe0f\u20e3Mete la lana que quieres apostar y confirma la jugada.<br>6\ufe0f\u20e3\u00a1Listo pues! A disfrutar de tu apuesta a la medida.<\/p>\n\n\n\n<p><em>\ud83d\udcccEs un proceso r\u00e1pido y sencillo, solo necesitas saber cu\u00e1les son los mejores sitios con Bet Builder en M\u00e9xico.<\/em><\/p>\n\n\n\n<h2 class=\"wp-block-heading\"><span class=\"ez-toc-section\" id=\"%f0%9f%8e%af%c2%bfpor-que-confiar-en-oddsium-para-elegir-el-mejor-sitio-con-bet-builder\"><\/span>\ud83c\udfaf\u00bfPor qu\u00e9 confiar en Oddsium para elegir el mejor sitio con Bet Builder?<span class=\"ez-toc-section-end\"><\/span><\/h2>\n\n\n\n<p>En Oddsium, nos metemos a fondo para ver si un sitio tiene esta funci\u00f3n, la probamos y la comparamos con otras, mirando:<\/p>\n\n\n\n<ul class=\"wp-block-list\">\n<li>Cu\u00e1ntas opciones puedes combinar para armar tu apuesta personalizada.<\/li>\n\n\n\n<li>Que sea r\u00e1pida y estable cuando la usas.<\/li>\n\n\n\n<li>Disponibilidad en vivo y en el celular.<\/li>\n\n\n\n<li>Facilidad para retirar ganancias y aprovechar promos.<\/li>\n<\/ul>\n\n\n\n<p>Con nosotros, sacas el m\u00e1ximo potencial de todas las herramientas disponibles en las <a href=\"https:\/\/oddsium.com\/mx\/\" title=\"\">casas de apuestas m\u00e1s populares en M\u00e9xico<\/a> hoy en d\u00eda.\u00a0<\/p>\n\n\n\n<p><em>\u00a1Apuesta con confianza y sin broncas!<\/em><\/p>\n","protected":false},"excerpt":{"rendered":"<p>El Bet Builder se ha vuelto una herramienta bien chida para los que quieren ponerle su propio saz\u00f3n y personalizar al m\u00e1ximo sus apuestas. Gracias a esta funci\u00f3n, muchos se han sacado unas ganancias que ni se imaginaban. Pero, la verdadera pregunta es \u00bfQu\u00e9 es un Bet Builder? En Oddsium, te traemos esta gu\u00eda para [&hellip;]<\/p>\n","protected":false},"author":3,"featured_media":432,"parent":89,"menu_order":0,"comment_status":"closed","ping_status":"closed","template":"sports.php","meta":{"_acf_changed":false,"om_disable_all_campaigns":false,"footnotes":""},"class_list":["post-233","page","type-page","status-publish","has-post-thumbnail","hentry"],"acf":[],"aioseo_notices":[],"_links":{"self":[{"href":"https:\/\/oddsium.com\/mx\/wp-json\/wp\/v2\/pages\/233","targetHints":{"allow":["GET"]}}],"collection":[{"href":"https:\/\/oddsium.com\/mx\/wp-json\/wp\/v2\/pages"}],"about":[{"href":"https:\/\/oddsium.com\/mx\/wp-json\/wp\/v2\/types\/page"}],"author":[{"embeddable":true,"href":"https:\/\/oddsium.com\/mx\/wp-json\/wp\/v2\/users\/3"}],"replies":[{"embeddable":true,"href":"https:\/\/oddsium.com\/mx\/wp-json\/wp\/v2\/comments?post=233"}],"version-history":[{"count":0,"href":"https:\/\/oddsium.com\/mx\/wp-json\/wp\/v2\/pages\/233\/revisions"}],"up":[{"embeddable":true,"href":"https:\/\/oddsium.com\/mx\/wp-json\/wp\/v2\/pages\/89"}],"wp:featuredmedia":[{"embeddable":true,"href":"https:\/\/oddsium.com\/mx\/wp-json\/wp\/v2\/media\/432"}],"wp:attachment":[{"href":"https:\/\/oddsium.com\/mx\/wp-json\/wp\/v2\/media?parent=233"}],"curies":[{"name":"wp","href":"https:\/\/api.w.org\/{rel}","templated":true}]}}