{"id":88,"date":"2025-05-05T10:33:24","date_gmt":"2025-05-05T10:33:24","guid":{"rendered":"https:\/\/oddsium.wpenginepowered.com\/mx\/?page_id=88"},"modified":"2025-09-11T17:32:31","modified_gmt":"2025-09-11T17:32:31","slug":"apuestas-deportivas","status":"publish","type":"page","link":"https:\/\/oddsium.com\/mx\/apuestas-deportivas\/","title":{"rendered":"Apuestas Deportivas"},"content":{"rendered":"\n<div id=\"ez-toc-container\" class=\"ez-toc-v2_0_81 counter-hierarchy ez-toc-counter ez-toc-grey ez-toc-container-direction\">\n<div class=\"ez-toc-title-container\">\n<p class=\"ez-toc-title\" style=\"cursor:inherit\">Table of Contents<\/p>\n<span class=\"ez-toc-title-toggle\"><a href=\"#\" class=\"ez-toc-pull-right ez-toc-btn ez-toc-btn-xs ez-toc-btn-default ez-toc-toggle\" aria-label=\"Toggle Table of Content\"><span class=\"ez-toc-js-icon-con\"><span class=\"\"><span class=\"eztoc-hide\" style=\"display:none;\">Toggle<\/span><span class=\"ez-toc-icon-toggle-span\"><svg style=\"fill: #999;color:#999\" xmlns=\"http:\/\/www.w3.org\/2000\/svg\" class=\"list-377408\" width=\"20px\" height=\"20px\" viewBox=\"0 0 24 24\" fill=\"none\"><path d=\"M6 6H4v2h2V6zm14 0H8v2h12V6zM4 11h2v2H4v-2zm16 0H8v2h12v-2zM4 16h2v2H4v-2zm16 0H8v2h12v-2z\" fill=\"currentColor\"><\/path><\/svg><svg style=\"fill: #999;color:#999\" class=\"arrow-unsorted-368013\" xmlns=\"http:\/\/www.w3.org\/2000\/svg\" width=\"10px\" height=\"10px\" viewBox=\"0 0 24 24\" version=\"1.2\" baseProfile=\"tiny\"><path d=\"M18.2 9.3l-6.2-6.3-6.2 6.3c-.2.2-.3.4-.3.7s.1.5.3.7c.2.2.4.3.7.3h11c.3 0 .5-.1.7-.3.2-.2.3-.5.3-.7s-.1-.5-.3-.7zM5.8 14.7l6.2 6.3 6.2-6.3c.2-.2.3-.5.3-.7s-.1-.5-.3-.7c-.2-.2-.4-.3-.7-.3h-11c-.3 0-.5.1-.7.3-.2.2-.3.5-.3.7s.1.5.3.7z\"\/><\/svg><\/span><\/span><\/span><\/a><\/span><\/div>\n<nav><ul class='ez-toc-list ez-toc-list-level-1 ' ><li class='ez-toc-page-1 ez-toc-heading-level-2'><a class=\"ez-toc-link ez-toc-heading-1\" href=\"https:\/\/oddsium.com\/mx\/apuestas-deportivas\/#guia-esencial-de-apuestas-deportivas-en-mexico\" >Gu\u00eda esencial de apuestas deportivas en M\u00e9xico<\/a><\/li><li class='ez-toc-page-1 ez-toc-heading-level-2'><a class=\"ez-toc-link ez-toc-heading-2\" href=\"https:\/\/oddsium.com\/mx\/apuestas-deportivas\/#%c2%bfque-son-las-apuestas-deportivas\" >\u00bfQu\u00e9 son las apuestas deportivas?<\/a><\/li><li class='ez-toc-page-1 ez-toc-heading-level-2'><a class=\"ez-toc-link ez-toc-heading-3\" href=\"https:\/\/oddsium.com\/mx\/apuestas-deportivas\/#entendiendo-las-apuestas-conceptos-clave\" >Entendiendo las apuestas: conceptos clave<\/a><\/li><li class='ez-toc-page-1 ez-toc-heading-level-2'><a class=\"ez-toc-link ez-toc-heading-4\" href=\"https:\/\/oddsium.com\/mx\/apuestas-deportivas\/#%c2%bfcomo-empezar-a-apostar-online-en-mexico\" >\u00bfC\u00f3mo empezar a apostar online en M\u00e9xico?<\/a><ul class='ez-toc-list-level-3' ><li class='ez-toc-heading-level-3'><a class=\"ez-toc-link ez-toc-heading-5\" href=\"https:\/\/oddsium.com\/mx\/apuestas-deportivas\/#1%ef%b8%8f%e2%83%a3elige-una-casa-de-apuestas-confiable\" >1\ufe0f\u20e3Elige una casa de apuestas confiable<\/a><\/li><li class='ez-toc-page-1 ez-toc-heading-level-3'><a class=\"ez-toc-link ez-toc-heading-6\" href=\"https:\/\/oddsium.com\/mx\/apuestas-deportivas\/#2%ef%b8%8f%e2%83%a3registrate-y-verifica-tu-cuenta\" >2\ufe0f\u20e3Reg\u00edstrate y verifica tu cuenta<\/a><\/li><li class='ez-toc-page-1 ez-toc-heading-level-3'><a class=\"ez-toc-link ez-toc-heading-7\" href=\"https:\/\/oddsium.com\/mx\/apuestas-deportivas\/#3%ef%b8%8f%e2%83%a3deposita-con-tu-metodo-favorito\" >3\ufe0f\u20e3Deposita con tu m\u00e9todo favorito<\/a><\/li><li class='ez-toc-page-1 ez-toc-heading-level-3'><a class=\"ez-toc-link ez-toc-heading-8\" href=\"https:\/\/oddsium.com\/mx\/apuestas-deportivas\/#4%ef%b8%8f%e2%83%a3elige-tu-deporte-y-mercado\" >4\ufe0f\u20e3Elige tu deporte y mercado<\/a><\/li><li class='ez-toc-page-1 ez-toc-heading-level-3'><a class=\"ez-toc-link ez-toc-heading-9\" href=\"https:\/\/oddsium.com\/mx\/apuestas-deportivas\/#5%ef%b8%8f%e2%83%a3haz-tu-apuesta-y-controla-tu-presupuesto\" >5\ufe0f\u20e3Haz tu apuesta y controla tu presupuesto<\/a><\/li><\/ul><\/li><li class='ez-toc-page-1 ez-toc-heading-level-2'><a class=\"ez-toc-link ez-toc-heading-10\" href=\"https:\/\/oddsium.com\/mx\/apuestas-deportivas\/#deportes-mas-populares-para-apostar-en-mexico\" >Deportes m\u00e1s populares para apostar en M\u00e9xico<\/a><ul class='ez-toc-list-level-3' ><li class='ez-toc-heading-level-3'><a class=\"ez-toc-link ez-toc-heading-11\" href=\"https:\/\/oddsium.com\/mx\/apuestas-deportivas\/#%e2%9a%bd-futbol\" >\u26bd F\u00fatbol<\/a><\/li><li class='ez-toc-page-1 ez-toc-heading-level-3'><a class=\"ez-toc-link ez-toc-heading-12\" href=\"https:\/\/oddsium.com\/mx\/apuestas-deportivas\/#%f0%9f%8f%80-basquet\" >\ud83c\udfc0 B\u00e1squet<\/a><\/li><li class='ez-toc-page-1 ez-toc-heading-level-3'><a class=\"ez-toc-link ez-toc-heading-13\" href=\"https:\/\/oddsium.com\/mx\/apuestas-deportivas\/#%f0%9f%8f%88-futbol-americano\" >\ud83c\udfc8 Futbol Americano<\/a><\/li><li class='ez-toc-page-1 ez-toc-heading-level-3'><a class=\"ez-toc-link ez-toc-heading-14\" href=\"https:\/\/oddsium.com\/mx\/apuestas-deportivas\/#%f0%9f%a5%8a-boxeo\" >\ud83e\udd4a Boxeo<\/a><\/li><li class='ez-toc-page-1 ez-toc-heading-level-3'><a class=\"ez-toc-link ez-toc-heading-15\" href=\"https:\/\/oddsium.com\/mx\/apuestas-deportivas\/#%f0%9f%8e%be-tenis\" >\ud83c\udfbe Tenis<\/a><\/li><li class='ez-toc-page-1 ez-toc-heading-level-3'><a class=\"ez-toc-link ez-toc-heading-16\" href=\"https:\/\/oddsium.com\/mx\/apuestas-deportivas\/#%f0%9f%8e%ae-esports\" >\ud83c\udfae eSports<\/a><\/li><li class='ez-toc-page-1 ez-toc-heading-level-3'><a class=\"ez-toc-link ez-toc-heading-17\" href=\"https:\/\/oddsium.com\/mx\/apuestas-deportivas\/#%e2%9a%be-beisbol\" >\u26be B\u00e9isbol<\/a><\/li><li class='ez-toc-page-1 ez-toc-heading-level-3'><a class=\"ez-toc-link ez-toc-heading-18\" href=\"https:\/\/oddsium.com\/mx\/apuestas-deportivas\/#%f0%9f%8f%8e%ef%b8%8f-formula-1\" >\ud83c\udfce\ufe0f F\u00f3rmula 1<\/a><\/li><\/ul><\/li><li class='ez-toc-page-1 ez-toc-heading-level-2'><a class=\"ez-toc-link ez-toc-heading-19\" href=\"https:\/\/oddsium.com\/mx\/apuestas-deportivas\/#explora-las-diferentes-formas-de-apostar\" >Explora las diferentes formas de apostar<\/a><\/li><li class='ez-toc-page-1 ez-toc-heading-level-2'><a class=\"ez-toc-link ez-toc-heading-20\" href=\"https:\/\/oddsium.com\/mx\/apuestas-deportivas\/#juego-responsable-la-base-para-no-perderte-en-el-juego\" >Juego responsable: la base para no perderte en el juego<\/a><\/li><li class='ez-toc-page-1 ez-toc-heading-level-2'><a class=\"ez-toc-link ez-toc-heading-21\" href=\"https:\/\/oddsium.com\/mx\/apuestas-deportivas\/#%c2%bfpor-que-elegir-oddsium-para-tus-apuestas-deportivas\" >\u00bfPor qu\u00e9 elegir Oddsium para tus apuestas deportivas?<\/a><\/li><li class='ez-toc-page-1 ez-toc-heading-level-2'><a class=\"ez-toc-link ez-toc-heading-22\" href=\"https:\/\/oddsium.com\/mx\/apuestas-deportivas\/#%f0%9f%8e%afconclusion\" >\ud83c\udfafConclusi\u00f3n<\/a><\/li><\/ul><\/nav><\/div>\n<h2 class=\"wp-block-heading\"><span class=\"ez-toc-section\" id=\"guia-esencial-de-apuestas-deportivas-en-mexico\"><\/span>Gu\u00eda esencial de apuestas deportivas en M\u00e9xico<span class=\"ez-toc-section-end\"><\/span><\/h2>\n\n\n\n<p>En M\u00e9xico, las apuestas deportivas han crecido ca\u00f1\u00f3n en los \u00faltimos a\u00f1os. Cada evento deportivo es una oportunidad para aplicar lo que sabes y, de paso, ganarte una buena lana.\u00a0Gracias a la regulaci\u00f3n firme de <a href=\"http:\/\/www.juegosysorteos.gob.mx\/es\/Juegos_y_Sorteos\/Permisionario\" title=\"\">SEGOB <\/a>y a la tecnolog\u00eda de hoy, apostar en l\u00ednea es seguro y muy f\u00e1cil. Sin embargo, para sacarle el m\u00e1ximo provecho, debes conocer bien los diferentes mercados y c\u00f3mo funcionan.<\/p>\n\n\n\n<p>Esta gu\u00eda de Oddsium te da las herramientas para aprovechar los <a href=\"https:\/\/oddsium.com\/mx\/\" title=\"\">mejores sitios de apuestas en M\u00e9xico este 2025<\/a> y apostar con cabeza. Prep\u00e1rate para entrarle a las apuestas deportivas con mucha m\u00e1s estrategia y sin dejar nada al azar.<\/p>\n\n\n\n<h2 class=\"wp-block-heading\"><span class=\"ez-toc-section\" id=\"%c2%bfque-son-las-apuestas-deportivas\"><\/span>\u00bfQu\u00e9 son las apuestas deportivas?<span class=\"ez-toc-section-end\"><\/span><\/h2>\n\n\n\n<p>Las apuestas deportivas son una predicci\u00f3n sobre lo que va a pasar en un evento deportivo. Para ello, las casas de apuestas ponen cuotas que reflejan el valor y el riesgo de cada resultado.<\/p>\n\n\n\n<figure class=\"wp-block-image size-large\"><img loading=\"lazy\" decoding=\"async\" width=\"1024\" height=\"726\" src=\"https:\/\/oddsium.com\/mx\/wp-content\/uploads\/sites\/13\/2025\/09\/hombres-viendo-partidos-deportivos-en-tablet-1024x726.jpg\" alt=\"\" class=\"wp-image-526\" srcset=\"https:\/\/oddsium.com\/mx\/wp-content\/uploads\/sites\/13\/2025\/09\/hombres-viendo-partidos-deportivos-en-tablet-1024x726.jpg 1024w, https:\/\/oddsium.com\/mx\/wp-content\/uploads\/sites\/13\/2025\/09\/hombres-viendo-partidos-deportivos-en-tablet-300x213.jpg 300w, https:\/\/oddsium.com\/mx\/wp-content\/uploads\/sites\/13\/2025\/09\/hombres-viendo-partidos-deportivos-en-tablet-768x545.jpg 768w, https:\/\/oddsium.com\/mx\/wp-content\/uploads\/sites\/13\/2025\/09\/hombres-viendo-partidos-deportivos-en-tablet-1536x1090.jpg 1536w, https:\/\/oddsium.com\/mx\/wp-content\/uploads\/sites\/13\/2025\/09\/hombres-viendo-partidos-deportivos-en-tablet.jpg 1748w\" sizes=\"auto, (max-width: 1024px) 100vw, 1024px\" \/><\/figure>\n\n\n\n<p>En M\u00e9xico, gracias a la regulaci\u00f3n de la SEGOB, la mayor\u00eda de las casas que operan est\u00e1n autorizadas. Por eso, esta actividad es segura y transparente. Adem\u00e1s, hoy en d\u00eda apostar en l\u00ednea es tan emocionante como ver el partido en vivo. Incluso m\u00e1s, si tienes la chance de ganar con tus pron\u00f3sticos.<\/p>\n\n\n\n<p>Lo cierto es que, gracias a una buena apuesta puedes ganar lana extra. Pero, para lograrlo debes usar mucho an\u00e1lisis y un poco de intuici\u00f3n.<\/p>\n\n\n\n<h2 class=\"wp-block-heading\"><span class=\"ez-toc-section\" id=\"entendiendo-las-apuestas-conceptos-clave\"><\/span>Entendiendo las apuestas: conceptos clave<span class=\"ez-toc-section-end\"><\/span><\/h2>\n\n\n\n<figure class=\"wp-block-table\"><table class=\"has-fixed-layout\"><tbody><tr><td><strong>T\u00e9rmino<\/strong><\/td><td><strong>\u00bfQu\u00e9 significa?<\/strong><\/td><\/tr><tr><td>Cuotas<\/td><td>Indican cu\u00e1nto puedes ganar por cada peso apostado. No obstante, a mayor cuota, mayor riesgo.<\/td><\/tr><tr><td>Apuesta<\/td><td>Predicci\u00f3n sobre el resultado de un evento deportivo en la que se arriesga lana.<\/td><\/tr><tr><td>Mercado<\/td><td>El tipo de apuesta que eliges, como ganador, n\u00famero de goles, puntos, etc.<\/td><\/tr><tr><td>Cashout<\/td><td>Opci\u00f3n para cerrar tu apuesta antes de que termine el evento.<\/td><\/tr><tr><td>Bankroll<\/td><td>El total de lana que tienes reservada solo para apostar.<\/td><\/tr><tr><td>H\u00e1ndicap<\/td><td>Ventaja o desventaja ficticia que ponen para equilibrar las chances entre dos competidores.<\/td><\/tr><\/tbody><\/table><\/figure>\n\n\n\n<h2 class=\"wp-block-heading\"><span class=\"ez-toc-section\" id=\"%c2%bfcomo-empezar-a-apostar-online-en-mexico\"><\/span>\u00bfC\u00f3mo empezar a apostar online en M\u00e9xico?<span class=\"ez-toc-section-end\"><\/span><\/h2>\n\n\n\n<h3 class=\"wp-block-heading\"><span class=\"ez-toc-section\" id=\"1%ef%b8%8f%e2%83%a3elige-una-casa-de-apuestas-confiable\"><\/span>1\ufe0f\u20e3Elige una casa de apuestas confiable<span class=\"ez-toc-section-end\"><\/span><\/h3>\n\n\n\n<p>Elige plataformas que cuenten con licencia SEGOB y, sobre todo, que tengan buena reputaci\u00f3n en M\u00e9xico. <\/p>\n\n\n\n<h3 class=\"wp-block-heading\"><span class=\"ez-toc-section\" id=\"2%ef%b8%8f%e2%83%a3registrate-y-verifica-tu-cuenta\"><\/span>2\ufe0f\u20e3Reg\u00edstrate y verifica tu cuenta<span class=\"ez-toc-section-end\"><\/span><\/h3>\n\n\n\n<p>Ingresa tu informaci\u00f3n y aseg\u00farate de completar la verificaci\u00f3n de cuenta para poder retirar tus ganancias.<\/p>\n\n\n\n<h3 class=\"wp-block-heading\"><span class=\"ez-toc-section\" id=\"3%ef%b8%8f%e2%83%a3deposita-con-tu-metodo-favorito\"><\/span>3\ufe0f\u20e3Deposita con tu m\u00e9todo favorito<span class=\"ez-toc-section-end\"><\/span><\/h3>\n\n\n\n<p>Usa tarjetas, transferencias SPEI, OXXO Pay, billeteras electr\u00f3nicas y otros m\u00e9todos para depositar. <\/p>\n\n\n\n<h3 class=\"wp-block-heading\"><span class=\"ez-toc-section\" id=\"4%ef%b8%8f%e2%83%a3elige-tu-deporte-y-mercado\"><\/span>4\ufe0f\u20e3Elige tu deporte y mercado<span class=\"ez-toc-section-end\"><\/span><\/h3>\n\n\n\n<p>Desde la Liga MX hasta la NBA, tenis, NFL o eSports lo que m\u00e1s te guste.<\/p>\n\n\n\n<h3 class=\"wp-block-heading\"><span class=\"ez-toc-section\" id=\"5%ef%b8%8f%e2%83%a3haz-tu-apuesta-y-controla-tu-presupuesto\"><\/span>5\ufe0f\u20e3Haz tu apuesta y controla tu presupuesto<span class=\"ez-toc-section-end\"><\/span><\/h3>\n\n\n\n<p>Usa <a href=\"https:\/\/oddsium.com\/mx\/casas-de-apuestas\/mejores-sitios-de-apuestas-con-cashout-en-mexico\/\" title=\"\">sitios de apuestas con cashout en M\u00e9xico<\/a> para asegurar ganancias o limitar p\u00e9rdidas. Siempre apuesta con cabeza fr\u00eda.<\/p>\n\n\n\n<h2 class=\"wp-block-heading\"><span class=\"ez-toc-section\" id=\"deportes-mas-populares-para-apostar-en-mexico\"><\/span>Deportes m\u00e1s populares para apostar en M\u00e9xico<span class=\"ez-toc-section-end\"><\/span><\/h2>\n\n\n\n<p>Hay varios deportes que se consideran por muchos como los meros meros para apostar en l\u00ednea. Estos son algunos de los m\u00e1s buscados:<\/p>\n\n\n\n<h3 class=\"wp-block-heading\"><span class=\"ez-toc-section\" id=\"%e2%9a%bd-futbol\"><\/span>\u26bd <strong>F\u00fatbol<\/strong><span class=\"ez-toc-section-end\"><\/span><\/h3>\n\n\n\n<p>Los mercados m\u00e1s comunes incluyen el resultado final (1X2), goleadores, combinadas y goles totales. Adem\u00e1s, la Liga MX y la Champions League son las competiciones favoritas para apostar.<\/p>\n\n\n\n<h3 class=\"wp-block-heading\"><span class=\"ez-toc-section\" id=\"%f0%9f%8f%80-basquet\"><\/span>\ud83c\udfc0 <strong>B\u00e1squet<\/strong><span class=\"ez-toc-section-end\"><\/span><\/h3>\n\n\n\n<p>La NBA y la Liga Nacional son las ligas m\u00e1s populares. Adem\u00e1s, ofrecen apuestas en puntos totales, margen de victoria y rendimiento de jugadores.<\/p>\n\n\n\n<h3 class=\"wp-block-heading\"><span class=\"ez-toc-section\" id=\"%f0%9f%8f%88-futbol-americano\"><\/span>\ud83c\udfc8 <strong>Futbol Americano<\/strong><span class=\"ez-toc-section-end\"><\/span><\/h3>\n\n\n\n<p>La NFL es la liga m\u00e1s seguida en este deporte. Adem\u00e1s, cuenta con mercados como h\u00e1ndicap, totales y props de jugadores.<\/p>\n\n\n\n<h3 class=\"wp-block-heading\"><span class=\"ez-toc-section\" id=\"%f0%9f%a5%8a-boxeo\"><\/span>\ud83e\udd4a <strong>Boxeo<\/strong><span class=\"ez-toc-section-end\"><\/span><\/h3>\n\n\n\n<p>Los mercados m\u00e1s comunes incluyen ganador del combate, m\u00e9todo de victoria y n\u00famero de asaltos. Adem\u00e1s, hay mucho movimiento en las apuestas cuando pelea un mexicano.<\/p>\n\n\n\n<h3 class=\"wp-block-heading\"><span class=\"ez-toc-section\" id=\"%f0%9f%8e%be-tenis\"><\/span>\ud83c\udfbe <strong>Tenis<\/strong><span class=\"ez-toc-section-end\"><\/span><\/h3>\n\n\n\n<p>Las apuestas m\u00e1s comunes son al ganador del partido y al n\u00famero de sets. Estos mercados ofrecen opciones claras y f\u00e1ciles de seguir.<\/p>\n\n\n\n<h3 class=\"wp-block-heading\"><span class=\"ez-toc-section\" id=\"%f0%9f%8e%ae-esports\"><\/span>\ud83c\udfae <strong>eSports<\/strong><span class=\"ez-toc-section-end\"><\/span><\/h3>\n\n\n\n<p>Los mercados m\u00e1s populares incluyen ganador del torneo, resultados de mapas y h\u00e1ndicaps. Estas son opciones son muy demandadas en las apuestas de eSports.<\/p>\n\n\n\n<h3 class=\"wp-block-heading\"><span class=\"ez-toc-section\" id=\"%e2%9a%be-beisbol\"><\/span>\u26be <strong>B\u00e9isbol<\/strong><span class=\"ez-toc-section-end\"><\/span><\/h3>\n\n\n\n<p>La MLB y la Liga Mexicana de B\u00e9isbol son las ligas m\u00e1s populares. Ofrecen apuestas al ganador, totales de carreras y props.<\/p>\n\n\n\n<h3 class=\"wp-block-heading\"><span class=\"ez-toc-section\" id=\"%f0%9f%8f%8e%ef%b8%8f-formula-1\"><\/span>\ud83c\udfce\ufe0f <strong>F\u00f3rmula 1<\/strong><span class=\"ez-toc-section-end\"><\/span><\/h3>\n\n\n\n<p>La F\u00f3rmula 1 ofrece apuestas al ganador de la carrera, podios y duelos directos entre pilotos. Permiten apostar por qui\u00e9n gana, qui\u00e9n termina en el podio y qui\u00e9n supera a su rival.<\/p>\n\n\n\n<p><em>Estos son algunos de los deportes m\u00e1s populares en M\u00e9xico. Sin embargo, la lista es mucho m\u00e1s extensa, entra a nuestra secci\u00f3n de deportes y echale un vistazo. <\/em><\/p>\n\n\n\n<h2 class=\"wp-block-heading\"><span class=\"ez-toc-section\" id=\"explora-las-diferentes-formas-de-apostar\"><\/span>Explora las diferentes formas de apostar<span class=\"ez-toc-section-end\"><\/span><\/h2>\n\n\n\n<figure class=\"wp-block-table\"><table class=\"has-fixed-layout\"><tbody><tr><td><strong>Tipo de apuesta<\/strong><\/td><td><strong>Descripci\u00f3n<\/strong><\/td><\/tr><tr><td>Apuestas Futuras<\/td><td>Haces el pron\u00f3stico antes de que empiece el partido. En este caso, las cuotas fijas muestran el riesgo de anticiparte.<\/td><\/tr><tr><td>Apuestas en vivo<\/td><td>Apuesta mientras el partido est\u00e1 en juego, con cuotas que cambian en cada jugada. <\/td><\/tr><tr><td>Apuestas simples<\/td><td>Elige un solo resultado para un evento. Apuesta directo por un equipo o jugador.<\/td><\/tr><tr><td>Apuestas combinadas<\/td><td>Combina varios partidos en un solo boleto; ganas solo si todas aciertan. Sin embargo, el riesgo es mayor.<\/td><\/tr><tr><td>Apuestas de sistema<\/td><td>Combina varias apuestas con margen de error: no necesitas acertar todo para llevarte lana.<\/td><\/tr><tr><td>Doble oportunidad<\/td><td>Cubre dos posibles resultados en un partido y, as\u00ed, reduces riesgos y aumentas tus chances.<\/td><\/tr><tr><td>Sin empate<\/td><td>Elimina el empate; si empatan, recuperas tu lana.<\/td><\/tr><tr><td>H\u00e1ndicap<\/td><td>Da ventaja o desventaja ficticia para equilibrar las chances entre dos competidores.<\/td><\/tr><tr><td>Each-way o Apuesta doble<\/td><td>Cubres dos posibles resultados en un mismo evento<strong>. <\/strong>Por ejemplo, al ganador y a que quede entre los primeros puestos, com\u00fan en carreras y torneos.<\/td><\/tr><tr><td>Especiales<\/td><td>Apuesta a detalles espec\u00edficos, como qui\u00e9n anotar\u00e1 primero o cu\u00e1ntos c\u00f3rners habr\u00e1.<\/td><\/tr><\/tbody><\/table><\/figure>\n\n\n\n<h2 class=\"wp-block-heading\"><span class=\"ez-toc-section\" id=\"juego-responsable-la-base-para-no-perderte-en-el-juego\"><\/span>Juego responsable: la base para no perderte en el juego<span class=\"ez-toc-section-end\"><\/span><\/h2>\n\n\n\n<p>\u2714\ufe0fPonte l\u00edmites claros de tiempo y lana para apostar.<br>\u2714\ufe0fNo trates de recuperar p\u00e9rdidas con apuestas impulsivas.<br>\u2714\ufe0fSi el juego deja de ser un plan chido, para y busca ayuda si hace falta.<br>\u2714\ufe0fUsa las herramientas de autoexclusi\u00f3n y l\u00edmites que ofrecen las casas de apuestas.<\/p>\n\n\n\n<h2 class=\"wp-block-heading\"><span class=\"ez-toc-section\" id=\"%c2%bfpor-que-elegir-oddsium-para-tus-apuestas-deportivas\"><\/span>\u00bfPor qu\u00e9 elegir Oddsium para tus apuestas deportivas?<span class=\"ez-toc-section-end\"><\/span><\/h2>\n\n\n\n<p>Para que apuestes chido, seguro y sin broncas, Oddsium te ofrece una plataforma que se adapta a lo que necesitas. \u00c9chale un ojo a todo lo que te ofrece: <\/p>\n\n\n\n<p>\u2705Te ayuda con la mejor <a href=\"https:\/\/oddsium.com\/mx\/odds\/\" title=\"\">comparaci\u00f3n de cuotas en tiempo real en M\u00e9xico<\/a> para que siempre apuestes con la mejor opci\u00f3n disponible.<br>\u2705Gu\u00edas especializadas que te permiten apostar informado en cada deporte y mercado.<br>\u2705Muestra promociones y c\u00f3digos exclusivos, lo que te ayuda a sacar el m\u00e1ximo provecho.<br>\u2705 Soporte personalizado, ideal para todos, desde novatos hasta expertos.<br>\u2705 Prioriza la transparencia, seguridad y el juego responsable en todo momento.<\/p>\n\n\n\n<p>Oddsium, pone a tu alcance la mejor informaci\u00f3n para que tomes siempre decisiones acertadas.<\/p>\n\n\n\n<h2 class=\"wp-block-heading\"><span class=\"ez-toc-section\" id=\"%f0%9f%8e%afconclusion\"><\/span>\ud83c\udfafConclusi\u00f3n<span class=\"ez-toc-section-end\"><\/span><\/h2>\n\n\n\n<p>El boom de las apuestas deportivas en M\u00e9xico abre un mundo de oportunidades para quienes desean juntar la pasi\u00f3n con estrategia.<\/p>\n\n\n\n<p>Apostar apoyado en informaci\u00f3n confiable y herramientas como Oddsium, es la f\u00f3rmula correcta. Recuerda, es muy importante jugar con cabeza fr\u00eda y con ciertos l\u00edmites. De esta manera, la cosa sigue siendo chida y rentable para todos.<\/p>\n\n\n\n<p><em>\u00a1Apuesta en l\u00ednea y gana con los consejos de Oddsium!<\/em><\/p>\n","protected":false},"excerpt":{"rendered":"<p>Gu\u00eda esencial de apuestas deportivas en M\u00e9xico En M\u00e9xico, las apuestas deportivas han crecido ca\u00f1\u00f3n en los \u00faltimos a\u00f1os. Cada evento deportivo es una oportunidad para aplicar lo que sabes y, de paso, ganarte una buena lana.\u00a0Gracias a la regulaci\u00f3n firme de SEGOB y a la tecnolog\u00eda de hoy, apostar en l\u00ednea es seguro y [&hellip;]<\/p>\n","protected":false},"author":3,"featured_media":0,"parent":0,"menu_order":0,"comment_status":"closed","ping_status":"closed","template":"sports.php","meta":{"_acf_changed":false,"om_disable_all_campaigns":false,"footnotes":""},"class_list":["post-88","page","type-page","status-publish","hentry"],"acf":[],"aioseo_notices":[],"_links":{"self":[{"href":"https:\/\/oddsium.com\/mx\/wp-json\/wp\/v2\/pages\/88","targetHints":{"allow":["GET"]}}],"collection":[{"href":"https:\/\/oddsium.com\/mx\/wp-json\/wp\/v2\/pages"}],"about":[{"href":"https:\/\/oddsium.com\/mx\/wp-json\/wp\/v2\/types\/page"}],"author":[{"embeddable":true,"href":"https:\/\/oddsium.com\/mx\/wp-json\/wp\/v2\/users\/3"}],"replies":[{"embeddable":true,"href":"https:\/\/oddsium.com\/mx\/wp-json\/wp\/v2\/comments?post=88"}],"version-history":[{"count":0,"href":"https:\/\/oddsium.com\/mx\/wp-json\/wp\/v2\/pages\/88\/revisions"}],"wp:attachment":[{"href":"https:\/\/oddsium.com\/mx\/wp-json\/wp\/v2\/media?parent=88"}],"curies":[{"name":"wp","href":"https:\/\/api.w.org\/{rel}","templated":true}]}}