{"id":90,"date":"2025-05-05T10:33:38","date_gmt":"2025-05-05T10:33:38","guid":{"rendered":"https:\/\/oddsium.wpenginepowered.com\/mx\/?page_id=90"},"modified":"2025-09-11T19:18:56","modified_gmt":"2025-09-11T19:18:56","slug":"odds","status":"publish","type":"page","link":"https:\/\/oddsium.com\/mx\/odds\/","title":{"rendered":"Comparac\u00edon de cuotas"},"content":{"rendered":"\n<p>Hoy en d\u00eda, apostar ya no es solo cuesti\u00f3n de suerte. De hecho, ahora es una jugada mucho m\u00e1s audaz y basada en saber del tema. Por eso, si quieres ganar m\u00e1s con tus <a href=\"https:\/\/oddsium.com\/mx\/apuestas-deportivas\/\" title=\"\">apuestas deportivas en l\u00ednea en M\u00e9xico<\/a>, tienes que comparar bien las cuotas. No solo se trata de elegir un equipo o un resultado. M\u00e1s bien, es importante ver d\u00f3nde tu apuesta rinde mejor, para que la lana que inviertes se multiplique m\u00e1s.<\/p>\n\n\n\n<p>Oddsium, es la herramienta que te pone al pie del ca\u00f1\u00f3n. Adem\u00e1s, te muestra en tiempo real d\u00f3nde est\u00e1n los momios m\u00e1s chidos para que apuestes con m\u00e1s que solo intuici\u00f3n.<\/p>\n\n\n\n<div id=\"ez-toc-container\" class=\"ez-toc-v2_0_81 counter-hierarchy ez-toc-counter ez-toc-grey ez-toc-container-direction\">\n<div class=\"ez-toc-title-container\">\n<p class=\"ez-toc-title\" style=\"cursor:inherit\">Table of Contents<\/p>\n<span class=\"ez-toc-title-toggle\"><a href=\"#\" class=\"ez-toc-pull-right ez-toc-btn ez-toc-btn-xs ez-toc-btn-default ez-toc-toggle\" aria-label=\"Toggle Table of Content\"><span class=\"ez-toc-js-icon-con\"><span class=\"\"><span class=\"eztoc-hide\" style=\"display:none;\">Toggle<\/span><span class=\"ez-toc-icon-toggle-span\"><svg style=\"fill: #999;color:#999\" xmlns=\"http:\/\/www.w3.org\/2000\/svg\" class=\"list-377408\" width=\"20px\" height=\"20px\" viewBox=\"0 0 24 24\" fill=\"none\"><path d=\"M6 6H4v2h2V6zm14 0H8v2h12V6zM4 11h2v2H4v-2zm16 0H8v2h12v-2zM4 16h2v2H4v-2zm16 0H8v2h12v-2z\" fill=\"currentColor\"><\/path><\/svg><svg style=\"fill: #999;color:#999\" class=\"arrow-unsorted-368013\" xmlns=\"http:\/\/www.w3.org\/2000\/svg\" width=\"10px\" height=\"10px\" viewBox=\"0 0 24 24\" version=\"1.2\" baseProfile=\"tiny\"><path d=\"M18.2 9.3l-6.2-6.3-6.2 6.3c-.2.2-.3.4-.3.7s.1.5.3.7c.2.2.4.3.7.3h11c.3 0 .5-.1.7-.3.2-.2.3-.5.3-.7s-.1-.5-.3-.7zM5.8 14.7l6.2 6.3 6.2-6.3c.2-.2.3-.5.3-.7s-.1-.5-.3-.7c-.2-.2-.4-.3-.7-.3h-11c-.3 0-.5.1-.7.3-.2.2-.3.5-.3.7s.1.5.3.7z\"\/><\/svg><\/span><\/span><\/span><\/a><\/span><\/div>\n<nav><ul class='ez-toc-list ez-toc-list-level-1 ' ><li class='ez-toc-page-1 ez-toc-heading-level-2'><a class=\"ez-toc-link ez-toc-heading-1\" href=\"https:\/\/oddsium.com\/mx\/odds\/#%c2%bfcomparar-cuotas-te-ayuda-a-ganar-mas-lana\" >\u00bfComparar cuotas te ayuda a ganar m\u00e1s lana?<\/a><\/li><li class='ez-toc-page-1 ez-toc-heading-level-2'><a class=\"ez-toc-link ez-toc-heading-2\" href=\"https:\/\/oddsium.com\/mx\/odds\/#%c2%bfpor-que-es-tan-importante-comparar-cuotas-en-mexico\" >\u00bfPor qu\u00e9 es tan importante comparar cuotas en M\u00e9xico?<\/a><\/li><li class='ez-toc-page-1 ez-toc-heading-level-2'><a class=\"ez-toc-link ez-toc-heading-3\" href=\"https:\/\/oddsium.com\/mx\/odds\/#%c2%bfque-mercados-deberias-seguir\" >\u00bfQu\u00e9 mercados deber\u00edas seguir?<\/a><\/li><li class='ez-toc-page-1 ez-toc-heading-level-2'><a class=\"ez-toc-link ez-toc-heading-4\" href=\"https:\/\/oddsium.com\/mx\/odds\/#oddsium-la-plataforma-que-cambio-la-comparacion-de-cuotas-en-mexico\" >Oddsium: la plataforma que cambi\u00f3 la comparaci\u00f3n de cuotas en M\u00e9xico<\/a><\/li><li class='ez-toc-page-1 ez-toc-heading-level-2'><a class=\"ez-toc-link ez-toc-heading-5\" href=\"https:\/\/oddsium.com\/mx\/odds\/#%c2%bfvale-la-pena-invertir-tiempo-en-comparar-cuotas\" >\u00bfVale la pena invertir tiempo en comparar cuotas?<\/a><\/li><\/ul><\/nav><\/div>\n<h2 class=\"wp-block-heading\"><span class=\"ez-toc-section\" id=\"%c2%bfcomparar-cuotas-te-ayuda-a-ganar-mas-lana\"><\/span>\u00bfComparar cuotas te ayuda a ganar m\u00e1s lana?<span class=\"ez-toc-section-end\"><\/span><\/h2>\n\n\n\n<p>Piensa en las cuotas como si fueran precios de un mismo producto en diferentes tiendas. El partido y el resultado son iguales, pero lo que puedes ganar cambia seg\u00fan d\u00f3nde apuestes.<\/p>\n\n\n\n<p>En las apuestas, las cuotas indican cu\u00e1nto dinero puedes ganar si aciertas. Sin embargo, no todas las casas de apuestas ofrecen las mismas oportunidades.<\/p>\n\n\n\n<p><strong>\ud83d\udccc Por ejemplo:<\/strong><\/p>\n\n\n\n<p><strong>Caliente.mx: <\/strong>1.75 \u2192 $1,750 MXN (ganancia de $750 si apuestas $1,000)<\/p>\n\n\n\n<p><strong>Codere: 1.85 <\/strong>\u2192 $1,850 MXN (ganancia de $850 con la misma apuesta)<\/p>\n\n\n\n<p>Como ves, hay $100 extra que puede parecer poco. Pero, si apuestas seguido o haces varios parlays, esa cantidad se vuelve muy valiosa.<\/p>\n\n\n\n<h2 class=\"wp-block-heading\"><span class=\"ez-toc-section\" id=\"%c2%bfpor-que-es-tan-importante-comparar-cuotas-en-mexico\"><\/span>\u00bfPor qu\u00e9 es tan importante comparar cuotas en M\u00e9xico?<span class=\"ez-toc-section-end\"><\/span><\/h2>\n\n\n\n<p>Primero, el mercado de apuestas en M\u00e9xico est\u00e1 creciendo ca\u00f1\u00f3n. Adem\u00e1s, cada vez hay m\u00e1s casas de apuestas en l\u00ednea y cada empresa calcula sus cuotas de manera diferente.<\/p>\n\n\n\n<p>Por eso mismo, comparar cuotas te ayuda a:<\/p>\n\n\n\n<p>\ud83d\udcb8 Sacar el m\u00e1ximo provecho de cada peso que inviertes.<\/p>\n\n\n\n<p>\ud83c\udfaf Evitar apostar en plataformas que pagan poco y reducen tus ganancias.<\/p>\n\n\n\n<p>\ud83d\udcc8 Mejorar tus resultados a largo plazo con apuestas m\u00e1s inteligentes.<\/p>\n\n\n\n<p>\ud83d\udd04 Aprovechar las diferencias en apuestas combinadas, donde cada centavo cuenta.<\/p>\n\n\n\n<h2 class=\"wp-block-heading\"><span class=\"ez-toc-section\" id=\"%c2%bfque-mercados-deberias-seguir\"><\/span>\u00bfQu\u00e9 mercados deber\u00edas seguir?<span class=\"ez-toc-section-end\"><\/span><\/h2>\n\n\n\n<p>Depende del deporte que te guste. Ya que cada uno tiene sus propias cuotas y opciones, aqu\u00ed tienes algunos ejemplos para que te des una idea:<\/p>\n\n\n\n<figure class=\"wp-block-table\"><table class=\"has-fixed-layout\"><tbody><tr><td><strong>Deporte<\/strong><\/td><td><strong>Mercado<\/strong><\/td><td><strong>Ejemplo de apuesta<\/strong><\/td><\/tr><tr><td>\u26bd Futbol<\/td><td>Resultado 1X2, m\u00e1s\/menos goles<\/td><td>Ganador, total de goles<\/td><\/tr><tr><td>\ud83c\udfc0 B\u00e1squet<\/td><td>H\u00e1ndicap, puntos totales<\/td><td>Ganador, puntos, estad\u00edsticas<\/td><\/tr><tr><td>\ud83c\udfbe Tenis<\/td><td>Ganador, n\u00famero de sets<\/td><td>Resultado del partido, total de juegos<\/td><\/tr><tr><td>\u26be Beisbol<\/td><td>Ganador, apuestas especiales<\/td><td>Resultado, estad\u00edsticas espec\u00edficas<\/td><\/tr><tr><td>\ud83d\udcbb En vivo<\/td><td>Cuotas que cambian al momento<\/td><td>Apostar durante el partido<\/td><\/tr><\/tbody><\/table><\/figure>\n\n\n\n<p><em>\u26a0\ufe0f Por supuesto, hay muchos m\u00e1s deportes y mercados. Solo entra a Oddsium, busca tu deporte favorito y encuentra la mejor comparaci\u00f3n de cuotas en M\u00e9xico.<\/em><\/p>\n\n\n\n<h2 class=\"wp-block-heading\"><span class=\"ez-toc-section\" id=\"oddsium-la-plataforma-que-cambio-la-comparacion-de-cuotas-en-mexico\"><\/span>Oddsium: la plataforma que cambi\u00f3 la comparaci\u00f3n de cuotas en M\u00e9xico<span class=\"ez-toc-section-end\"><\/span><\/h2>\n\n\n\n<figure class=\"wp-block-image size-large\"><img loading=\"lazy\" decoding=\"async\" width=\"1024\" height=\"726\" src=\"https:\/\/oddsium.com\/mx\/wp-content\/uploads\/sites\/13\/2025\/09\/dos-personas-estrechando-manos-1024x726.jpg\" alt=\"\" class=\"wp-image-579\" srcset=\"https:\/\/oddsium.com\/mx\/wp-content\/uploads\/sites\/13\/2025\/09\/dos-personas-estrechando-manos-1024x726.jpg 1024w, https:\/\/oddsium.com\/mx\/wp-content\/uploads\/sites\/13\/2025\/09\/dos-personas-estrechando-manos-300x213.jpg 300w, https:\/\/oddsium.com\/mx\/wp-content\/uploads\/sites\/13\/2025\/09\/dos-personas-estrechando-manos-768x545.jpg 768w, https:\/\/oddsium.com\/mx\/wp-content\/uploads\/sites\/13\/2025\/09\/dos-personas-estrechando-manos-1536x1090.jpg 1536w, https:\/\/oddsium.com\/mx\/wp-content\/uploads\/sites\/13\/2025\/09\/dos-personas-estrechando-manos.jpg 1748w\" sizes=\"auto, (max-width: 1024px) 100vw, 1024px\" \/><\/figure>\n\n\n\n<p>Buscar la mejor cuota puede ser complicado. Sin embargo, ah\u00ed es donde Oddsium destaca. Esta plataforma compara en tiempo real las cuotas de las casas m\u00e1s confiables en M\u00e9xico. As\u00ed, puedes:<\/p>\n\n\n\n<p>\ud83d\udc40 Ver r\u00e1pido cu\u00e1l es la mejor cuota.<\/p>\n\n\n\n<p>\u26a1 Entrar directo a las mejores casas de apuestas con <a href=\"http:\/\/www.juegosysorteos.gob.mx\/es\/Juegos_y_Sorteos\/Permisionario\" title=\"\">licencia SEGOB en M\u00e9xico<\/a> para apostar f\u00e1cil y seguro.<\/p>\n\n\n\n<p>\ud83d\udcf2 Ver detalles sobre promociones, m\u00e9todos de pago y facilidad de uso.<\/p>\n\n\n\n<p>\ud83c\udf0e Apostar desde la Liga MX hasta torneos internacionales importantes.<\/p>\n\n\n\n<h2 class=\"wp-block-heading\"><span class=\"ez-toc-section\" id=\"%c2%bfvale-la-pena-invertir-tiempo-en-comparar-cuotas\"><\/span>\u00bfVale la pena invertir tiempo en comparar cuotas?<span class=\"ez-toc-section-end\"><\/span><\/h2>\n\n\n\n<p>Si quieres ganar de verdad, comparar cuotas es la mejor jugada. Ese detalle peque\u00f1o puede convertir una apuesta com\u00fan en una decisi\u00f3n inteligente.<\/p>\n\n\n\n<p>En M\u00e9xico, donde cada peso cuenta, hacer esto puede marcar la diferencia entre un mes normal y uno con dinero extra en la bolsa. Por eso, no dudes en asesorarte con los mejores y aprovechar las <a href=\"https:\/\/oddsium.com\/mx\/betting-predictions\/\" title=\"\">prediciones de apuestas <\/a>de los deportes m\u00e1s populares. En resumen, \u00a1Oddsium es tu mejor aliado!<\/p>\n","protected":false},"excerpt":{"rendered":"<p>Hoy en d\u00eda, apostar ya no es solo cuesti\u00f3n de suerte. De hecho, ahora es una jugada mucho m\u00e1s audaz y basada en saber del tema. Por eso, si quieres ganar m\u00e1s con tus apuestas deportivas en l\u00ednea en M\u00e9xico, tienes que comparar bien las cuotas. No solo se trata de elegir un equipo o [&hellip;]<\/p>\n","protected":false},"author":3,"featured_media":0,"parent":0,"menu_order":0,"comment_status":"closed","ping_status":"closed","template":"sports.php","meta":{"_acf_changed":false,"om_disable_all_campaigns":false,"footnotes":""},"class_list":["post-90","page","type-page","status-publish","hentry"],"acf":[],"aioseo_notices":[],"_links":{"self":[{"href":"https:\/\/oddsium.com\/mx\/wp-json\/wp\/v2\/pages\/90","targetHints":{"allow":["GET"]}}],"collection":[{"href":"https:\/\/oddsium.com\/mx\/wp-json\/wp\/v2\/pages"}],"about":[{"href":"https:\/\/oddsium.com\/mx\/wp-json\/wp\/v2\/types\/page"}],"author":[{"embeddable":true,"href":"https:\/\/oddsium.com\/mx\/wp-json\/wp\/v2\/users\/3"}],"replies":[{"embeddable":true,"href":"https:\/\/oddsium.com\/mx\/wp-json\/wp\/v2\/comments?post=90"}],"version-history":[{"count":0,"href":"https:\/\/oddsium.com\/mx\/wp-json\/wp\/v2\/pages\/90\/revisions"}],"wp:attachment":[{"href":"https:\/\/oddsium.com\/mx\/wp-json\/wp\/v2\/media?parent=90"}],"curies":[{"name":"wp","href":"https:\/\/api.w.org\/{rel}","templated":true}]}}