{"id":189,"date":"2025-05-17T00:21:19","date_gmt":"2025-05-17T00:21:19","guid":{"rendered":"https:\/\/oddsium.wpenginepowered.com\/pe\/?page_id=189"},"modified":"2025-09-09T19:47:21","modified_gmt":"2025-09-09T19:47:21","slug":"futbol","status":"publish","type":"page","link":"https:\/\/oddsium.com\/pe\/apuestas-deportivas\/futbol\/","title":{"rendered":"F\u00fatbol"},"content":{"rendered":"\n<p>El f\u00fatbol logra algo m\u00e1gico: une a todos, desde barrios hasta grandes estadios sin distinci\u00f3n. Las apuestas en f\u00fatbol crecen cada d\u00eda entre personas que buscan vivir cada partido con m\u00e1s emoci\u00f3n. No solo se apuesta a un equipo como ganador, sino a cientos de mercados especiales y estad\u00edsticas detalladas. Adem\u00e1s, si quieres ganar debes pensar cu\u00e1l entrenador, estudiar rivales, alineaciones y condiciones para sacar ventaja.<\/p>\n\n\n\n<p>Con Oddsium, tendr\u00e1s a la mano todas las herramientas para entender el f\u00fatbol, hacer una buena <a href=\"https:\/\/oddsium.com\/pe\/odds\/comparacion-de-las-mejores-cuotas-de-futbol\/\" title=\"\">comparaci\u00f3n de las mejores cuotas de f\u00fatbol&nbsp;<\/a>y aprovechar cada encuentro. Ya sean torneos internacionales o cl\u00e1sicos.&nbsp;<\/p>\n\n\n\n<div id=\"ez-toc-container\" class=\"ez-toc-v2_0_81 counter-hierarchy ez-toc-counter ez-toc-grey ez-toc-container-direction\">\n<div class=\"ez-toc-title-container\">\n<p class=\"ez-toc-title\" style=\"cursor:inherit\">Table of Contents<\/p>\n<span class=\"ez-toc-title-toggle\"><a href=\"#\" class=\"ez-toc-pull-right ez-toc-btn ez-toc-btn-xs ez-toc-btn-default ez-toc-toggle\" aria-label=\"Toggle Table of Content\"><span class=\"ez-toc-js-icon-con\"><span class=\"\"><span class=\"eztoc-hide\" style=\"display:none;\">Toggle<\/span><span class=\"ez-toc-icon-toggle-span\"><svg style=\"fill: #999;color:#999\" xmlns=\"http:\/\/www.w3.org\/2000\/svg\" class=\"list-377408\" width=\"20px\" height=\"20px\" viewBox=\"0 0 24 24\" fill=\"none\"><path d=\"M6 6H4v2h2V6zm14 0H8v2h12V6zM4 11h2v2H4v-2zm16 0H8v2h12v-2zM4 16h2v2H4v-2zm16 0H8v2h12v-2z\" fill=\"currentColor\"><\/path><\/svg><svg style=\"fill: #999;color:#999\" class=\"arrow-unsorted-368013\" xmlns=\"http:\/\/www.w3.org\/2000\/svg\" width=\"10px\" height=\"10px\" viewBox=\"0 0 24 24\" version=\"1.2\" baseProfile=\"tiny\"><path d=\"M18.2 9.3l-6.2-6.3-6.2 6.3c-.2.2-.3.4-.3.7s.1.5.3.7c.2.2.4.3.7.3h11c.3 0 .5-.1.7-.3.2-.2.3-.5.3-.7s-.1-.5-.3-.7zM5.8 14.7l6.2 6.3 6.2-6.3c.2-.2.3-.5.3-.7s-.1-.5-.3-.7c-.2-.2-.4-.3-.7-.3h-11c-.3 0-.5.1-.7.3-.2.2-.3.5-.3.7s.1.5.3.7z\"\/><\/svg><\/span><\/span><\/span><\/a><\/span><\/div>\n<nav><ul class='ez-toc-list ez-toc-list-level-1 ' ><li class='ez-toc-page-1 ez-toc-heading-level-2'><a class=\"ez-toc-link ez-toc-heading-1\" href=\"https:\/\/oddsium.com\/pe\/apuestas-deportivas\/futbol\/#mejores-plataformas-para-apuestas-en-futbol-en-peru\" >Mejores plataformas para apuestas en f\u00fatbol en Per\u00fa&nbsp;<\/a><\/li><li class='ez-toc-page-1 ez-toc-heading-level-2'><a class=\"ez-toc-link ez-toc-heading-2\" href=\"https:\/\/oddsium.com\/pe\/apuestas-deportivas\/futbol\/#mercados-de-apuestas-para-aprovechar-en-futbol\" >Mercados de apuestas para aprovechar en f\u00fatbol&nbsp;<\/a><\/li><li class='ez-toc-page-1 ez-toc-heading-level-2'><a class=\"ez-toc-link ez-toc-heading-3\" href=\"https:\/\/oddsium.com\/pe\/apuestas-deportivas\/futbol\/#torneos-que-mueven-mas-apuestas-en-peru\" >Torneos que mueven m\u00e1s apuestas en Per\u00fa&nbsp;<\/a><ul class='ez-toc-list-level-3' ><li class='ez-toc-heading-level-3'><a class=\"ez-toc-link ez-toc-heading-4\" href=\"https:\/\/oddsium.com\/pe\/apuestas-deportivas\/futbol\/#%e2%9c%85liga-1-peru\" >\u2705Liga 1 Per\u00fa<\/a><\/li><li class='ez-toc-page-1 ez-toc-heading-level-3'><a class=\"ez-toc-link ez-toc-heading-5\" href=\"https:\/\/oddsium.com\/pe\/apuestas-deportivas\/futbol\/#%e2%9c%85copa-libertadores\" >\u2705Copa Libertadores<\/a><\/li><li class='ez-toc-page-1 ez-toc-heading-level-3'><a class=\"ez-toc-link ez-toc-heading-6\" href=\"https:\/\/oddsium.com\/pe\/apuestas-deportivas\/futbol\/#%e2%9c%85premier-league-inglaterra\" >\u2705Premier League (Inglaterra)<\/a><\/li><li class='ez-toc-page-1 ez-toc-heading-level-3'><a class=\"ez-toc-link ez-toc-heading-7\" href=\"https:\/\/oddsium.com\/pe\/apuestas-deportivas\/futbol\/#%e2%9c%85la-liga-espana\" >\u2705La Liga (Espa\u00f1a)<\/a><\/li><li class='ez-toc-page-1 ez-toc-heading-level-3'><a class=\"ez-toc-link ez-toc-heading-8\" href=\"https:\/\/oddsium.com\/pe\/apuestas-deportivas\/futbol\/#%e2%9c%85liga-de-campeones-liga-de-campeones\" >\u2705Liga de Campeones (Liga de Campeones)<\/a><\/li><li class='ez-toc-page-1 ez-toc-heading-level-3'><a class=\"ez-toc-link ez-toc-heading-9\" href=\"https:\/\/oddsium.com\/pe\/apuestas-deportivas\/futbol\/#%e2%9c%85bundesliga-alemania\" >\u2705Bundesliga (Alemania)<\/a><\/li><li class='ez-toc-page-1 ez-toc-heading-level-3'><a class=\"ez-toc-link ez-toc-heading-10\" href=\"https:\/\/oddsium.com\/pe\/apuestas-deportivas\/futbol\/#%e2%9c%85serie-a-italia\" >\u2705Serie A (Italia)<\/a><\/li><li class='ez-toc-page-1 ez-toc-heading-level-3'><a class=\"ez-toc-link ez-toc-heading-11\" href=\"https:\/\/oddsium.com\/pe\/apuestas-deportivas\/futbol\/#%e2%9c%85ligue-1-francia\" >\u2705Ligue 1 (Francia)<\/a><\/li><\/ul><\/li><li class='ez-toc-page-1 ez-toc-heading-level-2'><a class=\"ez-toc-link ez-toc-heading-12\" href=\"https:\/\/oddsium.com\/pe\/apuestas-deportivas\/futbol\/#estrategias-para-apostar-con-inteligencia\" >Estrategias para apostar con inteligencia&nbsp;<\/a><\/li><li class='ez-toc-page-1 ez-toc-heading-level-2'><a class=\"ez-toc-link ez-toc-heading-13\" href=\"https:\/\/oddsium.com\/pe\/apuestas-deportivas\/futbol\/#promociones-que-no-puedes-dejar-pasar-en-partidos-de-futbol\" >Promociones que no puedes dejar pasar en partidos de f\u00fatbol&nbsp;<\/a><\/li><li class='ez-toc-page-1 ez-toc-heading-level-2'><a class=\"ez-toc-link ez-toc-heading-14\" href=\"https:\/\/oddsium.com\/pe\/apuestas-deportivas\/futbol\/#oddsium-tu-brujula-en-el-universo-de-las-apuestas\" >Oddsium: Tu br\u00fajula en el universo de las apuestas&nbsp;<\/a><\/li><li class='ez-toc-page-1 ez-toc-heading-level-2'><a class=\"ez-toc-link ez-toc-heading-15\" href=\"https:\/\/oddsium.com\/pe\/apuestas-deportivas\/futbol\/#conclusion\" >Conclusi\u00f3n<\/a><\/li><\/ul><\/nav><\/div>\n<h2 class=\"wp-block-heading\"><span class=\"ez-toc-section\" id=\"mejores-plataformas-para-apuestas-en-futbol-en-peru\"><\/span><strong>Mejores plataformas para apuestas en f\u00fatbol en Per\u00fa&nbsp;<\/strong><span class=\"ez-toc-section-end\"><\/span><\/h2>\n\n\n\n<p>Apostar en Per\u00fa significa elegir entre casas de apuestas con diferentes niveles de calidad y oferta. Adem\u00e1s, algunas destacan m\u00e1s que otras por sus variadas funciones. Aqu\u00ed te dejamos las m\u00e1s recomendadas para que las explores:<\/p>\n\n\n\n<figure class=\"wp-block-table\"><table class=\"has-fixed-layout\"><tbody><tr><td><strong>Plataforma<\/strong><\/td><td><strong>Categor\u00eda<\/strong><\/td><td><strong>Oferta destacada<\/strong><\/td><td><strong>Ventajas principales<\/strong><\/td><\/tr><tr><td><strong>Bet365<\/strong><\/td><td>Cuotas competitivas en grandes juegos y cl\u00e1sicos.<\/td><td>Bono de bienvenida hasta S\/500<\/td><td>Streaming en vivo, cash out, amplia variedad de mercados<\/td><\/tr><tr><td><strong>Inkabet<\/strong><\/td><td>Promociones para Liga 1 y cl\u00e1sicos locales.<\/td><td>Bono del 50% hasta S\/400<\/td><td>Enfoque peruano, m\u00e9todos locales (Yape, Plin), cuotas competitivas<\/td><\/tr><tr><td><strong>Betsson<\/strong><\/td><td>Mercados variados y promociones en eventos internacionales.<\/td><td>Apuesta gratis de S\/50<\/td><td>Plataforma intuitiva, promociones constantes, soporte local.<\/td><\/tr><tr><td><strong>Betsafe<\/strong><\/td><td>Apuestas en vivo jugosas en grandes cl\u00e1sicos internacionales<\/td><td>Bono de bienvenida hasta S\/70<\/td><td>App m\u00f3vil, streaming, atenci\u00f3n al cliente r\u00e1pida<\/td><\/tr><\/tbody><\/table><\/figure>\n\n\n\n<p><em>\ud83d\udccc Las cuotas y promociones cambian a cada instante; con Oddsium siempre estar\u00e1s un paso adelante.<\/em><\/p>\n\n\n\n<h2 class=\"wp-block-heading\"><span class=\"ez-toc-section\" id=\"mercados-de-apuestas-para-aprovechar-en-futbol\"><\/span><strong>Mercados de apuestas para aprovechar en f\u00fatbol&nbsp;<\/strong><span class=\"ez-toc-section-end\"><\/span><\/h2>\n\n\n\n<p>El f\u00fatbol es impredecible y por eso las apuestas han evolucionado con mercados para todos los gustos. En Per\u00fa, los apostadores disfrutan de opciones como:<\/p>\n\n\n\n<p>\ud83c\udfc6<strong>Resultado final (1X2)<\/strong>: Apuesta por el ganador o el empate, la opci\u00f3n cl\u00e1sica y segura.<\/p>\n\n\n\n<p>\u26bd\ufe0f<strong>Goles totales (m\u00e1s\/menos)<\/strong>: \u00bfHabr\u00e1 muchos goles o pocos? T\u00fa eliges la emoci\u00f3n.<\/p>\n\n\n\n<p>\ud83e\udd45<strong>Marcador exacto:<\/strong> Para quienes se animan a predecir el resultado exacto del partido.<\/p>\n\n\n\n<p><strong>\ud83c\udfaf<\/strong><strong>Apuestas especiales:<\/strong> Tarjetas, c\u00f3rners, penales y hasta qui\u00e9n anotar\u00e1 el pr\u00f3ximo gol.<\/p>\n\n\n\n<p>\ud83d\udd17<strong>Combinadas o parlays:<\/strong> Une varias apuestas y multiplica tus ganancias f\u00e1cilmente.<\/p>\n\n\n\n<p>\u23f1\ufe0f<strong>En vivo:<\/strong> Ajusta tu apuesta mientras el partido se desarrolla en tiempo real.<\/p>\n\n\n\n<p><em>\ud83d\udccc Siempre encontrar\u00e1s an\u00e1lisis de estos mercados en Oddsium con cuotas actualizadas para que apuestes siempre con la mejor opci\u00f3n.<\/em><\/p>\n\n\n\n<h2 class=\"wp-block-heading\"><span class=\"ez-toc-section\" id=\"torneos-que-mueven-mas-apuestas-en-peru\"><\/span><strong>Torneos que mueven m\u00e1s apuestas en Per\u00fa&nbsp;<\/strong><span class=\"ez-toc-section-end\"><\/span><\/h2>\n\n\n\n<p>Estas son las ligas que m\u00e1s llaman la atenci\u00f3n de los apostadores peruanos:<\/p>\n\n\n\n<h3 class=\"wp-block-heading\"><span class=\"ez-toc-section\" id=\"%e2%9c%85liga-1-peru\"><\/span><strong>\u2705Liga 1 Per\u00fa<\/strong><span class=\"ez-toc-section-end\"><\/span><\/h3>\n\n\n\n<p>El torneo principal del f\u00fatbol peruano, con partidos intensos y gran pasi\u00f3n local.<\/p>\n\n\n\n<h3 class=\"wp-block-heading\"><span class=\"ez-toc-section\" id=\"%e2%9c%85copa-libertadores\"><\/span><strong>\u2705Copa Libertadores<\/strong><span class=\"ez-toc-section-end\"><\/span><\/h3>\n\n\n\n<p>La m\u00e1xima competici\u00f3n sudamericana, llena de rivalidades y emoci\u00f3n.<\/p>\n\n\n\n<h3 class=\"wp-block-heading\"><span class=\"ez-toc-section\" id=\"%e2%9c%85premier-league-inglaterra\"><\/span><strong>\u2705Premier League (Inglaterra)<\/strong><span class=\"ez-toc-section-end\"><\/span><\/h3>\n\n\n\n<p>Una de las ligas m\u00e1s demandantes y seguidas del mundo, con ritmo y calidad.<\/p>\n\n\n\n<h3 class=\"wp-block-heading\"><span class=\"ez-toc-section\" id=\"%e2%9c%85la-liga-espana\"><\/span><strong>\u2705La Liga (Espa\u00f1a)<\/strong><span class=\"ez-toc-section-end\"><\/span><\/h3>\n\n\n\n<p>Famosa por sus cl\u00e1sicos y estrellas internacionales, combina t\u00e9cnica y espect\u00e1culo.<\/p>\n\n\n\n<h3 class=\"wp-block-heading\"><span class=\"ez-toc-section\" id=\"%e2%9c%85liga-de-campeones-liga-de-campeones\"><\/span><strong>\u2705Liga de Campeones (Liga de Campeones)<\/strong><span class=\"ez-toc-section-end\"><\/span><\/h3>\n\n\n\n<p>El torneo europeo m\u00e1s prestigioso, con los mejores clubes y muchas opciones de apuesta.<\/p>\n\n\n\n<h3 class=\"wp-block-heading\"><span class=\"ez-toc-section\" id=\"%e2%9c%85bundesliga-alemania\"><\/span><strong>\u2705Bundesliga (Alemania)<\/strong><span class=\"ez-toc-section-end\"><\/span><\/h3>\n\n\n\n<p>F\u00fatbol ofensivo y estadios llenos, con grandes talentos y tradici\u00f3n.<\/p>\n\n\n\n<h3 class=\"wp-block-heading\"><span class=\"ez-toc-section\" id=\"%e2%9c%85serie-a-italia\"><\/span><strong>\u2705Serie A (Italia)<\/strong><span class=\"ez-toc-section-end\"><\/span><\/h3>\n\n\n\n<p>Liga t\u00e1ctica y defensiva, con clubes hist\u00f3ricos y gran competitividad.<\/p>\n\n\n\n<h3 class=\"wp-block-heading\"><span class=\"ez-toc-section\" id=\"%e2%9c%85ligue-1-francia\"><\/span><strong>\u2705Ligue 1 (Francia)<\/strong><span class=\"ez-toc-section-end\"><\/span><\/h3>\n\n\n\n<p>Cuna de j\u00f3venes talentos y estrellas internacionales, con alto nivel competitivo.<\/p>\n\n\n\n<p>Conocer estos torneos te ayuda a elegir d\u00f3nde apostar y cu\u00e1ndo aprovechar las mejores cuotas y promociones.<\/p>\n\n\n\n<h2 class=\"wp-block-heading\"><span class=\"ez-toc-section\" id=\"estrategias-para-apostar-con-inteligencia\"><\/span><strong>Estrategias para apostar con inteligencia&nbsp;<\/strong><span class=\"ez-toc-section-end\"><\/span><\/h2>\n\n\n\n<figure class=\"wp-block-image size-large\"><img loading=\"lazy\" decoding=\"async\" width=\"1024\" height=\"726\" src=\"https:\/\/oddsium.com\/pe\/wp-content\/uploads\/sites\/6\/2025\/09\/atleta-jugando-al-futbol-en-Peru-1-1024x726.jpg\" alt=\"\" class=\"wp-image-738\" srcset=\"https:\/\/oddsium.com\/pe\/wp-content\/uploads\/sites\/6\/2025\/09\/atleta-jugando-al-futbol-en-Peru-1-1024x726.jpg 1024w, https:\/\/oddsium.com\/pe\/wp-content\/uploads\/sites\/6\/2025\/09\/atleta-jugando-al-futbol-en-Peru-1-300x213.jpg 300w, https:\/\/oddsium.com\/pe\/wp-content\/uploads\/sites\/6\/2025\/09\/atleta-jugando-al-futbol-en-Peru-1-768x545.jpg 768w, https:\/\/oddsium.com\/pe\/wp-content\/uploads\/sites\/6\/2025\/09\/atleta-jugando-al-futbol-en-Peru-1-1536x1090.jpg 1536w, https:\/\/oddsium.com\/pe\/wp-content\/uploads\/sites\/6\/2025\/09\/atleta-jugando-al-futbol-en-Peru-1.jpg 1748w\" sizes=\"auto, (max-width: 1024px) 100vw, 1024px\" \/><\/figure>\n\n\n\n<p>No se trata solo de suerte, sino de saber c\u00f3mo usar la informaci\u00f3n a tu favor. Aqu\u00ed algunos consejos para mejorar tus apuestas:<\/p>\n\n\n\n<ul class=\"wp-block-list\">\n<li>Consulta datos esenciales como goles, \u00faltimos resultados y desempe\u00f1o en casa o fuera.<\/li>\n\n\n\n<li>F\u00edjate en la plantilla y sus lesionados o sancionados, esto te dar\u00e1 luces.<\/li>\n\n\n\n<li>Revisa las formaciones y posibles cambios t\u00e1cticos.<\/li>\n\n\n\n<li>Considere el clima, el estado del campo y el \u00e1rbitro.<\/li>\n<\/ul>\n\n\n\n<h2 class=\"wp-block-heading\"><span class=\"ez-toc-section\" id=\"promociones-que-no-puedes-dejar-pasar-en-partidos-de-futbol\"><\/span><strong>Promociones que no puedes dejar pasar en partidos de f\u00fatbol&nbsp;<\/strong><span class=\"ez-toc-section-end\"><\/span><\/h2>\n\n\n\n<p>Las casas de apuestas en Per\u00fa suelen lanzar ofertas especiales para los partidos m\u00e1s esperados. Algunas de las m\u00e1s comunes son:<\/p>\n\n\n\n<p><strong>\ud83d\udd38Bonos de bienvenida:<\/strong> Dinero extra para empezar a apostar sin miedo.<\/p>\n\n\n\n<p><strong>\ud83d\udd38Apuestas gratis:<\/strong> Para probar sin arriesgar tu plata.<\/p>\n\n\n\n<p><strong>\ud83d\udd38Cuotas mejoradas:<\/strong> Montos m\u00e1s altos para aumentar el margen de ganancias.<\/p>\n\n\n\n<p><strong>\ud83d\udd38Cashout:<\/strong> Retira tu apuesta antes del final del partido para garantizar ganancias o reducir posibles p\u00e9rdidas.<\/p>\n\n\n\n<p><strong>\ud83d\udd38Devoluci\u00f3n en caso de empate:<\/strong> Recupera tu apuesta si el partido termina igualado.<\/p>\n\n\n\n<h2 class=\"wp-block-heading\"><span class=\"ez-toc-section\" id=\"oddsium-tu-brujula-en-el-universo-de-las-apuestas\"><\/span><strong>Oddsium: Tu br\u00fajula en el universo de las apuestas&nbsp;<\/strong><span class=\"ez-toc-section-end\"><\/span><\/h2>\n\n\n\n<p>Lo que hace \u00fanica a la plataforma de Oddsium es su enfoque en el apostador peruano. Su plataforma te ofrece:<\/p>\n\n\n\n<ol class=\"wp-block-list\">\n<li>Comparaci\u00f3n en tiempo real de cuotas entre las mejores casas de apuestas con <a href=\"https:\/\/apuestasdeportivas.mincetur.gob.pe\/\" title=\"\">licencia MINCETUR<\/a>.<\/li>\n\n\n\n<li>Alertas y notificaciones sobre promociones.<\/li>\n\n\n\n<li>Acceso r\u00e1pido a an\u00e1lisis y <a href=\"https:\/\/oddsium.com\/pe\/betting-predictions\/\" title=\"\">pron\u00f3sticos de apuestas en Per\u00fa<\/a> hecho por expertos.<\/li>\n\n\n\n<li>Interfaz amigable para apostar desde el celular o la computadora.<\/li>\n<\/ol>\n\n\n\n<p>\ud83d\udce3<em>Con Oddsium, la experiencia de apostar en el f\u00fatbol se vuelve m\u00e1s clara, segura y rentable.<\/em><\/p>\n\n\n\n<h2 class=\"wp-block-heading\"><span class=\"ez-toc-section\" id=\"conclusion\"><\/span><strong>Conclusi\u00f3n<\/strong><span class=\"ez-toc-section-end\"><\/span><\/h2>\n\n\n\n<p>Las apuestas en f\u00fatbol en Per\u00fa est\u00e1n m\u00e1s vivas que nunca y con Oddsium tienes la mejor herramienta para sacar toda la ventaja posible. Desde elegir la plataforma ideal, conocer mercados y torneos m\u00e1s calientes, hasta aprovechar los <a href=\"https:\/\/oddsium.com\/pe\/casas-de-apuestas\/mejores-bonos-de-apuestas-online-en-peru\/\" title=\"\">mejores bonos de apuestas online en Per\u00fa<\/a> para ganar m\u00e1s dinero. Todo est\u00e1 a tu alcance.<\/p>\n","protected":false},"excerpt":{"rendered":"<p>El f\u00fatbol logra algo m\u00e1gico: une a todos, desde barrios hasta grandes estadios sin distinci\u00f3n. Las apuestas en f\u00fatbol crecen cada d\u00eda entre personas que buscan vivir cada partido con m\u00e1s emoci\u00f3n. No solo se apuesta a un equipo como ganador, sino a cientos de mercados especiales y estad\u00edsticas detalladas. Adem\u00e1s, si quieres ganar debes [&hellip;]<\/p>\n","protected":false},"author":8,"featured_media":402,"parent":88,"menu_order":0,"comment_status":"closed","ping_status":"closed","template":"sports.php","meta":{"_acf_changed":false,"om_disable_all_campaigns":false,"footnotes":""},"class_list":["post-189","page","type-page","status-publish","has-post-thumbnail","hentry"],"acf":[],"aioseo_notices":[],"_links":{"self":[{"href":"https:\/\/oddsium.com\/pe\/wp-json\/wp\/v2\/pages\/189","targetHints":{"allow":["GET"]}}],"collection":[{"href":"https:\/\/oddsium.com\/pe\/wp-json\/wp\/v2\/pages"}],"about":[{"href":"https:\/\/oddsium.com\/pe\/wp-json\/wp\/v2\/types\/page"}],"author":[{"embeddable":true,"href":"https:\/\/oddsium.com\/pe\/wp-json\/wp\/v2\/users\/8"}],"replies":[{"embeddable":true,"href":"https:\/\/oddsium.com\/pe\/wp-json\/wp\/v2\/comments?post=189"}],"version-history":[{"count":0,"href":"https:\/\/oddsium.com\/pe\/wp-json\/wp\/v2\/pages\/189\/revisions"}],"up":[{"embeddable":true,"href":"https:\/\/oddsium.com\/pe\/wp-json\/wp\/v2\/pages\/88"}],"wp:featuredmedia":[{"embeddable":true,"href":"https:\/\/oddsium.com\/pe\/wp-json\/wp\/v2\/media\/402"}],"wp:attachment":[{"href":"https:\/\/oddsium.com\/pe\/wp-json\/wp\/v2\/media?parent=189"}],"curies":[{"name":"wp","href":"https:\/\/api.w.org\/{rel}","templated":true}]}}