{"id":191,"date":"2025-05-17T15:01:34","date_gmt":"2025-05-17T15:01:34","guid":{"rendered":"https:\/\/oddsium.wpenginepowered.com\/pe\/?page_id=191"},"modified":"2026-03-18T07:39:38","modified_gmt":"2026-03-18T12:39:38","slug":"beisbol","status":"publish","type":"page","link":"https:\/\/oddsium.com\/pe\/apuestas-deportivas\/beisbol\/","title":{"rendered":"Apuestas en B\u00e9isbol"},"content":{"rendered":"\n<p>En el b\u00e9isbol, cualquier lanzamiento o jugada tiene el poder de modificar el resultado del encuentro. Esto hace que la estrategia sea fundamental para apostar con \u00e9xito. Los lanzadores alternan distintos tipos de lanzamientos para confundir a sus rivales. Por su parte, los ofensivos usan t\u00e1cticas como el \u201cbunt\u201d o el \u201chit-and-run\u201d para avanzar corredores. Estas t\u00e9cnicas presionan a la defensa y crean oportunidades. Ligas como la MLB, NPB, KBO y campeonatos latinoamericanos ofrecen acci\u00f3n diaria. Por eso, cada vez m\u00e1s aficionados peruanos se suman a esta pasi\u00f3n. Lo hacen atra\u00eddos por la emoci\u00f3n y la posibilidad de ganar con an\u00e1lisis y estrategia.<\/p>\n\n\n\n<p>En Oddsium, sabemos que apostar en b\u00e9isbol no es tarea sencilla, por eso te ayudamos con toda la informaci\u00f3n que necesitas.&nbsp;<\/p>\n\n\n\n<div id=\"ez-toc-container\" class=\"ez-toc-v2_0_81 counter-hierarchy ez-toc-counter ez-toc-grey ez-toc-container-direction\">\n<div class=\"ez-toc-title-container\">\n<p class=\"ez-toc-title\" style=\"cursor:inherit\">Table of Contents<\/p>\n<span class=\"ez-toc-title-toggle\"><a href=\"#\" class=\"ez-toc-pull-right ez-toc-btn ez-toc-btn-xs ez-toc-btn-default ez-toc-toggle\" aria-label=\"Toggle Table of Content\"><span class=\"ez-toc-js-icon-con\"><span class=\"\"><span class=\"eztoc-hide\" style=\"display:none;\">Toggle<\/span><span class=\"ez-toc-icon-toggle-span\"><svg style=\"fill: #999;color:#999\" xmlns=\"http:\/\/www.w3.org\/2000\/svg\" class=\"list-377408\" width=\"20px\" height=\"20px\" viewBox=\"0 0 24 24\" fill=\"none\"><path d=\"M6 6H4v2h2V6zm14 0H8v2h12V6zM4 11h2v2H4v-2zm16 0H8v2h12v-2zM4 16h2v2H4v-2zm16 0H8v2h12v-2z\" fill=\"currentColor\"><\/path><\/svg><svg style=\"fill: #999;color:#999\" class=\"arrow-unsorted-368013\" xmlns=\"http:\/\/www.w3.org\/2000\/svg\" width=\"10px\" height=\"10px\" viewBox=\"0 0 24 24\" version=\"1.2\" baseProfile=\"tiny\"><path d=\"M18.2 9.3l-6.2-6.3-6.2 6.3c-.2.2-.3.4-.3.7s.1.5.3.7c.2.2.4.3.7.3h11c.3 0 .5-.1.7-.3.2-.2.3-.5.3-.7s-.1-.5-.3-.7zM5.8 14.7l6.2 6.3 6.2-6.3c.2-.2.3-.5.3-.7s-.1-.5-.3-.7c-.2-.2-.4-.3-.7-.3h-11c-.3 0-.5.1-.7.3-.2.2-.3.5-.3.7s.1.5.3.7z\"\/><\/svg><\/span><\/span><\/span><\/a><\/span><\/div>\n<nav><ul class='ez-toc-list ez-toc-list-level-1 ' ><li class='ez-toc-page-1 ez-toc-heading-level-2'><a class=\"ez-toc-link ez-toc-heading-1\" href=\"https:\/\/oddsium.com\/pe\/apuestas-deportivas\/beisbol\/#beisbol-global-las-ligas-que-atraen-a-millones-de-apostadores\" >B\u00e9isbol global: las ligas que atraen a millones de apostadores<\/a><ul class='ez-toc-list-level-3' ><li class='ez-toc-heading-level-3'><a class=\"ez-toc-link ez-toc-heading-2\" href=\"https:\/\/oddsium.com\/pe\/apuestas-deportivas\/beisbol\/#mlb-liga-mayor-de-beisbol-eeuu\" >MLB (Liga Mayor de B\u00e9isbol, EE.UU.)<\/a><\/li><li class='ez-toc-page-1 ez-toc-heading-level-3'><a class=\"ez-toc-link ez-toc-heading-3\" href=\"https:\/\/oddsium.com\/pe\/apuestas-deportivas\/beisbol\/#npb-liga-japonesa-de-beisbol-profesional\" >NPB (Liga Japonesa de B\u00e9isbol Profesional)<\/a><\/li><li class='ez-toc-page-1 ez-toc-heading-level-3'><a class=\"ez-toc-link ez-toc-heading-4\" href=\"https:\/\/oddsium.com\/pe\/apuestas-deportivas\/beisbol\/#kbo-organizacion-coreana-de-beisbol-corea-del-sur\" >KBO (Organizaci\u00f3n Coreana de B\u00e9isbol, Corea del Sur)<\/a><\/li><li class='ez-toc-page-1 ez-toc-heading-level-3'><a class=\"ez-toc-link ez-toc-heading-5\" href=\"https:\/\/oddsium.com\/pe\/apuestas-deportivas\/beisbol\/#campeonato-latinoamericano\" >Campeonato Latinoamericano<\/a><\/li><\/ul><\/li><li class='ez-toc-page-1 ez-toc-heading-level-2'><a class=\"ez-toc-link ez-toc-heading-6\" href=\"https:\/\/oddsium.com\/pe\/apuestas-deportivas\/beisbol\/#aprende-a-apostar-en-beisbol-mercados-y-consejos-basicos\" >Aprende a apostar en b\u00e9isbol: mercados y consejos b\u00e1sicos<\/a><\/li><li class='ez-toc-page-1 ez-toc-heading-level-2'><a class=\"ez-toc-link ez-toc-heading-7\" href=\"https:\/\/oddsium.com\/pe\/apuestas-deportivas\/beisbol\/#el-secreto-para-apostar-con-valor-en-beisbol-y-ganar-mas\" >El secreto para apostar con valor en b\u00e9isbol y ganar m\u00e1s<\/a><\/li><li class='ez-toc-page-1 ez-toc-heading-level-2'><a class=\"ez-toc-link ez-toc-heading-8\" href=\"https:\/\/oddsium.com\/pe\/apuestas-deportivas\/beisbol\/#top-de-plataformas-para-apostar-en-peru-este-2025\" >Top de plataformas para apostar en Per\u00fa este 2025<\/a><\/li><li class='ez-toc-page-1 ez-toc-heading-level-2'><a class=\"ez-toc-link ez-toc-heading-9\" href=\"https:\/\/oddsium.com\/pe\/apuestas-deportivas\/beisbol\/#%c2%bfpor-que-apostar-en-beisbol-es-una-buena-idea-para-los-peruanos\" >\u00bfPor qu\u00e9 apostar en b\u00e9isbol es una buena idea para los peruanos?<\/a><\/li><li class='ez-toc-page-1 ez-toc-heading-level-2'><a class=\"ez-toc-link ez-toc-heading-10\" href=\"https:\/\/oddsium.com\/pe\/apuestas-deportivas\/beisbol\/#conclusion\" >Conclusi\u00f3n&nbsp;<\/a><\/li><\/ul><\/nav><\/div>\n<h2 class=\"wp-block-heading\"><span class=\"ez-toc-section\" id=\"beisbol-global-las-ligas-que-atraen-a-millones-de-apostadores\"><\/span><strong>B\u00e9isbol global: las ligas que atraen a millones de apostadores<\/strong><span class=\"ez-toc-section-end\"><\/span><\/h2>\n\n\n\n<p>El b\u00e9isbol es un fen\u00f3meno global con ligas que atraen a muchas personas, no solo a apostadores. Conocerlas te ayudar\u00e1 a entender mejor d\u00f3nde es m\u00e1s rentable poner tu dinero:<\/p>\n\n\n\n<h3 class=\"wp-block-heading\"><span class=\"ez-toc-section\" id=\"mlb-liga-mayor-de-beisbol-eeuu\"><\/span><strong>MLB (Liga Mayor de B\u00e9isbol, EE.UU.)<\/strong><span class=\"ez-toc-section-end\"><\/span><\/h3>\n\n\n\n<p>La MLB es la liga m\u00e1s prestigiosa y competitiva del mundo, con 30 equipos que disputan 162 partidos por temporada. Su calendario intenso ofrece acci\u00f3n diaria constante, ideal para apuestas frecuentes y an\u00e1lisis detallados.<\/p>\n\n\n\n<h3 class=\"wp-block-heading\"><span class=\"ez-toc-section\" id=\"npb-liga-japonesa-de-beisbol-profesional\"><\/span><strong>NPB (Liga Japonesa de B\u00e9isbol Profesional)<\/strong><span class=\"ez-toc-section-end\"><\/span><\/h3>\n\n\n\n<p>La NPB tiene 12 equipos que juegan cerca de 143 partidos anuales, con un estilo t\u00e9cnico y estrat\u00e9gico que atrae a apostadores.<\/p>\n\n\n\n<h3 class=\"wp-block-heading\"><span class=\"ez-toc-section\" id=\"kbo-organizacion-coreana-de-beisbol-corea-del-sur\"><\/span><strong>KBO (Organizaci\u00f3n Coreana de B\u00e9isbol, Corea del Sur)<\/strong><span class=\"ez-toc-section-end\"><\/span><\/h3>\n\n\n\n<p>La KBO cuenta con 10 equipos y 144 partidos por temporada, caracteriz\u00e1ndose por juegos ofensivos y resultados impredecibles, perfectos para buscar valor.<\/p>\n\n\n\n<h3 class=\"wp-block-heading\"><span class=\"ez-toc-section\" id=\"campeonato-latinoamericano\"><\/span><strong>Campeonato Latinoamericano<\/strong><span class=\"ez-toc-section-end\"><\/span><\/h3>\n\n\n\n<p>Este torneo re\u00fane a equipos de ligas de Latinoam\u00e9rica, ofreciendo competencia intensa y oportunidades de apuesta durante la temporada baja.<\/p>\n\n\n\n<h2 class=\"wp-block-heading\"><span class=\"ez-toc-section\" id=\"aprende-a-apostar-en-beisbol-mercados-y-consejos-basicos\"><\/span><strong>Aprende a apostar en b\u00e9isbol: mercados y consejos b\u00e1sicos<\/strong><span class=\"ez-toc-section-end\"><\/span><\/h2>\n\n\n\n<p>Antes de comenzar a apostar, es fundamental entender los mercados m\u00e1s populares y c\u00f3mo funcionan. Aqu\u00ed te presentamos los tipos de apuestas que se usan con mayor frecuencia para maximizar sus oportunidades de \u00e9xito:&nbsp;<\/p>\n\n\n\n<figure class=\"wp-block-table\"><table class=\"has-fixed-layout\"><tbody><tr><td><strong>Mercado<\/strong><strong><\/strong><\/td><td><strong>\u00bfQu\u00e9 significa?<\/strong><strong><\/strong><\/td><td><strong>Consejo clave<\/strong><\/td><\/tr><tr><td><strong>Moneyline (L\u00ednea de dinero)<\/strong><\/td><td>Apuesta al ganador del partido. Ten en cuenta el bullpen.<\/td><td>Eval\u00faa a los lanzadores que entran de relevo.<\/td><\/tr><tr><td><strong>Total de carreras (Over\/Under)<\/strong><\/td><td>Predice el total de carreras determinando n\u00famero de anotaciones. Influye mucho el picheo.<\/td><td>Analiza el rendimiento de los lanzadores y la ofensiva de ambos equipos.<\/td><\/tr><tr><td><strong>Run Line (H\u00e1ndicap de carreras -1,5\/+1,5)<\/strong><\/td><td>Similar a un h\u00e1ndicap: el favorito debe ganar por m\u00e1s de 1,5 carreras para cubrir la apuesta.<\/td><td>Consigue mejores cuotas cuando conf\u00edas en un equipo favorito fuerte.<\/td><\/tr><tr><td><strong>Estad\u00edsticas de jugadores<\/strong><\/td><td>Apuestas a hits, jonrones, ponches y m\u00e1s.<\/td><td>Aprovecha datos individuales de jugadores clave.<\/td><\/tr><tr><td><strong>Primeras 5 entradas<\/strong><\/td><td>Apuestas solo en la primera mitad del juego, basado en el rendimiento del lanzador abridor.<\/td><td>Reduce riesgos al enfocarte en el desempe\u00f1o inicial, ignorando el bullpen.<\/td><\/tr><tr><td><strong>Apuestas en vivo<\/strong><\/td><td>Probabilidades que cambian lanzamiento a lanzamiento.&nbsp;<\/td><td>Saca ventaja de cambios inesperados durante el partido.<\/td><\/tr><\/tbody><\/table><\/figure>\n\n\n\n<p><em>\ud83d\udccc Estos mercados son la base para apostar con sentido com\u00fan y aprovechar las mejores cuotas.<\/em><\/p>\n\n\n\n<h2 class=\"wp-block-heading\"><span class=\"ez-toc-section\" id=\"el-secreto-para-apostar-con-valor-en-beisbol-y-ganar-mas\"><\/span><strong>El secreto para apostar con valor en b\u00e9isbol y ganar m\u00e1s<\/strong><span class=\"ez-toc-section-end\"><\/span><\/h2>\n\n\n\n<figure class=\"wp-block-image size-large\"><img loading=\"lazy\" decoding=\"async\" width=\"1024\" height=\"726\" src=\"https:\/\/oddsium.com\/pe\/wp-content\/uploads\/sites\/6\/2025\/09\/pelota-en-campo-de-beisbol-en-Peru-1024x726.jpg\" alt=\"\" class=\"wp-image-696\" srcset=\"https:\/\/oddsium.com\/pe\/wp-content\/uploads\/sites\/6\/2025\/09\/pelota-en-campo-de-beisbol-en-Peru-1024x726.jpg 1024w, https:\/\/oddsium.com\/pe\/wp-content\/uploads\/sites\/6\/2025\/09\/pelota-en-campo-de-beisbol-en-Peru-300x213.jpg 300w, https:\/\/oddsium.com\/pe\/wp-content\/uploads\/sites\/6\/2025\/09\/pelota-en-campo-de-beisbol-en-Peru-768x545.jpg 768w, https:\/\/oddsium.com\/pe\/wp-content\/uploads\/sites\/6\/2025\/09\/pelota-en-campo-de-beisbol-en-Peru-1536x1090.jpg 1536w, https:\/\/oddsium.com\/pe\/wp-content\/uploads\/sites\/6\/2025\/09\/pelota-en-campo-de-beisbol-en-Peru.jpg 1748w\" sizes=\"auto, (max-width: 1024px) 100vw, 1024px\" \/><\/figure>\n\n\n\n<p>El secreto para hacer apuestas en b\u00e9isbol no est\u00e1 en la pasi\u00f3n por el equipo, sino en entender los n\u00fameros detr\u00e1s del juego. Presta atenci\u00f3n a esto:&nbsp;&nbsp;<\/p>\n\n\n\n<p>\ud83d\udd25 <strong>Bullpen:<\/strong> Pueden cambiar la historia en las entradas finales. No lo subestimes.<\/p>\n\n\n\n<p>\ud83c\udf24\ufe0f <strong>Clima: <\/strong>Influye mucho la humedad, el viento y la altitud, estos pueden modificar la cantidad de carreras anotadas.<\/p>\n\n\n\n<p>\u26be <strong>Lanzadores:<\/strong> son los verdaderos jefes del partido. Su desempe\u00f1o puede definirlo todo.<\/p>\n\n\n\n<p>\ud83c\udfdf\ufe0f <strong>Estadio:<\/strong> Cada uno tiene su propia personalidad, algunos favorecen los jonrones, mientras que en otros es mucho m\u00e1s dif\u00edcil conectar buenos batazos.<\/p>\n\n\n\n<p>\u231b<strong>Tiempo de juego:<\/strong> La fatiga por la larga temporada de 162 partidos afecta a los jugadores, especialmente a los lanzadores.<\/p>\n\n\n\n<h2 class=\"wp-block-heading\"><span class=\"ez-toc-section\" id=\"top-de-plataformas-para-apostar-en-peru-este-2025\"><\/span><strong>Top de plataformas para apostar en Per\u00fa este 2025<\/strong><span class=\"ez-toc-section-end\"><\/span><\/h2>\n\n\n\n<p>Elegir una plataforma confiable puede ser el punto determinante que te hace falta para sacar m\u00e1s ganancias de tus apuestas en b\u00e9isbol. Estas opciones son reconocidas y tienen<a href=\"https:\/\/apuestasdeportivas.mincetur.gob.pe\/\" title=\"\"> licencia MINCETUR <\/a>en Per\u00fa.<\/p>\n\n\n\n<figure class=\"wp-block-table\"><table class=\"has-fixed-layout\"><tbody><tr><td><strong>Plataforma<\/strong><\/td><td><strong>\u00bfPor qu\u00e9 usarla?<\/strong><\/td><\/tr><tr><td><strong>Betano<\/strong><\/td><td>Amplia cobertura de ligas nacionales e internacionales, apuestas en vivo, mercados variados como run line y promociones espec\u00edficas para b\u00e9isbol.<\/td><\/tr><tr><td><strong>Inkabet<\/strong><\/td><td>Enfoque en b\u00e9isbol con cuotas elevadas, apuestas especiales en jonrones, estad\u00edsticas de jugadores y promociones frecuentes.<\/td><\/tr><tr><td><strong>Betsson<\/strong><\/td><td>Cobertura completa de MLB y ligas internacionales, apuestas prepartido y en vivo, con mercados avanzados.&nbsp;<\/td><\/tr><tr><td><strong>Oddsium<\/strong><\/td><td>Comparador de cuotas que actualiza en tiempo real para ayudarte a encontrar las mejores opciones.<\/td><\/tr><\/tbody><\/table><\/figure>\n\n\n\n<h2 class=\"wp-block-heading\"><span class=\"ez-toc-section\" id=\"%c2%bfpor-que-apostar-en-beisbol-es-una-buena-idea-para-los-peruanos\"><\/span><strong>\u00bfPor qu\u00e9 apostar en b\u00e9isbol es una buena idea para los peruanos?<\/strong><span class=\"ez-toc-section-end\"><\/span><\/h2>\n\n\n\n<p>\u2705Cuenta con una larga temporada regular que se juega casi durante varios meses, lo que te ofrece muchas oportunidades para apostar.<\/p>\n\n\n\n<p>\u2705Su alta previsibilidad estad\u00edstica lo hace ideal para quienes buscan valor real en sus apuestas.<\/p>\n\n\n\n<p>\u2705A diferencia de otros deportes, el b\u00e9isbol no depende de decisiones arbitrales ni del VAR, lo que reduce la incertidumbre<\/p>\n\n\n\n<h2 class=\"wp-block-heading\"><span class=\"ez-toc-section\" id=\"conclusion\"><\/span><strong>Conclusi\u00f3n&nbsp;<\/strong><span class=\"ez-toc-section-end\"><\/span><\/h2>\n\n\n\n<p>Las apuestas en b\u00e9isbol desde Per\u00fa son una oportunidad para quienes buscan combinar estrategia y an\u00e1lisis. La clave est\u00e1 en aprovechar el ritmo del juego y la diversidad de mercados, siempre respaldado por una buena <a href=\"https:\/\/oddsium.com\/pe\/odds\/comparacion-de-las-mejores-cuotas-de-beisbol\/\" title=\"\">comparaci\u00f3n de las mejores cuotas de B\u00e9isbol<\/a>&nbsp;que maximice tus beneficios. <\/p>\n\n\n\n<p>Oddsium facilita este proceso, brind\u00e1ndote acceso a las mejores casas legales con datos actualizados y promociones exclusivas. As\u00ed, cada apuesta se convierte en una jugada inteligente, donde la informaci\u00f3n y el valor real marcan la diferencia.<\/p>\n","protected":false},"excerpt":{"rendered":"<p>En el b\u00e9isbol, cualquier lanzamiento o jugada tiene el poder de modificar el resultado del encuentro. Esto hace que la estrategia sea fundamental para apostar con \u00e9xito. Los lanzadores alternan distintos tipos de lanzamientos para confundir a sus rivales. Por su parte, los ofensivos usan t\u00e1cticas como el \u201cbunt\u201d o el \u201chit-and-run\u201d para avanzar corredores. [&hellip;]<\/p>\n","protected":false},"author":12,"featured_media":351,"parent":88,"menu_order":0,"comment_status":"closed","ping_status":"closed","template":"sports.php","meta":{"_acf_changed":true,"om_disable_all_campaigns":false,"footnotes":""},"class_list":["post-191","page","type-page","status-publish","has-post-thumbnail","hentry"],"acf":[],"aioseo_notices":[],"_links":{"self":[{"href":"https:\/\/oddsium.com\/pe\/wp-json\/wp\/v2\/pages\/191","targetHints":{"allow":["GET"]}}],"collection":[{"href":"https:\/\/oddsium.com\/pe\/wp-json\/wp\/v2\/pages"}],"about":[{"href":"https:\/\/oddsium.com\/pe\/wp-json\/wp\/v2\/types\/page"}],"author":[{"embeddable":true,"href":"https:\/\/oddsium.com\/pe\/wp-json\/wp\/v2\/users\/12"}],"replies":[{"embeddable":true,"href":"https:\/\/oddsium.com\/pe\/wp-json\/wp\/v2\/comments?post=191"}],"version-history":[{"count":2,"href":"https:\/\/oddsium.com\/pe\/wp-json\/wp\/v2\/pages\/191\/revisions"}],"predecessor-version":[{"id":2863,"href":"https:\/\/oddsium.com\/pe\/wp-json\/wp\/v2\/pages\/191\/revisions\/2863"}],"up":[{"embeddable":true,"href":"https:\/\/oddsium.com\/pe\/wp-json\/wp\/v2\/pages\/88"}],"wp:featuredmedia":[{"embeddable":true,"href":"https:\/\/oddsium.com\/pe\/wp-json\/wp\/v2\/media\/351"}],"wp:attachment":[{"href":"https:\/\/oddsium.com\/pe\/wp-json\/wp\/v2\/media?parent=191"}],"curies":[{"name":"wp","href":"https:\/\/api.w.org\/{rel}","templated":true}]}}