{"id":194,"date":"2025-05-19T16:13:03","date_gmt":"2025-05-19T16:13:03","guid":{"rendered":"https:\/\/oddsium.wpenginepowered.com\/pe\/?page_id=194"},"modified":"2026-03-18T07:39:44","modified_gmt":"2026-03-18T12:39:44","slug":"basquet","status":"publish","type":"page","link":"https:\/\/oddsium.com\/pe\/apuestas-deportivas\/basquet\/","title":{"rendered":"Apuestas en B\u00e1squet"},"content":{"rendered":"\n<p>En el b\u00e1squet, los equipos buscan anotar lanzando la pelota a la canasta durante cuatro cuartos de juego. Todos deben crear oportunidades de tiro y defender su territorio, por lo que los partidos suelen ser cerrados y con muchas anotaciones. En Per\u00fa, clubes como Regatas Lima destacan en competencias nacionales y generan gran entusiasmo entre los aficionados. Adem\u00e1s, el inter\u00e9s crece gracias a torneos internacionales como la NBA o la Euroliga, que atraen seguidores en todo el pa\u00eds. Para apostar con \u00e9xito, es fundamental entender la din\u00e1mica del juego y c\u00f3mo cada jugada puede influir en el resultado. Sin duda, esto te permitir\u00e1 tomar decisiones m\u00e1s acertadas.<\/p>\n\n\n\n<p>En Oddsium, ofrecemos informaci\u00f3n precisa y recursos profesionales para que tomes decisiones fundamentadas al hacer apuestas de b\u00e1squet en Per\u00fa.<\/p>\n\n\n\n<div id=\"ez-toc-container\" class=\"ez-toc-v2_0_81 counter-hierarchy ez-toc-counter ez-toc-grey ez-toc-container-direction\">\n<div class=\"ez-toc-title-container\">\n<p class=\"ez-toc-title\" style=\"cursor:inherit\">Table of Contents<\/p>\n<span class=\"ez-toc-title-toggle\"><a href=\"#\" class=\"ez-toc-pull-right ez-toc-btn ez-toc-btn-xs ez-toc-btn-default ez-toc-toggle\" aria-label=\"Toggle Table of Content\"><span class=\"ez-toc-js-icon-con\"><span class=\"\"><span class=\"eztoc-hide\" style=\"display:none;\">Toggle<\/span><span class=\"ez-toc-icon-toggle-span\"><svg style=\"fill: #999;color:#999\" xmlns=\"http:\/\/www.w3.org\/2000\/svg\" class=\"list-377408\" width=\"20px\" height=\"20px\" viewBox=\"0 0 24 24\" fill=\"none\"><path d=\"M6 6H4v2h2V6zm14 0H8v2h12V6zM4 11h2v2H4v-2zm16 0H8v2h12v-2zM4 16h2v2H4v-2zm16 0H8v2h12v-2z\" fill=\"currentColor\"><\/path><\/svg><svg style=\"fill: #999;color:#999\" class=\"arrow-unsorted-368013\" xmlns=\"http:\/\/www.w3.org\/2000\/svg\" width=\"10px\" height=\"10px\" viewBox=\"0 0 24 24\" version=\"1.2\" baseProfile=\"tiny\"><path d=\"M18.2 9.3l-6.2-6.3-6.2 6.3c-.2.2-.3.4-.3.7s.1.5.3.7c.2.2.4.3.7.3h11c.3 0 .5-.1.7-.3.2-.2.3-.5.3-.7s-.1-.5-.3-.7zM5.8 14.7l6.2 6.3 6.2-6.3c.2-.2.3-.5.3-.7s-.1-.5-.3-.7c-.2-.2-.4-.3-.7-.3h-11c-.3 0-.5.1-.7.3-.2.2-.3.5-.3.7s.1.5.3.7z\"\/><\/svg><\/span><\/span><\/span><\/a><\/span><\/div>\n<nav><ul class='ez-toc-list ez-toc-list-level-1 ' ><li class='ez-toc-page-1 ez-toc-heading-level-2'><a class=\"ez-toc-link ez-toc-heading-1\" href=\"https:\/\/oddsium.com\/pe\/apuestas-deportivas\/basquet\/#campeonatos-mas-emocionantes-para-apostar-en-basquet\" >Campeonatos m\u00e1s emocionantes para apostar en b\u00e1squet<\/a><\/li><li class='ez-toc-page-1 ez-toc-heading-level-2'><a class=\"ez-toc-link ez-toc-heading-2\" href=\"https:\/\/oddsium.com\/pe\/apuestas-deportivas\/basquet\/#opciones-populares-para-apostar-en-partidos-de-basquet\" >Opciones populares para apostar en partidos de b\u00e1squet<\/a><\/li><li class='ez-toc-page-1 ez-toc-heading-level-2'><a class=\"ez-toc-link ez-toc-heading-3\" href=\"https:\/\/oddsium.com\/pe\/apuestas-deportivas\/basquet\/#%c2%bfdonde-se-centra-la-atencion-de-los-apostadores\" >\u00bfD\u00f3nde se centra la atenci\u00f3n de los apostadores?<\/a><\/li><li class='ez-toc-page-1 ez-toc-heading-level-2'><a class=\"ez-toc-link ez-toc-heading-4\" href=\"https:\/\/oddsium.com\/pe\/apuestas-deportivas\/basquet\/#plataformas-seguras-para-apuestas-en-basquet-en-peru\" >Plataformas seguras para apuestas en b\u00e1squet en Per\u00fa<\/a><\/li><li class='ez-toc-page-1 ez-toc-heading-level-2'><a class=\"ez-toc-link ez-toc-heading-5\" href=\"https:\/\/oddsium.com\/pe\/apuestas-deportivas\/basquet\/#%c2%bfque-debes-tener-en-cuenta-antes-de-apostar-en-basquet\" >\u00bfQu\u00e9 debes tener en cuenta antes de apostar en b\u00e1squet?\u00a0<\/a><\/li><li class='ez-toc-page-1 ez-toc-heading-level-2'><a class=\"ez-toc-link ez-toc-heading-6\" href=\"https:\/\/oddsium.com\/pe\/apuestas-deportivas\/basquet\/#conclusion\" >Conclusi\u00f3n<\/a><\/li><\/ul><\/nav><\/div>\n<h2 class=\"wp-block-heading\"><span class=\"ez-toc-section\" id=\"campeonatos-mas-emocionantes-para-apostar-en-basquet\"><\/span><strong>Campeonatos m\u00e1s emocionantes para apostar en b\u00e1squet<\/strong><span class=\"ez-toc-section-end\"><\/span><\/h2>\n\n\n\n<p>Estos son los principales torneos de b\u00e1squet con mayor acci\u00f3n y oportunidades para apostar, tanto a nivel internacional como en Per\u00fa:<\/p>\n\n\n\n<figure class=\"wp-block-table\"><table class=\"has-fixed-layout\"><tbody><tr><td><strong>Torneo \/ Evento<\/strong><\/td><td><strong>Caracter\u00edsticas y Datos Relevantes<\/strong><\/td><\/tr><tr><td><strong>NBA<\/strong><\/td><td>Muy seguida a nivel mundial y en Per\u00fa. Cuenta con m\u00e1s de 1,200 partidos anuales entre temporada regular y playoffs.<\/td><\/tr><tr><td><strong>Euroliga<\/strong><\/td><td>Torneo europeo de clubes con 18 equipos de varios pa\u00edses. Incluye fase regular, playoffs y Final Four.&nbsp;<\/td><\/tr><tr><td><strong>Liga ACB (Espa\u00f1a)<\/strong><\/td><td>Liga espa\u00f1ola donde compiten 18 equipos en temporada regular y playoffs.&nbsp;<\/td><\/tr><tr><td><strong>Torneos Internacionales<\/strong><\/td><td>Incluyen Juegos Ol\u00edmpicos y Mundiales de b\u00e1squet, eventos que re\u00fanen a las mejores selecciones nacionales del mundo.&nbsp;<\/td><\/tr><tr><td><strong>Ligas Nacionales en Per\u00fa<\/strong><\/td><td>La Liga Nacional de B\u00e1squetbol (LNB) peruana cuenta con 16 equipos y alrededor de 240 partidos por temporada, tiene creciente inter\u00e9s y cobertura local.<\/td><\/tr><\/tbody><\/table><\/figure>\n\n\n\n<p><em>\ud83d\udccc El b\u00e1squet en Per\u00fa no est\u00e1 tan potenciado como otros deportes, la mayor intenci\u00f3n de apuestas est\u00e1 en estas ligas y torneos internacionales.<\/em><\/p>\n\n\n\n<h2 class=\"wp-block-heading\"><span class=\"ez-toc-section\" id=\"opciones-populares-para-apostar-en-partidos-de-basquet\"><\/span><strong>Opciones populares para apostar en partidos de b\u00e1squet<\/strong><span class=\"ez-toc-section-end\"><\/span><\/h2>\n\n\n\n<p>Si est\u00e1s arrancando en las apuestas en b\u00e1squet, estos son los mercados que m\u00e1s se mueven y que debes conocer:<\/p>\n\n\n\n<figure class=\"wp-block-table\"><table class=\"has-fixed-layout\"><tbody><tr><td><strong>Mercado<\/strong><\/td><td><strong>Descripci\u00f3n<\/strong><\/td><\/tr><tr><td>Ganador del partido&nbsp;<\/td><td>Apostar por el equipo que gana el partido, sin posibilidad de empate.<\/td><\/tr><tr><td>H\u00e1ndicap de puntos&nbsp;<\/td><td>Dar o recibir puntos para equilibrar las probabilidades entre equipos.<\/td><\/tr><tr><td>Total de puntos&nbsp;<\/td><td>Apostar si el total combinado de puntos ser\u00e1 m\u00e1s (Over) o menos (Under) que un n\u00famero establecido.<\/td><\/tr><tr><td>Ganador por cuartos&nbsp;<\/td><td>Elegir qu\u00e9 equipo gana un cuarto espec\u00edfico o la primera\/segunda mitad, sin importar el resultado final.<\/td><\/tr><tr><td>Actuaciones individuales&nbsp;<\/td><td>Apostar por estad\u00edsticas espec\u00edficas de jugadores, como puntos, rebotes, asistencias, etc.<\/td><\/tr><tr><td>Margen de victoria&nbsp;<\/td><td>Apostar por la diferencia exacta o rango de puntos con que un equipo ganar\u00e1 el partido.<\/td><\/tr><tr><td>Primer equipo en anotar&nbsp;<\/td><td>Apostar por cu\u00e1l equipo anotar\u00e1 primero en el partido.<\/td><\/tr><tr><td>Total de puntos por equipo&nbsp;<\/td><td>Apostar si un equipo anotar\u00e1 m\u00e1s o menos puntos que un n\u00famero determinado.<\/td><\/tr><\/tbody><\/table><\/figure>\n\n\n\n<h2 class=\"wp-block-heading\"><span class=\"ez-toc-section\" id=\"%c2%bfdonde-se-centra-la-atencion-de-los-apostadores\"><\/span><strong>\u00bfD\u00f3nde se centra la atenci\u00f3n de los apostadores?<\/strong><span class=\"ez-toc-section-end\"><\/span><\/h2>\n\n\n\n<p><strong>\ud83c\udfc0 Jugador con m\u00e1s puntos<\/strong>: Identificar al m\u00e1ximo anotador es clave porque puede cambiar el rumbo del partido. Apostar por un jugador destacado permite aprovechar su rendimiento individual, que a veces no se refleja en el resultado final.<\/p>\n\n\n\n<p><strong>\u26f9\ufe0f Resultados en series de partidos:<\/strong> Las apuestas en series permiten a los apostadores analizar el desempe\u00f1o a largo plazo de un equipo, considerando factores como la resistencia f\u00edsica y la estrategia.<\/p>\n\n\n\n<p>\u23f3 <strong>Apuestas a largo plazo:<\/strong> Estas apuestas requieren paciencia y an\u00e1lisis profundo, ya que anticipar campeones o MVP puede generar grandes retornos.&nbsp;<\/p>\n\n\n\n<p><strong>\ud83c\udfaf Apuestas en tiempo real:<\/strong> Permite reaccionar a los cambios r\u00e1pidos del juego, especialmente en el \u00faltimo cuarto, donde la intensidad y la presi\u00f3n pueden alterar cualquier pron\u00f3stico previo.<\/p>\n\n\n\n<h2 class=\"wp-block-heading\"><span class=\"ez-toc-section\" id=\"plataformas-seguras-para-apuestas-en-basquet-en-peru\"><\/span><strong>Plataformas seguras para apuestas en b\u00e1squet en Per\u00fa<\/strong><span class=\"ez-toc-section-end\"><\/span><\/h2>\n\n\n\n<p>Estas casas de apuestas tienen buena reputaci\u00f3n y cuentan con <a href=\"https:\/\/apuestasdeportivas.mincetur.gob.pe\/\" title=\"\">licencia MINCETUR<\/a> en Per\u00fa para apostar en b\u00e1squet sin problemas. <\/p>\n\n\n\n<figure class=\"wp-block-table\"><table class=\"has-fixed-layout\"><tbody><tr><td><strong>Casa de Apuestas<\/strong><\/td><td><strong>Ventajas para apostar en b\u00e1squet y bonos destacados<\/strong><\/td><\/tr><tr><td><strong>Betsson&nbsp;<\/strong><\/td><td>Ofrece transmisiones en vivo de partidos de b\u00e1squet y cuotas atractivas. Bono de bienvenida hasta S\/500 para nuevos usuarios.<\/td><\/tr><tr><td><strong>Bwin&nbsp;<\/strong><\/td><td>Amplia variedad de mercados espec\u00edficos para b\u00e1squet, incluyendo apuestas en vivo y h\u00e1ndicaps. Bonos frecuentes y promociones especiales.<\/td><\/tr><tr><td><strong>Bet365&nbsp;<\/strong><\/td><td>Gran diversidad de mercados y apuestas en vivo con estad\u00edsticas en tiempo real. Apuesta gratis hasta S\/60 para nuevos usuarios.<\/td><\/tr><tr><td><strong>Oddsium&nbsp;<\/strong><\/td><td>Plataforma enfocada en an\u00e1lisis y comparaci\u00f3n de cuotas, ideal para apostadores que buscan ganar.<\/td><\/tr><\/tbody><\/table><\/figure>\n\n\n\n<p><em>\ud83c\udfafOddsium te ofrece un desglose de promociones y ofertas disponibles en sitios de apuesta para que aproveches al m\u00e1ximo en tus apuestas.&nbsp;<\/em><\/p>\n\n\n\n<h2 class=\"wp-block-heading\"><span class=\"ez-toc-section\" id=\"%c2%bfque-debes-tener-en-cuenta-antes-de-apostar-en-basquet\"><\/span><strong>\u00bfQu\u00e9 debes tener en cuenta antes de apostar en b\u00e1squet?\u00a0<\/strong><span class=\"ez-toc-section-end\"><\/span><\/h2>\n\n\n\n<figure class=\"wp-block-image size-large\"><img loading=\"lazy\" decoding=\"async\" width=\"1024\" height=\"726\" src=\"https:\/\/oddsium.com\/pe\/wp-content\/uploads\/sites\/6\/2025\/09\/manos-sosteniendo-una-pelota-de-basquet-1024x726.jpg\" alt=\"manos sosteniendo una pelota de basquet \" class=\"wp-image-694\" srcset=\"https:\/\/oddsium.com\/pe\/wp-content\/uploads\/sites\/6\/2025\/09\/manos-sosteniendo-una-pelota-de-basquet-1024x726.jpg 1024w, https:\/\/oddsium.com\/pe\/wp-content\/uploads\/sites\/6\/2025\/09\/manos-sosteniendo-una-pelota-de-basquet-300x213.jpg 300w, https:\/\/oddsium.com\/pe\/wp-content\/uploads\/sites\/6\/2025\/09\/manos-sosteniendo-una-pelota-de-basquet-768x545.jpg 768w, https:\/\/oddsium.com\/pe\/wp-content\/uploads\/sites\/6\/2025\/09\/manos-sosteniendo-una-pelota-de-basquet-1536x1090.jpg 1536w, https:\/\/oddsium.com\/pe\/wp-content\/uploads\/sites\/6\/2025\/09\/manos-sosteniendo-una-pelota-de-basquet.jpg 1748w\" sizes=\"auto, (max-width: 1024px) 100vw, 1024px\" \/><\/figure>\n\n\n\n<p>Para mejorar tus resultados en las apuestas en b\u00e1squet, ten presente estos consejos:<\/p>\n\n\n\n<ul class=\"wp-block-list\">\n<li><strong>Estado f\u00edsico y mental de los jugadores:<\/strong> Un jugador lesionado o cansado puede cambiar el rumbo del partido.<\/li>\n\n\n\n<li><strong>Historial de enfrentamientos:<\/strong> Algunos equipos tienen ventaja psicol\u00f3gica o t\u00e1ctica sobre otros.<\/li>\n\n\n\n<li><strong>Factor local\u00eda:<\/strong> Jugar de local suele ser un beneficio importante para algunos equipos, no debes subestimarlo.<\/li>\n\n\n\n<li><strong>Informaci\u00f3n en tiempo real: <\/strong>Actualizaciones r\u00e1pidas sobre lesiones o cambios de \u00faltimo minuto pueden alterar las cuotas en vivo.&nbsp;<\/li>\n<\/ul>\n\n\n\n<p><em>\ud83d\udccc Si eres un amante de este deporte, no se te har\u00e1 dif\u00edcil seguir las estad\u00edsticas de los equipos y partidos; esto te dar\u00e1 el poder para sellar boletos ganadores.&nbsp;<\/em><\/p>\n\n\n\n<h2 class=\"wp-block-heading\"><span class=\"ez-toc-section\" id=\"conclusion\"><\/span><strong>Conclusi\u00f3n<\/strong><span class=\"ez-toc-section-end\"><\/span><\/h2>\n\n\n\n<p>Para ganar en apuestas de b\u00e1squet en Per\u00fa en 2025, necesitas m\u00e1s que suerte. Requiere an\u00e1lisis detallado y decisiones estrat\u00e9gicas. Hacer una <a href=\"https:\/\/oddsium.com\/pe\/odds\/comparacion-de-las-mejores-cuotas-de-basquet\/\" title=\"\">comparaci\u00f3n de las mejores cuotas de B\u00e1squet <\/a>en Per\u00fa te da la ventaja para maximizar tus ganancias. Encontrar las mejores cuotas y promociones te permite apostar con seguridad y valor real, tanto en partidos locales como internacionales.  El \u00e9xito est\u00e1 en apostar de forma inteligente y aprovechar cada oportunidad que surge.<\/p>\n","protected":false},"excerpt":{"rendered":"<p>En el b\u00e1squet, los equipos buscan anotar lanzando la pelota a la canasta durante cuatro cuartos de juego. Todos deben crear oportunidades de tiro y defender su territorio, por lo que los partidos suelen ser cerrados y con muchas anotaciones. En Per\u00fa, clubes como Regatas Lima destacan en competencias nacionales y generan gran entusiasmo entre [&hellip;]<\/p>\n","protected":false},"author":12,"featured_media":349,"parent":88,"menu_order":0,"comment_status":"closed","ping_status":"closed","template":"sports.php","meta":{"_acf_changed":false,"om_disable_all_campaigns":false,"footnotes":""},"class_list":["post-194","page","type-page","status-publish","has-post-thumbnail","hentry"],"acf":[],"aioseo_notices":[],"_links":{"self":[{"href":"https:\/\/oddsium.com\/pe\/wp-json\/wp\/v2\/pages\/194","targetHints":{"allow":["GET"]}}],"collection":[{"href":"https:\/\/oddsium.com\/pe\/wp-json\/wp\/v2\/pages"}],"about":[{"href":"https:\/\/oddsium.com\/pe\/wp-json\/wp\/v2\/types\/page"}],"author":[{"embeddable":true,"href":"https:\/\/oddsium.com\/pe\/wp-json\/wp\/v2\/users\/12"}],"replies":[{"embeddable":true,"href":"https:\/\/oddsium.com\/pe\/wp-json\/wp\/v2\/comments?post=194"}],"version-history":[{"count":2,"href":"https:\/\/oddsium.com\/pe\/wp-json\/wp\/v2\/pages\/194\/revisions"}],"predecessor-version":[{"id":2874,"href":"https:\/\/oddsium.com\/pe\/wp-json\/wp\/v2\/pages\/194\/revisions\/2874"}],"up":[{"embeddable":true,"href":"https:\/\/oddsium.com\/pe\/wp-json\/wp\/v2\/pages\/88"}],"wp:featuredmedia":[{"embeddable":true,"href":"https:\/\/oddsium.com\/pe\/wp-json\/wp\/v2\/media\/349"}],"wp:attachment":[{"href":"https:\/\/oddsium.com\/pe\/wp-json\/wp\/v2\/media?parent=194"}],"curies":[{"name":"wp","href":"https:\/\/api.w.org\/{rel}","templated":true}]}}