{"id":216,"date":"2025-05-21T14:20:52","date_gmt":"2025-05-21T14:20:52","guid":{"rendered":"https:\/\/oddsium.wpenginepowered.com\/pe\/?page_id=216"},"modified":"2026-03-18T07:39:38","modified_gmt":"2026-03-18T12:39:38","slug":"formula-1","status":"publish","type":"page","link":"https:\/\/oddsium.com\/pe\/apuestas-deportivas\/formula-1\/","title":{"rendered":"Apuestas en F\u00f3rmula 1 (F1)"},"content":{"rendered":"\n<p>La F\u00f3rmula 1 atrae no solo a fan\u00e1ticos del automovilismo, sino tambi\u00e9n a quienes buscan buenas oportunidades para apostar. Pilotos y escuder\u00edas reconocidos hacen que cada carrera est\u00e9 llena de adrenalina, pero apostar en la F1 va m\u00e1s all\u00e1 de elegir un ganador. Factores como el clima, las paradas en boxes y los incidentes pueden cambiar el resultado, por lo que es fundamental un buen an\u00e1lisis.<\/p>\n\n\n\n<p>Si eres novato, nuestra&nbsp;<a href=\"https:\/\/oddsium.com\/pe\/guides\/guia-de-apuestas-de-f1-para-principiantes-todo-lo-que-debes-saber\/\" title=\"\">Gu\u00eda de apuestas de F1 para principiantes<\/a>&nbsp;es el recurso ideal para aprender desde cero. Combinar tu pasi\u00f3n por el automovilismo con un an\u00e1lisis detallado te puede ayudar a convertir ese conocimiento en ganancias reales.<\/p>\n\n\n\n<p>En esta gu\u00eda detallada de Oddsium, podr\u00e1s aprender todo lo que necesitas saber para sacar provecho de cada Gran Premio en tus apuestas.<\/p>\n\n\n\n<div id=\"ez-toc-container\" class=\"ez-toc-v2_0_81 counter-hierarchy ez-toc-counter ez-toc-grey ez-toc-container-direction\">\n<div class=\"ez-toc-title-container\">\n<p class=\"ez-toc-title\" style=\"cursor:inherit\">Table of Contents<\/p>\n<span class=\"ez-toc-title-toggle\"><a href=\"#\" class=\"ez-toc-pull-right ez-toc-btn ez-toc-btn-xs ez-toc-btn-default ez-toc-toggle\" aria-label=\"Toggle Table of Content\"><span class=\"ez-toc-js-icon-con\"><span class=\"\"><span class=\"eztoc-hide\" style=\"display:none;\">Toggle<\/span><span class=\"ez-toc-icon-toggle-span\"><svg style=\"fill: #999;color:#999\" xmlns=\"http:\/\/www.w3.org\/2000\/svg\" class=\"list-377408\" width=\"20px\" height=\"20px\" viewBox=\"0 0 24 24\" fill=\"none\"><path d=\"M6 6H4v2h2V6zm14 0H8v2h12V6zM4 11h2v2H4v-2zm16 0H8v2h12v-2zM4 16h2v2H4v-2zm16 0H8v2h12v-2z\" fill=\"currentColor\"><\/path><\/svg><svg style=\"fill: #999;color:#999\" class=\"arrow-unsorted-368013\" xmlns=\"http:\/\/www.w3.org\/2000\/svg\" width=\"10px\" height=\"10px\" viewBox=\"0 0 24 24\" version=\"1.2\" baseProfile=\"tiny\"><path d=\"M18.2 9.3l-6.2-6.3-6.2 6.3c-.2.2-.3.4-.3.7s.1.5.3.7c.2.2.4.3.7.3h11c.3 0 .5-.1.7-.3.2-.2.3-.5.3-.7s-.1-.5-.3-.7zM5.8 14.7l6.2 6.3 6.2-6.3c.2-.2.3-.5.3-.7s-.1-.5-.3-.7c-.2-.2-.4-.3-.7-.3h-11c-.3 0-.5.1-.7.3-.2.2-.3.5-.3.7s.1.5.3.7z\"\/><\/svg><\/span><\/span><\/span><\/a><\/span><\/div>\n<nav><ul class='ez-toc-list ez-toc-list-level-1 ' ><li class='ez-toc-page-1 ez-toc-heading-level-2'><a class=\"ez-toc-link ez-toc-heading-1\" href=\"https:\/\/oddsium.com\/pe\/apuestas-deportivas\/formula-1\/#donde-apostar-a-la-formula-1-las-casas-mas-confiables-en-peru\" >D\u00f3nde apostar a la F\u00f3rmula 1: las casas m\u00e1s confiables en Per\u00fa<\/a><\/li><li class='ez-toc-page-1 ez-toc-heading-level-2'><a class=\"ez-toc-link ez-toc-heading-2\" href=\"https:\/\/oddsium.com\/pe\/apuestas-deportivas\/formula-1\/#formula-1-el-terreno-ideal-para-las-apuestas\" >F\u00f3rmula 1: El terreno ideal para las apuestas<\/a><\/li><li class='ez-toc-page-1 ez-toc-heading-level-2'><a class=\"ez-toc-link ez-toc-heading-3\" href=\"https:\/\/oddsium.com\/pe\/apuestas-deportivas\/formula-1\/#primeros-pasos-para-apostar-en-formula-1-desde-peru\" >Primeros pasos para apostar en F\u00f3rmula 1 desde Per\u00fa<\/a><\/li><li class='ez-toc-page-1 ez-toc-heading-level-2'><a class=\"ez-toc-link ez-toc-heading-4\" href=\"https:\/\/oddsium.com\/pe\/apuestas-deportivas\/formula-1\/#mercados-populares-para-apostar-en-formula-1\" >Mercados populares para apostar en F\u00f3rmula 1<\/a><\/li><li class='ez-toc-page-1 ez-toc-heading-level-2'><a class=\"ez-toc-link ez-toc-heading-5\" href=\"https:\/\/oddsium.com\/pe\/apuestas-deportivas\/formula-1\/#promociones-y-bonos-imperdibles-en-f1\" >Promociones y bonos imperdibles en F1<\/a><\/li><li class='ez-toc-page-1 ez-toc-heading-level-2'><a class=\"ez-toc-link ez-toc-heading-6\" href=\"https:\/\/oddsium.com\/pe\/apuestas-deportivas\/formula-1\/#estrategias-para-apostar-con-cabeza-fria\" >Estrategias para apostar con cabeza fr\u00eda<\/a><ul class='ez-toc-list-level-3' ><li class='ez-toc-heading-level-3'><a class=\"ez-toc-link ez-toc-heading-7\" href=\"https:\/\/oddsium.com\/pe\/apuestas-deportivas\/formula-1\/#estudia-el-historial-de-cada-circuito\" >Estudia el historial de cada circuito<\/a><\/li><li class='ez-toc-page-1 ez-toc-heading-level-3'><a class=\"ez-toc-link ez-toc-heading-8\" href=\"https:\/\/oddsium.com\/pe\/apuestas-deportivas\/formula-1\/#consulta-el-pronostico-del-clima\" >Consulta el pron\u00f3stico del clima<\/a><\/li><li class='ez-toc-page-1 ez-toc-heading-level-3'><a class=\"ez-toc-link ez-toc-heading-9\" href=\"https:\/\/oddsium.com\/pe\/apuestas-deportivas\/formula-1\/#evalua-las-mejoras-tecnicas-de-los-autos\" >Eval\u00faa las mejoras t\u00e9cnicas de los autos<\/a><\/li><li class='ez-toc-page-1 ez-toc-heading-level-3'><a class=\"ez-toc-link ez-toc-heading-10\" href=\"https:\/\/oddsium.com\/pe\/apuestas-deportivas\/formula-1\/#observa-las-estrategias-de-neumaticos\" >Observa las estrategias de neum\u00e1ticos<\/a><\/li><\/ul><\/li><li class='ez-toc-page-1 ez-toc-heading-level-2'><a class=\"ez-toc-link ez-toc-heading-11\" href=\"https:\/\/oddsium.com\/pe\/apuestas-deportivas\/formula-1\/#oddsium-tu-mejor-copiloto-en-las-apuestas-de-f1\" >Oddsium: tu mejor copiloto en las apuestas de F1<\/a><\/li><li class='ez-toc-page-1 ez-toc-heading-level-2'><a class=\"ez-toc-link ez-toc-heading-12\" href=\"https:\/\/oddsium.com\/pe\/apuestas-deportivas\/formula-1\/#conclusion\" >Conclusi\u00f3n<\/a><\/li><\/ul><\/nav><\/div>\n<h2 class=\"wp-block-heading\"><span class=\"ez-toc-section\" id=\"donde-apostar-a-la-formula-1-las-casas-mas-confiables-en-peru\"><\/span><strong>D\u00f3nde apostar a la F\u00f3rmula 1: las casas m\u00e1s confiables en Per\u00fa<\/strong><span class=\"ez-toc-section-end\"><\/span><\/h2>\n\n\n\n<p>Estas son las casas de apuestas que operan en Per\u00fa con<a href=\"https:\/\/apuestasdeportivas.mincetur.gob.pe\/\" title=\"\"> licencia MINCETUR<\/a>, us\u00e1las para apostar con m\u00e1s seguridad y confianza. <\/p>\n\n\n\n<figure class=\"wp-block-table\"><table class=\"has-fixed-layout\"><tbody><tr><td><strong>Plataforma<\/strong><\/td><td><strong>Lo que la hace destacar<\/strong><strong><\/strong><\/td><td><strong>Bono de bienvenida<\/strong><\/td><\/tr><tr><td>Bet365<\/td><td>Amplia variedad de mercados y apuestas en vivo<\/td><td>50% hasta S\/.500 soles (C\u00f3digo STYVIP1)<\/td><\/tr><tr><td>Betsson<\/td><td>Plataforma intuitiva con promociones constantes<\/td><td>100% hasta S\/.400 soles<\/td><\/tr><tr><td>Betsafe<\/td><td>Cuotas competitivas y mercados especiales<\/td><td>100% hasta S\/.300 soles<\/td><\/tr><\/tbody><\/table><\/figure>\n\n\n\n<p><em>\ud83d\udccc Con Oddsium puedes comparar inteligentemente, esta plataforma te da el poder de elegir las mejores cuotas en cada apuesta.<\/em><\/p>\n\n\n\n<h2 class=\"wp-block-heading\"><span class=\"ez-toc-section\" id=\"formula-1-el-terreno-ideal-para-las-apuestas\"><\/span><strong>F\u00f3rmula 1: El terreno ideal para las apuestas<\/strong><span class=\"ez-toc-section-end\"><\/span><\/h2>\n\n\n\n<p>La F\u00f3rmula 1 es un deporte donde cada segundo cuenta y cada detalle puede cambiar el destino de la carrera. Para los apostadores peruanos, esta din\u00e1mica ofrece m\u00faltiples ventajas:<\/p>\n\n\n\n<p>\u2705<strong>Acci\u00f3n impredecible en cada vuelta:<\/strong> Estrategias, neum\u00e1ticos y condiciones cambian constantemente, haciendo cada apuesta emocionante.<\/p>\n\n\n\n<p>\u2705<strong>Variedad de mercados: <\/strong>Desde ganador hasta mejor estrategia o pr\u00f3ximos adelantamientos, hay opciones para todos.<\/p>\n\n\n\n<p>\u2705<strong>Apuestas en vivo: <\/strong>Ajusta tus apuestas en tiempo real y aprovecha cada oportunidad durante la carrera.<\/p>\n\n\n\n<p>Adem\u00e1s, la popularidad creciente del automovilismo en Per\u00fa impulsa la oferta de casas de apuestas legales y seguras.<\/p>\n\n\n\n<h2 class=\"wp-block-heading\"><span class=\"ez-toc-section\" id=\"primeros-pasos-para-apostar-en-formula-1-desde-peru\"><\/span><strong>Primeros pasos para apostar en F\u00f3rmula 1 desde Per\u00fa<\/strong><span class=\"ez-toc-section-end\"><\/span><\/h2>\n\n\n\n<p>Si quieres entrar en el juego, sigue esta ruta sencilla pero efectiva:<\/p>\n\n\n\n<p>1\ufe0f\u20e3 Elige una plataforma confiable donde jugar sea seguro y sencillo.<\/p>\n\n\n\n<p>2\ufe0f\u20e3 Reg\u00edstrate r\u00e1pido y abre la puerta a todas las opciones de apuesta.<\/p>\n\n\n\n<p>3\ufe0f\u20e3 Conoce los mercados disponibles y apuesta con conocimiento.<\/p>\n\n\n\n<p>4\ufe0f\u20e3 Aprovecha bonos y promociones para potenciar tus jugadas.<\/p>\n\n\n\n<p>5\ufe0f\u20e3 Sigue la acci\u00f3n en vivo y ajusta tus apuestas al momento.<\/p>\n\n\n\n<h2 class=\"wp-block-heading\"><span class=\"ez-toc-section\" id=\"mercados-populares-para-apostar-en-formula-1\"><\/span><strong>Mercados populares para apostar en F\u00f3rmula 1<\/strong><span class=\"ez-toc-section-end\"><\/span><\/h2>\n\n\n\n<figure class=\"wp-block-table\"><table class=\"has-fixed-layout\"><tbody><tr><td><strong>Tipo de Apuesta&nbsp;<\/strong><\/td><td><strong>Caracter\u00edstica<\/strong><\/td><\/tr><tr><td>Ganador de la carrera<\/td><td>El piloto que cruzar\u00e1 primero la meta.<\/td><\/tr><tr><td>Pole position<\/td><td>Piloto que obtiene la mejor posici\u00f3n en la clasificaci\u00f3n previa a la carrera.<\/td><\/tr><tr><td>Vuelta m\u00e1s r\u00e1pida<\/td><td>Piloto que marca el tiempo m\u00e1s r\u00e1pido en una vuelta durante la carrera.<\/td><\/tr><tr><td>Abandono (DNF)<\/td><td>Piloto que no termina la carrera por accidente o falla t\u00e9cnica.<\/td><\/tr><tr><td>H2H (piloto vs piloto)<\/td><td>Comparaci\u00f3n directa entre dos pilotos para ver qui\u00e9n rinde mejor en la carrera.<\/td><\/tr><tr><td>Coche de seguridad<\/td><td>Predicci\u00f3n sobre si y cu\u00e1ntas veces saldr\u00e1 el coche de seguridad durante la carrera.<\/td><\/tr><tr><td>Podio<\/td><td>Pilotos que terminar\u00e1n en las tres primeras posiciones al final de la carrera.<\/td><\/tr><tr><td>Escuder\u00eda ganadora<\/td><td>Equipo que ganar\u00e1 la carrera, considerando que cada escuder\u00eda tiene dos pilotos.<\/td><\/tr><tr><td>Final por puntos<\/td><td>Piloto que terminar\u00e1 dentro de las posiciones que otorgan puntos (top 10).<\/td><\/tr><tr><td>Adelantamiento<\/td><td>Predicci\u00f3n sobre qu\u00e9 piloto realizar\u00e1 un adelantamiento espec\u00edfico durante la carrera.<\/td><\/tr><tr><td>Penalizaci\u00f3n<\/td><td>Apuesta sobre si un piloto recibir\u00e1 una penalizaci\u00f3n durante la carrera.<\/td><\/tr><\/tbody><\/table><\/figure>\n\n\n\n<p><em>\ud83d\udccc Estos mercados permiten a los apostadores peruanos diversificar sus apuestas y aprovechar diferentes escenarios dentro de cada Gran Premio.<\/em><\/p>\n\n\n\n<h2 class=\"wp-block-heading\"><span class=\"ez-toc-section\" id=\"promociones-y-bonos-imperdibles-en-f1\"><\/span><strong>Promociones y bonos imperdibles en F1<\/strong><span class=\"ez-toc-section-end\"><\/span><\/h2>\n\n\n\n<p>Las casas de apuestas en Per\u00fa suelen lanzar ofertas especiales para las carreras m\u00e1s importantes:<\/p>\n\n\n\n<p>\ud83c\udf81 Bonos de bienvenida para nuevos usuarios.<\/p>\n\n\n\n<p>\ud83d\udd1d Cuotas mejoradas en apuestas seleccionadas.<\/p>\n\n\n\n<p>\ud83d\udcb8 Reembolsos si tu piloto favorito abandona temprano.<\/p>\n\n\n\n<p>\ud83d\uded1 Promociones exclusivas para apuestas en vivo durante la carrera.<\/p>\n\n\n\n<p>Aprovechar estas promociones puede marcar la diferencia entre una apuesta com\u00fan y una jugada ganadora.<\/p>\n\n\n\n<h2 class=\"wp-block-heading\"><span class=\"ez-toc-section\" id=\"estrategias-para-apostar-con-cabeza-fria\"><\/span><strong>Estrategias para apostar con cabeza fr\u00eda<\/strong><span class=\"ez-toc-section-end\"><\/span><\/h2>\n\n\n\n<figure class=\"wp-block-image size-large\"><img loading=\"lazy\" decoding=\"async\" width=\"1024\" height=\"682\" src=\"https:\/\/oddsium.com\/pe\/wp-content\/uploads\/sites\/6\/2025\/09\/ferrari-en-carrera-de-formula-1-1024x682.jpg\" alt=\"\" class=\"wp-image-715\" srcset=\"https:\/\/oddsium.com\/pe\/wp-content\/uploads\/sites\/6\/2025\/09\/ferrari-en-carrera-de-formula-1-1024x682.jpg 1024w, https:\/\/oddsium.com\/pe\/wp-content\/uploads\/sites\/6\/2025\/09\/ferrari-en-carrera-de-formula-1-300x200.jpg 300w, https:\/\/oddsium.com\/pe\/wp-content\/uploads\/sites\/6\/2025\/09\/ferrari-en-carrera-de-formula-1-768x512.jpg 768w, https:\/\/oddsium.com\/pe\/wp-content\/uploads\/sites\/6\/2025\/09\/ferrari-en-carrera-de-formula-1.jpg 1280w\" sizes=\"auto, (max-width: 1024px) 100vw, 1024px\" \/><\/figure>\n\n\n\n<p>Apostar en F\u00f3rmula 1 no es cuesti\u00f3n de suerte, sino de an\u00e1lisis y timing:<\/p>\n\n\n\n<h3 class=\"wp-block-heading\"><span class=\"ez-toc-section\" id=\"estudia-el-historial-de-cada-circuito\"><\/span><strong>Estudia el historial de cada circuito<\/strong><span class=\"ez-toc-section-end\"><\/span><\/h3>\n\n\n\n<p>&nbsp;Algunos pilotos y escuder\u00edas rinden mejor en ciertas pistas.<\/p>\n\n\n\n<h3 class=\"wp-block-heading\"><span class=\"ez-toc-section\" id=\"consulta-el-pronostico-del-clima\"><\/span><strong>Consulta el pron\u00f3stico del clima<\/strong><span class=\"ez-toc-section-end\"><\/span><\/h3>\n\n\n\n<p>&nbsp;La lluvia o el calor pueden cambiar completamente la carrera.<\/p>\n\n\n\n<h3 class=\"wp-block-heading\"><span class=\"ez-toc-section\" id=\"evalua-las-mejoras-tecnicas-de-los-autos\"><\/span><strong>Eval\u00faa las mejoras t\u00e9cnicas de los autos<\/strong><span class=\"ez-toc-section-end\"><\/span><\/h3>\n\n\n\n<p>&nbsp;Un monoplaza actualizado puede superar a rivales m\u00e1s r\u00e1pidos.<\/p>\n\n\n\n<h3 class=\"wp-block-heading\"><span class=\"ez-toc-section\" id=\"observa-las-estrategias-de-neumaticos\"><\/span><strong>Observa las estrategias de neum\u00e1ticos<\/strong><span class=\"ez-toc-section-end\"><\/span><\/h3>\n\n\n\n<p>&nbsp;Las paradas y cambios pueden definir el resultado final.<\/p>\n\n\n\n<p>Con estos datos, tus apuestas en F\u00f3rmula 1 ganan precisi\u00f3n y potencial.<\/p>\n\n\n\n<h2 class=\"wp-block-heading\"><span class=\"ez-toc-section\" id=\"oddsium-tu-mejor-copiloto-en-las-apuestas-de-f1\"><\/span><strong>Oddsium: tu mejor copiloto en las apuestas de F1<\/strong><span class=\"ez-toc-section-end\"><\/span><\/h2>\n\n\n\n<p>Oddsium es la plataforma que todo apostador peruano debe conocer por sus m\u00faltiples ventajas. Te permite:<\/p>\n\n\n\n<ul class=\"wp-block-list\">\n<li>Hacer una <a href=\"https:\/\/oddsium.com\/pe\/odds\/\" title=\"\">comparaci\u00f3n de cuotas en tiempo real<\/a> entre las mejores casas de apuestas.<\/li>\n\n\n\n<li>Acceder a estad\u00edsticas detalladas de pilotos, equipos y circuitos.<\/li>\n\n\n\n<li>Detectar promociones exclusivas para cada Gran Premio.<\/li>\n<\/ul>\n\n\n\n<p>Con Oddsium, tus decisiones se basan en datos, no en corazonadas. As\u00ed, cada apuesta en F\u00f3rmula 1 se convierte en una jugada calculada y con mayor probabilidad de \u00e9xito.<\/p>\n\n\n\n<h2 class=\"wp-block-heading\"><span class=\"ez-toc-section\" id=\"conclusion\"><\/span><strong>Conclusi\u00f3n<\/strong><span class=\"ez-toc-section-end\"><\/span><\/h2>\n\n\n\n<p>Las apuestas en F\u00f3rmula 1 en Per\u00fa est\u00e1n en plena expansi\u00f3n, impulsadas por la pasi\u00f3n local y la calidad de las plataformas disponibles. Con pilotos de \u00e9lite, carreras emocionantes y mercados variados, este deporte ofrece un escenario perfecto para combinar adrenalina y an\u00e1lisis. <\/p>\n\n\n\n<p>Para aprovechar al m\u00e1ximo la experiencia, busca <a href=\"https:\/\/oddsium.com\/pe\/guides\/mejores-sitios-de-apuestas-para-ver-la-formula-1-en-streaming\/\" title=\"\">sitios para ver la F1 en streamingg desde Per\u00fa<\/a> y podr\u00e1s seguir las carreras en vivo y estar al tanto de cada detalle en tiempo real. Usar herramientas como Oddsium y entender las variables que influyen en cada Gran Premio te pone un paso adelante.<\/p>\n","protected":false},"excerpt":{"rendered":"<p>La F\u00f3rmula 1 atrae no solo a fan\u00e1ticos del automovilismo, sino tambi\u00e9n a quienes buscan buenas oportunidades para apostar. Pilotos y escuder\u00edas reconocidos hacen que cada carrera est\u00e9 llena de adrenalina, pero apostar en la F1 va m\u00e1s all\u00e1 de elegir un ganador. Factores como el clima, las paradas en boxes y los incidentes pueden [&hellip;]<\/p>\n","protected":false},"author":12,"featured_media":369,"parent":88,"menu_order":0,"comment_status":"closed","ping_status":"closed","template":"sports.php","meta":{"_acf_changed":true,"om_disable_all_campaigns":false,"footnotes":""},"class_list":["post-216","page","type-page","status-publish","has-post-thumbnail","hentry"],"acf":[],"aioseo_notices":[],"_links":{"self":[{"href":"https:\/\/oddsium.com\/pe\/wp-json\/wp\/v2\/pages\/216","targetHints":{"allow":["GET"]}}],"collection":[{"href":"https:\/\/oddsium.com\/pe\/wp-json\/wp\/v2\/pages"}],"about":[{"href":"https:\/\/oddsium.com\/pe\/wp-json\/wp\/v2\/types\/page"}],"author":[{"embeddable":true,"href":"https:\/\/oddsium.com\/pe\/wp-json\/wp\/v2\/users\/12"}],"replies":[{"embeddable":true,"href":"https:\/\/oddsium.com\/pe\/wp-json\/wp\/v2\/comments?post=216"}],"version-history":[{"count":2,"href":"https:\/\/oddsium.com\/pe\/wp-json\/wp\/v2\/pages\/216\/revisions"}],"predecessor-version":[{"id":2862,"href":"https:\/\/oddsium.com\/pe\/wp-json\/wp\/v2\/pages\/216\/revisions\/2862"}],"up":[{"embeddable":true,"href":"https:\/\/oddsium.com\/pe\/wp-json\/wp\/v2\/pages\/88"}],"wp:featuredmedia":[{"embeddable":true,"href":"https:\/\/oddsium.com\/pe\/wp-json\/wp\/v2\/media\/369"}],"wp:attachment":[{"href":"https:\/\/oddsium.com\/pe\/wp-json\/wp\/v2\/media?parent=216"}],"curies":[{"name":"wp","href":"https:\/\/api.w.org\/{rel}","templated":true}]}}