{"id":223,"date":"2025-05-22T08:31:50","date_gmt":"2025-05-22T08:31:50","guid":{"rendered":"https:\/\/oddsium.wpenginepowered.com\/pe\/?page_id=223"},"modified":"2026-03-20T07:23:26","modified_gmt":"2026-03-20T12:23:26","slug":"los-mejores-sitios-de-apuestas-con-streaming-en-vivo","status":"publish","type":"page","link":"https:\/\/oddsium.com\/pe\/casas-de-apuestas\/los-mejores-sitios-de-apuestas-con-streaming-en-vivo\/","title":{"rendered":"Mejores sitios de apuestas con streaming en vivo"},"content":{"rendered":"\n<p>Apostar en l\u00ednea es mucho m\u00e1s emocionante gracias al streaming en vivo. En Per\u00fa, la mayor\u00eda de los sitios de apuestas ya cuentan con esta funci\u00f3n. De esta manera, puedes ver el partido mientras haces tus jugadas de forma r\u00e1pida y sencilla. El streaming en vivo hace que la experiencia sea m\u00e1s completa, ya que te permite seguir tus <a href=\"https:\/\/oddsium.com\/pe\/betting-predictions\/\" title=\"\">predicciones en tiempo real<\/a> y tomar decisiones basadas en lo que ocurre durante el juego.<\/p>\n\n\n\n<p>En Oddsium, te ayudamos a encontrar los mejores sitios de apuestas en Per\u00fa que ofrecen streaming en vivo. Adem\u00e1s, te diremos cuales son las ventajas de cada una para que saques todo el provecho. <\/p>\n\n\n\n<div id=\"ez-toc-container\" class=\"ez-toc-v2_0_81 counter-hierarchy ez-toc-counter ez-toc-grey ez-toc-container-direction\">\n<div class=\"ez-toc-title-container\">\n<p class=\"ez-toc-title\" style=\"cursor:inherit\">Table of Contents<\/p>\n<span class=\"ez-toc-title-toggle\"><a href=\"#\" class=\"ez-toc-pull-right ez-toc-btn ez-toc-btn-xs ez-toc-btn-default ez-toc-toggle\" aria-label=\"Toggle Table of Content\"><span class=\"ez-toc-js-icon-con\"><span class=\"\"><span class=\"eztoc-hide\" style=\"display:none;\">Toggle<\/span><span class=\"ez-toc-icon-toggle-span\"><svg style=\"fill: #999;color:#999\" xmlns=\"http:\/\/www.w3.org\/2000\/svg\" class=\"list-377408\" width=\"20px\" height=\"20px\" viewBox=\"0 0 24 24\" fill=\"none\"><path d=\"M6 6H4v2h2V6zm14 0H8v2h12V6zM4 11h2v2H4v-2zm16 0H8v2h12v-2zM4 16h2v2H4v-2zm16 0H8v2h12v-2z\" fill=\"currentColor\"><\/path><\/svg><svg style=\"fill: #999;color:#999\" class=\"arrow-unsorted-368013\" xmlns=\"http:\/\/www.w3.org\/2000\/svg\" width=\"10px\" height=\"10px\" viewBox=\"0 0 24 24\" version=\"1.2\" baseProfile=\"tiny\"><path d=\"M18.2 9.3l-6.2-6.3-6.2 6.3c-.2.2-.3.4-.3.7s.1.5.3.7c.2.2.4.3.7.3h11c.3 0 .5-.1.7-.3.2-.2.3-.5.3-.7s-.1-.5-.3-.7zM5.8 14.7l6.2 6.3 6.2-6.3c.2-.2.3-.5.3-.7s-.1-.5-.3-.7c-.2-.2-.4-.3-.7-.3h-11c-.3 0-.5.1-.7.3-.2.2-.3.5-.3.7s.1.5.3.7z\"\/><\/svg><\/span><\/span><\/span><\/a><\/span><\/div>\n<nav><ul class='ez-toc-list ez-toc-list-level-1 ' ><li class='ez-toc-page-1 ez-toc-heading-level-2'><a class=\"ez-toc-link ez-toc-heading-1\" href=\"https:\/\/oddsium.com\/pe\/casas-de-apuestas\/los-mejores-sitios-de-apuestas-con-streaming-en-vivo\/#mejores-casas-de-apuestas-con-streaming-en-vivo-en-peru\" >mejores casas de apuestas con streaming en vivo en Per\u00fa<\/a><ul class='ez-toc-list-level-3' ><li class='ez-toc-heading-level-3'><a class=\"ez-toc-link ez-toc-heading-2\" href=\"https:\/\/oddsium.com\/pe\/casas-de-apuestas\/los-mejores-sitios-de-apuestas-con-streaming-en-vivo\/#%f0%9f%93%8cbetsson-increible-alternativa-para-ver-juegos-en-directo\" >\ud83d\udcccBetsson: incre\u00edble alternativa para ver juegos en directo<\/a><\/li><li class='ez-toc-page-1 ez-toc-heading-level-3'><a class=\"ez-toc-link ez-toc-heading-3\" href=\"https:\/\/oddsium.com\/pe\/casas-de-apuestas\/los-mejores-sitios-de-apuestas-con-streaming-en-vivo\/#%f0%9f%93%8cbetano-streaming-estable-y-funciones-interactivas\" >\ud83d\udcccBetano: streaming estable y funciones interactivas<\/a><\/li><li class='ez-toc-page-1 ez-toc-heading-level-3'><a class=\"ez-toc-link ez-toc-heading-4\" href=\"https:\/\/oddsium.com\/pe\/casas-de-apuestas\/los-mejores-sitios-de-apuestas-con-streaming-en-vivo\/#%f0%9f%93%8cbetsafe-calidad-y-estabilidad-en-sus-streaming-en-vivo\" >\ud83d\udcccBetsafe: calidad y estabilidad en sus streaming en vivo<\/a><\/li><li class='ez-toc-page-1 ez-toc-heading-level-3'><a class=\"ez-toc-link ez-toc-heading-5\" href=\"https:\/\/oddsium.com\/pe\/casas-de-apuestas\/los-mejores-sitios-de-apuestas-con-streaming-en-vivo\/#%f0%9f%93%8cbet365\" >\ud83d\udcccBet365<\/a><\/li><\/ul><\/li><li class='ez-toc-page-1 ez-toc-heading-level-2'><a class=\"ez-toc-link ez-toc-heading-6\" href=\"https:\/\/oddsium.com\/pe\/casas-de-apuestas\/los-mejores-sitios-de-apuestas-con-streaming-en-vivo\/#%f0%9f%94%8ddatos-importantes-de-los-sitios-de-apuestas-con-streaming-en-vivo\" >\ud83d\udd0dDatos importantes de los sitios de apuestas con streaming en vivo<\/a><\/li><li class='ez-toc-page-1 ez-toc-heading-level-2'><a class=\"ez-toc-link ez-toc-heading-7\" href=\"https:\/\/oddsium.com\/pe\/casas-de-apuestas\/los-mejores-sitios-de-apuestas-con-streaming-en-vivo\/#razones-para-elegir-oddsium-como-tu-mejor-aliado\" >Razones para elegir Oddsium como tu mejor aliado<\/a><\/li><li class='ez-toc-page-1 ez-toc-heading-level-2'><a class=\"ez-toc-link ez-toc-heading-8\" href=\"https:\/\/oddsium.com\/pe\/casas-de-apuestas\/los-mejores-sitios-de-apuestas-con-streaming-en-vivo\/#%f0%9f%8e%afconclusion-%c2%a1disfruta-de-tus-apuestas-en-la-mejor-resolucion\" >\ud83c\udfafConclusi\u00f3n: \u00a1Disfruta de tus apuestas en la mejor resoluci\u00f3n!<\/a><\/li><\/ul><\/nav><\/div>\n<h2 class=\"wp-block-heading\"><span class=\"ez-toc-section\" id=\"mejores-casas-de-apuestas-con-streaming-en-vivo-en-peru\"><\/span><strong>mejores casas de apuestas con streaming en vivo en Per\u00fa<\/strong><span class=\"ez-toc-section-end\"><\/span><\/h2>\n\n\n\n<p>Para los apostadores peruanos, seguir los partidos en vivo es fundamental. No solo por la adrenalina, sino tambi\u00e9n para apostar al instante con informaci\u00f3n actualizada. Por eso, hoy la mayor\u00eda de los sitios de apuestas en Per\u00fa ofrecen streaming de los eventos deportivos m\u00e1s importantes. Estas son algunas de las opciones que debes tener en cuenta: <\/p>\n\n\n\n<h3 class=\"wp-block-heading\"><span class=\"ez-toc-section\" id=\"%f0%9f%93%8cbetsson-increible-alternativa-para-ver-juegos-en-directo\"><\/span>\ud83d\udccc<strong>Betsson: incre\u00edble alternativa para ver juegos en directo<\/strong><span class=\"ez-toc-section-end\"><\/span><\/h3>\n\n\n\n<p>Es uno de los sitios de apuestas m\u00e1s confiables para apostar y ver los partidos en streaming. En Per\u00fa, es una de las opciones con mejor prestigio y opiniones positivas. Esta plataforma ofrece las siguientes ventajas en cuanto al streaming en vivo:<\/p>\n\n\n\n<p>\u2705Puedes disfrutar de diversos juegos en vivo, con opciones para todos los gustos.<br>\u2705La aplicaci\u00f3n m\u00f3vil es muy intuitiva y f\u00e1cil de usar.<br>\u2705La secci\u00f3n de streaming es sencilla de encontrar; solo toca el \u00edcono de \u201cPlay\u201d para comenzar.<br>\u2705Permite realizar apuestas simult\u00e1neas con mercados siempre actualizados durante cada partido.<br>\u2705Disponible para iOS y Android, la app ofrece una estabilidad impresionante.<\/p>\n\n\n\n<h3 class=\"wp-block-heading\"><span class=\"ez-toc-section\" id=\"%f0%9f%93%8cbetano-streaming-estable-y-funciones-interactivas\"><\/span>\ud83d\udccc<strong>Betano: streaming estable y funciones interactivas<\/strong><span class=\"ez-toc-section-end\"><\/span><\/h3>\n\n\n\n<p>Betano se ha consolidado en Per\u00fa como una de las casas de apuestas m\u00e1s populares. Es ideal para quienes disfrutan de apostar mientras ven el partido. Su streaming es de gran calidad y fluidez. Tiene un bot\u00f3n de \u201cEn vivo\u201d donde podr\u00e1s acceder a incontables eventos deportivos en vivo sin fallas. Entre sus ventajas destacan:<\/p>\n\n\n\n<p>\u2705Estad\u00edsticas en vivo que complementan el streaming para una experiencia completa.<br>\u2705Actualizaci\u00f3n constante de cuotas en tiempo real, permitiendo que ajustes tus apuestas seg\u00fan el desarrollo del evento.<br>\u2705Funci\u00f3n cashout activa para cerrar tus apuestas de forma anticipada, asegurando ganancias o minimizando p\u00e9rdidas antes del final del partido.<br>\u2705Aplicaci\u00f3n m\u00f3vil optimizada para iOS y Android, con una interfaz agradable, estable y f\u00e1cil de usar.<br>\u2705Ofrece promociones espec\u00edficas para apuestas en vivo, que potencian a\u00fan m\u00e1s tus oportunidades durante el juego.<\/p>\n\n\n\n<h3 class=\"wp-block-heading\"><span class=\"ez-toc-section\" id=\"%f0%9f%93%8cbetsafe-calidad-y-estabilidad-en-sus-streaming-en-vivo\"><\/span>\ud83d\udccc<strong>Betsafe: calidad y estabilidad en sus streaming en vivo<\/strong><span class=\"ez-toc-section-end\"><\/span><\/h3>\n\n\n\n<p>Esta es otra de las casas de apuestas que cuenta con licencia legal para operar en Per\u00fa. Es reconocida por su plataforma segura y r\u00e1pida. Su oferta de streaming en vivo para eventos deportivos relevantes es de muy buena calidad. Aunque su presencia es m\u00e1s discreta que la de otros operadores, Betsafe destaca por:<\/p>\n\n\n\n<p>\u2705Buena calidad de imagen con pocas interrupciones para una experiencia de visualizaci\u00f3n \u00f3ptima.<br>\u2705Amplia cobertura de deportes variados, incluyendo eventos menos populares que ampl\u00edan tus opciones de apuesta.<br>\u2705Interfaz limpia y f\u00e1cil de comprender, tanto en la versi\u00f3n web como en app m\u00f3vil.<br>\u2705Ofrece opciones atractivas para apuestas en vivo, gracias a un reajuste r\u00e1pido y din\u00e1mico de cuotas.<br>\u2705App disponible para Android e iOS, que permite ver los juegos sin limitaciones geogr\u00e1ficas.<\/p>\n\n\n\n<h3 class=\"wp-block-heading\"><span class=\"ez-toc-section\" id=\"%f0%9f%93%8cbet365\"><\/span>\ud83d\udccc<strong>Bet365<\/strong><span class=\"ez-toc-section-end\"><\/span><\/h3>\n\n\n\n<p>Bet365 no podia faltar ya que es uno de los sitios de apuestas que tambi\u00e9n ofrece streaming en vivo de m\u00faltiples partidos. Esta plataforma opera legalmente en Per\u00fa, tiene una interfaz completa y muy din\u00e1mica. Sus principales ventajas incluyen:<\/p>\n\n\n\n<p>\u2705 Streaming en vivo de varios deportes en buena resoluci\u00f3n y sin interrupciones molestas para una experiencia continua.<br>\u2705Estad\u00edsticas en tiempo real con gr\u00e1ficos detallados que te permiten hacer apuestas ajustadas a la realidad del juego.<br>\u2705Funci\u00f3n para apostar mientras ves el evento, incluyendo cashout para cerrar apuestas anticipadamente y gestionar mejor tus riesgos.<br>\u2705Aplicaci\u00f3n m\u00f3vil r\u00e1pida, intuitiva y optimizada para Android e iOS, dise\u00f1ada para ofrecer una navegaci\u00f3n fluida y estable durante las transmisiones.<\/p>\n\n\n\n<h2 class=\"wp-block-heading\"><span class=\"ez-toc-section\" id=\"%f0%9f%94%8ddatos-importantes-de-los-sitios-de-apuestas-con-streaming-en-vivo\"><\/span>\ud83d\udd0d<strong>Datos importantes de los sitios de apuestas con streaming en vivo<\/strong><span class=\"ez-toc-section-end\"><\/span><\/h2>\n\n\n\n<p>\u2611\ufe0fAlgunos sitios de apuestas con streaming en vivo exigen registro obligatorio para acceder al servicio.<br>\u2611\ufe0fRequieren que tengas saldo positivo o hayas hecho una apuesta reciente para disfrutar del streaming.<br>\u2611\ufe0fLimita el acceso a apostadores ocasionales o visitantes que no apuestan en el sitio.<\/p>\n\n\n\n<p>Este control ayuda a ofrecer un servicio de calidad y garantiza que el streaming en vivo est\u00e9 disponible para quienes realmente participan en apuestas en vivo.<\/p>\n\n\n\n<h2 class=\"wp-block-heading\"><span class=\"ez-toc-section\" id=\"razones-para-elegir-oddsium-como-tu-mejor-aliado\"><\/span><strong>Razones para elegir Oddsium como tu mejor aliado<\/strong><span class=\"ez-toc-section-end\"><\/span><\/h2>\n\n\n\n<p>1. <strong>An\u00e1lisis cr\u00edtico y transparente<\/strong> de las funciones clave, cuotas competitivas, actualizaciones en tiempo real y herramientas interactivas que potencian tus apuestas.<\/p>\n\n\n\n<p>2<strong>. Promociones exclusivas:<\/strong> te mantenemos al d\u00eda con los mejores bonos, ofertas y promociones especiales para apuestas en vivo, maximizando tu rentabilidad.<\/p>\n\n\n\n<p>3. <strong>Informaci\u00f3n completa y actualizada:<\/strong> adem\u00e1s de streaming, te ofrecemos datos precisos, <a href=\"https:\/\/oddsium.com\/pe\/odds\/\" title=\"\">comparaci\u00f3n de cuotas en tiempo real<\/a>, mercados, estad\u00edsticas y tendencias para que tomes decisiones informadas.<\/p>\n\n\n\n<h2 class=\"wp-block-heading\"><span class=\"ez-toc-section\" id=\"%f0%9f%8e%afconclusion-%c2%a1disfruta-de-tus-apuestas-en-la-mejor-resolucion\"><\/span>\ud83c\udfaf<strong>Conclusi\u00f3n: \u00a1Disfruta de tus apuestas en la mejor resoluci\u00f3n!<\/strong><span class=\"ez-toc-section-end\"><\/span><\/h2>\n\n\n\n<p>En Oddsium, tu satisfacci\u00f3n es nuestra prioridad. Por eso, te guiamos hacia plataformas que combinan tecnolog\u00eda avanzada, variedad de deportes y un soporte de calidad. <\/p>\n\n\n\n<p>Apostar mientras ves un juego en streaming es la mejor forma de vivir el deporte en Per\u00fa. Te ayudamos a elegir el sitio de apuestas ideal que tenga <a href=\"https:\/\/apuestasdeportivas.mincetur.gob.pe\/\" title=\"\">licencia vigente MINCETUR<\/a> para que disfrutes cada jugada al m\u00e1ximo. Recuerda, aprovechar las promociones en directo te har\u00e1 sacar la mejor ventaja.<\/p>\n","protected":false},"excerpt":{"rendered":"<p>Apostar en l\u00ednea es mucho m\u00e1s emocionante gracias al streaming en vivo. En Per\u00fa, la mayor\u00eda de los sitios de apuestas ya cuentan con esta funci\u00f3n. De esta manera, puedes ver el partido mientras haces tus jugadas de forma r\u00e1pida y sencilla. El streaming en vivo hace que la experiencia sea m\u00e1s completa, ya que [&hellip;]<\/p>\n","protected":false},"author":12,"featured_media":413,"parent":89,"menu_order":0,"comment_status":"closed","ping_status":"closed","template":"betting.php","meta":{"_acf_changed":false,"om_disable_all_campaigns":false,"footnotes":""},"class_list":["post-223","page","type-page","status-publish","has-post-thumbnail","hentry"],"acf":[],"aioseo_notices":[],"_links":{"self":[{"href":"https:\/\/oddsium.com\/pe\/wp-json\/wp\/v2\/pages\/223","targetHints":{"allow":["GET"]}}],"collection":[{"href":"https:\/\/oddsium.com\/pe\/wp-json\/wp\/v2\/pages"}],"about":[{"href":"https:\/\/oddsium.com\/pe\/wp-json\/wp\/v2\/types\/page"}],"author":[{"embeddable":true,"href":"https:\/\/oddsium.com\/pe\/wp-json\/wp\/v2\/users\/12"}],"replies":[{"embeddable":true,"href":"https:\/\/oddsium.com\/pe\/wp-json\/wp\/v2\/comments?post=223"}],"version-history":[{"count":3,"href":"https:\/\/oddsium.com\/pe\/wp-json\/wp\/v2\/pages\/223\/revisions"}],"predecessor-version":[{"id":3587,"href":"https:\/\/oddsium.com\/pe\/wp-json\/wp\/v2\/pages\/223\/revisions\/3587"}],"up":[{"embeddable":true,"href":"https:\/\/oddsium.com\/pe\/wp-json\/wp\/v2\/pages\/89"}],"wp:featuredmedia":[{"embeddable":true,"href":"https:\/\/oddsium.com\/pe\/wp-json\/wp\/v2\/media\/413"}],"wp:attachment":[{"href":"https:\/\/oddsium.com\/pe\/wp-json\/wp\/v2\/media?parent=223"}],"curies":[{"name":"wp","href":"https:\/\/api.w.org\/{rel}","templated":true}]}}