{"id":225,"date":"2025-05-22T08:32:37","date_gmt":"2025-05-22T08:32:37","guid":{"rendered":"https:\/\/oddsium.wpenginepowered.com\/pe\/?page_id=225"},"modified":"2026-03-20T07:23:27","modified_gmt":"2026-03-20T12:23:27","slug":"los-mejores-sitios-de-apuestas-para-moviles","status":"publish","type":"page","link":"https:\/\/oddsium.com\/pe\/casas-de-apuestas\/los-mejores-sitios-de-apuestas-para-moviles\/","title":{"rendered":"Mejores sitios de apuestas con app m\u00f3vil\u00a0en Per\u00fa"},"content":{"rendered":"\n<p>La tecnolog\u00eda cambi\u00f3 las reglas del juego. Ahora, tu celular es la puerta a una nueva forma de apostar. Ya no importa d\u00f3nde est\u00e9s o la hora, todo est\u00e1 al alcance de tu mano. Las apps m\u00f3viles hacen que apostar en l\u00ednea sea sencillo, r\u00e1pido y divertido. Adem\u00e1s, ofrecen funciones que antes solo imaginabas: apuestas en vivo, streaming en vivo y mucho m\u00e1s. Sin duda, apostar se convirti\u00f3 en una experiencia \u00e1gil y emocionante para todos. <\/p>\n\n\n\n<p>En Oddsium, entendemos que los sitios de apuestas con app m\u00f3vil&nbsp;son fundamentales para que disfrutes una experiencia m\u00e1s c\u00f3moda. Por eso, te ayudamos a encontrar las mejores opciones para que apuestes con total confianza en tu m\u00f3vil desde Per\u00fa. <\/p>\n\n\n\n<div id=\"ez-toc-container\" class=\"ez-toc-v2_0_81 counter-hierarchy ez-toc-counter ez-toc-grey ez-toc-container-direction\">\n<div class=\"ez-toc-title-container\">\n<p class=\"ez-toc-title\" style=\"cursor:inherit\">Table of Contents<\/p>\n<span class=\"ez-toc-title-toggle\"><a href=\"#\" class=\"ez-toc-pull-right ez-toc-btn ez-toc-btn-xs ez-toc-btn-default ez-toc-toggle\" aria-label=\"Toggle Table of Content\"><span class=\"ez-toc-js-icon-con\"><span class=\"\"><span class=\"eztoc-hide\" style=\"display:none;\">Toggle<\/span><span class=\"ez-toc-icon-toggle-span\"><svg style=\"fill: #999;color:#999\" xmlns=\"http:\/\/www.w3.org\/2000\/svg\" class=\"list-377408\" width=\"20px\" height=\"20px\" viewBox=\"0 0 24 24\" fill=\"none\"><path d=\"M6 6H4v2h2V6zm14 0H8v2h12V6zM4 11h2v2H4v-2zm16 0H8v2h12v-2zM4 16h2v2H4v-2zm16 0H8v2h12v-2z\" fill=\"currentColor\"><\/path><\/svg><svg style=\"fill: #999;color:#999\" class=\"arrow-unsorted-368013\" xmlns=\"http:\/\/www.w3.org\/2000\/svg\" width=\"10px\" height=\"10px\" viewBox=\"0 0 24 24\" version=\"1.2\" baseProfile=\"tiny\"><path d=\"M18.2 9.3l-6.2-6.3-6.2 6.3c-.2.2-.3.4-.3.7s.1.5.3.7c.2.2.4.3.7.3h11c.3 0 .5-.1.7-.3.2-.2.3-.5.3-.7s-.1-.5-.3-.7zM5.8 14.7l6.2 6.3 6.2-6.3c.2-.2.3-.5.3-.7s-.1-.5-.3-.7c-.2-.2-.4-.3-.7-.3h-11c-.3 0-.5.1-.7.3-.2.2-.3.5-.3.7s.1.5.3.7z\"\/><\/svg><\/span><\/span><\/span><\/a><\/span><\/div>\n<nav><ul class='ez-toc-list ez-toc-list-level-1 ' ><li class='ez-toc-page-1 ez-toc-heading-level-2'><a class=\"ez-toc-link ez-toc-heading-1\" href=\"https:\/\/oddsium.com\/pe\/casas-de-apuestas\/los-mejores-sitios-de-apuestas-para-moviles\/#%c2%bfpor-que-usar-apps-de-apuestas-deportivas\" >\u00bfPor qu\u00e9 usar apps de apuestas deportivas?<\/a><\/li><li class='ez-toc-page-1 ez-toc-heading-level-2'><a class=\"ez-toc-link ez-toc-heading-2\" href=\"https:\/\/oddsium.com\/pe\/casas-de-apuestas\/los-mejores-sitios-de-apuestas-para-moviles\/#mejores-apps-de-apuestas-para-moviles-en-peru\" >mejores apps de apuestas para m\u00f3viles en Per\u00fa<\/a><ul class='ez-toc-list-level-3' ><li class='ez-toc-heading-level-3'><a class=\"ez-toc-link ez-toc-heading-3\" href=\"https:\/\/oddsium.com\/pe\/casas-de-apuestas\/los-mejores-sitios-de-apuestas-para-moviles\/#%e2%98%91%ef%b8%8fstake\" >\u2611\ufe0fStake<\/a><\/li><li class='ez-toc-page-1 ez-toc-heading-level-3'><a class=\"ez-toc-link ez-toc-heading-4\" href=\"https:\/\/oddsium.com\/pe\/casas-de-apuestas\/los-mejores-sitios-de-apuestas-para-moviles\/#%e2%98%91%ef%b8%8fbetano\" >\u2611\ufe0fBetano<\/a><\/li><li class='ez-toc-page-1 ez-toc-heading-level-3'><a class=\"ez-toc-link ez-toc-heading-5\" href=\"https:\/\/oddsium.com\/pe\/casas-de-apuestas\/los-mejores-sitios-de-apuestas-para-moviles\/#%e2%98%91%ef%b8%8fbetsson\" >\u2611\ufe0fBetsson<\/a><\/li><li class='ez-toc-page-1 ez-toc-heading-level-3'><a class=\"ez-toc-link ez-toc-heading-6\" href=\"https:\/\/oddsium.com\/pe\/casas-de-apuestas\/los-mejores-sitios-de-apuestas-para-moviles\/#%e2%98%91%ef%b8%8fbetsafe\" >\u2611\ufe0fBetsafe<\/a><\/li><li class='ez-toc-page-1 ez-toc-heading-level-3'><a class=\"ez-toc-link ez-toc-heading-7\" href=\"https:\/\/oddsium.com\/pe\/casas-de-apuestas\/los-mejores-sitios-de-apuestas-para-moviles\/#%e2%98%91%ef%b8%8fcoolbet\" >\u2611\ufe0fCoolbet<\/a><\/li><\/ul><\/li><li class='ez-toc-page-1 ez-toc-heading-level-2'><a class=\"ez-toc-link ez-toc-heading-8\" href=\"https:\/\/oddsium.com\/pe\/casas-de-apuestas\/los-mejores-sitios-de-apuestas-para-moviles\/#%c2%bfque-debes-buscar-en-una-app-de-apuestas-deportivas\" >\u00bfQu\u00e9 debes buscar en una app de apuestas deportivas?<\/a><\/li><li class='ez-toc-page-1 ez-toc-heading-level-2'><a class=\"ez-toc-link ez-toc-heading-9\" href=\"https:\/\/oddsium.com\/pe\/casas-de-apuestas\/los-mejores-sitios-de-apuestas-para-moviles\/#consejos-para-jugar-en-sitios-de-apuestas-para-moviles\" >Consejos para jugar en sitios de apuestas para m\u00f3viles<\/a><\/li><li class='ez-toc-page-1 ez-toc-heading-level-2'><a class=\"ez-toc-link ez-toc-heading-10\" href=\"https:\/\/oddsium.com\/pe\/casas-de-apuestas\/los-mejores-sitios-de-apuestas-para-moviles\/#oddsium-te-ayuda-a-tomar-una-decision-correcta\" >Oddsium te ayuda a tomar una decisi\u00f3n correcta<\/a><\/li><li class='ez-toc-page-1 ez-toc-heading-level-2'><a class=\"ez-toc-link ez-toc-heading-11\" href=\"https:\/\/oddsium.com\/pe\/casas-de-apuestas\/los-mejores-sitios-de-apuestas-para-moviles\/#%f0%9f%8e%afconclusion-%c2%a1apuesta-desde-el-movil-facil-y-rapido\" >\ud83c\udfafConclusi\u00f3n: \u00a1Apuesta desde el m\u00f3vil f\u00e1cil y r\u00e1pido!<\/a><\/li><\/ul><\/nav><\/div>\n<h2 class=\"wp-block-heading\"><span class=\"ez-toc-section\" id=\"%c2%bfpor-que-usar-apps-de-apuestas-deportivas\"><\/span><strong>\u00bfPor qu\u00e9 usar apps de apuestas deportivas?<\/strong><span class=\"ez-toc-section-end\"><\/span><\/h2>\n\n\n\n<p>Apostar desde el m\u00f3vil te da libertad total para disfrutar de tus juegos favoritos sin importar d\u00f3nde est\u00e9s. Puedes jugar cuando quieras, ya sea en casa, en la calle o durante un descanso. Las aplicaciones est\u00e1n dise\u00f1adas para ser sencillas, r\u00e1pidas y seguras, lo que las hace perfectas incluso si eres nuevo en el mundo de las apuestas. Gracias a su interfaz intuitiva, navegar y realizar apuestas es muy f\u00e1cil.<\/p>\n\n\n\n<p>Adem\u00e1s, estas apps te mantienen conectado con notificaciones en tiempo real sobre tus apuestas, eventos deportivos y promociones exclusivas que no querr\u00e1s perderte. Tambi\u00e9n puedes aprovechar funciones avanzadas, como las apuestas en vivo o el cashout. Todo esto lo tienes al alcance de tu mano, para que apuestes de manera c\u00f3moda y siempre al d\u00eda.<\/p>\n\n\n\n<h2 class=\"wp-block-heading\"><span class=\"ez-toc-section\" id=\"mejores-apps-de-apuestas-para-moviles-en-peru\"><\/span><strong>mejores apps de apuestas para m\u00f3viles en Per\u00fa<\/strong><span class=\"ez-toc-section-end\"><\/span><\/h2>\n\n\n\n<p>\u00a1Ya es un hecho! Apostar desde el celular se ha vuelto la forma favorita de muchos. Las apps de apuestas para m\u00f3viles ofrecen rapidez y sobre todo comodidad para jugar donde quieras. Aqu\u00ed, te presentamos las mejores opciones disponibles en Per\u00fa:<\/p>\n\n\n\n<h3 class=\"wp-block-heading\"><span class=\"ez-toc-section\" id=\"%e2%98%91%ef%b8%8fstake\"><\/span><strong>\u2611\ufe0fStake<\/strong><span class=\"ez-toc-section-end\"><\/span><\/h3>\n\n\n\n<p>Stake es una casa de apuestas que ha ganado popularidad r\u00e1pidamente en Per\u00fa tras obtener su licencia oficial. Su aplicaci\u00f3n m\u00f3vil tiene un dise\u00f1o moderno pensado para que apuestes f\u00e1cil y r\u00e1pido. Stake pone un especial \u00e9nfasis en el f\u00fatbol peruano, ofreciendo eventos y ligas locales que no siempre encuentras en otras aplicaciones. Adem\u00e1s, cuenta con la particularidad de tener un chat en vivo para atenci\u00f3n inmediata y promociones exclusivas para sus usuarios. Est\u00e1 disponible para dispositivos Android e iOS. Si te gusta lo nuevo, Stake es para ti.<\/p>\n\n\n\n<h3 class=\"wp-block-heading\"><span class=\"ez-toc-section\" id=\"%e2%98%91%ef%b8%8fbetano\"><\/span>\u2611\ufe0f<strong>Betano<\/strong><span class=\"ez-toc-section-end\"><\/span><\/h3>\n\n\n\n<p>Betano es por mucho uno de los sitios de apuestas para m\u00f3viles preferidos por los apostadores en Per\u00fa. Es f\u00e1cil de usar, disponible para Android y iOS, esta plataforma ofrece una experiencia fluida, con apuestas en vivo y streaming de partidos para que no te pierdas ning\u00fan detalle. Adem\u00e1s, Betano suele tener bonos de bienvenida que te ayudan a empezar con m\u00e1s plata. Si buscas una aplicaci\u00f3n que combine simplicidad y buenas promociones, Betano es una opci\u00f3n superior.<\/p>\n\n\n\n<h3 class=\"wp-block-heading\"><span class=\"ez-toc-section\" id=\"%e2%98%91%ef%b8%8fbetsson\"><\/span>\u2611\ufe0f<strong>Betsson<\/strong><span class=\"ez-toc-section-end\"><\/span><\/h3>\n\n\n\n<p>Betsson es una de las casas de apuestas m\u00e1s reconocidas y confiables en Per\u00fa. Su aplicaci\u00f3n para m\u00f3viles destaca por ofrecer una gran variedad de deportes y mercados, ideal para quienes quieren muchas opciones para apostar. Adem\u00e1s, Betsson integra m\u00e9todos de pago locales como Yape y PagoEfectivo, facilitando las transacciones para los usuarios peruanos. Su funci\u00f3n de cash out y apuestas en vivo te permiten controlar mejor tus jugadas, mientras que el soporte al cliente de su app para m\u00f3viles est\u00e1 siempre listo para ayudarte.<\/p>\n\n\n\n<h3 class=\"wp-block-heading\"><span class=\"ez-toc-section\" id=\"%e2%98%91%ef%b8%8fbetsafe\"><\/span>\u2611\ufe0f<strong>Betsafe<\/strong><span class=\"ez-toc-section-end\"><\/span><\/h3>\n\n\n\n<p>Este es uno de los sitios de apuestas para m\u00f3viles m\u00e1s conocidos entre los peruanos. Su interfaz tiene un dise\u00f1o amigable y navegaci\u00f3n simple, perfecta para principiantes. Su aplicaci\u00f3n est\u00e1 disponible para Android e iOS y lo mejor es que ofrece bonos exclusivos para usuarios m\u00f3viles. Adem\u00e1s, Betsafe brinda opciones de retiro r\u00e1pido y soporte en vivo, para que puedas resolver cualquier duda en la app sin complicaciones. Es una plataforma segura y regulada en Per\u00fa que te da confianza para apostar desde el celular.<\/p>\n\n\n\n<h3 class=\"wp-block-heading\"><span class=\"ez-toc-section\" id=\"%e2%98%91%ef%b8%8fcoolbet\"><\/span>\u2611\ufe0f<strong>Coolbet<\/strong><span class=\"ez-toc-section-end\"><\/span><\/h3>\n\n\n\n<p>Coolbet es una app estable y confiable que destaca por su excelente servicio de streaming en vivo, ideal para los que disfrutan apostar en tiempo real. Disponible para Android y iOS, esta plataforma cubre una amplia variedad de eventos deportivos nacionales e internacionales. Su interfaz es sencilla y r\u00e1pida, perfecta para apostar sin perder tiempo. Adem\u00e1s, Coolbet ofrece promociones especiales para usuarios m\u00f3viles, haciendo que la experiencia sea a\u00fan m\u00e1s completa y entretenida.<\/p>\n\n\n\n<h2 class=\"wp-block-heading\"><span class=\"ez-toc-section\" id=\"%c2%bfque-debes-buscar-en-una-app-de-apuestas-deportivas\"><\/span><strong>\u00bfQu\u00e9 debes buscar en una app de apuestas deportivas?<\/strong><span class=\"ez-toc-section-end\"><\/span><\/h2>\n\n\n\n<p>\u2705Navegaci\u00f3n r\u00e1pida y sin complicaciones.<br>\u2705 Interfaz simple e intuitiva para todos los usuarios.<br>\u2705Licencia oficial que garantiza la seguridad de tus datos y dinero.<br>\u2705M\u00e9todos de pago locales confiables, como Yape y PagoEfectivo.<br>\u2705Bonos y promociones irresistibles para sacar el m\u00e1ximo provecho a tu inversi\u00f3n.<br>\u2705Funciones avanzadas, como apuestas en vivo y cashout para mayor control.<br>\u2705Soporte al cliente \u00e1gil, accesible y siempre dispuesto a ayudarte.<\/p>\n\n\n\n<h2 class=\"wp-block-heading\"><span class=\"ez-toc-section\" id=\"consejos-para-jugar-en-sitios-de-apuestas-para-moviles\"><\/span><strong>Consejos para jugar en sitios de apuestas para m\u00f3viles<\/strong><span class=\"ez-toc-section-end\"><\/span><\/h2>\n\n\n\n<figure class=\"wp-block-image size-large\"><img loading=\"lazy\" decoding=\"async\" width=\"1024\" height=\"726\" src=\"https:\/\/oddsium.com\/pe\/wp-content\/uploads\/sites\/6\/2025\/09\/persona-apostando-por-app-movil-de-apuestas-1024x726.jpg\" alt=\"\" class=\"wp-image-678\" srcset=\"https:\/\/oddsium.com\/pe\/wp-content\/uploads\/sites\/6\/2025\/09\/persona-apostando-por-app-movil-de-apuestas-1024x726.jpg 1024w, https:\/\/oddsium.com\/pe\/wp-content\/uploads\/sites\/6\/2025\/09\/persona-apostando-por-app-movil-de-apuestas-300x213.jpg 300w, https:\/\/oddsium.com\/pe\/wp-content\/uploads\/sites\/6\/2025\/09\/persona-apostando-por-app-movil-de-apuestas-768x545.jpg 768w, https:\/\/oddsium.com\/pe\/wp-content\/uploads\/sites\/6\/2025\/09\/persona-apostando-por-app-movil-de-apuestas-1536x1090.jpg 1536w, https:\/\/oddsium.com\/pe\/wp-content\/uploads\/sites\/6\/2025\/09\/persona-apostando-por-app-movil-de-apuestas.jpg 1748w\" sizes=\"auto, (max-width: 1024px) 100vw, 1024px\" \/><\/figure>\n\n\n\n<ol class=\"wp-block-list\">\n<li>Descarga las aplicaciones solo desde fuentes oficiales para evitar riesgos.<\/li>\n\n\n\n<li>Usa conexiones seguras para proteger tus datos personales.<\/li>\n\n\n\n<li>Aprovecha los bonos de bienvenida para aumentar tu saldo inicial.<\/li>\n\n\n\n<li>Controla tu presupuesto y apuesta siempre con responsabilidad.<\/li>\n\n\n\n<li>Haz <a href=\"https:\/\/oddsium.com\/pe\/odds\/\" title=\"\">comparaci\u00f3n de cuotas <\/a>en tiempo real para tomar mejores decisiones.<\/li>\n<\/ol>\n\n\n\n<h2 class=\"wp-block-heading\"><span class=\"ez-toc-section\" id=\"oddsium-te-ayuda-a-tomar-una-decision-correcta\"><\/span><strong>Oddsium te ayuda a tomar una decisi\u00f3n correcta<\/strong><span class=\"ez-toc-section-end\"><\/span><\/h2>\n\n\n\n<p>Para que puedas elegir la plataforma que m\u00e1s te conviene y apostar seguro desde tu celular, te ofrecemos: <\/p>\n\n\n\n<p>\ud83d\udcda Gu\u00edas claras y f\u00e1ciles de entender.<br>\ud83d\udcca Cuotas siempre actualizadas para aprovechar las mejores oportunidades.<br>\u2696\ufe0f Comparaci\u00f3n de las mejores apps para apuestas con <a href=\"https:\/\/apuestasdeportivas.mincetur.gob.pe\/\" title=\"\">licencia MINCETUR<\/a> en Per\u00fa.<br>\u2705 Informaci\u00f3n sobre los mejores sitios de apuestas para que uses el que m\u00e1s te convenga.<\/p>\n\n\n\n<h2 class=\"wp-block-heading\"><span class=\"ez-toc-section\" id=\"%f0%9f%8e%afconclusion-%c2%a1apuesta-desde-el-movil-facil-y-rapido\"><\/span>\ud83c\udfaf<strong>Conclusi\u00f3n: \u00a1Apuesta desde el m\u00f3vil f\u00e1cil y r\u00e1pido!<\/strong><span class=\"ez-toc-section-end\"><\/span><\/h2>\n\n\n\n<p>Apostar desde el m\u00f3vil es la forma m\u00e1s pr\u00e1ctica y segura para los peruanos. Aplicaciones reconocidas como las que te hemos mencionado se destacan por su legalidad. Sin embargo, tambien son los m\u00e1s usados por su facilidad de uso y promociones atractivas. <\/p>\n\n\n\n<p> En Oddsium, te acompa\u00f1amos para que elijas la mejor app de apuestas en Per\u00fa y apuestes con total confianza, est\u00e9s donde est\u00e9s.<\/p>\n","protected":false},"excerpt":{"rendered":"<p>La tecnolog\u00eda cambi\u00f3 las reglas del juego. Ahora, tu celular es la puerta a una nueva forma de apostar. Ya no importa d\u00f3nde est\u00e9s o la hora, todo est\u00e1 al alcance de tu mano. Las apps m\u00f3viles hacen que apostar en l\u00ednea sea sencillo, r\u00e1pido y divertido. Adem\u00e1s, ofrecen funciones que antes solo imaginabas: apuestas [&hellip;]<\/p>\n","protected":false},"author":12,"featured_media":410,"parent":89,"menu_order":0,"comment_status":"closed","ping_status":"closed","template":"betting.php","meta":{"_acf_changed":false,"om_disable_all_campaigns":false,"footnotes":""},"class_list":["post-225","page","type-page","status-publish","has-post-thumbnail","hentry"],"acf":[],"aioseo_notices":[],"_links":{"self":[{"href":"https:\/\/oddsium.com\/pe\/wp-json\/wp\/v2\/pages\/225","targetHints":{"allow":["GET"]}}],"collection":[{"href":"https:\/\/oddsium.com\/pe\/wp-json\/wp\/v2\/pages"}],"about":[{"href":"https:\/\/oddsium.com\/pe\/wp-json\/wp\/v2\/types\/page"}],"author":[{"embeddable":true,"href":"https:\/\/oddsium.com\/pe\/wp-json\/wp\/v2\/users\/12"}],"replies":[{"embeddable":true,"href":"https:\/\/oddsium.com\/pe\/wp-json\/wp\/v2\/comments?post=225"}],"version-history":[{"count":3,"href":"https:\/\/oddsium.com\/pe\/wp-json\/wp\/v2\/pages\/225\/revisions"}],"predecessor-version":[{"id":3591,"href":"https:\/\/oddsium.com\/pe\/wp-json\/wp\/v2\/pages\/225\/revisions\/3591"}],"up":[{"embeddable":true,"href":"https:\/\/oddsium.com\/pe\/wp-json\/wp\/v2\/pages\/89"}],"wp:featuredmedia":[{"embeddable":true,"href":"https:\/\/oddsium.com\/pe\/wp-json\/wp\/v2\/media\/410"}],"wp:attachment":[{"href":"https:\/\/oddsium.com\/pe\/wp-json\/wp\/v2\/media?parent=225"}],"curies":[{"name":"wp","href":"https:\/\/api.w.org\/{rel}","templated":true}]}}