{"id":230,"date":"2025-05-22T08:34:17","date_gmt":"2025-05-22T08:34:17","guid":{"rendered":"https:\/\/oddsium.wpenginepowered.com\/pe\/?page_id=230"},"modified":"2026-03-20T07:23:24","modified_gmt":"2026-03-20T12:23:24","slug":"mejores-sitios-de-apuestas-con-cuotas-mejoradas-en-peru","status":"publish","type":"page","link":"https:\/\/oddsium.com\/pe\/casas-de-apuestas\/mejores-sitios-de-apuestas-con-cuotas-mejoradas-en-peru\/","title":{"rendered":"Mejores sitios de apuestas con cuotas mejoradas en Per\u00fa"},"content":{"rendered":"\n<p>Si quieres maximizar tus ganancias al apostar, est\u00e1s en el lugar indicado. Apostar con cuotas mejoradas es una estrategia que no debes dejar pasar sobre todo si buscas obtener un mayor rendimiento por cada sol que inviertes. Estas cuotas aumentan el valor potencial de tus apuestas. Por eso, tus ganancias pueden ser considerablemente mayores. <\/p>\n\n\n\n<p>En esta gu\u00eda de Oddsium, te mostramos cu\u00e1les son los mejores sitios de apuestas con cuotas mejoradas en Per\u00fa para 2025. Adem\u00e1s, te explicamos c\u00f3mo funcionan y qu\u00e9 aspectos debes considerar para sacarles el m\u00e1ximo provecho.<\/p>\n\n\n\n<div id=\"ez-toc-container\" class=\"ez-toc-v2_0_81 counter-hierarchy ez-toc-counter ez-toc-grey ez-toc-container-direction\">\n<div class=\"ez-toc-title-container\">\n<p class=\"ez-toc-title\" style=\"cursor:inherit\">Table of Contents<\/p>\n<span class=\"ez-toc-title-toggle\"><a href=\"#\" class=\"ez-toc-pull-right ez-toc-btn ez-toc-btn-xs ez-toc-btn-default ez-toc-toggle\" aria-label=\"Toggle Table of Content\"><span class=\"ez-toc-js-icon-con\"><span class=\"\"><span class=\"eztoc-hide\" style=\"display:none;\">Toggle<\/span><span class=\"ez-toc-icon-toggle-span\"><svg style=\"fill: #999;color:#999\" xmlns=\"http:\/\/www.w3.org\/2000\/svg\" class=\"list-377408\" width=\"20px\" height=\"20px\" viewBox=\"0 0 24 24\" fill=\"none\"><path d=\"M6 6H4v2h2V6zm14 0H8v2h12V6zM4 11h2v2H4v-2zm16 0H8v2h12v-2zM4 16h2v2H4v-2zm16 0H8v2h12v-2z\" fill=\"currentColor\"><\/path><\/svg><svg style=\"fill: #999;color:#999\" class=\"arrow-unsorted-368013\" xmlns=\"http:\/\/www.w3.org\/2000\/svg\" width=\"10px\" height=\"10px\" viewBox=\"0 0 24 24\" version=\"1.2\" baseProfile=\"tiny\"><path d=\"M18.2 9.3l-6.2-6.3-6.2 6.3c-.2.2-.3.4-.3.7s.1.5.3.7c.2.2.4.3.7.3h11c.3 0 .5-.1.7-.3.2-.2.3-.5.3-.7s-.1-.5-.3-.7zM5.8 14.7l6.2 6.3 6.2-6.3c.2-.2.3-.5.3-.7s-.1-.5-.3-.7c-.2-.2-.4-.3-.7-.3h-11c-.3 0-.5.1-.7.3-.2.2-.3.5-.3.7s.1.5.3.7z\"\/><\/svg><\/span><\/span><\/span><\/a><\/span><\/div>\n<nav><ul class='ez-toc-list ez-toc-list-level-1 ' ><li class='ez-toc-page-1 ez-toc-heading-level-2'><a class=\"ez-toc-link ez-toc-heading-1\" href=\"https:\/\/oddsium.com\/pe\/casas-de-apuestas\/mejores-sitios-de-apuestas-con-cuotas-mejoradas-en-peru\/#cuotas-mejoradas-en-apuestas-deportivas-multiplica-tus-ganancias\" >Cuotas mejoradas en apuestas deportivas: Multiplica tus ganancias.&nbsp;<\/a><ul class='ez-toc-list-level-3' ><li class='ez-toc-heading-level-3'><a class=\"ez-toc-link ez-toc-heading-2\" href=\"https:\/\/oddsium.com\/pe\/casas-de-apuestas\/mejores-sitios-de-apuestas-con-cuotas-mejoradas-en-peru\/#%e2%9a%bdfutbol\" >\u26bdFutbol<\/a><\/li><li class='ez-toc-page-1 ez-toc-heading-level-3'><a class=\"ez-toc-link ez-toc-heading-3\" href=\"https:\/\/oddsium.com\/pe\/casas-de-apuestas\/mejores-sitios-de-apuestas-con-cuotas-mejoradas-en-peru\/#%f0%9f%8f%80basquet\" >\ud83c\udfc0B\u00e1squet<\/a><\/li><li class='ez-toc-page-1 ez-toc-heading-level-3'><a class=\"ez-toc-link ez-toc-heading-4\" href=\"https:\/\/oddsium.com\/pe\/casas-de-apuestas\/mejores-sitios-de-apuestas-con-cuotas-mejoradas-en-peru\/#%e2%9a%bebeisbol\" >\u26beB\u00e9isbol<\/a><\/li><li class='ez-toc-page-1 ez-toc-heading-level-3'><a class=\"ez-toc-link ez-toc-heading-5\" href=\"https:\/\/oddsium.com\/pe\/casas-de-apuestas\/mejores-sitios-de-apuestas-con-cuotas-mejoradas-en-peru\/#%f0%9f%8e%betenis\" >\ud83c\udfbeTenis<\/a><\/li><li class='ez-toc-page-1 ez-toc-heading-level-3'><a class=\"ez-toc-link ez-toc-heading-6\" href=\"https:\/\/oddsium.com\/pe\/casas-de-apuestas\/mejores-sitios-de-apuestas-con-cuotas-mejoradas-en-peru\/#%f0%9f%8f%90voleibol\" >\ud83c\udfd0Voleibol<\/a><\/li><li class='ez-toc-page-1 ez-toc-heading-level-3'><a class=\"ez-toc-link ez-toc-heading-7\" href=\"https:\/\/oddsium.com\/pe\/casas-de-apuestas\/mejores-sitios-de-apuestas-con-cuotas-mejoradas-en-peru\/#%f0%9f%90%8ecarreras-de-caballos\" >\ud83d\udc0eCarreras de caballos<\/a><\/li><li class='ez-toc-page-1 ez-toc-heading-level-3'><a class=\"ez-toc-link ez-toc-heading-8\" href=\"https:\/\/oddsium.com\/pe\/casas-de-apuestas\/mejores-sitios-de-apuestas-con-cuotas-mejoradas-en-peru\/#%f0%9f%8f%8e%ef%b8%8fformula-1\" >\ud83c\udfce\ufe0fF\u00f3rmula 1<\/a><\/li><li class='ez-toc-page-1 ez-toc-heading-level-3'><a class=\"ez-toc-link ez-toc-heading-9\" href=\"https:\/\/oddsium.com\/pe\/casas-de-apuestas\/mejores-sitios-de-apuestas-con-cuotas-mejoradas-en-peru\/#%f0%9f%a5%8aufcmma\" >\ud83e\udd4aUFC\/MMA<\/a><\/li><li class='ez-toc-page-1 ez-toc-heading-level-3'><a class=\"ez-toc-link ez-toc-heading-10\" href=\"https:\/\/oddsium.com\/pe\/casas-de-apuestas\/mejores-sitios-de-apuestas-con-cuotas-mejoradas-en-peru\/#%f0%9f%8f%88futbol-americano-nfl\" >\ud83c\udfc8F\u00fatbol americano NFL<\/a><\/li><\/ul><\/li><li class='ez-toc-page-1 ez-toc-heading-level-2'><a class=\"ez-toc-link ez-toc-heading-11\" href=\"https:\/\/oddsium.com\/pe\/casas-de-apuestas\/mejores-sitios-de-apuestas-con-cuotas-mejoradas-en-peru\/#como-escoger-las-mejores-casas-de-apuestas-con-cuotas-mejoradas-en-peru\" >C\u00f3mo escoger las mejores casas de apuestas con cuotas mejoradas en Per\u00fa<\/a><ul class='ez-toc-list-level-3' ><li class='ez-toc-heading-level-3'><a class=\"ez-toc-link ez-toc-heading-12\" href=\"https:\/\/oddsium.com\/pe\/casas-de-apuestas\/mejores-sitios-de-apuestas-con-cuotas-mejoradas-en-peru\/#%f0%9f%94%b8promociones-frecuentes\" >\ud83d\udd38Promociones frecuentes<\/a><\/li><li class='ez-toc-page-1 ez-toc-heading-level-3'><a class=\"ez-toc-link ez-toc-heading-13\" href=\"https:\/\/oddsium.com\/pe\/casas-de-apuestas\/mejores-sitios-de-apuestas-con-cuotas-mejoradas-en-peru\/#%f0%9f%94%b8visibilidad-y-accesibilidad-de-las-cuotas-mejoradas\" >\ud83d\udd38Visibilidad y accesibilidad de las cuotas mejoradas<\/a><\/li><li class='ez-toc-page-1 ez-toc-heading-level-3'><a class=\"ez-toc-link ez-toc-heading-14\" href=\"https:\/\/oddsium.com\/pe\/casas-de-apuestas\/mejores-sitios-de-apuestas-con-cuotas-mejoradas-en-peru\/#%f0%9f%94%b8experiencia-movil-fluida\" >\ud83d\udd38Experiencia m\u00f3vil fluida<\/a><\/li><li class='ez-toc-page-1 ez-toc-heading-level-3'><a class=\"ez-toc-link ez-toc-heading-15\" href=\"https:\/\/oddsium.com\/pe\/casas-de-apuestas\/mejores-sitios-de-apuestas-con-cuotas-mejoradas-en-peru\/#%f0%9f%94%b8variedad-y-conveniencia-en-metodos-de-pago\" >\ud83d\udd38Variedad y conveniencia en m\u00e9todos de pago.<\/a><\/li><li class='ez-toc-page-1 ez-toc-heading-level-3'><a class=\"ez-toc-link ez-toc-heading-16\" href=\"https:\/\/oddsium.com\/pe\/casas-de-apuestas\/mejores-sitios-de-apuestas-con-cuotas-mejoradas-en-peru\/#%f0%9f%94%b8rapidez-en-los-retiros\" >\ud83d\udd38Rapidez en los retiros<\/a><\/li><\/ul><\/li><li class='ez-toc-page-1 ez-toc-heading-level-2'><a class=\"ez-toc-link ez-toc-heading-17\" href=\"https:\/\/oddsium.com\/pe\/casas-de-apuestas\/mejores-sitios-de-apuestas-con-cuotas-mejoradas-en-peru\/#promociones-de-cuotas-mejoradas-en-sitios-de-apuesta-en-peru\" >Promociones de cuotas mejoradas en sitios de apuesta en per\u00fa&nbsp;<\/a><ul class='ez-toc-list-level-3' ><li class='ez-toc-heading-level-3'><a class=\"ez-toc-link ez-toc-heading-18\" href=\"https:\/\/oddsium.com\/pe\/casas-de-apuestas\/mejores-sitios-de-apuestas-con-cuotas-mejoradas-en-peru\/#1%ef%b8%8f%e2%83%a3betsafe-espana-la-liga\" >1\ufe0f\u20e3Betsafe: Espa\u00f1a La Liga&nbsp;<\/a><\/li><li class='ez-toc-page-1 ez-toc-heading-level-3'><a class=\"ez-toc-link ez-toc-heading-19\" href=\"https:\/\/oddsium.com\/pe\/casas-de-apuestas\/mejores-sitios-de-apuestas-con-cuotas-mejoradas-en-peru\/#2%ef%b8%8f%e2%83%a3bet365-copa-libertadores-2025\" >2\ufe0f\u20e3Bet365: Copa Libertadores 2025<\/a><\/li><li class='ez-toc-page-1 ez-toc-heading-level-3'><a class=\"ez-toc-link ez-toc-heading-20\" href=\"https:\/\/oddsium.com\/pe\/casas-de-apuestas\/mejores-sitios-de-apuestas-con-cuotas-mejoradas-en-peru\/#3%ef%b8%8f%e2%83%a3betsson-peru-liga-1\" >3\ufe0f\u20e3Betsson: Per\u00fa Liga 1<\/a><\/li><\/ul><\/li><li class='ez-toc-page-1 ez-toc-heading-level-2'><a class=\"ez-toc-link ez-toc-heading-21\" href=\"https:\/\/oddsium.com\/pe\/casas-de-apuestas\/mejores-sitios-de-apuestas-con-cuotas-mejoradas-en-peru\/#mejores-sitios-de-apuestas-con-cuotas-mejoradas-en-peru\" >Mejores sitios de apuestas con cuotas mejoradas en Per\u00fa<\/a><\/li><li class='ez-toc-page-1 ez-toc-heading-level-2'><a class=\"ez-toc-link ez-toc-heading-22\" href=\"https:\/\/oddsium.com\/pe\/casas-de-apuestas\/mejores-sitios-de-apuestas-con-cuotas-mejoradas-en-peru\/#como-usar-las-cuotas-mejoradas-siendo-principiante\" >C\u00f3mo usar las cuotas mejoradas siendo principiante<\/a><\/li><li class='ez-toc-page-1 ez-toc-heading-level-2'><a class=\"ez-toc-link ez-toc-heading-23\" href=\"https:\/\/oddsium.com\/pe\/casas-de-apuestas\/mejores-sitios-de-apuestas-con-cuotas-mejoradas-en-peru\/#%c2%bfcomo-te-ayuda-oddsium-a-encontrar-las-mejores-cuotas-en-peru\" >\u00bfC\u00f3mo te ayuda Oddsium a encontrar las mejores cuotas en Per\u00fa?<\/a><\/li><\/ul><\/nav><\/div>\n<h2 class=\"wp-block-heading\"><span class=\"ez-toc-section\" id=\"cuotas-mejoradas-en-apuestas-deportivas-multiplica-tus-ganancias\"><\/span><strong>Cuotas mejoradas en apuestas deportivas: Multiplica tus ganancias.&nbsp;<\/strong><span class=\"ez-toc-section-end\"><\/span><\/h2>\n\n\n\n<p>Existen opciones de cuotas mejoradas en m\u00faltiples deportes y mercados. Por eso, aqu\u00ed te dejamos algunas opciones para que tengas una idea:<\/p>\n\n\n\n<h3 class=\"wp-block-heading\"><span class=\"ez-toc-section\" id=\"%e2%9a%bdfutbol\"><\/span><strong>\u26bdFutbol<\/strong><span class=\"ez-toc-section-end\"><\/span><\/h3>\n\n\n\n<p>&nbsp;Partidos de la Liga 1, Copa Libertadores y eventos internacionales como la Champions League, Premier League y otras.&nbsp;<\/p>\n\n\n\n<h3 class=\"wp-block-heading\"><span class=\"ez-toc-section\" id=\"%f0%9f%8f%80basquet\"><\/span><strong>\ud83c\udfc0B\u00e1squet<\/strong><span class=\"ez-toc-section-end\"><\/span><\/h3>\n\n\n\n<p>&nbsp;&nbsp;NBA y Euroliga con cuotas mejoradas en puntos anotados, triples y totales de partido.<\/p>\n\n\n\n<h3 class=\"wp-block-heading\"><span class=\"ez-toc-section\" id=\"%e2%9a%bebeisbol\"><\/span><strong>\u26beB\u00e9isbol<\/strong><span class=\"ez-toc-section-end\"><\/span><\/h3>\n\n\n\n<p>&nbsp;MLB y ligas internacionales con cuotas mejoradas en ganador del partido, total de carreras y apuestas especiales como jonrones y hits.<\/p>\n\n\n\n<h3 class=\"wp-block-heading\"><span class=\"ez-toc-section\" id=\"%f0%9f%8e%betenis\"><\/span><strong>\ud83c\udfbeTenis<\/strong><span class=\"ez-toc-section-end\"><\/span><\/h3>\n\n\n\n<p>En torneos Grand Slam y ATP, especialmente en apuestas a ganador sin perder sets o n\u00famero de aces.<\/p>\n\n\n\n<h3 class=\"wp-block-heading\"><span class=\"ez-toc-section\" id=\"%f0%9f%8f%90voleibol\"><\/span><strong>\ud83c\udfd0Voleibol<\/strong><span class=\"ez-toc-section-end\"><\/span><\/h3>\n\n\n\n<p>&nbsp;Con cuotas mejoradas en partidos clave de la Liga Nacional y torneos internacionales femeninos.<\/p>\n\n\n\n<h3 class=\"wp-block-heading\"><span class=\"ez-toc-section\" id=\"%f0%9f%90%8ecarreras-de-caballos\"><\/span><strong>\ud83d\udc0eCarreras de caballos<\/strong><span class=\"ez-toc-section-end\"><\/span><\/h3>\n\n\n\n<p><strong>&nbsp;<\/strong>Suelen centrarse en eventos internacionales prestigiosos como el Kentucky Derby, Grand National, Melbourne Cup o Dubai World Cup en mercados de ganador, posiciones y combinadas.<\/p>\n\n\n\n<h3 class=\"wp-block-heading\"><span class=\"ez-toc-section\" id=\"%f0%9f%8f%8e%ef%b8%8fformula-1\"><\/span><strong>\ud83c\udfce\ufe0fF\u00f3rmula 1<\/strong><span class=\"ez-toc-section-end\"><\/span><\/h3>\n\n\n\n<p>Cuotas mejoradas en eventos como<strong>&nbsp;<\/strong>Gran Premio de M\u00f3naco, Gran Premio de Silverstone (Reino Unido), Gran Premio de Monza (Italia), Gran Premio de Abu Dhabi en apuestas a ganador de carrera, podio y vuelta r\u00e1pida en estos eventos.<\/p>\n\n\n\n<h3 class=\"wp-block-heading\"><span class=\"ez-toc-section\" id=\"%f0%9f%a5%8aufcmma\"><\/span><strong>\ud83e\udd4aUFC\/MMA<\/strong><span class=\"ez-toc-section-end\"><\/span><\/h3>\n\n\n\n<p>En eventos como UFC Fight Night, UFC Pay-Per-View (PPV) Events como UFC 294, UFC 295, Bellator MMA con cuotas mejoradas se aplican en mercados de m\u00e9todo de victoria, ronda exacta y n\u00famero de asaltos.<\/p>\n\n\n\n<h3 class=\"wp-block-heading\"><span class=\"ez-toc-section\" id=\"%f0%9f%8f%88futbol-americano-nfl\"><\/span><strong>\ud83c\udfc8F\u00fatbol americano NFL<\/strong><span class=\"ez-toc-section-end\"><\/span><\/h3>\n\n\n\n<p>&nbsp;En la temporada regular, los Playoffs, Super Bowl y las cuotas se concentran en partidos destacados y mercados combinados.<\/p>\n\n\n\n<p><em>\ud83d\udccc Si apuestas en estas cuotas mejoradas, tus ganancias potenciales ser\u00e1n mayores que en una apuesta tradicional.<\/em><\/p>\n\n\n\n<h2 class=\"wp-block-heading\"><span class=\"ez-toc-section\" id=\"como-escoger-las-mejores-casas-de-apuestas-con-cuotas-mejoradas-en-peru\"><\/span><strong>C\u00f3mo escoger las mejores casas de apuestas con cuotas mejoradas en Per\u00fa<\/strong><span class=\"ez-toc-section-end\"><\/span><\/h2>\n\n\n\n<p>Las cuotas mejoradas pueden variar seg\u00fan la casa de apuestas. Por ello, es fundamental comparar cu\u00e1les ofrecen un mayor margen de ganancia antes de realizar tu apuesta. Si no sabes c\u00f3mo filtrar y elegir la mejor opci\u00f3n, considera los siguientes puntos clave:<\/p>\n\n\n\n<h3 class=\"wp-block-heading\"><span class=\"ez-toc-section\" id=\"%f0%9f%94%b8promociones-frecuentes\"><\/span><strong>\ud83d\udd38Promociones frecuentes<\/strong><span class=\"ez-toc-section-end\"><\/span><\/h3>\n\n\n\n<p>Filtra entre sitios que ofrecen cuotas mejoradas diariamente y los que solo las dan en eventos especiales. Si apuestas con frecuencia, elige casas con cuotas diarias para aprovechar m\u00e1s oportunidades. Piensa en tu estilo de apuesta y escoge la opci\u00f3n que mejor se adapte a ti.<\/p>\n\n\n\n<h3 class=\"wp-block-heading\"><span class=\"ez-toc-section\" id=\"%f0%9f%94%b8visibilidad-y-accesibilidad-de-las-cuotas-mejoradas\"><\/span><strong>\ud83d\udd38Visibilidad y accesibilidad de las cuotas mejoradas<\/strong><span class=\"ez-toc-section-end\"><\/span><\/h3>\n\n\n\n<p>Es fundamental que las promociones sean f\u00e1ciles de encontrar. Las mejores casas de apuestas resaltan las cuotas mejoradas con etiquetas claras y visibles. Esto permite a los apostadores identificar r\u00e1pidamente las ofertas m\u00e1s atractivas.<\/p>\n\n\n\n<h3 class=\"wp-block-heading\"><span class=\"ez-toc-section\" id=\"%f0%9f%94%b8experiencia-movil-fluida\"><\/span><strong>\ud83d\udd38Experiencia m\u00f3vil fluida<\/strong><span class=\"ez-toc-section-end\"><\/span><\/h3>\n\n\n\n<p>Si prefieres apostar en <a href=\"https:\/\/oddsium.com\/pe\/casas-de-apuestas\/los-mejores-sitios-de-apuestas-para-moviles\/\" title=\"\">sitios de apuestas con app m\u00f3vil en Per\u00fa<\/a>, la rapidez y estabilidad de la aplicaci\u00f3n son clave. Una app bien dise\u00f1ada te permitir\u00e1 acceder r\u00e1pido a las cuotas mejoradas. Adem\u00e1s, te brindar\u00e1 una experiencia fluida sin interrupciones ni retrasos<\/p>\n\n\n\n<h3 class=\"wp-block-heading\"><span class=\"ez-toc-section\" id=\"%f0%9f%94%b8variedad-y-conveniencia-en-metodos-de-pago\"><\/span><strong>\ud83d\udd38Variedad y conveniencia en m\u00e9todos de pago.<\/strong><span class=\"ez-toc-section-end\"><\/span><\/h3>\n\n\n\n<p>Elige sitios de apuestas que acepten m\u00e9todos de pago confiables en Per\u00fa. Contar con varios m\u00e9todos facilita los dep\u00f3sitos y retiros, adapt\u00e1ndose a tus preferencias del apostador.<\/p>\n\n\n\n<h3 class=\"wp-block-heading\"><span class=\"ez-toc-section\" id=\"%f0%9f%94%b8rapidez-en-los-retiros\"><\/span><strong>\ud83d\udd38Rapidez en los retiros<\/strong><span class=\"ez-toc-section-end\"><\/span><\/h3>\n\n\n\n<p>Las mejores plataformas procesan retiros en pocas horas, evitando esperas innecesarias y garantizando una experiencia \u00e1gil.<\/p>\n\n\n\n<p><em>\ud83d\udcccEn Oddisium, investigamos por ti cu\u00e1les de los sitios de apuesta legales en per\u00fa cumplen con estas expectativas para que apuestes en ellos.&nbsp;<\/em><\/p>\n\n\n\n<h2 class=\"wp-block-heading\"><span class=\"ez-toc-section\" id=\"promociones-de-cuotas-mejoradas-en-sitios-de-apuesta-en-peru\"><\/span><strong>Promociones de cuotas mejoradas en sitios de apuesta en per\u00fa&nbsp;<\/strong><span class=\"ez-toc-section-end\"><\/span><\/h2>\n\n\n\n<p>Estas son algunas de las ofertas m\u00e1s recientes en apuestas deportivas de f\u00fatbol, con las mejores cuotas y promociones para aprovechar.<\/p>\n\n\n\n<h3 class=\"wp-block-heading\"><span class=\"ez-toc-section\" id=\"1%ef%b8%8f%e2%83%a3betsafe-espana-la-liga\"><\/span><strong>1\ufe0f\u20e3Betsafe: Espa\u00f1a La Liga&nbsp;<\/strong><span class=\"ez-toc-section-end\"><\/span><\/h3>\n\n\n\n<p><strong>Cuotas mejoradas de<\/strong>: 2.20 a 2.40<\/p>\n\n\n\n<p>Real Madrid vs. Mallorca<\/p>\n\n\n\n<p><strong>Anota en cualquier momento del partido:<\/strong>&nbsp;Vinicius&nbsp;<\/p>\n\n\n\n<h3 class=\"wp-block-heading\"><span class=\"ez-toc-section\" id=\"2%ef%b8%8f%e2%83%a3bet365-copa-libertadores-2025\"><\/span><strong>2\ufe0f\u20e3Bet365: Copa Libertadores 2025<\/strong><span class=\"ez-toc-section-end\"><\/span><\/h3>\n\n\n\n<p><strong>Cuotas mejoradas de<\/strong>: 5.50<\/p>\n\n\n\n<p><strong>Ganador final:<\/strong>&nbsp;Sociedade Esportiva Palmeiras<\/p>\n\n\n\n<h3 class=\"wp-block-heading\"><span class=\"ez-toc-section\" id=\"3%ef%b8%8f%e2%83%a3betsson-peru-liga-1\"><\/span><strong>3\ufe0f\u20e3Betsson: Per\u00fa Liga 1<\/strong><span class=\"ez-toc-section-end\"><\/span><\/h3>\n\n\n\n<p><strong>Cuotas mejoradas de:&nbsp;<\/strong>2.80 a 3.10<\/p>\n\n\n\n<p>Sport Huancayo vs Sport Boys Association&nbsp;<\/p>\n\n\n\n<p><strong>Local valla invicta:<\/strong>&nbsp;Si<\/p>\n\n\n\n<p><em>\u26a0\ufe0fLas ofertas mostradas aqu\u00ed pueden variar. Oddsium actualiza peri\u00f3dicamente las listas con las \u00faltimas cuotas para que est\u00e9s al d\u00eda.<\/em><\/p>\n\n\n\n<h2 class=\"wp-block-heading\"><span class=\"ez-toc-section\" id=\"mejores-sitios-de-apuestas-con-cuotas-mejoradas-en-peru\"><\/span><strong>Mejores sitios de apuestas con cuotas mejoradas en Per\u00fa<\/strong><span class=\"ez-toc-section-end\"><\/span><\/h2>\n\n\n\n<p>En Per\u00fa, es fundamental apostar en plataformas que cumplan con las regulaciones legales. Apostar en <a href=\"https:\/\/apuestasdeportivas.mincetur.gob.pe\/\" title=\"\">sitios de apuestas con licencia MINCETUR<\/a> garantiza seguridad y transparencia en tus jugadas. Algunas de las que ofrecen mejores cuotas mejoradas son:<\/p>\n\n\n\n<figure class=\"wp-block-table\"><table class=\"has-fixed-layout\"><tbody><tr><td><strong>Sitios de apuestas<\/strong><\/td><td><strong>Caracter\u00edsticas<\/strong><\/td><\/tr><tr><td>Bet365<\/td><td>Supercuotas en eventos internacionales y locales.<\/td><\/tr><tr><td>Codere Per\u00fa<\/td><td>Promociones regulares con cuotas aumentadas.<\/td><\/tr><tr><td>Betsafe<\/td><td>Cuotas mejoradas en deportes populares.<\/td><\/tr><tr><td>Betsson<\/td><td>Cuotas mejoradas y apuestas gratis en eventos clave<\/td><\/tr><\/tbody><\/table><\/figure>\n\n\n\n<p><em>\ud83d\udce2 Todos estos sitios de apuestas cuentan con licencia oficial para operar legalmente y tienen buenas ofertas en cuotas mejoradas<\/em><\/p>\n\n\n\n<h2 class=\"wp-block-heading\"><span class=\"ez-toc-section\" id=\"como-usar-las-cuotas-mejoradas-siendo-principiante\"><\/span><strong>C\u00f3mo usar las cuotas mejoradas siendo principiante<\/strong><span class=\"ez-toc-section-end\"><\/span><\/h2>\n\n\n\n<p>Si eres principiante, es fundamental que primero entiendas <a href=\"https:\/\/oddsium.com\/pe\/guides\/guia-de-apuestas-como-apostar-en-deportes-en-linea\/\" title=\"\">c\u00f3mo hacer apuestas deportivas en l\u00ednea en Per\u00fa<\/a> para que puedas tener \u00e9xito. Una vez sepas lo b\u00e1sico, puedes adentrarte en las cuotas mejoradas, que te permiten obtener un mayor valor por cada sol invertido. Aqu\u00ed te dejo el paso a paso para aprovechar las cuotas mejoradas de forma sencilla y segura:<\/p>\n\n\n\n<p>1\ufe0f\u20e3 Reg\u00edstrate en una casa de apuestas legales en Per\u00fa que ofrezca cuotas mejoradas (en esta gu\u00eda tienes opciones).<br>2\ufe0f\u20e3 Busca la secci\u00f3n o bot\u00f3n \u201cCuotas Mejoradas\u201d o \u201cS\u00faper Cuotas\u201d.<br>3\ufe0f\u20e3 Selecciona la apuesta con cuota mejorada del deporte que prefieras y agr\u00e9gala a tu boleto.<br>4\ufe0f\u20e3 Ingresa el monto que deseas apostar y confirma la apuesta.<\/p>\n\n\n\n<p>Si aciertas tu apuesta, recibir\u00e1s las ganancias calculadas con la cuota aumentada. Sin embargo, es importante que siempre leas los t\u00e9rminos y condiciones antes de apostar. Algunos sitios de apuestas establecen l\u00edmites m\u00e1ximos de ganancia o requisitos espec\u00edficos que debes cumplir.<\/p>\n\n\n\n<h2 class=\"wp-block-heading\"><span class=\"ez-toc-section\" id=\"%c2%bfcomo-te-ayuda-oddsium-a-encontrar-las-mejores-cuotas-en-peru\"><\/span><strong>\u00bfC\u00f3mo te ayuda Oddsium a encontrar las mejores cuotas en Per\u00fa?<\/strong><span class=\"ez-toc-section-end\"><\/span><\/h2>\n\n\n\n<p>En Oddsium, nos dedicamos a analizar y comparar las casas de apuestas legales en Per\u00fa. Nuestro objetivo es brindarte acceso a las cuotas mejoradas m\u00e1s atractivas. Con nosotros, obtendr\u00e1s:<\/p>\n\n\n\n<p>\u2705La recomendaci\u00f3n de expertos que analizan cada casa de apuestas a fondo.<br>\u2705Certezas sobre la seguridad, usabilidad y transparencia de las promociones para que apuestes con inteligencia.<br>\u2705Actualizamos constantemente las cuotas y ofertas para que est\u00e9s al d\u00eda.<br>\u2705Te ofrecemos comparativas claras y sin influencias comerciales.<\/p>\n\n\n\n<p><em>\ud83c\udfafGuarda esta p\u00e1gina y cons\u00faltala antes de apostar para estar siempre un paso adelante.<\/em><\/p>\n","protected":false},"excerpt":{"rendered":"<p>Si quieres maximizar tus ganancias al apostar, est\u00e1s en el lugar indicado. Apostar con cuotas mejoradas es una estrategia que no debes dejar pasar sobre todo si buscas obtener un mayor rendimiento por cada sol que inviertes. Estas cuotas aumentan el valor potencial de tus apuestas. Por eso, tus ganancias pueden ser considerablemente mayores. En [&hellip;]<\/p>\n","protected":false},"author":12,"featured_media":417,"parent":89,"menu_order":0,"comment_status":"closed","ping_status":"closed","template":"betting.php","meta":{"_acf_changed":false,"om_disable_all_campaigns":false,"footnotes":""},"class_list":["post-230","page","type-page","status-publish","has-post-thumbnail","hentry"],"acf":[],"aioseo_notices":[],"_links":{"self":[{"href":"https:\/\/oddsium.com\/pe\/wp-json\/wp\/v2\/pages\/230","targetHints":{"allow":["GET"]}}],"collection":[{"href":"https:\/\/oddsium.com\/pe\/wp-json\/wp\/v2\/pages"}],"about":[{"href":"https:\/\/oddsium.com\/pe\/wp-json\/wp\/v2\/types\/page"}],"author":[{"embeddable":true,"href":"https:\/\/oddsium.com\/pe\/wp-json\/wp\/v2\/users\/12"}],"replies":[{"embeddable":true,"href":"https:\/\/oddsium.com\/pe\/wp-json\/wp\/v2\/comments?post=230"}],"version-history":[{"count":3,"href":"https:\/\/oddsium.com\/pe\/wp-json\/wp\/v2\/pages\/230\/revisions"}],"predecessor-version":[{"id":3584,"href":"https:\/\/oddsium.com\/pe\/wp-json\/wp\/v2\/pages\/230\/revisions\/3584"}],"up":[{"embeddable":true,"href":"https:\/\/oddsium.com\/pe\/wp-json\/wp\/v2\/pages\/89"}],"wp:featuredmedia":[{"embeddable":true,"href":"https:\/\/oddsium.com\/pe\/wp-json\/wp\/v2\/media\/417"}],"wp:attachment":[{"href":"https:\/\/oddsium.com\/pe\/wp-json\/wp\/v2\/media?parent=230"}],"curies":[{"name":"wp","href":"https:\/\/api.w.org\/{rel}","templated":true}]}}