{"id":231,"date":"2025-05-22T08:34:35","date_gmt":"2025-05-22T08:34:35","guid":{"rendered":"https:\/\/oddsium.wpenginepowered.com\/pe\/?page_id=231"},"modified":"2026-03-20T07:23:26","modified_gmt":"2026-03-20T12:23:26","slug":"mejores-bonos-de-apuestas-online-en-peru","status":"publish","type":"page","link":"https:\/\/oddsium.com\/pe\/casas-de-apuestas\/mejores-bonos-de-apuestas-online-en-peru\/","title":{"rendered":"Mejores bonos de apuestas online en Per\u00fa"},"content":{"rendered":"\n<p>Si eres peruano y est\u00e1s buscando los mejores bonos de apuestas online, has llegado al lugar indicado. Te ofrecemos informaci\u00f3n actualizada sobre los bonos m\u00e1s atractivos, sus requisitos y condiciones. As\u00ed, podr\u00e1s aprovechar al m\u00e1ximo cada oportunidad y apostar\u00e1s como un verdadero experto. <\/p>\n\n\n\n<p>En Oddsium te mostramos los bonos m\u00e1s atractivos del mercado, para que no pierdas tiempo buscando entre tantas opciones. Sigue leyendo y descubre c\u00f3mo aprovechar estas promociones en Per\u00fa. <\/p>\n\n\n\n<div id=\"ez-toc-container\" class=\"ez-toc-v2_0_81 counter-hierarchy ez-toc-counter ez-toc-grey ez-toc-container-direction\">\n<div class=\"ez-toc-title-container\">\n<p class=\"ez-toc-title\" style=\"cursor:inherit\">Table of Contents<\/p>\n<span class=\"ez-toc-title-toggle\"><a href=\"#\" class=\"ez-toc-pull-right ez-toc-btn ez-toc-btn-xs ez-toc-btn-default ez-toc-toggle\" aria-label=\"Toggle Table of Content\"><span class=\"ez-toc-js-icon-con\"><span class=\"\"><span class=\"eztoc-hide\" style=\"display:none;\">Toggle<\/span><span class=\"ez-toc-icon-toggle-span\"><svg style=\"fill: #999;color:#999\" xmlns=\"http:\/\/www.w3.org\/2000\/svg\" class=\"list-377408\" width=\"20px\" height=\"20px\" viewBox=\"0 0 24 24\" fill=\"none\"><path d=\"M6 6H4v2h2V6zm14 0H8v2h12V6zM4 11h2v2H4v-2zm16 0H8v2h12v-2zM4 16h2v2H4v-2zm16 0H8v2h12v-2z\" fill=\"currentColor\"><\/path><\/svg><svg style=\"fill: #999;color:#999\" class=\"arrow-unsorted-368013\" xmlns=\"http:\/\/www.w3.org\/2000\/svg\" width=\"10px\" height=\"10px\" viewBox=\"0 0 24 24\" version=\"1.2\" baseProfile=\"tiny\"><path d=\"M18.2 9.3l-6.2-6.3-6.2 6.3c-.2.2-.3.4-.3.7s.1.5.3.7c.2.2.4.3.7.3h11c.3 0 .5-.1.7-.3.2-.2.3-.5.3-.7s-.1-.5-.3-.7zM5.8 14.7l6.2 6.3 6.2-6.3c.2-.2.3-.5.3-.7s-.1-.5-.3-.7c-.2-.2-.4-.3-.7-.3h-11c-.3 0-.5.1-.7.3-.2.2-.3.5-.3.7s.1.5.3.7z\"\/><\/svg><\/span><\/span><\/span><\/a><\/span><\/div>\n<nav><ul class='ez-toc-list ez-toc-list-level-1 ' ><li class='ez-toc-page-1 ez-toc-heading-level-2'><a class=\"ez-toc-link ez-toc-heading-1\" href=\"https:\/\/oddsium.com\/pe\/casas-de-apuestas\/mejores-bonos-de-apuestas-online-en-peru\/#elige-casas-de-apuestas-con-bonos-realmente-atractivos\" >Elige casas de apuestas con bonos realmente atractivos<\/a><\/li><li class='ez-toc-page-1 ez-toc-heading-level-2'><a class=\"ez-toc-link ez-toc-heading-2\" href=\"https:\/\/oddsium.com\/pe\/casas-de-apuestas\/mejores-bonos-de-apuestas-online-en-peru\/#%c2%bfque-tipos-de-bonos-de-apuestas-online-se-ofrecen-en-peru\" >\u00bfQu\u00e9 tipos de bonos de apuestas online se ofrecen en Per\u00fa?<\/a><ul class='ez-toc-list-level-3' ><li class='ez-toc-heading-level-3'><a class=\"ez-toc-link ez-toc-heading-3\" href=\"https:\/\/oddsium.com\/pe\/casas-de-apuestas\/mejores-bonos-de-apuestas-online-en-peru\/#%e2%9c%94%ef%b8%8fbonos-con-primer-deposito\" >\u2714\ufe0fBonos con primer dep\u00f3sito<\/a><\/li><li class='ez-toc-page-1 ez-toc-heading-level-3'><a class=\"ez-toc-link ez-toc-heading-4\" href=\"https:\/\/oddsium.com\/pe\/casas-de-apuestas\/mejores-bonos-de-apuestas-online-en-peru\/#%e2%9c%94%ef%b8%8fapuestas-gratis-freebets\" >\u2714\ufe0fApuestas gratis (freebets)<\/a><\/li><li class='ez-toc-page-1 ez-toc-heading-level-3'><a class=\"ez-toc-link ez-toc-heading-5\" href=\"https:\/\/oddsium.com\/pe\/casas-de-apuestas\/mejores-bonos-de-apuestas-online-en-peru\/#%e2%9c%94%ef%b8%8fbonos-sin-deposito\" >\u2714\ufe0fBonos sin dep\u00f3sito<\/a><\/li><li class='ez-toc-page-1 ez-toc-heading-level-3'><a class=\"ez-toc-link ez-toc-heading-6\" href=\"https:\/\/oddsium.com\/pe\/casas-de-apuestas\/mejores-bonos-de-apuestas-online-en-peru\/#%e2%9c%94%ef%b8%8fbonos-de-apuesta-sin-riesgo-cashback\" >\u2714\ufe0fBonos de apuesta sin riesgo (cashback)<\/a><\/li><li class='ez-toc-page-1 ez-toc-heading-level-3'><a class=\"ez-toc-link ez-toc-heading-7\" href=\"https:\/\/oddsium.com\/pe\/casas-de-apuestas\/mejores-bonos-de-apuestas-online-en-peru\/#%e2%9c%94%ef%b8%8fbonos-de-recarga\" >\u2714\ufe0fBonos de recarga<\/a><\/li><li class='ez-toc-page-1 ez-toc-heading-level-3'><a class=\"ez-toc-link ez-toc-heading-8\" href=\"https:\/\/oddsium.com\/pe\/casas-de-apuestas\/mejores-bonos-de-apuestas-online-en-peru\/#%e2%9c%94%ef%b8%8fcuotas-mejoradas\" >\u2714\ufe0fCuotas mejoradas<\/a><\/li><\/ul><\/li><li class='ez-toc-page-1 ez-toc-heading-level-2'><a class=\"ez-toc-link ez-toc-heading-9\" href=\"https:\/\/oddsium.com\/pe\/casas-de-apuestas\/mejores-bonos-de-apuestas-online-en-peru\/#bonos-por-deporte-o-evento-%c2%bfhay-promociones-especiales\" >Bonos por deporte o evento: \u00bfhay promociones especiales?<\/a><\/li><li class='ez-toc-page-1 ez-toc-heading-level-2'><a class=\"ez-toc-link ez-toc-heading-10\" href=\"https:\/\/oddsium.com\/pe\/casas-de-apuestas\/mejores-bonos-de-apuestas-online-en-peru\/#%c2%bfque-tener-en-cuenta-antes-de-elegir-un-bono-de-apuestas-online\" >\u00bfQu\u00e9 tener en cuenta antes de elegir un bono de apuestas online?<\/a><ul class='ez-toc-list-level-3' ><li class='ez-toc-heading-level-3'><a class=\"ez-toc-link ez-toc-heading-11\" href=\"https:\/\/oddsium.com\/pe\/casas-de-apuestas\/mejores-bonos-de-apuestas-online-en-peru\/#requisitos-de-apuesta-rollover\" >Requisitos de apuesta (rollover)<\/a><\/li><li class='ez-toc-page-1 ez-toc-heading-level-3'><a class=\"ez-toc-link ez-toc-heading-12\" href=\"https:\/\/oddsium.com\/pe\/casas-de-apuestas\/mejores-bonos-de-apuestas-online-en-peru\/#cuotas-minimas\" >Cuotas m\u00ednimas:<\/a><\/li><li class='ez-toc-page-1 ez-toc-heading-level-3'><a class=\"ez-toc-link ez-toc-heading-13\" href=\"https:\/\/oddsium.com\/pe\/casas-de-apuestas\/mejores-bonos-de-apuestas-online-en-peru\/#deportes-o-mercados-validos\" >Deportes o mercados v\u00e1lidos<\/a><\/li><li class='ez-toc-page-1 ez-toc-heading-level-3'><a class=\"ez-toc-link ez-toc-heading-14\" href=\"https:\/\/oddsium.com\/pe\/casas-de-apuestas\/mejores-bonos-de-apuestas-online-en-peru\/#plazo-de-uso\" >Plazo de uso<\/a><\/li><li class='ez-toc-page-1 ez-toc-heading-level-3'><a class=\"ez-toc-link ez-toc-heading-15\" href=\"https:\/\/oddsium.com\/pe\/casas-de-apuestas\/mejores-bonos-de-apuestas-online-en-peru\/#metodos-de-pago-validos\" >M\u00e9todos de pago v\u00e1lidos<\/a><\/li><\/ul><\/li><li class='ez-toc-page-1 ez-toc-heading-level-2'><a class=\"ez-toc-link ez-toc-heading-16\" href=\"https:\/\/oddsium.com\/pe\/casas-de-apuestas\/mejores-bonos-de-apuestas-online-en-peru\/#las-mejores-ofertas-de-bonos-de-hoy-en-peru\" >Las mejores ofertas de bonos de hoy en Per\u00fa&nbsp;<\/a><\/li><li class='ez-toc-page-1 ez-toc-heading-level-2'><a class=\"ez-toc-link ez-toc-heading-17\" href=\"https:\/\/oddsium.com\/pe\/casas-de-apuestas\/mejores-bonos-de-apuestas-online-en-peru\/#sitios-de-apuestas-con-los-mejores-bonos-de-apuestas-online-en-peru\" >sitios de apuestas con los mejores bonos de apuestas online en Per\u00fa<\/a><\/li><li class='ez-toc-page-1 ez-toc-heading-level-2'><a class=\"ez-toc-link ez-toc-heading-18\" href=\"https:\/\/oddsium.com\/pe\/casas-de-apuestas\/mejores-bonos-de-apuestas-online-en-peru\/#como-activar-un-bono-de-apuestas-online-en-simples-pasos\" >C\u00f3mo activar un bono de apuestas online en simples pasos<\/a><\/li><li class='ez-toc-page-1 ez-toc-heading-level-2'><a class=\"ez-toc-link ez-toc-heading-19\" href=\"https:\/\/oddsium.com\/pe\/casas-de-apuestas\/mejores-bonos-de-apuestas-online-en-peru\/#%c2%bfpor-que-confiar-en-oddsium-para-encontrar-los-mejores-bonos-de-apuestas-online\" >\u00bfPor qu\u00e9 confiar en Oddsium para encontrar los mejores bonos de apuestas online?<\/a><\/li><\/ul><\/nav><\/div>\n<h2 class=\"wp-block-heading\"><span class=\"ez-toc-section\" id=\"elige-casas-de-apuestas-con-bonos-realmente-atractivos\"><\/span><strong>Elige casas de apuestas con bonos realmente atractivos <\/strong><span class=\"ez-toc-section-end\"><\/span><\/h2>\n\n\n\n<p>No todas las casas de apuestas son iguales, especialmente cuando hablamos de sus bonos. Actualmente, hay una amplia variedad de promociones, que incluyen desde bonos de bienvenida hasta apuestas gratuitas y ofertas especiales. Cada plataforma establece sus propias condiciones, por lo que es fundamental revisar cuidadosamente la estructura y los requisitos de cada bono.<\/p>\n\n\n\n<p>Al momento de decidir d\u00f3nde registrarte, es clave evaluar tanto las cuotas disponibles como la claridad de los t\u00e9rminos y condiciones. Elegir sitios que ofrezcan promociones competitivas te permite aprovechar mejor las oportunidades y disfrutar de una experiencia de apuestas m\u00e1s segura. <\/p>\n\n\n\n<p>Por eso, Oddsium realiza un an\u00e1lisis diario de las <a href=\"https:\/\/oddsium.com\/pe\/\" title=\"\">principales casas de apuestas de Per\u00fa<\/a>, resaltando \u00fanicamente aquellos bonos que realmente aportan valor a los usuarios.<\/p>\n\n\n\n<h2 class=\"wp-block-heading\"><span class=\"ez-toc-section\" id=\"%c2%bfque-tipos-de-bonos-de-apuestas-online-se-ofrecen-en-peru\"><\/span><strong>\u00bfQu\u00e9 tipos de bonos de apuestas online se ofrecen en Per\u00fa?<\/strong><span class=\"ez-toc-section-end\"><\/span><\/h2>\n\n\n\n<p>Las casas de apuestas en Per\u00fa sobresalen por su ingenio al dise\u00f1ar promociones innovadoras y atractivas para sus usuarios. Aqu\u00ed te explicamos los tipos de bonos m\u00e1s comunes que puedes encontrar:<\/p>\n\n\n\n<h3 class=\"wp-block-heading\"><span class=\"ez-toc-section\" id=\"%e2%9c%94%ef%b8%8fbonos-con-primer-deposito\"><\/span><strong>\u2714\ufe0fBonos con primer dep\u00f3sito<\/strong><span class=\"ez-toc-section-end\"><\/span><\/h3>\n\n\n\n<p>Recibe un porcentaje extra sobre tu primer dep\u00f3sito. Algunas condiciones se aplican en cuanto al m\u00e9todo de pago.<\/p>\n\n\n\n<h3 class=\"wp-block-heading\"><span class=\"ez-toc-section\" id=\"%e2%9c%94%ef%b8%8fapuestas-gratis-freebets\"><\/span><strong>\u2714\ufe0fApuestas gratis (freebets)<\/strong><span class=\"ez-toc-section-end\"><\/span><\/h3>\n\n\n\n<p>Recibes la posibilidad de hacer una apuesta sin costo v\u00e1lida en eventos espec\u00edficos. Si ganas, solo recibes la ganancia neta, no el valor que te dio la casa de apuestas.<\/p>\n\n\n\n<h3 class=\"wp-block-heading\"><span class=\"ez-toc-section\" id=\"%e2%9c%94%ef%b8%8fbonos-sin-deposito\"><\/span><strong>\u2714\ufe0fBonos sin dep\u00f3sito<\/strong><span class=\"ez-toc-section-end\"><\/span><\/h3>\n\n\n\n<p>Al registrarte, te otorgar\u00e1n un saldo inicial para apostar sin requerir un dep\u00f3sito previo. Ideal para probar la plataforma sin arriesgar tu dinero.<\/p>\n\n\n\n<h3 class=\"wp-block-heading\"><span class=\"ez-toc-section\" id=\"%e2%9c%94%ef%b8%8fbonos-de-apuesta-sin-riesgo-cashback\"><\/span><strong>\u2714\ufe0fBonos de apuesta sin riesgo (cashback)<\/strong><span class=\"ez-toc-section-end\"><\/span><\/h3>\n\n\n\n<p>Si pierdes tu primera apuesta, te devuelven el dinero (o parte de \u00e9l) en forma de bono para que el usuario pueda seguir jugando.<\/p>\n\n\n\n<h3 class=\"wp-block-heading\"><span class=\"ez-toc-section\" id=\"%e2%9c%94%ef%b8%8fbonos-de-recarga\"><\/span><strong>\u2714\ufe0fBonos de recarga<\/strong><span class=\"ez-toc-section-end\"><\/span><\/h3>\n\n\n\n<p>Al hacer nuevos dep\u00f3sitos despu\u00e9s del inicial, puedes recibir bonos adicionales, perfectos para usuarios leales.<\/p>\n\n\n\n<h3 class=\"wp-block-heading\"><span class=\"ez-toc-section\" id=\"%e2%9c%94%ef%b8%8fcuotas-mejoradas\"><\/span><strong>\u2714\ufe0fCuotas mejoradas<\/strong><span class=\"ez-toc-section-end\"><\/span><\/h3>\n\n\n\n<p>Proporcionan cuotas aumentadas en eventos espec\u00edficos para potenciar tus ganancias en apuestas destacadas.<\/p>\n\n\n\n<p><em>\ud83d\udcccEn las gu\u00edas de Oddsium evaluamos condiciones, plazos y cuotas para darte la mejor recomendaci\u00f3n.<\/em><\/p>\n\n\n\n<h2 class=\"wp-block-heading\"><span class=\"ez-toc-section\" id=\"bonos-por-deporte-o-evento-%c2%bfhay-promociones-especiales\"><\/span><strong>Bonos por deporte o evento: \u00bfhay promociones especiales?<\/strong><span class=\"ez-toc-section-end\"><\/span><\/h2>\n\n\n\n<p>Muchas casas lanzan bonos exclusivos para eventos populares como la Copa Am\u00e9rica, Champions League o partidos de la Liga. Tambi\u00e9n hay promociones por deportes espec\u00edficos, aqu\u00ed te dejo algunos:<\/p>\n\n\n\n<p><strong>\ud83d\udd38F\u00fatbol<\/strong>: Promociones especiales para torneos como la Champions League, ligas nacionales y partidos cl\u00e1sicos.<\/p>\n\n\n\n<p><strong>\ud83d\udd38Baloncesto<\/strong>: Bonos destacados durante la NBA y Euroliga, especialmente en la fase de playoffs.<\/p>\n\n\n\n<p><strong>\ud83d\udd38Tenis<\/strong>: Apuestas gratuitas y mejoras de cuotas en eventos Grand Slam y torneos ATP 1000.<\/p>\n\n\n\n<p>\ud83d\udd38<strong>Deportes de motor \/ F\u00f3rmula 1<\/strong>: Incentivos basados \u200b\u200ben resultados como podios o vueltas r\u00e1pidas.<\/p>\n\n\n\n<p><strong>\ud83d\udd38eSports<\/strong>: Reembolsos y apuestas gratis en competencias importantes de juegos como LoL y CS:GO.<\/p>\n\n\n\n<p><em>\ud83d\udccc Muchos bonos son por tiempo limitado y var\u00edan seg\u00fan los calendarios de eventos. Mantente atento para aprovecharlos en el momento adecuado.&nbsp;<\/em><\/p>\n\n\n\n<h2 class=\"wp-block-heading\"><span class=\"ez-toc-section\" id=\"%c2%bfque-tener-en-cuenta-antes-de-elegir-un-bono-de-apuestas-online\"><\/span><strong>\u00bfQu\u00e9 tener en cuenta antes de elegir un bono de apuestas online?<\/strong><span class=\"ez-toc-section-end\"><\/span><\/h2>\n\n\n\n<p>Los mejores bonos&nbsp;de apuestas online&nbsp;en Per\u00fa son aquellos&nbsp;que te ofrecen&nbsp;mayores beneficios&nbsp;con menos requisitos&nbsp;y condiciones. Por&nbsp;eso, antes de&nbsp;tomar una decisi\u00f3n revisa cuidadosamente&nbsp;estos puntos&nbsp;clave:<\/p>\n\n\n\n<h3 class=\"wp-block-heading\"><span class=\"ez-toc-section\" id=\"requisitos-de-apuesta-rollover\"><\/span><strong>Requisitos de apuesta (rollover)<\/strong><span class=\"ez-toc-section-end\"><\/span><\/h3>\n\n\n\n<p>\u2705 Cuantas menos veces tengas que apostar el bono, m\u00e1s f\u00e1cil es retirar tus ganancias.<br>\u274c Si debes apostar muchas veces, puede ser dif\u00edcil liberar el bono sin perder dinero.<\/p>\n\n\n\n<h3 class=\"wp-block-heading\"><span class=\"ez-toc-section\" id=\"cuotas-minimas\"><\/span><strong>Cuotas m\u00ednimas:<\/strong><span class=\"ez-toc-section-end\"><\/span><\/h3>\n\n\n\n<p>\u2705Cuotas m\u00ednimas elevadas aseguran apuestas con valor real.<br>\u274cLimitar las cuotas puede restringir las opciones y hacer dif\u00edcil cumplir condiciones.<\/p>\n\n\n\n<h3 class=\"wp-block-heading\"><span class=\"ez-toc-section\" id=\"deportes-o-mercados-validos\"><\/span><strong>Deportes o mercados v\u00e1lidos<\/strong><span class=\"ez-toc-section-end\"><\/span><\/h3>\n\n\n\n<p>\u2705 Bonos espec\u00edficos pueden enfocarse en tus deportes favoritos.<br>\u274cLas restricciones limitan d\u00f3nde usar el bono, reduciendo su utilidad.<\/p>\n\n\n\n<h3 class=\"wp-block-heading\"><span class=\"ez-toc-section\" id=\"plazo-de-uso\"><\/span><strong>Plazo de uso<\/strong><span class=\"ez-toc-section-end\"><\/span><\/h3>\n\n\n\n<p>\u2705Plazos amplios permiten usar el bono con calma y estrategia.<br>\u274cBonos con caducidad r\u00e1pida presionan a apostar apresuradamente.<\/p>\n\n\n\n<h3 class=\"wp-block-heading\"><span class=\"ez-toc-section\" id=\"metodos-de-pago-validos\"><\/span><strong>M\u00e9todos de pago v\u00e1lidos<\/strong><span class=\"ez-toc-section-end\"><\/span><\/h3>\n\n\n\n<p>\u2705Aceptar varios m\u00e9todos facilitan activar el bono sin complicaciones.<br>\u274c Excluir ciertos m\u00e9todos puede impedir que algunos usuarios accedan a la oferta.<\/p>\n\n\n\n<p><em>\ud83d\udccc Oddsium analiza detalladamente todos estos aspectos y selecciona \u00fanicamente las promociones que realmente merecen tu atenci\u00f3n.<\/em><\/p>\n\n\n\n<h2 class=\"wp-block-heading\"><span class=\"ez-toc-section\" id=\"las-mejores-ofertas-de-bonos-de-hoy-en-peru\"><\/span><strong>Las mejores ofertas de bonos de hoy en Per\u00fa&nbsp;<\/strong><span class=\"ez-toc-section-end\"><\/span><\/h2>\n\n\n\n<p>Si quieres hacer las mejores <a href=\"https:\/\/oddsium.com\/pe\/apuestas-deportivas\/\" title=\"apuestas deportivas\">apuestas deportivas<\/a>, aprovecha estos bonos de apuestas online disponibles actualmente en Per\u00fa.&nbsp;<\/p>\n\n\n\n<figure class=\"wp-block-table\"><table class=\"has-fixed-layout\"><tbody><tr><td><strong>Casa de apuesta<\/strong><\/td><td><strong>Condiciones<\/strong><\/td><\/tr><tr><td><br><br><br><strong>Betsson<\/strong><\/td><td>\ud83d\udd38Apuesta gratuita de&nbsp;<strong>50 soles<\/strong>&nbsp;al registrarte.<strong>&nbsp;<\/strong><br><strong>\ud83d\udd38Dep\u00f3sito m\u00ednimo<\/strong>&nbsp;de 50 soles.<br>\ud83d\udd38No requiere&nbsp;<strong>c\u00f3digo promocional<\/strong>.<br>\ud83d\udd38Debe apostarse<strong>&nbsp;3 veces&nbsp;<\/strong>en cuotas m\u00ednimas de 1.50 dentro de&nbsp;<strong>7 d\u00edas.<\/strong><br>\ud83d\udd38M\u00e9todos de pago v\u00e1lidos incluyen&nbsp;<strong>Visa, Mastercard, PagoEfectivo y PagoDirecto.<\/strong><\/td><\/tr><tr><td><strong>Betano<\/strong><\/td><td>\ud83d\udd38Apuesta gratuita de&nbsp;<strong>60 soles&nbsp;<\/strong>al registrarte.<br>\ud83d\udd38Disponible solo para cuentas verificadas.&nbsp;<br>\ud83d\udd38<strong>Dep\u00f3sito m\u00ednimo&nbsp;<\/strong>de 30 soles.<br>\ud83d\udd38Requiere de&nbsp;<strong>c\u00f3digo promocional<\/strong>.&nbsp;<br>\ud83d\udd38<strong>No tiene rollover&nbsp;<\/strong>y debe usarse dentro de&nbsp;<strong>7 d\u00edas.<\/strong><br>\ud83d\udd38M\u00e9todos de pago v\u00e1lidos incluyen&nbsp;<strong>Visa, Mastercard y Pago Efectivo.&nbsp;<\/strong><\/td><\/tr><tr><td><strong>Bet365<\/strong><\/td><td>\ud83d\udd38Bono del&nbsp;<strong>50% hasta 500 soles<\/strong>&nbsp;en cr\u00e9ditos de apuesta.<br>\ud83d\udd38Disponible solo para&nbsp;<strong>nuevos usuarios.&nbsp;<\/strong><br>\ud83d\udd38<strong>Deposito un m\u00ednimo&nbsp;<\/strong>de 20 soles.<br>\ud83d\udd38Debes apostar&nbsp;<strong>7 veces con cuotas m\u00ednimas de 1.50&nbsp;<\/strong>en&nbsp;<strong>30 d\u00edas.<\/strong><br>\ud83d\udd38Puedes usar&nbsp;<strong>c\u00f3digos promocionales,<\/strong>&nbsp;aunque no son obligatorios.&nbsp;<\/td><\/tr><\/tbody><\/table><\/figure>\n\n\n\n<p><em>\u26a0\ufe0f Los bonos pueden cambiar o perder vigencia. En Oddsium estaremos actualizando la informaci\u00f3n con frecuencia.&nbsp;<\/em><\/p>\n\n\n\n<h2 class=\"wp-block-heading\"><span class=\"ez-toc-section\" id=\"sitios-de-apuestas-con-los-mejores-bonos-de-apuestas-online-en-peru\"><\/span><strong>sitios de apuestas con los mejores bonos de apuestas online en Per\u00fa<\/strong><span class=\"ez-toc-section-end\"><\/span><\/h2>\n\n\n\n<p>Estos son los sitios de apuestas en los que puedes conseguir los mejores bonos de apuestas online en per\u00fa:&nbsp;<\/p>\n\n\n\n<p>\ud83d\udfe0<strong>Betano<\/strong>: L\u00edder en bonos de bienvenida y promociones semanales.<\/p>\n\n\n\n<p>\ud83d\udfe0<strong>Bet365<\/strong>: Bonos flexibles y una plataforma de primer nivel.<\/p>\n\n\n\n<p>\ud83d\udfe0<strong>Betsson<\/strong>: Apuesta gratuita m\u00e1s accesible.<\/p>\n\n\n\n<p>\ud83d\udfe0<strong>Inkabet<\/strong>: Promociones para nuevos y antiguos usuarios.<\/p>\n\n\n\n<h2 class=\"wp-block-heading\"><span class=\"ez-toc-section\" id=\"como-activar-un-bono-de-apuestas-online-en-simples-pasos\"><\/span><strong>C\u00f3mo activar un bono de apuestas online en simples pasos<\/strong><span class=\"ez-toc-section-end\"><\/span><\/h2>\n\n\n\n<p>No te compliques demasiado, activar un bono es sencillo si sigues estos pasos:<\/p>\n\n\n\n<p>1\ufe0f\u20e3Elige la <a href=\"https:\/\/apuestasdeportivas.mincetur.gob.pe\/\" title=\"\">casa de apuestas con licencia legal en Per\u00fa<\/a> que tenga el bono que m\u00e1s te convenga.<\/p>\n\n\n\n<p>2\ufe0f\u20e3Reg\u00edstrate y verifica tu cuenta con los pasos que te indiquen.<\/p>\n\n\n\n<p>3\ufe0f\u20e3Ingresa el c\u00f3digo promocional, si no lo exige, sigue el proceso regular.<\/p>\n\n\n\n<p>4\ufe0f\u20e3Realice el dep\u00f3sito m\u00ednimo solicitado por la plataforma.<\/p>\n\n\n\n<p>5\ufe0f\u20e3Solicita el bono en la secci\u00f3n de promociones o acepta los t\u00e9rminos durante el registro.<\/p>\n\n\n\n<p><em>\ud83d\udcccRecuerda que es muy importante cumplir con los requisitos de apuesta antes de intentar retirar las ganancias.<\/em><\/p>\n\n\n\n<h2 class=\"wp-block-heading\"><span class=\"ez-toc-section\" id=\"%c2%bfpor-que-confiar-en-oddsium-para-encontrar-los-mejores-bonos-de-apuestas-online\"><\/span><strong>\u00bfPor qu\u00e9 confiar en Oddsium para encontrar los mejores bonos de apuestas online?<\/strong><span class=\"ez-toc-section-end\"><\/span><\/h2>\n\n\n\n<p>En Oddsium, nos tomamos en serio tu experiencia de apuestas online. Por esta raz\u00f3n, analizamos cada bono, revisamos las letras chicas y solo recomendamos casas de apuestas legales y confiables. Nuestro equipo se ocupa de:<\/p>\n\n\n\n<p>\u2705Probar las plataformas para garantizar su calidad y seguridad<br>\u2705Comparar las promociones para que siempre elijas la mejor opci\u00f3n<br>\u2705Ofrecer informaci\u00f3n actualizada y clara para que tomes decisiones informadas<\/p>\n\n\n\n<p>Te ayudamos para que tomes buenas decisiones y evites caer en ofertas poco claras. As\u00ed que, si buscas los mejores bonos de apuestas online en Per\u00fa, somos tu fuente m\u00e1s confiable y actualizada. <\/p>\n\n\n\n<p><em>\u00a1Saca el m\u00e1ximo provecho de cada promoci\u00f3n!<\/em><\/p>\n","protected":false},"excerpt":{"rendered":"<p>Si eres peruano y est\u00e1s buscando los mejores bonos de apuestas online, has llegado al lugar indicado. Te ofrecemos informaci\u00f3n actualizada sobre los bonos m\u00e1s atractivos, sus requisitos y condiciones. As\u00ed, podr\u00e1s aprovechar al m\u00e1ximo cada oportunidad y apostar\u00e1s como un verdadero experto. En Oddsium te mostramos los bonos m\u00e1s atractivos del mercado, para que [&hellip;]<\/p>\n","protected":false},"author":12,"featured_media":415,"parent":89,"menu_order":0,"comment_status":"closed","ping_status":"closed","template":"betting.php","meta":{"_acf_changed":false,"om_disable_all_campaigns":false,"footnotes":""},"class_list":["post-231","page","type-page","status-publish","has-post-thumbnail","hentry"],"acf":[],"aioseo_notices":[],"_links":{"self":[{"href":"https:\/\/oddsium.com\/pe\/wp-json\/wp\/v2\/pages\/231","targetHints":{"allow":["GET"]}}],"collection":[{"href":"https:\/\/oddsium.com\/pe\/wp-json\/wp\/v2\/pages"}],"about":[{"href":"https:\/\/oddsium.com\/pe\/wp-json\/wp\/v2\/types\/page"}],"author":[{"embeddable":true,"href":"https:\/\/oddsium.com\/pe\/wp-json\/wp\/v2\/users\/12"}],"replies":[{"embeddable":true,"href":"https:\/\/oddsium.com\/pe\/wp-json\/wp\/v2\/comments?post=231"}],"version-history":[{"count":3,"href":"https:\/\/oddsium.com\/pe\/wp-json\/wp\/v2\/pages\/231\/revisions"}],"predecessor-version":[{"id":3586,"href":"https:\/\/oddsium.com\/pe\/wp-json\/wp\/v2\/pages\/231\/revisions\/3586"}],"up":[{"embeddable":true,"href":"https:\/\/oddsium.com\/pe\/wp-json\/wp\/v2\/pages\/89"}],"wp:featuredmedia":[{"embeddable":true,"href":"https:\/\/oddsium.com\/pe\/wp-json\/wp\/v2\/media\/415"}],"wp:attachment":[{"href":"https:\/\/oddsium.com\/pe\/wp-json\/wp\/v2\/media?parent=231"}],"curies":[{"name":"wp","href":"https:\/\/api.w.org\/{rel}","templated":true}]}}