{"id":234,"date":"2025-05-22T08:35:29","date_gmt":"2025-05-22T08:35:29","guid":{"rendered":"https:\/\/oddsium.wpenginepowered.com\/pe\/?page_id=234"},"modified":"2026-03-20T07:23:26","modified_gmt":"2026-03-20T12:23:26","slug":"codigos-promocionales-en-apuestas-online-en-peru","status":"publish","type":"page","link":"https:\/\/oddsium.com\/pe\/casas-de-apuestas\/codigos-promocionales-en-apuestas-online-en-peru\/","title":{"rendered":"Mejores c\u00f3digos promocionales en apuestas online en Per\u00fa"},"content":{"rendered":"\n<p>Para obtener buenas ganancias en tus <a href=\"https:\/\/oddsium.com\/pe\/apuestas-deportivas\/\" title=\"\">apuestas deportivas desde Per\u00fa<\/a>, no basta solo con confiar en la intuici\u00f3n. Por eso, es fundamental aprender a usar las herramientas que ofrece el mercado hoy en d\u00eda. Existen muchos codigos promocionales que le permiten al apostador peruano duplicar su plata, transformando una apuesta com\u00fan en una gran oportunidad.<\/p>\n\n\n\n<p>En Oddsium, te guiamos de la mano para que domines el arte de usar c\u00f3digos promocionales en Per\u00fa. Con nuestros consejos, transformar\u00e1s tus apuestas en oportunidades llenas de beneficios extras. \u00a1Sigue leyendo y convi\u00e9rtete en un experto!<\/p>\n\n\n\n<div id=\"ez-toc-container\" class=\"ez-toc-v2_0_81 counter-hierarchy ez-toc-counter ez-toc-grey ez-toc-container-direction\">\n<div class=\"ez-toc-title-container\">\n<p class=\"ez-toc-title\" style=\"cursor:inherit\">Table of Contents<\/p>\n<span class=\"ez-toc-title-toggle\"><a href=\"#\" class=\"ez-toc-pull-right ez-toc-btn ez-toc-btn-xs ez-toc-btn-default ez-toc-toggle\" aria-label=\"Toggle Table of Content\"><span class=\"ez-toc-js-icon-con\"><span class=\"\"><span class=\"eztoc-hide\" style=\"display:none;\">Toggle<\/span><span class=\"ez-toc-icon-toggle-span\"><svg style=\"fill: #999;color:#999\" xmlns=\"http:\/\/www.w3.org\/2000\/svg\" class=\"list-377408\" width=\"20px\" height=\"20px\" viewBox=\"0 0 24 24\" fill=\"none\"><path d=\"M6 6H4v2h2V6zm14 0H8v2h12V6zM4 11h2v2H4v-2zm16 0H8v2h12v-2zM4 16h2v2H4v-2zm16 0H8v2h12v-2z\" fill=\"currentColor\"><\/path><\/svg><svg style=\"fill: #999;color:#999\" class=\"arrow-unsorted-368013\" xmlns=\"http:\/\/www.w3.org\/2000\/svg\" width=\"10px\" height=\"10px\" viewBox=\"0 0 24 24\" version=\"1.2\" baseProfile=\"tiny\"><path d=\"M18.2 9.3l-6.2-6.3-6.2 6.3c-.2.2-.3.4-.3.7s.1.5.3.7c.2.2.4.3.7.3h11c.3 0 .5-.1.7-.3.2-.2.3-.5.3-.7s-.1-.5-.3-.7zM5.8 14.7l6.2 6.3 6.2-6.3c.2-.2.3-.5.3-.7s-.1-.5-.3-.7c-.2-.2-.4-.3-.7-.3h-11c-.3 0-.5.1-.7.3-.2.2-.3.5-.3.7s.1.5.3.7z\"\/><\/svg><\/span><\/span><\/span><\/a><\/span><\/div>\n<nav><ul class='ez-toc-list ez-toc-list-level-1 ' ><li class='ez-toc-page-1 ez-toc-heading-level-2'><a class=\"ez-toc-link ez-toc-heading-1\" href=\"https:\/\/oddsium.com\/pe\/casas-de-apuestas\/codigos-promocionales-en-apuestas-online-en-peru\/#%c2%bfcomo-funciona-un-codigo-promocional\" >\u00bfC\u00f3mo funciona un c\u00f3digo promocional?<\/a><\/li><li class='ez-toc-page-1 ez-toc-heading-level-2'><a class=\"ez-toc-link ez-toc-heading-2\" href=\"https:\/\/oddsium.com\/pe\/casas-de-apuestas\/codigos-promocionales-en-apuestas-online-en-peru\/#tipos-de-ofertas-que-activa-un-codigo-promocional\" >Tipos de ofertas que activa un c\u00f3digo promocional<\/a><\/li><li class='ez-toc-page-1 ez-toc-heading-level-2'><a class=\"ez-toc-link ez-toc-heading-3\" href=\"https:\/\/oddsium.com\/pe\/casas-de-apuestas\/codigos-promocionales-en-apuestas-online-en-peru\/#casas-de-apuestas-en-peru-con-codigos-promocionales-destacados\" >Casas de apuestas en Per\u00fa con c\u00f3digos promocionales destacados<\/a><ul class='ez-toc-list-level-3' ><li class='ez-toc-heading-level-3'><a class=\"ez-toc-link ez-toc-heading-4\" href=\"https:\/\/oddsium.com\/pe\/casas-de-apuestas\/codigos-promocionales-en-apuestas-online-en-peru\/#%e2%9c%94%ef%b8%8fbetsson\" >\u2714\ufe0fBetsson&nbsp;<\/a><\/li><li class='ez-toc-page-1 ez-toc-heading-level-3'><a class=\"ez-toc-link ez-toc-heading-5\" href=\"https:\/\/oddsium.com\/pe\/casas-de-apuestas\/codigos-promocionales-en-apuestas-online-en-peru\/#%e2%9c%94%ef%b8%8fbetano\" >\u2714\ufe0fBetano&nbsp;<\/a><\/li><li class='ez-toc-page-1 ez-toc-heading-level-3'><a class=\"ez-toc-link ez-toc-heading-6\" href=\"https:\/\/oddsium.com\/pe\/casas-de-apuestas\/codigos-promocionales-en-apuestas-online-en-peru\/#%e2%9c%94%ef%b8%8fbetsafe\" >\u2714\ufe0fBetsafe&nbsp;<\/a><\/li><\/ul><\/li><li class='ez-toc-page-1 ez-toc-heading-level-2'><a class=\"ez-toc-link ez-toc-heading-7\" href=\"https:\/\/oddsium.com\/pe\/casas-de-apuestas\/codigos-promocionales-en-apuestas-online-en-peru\/#%c2%bfcomo-se-usa-un-codigo-promocional-correctamente\" >\u00bfC\u00f3mo se usa un c\u00f3digo promocional correctamente?<\/a><\/li><li class='ez-toc-page-1 ez-toc-heading-level-2'><a class=\"ez-toc-link ez-toc-heading-8\" href=\"https:\/\/oddsium.com\/pe\/casas-de-apuestas\/codigos-promocionales-en-apuestas-online-en-peru\/#preguntas-frecuentes\" >Preguntas frecuentes&nbsp;<\/a><ul class='ez-toc-list-level-3' ><li class='ez-toc-heading-level-3'><a class=\"ez-toc-link ez-toc-heading-9\" href=\"https:\/\/oddsium.com\/pe\/casas-de-apuestas\/codigos-promocionales-en-apuestas-online-en-peru\/#%c2%bfpuedo-usar-mas-de-un-codigo-promocional\" >\u00bfPuedo usar m\u00e1s de un c\u00f3digo promocional?<\/a><\/li><li class='ez-toc-page-1 ez-toc-heading-level-3'><a class=\"ez-toc-link ez-toc-heading-10\" href=\"https:\/\/oddsium.com\/pe\/casas-de-apuestas\/codigos-promocionales-en-apuestas-online-en-peru\/#%c2%bfque-pasa-si-no-ingreso-el-codigo-promocional-al-registrarme\" >\u00bfQu\u00e9 pasa si no ingreso el c\u00f3digo promocional al registrarme?<\/a><\/li><li class='ez-toc-page-1 ez-toc-heading-level-3'><a class=\"ez-toc-link ez-toc-heading-11\" href=\"https:\/\/oddsium.com\/pe\/casas-de-apuestas\/codigos-promocionales-en-apuestas-online-en-peru\/#%c2%bflos-codigos-promocionales-tienen-fecha-de-vencimiento\" >\u00bfLos c\u00f3digos promocionales tienen fecha de vencimiento?<\/a><\/li><li class='ez-toc-page-1 ez-toc-heading-level-3'><a class=\"ez-toc-link ez-toc-heading-12\" href=\"https:\/\/oddsium.com\/pe\/casas-de-apuestas\/codigos-promocionales-en-apuestas-online-en-peru\/#%c2%bfpuedo-retirar-el-bono-inmediatamente\" >\u00bfPuedo retirar el bono inmediatamente?<\/a><\/li><li class='ez-toc-page-1 ez-toc-heading-level-3'><a class=\"ez-toc-link ez-toc-heading-13\" href=\"https:\/\/oddsium.com\/pe\/casas-de-apuestas\/codigos-promocionales-en-apuestas-online-en-peru\/#%c2%bfson-seguros-los-codigos-promocionales\" >\u00bfSon seguros los c\u00f3digos promocionales?<\/a><\/li><\/ul><\/li><li class='ez-toc-page-1 ez-toc-heading-level-2'><a class=\"ez-toc-link ez-toc-heading-14\" href=\"https:\/\/oddsium.com\/pe\/casas-de-apuestas\/codigos-promocionales-en-apuestas-online-en-peru\/#%f0%9f%8e%af%c2%bfpor-que-confiar-en-oddsium-para-obtener-codigos-promocionales\" >\ud83c\udfaf\u00bfPor qu\u00e9 confiar en Oddsium para obtener c\u00f3digos promocionales?<\/a><ul class='ez-toc-list-level-3' ><li class='ez-toc-heading-level-3'><a class=\"ez-toc-link ez-toc-heading-15\" href=\"https:\/\/oddsium.com\/pe\/casas-de-apuestas\/codigos-promocionales-en-apuestas-online-en-peru\/#%f0%9f%93%8cconsejo-final\" >\ud83d\udcccConsejo final<\/a><\/li><\/ul><\/li><\/ul><\/nav><\/div>\n<h2 class=\"wp-block-heading\"><span class=\"ez-toc-section\" id=\"%c2%bfcomo-funciona-un-codigo-promocional\"><\/span><strong>\u00bfC\u00f3mo funciona un c\u00f3digo promocional?<\/strong><span class=\"ez-toc-section-end\"><\/span><\/h2>\n\n\n\n<p>Un c\u00f3digo promocional es un conjunto exclusivo de caracteres que se ingresa al registrarse o al depositar en una casa de apuestas. Cuando lo activas, puedes desbloquear beneficios exclusivos como bonos en saldo y cuotas mejoradas. Incluso, puedes disfrutar de las <a href=\"https:\/\/oddsium.com\/pe\/casas-de-apuestas\/sitios-de-apuestas-con-apuestas-gratuitas-en-peru\/\" title=\"\">mejores apuestas gratis en Per\u00fa<\/a>, lo que aumenta tus oportunidades de ganar. <\/p>\n\n\n\n<p>\ud83d\udccc<em><strong>Ejemplo<\/strong>: ODDS100<\/em><\/p>\n\n\n\n<p>Estos c\u00f3digos funcionan como un incentivo para que los apostadores peruanos puedan empezar con m\u00e1s capital o mejores condiciones. Sin duda, esto aumenta sus posibilidades de ganar sin arriesgar tanto de su bolsillo.&nbsp;<\/p>\n\n\n\n<h2 class=\"wp-block-heading\"><span class=\"ez-toc-section\" id=\"tipos-de-ofertas-que-activa-un-codigo-promocional\"><\/span><strong>Tipos de ofertas que activa un c\u00f3digo promocional<\/strong><span class=\"ez-toc-section-end\"><\/span><\/h2>\n\n\n\n<p>Cada c\u00f3digo promocional ofrece beneficios \u00fanicos para mejorar tu experiencia y aumentar tus chances de ganar. A continuaci\u00f3n, te mostramos los principales tipos de bonos y promociones que puedes obtener usando c\u00f3digos promocionales en las casas de apuestas legales en Per\u00fa.<\/p>\n\n\n\n<figure class=\"wp-block-table\"><table class=\"has-fixed-layout\"><thead><tr><th>Tipo de Bono<\/th><th>Descripci\u00f3n<\/th><\/tr><\/thead><tbody><tr><td>\ud83d\udfe1 Bonos de bienvenida<\/td><td>Dinero extra para apostar tras tu primer dep\u00f3sito, que puede llegar hasta 1000 soles o m\u00e1s.<\/td><\/tr><tr><td>\ud83d\udfe1 Apuestas gratis<\/td><td>Cr\u00e9ditos que te permiten jugar sin tocar ni un sol de tu bolsillo.<\/td><\/tr><tr><td>\ud83d\udfe1 Cuotas mejoradas<\/td><td>Incremento temporal en las cuotas de ciertos eventos deportivos, aumentando la posible ganancia.<\/td><\/tr><tr><td>\ud83d\udfe1 Bonos sin dep\u00f3sito<\/td><td>Premios que no requieren ingresar dinero para activarse.<\/td><\/tr><tr><td>\ud83d\udfe1 Promociones especiales<\/td><td>Bonos exclusivos para eventos locales como la Liga 1 o la selecci\u00f3n peruana, con cuotas adaptadas al mercado.<\/td><\/tr><\/tbody><\/table><\/figure>\n\n\n\n<p>\ud83d\udccc<em>Cada oferta viene con t\u00e9rminos y condiciones espec\u00edficas. Sin embargo, todas buscan darte un plus para que aproveches mejor las cuotas y mercados disponibles.<\/em><\/p>\n\n\n\n<h2 class=\"wp-block-heading\"><span class=\"ez-toc-section\" id=\"casas-de-apuestas-en-peru-con-codigos-promocionales-destacados\"><\/span><strong>Casas de apuestas en Per\u00fa con c\u00f3digos promocionales destacados<\/strong><span class=\"ez-toc-section-end\"><\/span><\/h2>\n\n\n\n<p>\u00bfBuscas los c\u00f3digos promocionales m\u00e1s jugosos en Per\u00fa? Estas son las casas de apuestas que en 2025 ofrecen los mejores bonos y cuotas para aprovechar al m\u00e1ximo tus apuestas:<\/p>\n\n\n\n<h3 class=\"wp-block-heading\"><span class=\"ez-toc-section\" id=\"%e2%9c%94%ef%b8%8fbetsson\"><\/span><strong>\u2714\ufe0fBetsson&nbsp;<\/strong><span class=\"ez-toc-section-end\"><\/span><\/h3>\n\n\n\n<p>Bono de 100% hasta S\/50 usando el c\u00f3digo promocional.<\/p>\n\n\n\n<h3 class=\"wp-block-heading\"><span class=\"ez-toc-section\" id=\"%e2%9c%94%ef%b8%8fbetano\"><\/span><strong>\u2714\ufe0fBetano&nbsp;<\/strong><span class=\"ez-toc-section-end\"><\/span><\/h3>\n\n\n\n<p>Bono de 100% hasta S\/60 usando el c\u00f3digo promocional.<\/p>\n\n\n\n<h3 class=\"wp-block-heading\"><span class=\"ez-toc-section\" id=\"%e2%9c%94%ef%b8%8fbetsafe\"><\/span><strong>\u2714\ufe0fBetsafe&nbsp;<\/strong><span class=\"ez-toc-section-end\"><\/span><\/h3>\n\n\n\n<p>Bono de bienvenida del 50% hasta S\/500 usando el c\u00f3digo promocional.<\/p>\n\n\n\n<p><em>\u26a0\ufe0f Los c\u00f3digos promocionales se actualizan constantemente. Oddsium mantiene la informaci\u00f3n de cada oferta al d\u00eda para que siempre accedas a las promociones m\u00e1s recientes y confiables.<\/em><\/p>\n\n\n\n<h2 class=\"wp-block-heading\"><span class=\"ez-toc-section\" id=\"%c2%bfcomo-se-usa-un-codigo-promocional-correctamente\"><\/span><strong>\u00bfC\u00f3mo se usa un c\u00f3digo promocional correctamente?<\/strong><span class=\"ez-toc-section-end\"><\/span><\/h2>\n\n\n\n<p>Para aprovechar al m\u00e1ximo los c\u00f3digos promocionales en Per\u00fa este 2025, sigue estos simples pasos:<\/p>\n\n\n\n<p>1\ufe0f\u20e3Elija una casa de apuestas legales con licencia MINCETUR.<\/p>\n\n\n\n<p>2\ufe0f\u20e3Reg\u00edstrese y localice el campo para ingresar el c\u00f3digo promocional.<\/p>\n\n\n\n<p>3\ufe0f\u20e3Introduzca el c\u00f3digo exactamente como aparece, sin espacios ni errores.<\/p>\n\n\n\n<p>4\ufe0f\u20e3Realice su primer dep\u00f3sito si la promoci\u00f3n lo requiere.<\/p>\n\n\n\n<p>5\ufe0f\u20e3Activa el bono si no se aplica autom\u00e1ticamente.<\/p>\n\n\n\n<p>6\ufe0f\u20e3Lee los t\u00e9rminos y condiciones para entender los requisitos de apuesta y vigencia.<\/p>\n\n\n\n<p>7\ufe0f\u20e3Aprovecha las cuotas mejoradas y bonos para maximizar tus ganancias.<\/p>\n\n\n\n<p><em>\ud83d\udccc Este proceso asegura que el c\u00f3digo promocional funcione correctamente y que puedas sacar ventaja real de sus ofertas.<\/em><\/p>\n\n\n\n<h2 class=\"wp-block-heading\"><span class=\"ez-toc-section\" id=\"preguntas-frecuentes\"><\/span><strong>Preguntas frecuentes&nbsp;<\/strong><span class=\"ez-toc-section-end\"><\/span><\/h2>\n\n\n\n<h3 class=\"wp-block-heading\"><span class=\"ez-toc-section\" id=\"%c2%bfpuedo-usar-mas-de-un-codigo-promocional\"><\/span><strong>\u00bfPuedo usar m\u00e1s de un c\u00f3digo promocional?<\/strong><span class=\"ez-toc-section-end\"><\/span><\/h3>\n\n\n\n<p>No, las casas de apuestas legales en Per\u00fa permiten solo un c\u00f3digo promocional por usuario y cuenta para evitar abusos.<\/p>\n\n\n\n<h3 class=\"wp-block-heading\"><span class=\"ez-toc-section\" id=\"%c2%bfque-pasa-si-no-ingreso-el-codigo-promocional-al-registrarme\"><\/span><strong>\u00bfQu\u00e9 pasa si no ingreso el c\u00f3digo promocional al registrarme?<\/strong><span class=\"ez-toc-section-end\"><\/span><\/h3>\n\n\n\n<p>Si no accedes el c\u00f3digo promocional al hacer el registro o deposito en tu cuenta, no podr\u00e1s acceder a la oferta vinculada a ese c\u00f3digo.<\/p>\n\n\n\n<h3 class=\"wp-block-heading\"><span class=\"ez-toc-section\" id=\"%c2%bflos-codigos-promocionales-tienen-fecha-de-vencimiento\"><\/span><strong>\u00bfLos c\u00f3digos promocionales tienen fecha de vencimiento?<\/strong><span class=\"ez-toc-section-end\"><\/span><\/h3>\n\n\n\n<p>S\u00ed, generalmente tienen vigencia limitada. Por lo tanto, es importante utilizarlos dentro del plazo establecido.<\/p>\n\n\n\n<h3 class=\"wp-block-heading\"><span class=\"ez-toc-section\" id=\"%c2%bfpuedo-retirar-el-bono-inmediatamente\"><\/span><strong>\u00bfPuedo retirar el bono inmediatamente?<\/strong><span class=\"ez-toc-section-end\"><\/span><\/h3>\n\n\n\n<p>No, primero debes cumplir con los requisitos de apuesta estipulados por el sitio de apuestas que ofrece el c\u00f3digo promocional.<\/p>\n\n\n\n<h3 class=\"wp-block-heading\"><span class=\"ez-toc-section\" id=\"%c2%bfson-seguros-los-codigos-promocionales\"><\/span><strong>\u00bfSon seguros los c\u00f3digos promocionales?<\/strong><span class=\"ez-toc-section-end\"><\/span><\/h3>\n\n\n\n<p>S\u00ed, siempre que utilices plataformas con licencia oficial emitida por las autoridades peruanas y que cumplan con la regulaci\u00f3n vigente del pa\u00eds.<\/p>\n\n\n\n<h2 class=\"wp-block-heading\"><span class=\"ez-toc-section\" id=\"%f0%9f%8e%af%c2%bfpor-que-confiar-en-oddsium-para-obtener-codigos-promocionales\"><\/span><strong>\ud83c\udfaf\u00bfPor qu\u00e9 confiar en Oddsium para obtener c\u00f3digos promocionales?<\/strong><span class=\"ez-toc-section-end\"><\/span><\/h2>\n\n\n\n<p>Oddsium valida constantemente la vigencia, seguridad y condiciones de los c\u00f3digos promocionales en Per\u00fa. As\u00ed, se asegura de mostrarte solo ofertas leg\u00edtimas y confiables para tus jugadas. Adem\u00e1s, realizamos la <a href=\"https:\/\/oddsium.com\/pe\/odds\/\" title=\"\">mejor comparaci\u00f3n de cuotas en Per\u00fa en tiempo real <\/a>entre distintas casas de apuestas. De este modo, siempre puedes elegir las mejores opciones seg\u00fan tu perfil y mercado preferido. <\/p>\n\n\n\n<p>Con nosotros, evitas fraudes y maximizas tu experiencia de juego. Te damos solo promociones verificadas y actualizadas que te permiten ganar m\u00e1s.<\/p>\n\n\n\n<h3 class=\"wp-block-heading\"><span class=\"ez-toc-section\" id=\"%f0%9f%93%8cconsejo-final\"><\/span><strong>\ud83d\udcccConsejo final<\/strong><span class=\"ez-toc-section-end\"><\/span><\/h3>\n\n\n\n<p>Para apostar online de forma segura, usa solo c\u00f3digos promocionales de casas de apuestas con <a href=\"https:\/\/apuestasdeportivas.mincetur.gob.pe\/\" title=\"\">licencia MINCETUR en Per\u00fa<\/a> asi estar\u00e1s m\u00e1s seguro al momento de apostar. Lee siempre los t\u00e9rminos y condiciones, apuesta con responsabilidad y aprovecha las cuotas mejoradas para aumentar tus ganancias.<\/p>\n\n\n\n<p><\/p>\n","protected":false},"excerpt":{"rendered":"<p>Para obtener buenas ganancias en tus apuestas deportivas desde Per\u00fa, no basta solo con confiar en la intuici\u00f3n. Por eso, es fundamental aprender a usar las herramientas que ofrece el mercado hoy en d\u00eda. Existen muchos codigos promocionales que le permiten al apostador peruano duplicar su plata, transformando una apuesta com\u00fan en una gran oportunidad. [&hellip;]<\/p>\n","protected":false},"author":12,"featured_media":408,"parent":89,"menu_order":0,"comment_status":"closed","ping_status":"closed","template":"betting.php","meta":{"_acf_changed":true,"om_disable_all_campaigns":false,"footnotes":""},"class_list":["post-234","page","type-page","status-publish","has-post-thumbnail","hentry"],"acf":[],"aioseo_notices":[],"_links":{"self":[{"href":"https:\/\/oddsium.com\/pe\/wp-json\/wp\/v2\/pages\/234","targetHints":{"allow":["GET"]}}],"collection":[{"href":"https:\/\/oddsium.com\/pe\/wp-json\/wp\/v2\/pages"}],"about":[{"href":"https:\/\/oddsium.com\/pe\/wp-json\/wp\/v2\/types\/page"}],"author":[{"embeddable":true,"href":"https:\/\/oddsium.com\/pe\/wp-json\/wp\/v2\/users\/12"}],"replies":[{"embeddable":true,"href":"https:\/\/oddsium.com\/pe\/wp-json\/wp\/v2\/comments?post=234"}],"version-history":[{"count":3,"href":"https:\/\/oddsium.com\/pe\/wp-json\/wp\/v2\/pages\/234\/revisions"}],"predecessor-version":[{"id":3588,"href":"https:\/\/oddsium.com\/pe\/wp-json\/wp\/v2\/pages\/234\/revisions\/3588"}],"up":[{"embeddable":true,"href":"https:\/\/oddsium.com\/pe\/wp-json\/wp\/v2\/pages\/89"}],"wp:featuredmedia":[{"embeddable":true,"href":"https:\/\/oddsium.com\/pe\/wp-json\/wp\/v2\/media\/408"}],"wp:attachment":[{"href":"https:\/\/oddsium.com\/pe\/wp-json\/wp\/v2\/media?parent=234"}],"curies":[{"name":"wp","href":"https:\/\/api.w.org\/{rel}","templated":true}]}}