{"id":235,"date":"2025-05-22T08:38:18","date_gmt":"2025-05-22T08:38:18","guid":{"rendered":"https:\/\/oddsium.wpenginepowered.com\/pe\/?page_id=235"},"modified":"2025-09-06T02:54:15","modified_gmt":"2025-09-06T02:54:15","slug":"comparacion-de-las-mejores-cuotas-de-tenis","status":"publish","type":"page","link":"https:\/\/oddsium.com\/pe\/odds\/comparacion-de-las-mejores-cuotas-de-tenis\/","title":{"rendered":"Comparaci\u00f3n de las mejores cuotas de tenis"},"content":{"rendered":"\n<p>Las apuestas en tenis cada vez ganan m\u00e1s aficionados. Por eso, comparar cuotas de diferentes casas de apuestas es fundamental. Esta pr\u00e1ctica te permite maximizar tus ganancias al elegir las mejores opciones disponibles. No basta con aceptar cualquier cuota; identificar la opci\u00f3n con mayor valor marca la diferencia.<\/p>\n\n\n\n<p>En Oddsium, te ayudamos a encontrar las cuotas m\u00e1s altas y los mejores mercados para que tus apuestas sean m\u00e1s  rentables. Aqu\u00ed te contamos c\u00f3mo hacerlo paso a paso para que juegues con estrategia y no solo con instinto.<\/p>\n\n\n\n<div id=\"ez-toc-container\" class=\"ez-toc-v2_0_81 counter-hierarchy ez-toc-counter ez-toc-grey ez-toc-container-direction\">\n<div class=\"ez-toc-title-container\">\n<p class=\"ez-toc-title\" style=\"cursor:inherit\">Table of Contents<\/p>\n<span class=\"ez-toc-title-toggle\"><a href=\"#\" class=\"ez-toc-pull-right ez-toc-btn ez-toc-btn-xs ez-toc-btn-default ez-toc-toggle\" aria-label=\"Toggle Table of Content\"><span class=\"ez-toc-js-icon-con\"><span class=\"\"><span class=\"eztoc-hide\" style=\"display:none;\">Toggle<\/span><span class=\"ez-toc-icon-toggle-span\"><svg style=\"fill: #999;color:#999\" xmlns=\"http:\/\/www.w3.org\/2000\/svg\" class=\"list-377408\" width=\"20px\" height=\"20px\" viewBox=\"0 0 24 24\" fill=\"none\"><path d=\"M6 6H4v2h2V6zm14 0H8v2h12V6zM4 11h2v2H4v-2zm16 0H8v2h12v-2zM4 16h2v2H4v-2zm16 0H8v2h12v-2z\" fill=\"currentColor\"><\/path><\/svg><svg style=\"fill: #999;color:#999\" class=\"arrow-unsorted-368013\" xmlns=\"http:\/\/www.w3.org\/2000\/svg\" width=\"10px\" height=\"10px\" viewBox=\"0 0 24 24\" version=\"1.2\" baseProfile=\"tiny\"><path d=\"M18.2 9.3l-6.2-6.3-6.2 6.3c-.2.2-.3.4-.3.7s.1.5.3.7c.2.2.4.3.7.3h11c.3 0 .5-.1.7-.3.2-.2.3-.5.3-.7s-.1-.5-.3-.7zM5.8 14.7l6.2 6.3 6.2-6.3c.2-.2.3-.5.3-.7s-.1-.5-.3-.7c-.2-.2-.4-.3-.7-.3h-11c-.3 0-.5.1-.7.3-.2.2-.3.5-.3.7s.1.5.3.7z\"\/><\/svg><\/span><\/span><\/span><\/a><\/span><\/div>\n<nav><ul class='ez-toc-list ez-toc-list-level-1 ' ><li class='ez-toc-page-1 ez-toc-heading-level-2'><a class=\"ez-toc-link ez-toc-heading-1\" href=\"https:\/\/oddsium.com\/pe\/odds\/comparacion-de-las-mejores-cuotas-de-tenis\/#%c2%bfpor-que-es-vital-comparar-cuotas-en-tenis\" >\u00bfPor qu\u00e9 es vital comparar cuotas en tenis?<\/a><\/li><li class='ez-toc-page-1 ez-toc-heading-level-2'><a class=\"ez-toc-link ez-toc-heading-2\" href=\"https:\/\/oddsium.com\/pe\/odds\/comparacion-de-las-mejores-cuotas-de-tenis\/#mercados-clave-para-comparar-cuotas-en-tenis\" >Mercados clave para comparar cuotas en tenis<\/a><\/li><li class='ez-toc-page-1 ez-toc-heading-level-2'><a class=\"ez-toc-link ez-toc-heading-3\" href=\"https:\/\/oddsium.com\/pe\/odds\/comparacion-de-las-mejores-cuotas-de-tenis\/#casas-de-apuestas-para-apostar-en-tenis-desde-peru\" >casas de apuestas para apostar en tenis desde Per\u00fa<\/a><\/li><li class='ez-toc-page-1 ez-toc-heading-level-2'><a class=\"ez-toc-link ez-toc-heading-4\" href=\"https:\/\/oddsium.com\/pe\/odds\/comparacion-de-las-mejores-cuotas-de-tenis\/#beneficios-de-usar-oddsium-al-comparar-cuotas-en-tenis\" >Beneficios de usar Oddsium al comparar cuotas en tenis<\/a><\/li><\/ul><\/nav><\/div>\n<h2 class=\"wp-block-heading\"><span class=\"ez-toc-section\" id=\"%c2%bfpor-que-es-vital-comparar-cuotas-en-tenis\"><\/span><strong>\u00bfPor qu\u00e9 es vital comparar cuotas en tenis?<\/strong><span class=\"ez-toc-section-end\"><\/span><\/h2>\n\n\n\n<p>Las apuestas de tenis son perfectas para quienes disfrutan de los juegos de mucha elegancia y estad\u00edstica. A diferencia de otros deportes, los mercados en tenis suelen ser \u00abdipolos\u00bb. Esto significa que, en la mayor\u00eda de las apuestas, solo hay dos opciones claras y opuestas.&nbsp;<\/p>\n\n\n\n<p>Por ejemplo, en un partido, puedes apostar a que gane el jugador A o el jugador B. No hay empate ni opciones intermedias. Esto hace que las apuestas sean m\u00e1s directas, pero tambi\u00e9n que la diferencia en las cuotas sea fundamental para aumentar tus ganancias.<\/p>\n\n\n\n<p>Si eres novato en las apuestas de tenis, puedes revisar nuestra <a href=\"https:\/\/oddsium.com\/pe\/guides\/guia-de-apuestas-de-tenis-para-principiantes\/\" title=\"gu\u00eda de apuestas de tenis para principiantes\">gu\u00eda de apuestas de tenis para principiantes<\/a>&nbsp;te ayudar\u00e1 a entender lo b\u00e1sico y a apostar con confianza. Aprende las claves del juego y mejora tus chances de ganar de manera sencilla y pr\u00e1ctica.<\/p>\n\n\n\n<h2 class=\"wp-block-heading\"><span class=\"ez-toc-section\" id=\"mercados-clave-para-comparar-cuotas-en-tenis\"><\/span><strong>Mercados clave para comparar cuotas en tenis<\/strong><span class=\"ez-toc-section-end\"><\/span><\/h2>\n\n\n\n<figure class=\"wp-block-image size-large\"><img loading=\"lazy\" decoding=\"async\" width=\"1024\" height=\"684\" src=\"https:\/\/oddsium.com\/pe\/wp-content\/uploads\/sites\/6\/2025\/09\/implementos-para-jugar-tenis-en-Peru-1024x684.jpg\" alt=\"implementos para jugar tenis desde Per\u00fa\" class=\"wp-image-652\" srcset=\"https:\/\/oddsium.com\/pe\/wp-content\/uploads\/sites\/6\/2025\/09\/implementos-para-jugar-tenis-en-Peru-1024x684.jpg 1024w, https:\/\/oddsium.com\/pe\/wp-content\/uploads\/sites\/6\/2025\/09\/implementos-para-jugar-tenis-en-Peru-300x200.jpg 300w, https:\/\/oddsium.com\/pe\/wp-content\/uploads\/sites\/6\/2025\/09\/implementos-para-jugar-tenis-en-Peru-768x513.jpg 768w, https:\/\/oddsium.com\/pe\/wp-content\/uploads\/sites\/6\/2025\/09\/implementos-para-jugar-tenis-en-Peru.jpg 1280w\" sizes=\"auto, (max-width: 1024px) 100vw, 1024px\" \/><\/figure>\n\n\n\n<p>Para hacer una buena <a href=\"https:\/\/oddsium.com\/pe\/odds\/\" title=\"\">comparaci\u00f3n de las mejores cuotas de tenis en per\u00fa<\/a>, es fundamental entender cu\u00e1les mercados son los m\u00e1s rentables y c\u00f3mo funcionan. Aqu\u00ed te dejo una gu\u00eda:<\/p>\n\n\n\n<figure class=\"wp-block-table\"><table class=\"has-fixed-layout\"><tbody><tr><td><strong>Mercados<\/strong><\/td><td><strong>\u00bfQu\u00e9 significa?<\/strong><\/td><\/tr><tr><td>Ganador del partido<\/td><td>La apuesta m\u00e1s usada, ya que eliges qui\u00e9n crees que ganar\u00e1 el partido.&nbsp;<\/td><\/tr><tr><td>Total de juegos (M\u00e1s\/Menos)<\/td><td>Apuestas si el total de juegos ser\u00e1 mayor o menor a un n\u00famero determinado. Ideal si conoces datos de servicio y quiebres.<\/td><\/tr><tr><td>Marcador exacto en sets<\/td><td>Apuestas por el resultado exacto en sets (por ejemplo, 3-1). Con cuotas altas pero riesgos mayores.<\/td><\/tr><tr><td>Ganador del primer set \/ tie-break<\/td><td>Perfecto para quienes siguen el inicio del partido. Cuotas atractivas para apuestas r\u00e1pidas y estrat\u00e9gicas.<\/td><\/tr><tr><td>Especiales para jugadores<\/td><td>Apuestas como n\u00famero de aces, dobles faltas o puntos ganados en la red, disponibles en partidos importantes con cuotas que var\u00edan mucho entre casas de apuesta.<\/td><\/tr><\/tbody><\/table><\/figure>\n\n\n\n<p><em>\ud83d\udccc Una variaci\u00f3n en la cuota puede transformar tu apuesta en un premio muchos soles extra.<\/em><\/p>\n\n\n\n<h2 class=\"wp-block-heading\"><span class=\"ez-toc-section\" id=\"casas-de-apuestas-para-apostar-en-tenis-desde-peru\"><\/span><strong>casas de apuestas para apostar en tenis desde Per\u00fa<\/strong><span class=\"ez-toc-section-end\"><\/span><\/h2>\n\n\n\n<p>No todas las opciones ofrecen cuotas competitivas y promociones especiales para tenis. Por eso, aqu\u00ed te dejamos algunas de las casas de apuestas con <a href=\"https:\/\/apuestasdeportivas.mincetur.gob.pe\/\" title=\"\">licencia de MINCETUR<\/a> en Per\u00fa, donde podr\u00e1s apostar de forma segura en Tenis.<\/p>\n\n\n\n<div class=\"wp-block-columns is-layout-flex wp-container-core-columns-is-layout-9d6595d7 wp-block-columns-is-layout-flex\">\n<div class=\"wp-block-column is-layout-flow wp-block-column-is-layout-flow\" style=\"flex-basis:25%\">\n<p><strong>\u2705Betsson<\/strong><\/p>\n<\/div>\n\n\n\n<div class=\"wp-block-column is-layout-flow wp-block-column-is-layout-flow\" style=\"flex-basis:25%\">\n<p><strong>\u2705Inkabet<\/strong><\/p>\n<\/div>\n\n\n\n<div class=\"wp-block-column is-layout-flow wp-block-column-is-layout-flow\" style=\"flex-basis:25%\">\n<p><strong>\u2705Betano<\/strong><\/p>\n<\/div>\n\n\n\n<div class=\"wp-block-column is-layout-flow wp-block-column-is-layout-flow\" style=\"flex-basis:25%\">\n<p><strong>\u2705Betsafe<\/strong><\/p>\n<\/div>\n<\/div>\n\n\n\n<p>Estos sitios de apuesta suelen ofrecer cuotas que est\u00e1n entre las mejores del mercado peruano. Recuerda siempre revisar las condiciones de los bonos y apostar con responsabilidad.<\/p>\n\n\n\n<h2 class=\"wp-block-heading\"><span class=\"ez-toc-section\" id=\"beneficios-de-usar-oddsium-al-comparar-cuotas-en-tenis\"><\/span><strong>Beneficios de usar Oddsium al comparar cuotas en tenis<\/strong><span class=\"ez-toc-section-end\"><\/span><\/h2>\n\n\n\n<p>Oddsium es la herramienta definitiva para apostadores peruanos que buscan consistencia y ganancias en tenis. As\u00ed funciona:<\/p>\n\n\n\n<p>\ud83d\udd38Compara cuotas de todos los torneos importantes: ATP, WTA, Grand Slams y Challengers.<\/p>\n\n\n\n<p>\ud83d\udd38Encuentra el mejor precio para el punto que te interesa en tiempo real.<\/p>\n\n\n\n<p>\ud83d\udd38Te muestra d\u00f3nde est\u00e1 el mayor valor, bas\u00e1ndote en estrategia y no en la suerte.<\/p>\n\n\n\n<p><em>\ud83d\udccc Oddsium ofrece an\u00e1lisis y pron\u00f3sticos que complementan la comparaci\u00f3n de cuotas para que tomes decisiones informadas.<\/em><\/p>\n","protected":false},"excerpt":{"rendered":"<p>Las apuestas en tenis cada vez ganan m\u00e1s aficionados. Por eso, comparar cuotas de diferentes casas de apuestas es fundamental. Esta pr\u00e1ctica te permite maximizar tus ganancias al elegir las mejores opciones disponibles. No basta con aceptar cualquier cuota; identificar la opci\u00f3n con mayor valor marca la diferencia. En Oddsium, te ayudamos a encontrar las [&hellip;]<\/p>\n","protected":false},"author":3,"featured_media":441,"parent":90,"menu_order":0,"comment_status":"closed","ping_status":"closed","template":"sports.php","meta":{"_acf_changed":false,"om_disable_all_campaigns":false,"footnotes":""},"class_list":["post-235","page","type-page","status-publish","has-post-thumbnail","hentry"],"acf":[],"aioseo_notices":[],"_links":{"self":[{"href":"https:\/\/oddsium.com\/pe\/wp-json\/wp\/v2\/pages\/235","targetHints":{"allow":["GET"]}}],"collection":[{"href":"https:\/\/oddsium.com\/pe\/wp-json\/wp\/v2\/pages"}],"about":[{"href":"https:\/\/oddsium.com\/pe\/wp-json\/wp\/v2\/types\/page"}],"author":[{"embeddable":true,"href":"https:\/\/oddsium.com\/pe\/wp-json\/wp\/v2\/users\/3"}],"replies":[{"embeddable":true,"href":"https:\/\/oddsium.com\/pe\/wp-json\/wp\/v2\/comments?post=235"}],"version-history":[{"count":0,"href":"https:\/\/oddsium.com\/pe\/wp-json\/wp\/v2\/pages\/235\/revisions"}],"up":[{"embeddable":true,"href":"https:\/\/oddsium.com\/pe\/wp-json\/wp\/v2\/pages\/90"}],"wp:featuredmedia":[{"embeddable":true,"href":"https:\/\/oddsium.com\/pe\/wp-json\/wp\/v2\/media\/441"}],"wp:attachment":[{"href":"https:\/\/oddsium.com\/pe\/wp-json\/wp\/v2\/media?parent=235"}],"curies":[{"name":"wp","href":"https:\/\/api.w.org\/{rel}","templated":true}]}}