{"id":251,"date":"2025-05-22T08:59:42","date_gmt":"2025-05-22T08:59:42","guid":{"rendered":"https:\/\/oddsium.wpenginepowered.com\/pe\/?page_id=251"},"modified":"2026-04-08T07:28:31","modified_gmt":"2026-04-08T12:28:31","slug":"cookie-policy","status":"publish","type":"page","link":"https:\/\/oddsium.com\/pe\/cookie-policy\/","title":{"rendered":"Pol\u00edtica de cookies"},"content":{"rendered":"\n<p><strong>\u00daltima actualizaci\u00f3n:<\/strong> 8\/4-2026<\/p>\n\n\n\n<p>Esta Pol\u00edtica de Cookies se aplica al sitio web oddsium.com\/pe\/, operado por Oddsium Ltd (\u00abOddsium\u00bb, \u00abnosotros\u00bb).<\/p>\n\n\n\n<div id=\"ez-toc-container\" class=\"ez-toc-v2_0_81 counter-hierarchy ez-toc-counter ez-toc-grey ez-toc-container-direction\">\n<div class=\"ez-toc-title-container\">\n<p class=\"ez-toc-title\" style=\"cursor:inherit\">Table of Contents<\/p>\n<span class=\"ez-toc-title-toggle\"><a href=\"#\" class=\"ez-toc-pull-right ez-toc-btn ez-toc-btn-xs ez-toc-btn-default ez-toc-toggle\" aria-label=\"Toggle Table of Content\"><span class=\"ez-toc-js-icon-con\"><span class=\"\"><span class=\"eztoc-hide\" style=\"display:none;\">Toggle<\/span><span class=\"ez-toc-icon-toggle-span\"><svg style=\"fill: #999;color:#999\" xmlns=\"http:\/\/www.w3.org\/2000\/svg\" class=\"list-377408\" width=\"20px\" height=\"20px\" viewBox=\"0 0 24 24\" fill=\"none\"><path d=\"M6 6H4v2h2V6zm14 0H8v2h12V6zM4 11h2v2H4v-2zm16 0H8v2h12v-2zM4 16h2v2H4v-2zm16 0H8v2h12v-2z\" fill=\"currentColor\"><\/path><\/svg><svg style=\"fill: #999;color:#999\" class=\"arrow-unsorted-368013\" xmlns=\"http:\/\/www.w3.org\/2000\/svg\" width=\"10px\" height=\"10px\" viewBox=\"0 0 24 24\" version=\"1.2\" baseProfile=\"tiny\"><path d=\"M18.2 9.3l-6.2-6.3-6.2 6.3c-.2.2-.3.4-.3.7s.1.5.3.7c.2.2.4.3.7.3h11c.3 0 .5-.1.7-.3.2-.2.3-.5.3-.7s-.1-.5-.3-.7zM5.8 14.7l6.2 6.3 6.2-6.3c.2-.2.3-.5.3-.7s-.1-.5-.3-.7c-.2-.2-.4-.3-.7-.3h-11c-.3 0-.5.1-.7.3-.2.2-.3.5-.3.7s.1.5.3.7z\"\/><\/svg><\/span><\/span><\/span><\/a><\/span><\/div>\n<nav><ul class='ez-toc-list ez-toc-list-level-1 ' ><li class='ez-toc-page-1 ez-toc-heading-level-2'><a class=\"ez-toc-link ez-toc-heading-1\" href=\"https:\/\/oddsium.com\/pe\/cookie-policy\/#%c2%bfque-son-las-cookies\" >\u00bfQu\u00e9 son las cookies?<\/a><\/li><li class='ez-toc-page-1 ez-toc-heading-level-2'><a class=\"ez-toc-link ez-toc-heading-2\" href=\"https:\/\/oddsium.com\/pe\/cookie-policy\/#%c2%bfque-tipos-de-cookies-utilizamos\" >\u00bfQu\u00e9 tipos de cookies utilizamos?<\/a><ul class='ez-toc-list-level-3' ><li class='ez-toc-heading-level-3'><a class=\"ez-toc-link ez-toc-heading-3\" href=\"https:\/\/oddsium.com\/pe\/cookie-policy\/#1-cookies-necesarias\" >1. Cookies necesarias<\/a><\/li><li class='ez-toc-page-1 ez-toc-heading-level-3'><a class=\"ez-toc-link ez-toc-heading-4\" href=\"https:\/\/oddsium.com\/pe\/cookie-policy\/#2-cookies-de-analisis\" >2. Cookies de an\u00e1lisis<\/a><\/li><li class='ez-toc-page-1 ez-toc-heading-level-3'><a class=\"ez-toc-link ez-toc-heading-5\" href=\"https:\/\/oddsium.com\/pe\/cookie-policy\/#3-cookies-de-marketing\" >3. Cookies de marketing<\/a><\/li><\/ul><\/li><li class='ez-toc-page-1 ez-toc-heading-level-2'><a class=\"ez-toc-link ez-toc-heading-6\" href=\"https:\/\/oddsium.com\/pe\/cookie-policy\/#cookies-de-terceros\" >Cookies de terceros<\/a><\/li><li class='ez-toc-page-1 ez-toc-heading-level-2'><a class=\"ez-toc-link ez-toc-heading-7\" href=\"https:\/\/oddsium.com\/pe\/cookie-policy\/#uso-de-datos\" >Uso de datos<\/a><\/li><li class='ez-toc-page-1 ez-toc-heading-level-2'><a class=\"ez-toc-link ez-toc-heading-8\" href=\"https:\/\/oddsium.com\/pe\/cookie-policy\/#gestion-de-cookies\" >Gesti\u00f3n de cookies<\/a><\/li><li class='ez-toc-page-1 ez-toc-heading-level-2'><a class=\"ez-toc-link ez-toc-heading-9\" href=\"https:\/\/oddsium.com\/pe\/cookie-policy\/#cambios-en-esta-politica\" >Cambios en esta pol\u00edtica<\/a><\/li><li class='ez-toc-page-1 ez-toc-heading-level-2'><a class=\"ez-toc-link ez-toc-heading-10\" href=\"https:\/\/oddsium.com\/pe\/cookie-policy\/#contacto\" >Contacto<\/a><\/li><\/ul><\/nav><\/div>\n<h2 class=\"wp-block-heading\"><span class=\"ez-toc-section\" id=\"%c2%bfque-son-las-cookies\"><\/span>\u00bfQu\u00e9 son las cookies?<span class=\"ez-toc-section-end\"><\/span><\/h2>\n\n\n\n<p>Las cookies son peque\u00f1os archivos de texto que se almacenan en tu dispositivo cuando visitas un sitio web.<\/p>\n\n\n\n<h2 class=\"wp-block-heading\"><span class=\"ez-toc-section\" id=\"%c2%bfque-tipos-de-cookies-utilizamos\"><\/span>\u00bfQu\u00e9 tipos de cookies utilizamos?<span class=\"ez-toc-section-end\"><\/span><\/h2>\n\n\n\n<h3 class=\"wp-block-heading\"><span class=\"ez-toc-section\" id=\"1-cookies-necesarias\"><\/span>1. Cookies necesarias<span class=\"ez-toc-section-end\"><\/span><\/h3>\n\n\n\n<p>Son esenciales para el funcionamiento del Sitio y no pueden desactivarse.<\/p>\n\n\n\n<h3 class=\"wp-block-heading\"><span class=\"ez-toc-section\" id=\"2-cookies-de-analisis\"><\/span>2. Cookies de an\u00e1lisis<span class=\"ez-toc-section-end\"><\/span><\/h3>\n\n\n\n<p>Nos permiten entender c\u00f3mo los usuarios interact\u00faan con el Sitio (por ejemplo, mediante herramientas como Google Analytics).<\/p>\n\n\n\n<h3 class=\"wp-block-heading\"><span class=\"ez-toc-section\" id=\"3-cookies-de-marketing\"><\/span>3. Cookies de marketing<span class=\"ez-toc-section-end\"><\/span><\/h3>\n\n\n\n<p>Se utilizan para mostrar anuncios relevantes y medir la efectividad de campa\u00f1as. Podemos trabajar con terceros como Google, Meta (Facebook) y TikTok.<\/p>\n\n\n\n<h2 class=\"wp-block-heading\"><span class=\"ez-toc-section\" id=\"cookies-de-terceros\"><\/span>Cookies de terceros<span class=\"ez-toc-section-end\"><\/span><\/h2>\n\n\n\n<p>Algunas cookies son gestionadas por terceros. Oddsium no controla directamente estas cookies y recomendamos revisar sus pol\u00edticas.<\/p>\n\n\n\n<h2 class=\"wp-block-heading\"><span class=\"ez-toc-section\" id=\"uso-de-datos\"><\/span>Uso de datos<span class=\"ez-toc-section-end\"><\/span><\/h2>\n\n\n\n<p>Oddsium Ltd puede recopilar y utilizar datos obtenidos a trav\u00e9s de cookies para an\u00e1lisis, mejora del servicio y fines de marketing, incluyendo remarketing.<\/p>\n\n\n\n<h2 class=\"wp-block-heading\"><span class=\"ez-toc-section\" id=\"gestion-de-cookies\"><\/span>Gesti\u00f3n de cookies<span class=\"ez-toc-section-end\"><\/span><\/h2>\n\n\n\n<p>Puedes aceptar o rechazar cookies a trav\u00e9s de nuestro banner de cookies o configurar tu navegador para bloquearlas o eliminarlas.<\/p>\n\n\n\n<h2 class=\"wp-block-heading\"><span class=\"ez-toc-section\" id=\"cambios-en-esta-politica\"><\/span>Cambios en esta pol\u00edtica<span class=\"ez-toc-section-end\"><\/span><\/h2>\n\n\n\n<p>Oddsium puede actualizar esta Pol\u00edtica de Cookies en cualquier momento.<\/p>\n\n\n\n<h2 class=\"wp-block-heading\"><span class=\"ez-toc-section\" id=\"contacto\"><\/span>Contacto<span class=\"ez-toc-section-end\"><\/span><\/h2>\n\n\n\n<p>Para m\u00e1s informaci\u00f3n, cont\u00e1ctanos en info@oddsium.com.<\/p>\n","protected":false},"excerpt":{"rendered":"<p>\u00daltima actualizaci\u00f3n: 8\/4-2026 Esta Pol\u00edtica de Cookies se aplica al sitio web oddsium.com\/pe\/, operado por Oddsium Ltd (\u00abOddsium\u00bb, \u00abnosotros\u00bb). \u00bfQu\u00e9 son las cookies? Las cookies son peque\u00f1os archivos de texto que se almacenan en tu dispositivo cuando visitas un sitio web. \u00bfQu\u00e9 tipos de cookies utilizamos? 1. Cookies necesarias Son esenciales para el funcionamiento del [&hellip;]<\/p>\n","protected":false},"author":3,"featured_media":246,"parent":0,"menu_order":0,"comment_status":"closed","ping_status":"closed","template":"","meta":{"_acf_changed":false,"om_disable_all_campaigns":false,"footnotes":""},"class_list":["post-251","page","type-page","status-publish","has-post-thumbnail","hentry"],"acf":[],"aioseo_notices":[],"_links":{"self":[{"href":"https:\/\/oddsium.com\/pe\/wp-json\/wp\/v2\/pages\/251","targetHints":{"allow":["GET"]}}],"collection":[{"href":"https:\/\/oddsium.com\/pe\/wp-json\/wp\/v2\/pages"}],"about":[{"href":"https:\/\/oddsium.com\/pe\/wp-json\/wp\/v2\/types\/page"}],"author":[{"embeddable":true,"href":"https:\/\/oddsium.com\/pe\/wp-json\/wp\/v2\/users\/3"}],"replies":[{"embeddable":true,"href":"https:\/\/oddsium.com\/pe\/wp-json\/wp\/v2\/comments?post=251"}],"version-history":[{"count":1,"href":"https:\/\/oddsium.com\/pe\/wp-json\/wp\/v2\/pages\/251\/revisions"}],"predecessor-version":[{"id":4709,"href":"https:\/\/oddsium.com\/pe\/wp-json\/wp\/v2\/pages\/251\/revisions\/4709"}],"wp:featuredmedia":[{"embeddable":true,"href":"https:\/\/oddsium.com\/pe\/wp-json\/wp\/v2\/media\/246"}],"wp:attachment":[{"href":"https:\/\/oddsium.com\/pe\/wp-json\/wp\/v2\/media?parent=251"}],"curies":[{"name":"wp","href":"https:\/\/api.w.org\/{rel}","templated":true}]}}